{"id":1229,"date":"2024-07-23T09:55:05","date_gmt":"2024-07-23T07:55:05","guid":{"rendered":"https:\/\/wi.pb.edu.pl\/p\/?page_id=1229"},"modified":"2024-07-23T09:55:05","modified_gmt":"2024-07-23T07:55:05","slug":"prace-dyplomowe","status":"publish","type":"page","link":"https:\/\/wi.pb.edu.pl\/p\/jacek-grekow\/prace-dyplomowe\/","title":{"rendered":"Prace dyplomowe"},"content":{"rendered":"<p class=\"menu\">Aktualne prace magisterskie:<\/p>\n<ul>\n<li>Awramiuk Pawe\u0142 &#8211; Detekcja stylu muzycznego w utworach audio z u\u017cyciem sieci neuronowych<\/li>\n<li>Wr\u00f3bel Aleksandra &#8211; Generowanie muzyki MIDI z dan\u0105 emocj\u0105<\/li>\n<li>Wroblewska Joanna &#8211; Rozpoznawanie emocji w plikach MIDI<\/li>\n<\/ul>\n<p class=\"menu\">Aktualne prace in\u017cynierskie\/licencjackie:<\/p>\n<ul>\n<li>Zajkowski Wojciech &#8211; Rozpoznawanie funkcji harmonicznych w plikach MIDI<\/li>\n<li>&#8230;<\/li>\n<\/ul>\n<hr>\n<table class=\"cala-szer\">\n<tbody>\n<tr>\n<td>\n<p class=\"menu\">Tematy na przysz\u0142e prace dyplomowe magisterskie\/in\u017cynierskie: zagadnienia z MIR (Music Information Retrieval):<\/p>\n<p>Wymagania: zainteresowanie tematem badania plik\u00f3w muzycznych<\/p>\n<ul>\n<li>Rozpoznawanie rodzaju ta\u0144ca pliku audio na podstawie rytmu<\/li>\n<li>Separacja cz\u0119\u015bci rytmicznej od sygna\u0142u audio<\/li>\n<li>Generowanie listy odtwarzania plik\u00f3w;<\/li>\n<li>Wykrywanie podobie\u0144stw mi\u0119dzy utworami;<\/li>\n<li>Odnajdywanie cover\u00f3w;<\/li>\n<li>Detekcja akord\u00f3w i melodii;<\/li>\n<li>Wizualizacja muzyki;<\/li>\n<li>Okre\u015blanie tempa utwor\u00f3w;<\/li>\n<li>Analiza plik\u00f3w muzycznych, budowa mapy (SOM) biblioteki muzycznej ;<\/li>\n<li>Detekcja emocji;<\/li>\n<li>Wizualizacja struktury plik\u00f3w muzycznych;<\/li>\n<li>Segmentacja utworu muzycznego &#8211; analiza struktury;<\/li>\n<li>Automatyczna budowa pokazu slajd\u00f3w na podstawie tekstu utworu muzycznego;<\/li>\n<li>Konwersja plik\u00f3w audio na MIDI;<\/li>\n<\/ul>\n<p>\u0179r\u00f3d\u0142o informacji na stronie&nbsp;<a href=\"http:\/\/www.ismir.net\/\">http:\/\/www.ismir.net<\/a><\/p>\n<p>Inne \u017cr\u00f3d\u0142o:&nbsp;<a href=\"http:\/\/dblp.uni-trier.de\/db\/conf\/ismir\/index.html\">http:\/\/dblp.uni-trier.de\/db\/conf\/ismir\/index.html<\/a><\/p>\n<p>Mir-datasets repository&nbsp;<a href=\"http:\/\/www.ismir.net\/resources\/datasets\/\">http:\/\/www.ismir.net\/resources\/datasets\/<\/a><\/td>\n<\/tr>\n<tr>\n<td>\n<p class=\"menu\">Tematy na przysz\u0142e prace dyplomowe magisterskie\/in\u017cynierskie dotycz\u0105ce zagadnie\u0144 deep learning i maszynowego uczenia:<\/p>\n<ul>\n<li>Budowa sieci neuronowych &#8211; Deep learning<\/li>\n<li>Generowanie muzyki<\/li>\n<li>Zastosowanie deep learning do wydobywania informacji z muzyki<\/li>\n<li>Recurrent neural networks (RNN)<\/li>\n<li>Autoencoders (AE, Variational AutoEncoder &#8211; VAE, CVAE)<\/li>\n<li>GAN<\/li>\n<li>itp. &#8230;<\/li>\n<\/ul>\n<\/td>\n<\/tr>\n<tr>\n<td>\n<p class=\"menu\">Tematy na przysz\u0142e prace dyplomowe magisterskie\/in\u017cynierskie z u\u017cyciem IBM Domino:<\/p>\n<ul>\n<li>Aplikacje dotyczce elektronicznego obiegu dokument\u00f3w na platformie IBM Lotus Notes;<\/li>\n<li>IBM Lotus Domino;<\/li>\n<\/ul>\n<p>Mo\u017cliwo\u015b\u0107 wsp\u00f3\u0142pracy z firm\u0105&nbsp;<a href=\"http:\/\/www.computerplus.com.pl\/\">T-matic Grupa Computer Plus<\/a><\/td>\n<\/tr>\n<\/tbody>\n<\/table>\n<hr>\n<p class=\"menu\">Zako\u0144czone prace magisterskie:<\/p>\n<ul>\n<li>Wasiluk Maksymilian (2023) &#8211; Detekcja emocji w plikach muzycznych<\/li>\n<li>Jakub Mi\u0142kowski (2023) &#8211; Por\u00f3wnanie podej\u015b\u0107 do projektowania wsp\u00f3\u0142czesnych API<\/li>\n<li>Szeligowski Tomasz (2022) &#8211; Wydajno\u015b\u0107 kolekcji w j\u0119zyku Java<\/li>\n<li>Jakub Zrajkowski (2021) &#8211; Detekcja tonacji w plikach muzycznych<\/li>\n<li>Piotr \u015aliwowski (2020) &#8211; Kontenery IoC na platformie .NET Core<\/li>\n<li>Michal Dargiewicz (2020) &#8211; Od\u015bmiecanie pami\u0119ci w j\u0119zyku Java<\/li>\n<li>Marek Rubczewski (2018) &#8211; Wizualizacja muzyki przy pomocy grafiki 3D<\/li>\n<li>Piotr G\u00f3rnik (2018) &#8211; Narz\u0119dzia wstrzykiwania zale\u017cno\u015bci na platformie .NET<\/li>\n<li>Micha\u0142 W\u00f3jcik (2018) &#8211; Steganografia w plikach d\u017awi\u0119kowych<\/li>\n<li>Sebastian Wierzbicki (2018) &#8211; Por\u00f3wnanie wydajno\u015bci framework\u00f3w do mapowania obiektowo-relacyjnego<\/li>\n<li>Micha\u0142 Patejko (2018) &#8211; Por\u00f3wnanie programowania synchronicznego i asynchronicznego w systemach rozproszonych<\/li>\n<li>Pawe\u0142 Jakoniuk (2018) &#8211; Wp\u0142yw ryzykownych technik pozycjonowania na pozycj\u0119 strony w wyszukiwarce<\/li>\n<li>Micha\u0142 Kruszewski (2018) &#8211; Rozpoznawanie tonacji utworu muzycznego<\/li>\n<li>Piotr Niewi\u0144ski (2017) &#8211; Por\u00f3wnanie wydajno\u015bci baz danych w systemie Android<\/li>\n<li>Ewelina Klimuszko (2017) &#8211; Metody pozycjonowania i optymalizacji stron WWW<\/li>\n<li>Pop\u0142awskiTomasz (2014) &#8211; Wykorzystanie API serwis\u00f3w spo\u0142eczno\u015bciowych w aplikacji mobilnej<\/li>\n<li>Kleszczewski Kamil (2014) &#8211; Wizualizacja plik\u00f3w muzycznych audio z wykorzystaniem klasyfikacji<\/li>\n<li>Podgajecki Karol (2014) &#8211; Mapy emocji utwor\u00f3w muzycznych audycji radiowych<\/li>\n<li>Ignaciuk Szymon (2014) &#8211; Detekcja emocji w plikach audio<\/li>\n<li>Janowicz Kamil (2013)- Analiza struktury utworu muzycznego<\/li>\n<li>Baszko Krzysztof (2013)- Detekcja gatunku muzycznego na podstawie tekstu utworu<\/li>\n<li>Slawomir Branski (2012) &#8211; Wizualizacja zbior\u00f3w muzycznych za pomoc\u0105 wysp muzyki<\/li>\n<li>Wojciech Borkowski (2012) &#8211; Detekcja spamu w opiniach u\u017cytkownik\u00f3w internetowych<\/li>\n<li>Damian Milkowski(2012) &#8211; System do sprawdzania zdolno\u015bci kredytowej<\/li>\n<li>Piotr Ostrowski (2012) &#8211; Metody pozycjonowania witryn internetowych<\/li>\n<li>Andrzej Gardocki (2012) &#8211; Badanie wydajno\u015bci serwera baz danych Oracle w \u015brodowiskach witrualnych VMWare, ESXi5 oraz Microsoft Hyper-V<\/li>\n<li>Zapolski Jacek (2012) &#8211; Wydajno\u015b\u0107 serwis\u00f3w WWW opartych na systemie zarz\u0105dzania tre\u015bci\u0105 CMS Contao oraz CMS Modx Revolution<\/li>\n<li>Bagi\u0144ski Piotr (2012) &#8211; Szukanie wzorc\u00f3w w policyjnej bazie kierowc\u00f3w<\/li>\n<li>Gabru\u015b Miros\u0142aw (2011) &#8211; Wydajno\u015b\u0107 dost\u0119pu do bazy danych z wykorzystaniem technologii Hibernate i JDBC<\/li>\n<li>Jankowski \u0141ukasz (2011) &#8211; Wykorzystanie technologii Hibernate w aplikacjach internetowych<\/li>\n<li>Piszczatowski Kamil (2011)- Automatyczna detekcja styli muzycznych utwor\u00f3w w formacie MIDI<\/li>\n<li>\u0141ukowski Kamil (2011)- Automatyczna detekcja styli muzycznych plik\u00f3w audio z wykorzystaniem pakietu MARSYAS<\/li>\n<li>Odachowski Karol (2011) &#8211; System przewidywania rezultat\u00f3w ko\u0144cowych wydarze\u0144 sportowych na podstawie zmian kurs\u00f3w bukmacherskich<\/li>\n<li>Warewszuk Mariusz (2011) &#8211; System wspomagania szacowania pracoch\u0142onno\u015bci wybranych operacji proces\u00f3w technologicznych w bran\u017cy mechanicznej<\/li>\n<li>Wyszy\u0144ski Adam (2011) &#8211; Zarz\u0105dzanie relacjami z klientami w przedsi\u0119biorstwie<\/li>\n<li>Fraind Kamil (2011) &#8211; Internetowy rejestr pirat\u00f3w drogowych<\/li>\n<\/ul>\n<p><b>Zako\u0144czone prace in\u017cynierskie:<\/b><\/p>\n<ul>\n<li>Maciej Szklarzewski (2021) &#8211; Aplikacja do zg\u0142aszania i \u015bledzenia b\u0142\u0119d\u00f3w w oprogramowaniu<\/li>\n<li>Paulina Kierzkowska (2021) &#8211; Aplikacja edukacyjna do trenowania rozpoznawania utwor\u00f3w muzycznych<\/li>\n<li>Agnieszka Ignatowicz (2021) &#8211; Aplikacja edukacyjna do rozpoznawania dzie\u0142 sztuki<\/li>\n<li>Zawadzki Grzegorz (2021) &#8211; Wykrywanie gatunku muzycznego<\/li>\n<li>Dawid Rydzewski (2021) &#8211; Generowanie muzyki z u\u017cyciem sieci neuronowych<\/li>\n<li>Olender Wiktor (2021) &#8211; Wizualne animacje na podstawie pliku muzycznego<\/li>\n<li>Damian Bogucki (2020) &#8211; Wizualizacja muzyki w czasie rzeczywistym<\/li>\n<li>Damian Rutkowski (2019) &#8211; Portal internetowy korzystaj\u0105cy z RESTful us\u0142ug<\/li>\n<li>Noskowicz Konrad (2018) &#8211; Aplikacja wspomagaj\u0105ca zwiedzanie miasta<\/li>\n<li>Petros Psyllos (2018) &#8211; Automatyczny system wizyjny wspomagaj\u0105cy orientacj\u0119 przestrzenn\u0105 os\u00f3b niewidomych<\/li>\n<li>Skrouba Kamil (2018) &#8211; Aplikacja na platform\u0119 Android monitoruj\u0105ca treningi biegowe z mo\u017cliwo\u015bci\u0105 planowania od\u017cywiania<\/li>\n<li>Konopko Pawe\u0142 (2017) &#8211; Aplikacja udost\u0119pniaj\u0105ca u\u017cytkownikom przestrze\u0144 dyskow\u0105<\/li>\n<li>Mroczkowski Patryk (2017) &#8211; Portal spo\u0142eczno\u015bciowy<\/li>\n<li>Jakowiec Mateusz (2017) &#8211; Gra typu endless runner na platform\u0119 Android<\/li>\n<li>Abramowicz Pawe\u0142 (2017) &#8211; Gra przygodowa na platform\u0119 Android<\/li>\n<li>Gorza\u0142a Maciej (2016) &#8211; Aplikacja na platform\u0119 Android wspomagaj\u0105ca treningi fizyczne u\u017cytkownika z dziennikiem \u017cywieniowym<\/li>\n<li>Andronik Ewelina (2016) &#8211; Aplikacja webowa wspomagaj\u0105ca nauk\u0119 j\u0119zyka angielskiego<\/li>\n<li>Pryzmont Krzysztof (2016) &#8211; System e-learningowy do nauki rozpoznawania utwor\u00f3w muzycznych<\/li>\n<li>Patejko Micha\u0142 (2016) &#8211; Aplikacja webowa wspomagaj\u0105ca zarz\u0105dzanie projektami<\/li>\n<li>Jewdokimow Dawid (2016) &#8211; Aplikacja internetowa do wyceny skradzionego drewna dla pracownik\u00f3w S\u0142u\u017cby Le\u015bnej<\/li>\n<li>Ziniewicz Maciej (2016) &#8211; Aplikacja webowa wspomagaj\u0105ca dzia\u0142anie klubu sportowego<\/li>\n<li>\u0141ejmel Robert (2015) &#8211; Aplikacja webowa do automatyzacji sprzeda\u017cy kod\u00f3w i plik\u00f3w na platformie Allegro<\/li>\n<li>Rutkowski Adrian (2015) &#8211; Aplikacja internetowa do przewidywania wynik\u00f3w mecz\u00f3w pi\u0142karskich<\/li>\n<li>Dani\u0142owicz Maciej (2015) &#8211; Aplikacja wspomagaj\u0105ca ocen\u0119 dzie\u0142 multimedialnych przez u\u017cytkownik\u00f3w<\/li>\n<li>Golan Hubert (2015) &#8211; Wniosek urlopowy w \u015brodowisku IBM Lotus Notes\/Domino<\/li>\n<li>Makarewicz Bart\u0142omiej (2014) &#8211; Aplikacja WWW wspomagaj\u0105ca programowanie zespo\u0142owe przy pomocy systemu kontroli wersji<\/li>\n<li>Gulewicz Miros\u0142aw (2014) &#8211; Model Comet w tworzeniu interaktywnej i wielou\u017cytkownikowej aplikacji komunikatora internetowego<\/li>\n<li>\u0141api\u0144ski Jakub (2014) &#8211; Aplikacja wspomagaj\u0105ca zbieranie ankiet do indeksacji plik\u00f3w muzycznych<\/li>\n<li>Gli\u0144ski Konrad (2013) &#8211; Aplikacja WWW pe\u0142ni\u0105ca rol\u0119 serwisu aukcyjnego<\/li>\n<li>Ducki Damian (2013) &#8211; Internetowy system do egzaminowania student\u00f3w<\/li>\n<li>Downar Damian (2013) &#8211; Internetowy portal filmowy<\/li>\n<li>Bycul Grzegorz (2013) &#8211; Automatyczna budowa pokazu slajd\u00f3w na podstawie tekstu w jezyku angielskim utworu muzycznego z u\u017cyciem wska\u017anik\u00f3w TF*IDF<\/li>\n<li>Kamil Kleszczewski (2013) &#8211; Automatyczny budowa pokazu slajd\u00f3w na podstawie tekstu w jezyku polskim utworu muzycznego z wykorzystaniem klasyfikacji<\/li>\n<li>Dardzi\u0144ski Sebastian (2013) &#8211; Serwis internetowy o tematyce motoryzacyjnej<\/li>\n<li>Janowicz Kamil (2012) &#8211; Konwersja plik\u00f3w audio na pliki MIDI<\/li>\n<li>Kozniewski Marcin (2012) &#8211; Automatyczna generacja listy odtwarzania plik\u00f3w muzycznych<\/li>\n<li>Baszko Krzysztof (2012) &#8211; System e-learningowy dla pocz\u0105tkujacych muzyk\u00f3w<\/li>\n<li>Dolzynski Rafal (2012) &#8211; Aplikacja WWW pelni\u0105ca rol\u0119 internetowego biura obs\u0142ugi klienta<\/li>\n<li>Lukasz Kukielka (2012) &#8211; System do zarz\u0105dzania sieci\u0105 katalog\u00f3w stron internetowych<\/li>\n<li>Fiedorowicz Rafal (2012) &#8211; Matematyka w komponowaniu muzyki<\/li>\n<\/ul>\n","protected":false},"excerpt":{"rendered":"<p>Aktualne prace magisterskie: Awramiuk Pawe\u0142 &#8211; Detekcja stylu muzycznego w utworach audio z u\u017cyciem sieci<a class=\"read-more\" href=\"https:\/\/wi.pb.edu.pl\/p\/jacek-grekow\/prace-dyplomowe\/\" title=\"Poka\u017c artyku\u0142 Prace dyplomowe\">wi\u0119cej<\/a><\/p>\n","protected":false},"author":14,"featured_media":0,"parent":248,"menu_order":0,"comment_status":"closed","ping_status":"closed","template":"","meta":{"inline_featured_image":false,"ngg_post_thumbnail":0,"footnotes":""},"class_list":["post-1229","page","type-page","status-publish","hentry"],"acf":[],"yoast_head":"<!-- This site is optimized with the Yoast SEO plugin v26.4 - https:\/\/yoast.com\/wordpress\/plugins\/seo\/ -->\n<title>Prace dyplomowe - Strony pracownik\u00f3w Wydzia\u0142u Informatyki Politechniki Bia\u0142ostockiej<\/title>\n<meta name=\"robots\" content=\"index, follow, max-snippet:-1, max-image-preview:large, max-video-preview:-1\" \/>\n<link rel=\"canonical\" href=\"https:\/\/wi.pb.edu.pl\/p\/jacek-grekow\/prace-dyplomowe\/\" \/>\n<meta property=\"og:locale\" content=\"pl_PL\" \/>\n<meta property=\"og:type\" content=\"article\" \/>\n<meta property=\"og:title\" content=\"Prace dyplomowe - Strony pracownik\u00f3w Wydzia\u0142u Informatyki Politechniki Bia\u0142ostockiej\" \/>\n<meta property=\"og:description\" content=\"Aktualne prace magisterskie: Awramiuk Pawe\u0142 &#8211; Detekcja stylu muzycznego w utworach audio z u\u017cyciem sieciwi\u0119cej\" \/>\n<meta property=\"og:url\" content=\"https:\/\/wi.pb.edu.pl\/p\/jacek-grekow\/prace-dyplomowe\/\" \/>\n<meta property=\"og:site_name\" content=\"Strony pracownik\u00f3w Wydzia\u0142u Informatyki Politechniki Bia\u0142ostockiej\" \/>\n<meta name=\"twitter:card\" content=\"summary_large_image\" \/>\n<meta name=\"twitter:label1\" content=\"Szacowany czas czytania\" \/>\n\t<meta name=\"twitter:data1\" content=\"6 minut\" \/>\n<script type=\"application\/ld+json\" class=\"yoast-schema-graph\">{\"@context\":\"https:\/\/schema.org\",\"@graph\":[{\"@type\":\"WebPage\",\"@id\":\"https:\/\/wi.pb.edu.pl\/p\/jacek-grekow\/prace-dyplomowe\/\",\"url\":\"https:\/\/wi.pb.edu.pl\/p\/jacek-grekow\/prace-dyplomowe\/\",\"name\":\"Prace dyplomowe - Strony pracownik\u00f3w Wydzia\u0142u Informatyki Politechniki Bia\u0142ostockiej\",\"isPartOf\":{\"@id\":\"https:\/\/wi.pb.edu.pl\/p\/#website\"},\"datePublished\":\"2024-07-23T07:55:05+00:00\",\"breadcrumb\":{\"@id\":\"https:\/\/wi.pb.edu.pl\/p\/jacek-grekow\/prace-dyplomowe\/#breadcrumb\"},\"inLanguage\":\"pl-PL\",\"potentialAction\":[{\"@type\":\"ReadAction\",\"target\":[\"https:\/\/wi.pb.edu.pl\/p\/jacek-grekow\/prace-dyplomowe\/\"]}]},{\"@type\":\"BreadcrumbList\",\"@id\":\"https:\/\/wi.pb.edu.pl\/p\/jacek-grekow\/prace-dyplomowe\/#breadcrumb\",\"itemListElement\":[{\"@type\":\"ListItem\",\"position\":1,\"name\":\"Strona g\u0142\u00f3wna\",\"item\":\"https:\/\/wi.pb.edu.pl\/p\/\"},{\"@type\":\"ListItem\",\"position\":2,\"name\":\"dr hab. in\u017c. Jacek Grekow\",\"item\":\"https:\/\/wi.pb.edu.pl\/p\/jacek-grekow\/\"},{\"@type\":\"ListItem\",\"position\":3,\"name\":\"Prace dyplomowe\"}]},{\"@type\":\"WebSite\",\"@id\":\"https:\/\/wi.pb.edu.pl\/p\/#website\",\"url\":\"https:\/\/wi.pb.edu.pl\/p\/\",\"name\":\"Strony pracownik\u00f3w Wydzia\u0142u Informatyki Politechniki Bia\u0142ostockiej\",\"description\":\"\",\"potentialAction\":[{\"@type\":\"SearchAction\",\"target\":{\"@type\":\"EntryPoint\",\"urlTemplate\":\"https:\/\/wi.pb.edu.pl\/p\/?s={search_term_string}\"},\"query-input\":{\"@type\":\"PropertyValueSpecification\",\"valueRequired\":true,\"valueName\":\"search_term_string\"}}],\"inLanguage\":\"pl-PL\"}]}<\/script>\n<!-- \/ Yoast SEO plugin. -->","yoast_head_json":{"title":"Prace dyplomowe - Strony pracownik\u00f3w Wydzia\u0142u Informatyki Politechniki Bia\u0142ostockiej","robots":{"index":"index","follow":"follow","max-snippet":"max-snippet:-1","max-image-preview":"max-image-preview:large","max-video-preview":"max-video-preview:-1"},"canonical":"https:\/\/wi.pb.edu.pl\/p\/jacek-grekow\/prace-dyplomowe\/","og_locale":"pl_PL","og_type":"article","og_title":"Prace dyplomowe - Strony pracownik\u00f3w Wydzia\u0142u Informatyki Politechniki Bia\u0142ostockiej","og_description":"Aktualne prace magisterskie: Awramiuk Pawe\u0142 &#8211; Detekcja stylu muzycznego w utworach audio z u\u017cyciem sieciwi\u0119cej","og_url":"https:\/\/wi.pb.edu.pl\/p\/jacek-grekow\/prace-dyplomowe\/","og_site_name":"Strony pracownik\u00f3w Wydzia\u0142u Informatyki Politechniki Bia\u0142ostockiej","twitter_card":"summary_large_image","twitter_misc":{"Szacowany czas czytania":"6 minut"},"schema":{"@context":"https:\/\/schema.org","@graph":[{"@type":"WebPage","@id":"https:\/\/wi.pb.edu.pl\/p\/jacek-grekow\/prace-dyplomowe\/","url":"https:\/\/wi.pb.edu.pl\/p\/jacek-grekow\/prace-dyplomowe\/","name":"Prace dyplomowe - Strony pracownik\u00f3w Wydzia\u0142u Informatyki Politechniki Bia\u0142ostockiej","isPartOf":{"@id":"https:\/\/wi.pb.edu.pl\/p\/#website"},"datePublished":"2024-07-23T07:55:05+00:00","breadcrumb":{"@id":"https:\/\/wi.pb.edu.pl\/p\/jacek-grekow\/prace-dyplomowe\/#breadcrumb"},"inLanguage":"pl-PL","potentialAction":[{"@type":"ReadAction","target":["https:\/\/wi.pb.edu.pl\/p\/jacek-grekow\/prace-dyplomowe\/"]}]},{"@type":"BreadcrumbList","@id":"https:\/\/wi.pb.edu.pl\/p\/jacek-grekow\/prace-dyplomowe\/#breadcrumb","itemListElement":[{"@type":"ListItem","position":1,"name":"Strona g\u0142\u00f3wna","item":"https:\/\/wi.pb.edu.pl\/p\/"},{"@type":"ListItem","position":2,"name":"dr hab. in\u017c. Jacek Grekow","item":"https:\/\/wi.pb.edu.pl\/p\/jacek-grekow\/"},{"@type":"ListItem","position":3,"name":"Prace dyplomowe"}]},{"@type":"WebSite","@id":"https:\/\/wi.pb.edu.pl\/p\/#website","url":"https:\/\/wi.pb.edu.pl\/p\/","name":"Strony pracownik\u00f3w Wydzia\u0142u Informatyki Politechniki Bia\u0142ostockiej","description":"","potentialAction":[{"@type":"SearchAction","target":{"@type":"EntryPoint","urlTemplate":"https:\/\/wi.pb.edu.pl\/p\/?s={search_term_string}"},"query-input":{"@type":"PropertyValueSpecification","valueRequired":true,"valueName":"search_term_string"}}],"inLanguage":"pl-PL"}]}},"_links":{"self":[{"href":"https:\/\/wi.pb.edu.pl\/p\/wp-json\/wp\/v2\/pages\/1229","targetHints":{"allow":["GET"]}}],"collection":[{"href":"https:\/\/wi.pb.edu.pl\/p\/wp-json\/wp\/v2\/pages"}],"about":[{"href":"https:\/\/wi.pb.edu.pl\/p\/wp-json\/wp\/v2\/types\/page"}],"author":[{"embeddable":true,"href":"https:\/\/wi.pb.edu.pl\/p\/wp-json\/wp\/v2\/users\/14"}],"replies":[{"embeddable":true,"href":"https:\/\/wi.pb.edu.pl\/p\/wp-json\/wp\/v2\/comments?post=1229"}],"version-history":[{"count":1,"href":"https:\/\/wi.pb.edu.pl\/p\/wp-json\/wp\/v2\/pages\/1229\/revisions"}],"predecessor-version":[{"id":1230,"href":"https:\/\/wi.pb.edu.pl\/p\/wp-json\/wp\/v2\/pages\/1229\/revisions\/1230"}],"up":[{"embeddable":true,"href":"https:\/\/wi.pb.edu.pl\/p\/wp-json\/wp\/v2\/pages\/248"}],"wp:attachment":[{"href":"https:\/\/wi.pb.edu.pl\/p\/wp-json\/wp\/v2\/media?parent=1229"}],"curies":[{"name":"wp","href":"https:\/\/api.w.org\/{rel}","templated":true}]}}