{"id":1233,"date":"2024-07-23T09:57:08","date_gmt":"2024-07-23T07:57:08","guid":{"rendered":"https:\/\/wi.pb.edu.pl\/p\/?page_id=1233"},"modified":"2024-07-23T09:57:08","modified_gmt":"2024-07-23T07:57:08","slug":"curiculum-vitale","status":"publish","type":"page","link":"https:\/\/wi.pb.edu.pl\/p\/jacek-grekow\/curiculum-vitale\/","title":{"rendered":"CURICULUM VITALE"},"content":{"rendered":"<table class=\"cala-szer\">\n<tbody>\n<tr>\n<td class=\"col-menu\">Name:<\/td>\n<td class=\"col-body\">Jacek Grekow<\/td>\n<\/tr>\n<tr>\n<td class=\"col-menu\">State:<\/td>\n<td class=\"col-body\">maried<\/td>\n<\/tr>\n<tr>\n<td class=\"col-menu\">Education:<\/td>\n<td class=\"col-body\">Electric Technical College in Bia\u0142ystok, 1988<\/p>\n<p>Master of Science degree, Technical University in Sofia, Bulgaria, 1994, major: computer systems<\/p>\n<p>Bachelor of Arts degree, The Vienna Conservatoire (Konservatorium der Stadt Wien), Austria, 1996, major: instrumental music pedagogy, specialty: accordion<\/p>\n<p>Master of Arts degree, The Fryderyk Chopin University of Music in Warsaw, Bialystok branch, Department of Instrumental and Educational Studies, 2006<\/p>\n<p>Ph.D. degree in Computer Sciences, Polish-Japanese Academy of Information Technology in Warsaw, The Faculty of Information Technology, 2009<\/p>\n<p>D.Sc. degree (habilitation) in Computer Sciences, Polish-Japanese Academy of Information Technology in Warsaw, 2019<\/td>\n<\/tr>\n<tr>\n<td class=\"col-menu\">Employment:<\/td>\n<td class=\"col-body\">IBM Austria APDC (Application Programming Developer Centre) &#8211; programmer<\/p>\n<p>T-matic Grupa Computer Plus &#8211; programmer and designer; engineering manager.<\/p>\n<p>Bia\u0142ystok Technical University &#8211; Faculty of Computer Science<\/td>\n<\/tr>\n<tr>\n<td class=\"col-menu\">Certificates:<\/td>\n<td class=\"col-body\">Certified Lotus Professional Principial R4 \u2013 Aplication Developer<\/p>\n<p>Certified Lotus Professional Principial R4 &#8211; System Administrator<\/p>\n<p>Certified Lotus Professional R5 &#8211; Aplication Developer<\/p>\n<p>Certified Lotus Professional R5 &#8211; System Administrator<\/td>\n<\/tr>\n<tr>\n<td class=\"col-menu\">Languages:<\/td>\n<td class=\"col-body\">german, english, bulgarian, russian, polish<\/td>\n<\/tr>\n<\/tbody>\n<\/table>\n","protected":false},"excerpt":{"rendered":"<p>Name: Jacek Grekow State: maried Education: Electric Technical College in Bia\u0142ystok, 1988 Master of Science<a class=\"read-more\" href=\"https:\/\/wi.pb.edu.pl\/p\/jacek-grekow\/curiculum-vitale\/\" title=\"Poka\u017c artyku\u0142 CURICULUM VITALE\">wi\u0119cej<\/a><\/p>\n","protected":false},"author":14,"featured_media":0,"parent":248,"menu_order":0,"comment_status":"closed","ping_status":"closed","template":"","meta":{"inline_featured_image":false,"ngg_post_thumbnail":0,"footnotes":""},"class_list":["post-1233","page","type-page","status-publish","hentry"],"acf":[],"yoast_head":"<!-- This site is optimized with the Yoast SEO plugin v26.4 - https:\/\/yoast.com\/wordpress\/plugins\/seo\/ -->\n<title>CURICULUM VITALE - Strony pracownik\u00f3w Wydzia\u0142u Informatyki Politechniki Bia\u0142ostockiej<\/title>\n<meta name=\"robots\" content=\"index, follow, max-snippet:-1, max-image-preview:large, max-video-preview:-1\" \/>\n<link rel=\"canonical\" href=\"https:\/\/wi.pb.edu.pl\/p\/jacek-grekow\/curiculum-vitale\/\" \/>\n<meta property=\"og:locale\" content=\"pl_PL\" \/>\n<meta property=\"og:type\" content=\"article\" \/>\n<meta property=\"og:title\" content=\"CURICULUM VITALE - Strony pracownik\u00f3w Wydzia\u0142u Informatyki Politechniki Bia\u0142ostockiej\" \/>\n<meta property=\"og:description\" content=\"Name: Jacek Grekow State: maried Education: Electric Technical College in Bia\u0142ystok, 1988 Master of Sciencewi\u0119cej\" \/>\n<meta property=\"og:url\" content=\"https:\/\/wi.pb.edu.pl\/p\/jacek-grekow\/curiculum-vitale\/\" \/>\n<meta property=\"og:site_name\" content=\"Strony pracownik\u00f3w Wydzia\u0142u Informatyki Politechniki Bia\u0142ostockiej\" \/>\n<meta name=\"twitter:card\" content=\"summary_large_image\" \/>\n<meta name=\"twitter:label1\" content=\"Szacowany czas czytania\" \/>\n\t<meta name=\"twitter:data1\" content=\"1 minuta\" \/>\n<script type=\"application\/ld+json\" class=\"yoast-schema-graph\">{\"@context\":\"https:\/\/schema.org\",\"@graph\":[{\"@type\":\"WebPage\",\"@id\":\"https:\/\/wi.pb.edu.pl\/p\/jacek-grekow\/curiculum-vitale\/\",\"url\":\"https:\/\/wi.pb.edu.pl\/p\/jacek-grekow\/curiculum-vitale\/\",\"name\":\"CURICULUM VITALE - Strony pracownik\u00f3w Wydzia\u0142u Informatyki Politechniki Bia\u0142ostockiej\",\"isPartOf\":{\"@id\":\"https:\/\/wi.pb.edu.pl\/p\/#website\"},\"datePublished\":\"2024-07-23T07:57:08+00:00\",\"breadcrumb\":{\"@id\":\"https:\/\/wi.pb.edu.pl\/p\/jacek-grekow\/curiculum-vitale\/#breadcrumb\"},\"inLanguage\":\"pl-PL\",\"potentialAction\":[{\"@type\":\"ReadAction\",\"target\":[\"https:\/\/wi.pb.edu.pl\/p\/jacek-grekow\/curiculum-vitale\/\"]}]},{\"@type\":\"BreadcrumbList\",\"@id\":\"https:\/\/wi.pb.edu.pl\/p\/jacek-grekow\/curiculum-vitale\/#breadcrumb\",\"itemListElement\":[{\"@type\":\"ListItem\",\"position\":1,\"name\":\"Strona g\u0142\u00f3wna\",\"item\":\"https:\/\/wi.pb.edu.pl\/p\/\"},{\"@type\":\"ListItem\",\"position\":2,\"name\":\"dr hab. in\u017c. Jacek Grekow\",\"item\":\"https:\/\/wi.pb.edu.pl\/p\/jacek-grekow\/\"},{\"@type\":\"ListItem\",\"position\":3,\"name\":\"CURICULUM VITALE\"}]},{\"@type\":\"WebSite\",\"@id\":\"https:\/\/wi.pb.edu.pl\/p\/#website\",\"url\":\"https:\/\/wi.pb.edu.pl\/p\/\",\"name\":\"Strony pracownik\u00f3w Wydzia\u0142u Informatyki Politechniki Bia\u0142ostockiej\",\"description\":\"\",\"potentialAction\":[{\"@type\":\"SearchAction\",\"target\":{\"@type\":\"EntryPoint\",\"urlTemplate\":\"https:\/\/wi.pb.edu.pl\/p\/?s={search_term_string}\"},\"query-input\":{\"@type\":\"PropertyValueSpecification\",\"valueRequired\":true,\"valueName\":\"search_term_string\"}}],\"inLanguage\":\"pl-PL\"}]}<\/script>\n<!-- \/ Yoast SEO plugin. -->","yoast_head_json":{"title":"CURICULUM VITALE - Strony pracownik\u00f3w Wydzia\u0142u Informatyki Politechniki Bia\u0142ostockiej","robots":{"index":"index","follow":"follow","max-snippet":"max-snippet:-1","max-image-preview":"max-image-preview:large","max-video-preview":"max-video-preview:-1"},"canonical":"https:\/\/wi.pb.edu.pl\/p\/jacek-grekow\/curiculum-vitale\/","og_locale":"pl_PL","og_type":"article","og_title":"CURICULUM VITALE - Strony pracownik\u00f3w Wydzia\u0142u Informatyki Politechniki Bia\u0142ostockiej","og_description":"Name: Jacek Grekow State: maried Education: Electric Technical College in Bia\u0142ystok, 1988 Master of Sciencewi\u0119cej","og_url":"https:\/\/wi.pb.edu.pl\/p\/jacek-grekow\/curiculum-vitale\/","og_site_name":"Strony pracownik\u00f3w Wydzia\u0142u Informatyki Politechniki Bia\u0142ostockiej","twitter_card":"summary_large_image","twitter_misc":{"Szacowany czas czytania":"1 minuta"},"schema":{"@context":"https:\/\/schema.org","@graph":[{"@type":"WebPage","@id":"https:\/\/wi.pb.edu.pl\/p\/jacek-grekow\/curiculum-vitale\/","url":"https:\/\/wi.pb.edu.pl\/p\/jacek-grekow\/curiculum-vitale\/","name":"CURICULUM VITALE - Strony pracownik\u00f3w Wydzia\u0142u Informatyki Politechniki Bia\u0142ostockiej","isPartOf":{"@id":"https:\/\/wi.pb.edu.pl\/p\/#website"},"datePublished":"2024-07-23T07:57:08+00:00","breadcrumb":{"@id":"https:\/\/wi.pb.edu.pl\/p\/jacek-grekow\/curiculum-vitale\/#breadcrumb"},"inLanguage":"pl-PL","potentialAction":[{"@type":"ReadAction","target":["https:\/\/wi.pb.edu.pl\/p\/jacek-grekow\/curiculum-vitale\/"]}]},{"@type":"BreadcrumbList","@id":"https:\/\/wi.pb.edu.pl\/p\/jacek-grekow\/curiculum-vitale\/#breadcrumb","itemListElement":[{"@type":"ListItem","position":1,"name":"Strona g\u0142\u00f3wna","item":"https:\/\/wi.pb.edu.pl\/p\/"},{"@type":"ListItem","position":2,"name":"dr hab. in\u017c. Jacek Grekow","item":"https:\/\/wi.pb.edu.pl\/p\/jacek-grekow\/"},{"@type":"ListItem","position":3,"name":"CURICULUM VITALE"}]},{"@type":"WebSite","@id":"https:\/\/wi.pb.edu.pl\/p\/#website","url":"https:\/\/wi.pb.edu.pl\/p\/","name":"Strony pracownik\u00f3w Wydzia\u0142u Informatyki Politechniki Bia\u0142ostockiej","description":"","potentialAction":[{"@type":"SearchAction","target":{"@type":"EntryPoint","urlTemplate":"https:\/\/wi.pb.edu.pl\/p\/?s={search_term_string}"},"query-input":{"@type":"PropertyValueSpecification","valueRequired":true,"valueName":"search_term_string"}}],"inLanguage":"pl-PL"}]}},"_links":{"self":[{"href":"https:\/\/wi.pb.edu.pl\/p\/wp-json\/wp\/v2\/pages\/1233","targetHints":{"allow":["GET"]}}],"collection":[{"href":"https:\/\/wi.pb.edu.pl\/p\/wp-json\/wp\/v2\/pages"}],"about":[{"href":"https:\/\/wi.pb.edu.pl\/p\/wp-json\/wp\/v2\/types\/page"}],"author":[{"embeddable":true,"href":"https:\/\/wi.pb.edu.pl\/p\/wp-json\/wp\/v2\/users\/14"}],"replies":[{"embeddable":true,"href":"https:\/\/wi.pb.edu.pl\/p\/wp-json\/wp\/v2\/comments?post=1233"}],"version-history":[{"count":1,"href":"https:\/\/wi.pb.edu.pl\/p\/wp-json\/wp\/v2\/pages\/1233\/revisions"}],"predecessor-version":[{"id":1234,"href":"https:\/\/wi.pb.edu.pl\/p\/wp-json\/wp\/v2\/pages\/1233\/revisions\/1234"}],"up":[{"embeddable":true,"href":"https:\/\/wi.pb.edu.pl\/p\/wp-json\/wp\/v2\/pages\/248"}],"wp:attachment":[{"href":"https:\/\/wi.pb.edu.pl\/p\/wp-json\/wp\/v2\/media?parent=1233"}],"curies":[{"name":"wp","href":"https:\/\/api.w.org\/{rel}","templated":true}]}}