{"id":1239,"date":"2024-07-23T10:58:58","date_gmt":"2024-07-23T08:58:58","guid":{"rendered":"https:\/\/wi.pb.edu.pl\/p\/?page_id=1239"},"modified":"2024-07-25T09:59:42","modified_gmt":"2024-07-25T07:59:42","slug":"music","status":"publish","type":"page","link":"https:\/\/wi.pb.edu.pl\/p\/jacek-grekow\/music\/","title":{"rendered":"Music"},"content":{"rendered":"<p>Radio Akadera &#8211; Audycja Nie Tylko Marynistyczna &#8211; go\u015bciem jest prof. Jacek Grekow z wydz. Informatyki PB, 11\/2022<\/p>\n<h1>Music publications:<\/h1>\n<h3>Jacek Grekow music publication (CD&#8217;s) online:<\/h3>\n<ol>\n<li><a href=\"https:\/\/itunes.apple.com\/us\/artist\/jacek-grekow\/897868022\">Jacek Grekow music on iTunes<\/a><\/li>\n<li><a href=\"https:\/\/music.apple.com\/us\/artist\/sarakina\/509129308\">Jacek Grekow (SARAKINA) music on iTunes<\/a><\/li>\n<li><a href=\"https:\/\/open.spotify.com\/artist\/6x193NCSFTigwuEZubcGWB?si=vACy8lR-TfW6txiX5EwI5w\">My music on Spotify 1<\/a><\/li>\n<li><a href=\"https:\/\/open.spotify.com\/artist\/2GUFUOVLHA1mzOgi3V18uT\">My music on Spotify 2<\/a><\/li>\n<\/ol>\n<h3>CD&#8217;s are available by Internet shops:<\/h3>\n<ol>\n<li><a href=\"https:\/\/www.empik.com\/szukaj\/produkt?q=sarakina&amp;qtype=basicForm\">Empik.com (Sarakina)<\/a><\/li>\n<li><a href=\"https:\/\/www.empik.com\/szukaj\/produkt?q=grekow+jacek&amp;qtype=basicForm\">Empik.com (J.Grekow)<\/a><\/li>\n<li><a href=\"https:\/\/www.sarakina.art.pl\/pl\/plyta-cd-zamowienie.htm\">Sarakina Balkan Band<\/a><\/li>\n<\/ol>\n<h2>CDs:<\/h2>\n<table class=\"table table-no-bordered\">\n<tbody>\n<tr>\n<td><a href=\"https:\/\/www.sarakina.art.pl\/akordeon-jacek-grekow\/kyrillikata\/\"><img loading=\"lazy\" decoding=\"async\" class=\"alignnone size-full wp-image-1257\" src=\"https:\/\/wi.pb.edu.pl\/p\/wp-content\/uploads\/sites\/3\/2024\/07\/CDKyri.jpg\" alt=\"\" width=\"120\" height=\"108\"><\/a><\/td>\n<td>CD &#8222;KYRILLIKATA &#8211; Grekow.Cho\u0142o\u0142owicz&#8221; &#8211;&nbsp;<em>(Production: Uli Proell, Vienna, ZBOR 7401),&nbsp;<\/em><em>&#8222;Kultur Kontakt Austria&#8221; i &#8222;Wiener Integrationsfonds&#8221;<\/em>, 1997<\/td>\n<\/tr>\n<tr>\n<td><img loading=\"lazy\" decoding=\"async\" class=\"alignnone size-full wp-image-1256\" src=\"https:\/\/wi.pb.edu.pl\/p\/wp-content\/uploads\/sites\/3\/2024\/07\/CDSara.jpg\" alt=\"\" width=\"120\" height=\"115\"><\/td>\n<td>CD &#8222;SARAKINA &#8211; Grekow.Mlejnek.Mlejnek&#8221; &#8211;&nbsp;<em>(Production: Amadeus, Polskie Radio SA)<\/em>, 2001<\/td>\n<\/tr>\n<tr>\n<td><img loading=\"lazy\" decoding=\"async\" class=\"alignnone size-full wp-image-1255\" src=\"https:\/\/wi.pb.edu.pl\/p\/wp-content\/uploads\/sites\/3\/2024\/07\/CDJunc.jpg\" alt=\"\" width=\"120\" height=\"108\"><\/td>\n<td>CD &#8222;JUNCTIONS Mlejnek.Grekow.Sypytkowski&#8221; &#8211;&nbsp;<em>(Production: Amadeus, Polskie Radio SA )<\/em>, 2004<\/td>\n<\/tr>\n<tr>\n<td><a href=\"https:\/\/www.sarakina.art.pl\/akordeon-jacek-grekow\/\"><img loading=\"lazy\" decoding=\"async\" class=\"alignnone size-full wp-image-1254\" src=\"https:\/\/wi.pb.edu.pl\/p\/wp-content\/uploads\/sites\/3\/2024\/07\/CDClassic.jpg\" alt=\"\" width=\"120\" height=\"109\"><\/a><\/td>\n<td>CD Southern impressions, Jacek Grekow, classical accordion &#8211;&nbsp;<em>(Production:&nbsp;<\/em><em>Amadeus 2007; AMCD 002)<\/em>, 2007<\/td>\n<\/tr>\n<tr>\n<td><img loading=\"lazy\" decoding=\"async\" class=\"alignnone size-thumbnail wp-image-1253\" src=\"https:\/\/wi.pb.edu.pl\/p\/wp-content\/uploads\/sites\/3\/2024\/07\/CD_Fryderykata-150x150.jpg\" alt=\"\" width=\"150\" height=\"150\"><\/td>\n<td>CD Fryderykata (<em>Production: Amadeus, Under the patronage: TVP KULTUTA, Polskie Radio Dw\u00f3jka, AMCD 005<\/em>), 2008<\/td>\n<\/tr>\n<tr>\n<td><a href=\"https:\/\/www.sarakina.art.pl\/\"><img loading=\"lazy\" decoding=\"async\" class=\"alignnone size-thumbnail wp-image-1252\" src=\"https:\/\/wi.pb.edu.pl\/p\/wp-content\/uploads\/sites\/3\/2024\/07\/DoFire-150x150.jpg\" alt=\"\" width=\"150\" height=\"150\"><\/a><\/td>\n<td>CD DANCE OF FIRE (<em>Production: Amadeus, Under the patronage: JazzForum, Polskie Radio Dwojka, Folk24<\/em>), 2012<\/td>\n<\/tr>\n<tr>\n<td><a href=\"https:\/\/www.sarakina.art.pl\/\"><img loading=\"lazy\" decoding=\"async\" class=\"alignnone size-thumbnail wp-image-1251\" src=\"https:\/\/wi.pb.edu.pl\/p\/wp-content\/uploads\/sites\/3\/2024\/07\/CD-Sarakina-Live-In-Studi-m-150x150.jpg\" alt=\"\" width=\"150\" height=\"150\" srcset=\"https:\/\/wi.pb.edu.pl\/p\/wp-content\/uploads\/sites\/3\/2024\/07\/CD-Sarakina-Live-In-Studi-m-150x150.jpg 150w, https:\/\/wi.pb.edu.pl\/p\/wp-content\/uploads\/sites\/3\/2024\/07\/CD-Sarakina-Live-In-Studi-m.jpg 283w\" sizes=\"auto, (max-width: 150px) 100vw, 150px\" \/><\/a><\/td>\n<td>CD Sarakina live in studio (<em>Production: Amadeus, Under the patronage: Polskie Radio Dwojka, Polskie Radio Bia\u0142ystok<\/em>), 2014<\/td>\n<\/tr>\n<tr>\n<td><a href=\"http:\/\/www.sarakina.art.pl\/\"><img loading=\"lazy\" decoding=\"async\" class=\"alignnone size-thumbnail wp-image-1250\" src=\"https:\/\/wi.pb.edu.pl\/p\/wp-content\/uploads\/sites\/3\/2024\/07\/CD_balkantron-m-150x150.jpg\" alt=\"\" width=\"150\" height=\"150\"><\/a><\/td>\n<td>CD BALKANTRON (<em>Production: Amadeus, Under the patronage: Bu\u0142garski Instytut Kultury w Warszawie, Folk24, Pismo Folkowe<\/em>), 2017<\/td>\n<\/tr>\n<tr>\n<td><a href=\"http:\/\/www.sarakina.art.pl\/ethno-jazz-trio\/\"><img loading=\"lazy\" decoding=\"async\" class=\"alignnone size-thumbnail wp-image-1249\" src=\"https:\/\/wi.pb.edu.pl\/p\/wp-content\/uploads\/sites\/3\/2024\/07\/CD-Balkan-grooves-page_1-mm-150x150.png\" alt=\"\" width=\"150\" height=\"150\"><\/a><\/td>\n<td>CD Balkan grooves &#8211; TRIO Grekow \/ Peev \/ Tsvyatkov (<em>Production: Amadeus, Under the patronage: Jazz Forum, Bu\u0142garski Instytut Kultury w Warszawie, Pismo Folkowe<\/em>), 2023<\/td>\n<\/tr>\n<tr>\n<td>&nbsp;<\/td>\n<td>\n<h3>Udzia\u0142 w produkacjach innych wydawnictw:<\/h3>\n<\/td>\n<\/tr>\n<tr>\n<td><img loading=\"lazy\" decoding=\"async\" class=\"alignnone size-thumbnail wp-image-1248\" src=\"https:\/\/wi.pb.edu.pl\/p\/wp-content\/uploads\/sites\/3\/2024\/07\/maksymiuk-150x150.jpg\" alt=\"\" width=\"150\" height=\"150\" srcset=\"https:\/\/wi.pb.edu.pl\/p\/wp-content\/uploads\/sites\/3\/2024\/07\/maksymiuk-150x150.jpg 150w, https:\/\/wi.pb.edu.pl\/p\/wp-content\/uploads\/sites\/3\/2024\/07\/maksymiuk.jpg 300w\" sizes=\"auto, (max-width: 150px) 100vw, 150px\" \/><\/td>\n<td>2CD JERZY MAKSYMIUK Kilar Paderewski Beethoven, Cykl: polscy dyrygenci, Udzia\u0142 w nagraniu z Orkiestr\u0105 Filharmonii Bia\u0142ystok, J.Grekow &#8211; partia akordeonu, Kompozycja: J.Maksymiuk &#8211; Arbor vitale (<em>Production: Polskie Radio SA, Warszawa<\/em>), 2002<\/td>\n<\/tr>\n<tr>\n<td><img loading=\"lazy\" decoding=\"async\" class=\"alignnone size-thumbnail wp-image-1247\" src=\"https:\/\/wi.pb.edu.pl\/p\/wp-content\/uploads\/sites\/3\/2024\/07\/AkkordeonFestival-2002-150x150.jpg\" alt=\"\" width=\"150\" height=\"150\"><\/td>\n<td>CD Internationales Akkordeon Festival Wien 2002, 1 composition: Dilmana, (<em>Production: Extraplatte, Austria, Wien, ASIN: B00007KMPC<\/em>), 2003<\/td>\n<\/tr>\n<tr>\n<td><img loading=\"lazy\" decoding=\"async\" class=\"alignnone size-thumbnail wp-image-1246\" src=\"https:\/\/wi.pb.edu.pl\/p\/wp-content\/uploads\/sites\/3\/2024\/07\/CD-folk-jazz-150x150.jpg\" alt=\"\" width=\"150\" height=\"150\" srcset=\"https:\/\/wi.pb.edu.pl\/p\/wp-content\/uploads\/sites\/3\/2024\/07\/CD-folk-jazz-150x150.jpg 150w, https:\/\/wi.pb.edu.pl\/p\/wp-content\/uploads\/sites\/3\/2024\/07\/CD-folk-jazz.jpg 204w\" sizes=\"auto, (max-width: 150px) 100vw, 150px\" \/><\/td>\n<td>CD The Best Of Polish Smooth Etno Folk Jazz, 2006<\/td>\n<\/tr>\n<tr>\n<td><img loading=\"lazy\" decoding=\"async\" class=\"alignnone size-thumbnail wp-image-1245\" src=\"https:\/\/wi.pb.edu.pl\/p\/wp-content\/uploads\/sites\/3\/2024\/07\/MigrantMusicVienna-150x150.jpg\" alt=\"\" width=\"150\" height=\"150\"><\/td>\n<td>Migrant Music Vienna 4cd Box, 1 composition: Izgrev on CD1 (<em>Production: Lotus Records, Austria, Wien, ASIN: B002W66VXA<\/em>), 2009<\/td>\n<\/tr>\n<tr>\n<td><img loading=\"lazy\" decoding=\"async\" class=\"alignnone size-thumbnail wp-image-1244\" src=\"https:\/\/wi.pb.edu.pl\/p\/wp-content\/uploads\/sites\/3\/2024\/07\/Balkan-Jevish-150x150.jpg\" alt=\"\" width=\"150\" height=\"150\"><\/td>\n<td>CD Balkan &amp; Jewish Inspirations, 2 compositions (<em>Production: Universal Music Polska<\/em>), 2011<\/td>\n<\/tr>\n<tr>\n<td><img loading=\"lazy\" decoding=\"async\" class=\"alignnone size-thumbnail wp-image-1243\" src=\"https:\/\/wi.pb.edu.pl\/p\/wp-content\/uploads\/sites\/3\/2024\/07\/rozni-wykonawcy-folk-sie-gro-150x150.jpg\" alt=\"\" width=\"150\" height=\"150\" srcset=\"https:\/\/wi.pb.edu.pl\/p\/wp-content\/uploads\/sites\/3\/2024\/07\/rozni-wykonawcy-folk-sie-gro-150x150.jpg 150w, https:\/\/wi.pb.edu.pl\/p\/wp-content\/uploads\/sites\/3\/2024\/07\/rozni-wykonawcy-folk-sie-gro.jpg 300w\" sizes=\"auto, (max-width: 150px) 100vw, 150px\" \/><\/td>\n<td>CD FOLK SIE GRO!, 1 composition, (Production: My Music), 2011<\/td>\n<\/tr>\n<tr>\n<td><img loading=\"lazy\" decoding=\"async\" class=\"alignnone size-thumbnail wp-image-1242\" src=\"https:\/\/wi.pb.edu.pl\/p\/wp-content\/uploads\/sites\/3\/2024\/07\/Wolyn1934-150x150.jpg\" alt=\"\" width=\"150\" height=\"150\" srcset=\"https:\/\/wi.pb.edu.pl\/p\/wp-content\/uploads\/sites\/3\/2024\/07\/Wolyn1934-150x150.jpg 150w, https:\/\/wi.pb.edu.pl\/p\/wp-content\/uploads\/sites\/3\/2024\/07\/Wolyn1934.jpg 183w\" sizes=\"auto, (max-width: 150px) 100vw, 150px\" \/><\/td>\n<td>CD Wolyn 1943, E.Granados &#8211; Andaluza-Playera (Jacek Grekow &#8211; acc.), (<em>Production: Parlophone Music Poland<\/em>), EAN 5907812241612, 2011<\/td>\n<\/tr>\n<tr>\n<td><img loading=\"lazy\" decoding=\"async\" class=\"alignnone size-thumbnail wp-image-1241\" src=\"https:\/\/wi.pb.edu.pl\/p\/wp-content\/uploads\/sites\/3\/2024\/07\/balkan-jewish-inspirations-2-150x150.jpg\" alt=\"\" width=\"150\" height=\"150\"><\/td>\n<td>CD Balkan &amp; Jewish Inspirations 2, 1 composition (<em>Production: Universal Music Polska<\/em>), 2012<\/td>\n<\/tr>\n<tr>\n<td><img loading=\"lazy\" decoding=\"async\" class=\"alignnone size-thumbnail wp-image-1240\" src=\"https:\/\/wi.pb.edu.pl\/p\/wp-content\/uploads\/sites\/3\/2024\/07\/balkan-jewish-inspirations-3-150x150.jpg\" alt=\"\" width=\"150\" height=\"150\"><\/td>\n<td>&nbsp;<\/td>\n<\/tr>\n<\/tbody>\n<\/table>\n<h3>Film music:<\/h3>\n<ul>\n<li>Jan Pawe\u0142 II w Ziemi \u015awi\u0119tej. Directed by Grzegorz W. Tomczak, music by Jacek Grekow, Telewizja Polska &#8211; I Program (2000)<\/li>\n<li>The punishment. Directed by Goran Rebic, music by Grekow.Chololowicz (CD Kyrillikata), Producer: Franz Nowotny, Austia (2000)<\/li>\n<li>Pierwszy krok w chmurach. Directed by Jorhe Hernandez, music by Jacek Grekow, Pa\u0144stwowa Wy\u017csza Szko\u0142a Filmowa Telewizyjna i Teatralna (\u0141\u00f3d\u017a) (2001)<\/li>\n<li>Kobieta nad nami. Directed by Dariusz Szada-Borzyszkowski, music by Jacek Grekow, Teatr Dramatyczny im. Aleksandra W\u0119gierki w Bia\u0142ymstoku, (2006) Producer: Franz Nowotny Austia (2000)<\/li>\n<li>Kiriat Bia\u0142ystok. Szkice do sagi bia\u0142ostoczan. Directed by Dariusz Szada-Borzyszkowski, music by Jacek Grekow, Telewizja Polska (2008)<\/li>\n<\/ul>\n<p>Grekow J. 2006; &#8222;The performance of ornaments in the traditional Bulgarian music&#8221;;&nbsp;Fryderyk Chopin Academy of Music<\/p>\n<p>Music:&nbsp;Active kaval, bagpipe and accordion player.<\/p>\n<div class=\"embed-responsive embed-responsive-16by9\"><iframe loading=\"lazy\" title=\"CD Balkantron 2017 by Balkan Band Sarakina\" width=\"500\" height=\"450\" scrolling=\"no\" frameborder=\"no\" src=\"https:\/\/w.soundcloud.com\/player\/?visual=true&#038;url=https%3A%2F%2Fapi.soundcloud.com%2Fplaylists%2F490541127&#038;show_artwork=true&#038;maxheight=750&#038;maxwidth=500\"><\/iframe><\/div>\n<div class=\"embed-responsive embed-responsive-16by9\"><iframe loading=\"lazy\" title=\"CD Southern impressions, Jacek Grekow, classical accordion by Balkan Band Sarakina\" width=\"500\" height=\"450\" scrolling=\"no\" frameborder=\"no\" src=\"https:\/\/w.soundcloud.com\/player\/?visual=true&#038;url=https%3A%2F%2Fapi.soundcloud.com%2Fplaylists%2F529209477&#038;show_artwork=true&#038;maxheight=750&#038;maxwidth=500\"><\/iframe><\/div>\n<div class=\"embed-responsive embed-responsive-16by9\"><iframe loading=\"lazy\" title=\"CD Fryderykata 2008 by Balkan Band Sarakina\" width=\"500\" height=\"450\" scrolling=\"no\" frameborder=\"no\" src=\"https:\/\/w.soundcloud.com\/player\/?visual=true&#038;url=https%3A%2F%2Fapi.soundcloud.com%2Fplaylists%2F490546758&#038;show_artwork=true&#038;maxheight=750&#038;maxwidth=500\"><\/iframe><\/div>\n<div class=\"embed-responsive embed-responsive-16by9\"><iframe title=\"Spotify Embed: Jacek Grekow\" style=\"border-radius: 12px\" width=\"100%\" height=\"352\" frameborder=\"0\" allowfullscreen allow=\"autoplay; clipboard-write; encrypted-media; fullscreen; picture-in-picture\" loading=\"lazy\" src=\"https:\/\/open.spotify.com\/embed\/artist\/6x193NCSFTigwuEZubcGWB?si=IzcwAJrgSUymPSGYp5SD3g&#038;utm_source=oembed\"><\/iframe><\/div>\n","protected":false},"excerpt":{"rendered":"<p>Radio Akadera &#8211; Audycja Nie Tylko Marynistyczna &#8211; go\u015bciem jest prof. Jacek Grekow z wydz.<a class=\"read-more\" href=\"https:\/\/wi.pb.edu.pl\/p\/jacek-grekow\/music\/\" title=\"Poka\u017c artyku\u0142 Music\">wi\u0119cej<\/a><\/p>\n","protected":false},"author":14,"featured_media":0,"parent":248,"menu_order":0,"comment_status":"closed","ping_status":"closed","template":"","meta":{"inline_featured_image":false,"ngg_post_thumbnail":0,"footnotes":""},"class_list":["post-1239","page","type-page","status-publish","hentry"],"acf":[],"yoast_head":"<!-- This site is optimized with the Yoast SEO plugin v26.4 - https:\/\/yoast.com\/wordpress\/plugins\/seo\/ -->\n<title>Music - Strony pracownik\u00f3w Wydzia\u0142u Informatyki Politechniki Bia\u0142ostockiej<\/title>\n<meta name=\"robots\" content=\"index, follow, max-snippet:-1, max-image-preview:large, max-video-preview:-1\" \/>\n<link rel=\"canonical\" href=\"https:\/\/wi.pb.edu.pl\/p\/jacek-grekow\/music\/\" \/>\n<meta property=\"og:locale\" content=\"pl_PL\" \/>\n<meta property=\"og:type\" content=\"article\" \/>\n<meta property=\"og:title\" content=\"Music - Strony pracownik\u00f3w Wydzia\u0142u Informatyki Politechniki Bia\u0142ostockiej\" \/>\n<meta property=\"og:description\" content=\"Radio Akadera &#8211; Audycja Nie Tylko Marynistyczna &#8211; go\u015bciem jest prof. Jacek Grekow z wydz.wi\u0119cej\" \/>\n<meta property=\"og:url\" content=\"https:\/\/wi.pb.edu.pl\/p\/jacek-grekow\/music\/\" \/>\n<meta property=\"og:site_name\" content=\"Strony pracownik\u00f3w Wydzia\u0142u Informatyki Politechniki Bia\u0142ostockiej\" \/>\n<meta property=\"article:modified_time\" content=\"2024-07-25T07:59:42+00:00\" \/>\n<meta property=\"og:image\" content=\"https:\/\/wi.pb.edu.pl\/p\/wp-content\/uploads\/sites\/3\/2024\/07\/CDKyri.jpg\" \/>\n<meta name=\"twitter:card\" content=\"summary_large_image\" \/>\n<meta name=\"twitter:label1\" content=\"Szacowany czas czytania\" \/>\n\t<meta name=\"twitter:data1\" content=\"7 minut\" \/>\n<script type=\"application\/ld+json\" class=\"yoast-schema-graph\">{\"@context\":\"https:\/\/schema.org\",\"@graph\":[{\"@type\":\"WebPage\",\"@id\":\"https:\/\/wi.pb.edu.pl\/p\/jacek-grekow\/music\/\",\"url\":\"https:\/\/wi.pb.edu.pl\/p\/jacek-grekow\/music\/\",\"name\":\"Music - Strony pracownik\u00f3w Wydzia\u0142u Informatyki Politechniki Bia\u0142ostockiej\",\"isPartOf\":{\"@id\":\"https:\/\/wi.pb.edu.pl\/p\/#website\"},\"primaryImageOfPage\":{\"@id\":\"https:\/\/wi.pb.edu.pl\/p\/jacek-grekow\/music\/#primaryimage\"},\"image\":{\"@id\":\"https:\/\/wi.pb.edu.pl\/p\/jacek-grekow\/music\/#primaryimage\"},\"thumbnailUrl\":\"https:\/\/wi.pb.edu.pl\/p\/wp-content\/uploads\/sites\/3\/2024\/07\/CDKyri.jpg\",\"datePublished\":\"2024-07-23T08:58:58+00:00\",\"dateModified\":\"2024-07-25T07:59:42+00:00\",\"breadcrumb\":{\"@id\":\"https:\/\/wi.pb.edu.pl\/p\/jacek-grekow\/music\/#breadcrumb\"},\"inLanguage\":\"pl-PL\",\"potentialAction\":[{\"@type\":\"ReadAction\",\"target\":[\"https:\/\/wi.pb.edu.pl\/p\/jacek-grekow\/music\/\"]}]},{\"@type\":\"ImageObject\",\"inLanguage\":\"pl-PL\",\"@id\":\"https:\/\/wi.pb.edu.pl\/p\/jacek-grekow\/music\/#primaryimage\",\"url\":\"https:\/\/wi.pb.edu.pl\/p\/wp-content\/uploads\/sites\/3\/2024\/07\/CDKyri.jpg\",\"contentUrl\":\"https:\/\/wi.pb.edu.pl\/p\/wp-content\/uploads\/sites\/3\/2024\/07\/CDKyri.jpg\",\"width\":120,\"height\":108},{\"@type\":\"BreadcrumbList\",\"@id\":\"https:\/\/wi.pb.edu.pl\/p\/jacek-grekow\/music\/#breadcrumb\",\"itemListElement\":[{\"@type\":\"ListItem\",\"position\":1,\"name\":\"Strona g\u0142\u00f3wna\",\"item\":\"https:\/\/wi.pb.edu.pl\/p\/\"},{\"@type\":\"ListItem\",\"position\":2,\"name\":\"dr hab. in\u017c. Jacek Grekow\",\"item\":\"https:\/\/wi.pb.edu.pl\/p\/jacek-grekow\/\"},{\"@type\":\"ListItem\",\"position\":3,\"name\":\"Music\"}]},{\"@type\":\"WebSite\",\"@id\":\"https:\/\/wi.pb.edu.pl\/p\/#website\",\"url\":\"https:\/\/wi.pb.edu.pl\/p\/\",\"name\":\"Strony pracownik\u00f3w Wydzia\u0142u Informatyki Politechniki Bia\u0142ostockiej\",\"description\":\"\",\"potentialAction\":[{\"@type\":\"SearchAction\",\"target\":{\"@type\":\"EntryPoint\",\"urlTemplate\":\"https:\/\/wi.pb.edu.pl\/p\/?s={search_term_string}\"},\"query-input\":{\"@type\":\"PropertyValueSpecification\",\"valueRequired\":true,\"valueName\":\"search_term_string\"}}],\"inLanguage\":\"pl-PL\"}]}<\/script>\n<!-- \/ Yoast SEO plugin. -->","yoast_head_json":{"title":"Music - Strony pracownik\u00f3w Wydzia\u0142u Informatyki Politechniki Bia\u0142ostockiej","robots":{"index":"index","follow":"follow","max-snippet":"max-snippet:-1","max-image-preview":"max-image-preview:large","max-video-preview":"max-video-preview:-1"},"canonical":"https:\/\/wi.pb.edu.pl\/p\/jacek-grekow\/music\/","og_locale":"pl_PL","og_type":"article","og_title":"Music - Strony pracownik\u00f3w Wydzia\u0142u Informatyki Politechniki Bia\u0142ostockiej","og_description":"Radio Akadera &#8211; Audycja Nie Tylko Marynistyczna &#8211; go\u015bciem jest prof. Jacek Grekow z wydz.wi\u0119cej","og_url":"https:\/\/wi.pb.edu.pl\/p\/jacek-grekow\/music\/","og_site_name":"Strony pracownik\u00f3w Wydzia\u0142u Informatyki Politechniki Bia\u0142ostockiej","article_modified_time":"2024-07-25T07:59:42+00:00","og_image":[{"url":"https:\/\/wi.pb.edu.pl\/p\/wp-content\/uploads\/sites\/3\/2024\/07\/CDKyri.jpg","type":"","width":"","height":""}],"twitter_card":"summary_large_image","twitter_misc":{"Szacowany czas czytania":"7 minut"},"schema":{"@context":"https:\/\/schema.org","@graph":[{"@type":"WebPage","@id":"https:\/\/wi.pb.edu.pl\/p\/jacek-grekow\/music\/","url":"https:\/\/wi.pb.edu.pl\/p\/jacek-grekow\/music\/","name":"Music - Strony pracownik\u00f3w Wydzia\u0142u Informatyki Politechniki Bia\u0142ostockiej","isPartOf":{"@id":"https:\/\/wi.pb.edu.pl\/p\/#website"},"primaryImageOfPage":{"@id":"https:\/\/wi.pb.edu.pl\/p\/jacek-grekow\/music\/#primaryimage"},"image":{"@id":"https:\/\/wi.pb.edu.pl\/p\/jacek-grekow\/music\/#primaryimage"},"thumbnailUrl":"https:\/\/wi.pb.edu.pl\/p\/wp-content\/uploads\/sites\/3\/2024\/07\/CDKyri.jpg","datePublished":"2024-07-23T08:58:58+00:00","dateModified":"2024-07-25T07:59:42+00:00","breadcrumb":{"@id":"https:\/\/wi.pb.edu.pl\/p\/jacek-grekow\/music\/#breadcrumb"},"inLanguage":"pl-PL","potentialAction":[{"@type":"ReadAction","target":["https:\/\/wi.pb.edu.pl\/p\/jacek-grekow\/music\/"]}]},{"@type":"ImageObject","inLanguage":"pl-PL","@id":"https:\/\/wi.pb.edu.pl\/p\/jacek-grekow\/music\/#primaryimage","url":"https:\/\/wi.pb.edu.pl\/p\/wp-content\/uploads\/sites\/3\/2024\/07\/CDKyri.jpg","contentUrl":"https:\/\/wi.pb.edu.pl\/p\/wp-content\/uploads\/sites\/3\/2024\/07\/CDKyri.jpg","width":120,"height":108},{"@type":"BreadcrumbList","@id":"https:\/\/wi.pb.edu.pl\/p\/jacek-grekow\/music\/#breadcrumb","itemListElement":[{"@type":"ListItem","position":1,"name":"Strona g\u0142\u00f3wna","item":"https:\/\/wi.pb.edu.pl\/p\/"},{"@type":"ListItem","position":2,"name":"dr hab. in\u017c. Jacek Grekow","item":"https:\/\/wi.pb.edu.pl\/p\/jacek-grekow\/"},{"@type":"ListItem","position":3,"name":"Music"}]},{"@type":"WebSite","@id":"https:\/\/wi.pb.edu.pl\/p\/#website","url":"https:\/\/wi.pb.edu.pl\/p\/","name":"Strony pracownik\u00f3w Wydzia\u0142u Informatyki Politechniki Bia\u0142ostockiej","description":"","potentialAction":[{"@type":"SearchAction","target":{"@type":"EntryPoint","urlTemplate":"https:\/\/wi.pb.edu.pl\/p\/?s={search_term_string}"},"query-input":{"@type":"PropertyValueSpecification","valueRequired":true,"valueName":"search_term_string"}}],"inLanguage":"pl-PL"}]}},"_links":{"self":[{"href":"https:\/\/wi.pb.edu.pl\/p\/wp-json\/wp\/v2\/pages\/1239","targetHints":{"allow":["GET"]}}],"collection":[{"href":"https:\/\/wi.pb.edu.pl\/p\/wp-json\/wp\/v2\/pages"}],"about":[{"href":"https:\/\/wi.pb.edu.pl\/p\/wp-json\/wp\/v2\/types\/page"}],"author":[{"embeddable":true,"href":"https:\/\/wi.pb.edu.pl\/p\/wp-json\/wp\/v2\/users\/14"}],"replies":[{"embeddable":true,"href":"https:\/\/wi.pb.edu.pl\/p\/wp-json\/wp\/v2\/comments?post=1239"}],"version-history":[{"count":6,"href":"https:\/\/wi.pb.edu.pl\/p\/wp-json\/wp\/v2\/pages\/1239\/revisions"}],"predecessor-version":[{"id":1494,"href":"https:\/\/wi.pb.edu.pl\/p\/wp-json\/wp\/v2\/pages\/1239\/revisions\/1494"}],"up":[{"embeddable":true,"href":"https:\/\/wi.pb.edu.pl\/p\/wp-json\/wp\/v2\/pages\/248"}],"wp:attachment":[{"href":"https:\/\/wi.pb.edu.pl\/p\/wp-json\/wp\/v2\/media?parent=1239"}],"curies":[{"name":"wp","href":"https:\/\/api.w.org\/{rel}","templated":true}]}}