{"id":1322,"date":"2024-07-23T12:12:21","date_gmt":"2024-07-23T10:12:21","guid":{"rendered":"https:\/\/wi.pb.edu.pl\/p\/?page_id=1322"},"modified":"2024-07-23T12:12:21","modified_gmt":"2024-07-23T10:12:21","slug":"content-based-music-recommendation","status":"publish","type":"page","link":"https:\/\/wi.pb.edu.pl\/p\/jacek-grekow\/research\/content-based-music-recommendation\/","title":{"rendered":"Content-based music recommendation"},"content":{"rendered":"<p class=\"menu\">Music recommendation based on emotions tracking of musical performances<\/p>\n<p>&nbsp;<\/p>\n<ul>\n<li>Fryderyk Chopin &#8211; Prelude in C major, Op.28, No.1<\/li>\n<\/ul>\n<p><img loading=\"lazy\" decoding=\"async\" class=\"alignnone wp-image-1323 size-medium\" src=\"https:\/\/wi.pb.edu.pl\/p\/wp-content\/uploads\/sites\/3\/2024\/07\/P1-AV-Rub-Sok-300x237.png\" alt=\"\" width=\"300\" height=\"237\" srcset=\"https:\/\/wi.pb.edu.pl\/p\/wp-content\/uploads\/sites\/3\/2024\/07\/P1-AV-Rub-Sok-300x237.png 300w, https:\/\/wi.pb.edu.pl\/p\/wp-content\/uploads\/sites\/3\/2024\/07\/P1-AV-Rub-Sok-768x605.png 768w, https:\/\/wi.pb.edu.pl\/p\/wp-content\/uploads\/sites\/3\/2024\/07\/P1-AV-Rub-Sok.png 978w\" sizes=\"auto, (max-width: 300px) 100vw, 300px\" \/> <img loading=\"lazy\" decoding=\"async\" class=\"alignnone wp-image-1324 size-medium\" src=\"https:\/\/wi.pb.edu.pl\/p\/wp-content\/uploads\/sites\/3\/2024\/07\/P1-AV-Rub-Gil-300x237.png\" alt=\"\" width=\"300\" height=\"237\" srcset=\"https:\/\/wi.pb.edu.pl\/p\/wp-content\/uploads\/sites\/3\/2024\/07\/P1-AV-Rub-Gil-300x237.png 300w, https:\/\/wi.pb.edu.pl\/p\/wp-content\/uploads\/sites\/3\/2024\/07\/P1-AV-Rub-Gil-768x605.png 768w, https:\/\/wi.pb.edu.pl\/p\/wp-content\/uploads\/sites\/3\/2024\/07\/P1-AV-Rub-Gil.png 978w\" sizes=\"auto, (max-width: 300px) 100vw, 300px\" \/> <img loading=\"lazy\" decoding=\"async\" class=\"alignnone wp-image-1325 size-medium\" src=\"https:\/\/wi.pb.edu.pl\/p\/wp-content\/uploads\/sites\/3\/2024\/07\/P1-AVRank-Rub-Sok-300x241.png\" alt=\"\" width=\"300\" height=\"241\" srcset=\"https:\/\/wi.pb.edu.pl\/p\/wp-content\/uploads\/sites\/3\/2024\/07\/P1-AVRank-Rub-Sok-300x241.png 300w, https:\/\/wi.pb.edu.pl\/p\/wp-content\/uploads\/sites\/3\/2024\/07\/P1-AVRank-Rub-Sok-768x617.png 768w, https:\/\/wi.pb.edu.pl\/p\/wp-content\/uploads\/sites\/3\/2024\/07\/P1-AVRank-Rub-Sok.png 959w\" sizes=\"auto, (max-width: 300px) 100vw, 300px\" \/> <img loading=\"lazy\" decoding=\"async\" class=\"alignnone wp-image-1326 size-medium\" src=\"https:\/\/wi.pb.edu.pl\/p\/wp-content\/uploads\/sites\/3\/2024\/07\/P1-AVRank-Rub-Gil-300x241.png\" alt=\"\" width=\"300\" height=\"241\" srcset=\"https:\/\/wi.pb.edu.pl\/p\/wp-content\/uploads\/sites\/3\/2024\/07\/P1-AVRank-Rub-Gil-300x241.png 300w, https:\/\/wi.pb.edu.pl\/p\/wp-content\/uploads\/sites\/3\/2024\/07\/P1-AVRank-Rub-Gil-768x617.png 768w, https:\/\/wi.pb.edu.pl\/p\/wp-content\/uploads\/sites\/3\/2024\/07\/P1-AVRank-Rub-Gil.png 959w\" sizes=\"auto, (max-width: 300px) 100vw, 300px\" \/><\/p>\n","protected":false},"excerpt":{"rendered":"<p>Music recommendation based on emotions tracking of musical performances &nbsp; Fryderyk Chopin &#8211; Prelude in<a class=\"read-more\" href=\"https:\/\/wi.pb.edu.pl\/p\/jacek-grekow\/research\/content-based-music-recommendation\/\" title=\"Poka\u017c artyku\u0142 Content-based music recommendation\">wi\u0119cej<\/a><\/p>\n","protected":false},"author":14,"featured_media":0,"parent":259,"menu_order":0,"comment_status":"closed","ping_status":"closed","template":"","meta":{"inline_featured_image":false,"ngg_post_thumbnail":0,"footnotes":""},"class_list":["post-1322","page","type-page","status-publish","hentry"],"acf":[],"yoast_head":"<!-- This site is optimized with the Yoast SEO plugin v26.4 - https:\/\/yoast.com\/wordpress\/plugins\/seo\/ -->\n<title>Content-based music recommendation - Strony pracownik\u00f3w Wydzia\u0142u Informatyki Politechniki Bia\u0142ostockiej<\/title>\n<meta name=\"robots\" content=\"index, follow, max-snippet:-1, max-image-preview:large, max-video-preview:-1\" \/>\n<link rel=\"canonical\" href=\"https:\/\/wi.pb.edu.pl\/p\/jacek-grekow\/research\/content-based-music-recommendation\/\" \/>\n<meta property=\"og:locale\" content=\"pl_PL\" \/>\n<meta property=\"og:type\" content=\"article\" \/>\n<meta property=\"og:title\" content=\"Content-based music recommendation - Strony pracownik\u00f3w Wydzia\u0142u Informatyki Politechniki Bia\u0142ostockiej\" \/>\n<meta property=\"og:description\" content=\"Music recommendation based on emotions tracking of musical performances &nbsp; Fryderyk Chopin &#8211; Prelude inwi\u0119cej\" \/>\n<meta property=\"og:url\" content=\"https:\/\/wi.pb.edu.pl\/p\/jacek-grekow\/research\/content-based-music-recommendation\/\" \/>\n<meta property=\"og:site_name\" content=\"Strony pracownik\u00f3w Wydzia\u0142u Informatyki Politechniki Bia\u0142ostockiej\" \/>\n<meta property=\"og:image\" content=\"https:\/\/wi.pb.edu.pl\/p\/wp-content\/uploads\/sites\/3\/2024\/07\/P1-AV-Rub-Sok-300x237.png\" \/>\n<meta name=\"twitter:card\" content=\"summary_large_image\" \/>\n<meta name=\"twitter:label1\" content=\"Szacowany czas czytania\" \/>\n\t<meta name=\"twitter:data1\" content=\"1 minuta\" \/>\n<script type=\"application\/ld+json\" class=\"yoast-schema-graph\">{\"@context\":\"https:\/\/schema.org\",\"@graph\":[{\"@type\":\"WebPage\",\"@id\":\"https:\/\/wi.pb.edu.pl\/p\/jacek-grekow\/research\/content-based-music-recommendation\/\",\"url\":\"https:\/\/wi.pb.edu.pl\/p\/jacek-grekow\/research\/content-based-music-recommendation\/\",\"name\":\"Content-based music recommendation - Strony pracownik\u00f3w Wydzia\u0142u Informatyki Politechniki Bia\u0142ostockiej\",\"isPartOf\":{\"@id\":\"https:\/\/wi.pb.edu.pl\/p\/#website\"},\"primaryImageOfPage\":{\"@id\":\"https:\/\/wi.pb.edu.pl\/p\/jacek-grekow\/research\/content-based-music-recommendation\/#primaryimage\"},\"image\":{\"@id\":\"https:\/\/wi.pb.edu.pl\/p\/jacek-grekow\/research\/content-based-music-recommendation\/#primaryimage\"},\"thumbnailUrl\":\"https:\/\/wi.pb.edu.pl\/p\/wp-content\/uploads\/sites\/3\/2024\/07\/P1-AV-Rub-Sok-300x237.png\",\"datePublished\":\"2024-07-23T10:12:21+00:00\",\"breadcrumb\":{\"@id\":\"https:\/\/wi.pb.edu.pl\/p\/jacek-grekow\/research\/content-based-music-recommendation\/#breadcrumb\"},\"inLanguage\":\"pl-PL\",\"potentialAction\":[{\"@type\":\"ReadAction\",\"target\":[\"https:\/\/wi.pb.edu.pl\/p\/jacek-grekow\/research\/content-based-music-recommendation\/\"]}]},{\"@type\":\"ImageObject\",\"inLanguage\":\"pl-PL\",\"@id\":\"https:\/\/wi.pb.edu.pl\/p\/jacek-grekow\/research\/content-based-music-recommendation\/#primaryimage\",\"url\":\"https:\/\/wi.pb.edu.pl\/p\/wp-content\/uploads\/sites\/3\/2024\/07\/P1-AV-Rub-Sok.png\",\"contentUrl\":\"https:\/\/wi.pb.edu.pl\/p\/wp-content\/uploads\/sites\/3\/2024\/07\/P1-AV-Rub-Sok.png\",\"width\":978,\"height\":771},{\"@type\":\"BreadcrumbList\",\"@id\":\"https:\/\/wi.pb.edu.pl\/p\/jacek-grekow\/research\/content-based-music-recommendation\/#breadcrumb\",\"itemListElement\":[{\"@type\":\"ListItem\",\"position\":1,\"name\":\"Strona g\u0142\u00f3wna\",\"item\":\"https:\/\/wi.pb.edu.pl\/p\/\"},{\"@type\":\"ListItem\",\"position\":2,\"name\":\"dr hab. in\u017c. Jacek Grekow\",\"item\":\"https:\/\/wi.pb.edu.pl\/p\/jacek-grekow\/\"},{\"@type\":\"ListItem\",\"position\":3,\"name\":\"Research\",\"item\":\"https:\/\/wi.pb.edu.pl\/p\/jacek-grekow\/research\/\"},{\"@type\":\"ListItem\",\"position\":4,\"name\":\"Content-based music recommendation\"}]},{\"@type\":\"WebSite\",\"@id\":\"https:\/\/wi.pb.edu.pl\/p\/#website\",\"url\":\"https:\/\/wi.pb.edu.pl\/p\/\",\"name\":\"Strony pracownik\u00f3w Wydzia\u0142u Informatyki Politechniki Bia\u0142ostockiej\",\"description\":\"\",\"potentialAction\":[{\"@type\":\"SearchAction\",\"target\":{\"@type\":\"EntryPoint\",\"urlTemplate\":\"https:\/\/wi.pb.edu.pl\/p\/?s={search_term_string}\"},\"query-input\":{\"@type\":\"PropertyValueSpecification\",\"valueRequired\":true,\"valueName\":\"search_term_string\"}}],\"inLanguage\":\"pl-PL\"}]}<\/script>\n<!-- \/ Yoast SEO plugin. -->","yoast_head_json":{"title":"Content-based music recommendation - Strony pracownik\u00f3w Wydzia\u0142u Informatyki Politechniki Bia\u0142ostockiej","robots":{"index":"index","follow":"follow","max-snippet":"max-snippet:-1","max-image-preview":"max-image-preview:large","max-video-preview":"max-video-preview:-1"},"canonical":"https:\/\/wi.pb.edu.pl\/p\/jacek-grekow\/research\/content-based-music-recommendation\/","og_locale":"pl_PL","og_type":"article","og_title":"Content-based music recommendation - Strony pracownik\u00f3w Wydzia\u0142u Informatyki Politechniki Bia\u0142ostockiej","og_description":"Music recommendation based on emotions tracking of musical performances &nbsp; Fryderyk Chopin &#8211; Prelude inwi\u0119cej","og_url":"https:\/\/wi.pb.edu.pl\/p\/jacek-grekow\/research\/content-based-music-recommendation\/","og_site_name":"Strony pracownik\u00f3w Wydzia\u0142u Informatyki Politechniki Bia\u0142ostockiej","og_image":[{"url":"https:\/\/wi.pb.edu.pl\/p\/wp-content\/uploads\/sites\/3\/2024\/07\/P1-AV-Rub-Sok-300x237.png","type":"","width":"","height":""}],"twitter_card":"summary_large_image","twitter_misc":{"Szacowany czas czytania":"1 minuta"},"schema":{"@context":"https:\/\/schema.org","@graph":[{"@type":"WebPage","@id":"https:\/\/wi.pb.edu.pl\/p\/jacek-grekow\/research\/content-based-music-recommendation\/","url":"https:\/\/wi.pb.edu.pl\/p\/jacek-grekow\/research\/content-based-music-recommendation\/","name":"Content-based music recommendation - Strony pracownik\u00f3w Wydzia\u0142u Informatyki Politechniki Bia\u0142ostockiej","isPartOf":{"@id":"https:\/\/wi.pb.edu.pl\/p\/#website"},"primaryImageOfPage":{"@id":"https:\/\/wi.pb.edu.pl\/p\/jacek-grekow\/research\/content-based-music-recommendation\/#primaryimage"},"image":{"@id":"https:\/\/wi.pb.edu.pl\/p\/jacek-grekow\/research\/content-based-music-recommendation\/#primaryimage"},"thumbnailUrl":"https:\/\/wi.pb.edu.pl\/p\/wp-content\/uploads\/sites\/3\/2024\/07\/P1-AV-Rub-Sok-300x237.png","datePublished":"2024-07-23T10:12:21+00:00","breadcrumb":{"@id":"https:\/\/wi.pb.edu.pl\/p\/jacek-grekow\/research\/content-based-music-recommendation\/#breadcrumb"},"inLanguage":"pl-PL","potentialAction":[{"@type":"ReadAction","target":["https:\/\/wi.pb.edu.pl\/p\/jacek-grekow\/research\/content-based-music-recommendation\/"]}]},{"@type":"ImageObject","inLanguage":"pl-PL","@id":"https:\/\/wi.pb.edu.pl\/p\/jacek-grekow\/research\/content-based-music-recommendation\/#primaryimage","url":"https:\/\/wi.pb.edu.pl\/p\/wp-content\/uploads\/sites\/3\/2024\/07\/P1-AV-Rub-Sok.png","contentUrl":"https:\/\/wi.pb.edu.pl\/p\/wp-content\/uploads\/sites\/3\/2024\/07\/P1-AV-Rub-Sok.png","width":978,"height":771},{"@type":"BreadcrumbList","@id":"https:\/\/wi.pb.edu.pl\/p\/jacek-grekow\/research\/content-based-music-recommendation\/#breadcrumb","itemListElement":[{"@type":"ListItem","position":1,"name":"Strona g\u0142\u00f3wna","item":"https:\/\/wi.pb.edu.pl\/p\/"},{"@type":"ListItem","position":2,"name":"dr hab. in\u017c. Jacek Grekow","item":"https:\/\/wi.pb.edu.pl\/p\/jacek-grekow\/"},{"@type":"ListItem","position":3,"name":"Research","item":"https:\/\/wi.pb.edu.pl\/p\/jacek-grekow\/research\/"},{"@type":"ListItem","position":4,"name":"Content-based music recommendation"}]},{"@type":"WebSite","@id":"https:\/\/wi.pb.edu.pl\/p\/#website","url":"https:\/\/wi.pb.edu.pl\/p\/","name":"Strony pracownik\u00f3w Wydzia\u0142u Informatyki Politechniki Bia\u0142ostockiej","description":"","potentialAction":[{"@type":"SearchAction","target":{"@type":"EntryPoint","urlTemplate":"https:\/\/wi.pb.edu.pl\/p\/?s={search_term_string}"},"query-input":{"@type":"PropertyValueSpecification","valueRequired":true,"valueName":"search_term_string"}}],"inLanguage":"pl-PL"}]}},"_links":{"self":[{"href":"https:\/\/wi.pb.edu.pl\/p\/wp-json\/wp\/v2\/pages\/1322","targetHints":{"allow":["GET"]}}],"collection":[{"href":"https:\/\/wi.pb.edu.pl\/p\/wp-json\/wp\/v2\/pages"}],"about":[{"href":"https:\/\/wi.pb.edu.pl\/p\/wp-json\/wp\/v2\/types\/page"}],"author":[{"embeddable":true,"href":"https:\/\/wi.pb.edu.pl\/p\/wp-json\/wp\/v2\/users\/14"}],"replies":[{"embeddable":true,"href":"https:\/\/wi.pb.edu.pl\/p\/wp-json\/wp\/v2\/comments?post=1322"}],"version-history":[{"count":3,"href":"https:\/\/wi.pb.edu.pl\/p\/wp-json\/wp\/v2\/pages\/1322\/revisions"}],"predecessor-version":[{"id":1329,"href":"https:\/\/wi.pb.edu.pl\/p\/wp-json\/wp\/v2\/pages\/1322\/revisions\/1329"}],"up":[{"embeddable":true,"href":"https:\/\/wi.pb.edu.pl\/p\/wp-json\/wp\/v2\/pages\/259"}],"wp:attachment":[{"href":"https:\/\/wi.pb.edu.pl\/p\/wp-json\/wp\/v2\/media?parent=1322"}],"curies":[{"name":"wp","href":"https:\/\/api.w.org\/{rel}","templated":true}]}}