{"id":1335,"date":"2024-07-23T12:16:06","date_gmt":"2024-07-23T10:16:06","guid":{"rendered":"https:\/\/wi.pb.edu.pl\/p\/?page_id=1335"},"modified":"2024-09-17T10:45:16","modified_gmt":"2024-09-17T08:45:16","slug":"comparative-analysis-of-musical-performances","status":"publish","type":"page","link":"https:\/\/wi.pb.edu.pl\/p\/jacek-grekow\/research\/comparative-analysis-of-musical-performances\/","title":{"rendered":"Comparative Analysis of Musical Performances"},"content":{"rendered":"<p>Comparative Analysis of Musical Performances by Using Emotion Tracking in the Arousal-Valence Plane<\/p>\n<p>Systems searching musical compositions on Internet databases more and more often add an option of selecting emotions to the basic search parameters, such as title, composer, genre, etc. Finding pieces with a similar emotional distribution throughout the same composition is an option that further extends the capabilities of search systems. In this study, we presented a comparative analysis of musical performances by using emotion tracking. A dimensional approach of dynamic music emotion recognition was used in the analysis. Values of arousal and valence, predicted by regressors, were used to compare performances. We analyzed the emotional content of performances of 6 musical works. The obtained results confirm the validity of the assumption that tracking and analyzing the values of arousal and valence over time in different performances of the same composition can be used to indicate their similarities.<\/p>\n<ul>\n<li><a title=\"Fryderyk Chopin \u2013 Prelude in C major, Op.28, No.1\" href=\"https:\/\/wi.pb.edu.pl\/p\/jacek-grekow\/research\/comparative-analysis-of-musical-performances\/fryderyk-chopin-prelude-in-c-major-op-28-no-1\/\">Fryderyk Chopin &#8211; Prelude in C major, Op.28, No.1<\/a><\/li>\n<li><a title=\"Fryderyk Chopin \u2013 Prelude in D major, Op.28, No.5\" href=\"https:\/\/wi.pb.edu.pl\/p\/jacek-grekow\/research\/comparative-analysis-of-musical-performances\/fryderyk-chopin-prelude-in-d-major-op-28-no-5\/\">Fryderyk Chopin &#8211; Prelude in D major, Op.28, No.5<\/a><\/li>\n<li><a title=\"Fryderyk Chopin \u2013 Prelude in F minor, Op.28, No.18\" href=\"https:\/\/wi.pb.edu.pl\/p\/jacek-grekow\/research\/comparative-analysis-of-musical-performances\/fryderyk-chopin-prelude-in-f-minor-op-28-no-18\/\">Fryderyk Chopin &#8211; Prelude in F minor, Op.28, No.18<\/a><\/li>\n<li><a title=\"Fryderyk Chopin \u2013 Prelude in C minor, Op.28, No.20\" href=\"https:\/\/wi.pb.edu.pl\/p\/jacek-grekow\/research\/comparative-analysis-of-musical-performances\/fryderyk-chopin-prelude-in-c-minor-op-28-no-20\/\">Fryderyk Chopin &#8211; Prelude in C minor, Op.28, No.20<\/a><\/li>\n<li><a title=\"Ludwig van Beethoven \u2013 Symphony No.3\" href=\"https:\/\/wi.pb.edu.pl\/p\/jacek-grekow\/research\/comparative-analysis-of-musical-performances\/ludwig-van-beethoven-symphony-no-3\/\">Ludwig van Beethoven &#8211; Symphony No.3<\/a><\/li>\n<li><a title=\"Ludwig van Beethoven \u2013 Symphony No5.\" href=\"https:\/\/wi.pb.edu.pl\/p\/jacek-grekow\/research\/comparative-analysis-of-musical-performances\/ludwig-van-beethoven-symphony-no5\/\">Ludwig van Beethoven &#8211; Symphony No.5<\/a><\/li>\n<\/ul>\n<p><img decoding=\"async\" src=\"https:\/\/wi.pb.edu.pl\/p\/wp-content\/uploads\/sites\/3\/2024\/07\/Aplication.png\"><\/p>\n","protected":false},"excerpt":{"rendered":"<p>Comparative Analysis of Musical Performances by Using Emotion Tracking in the Arousal-Valence Plane Systems searching<a class=\"read-more\" href=\"https:\/\/wi.pb.edu.pl\/p\/jacek-grekow\/research\/comparative-analysis-of-musical-performances\/\" title=\"Poka\u017c artyku\u0142 Comparative Analysis of Musical Performances\">wi\u0119cej<\/a><\/p>\n","protected":false},"author":14,"featured_media":0,"parent":259,"menu_order":0,"comment_status":"closed","ping_status":"closed","template":"","meta":{"inline_featured_image":false,"ngg_post_thumbnail":0,"footnotes":""},"class_list":["post-1335","page","type-page","status-publish","hentry"],"acf":[],"yoast_head":"<!-- This site is optimized with the Yoast SEO plugin v26.4 - https:\/\/yoast.com\/wordpress\/plugins\/seo\/ -->\n<title>Comparative Analysis of Musical Performances - Strony pracownik\u00f3w Wydzia\u0142u Informatyki Politechniki Bia\u0142ostockiej<\/title>\n<meta name=\"robots\" content=\"index, follow, max-snippet:-1, max-image-preview:large, max-video-preview:-1\" \/>\n<link rel=\"canonical\" href=\"https:\/\/wi.pb.edu.pl\/p\/jacek-grekow\/research\/comparative-analysis-of-musical-performances\/\" \/>\n<meta property=\"og:locale\" content=\"pl_PL\" \/>\n<meta property=\"og:type\" content=\"article\" \/>\n<meta property=\"og:title\" content=\"Comparative Analysis of Musical Performances - Strony pracownik\u00f3w Wydzia\u0142u Informatyki Politechniki Bia\u0142ostockiej\" \/>\n<meta property=\"og:description\" content=\"Comparative Analysis of Musical Performances by Using Emotion Tracking in the Arousal-Valence Plane Systems searchingwi\u0119cej\" \/>\n<meta property=\"og:url\" content=\"https:\/\/wi.pb.edu.pl\/p\/jacek-grekow\/research\/comparative-analysis-of-musical-performances\/\" \/>\n<meta property=\"og:site_name\" content=\"Strony pracownik\u00f3w Wydzia\u0142u Informatyki Politechniki Bia\u0142ostockiej\" \/>\n<meta property=\"article:modified_time\" content=\"2024-09-17T08:45:16+00:00\" \/>\n<meta property=\"og:image\" content=\"https:\/\/wi.pb.edu.pl\/p\/wp-content\/uploads\/sites\/3\/2024\/07\/Aplication.png\" \/>\n<meta name=\"twitter:card\" content=\"summary_large_image\" \/>\n<meta name=\"twitter:label1\" content=\"Szacowany czas czytania\" \/>\n\t<meta name=\"twitter:data1\" content=\"2 minuty\" \/>\n<script type=\"application\/ld+json\" class=\"yoast-schema-graph\">{\"@context\":\"https:\/\/schema.org\",\"@graph\":[{\"@type\":\"WebPage\",\"@id\":\"https:\/\/wi.pb.edu.pl\/p\/jacek-grekow\/research\/comparative-analysis-of-musical-performances\/\",\"url\":\"https:\/\/wi.pb.edu.pl\/p\/jacek-grekow\/research\/comparative-analysis-of-musical-performances\/\",\"name\":\"Comparative Analysis of Musical Performances - Strony pracownik\u00f3w Wydzia\u0142u Informatyki Politechniki Bia\u0142ostockiej\",\"isPartOf\":{\"@id\":\"https:\/\/wi.pb.edu.pl\/p\/#website\"},\"primaryImageOfPage\":{\"@id\":\"https:\/\/wi.pb.edu.pl\/p\/jacek-grekow\/research\/comparative-analysis-of-musical-performances\/#primaryimage\"},\"image\":{\"@id\":\"https:\/\/wi.pb.edu.pl\/p\/jacek-grekow\/research\/comparative-analysis-of-musical-performances\/#primaryimage\"},\"thumbnailUrl\":\"https:\/\/wi.pb.edu.pl\/p\/wp-content\/uploads\/sites\/3\/2024\/07\/Aplication.png\",\"datePublished\":\"2024-07-23T10:16:06+00:00\",\"dateModified\":\"2024-09-17T08:45:16+00:00\",\"breadcrumb\":{\"@id\":\"https:\/\/wi.pb.edu.pl\/p\/jacek-grekow\/research\/comparative-analysis-of-musical-performances\/#breadcrumb\"},\"inLanguage\":\"pl-PL\",\"potentialAction\":[{\"@type\":\"ReadAction\",\"target\":[\"https:\/\/wi.pb.edu.pl\/p\/jacek-grekow\/research\/comparative-analysis-of-musical-performances\/\"]}]},{\"@type\":\"ImageObject\",\"inLanguage\":\"pl-PL\",\"@id\":\"https:\/\/wi.pb.edu.pl\/p\/jacek-grekow\/research\/comparative-analysis-of-musical-performances\/#primaryimage\",\"url\":\"https:\/\/wi.pb.edu.pl\/p\/wp-content\/uploads\/sites\/3\/2024\/07\/Aplication.png\",\"contentUrl\":\"https:\/\/wi.pb.edu.pl\/p\/wp-content\/uploads\/sites\/3\/2024\/07\/Aplication.png\",\"width\":1283,\"height\":763},{\"@type\":\"BreadcrumbList\",\"@id\":\"https:\/\/wi.pb.edu.pl\/p\/jacek-grekow\/research\/comparative-analysis-of-musical-performances\/#breadcrumb\",\"itemListElement\":[{\"@type\":\"ListItem\",\"position\":1,\"name\":\"Strona g\u0142\u00f3wna\",\"item\":\"https:\/\/wi.pb.edu.pl\/p\/\"},{\"@type\":\"ListItem\",\"position\":2,\"name\":\"dr hab. in\u017c. Jacek Grekow\",\"item\":\"https:\/\/wi.pb.edu.pl\/p\/jacek-grekow\/\"},{\"@type\":\"ListItem\",\"position\":3,\"name\":\"Research\",\"item\":\"https:\/\/wi.pb.edu.pl\/p\/jacek-grekow\/research\/\"},{\"@type\":\"ListItem\",\"position\":4,\"name\":\"Comparative Analysis of Musical Performances\"}]},{\"@type\":\"WebSite\",\"@id\":\"https:\/\/wi.pb.edu.pl\/p\/#website\",\"url\":\"https:\/\/wi.pb.edu.pl\/p\/\",\"name\":\"Strony pracownik\u00f3w Wydzia\u0142u Informatyki Politechniki Bia\u0142ostockiej\",\"description\":\"\",\"potentialAction\":[{\"@type\":\"SearchAction\",\"target\":{\"@type\":\"EntryPoint\",\"urlTemplate\":\"https:\/\/wi.pb.edu.pl\/p\/?s={search_term_string}\"},\"query-input\":{\"@type\":\"PropertyValueSpecification\",\"valueRequired\":true,\"valueName\":\"search_term_string\"}}],\"inLanguage\":\"pl-PL\"}]}<\/script>\n<!-- \/ Yoast SEO plugin. -->","yoast_head_json":{"title":"Comparative Analysis of Musical Performances - Strony pracownik\u00f3w Wydzia\u0142u Informatyki Politechniki Bia\u0142ostockiej","robots":{"index":"index","follow":"follow","max-snippet":"max-snippet:-1","max-image-preview":"max-image-preview:large","max-video-preview":"max-video-preview:-1"},"canonical":"https:\/\/wi.pb.edu.pl\/p\/jacek-grekow\/research\/comparative-analysis-of-musical-performances\/","og_locale":"pl_PL","og_type":"article","og_title":"Comparative Analysis of Musical Performances - Strony pracownik\u00f3w Wydzia\u0142u Informatyki Politechniki Bia\u0142ostockiej","og_description":"Comparative Analysis of Musical Performances by Using Emotion Tracking in the Arousal-Valence Plane Systems searchingwi\u0119cej","og_url":"https:\/\/wi.pb.edu.pl\/p\/jacek-grekow\/research\/comparative-analysis-of-musical-performances\/","og_site_name":"Strony pracownik\u00f3w Wydzia\u0142u Informatyki Politechniki Bia\u0142ostockiej","article_modified_time":"2024-09-17T08:45:16+00:00","og_image":[{"url":"https:\/\/wi.pb.edu.pl\/p\/wp-content\/uploads\/sites\/3\/2024\/07\/Aplication.png","type":"","width":"","height":""}],"twitter_card":"summary_large_image","twitter_misc":{"Szacowany czas czytania":"2 minuty"},"schema":{"@context":"https:\/\/schema.org","@graph":[{"@type":"WebPage","@id":"https:\/\/wi.pb.edu.pl\/p\/jacek-grekow\/research\/comparative-analysis-of-musical-performances\/","url":"https:\/\/wi.pb.edu.pl\/p\/jacek-grekow\/research\/comparative-analysis-of-musical-performances\/","name":"Comparative Analysis of Musical Performances - Strony pracownik\u00f3w Wydzia\u0142u Informatyki Politechniki Bia\u0142ostockiej","isPartOf":{"@id":"https:\/\/wi.pb.edu.pl\/p\/#website"},"primaryImageOfPage":{"@id":"https:\/\/wi.pb.edu.pl\/p\/jacek-grekow\/research\/comparative-analysis-of-musical-performances\/#primaryimage"},"image":{"@id":"https:\/\/wi.pb.edu.pl\/p\/jacek-grekow\/research\/comparative-analysis-of-musical-performances\/#primaryimage"},"thumbnailUrl":"https:\/\/wi.pb.edu.pl\/p\/wp-content\/uploads\/sites\/3\/2024\/07\/Aplication.png","datePublished":"2024-07-23T10:16:06+00:00","dateModified":"2024-09-17T08:45:16+00:00","breadcrumb":{"@id":"https:\/\/wi.pb.edu.pl\/p\/jacek-grekow\/research\/comparative-analysis-of-musical-performances\/#breadcrumb"},"inLanguage":"pl-PL","potentialAction":[{"@type":"ReadAction","target":["https:\/\/wi.pb.edu.pl\/p\/jacek-grekow\/research\/comparative-analysis-of-musical-performances\/"]}]},{"@type":"ImageObject","inLanguage":"pl-PL","@id":"https:\/\/wi.pb.edu.pl\/p\/jacek-grekow\/research\/comparative-analysis-of-musical-performances\/#primaryimage","url":"https:\/\/wi.pb.edu.pl\/p\/wp-content\/uploads\/sites\/3\/2024\/07\/Aplication.png","contentUrl":"https:\/\/wi.pb.edu.pl\/p\/wp-content\/uploads\/sites\/3\/2024\/07\/Aplication.png","width":1283,"height":763},{"@type":"BreadcrumbList","@id":"https:\/\/wi.pb.edu.pl\/p\/jacek-grekow\/research\/comparative-analysis-of-musical-performances\/#breadcrumb","itemListElement":[{"@type":"ListItem","position":1,"name":"Strona g\u0142\u00f3wna","item":"https:\/\/wi.pb.edu.pl\/p\/"},{"@type":"ListItem","position":2,"name":"dr hab. in\u017c. Jacek Grekow","item":"https:\/\/wi.pb.edu.pl\/p\/jacek-grekow\/"},{"@type":"ListItem","position":3,"name":"Research","item":"https:\/\/wi.pb.edu.pl\/p\/jacek-grekow\/research\/"},{"@type":"ListItem","position":4,"name":"Comparative Analysis of Musical Performances"}]},{"@type":"WebSite","@id":"https:\/\/wi.pb.edu.pl\/p\/#website","url":"https:\/\/wi.pb.edu.pl\/p\/","name":"Strony pracownik\u00f3w Wydzia\u0142u Informatyki Politechniki Bia\u0142ostockiej","description":"","potentialAction":[{"@type":"SearchAction","target":{"@type":"EntryPoint","urlTemplate":"https:\/\/wi.pb.edu.pl\/p\/?s={search_term_string}"},"query-input":{"@type":"PropertyValueSpecification","valueRequired":true,"valueName":"search_term_string"}}],"inLanguage":"pl-PL"}]}},"_links":{"self":[{"href":"https:\/\/wi.pb.edu.pl\/p\/wp-json\/wp\/v2\/pages\/1335","targetHints":{"allow":["GET"]}}],"collection":[{"href":"https:\/\/wi.pb.edu.pl\/p\/wp-json\/wp\/v2\/pages"}],"about":[{"href":"https:\/\/wi.pb.edu.pl\/p\/wp-json\/wp\/v2\/types\/page"}],"author":[{"embeddable":true,"href":"https:\/\/wi.pb.edu.pl\/p\/wp-json\/wp\/v2\/users\/14"}],"replies":[{"embeddable":true,"href":"https:\/\/wi.pb.edu.pl\/p\/wp-json\/wp\/v2\/comments?post=1335"}],"version-history":[{"count":6,"href":"https:\/\/wi.pb.edu.pl\/p\/wp-json\/wp\/v2\/pages\/1335\/revisions"}],"predecessor-version":[{"id":1893,"href":"https:\/\/wi.pb.edu.pl\/p\/wp-json\/wp\/v2\/pages\/1335\/revisions\/1893"}],"up":[{"embeddable":true,"href":"https:\/\/wi.pb.edu.pl\/p\/wp-json\/wp\/v2\/pages\/259"}],"wp:attachment":[{"href":"https:\/\/wi.pb.edu.pl\/p\/wp-json\/wp\/v2\/media?parent=1335"}],"curies":[{"name":"wp","href":"https:\/\/api.w.org\/{rel}","templated":true}]}}