{"id":1361,"date":"2024-07-25T08:26:25","date_gmt":"2024-07-25T06:26:25","guid":{"rendered":"https:\/\/wi.pb.edu.pl\/p\/?page_id=1361"},"modified":"2024-07-25T08:33:19","modified_gmt":"2024-07-25T06:33:19","slug":"ludwig-van-beethoven-symphony-no-3","status":"publish","type":"page","link":"https:\/\/wi.pb.edu.pl\/p\/jacek-grekow\/research\/comparative-analysis-of-musical-performances\/ludwig-van-beethoven-symphony-no-3\/","title":{"rendered":"Ludwig van Beethoven \u2013 Symphony No.3"},"content":{"rendered":"<p class=\"menu\"><strong>Comparative Analysis of Musical Performances by Using Emotion Tracking in the Arousal-Valence Plane<\/strong><\/p>\n<p class=\"menu\"><strong>Ludwig van Beethoven &#8211; Symphony No3.<\/strong><\/p>\n<p>Symphony No.3 in E-flat major, Op.55 'Eroica&#8217; (the first 46 bars) performed by:<\/p>\n<ul>\n<li>NBC Symphony Orchestra conducted by Arturo Toscanini recorded in 1953;<\/li>\n<li>Berliner Philharmoniker conducted by Herbert von Karajan recorded in 1964;<\/li>\n<li>La Capella Reial de Catalunya conducted by Jordi Saval recorded in 1994;<\/li>\n<li>New York Philharmonic Orchestra conducted by Leonard Bernstein recorded in 1967;<\/li>\n<li>Philharmonia Orchestra conducted by Otto Klemperer recorded in 1959.<\/li>\n<\/ul>\n<p><img loading=\"lazy\" decoding=\"async\" class=\"alignnone wp-image-1379 size-medium\" src=\"https:\/\/wi.pb.edu.pl\/p\/wp-content\/uploads\/sites\/3\/2024\/07\/S3-Aro-300x225.png\" alt=\"\" width=\"300\" height=\"225\" srcset=\"https:\/\/wi.pb.edu.pl\/p\/wp-content\/uploads\/sites\/3\/2024\/07\/S3-Aro-300x225.png 300w, https:\/\/wi.pb.edu.pl\/p\/wp-content\/uploads\/sites\/3\/2024\/07\/S3-Aro.png 560w\" sizes=\"auto, (max-width: 300px) 100vw, 300px\" \/><img loading=\"lazy\" decoding=\"async\" class=\"alignnone wp-image-1395 size-medium\" style=\"font-size: 1.5rem\" src=\"https:\/\/wi.pb.edu.pl\/p\/wp-content\/uploads\/sites\/3\/2024\/07\/S3-Val-300x225.png\" alt=\"\" width=\"300\" height=\"225\" srcset=\"https:\/\/wi.pb.edu.pl\/p\/wp-content\/uploads\/sites\/3\/2024\/07\/S3-Val-300x225.png 300w, https:\/\/wi.pb.edu.pl\/p\/wp-content\/uploads\/sites\/3\/2024\/07\/S3-Val.png 560w\" sizes=\"auto, (max-width: 300px) 100vw, 300px\" \/><\/p>\n<p><img loading=\"lazy\" decoding=\"async\" class=\"alignnone wp-image-1380 size-medium\" style=\"font-size: 1.5rem\" src=\"https:\/\/wi.pb.edu.pl\/p\/wp-content\/uploads\/sites\/3\/2024\/07\/S3-SPAro-AT-300x225.png\" alt=\"\" width=\"300\" height=\"225\" srcset=\"https:\/\/wi.pb.edu.pl\/p\/wp-content\/uploads\/sites\/3\/2024\/07\/S3-SPAro-AT-300x225.png 300w, https:\/\/wi.pb.edu.pl\/p\/wp-content\/uploads\/sites\/3\/2024\/07\/S3-SPAro-AT.png 560w\" sizes=\"auto, (max-width: 300px) 100vw, 300px\" \/> <img loading=\"lazy\" decoding=\"async\" class=\"alignnone wp-image-1381 size-medium\" style=\"font-size: 1.5rem\" src=\"https:\/\/wi.pb.edu.pl\/p\/wp-content\/uploads\/sites\/3\/2024\/07\/S3-SPAro-HK-300x225.png\" alt=\"\" width=\"300\" height=\"225\" srcset=\"https:\/\/wi.pb.edu.pl\/p\/wp-content\/uploads\/sites\/3\/2024\/07\/S3-SPAro-HK-300x225.png 300w, https:\/\/wi.pb.edu.pl\/p\/wp-content\/uploads\/sites\/3\/2024\/07\/S3-SPAro-HK.png 560w\" sizes=\"auto, (max-width: 300px) 100vw, 300px\" \/> <img loading=\"lazy\" decoding=\"async\" class=\"alignnone wp-image-1382 size-medium\" style=\"font-size: 1.5rem\" src=\"https:\/\/wi.pb.edu.pl\/p\/wp-content\/uploads\/sites\/3\/2024\/07\/S3-SPAro-JS-300x225.png\" alt=\"\" width=\"300\" height=\"225\" srcset=\"https:\/\/wi.pb.edu.pl\/p\/wp-content\/uploads\/sites\/3\/2024\/07\/S3-SPAro-JS-300x225.png 300w, https:\/\/wi.pb.edu.pl\/p\/wp-content\/uploads\/sites\/3\/2024\/07\/S3-SPAro-JS.png 560w\" sizes=\"auto, (max-width: 300px) 100vw, 300px\" \/> <img loading=\"lazy\" decoding=\"async\" class=\"alignnone wp-image-1383 size-medium\" style=\"font-size: 1.5rem\" src=\"https:\/\/wi.pb.edu.pl\/p\/wp-content\/uploads\/sites\/3\/2024\/07\/S3-SPAro-LB-300x225.png\" alt=\"\" width=\"300\" height=\"225\" srcset=\"https:\/\/wi.pb.edu.pl\/p\/wp-content\/uploads\/sites\/3\/2024\/07\/S3-SPAro-LB-300x225.png 300w, https:\/\/wi.pb.edu.pl\/p\/wp-content\/uploads\/sites\/3\/2024\/07\/S3-SPAro-LB.png 560w\" sizes=\"auto, (max-width: 300px) 100vw, 300px\" \/> <img loading=\"lazy\" decoding=\"async\" class=\"alignnone wp-image-1384 size-medium\" style=\"font-size: 1.5rem\" src=\"https:\/\/wi.pb.edu.pl\/p\/wp-content\/uploads\/sites\/3\/2024\/07\/S3-SPAro-OK-300x225.png\" alt=\"\" width=\"300\" height=\"225\" srcset=\"https:\/\/wi.pb.edu.pl\/p\/wp-content\/uploads\/sites\/3\/2024\/07\/S3-SPAro-OK-300x225.png 300w, https:\/\/wi.pb.edu.pl\/p\/wp-content\/uploads\/sites\/3\/2024\/07\/S3-SPAro-OK.png 560w\" sizes=\"auto, (max-width: 300px) 100vw, 300px\" \/> <span style=\"font-size: 1.5rem\">&nbsp;<\/span><span style=\"font-size: 1.5rem\">&nbsp;<\/span><img loading=\"lazy\" decoding=\"async\" class=\"alignnone wp-image-1390 size-medium\" style=\"font-size: 1.5rem\" src=\"https:\/\/wi.pb.edu.pl\/p\/wp-content\/uploads\/sites\/3\/2024\/07\/S3-SPVal-AT-300x225.png\" alt=\"\" width=\"300\" height=\"225\" srcset=\"https:\/\/wi.pb.edu.pl\/p\/wp-content\/uploads\/sites\/3\/2024\/07\/S3-SPVal-AT-300x225.png 300w, https:\/\/wi.pb.edu.pl\/p\/wp-content\/uploads\/sites\/3\/2024\/07\/S3-SPVal-AT.png 560w\" sizes=\"auto, (max-width: 300px) 100vw, 300px\" \/><img loading=\"lazy\" decoding=\"async\" class=\"alignnone wp-image-1391 size-medium\" style=\"font-size: 1.5rem\" src=\"https:\/\/wi.pb.edu.pl\/p\/wp-content\/uploads\/sites\/3\/2024\/07\/S3-SPVal-HK-300x225.png\" alt=\"\" width=\"300\" height=\"225\" srcset=\"https:\/\/wi.pb.edu.pl\/p\/wp-content\/uploads\/sites\/3\/2024\/07\/S3-SPVal-HK-300x225.png 300w, https:\/\/wi.pb.edu.pl\/p\/wp-content\/uploads\/sites\/3\/2024\/07\/S3-SPVal-HK.png 560w\" sizes=\"auto, (max-width: 300px) 100vw, 300px\" \/><img loading=\"lazy\" decoding=\"async\" class=\"alignnone wp-image-1392 size-medium\" style=\"font-size: 1.5rem\" src=\"https:\/\/wi.pb.edu.pl\/p\/wp-content\/uploads\/sites\/3\/2024\/07\/S3-SPVal-JS-300x225.png\" alt=\"\" width=\"300\" height=\"225\" srcset=\"https:\/\/wi.pb.edu.pl\/p\/wp-content\/uploads\/sites\/3\/2024\/07\/S3-SPVal-JS-300x225.png 300w, https:\/\/wi.pb.edu.pl\/p\/wp-content\/uploads\/sites\/3\/2024\/07\/S3-SPVal-JS.png 560w\" sizes=\"auto, (max-width: 300px) 100vw, 300px\" \/><img loading=\"lazy\" decoding=\"async\" class=\"alignnone wp-image-1393 size-medium\" style=\"font-size: 1.5rem\" src=\"https:\/\/wi.pb.edu.pl\/p\/wp-content\/uploads\/sites\/3\/2024\/07\/S3-SPVal-LB-300x225.png\" alt=\"\" width=\"300\" height=\"225\" srcset=\"https:\/\/wi.pb.edu.pl\/p\/wp-content\/uploads\/sites\/3\/2024\/07\/S3-SPVal-LB-300x225.png 300w, https:\/\/wi.pb.edu.pl\/p\/wp-content\/uploads\/sites\/3\/2024\/07\/S3-SPVal-LB.png 560w\" sizes=\"auto, (max-width: 300px) 100vw, 300px\" \/><img loading=\"lazy\" decoding=\"async\" class=\"alignnone wp-image-1394 size-medium\" style=\"font-size: 1.5rem\" src=\"https:\/\/wi.pb.edu.pl\/p\/wp-content\/uploads\/sites\/3\/2024\/07\/S3-SPVal-OK-300x225.png\" alt=\"\" width=\"300\" height=\"225\" srcset=\"https:\/\/wi.pb.edu.pl\/p\/wp-content\/uploads\/sites\/3\/2024\/07\/S3-SPVal-OK-300x225.png 300w, https:\/\/wi.pb.edu.pl\/p\/wp-content\/uploads\/sites\/3\/2024\/07\/S3-SPVal-OK.png 560w\" sizes=\"auto, (max-width: 300px) 100vw, 300px\" \/><img loading=\"lazy\" decoding=\"async\" class=\"alignnone wp-image-1385 size-medium\" style=\"font-size: 1.5rem\" src=\"https:\/\/wi.pb.edu.pl\/p\/wp-content\/uploads\/sites\/3\/2024\/07\/S3-SPAV-AT-300x225.png\" alt=\"\" width=\"300\" height=\"225\" srcset=\"https:\/\/wi.pb.edu.pl\/p\/wp-content\/uploads\/sites\/3\/2024\/07\/S3-SPAV-AT-300x225.png 300w, https:\/\/wi.pb.edu.pl\/p\/wp-content\/uploads\/sites\/3\/2024\/07\/S3-SPAV-AT.png 560w\" sizes=\"auto, (max-width: 300px) 100vw, 300px\" \/><img loading=\"lazy\" decoding=\"async\" class=\"alignnone wp-image-1386 size-medium\" style=\"font-size: 1.5rem\" src=\"https:\/\/wi.pb.edu.pl\/p\/wp-content\/uploads\/sites\/3\/2024\/07\/S3-SPAV-HK-300x225.png\" alt=\"\" width=\"300\" height=\"225\" srcset=\"https:\/\/wi.pb.edu.pl\/p\/wp-content\/uploads\/sites\/3\/2024\/07\/S3-SPAV-HK-300x225.png 300w, https:\/\/wi.pb.edu.pl\/p\/wp-content\/uploads\/sites\/3\/2024\/07\/S3-SPAV-HK.png 560w\" sizes=\"auto, (max-width: 300px) 100vw, 300px\" \/><img loading=\"lazy\" decoding=\"async\" class=\"alignnone wp-image-1387 size-medium\" style=\"font-size: 1.5rem\" src=\"https:\/\/wi.pb.edu.pl\/p\/wp-content\/uploads\/sites\/3\/2024\/07\/S3-SPAV-JS-300x225.png\" alt=\"\" width=\"300\" height=\"225\" srcset=\"https:\/\/wi.pb.edu.pl\/p\/wp-content\/uploads\/sites\/3\/2024\/07\/S3-SPAV-JS-300x225.png 300w, https:\/\/wi.pb.edu.pl\/p\/wp-content\/uploads\/sites\/3\/2024\/07\/S3-SPAV-JS.png 560w\" sizes=\"auto, (max-width: 300px) 100vw, 300px\" \/><img loading=\"lazy\" decoding=\"async\" class=\"alignnone wp-image-1388 size-medium\" style=\"font-size: 1.5rem\" src=\"https:\/\/wi.pb.edu.pl\/p\/wp-content\/uploads\/sites\/3\/2024\/07\/S3-SPAV-LB-300x225.png\" alt=\"\" width=\"300\" height=\"225\" srcset=\"https:\/\/wi.pb.edu.pl\/p\/wp-content\/uploads\/sites\/3\/2024\/07\/S3-SPAV-LB-300x225.png 300w, https:\/\/wi.pb.edu.pl\/p\/wp-content\/uploads\/sites\/3\/2024\/07\/S3-SPAV-LB.png 560w\" sizes=\"auto, (max-width: 300px) 100vw, 300px\" \/> <img loading=\"lazy\" decoding=\"async\" class=\"alignnone wp-image-1389 size-medium\" style=\"font-size: 1.5rem\" src=\"https:\/\/wi.pb.edu.pl\/p\/wp-content\/uploads\/sites\/3\/2024\/07\/S3-SPAV-OK-300x225.png\" alt=\"\" width=\"300\" height=\"225\" srcset=\"https:\/\/wi.pb.edu.pl\/p\/wp-content\/uploads\/sites\/3\/2024\/07\/S3-SPAV-OK-300x225.png 300w, https:\/\/wi.pb.edu.pl\/p\/wp-content\/uploads\/sites\/3\/2024\/07\/S3-SPAV-OK.png 560w\" sizes=\"auto, (max-width: 300px) 100vw, 300px\" \/> <span style=\"font-size: 1.5rem\">&nbsp;<\/span> <span style=\"font-size: 1.5rem\">&nbsp;<\/span> <span style=\"font-size: 1.5rem\">&nbsp;<\/span><\/p>\n","protected":false},"excerpt":{"rendered":"<p>Comparative Analysis of Musical Performances by Using Emotion Tracking in the Arousal-Valence Plane Ludwig van<a class=\"read-more\" href=\"https:\/\/wi.pb.edu.pl\/p\/jacek-grekow\/research\/comparative-analysis-of-musical-performances\/ludwig-van-beethoven-symphony-no-3\/\" title=\"Poka\u017c artyku\u0142 Ludwig van Beethoven \u2013 Symphony No.3\">wi\u0119cej<\/a><\/p>\n","protected":false},"author":14,"featured_media":0,"parent":1335,"menu_order":0,"comment_status":"closed","ping_status":"closed","template":"","meta":{"inline_featured_image":false,"ngg_post_thumbnail":0,"footnotes":""},"class_list":["post-1361","page","type-page","status-publish","hentry"],"acf":[],"yoast_head":"<!-- This site is optimized with the Yoast SEO plugin v26.4 - https:\/\/yoast.com\/wordpress\/plugins\/seo\/ -->\n<title>Ludwig van Beethoven \u2013 Symphony No.3 - Strony pracownik\u00f3w Wydzia\u0142u Informatyki Politechniki Bia\u0142ostockiej<\/title>\n<meta name=\"robots\" content=\"index, follow, max-snippet:-1, max-image-preview:large, max-video-preview:-1\" \/>\n<link rel=\"canonical\" href=\"https:\/\/wi.pb.edu.pl\/p\/jacek-grekow\/research\/comparative-analysis-of-musical-performances\/ludwig-van-beethoven-symphony-no-3\/\" \/>\n<meta property=\"og:locale\" content=\"pl_PL\" \/>\n<meta property=\"og:type\" content=\"article\" \/>\n<meta property=\"og:title\" content=\"Ludwig van Beethoven \u2013 Symphony No.3 - Strony pracownik\u00f3w Wydzia\u0142u Informatyki Politechniki Bia\u0142ostockiej\" \/>\n<meta property=\"og:description\" content=\"Comparative Analysis of Musical Performances by Using Emotion Tracking in the Arousal-Valence Plane Ludwig vanwi\u0119cej\" \/>\n<meta property=\"og:url\" content=\"https:\/\/wi.pb.edu.pl\/p\/jacek-grekow\/research\/comparative-analysis-of-musical-performances\/ludwig-van-beethoven-symphony-no-3\/\" \/>\n<meta property=\"og:site_name\" content=\"Strony pracownik\u00f3w Wydzia\u0142u Informatyki Politechniki Bia\u0142ostockiej\" \/>\n<meta property=\"article:modified_time\" content=\"2024-07-25T06:33:19+00:00\" \/>\n<meta property=\"og:image\" content=\"https:\/\/wi.pb.edu.pl\/p\/wp-content\/uploads\/sites\/3\/2024\/07\/S3-Aro-300x225.png\" \/>\n<meta name=\"twitter:card\" content=\"summary_large_image\" \/>\n<meta name=\"twitter:label1\" content=\"Szacowany czas czytania\" \/>\n\t<meta name=\"twitter:data1\" content=\"4 minuty\" \/>\n<script type=\"application\/ld+json\" class=\"yoast-schema-graph\">{\"@context\":\"https:\/\/schema.org\",\"@graph\":[{\"@type\":\"WebPage\",\"@id\":\"https:\/\/wi.pb.edu.pl\/p\/jacek-grekow\/research\/comparative-analysis-of-musical-performances\/ludwig-van-beethoven-symphony-no-3\/\",\"url\":\"https:\/\/wi.pb.edu.pl\/p\/jacek-grekow\/research\/comparative-analysis-of-musical-performances\/ludwig-van-beethoven-symphony-no-3\/\",\"name\":\"Ludwig van Beethoven \u2013 Symphony No.3 - Strony pracownik\u00f3w Wydzia\u0142u Informatyki Politechniki Bia\u0142ostockiej\",\"isPartOf\":{\"@id\":\"https:\/\/wi.pb.edu.pl\/p\/#website\"},\"primaryImageOfPage\":{\"@id\":\"https:\/\/wi.pb.edu.pl\/p\/jacek-grekow\/research\/comparative-analysis-of-musical-performances\/ludwig-van-beethoven-symphony-no-3\/#primaryimage\"},\"image\":{\"@id\":\"https:\/\/wi.pb.edu.pl\/p\/jacek-grekow\/research\/comparative-analysis-of-musical-performances\/ludwig-van-beethoven-symphony-no-3\/#primaryimage\"},\"thumbnailUrl\":\"https:\/\/wi.pb.edu.pl\/p\/wp-content\/uploads\/sites\/3\/2024\/07\/S3-Aro-300x225.png\",\"datePublished\":\"2024-07-25T06:26:25+00:00\",\"dateModified\":\"2024-07-25T06:33:19+00:00\",\"breadcrumb\":{\"@id\":\"https:\/\/wi.pb.edu.pl\/p\/jacek-grekow\/research\/comparative-analysis-of-musical-performances\/ludwig-van-beethoven-symphony-no-3\/#breadcrumb\"},\"inLanguage\":\"pl-PL\",\"potentialAction\":[{\"@type\":\"ReadAction\",\"target\":[\"https:\/\/wi.pb.edu.pl\/p\/jacek-grekow\/research\/comparative-analysis-of-musical-performances\/ludwig-van-beethoven-symphony-no-3\/\"]}]},{\"@type\":\"ImageObject\",\"inLanguage\":\"pl-PL\",\"@id\":\"https:\/\/wi.pb.edu.pl\/p\/jacek-grekow\/research\/comparative-analysis-of-musical-performances\/ludwig-van-beethoven-symphony-no-3\/#primaryimage\",\"url\":\"https:\/\/wi.pb.edu.pl\/p\/wp-content\/uploads\/sites\/3\/2024\/07\/S3-Aro.png\",\"contentUrl\":\"https:\/\/wi.pb.edu.pl\/p\/wp-content\/uploads\/sites\/3\/2024\/07\/S3-Aro.png\",\"width\":560,\"height\":420},{\"@type\":\"BreadcrumbList\",\"@id\":\"https:\/\/wi.pb.edu.pl\/p\/jacek-grekow\/research\/comparative-analysis-of-musical-performances\/ludwig-van-beethoven-symphony-no-3\/#breadcrumb\",\"itemListElement\":[{\"@type\":\"ListItem\",\"position\":1,\"name\":\"Strona g\u0142\u00f3wna\",\"item\":\"https:\/\/wi.pb.edu.pl\/p\/\"},{\"@type\":\"ListItem\",\"position\":2,\"name\":\"dr hab. in\u017c. Jacek Grekow\",\"item\":\"https:\/\/wi.pb.edu.pl\/p\/jacek-grekow\/\"},{\"@type\":\"ListItem\",\"position\":3,\"name\":\"Research\",\"item\":\"https:\/\/wi.pb.edu.pl\/p\/jacek-grekow\/research\/\"},{\"@type\":\"ListItem\",\"position\":4,\"name\":\"Comparative Analysis of Musical Performances\",\"item\":\"https:\/\/wi.pb.edu.pl\/p\/jacek-grekow\/research\/comparative-analysis-of-musical-performances\/\"},{\"@type\":\"ListItem\",\"position\":5,\"name\":\"Ludwig van Beethoven \u2013 Symphony No.3\"}]},{\"@type\":\"WebSite\",\"@id\":\"https:\/\/wi.pb.edu.pl\/p\/#website\",\"url\":\"https:\/\/wi.pb.edu.pl\/p\/\",\"name\":\"Strony pracownik\u00f3w Wydzia\u0142u Informatyki Politechniki Bia\u0142ostockiej\",\"description\":\"\",\"potentialAction\":[{\"@type\":\"SearchAction\",\"target\":{\"@type\":\"EntryPoint\",\"urlTemplate\":\"https:\/\/wi.pb.edu.pl\/p\/?s={search_term_string}\"},\"query-input\":{\"@type\":\"PropertyValueSpecification\",\"valueRequired\":true,\"valueName\":\"search_term_string\"}}],\"inLanguage\":\"pl-PL\"}]}<\/script>\n<!-- \/ Yoast SEO plugin. -->","yoast_head_json":{"title":"Ludwig van Beethoven \u2013 Symphony No.3 - Strony pracownik\u00f3w Wydzia\u0142u Informatyki Politechniki Bia\u0142ostockiej","robots":{"index":"index","follow":"follow","max-snippet":"max-snippet:-1","max-image-preview":"max-image-preview:large","max-video-preview":"max-video-preview:-1"},"canonical":"https:\/\/wi.pb.edu.pl\/p\/jacek-grekow\/research\/comparative-analysis-of-musical-performances\/ludwig-van-beethoven-symphony-no-3\/","og_locale":"pl_PL","og_type":"article","og_title":"Ludwig van Beethoven \u2013 Symphony No.3 - Strony pracownik\u00f3w Wydzia\u0142u Informatyki Politechniki Bia\u0142ostockiej","og_description":"Comparative Analysis of Musical Performances by Using Emotion Tracking in the Arousal-Valence Plane Ludwig vanwi\u0119cej","og_url":"https:\/\/wi.pb.edu.pl\/p\/jacek-grekow\/research\/comparative-analysis-of-musical-performances\/ludwig-van-beethoven-symphony-no-3\/","og_site_name":"Strony pracownik\u00f3w Wydzia\u0142u Informatyki Politechniki Bia\u0142ostockiej","article_modified_time":"2024-07-25T06:33:19+00:00","og_image":[{"url":"https:\/\/wi.pb.edu.pl\/p\/wp-content\/uploads\/sites\/3\/2024\/07\/S3-Aro-300x225.png","type":"","width":"","height":""}],"twitter_card":"summary_large_image","twitter_misc":{"Szacowany czas czytania":"4 minuty"},"schema":{"@context":"https:\/\/schema.org","@graph":[{"@type":"WebPage","@id":"https:\/\/wi.pb.edu.pl\/p\/jacek-grekow\/research\/comparative-analysis-of-musical-performances\/ludwig-van-beethoven-symphony-no-3\/","url":"https:\/\/wi.pb.edu.pl\/p\/jacek-grekow\/research\/comparative-analysis-of-musical-performances\/ludwig-van-beethoven-symphony-no-3\/","name":"Ludwig van Beethoven \u2013 Symphony No.3 - Strony pracownik\u00f3w Wydzia\u0142u Informatyki Politechniki Bia\u0142ostockiej","isPartOf":{"@id":"https:\/\/wi.pb.edu.pl\/p\/#website"},"primaryImageOfPage":{"@id":"https:\/\/wi.pb.edu.pl\/p\/jacek-grekow\/research\/comparative-analysis-of-musical-performances\/ludwig-van-beethoven-symphony-no-3\/#primaryimage"},"image":{"@id":"https:\/\/wi.pb.edu.pl\/p\/jacek-grekow\/research\/comparative-analysis-of-musical-performances\/ludwig-van-beethoven-symphony-no-3\/#primaryimage"},"thumbnailUrl":"https:\/\/wi.pb.edu.pl\/p\/wp-content\/uploads\/sites\/3\/2024\/07\/S3-Aro-300x225.png","datePublished":"2024-07-25T06:26:25+00:00","dateModified":"2024-07-25T06:33:19+00:00","breadcrumb":{"@id":"https:\/\/wi.pb.edu.pl\/p\/jacek-grekow\/research\/comparative-analysis-of-musical-performances\/ludwig-van-beethoven-symphony-no-3\/#breadcrumb"},"inLanguage":"pl-PL","potentialAction":[{"@type":"ReadAction","target":["https:\/\/wi.pb.edu.pl\/p\/jacek-grekow\/research\/comparative-analysis-of-musical-performances\/ludwig-van-beethoven-symphony-no-3\/"]}]},{"@type":"ImageObject","inLanguage":"pl-PL","@id":"https:\/\/wi.pb.edu.pl\/p\/jacek-grekow\/research\/comparative-analysis-of-musical-performances\/ludwig-van-beethoven-symphony-no-3\/#primaryimage","url":"https:\/\/wi.pb.edu.pl\/p\/wp-content\/uploads\/sites\/3\/2024\/07\/S3-Aro.png","contentUrl":"https:\/\/wi.pb.edu.pl\/p\/wp-content\/uploads\/sites\/3\/2024\/07\/S3-Aro.png","width":560,"height":420},{"@type":"BreadcrumbList","@id":"https:\/\/wi.pb.edu.pl\/p\/jacek-grekow\/research\/comparative-analysis-of-musical-performances\/ludwig-van-beethoven-symphony-no-3\/#breadcrumb","itemListElement":[{"@type":"ListItem","position":1,"name":"Strona g\u0142\u00f3wna","item":"https:\/\/wi.pb.edu.pl\/p\/"},{"@type":"ListItem","position":2,"name":"dr hab. in\u017c. Jacek Grekow","item":"https:\/\/wi.pb.edu.pl\/p\/jacek-grekow\/"},{"@type":"ListItem","position":3,"name":"Research","item":"https:\/\/wi.pb.edu.pl\/p\/jacek-grekow\/research\/"},{"@type":"ListItem","position":4,"name":"Comparative Analysis of Musical Performances","item":"https:\/\/wi.pb.edu.pl\/p\/jacek-grekow\/research\/comparative-analysis-of-musical-performances\/"},{"@type":"ListItem","position":5,"name":"Ludwig van Beethoven \u2013 Symphony No.3"}]},{"@type":"WebSite","@id":"https:\/\/wi.pb.edu.pl\/p\/#website","url":"https:\/\/wi.pb.edu.pl\/p\/","name":"Strony pracownik\u00f3w Wydzia\u0142u Informatyki Politechniki Bia\u0142ostockiej","description":"","potentialAction":[{"@type":"SearchAction","target":{"@type":"EntryPoint","urlTemplate":"https:\/\/wi.pb.edu.pl\/p\/?s={search_term_string}"},"query-input":{"@type":"PropertyValueSpecification","valueRequired":true,"valueName":"search_term_string"}}],"inLanguage":"pl-PL"}]}},"_links":{"self":[{"href":"https:\/\/wi.pb.edu.pl\/p\/wp-json\/wp\/v2\/pages\/1361","targetHints":{"allow":["GET"]}}],"collection":[{"href":"https:\/\/wi.pb.edu.pl\/p\/wp-json\/wp\/v2\/pages"}],"about":[{"href":"https:\/\/wi.pb.edu.pl\/p\/wp-json\/wp\/v2\/types\/page"}],"author":[{"embeddable":true,"href":"https:\/\/wi.pb.edu.pl\/p\/wp-json\/wp\/v2\/users\/14"}],"replies":[{"embeddable":true,"href":"https:\/\/wi.pb.edu.pl\/p\/wp-json\/wp\/v2\/comments?post=1361"}],"version-history":[{"count":3,"href":"https:\/\/wi.pb.edu.pl\/p\/wp-json\/wp\/v2\/pages\/1361\/revisions"}],"predecessor-version":[{"id":1398,"href":"https:\/\/wi.pb.edu.pl\/p\/wp-json\/wp\/v2\/pages\/1361\/revisions\/1398"}],"up":[{"embeddable":true,"href":"https:\/\/wi.pb.edu.pl\/p\/wp-json\/wp\/v2\/pages\/1335"}],"wp:attachment":[{"href":"https:\/\/wi.pb.edu.pl\/p\/wp-json\/wp\/v2\/media?parent=1361"}],"curies":[{"name":"wp","href":"https:\/\/api.w.org\/{rel}","templated":true}]}}