{"id":1474,"date":"2024-07-25T09:53:14","date_gmt":"2024-07-25T07:53:14","guid":{"rendered":"https:\/\/wi.pb.edu.pl\/p\/?page_id=1474"},"modified":"2024-07-25T09:53:14","modified_gmt":"2024-07-25T07:53:14","slug":"fryderyk-chopin-prelude-in-c-major-op-28-no-1","status":"publish","type":"page","link":"https:\/\/wi.pb.edu.pl\/p\/jacek-grekow\/research\/comparative-analysis-of-musical-performances\/fryderyk-chopin-prelude-in-c-major-op-28-no-1\/","title":{"rendered":"Fryderyk Chopin \u2013 Prelude in C major, Op.28, No.1"},"content":{"rendered":"<p class=\"menu\">Comparative Analysis of Musical Performances by Using Emotion Tracking in the Arousal-Valence Plane<\/p>\n<p class=\"menu\">Fryderyk Chopin &#8211; Prelude in C major, Op.28, No.1<\/p>\n<p>The analyzed Chopin performances were audio recordings played by 5 famous pianists:<\/p>\n<ul>\n<li>Artur Rubinstein recorded in 1946<\/li>\n<li>Emil Gilels recorded in 1953<\/li>\n<li>Grigory Sokolov recorded in 1990<\/li>\n<li>Martha Argerich recorded in 1997<\/li>\n<li>Rafa\u0142 Blechacz recorded in 2007<\/li>\n<\/ul>\n<p><img loading=\"lazy\" decoding=\"async\" class=\"alignnone wp-image-1475 size-medium\" src=\"https:\/\/wi.pb.edu.pl\/p\/wp-content\/uploads\/sites\/3\/2024\/07\/P1-Aro-300x225.png\" alt=\"\" width=\"300\" height=\"225\" srcset=\"https:\/\/wi.pb.edu.pl\/p\/wp-content\/uploads\/sites\/3\/2024\/07\/P1-Aro-300x225.png 300w, https:\/\/wi.pb.edu.pl\/p\/wp-content\/uploads\/sites\/3\/2024\/07\/P1-Aro.png 560w\" sizes=\"auto, (max-width: 300px) 100vw, 300px\" \/><img loading=\"lazy\" decoding=\"async\" class=\"alignnone wp-image-1491 size-medium\" src=\"https:\/\/wi.pb.edu.pl\/p\/wp-content\/uploads\/sites\/3\/2024\/07\/P1-Val-300x225.png\" alt=\"\" width=\"300\" height=\"225\" srcset=\"https:\/\/wi.pb.edu.pl\/p\/wp-content\/uploads\/sites\/3\/2024\/07\/P1-Val-300x225.png 300w, https:\/\/wi.pb.edu.pl\/p\/wp-content\/uploads\/sites\/3\/2024\/07\/P1-Val.png 560w\" sizes=\"auto, (max-width: 300px) 100vw, 300px\" \/><\/p>\n<p><img loading=\"lazy\" decoding=\"async\" class=\"alignnone wp-image-1476 size-medium\" src=\"https:\/\/wi.pb.edu.pl\/p\/wp-content\/uploads\/sites\/3\/2024\/07\/P1-SPAro-AR-300x225.png\" alt=\"\" width=\"300\" height=\"225\" srcset=\"https:\/\/wi.pb.edu.pl\/p\/wp-content\/uploads\/sites\/3\/2024\/07\/P1-SPAro-AR-300x225.png 300w, https:\/\/wi.pb.edu.pl\/p\/wp-content\/uploads\/sites\/3\/2024\/07\/P1-SPAro-AR.png 560w\" sizes=\"auto, (max-width: 300px) 100vw, 300px\" \/> <img loading=\"lazy\" decoding=\"async\" class=\"alignnone wp-image-1477 size-medium\" src=\"https:\/\/wi.pb.edu.pl\/p\/wp-content\/uploads\/sites\/3\/2024\/07\/P1-SPAro-EG-300x225.png\" alt=\"\" width=\"300\" height=\"225\" srcset=\"https:\/\/wi.pb.edu.pl\/p\/wp-content\/uploads\/sites\/3\/2024\/07\/P1-SPAro-EG-300x225.png 300w, https:\/\/wi.pb.edu.pl\/p\/wp-content\/uploads\/sites\/3\/2024\/07\/P1-SPAro-EG.png 560w\" sizes=\"auto, (max-width: 300px) 100vw, 300px\" \/> <img loading=\"lazy\" decoding=\"async\" class=\"alignnone wp-image-1478 size-medium\" src=\"https:\/\/wi.pb.edu.pl\/p\/wp-content\/uploads\/sites\/3\/2024\/07\/P1-SPAro-GS-300x225.png\" alt=\"\" width=\"300\" height=\"225\" srcset=\"https:\/\/wi.pb.edu.pl\/p\/wp-content\/uploads\/sites\/3\/2024\/07\/P1-SPAro-GS-300x225.png 300w, https:\/\/wi.pb.edu.pl\/p\/wp-content\/uploads\/sites\/3\/2024\/07\/P1-SPAro-GS.png 560w\" sizes=\"auto, (max-width: 300px) 100vw, 300px\" \/> <img loading=\"lazy\" decoding=\"async\" class=\"alignnone wp-image-1479 size-medium\" src=\"https:\/\/wi.pb.edu.pl\/p\/wp-content\/uploads\/sites\/3\/2024\/07\/P1-SPAro-MA-300x225.png\" alt=\"\" width=\"300\" height=\"225\" srcset=\"https:\/\/wi.pb.edu.pl\/p\/wp-content\/uploads\/sites\/3\/2024\/07\/P1-SPAro-MA-300x225.png 300w, https:\/\/wi.pb.edu.pl\/p\/wp-content\/uploads\/sites\/3\/2024\/07\/P1-SPAro-MA.png 560w\" sizes=\"auto, (max-width: 300px) 100vw, 300px\" \/> <img loading=\"lazy\" decoding=\"async\" class=\"alignnone wp-image-1480 size-medium\" src=\"https:\/\/wi.pb.edu.pl\/p\/wp-content\/uploads\/sites\/3\/2024\/07\/P1-SPAro-RB-300x225.png\" alt=\"\" width=\"300\" height=\"225\" srcset=\"https:\/\/wi.pb.edu.pl\/p\/wp-content\/uploads\/sites\/3\/2024\/07\/P1-SPAro-RB-300x225.png 300w, https:\/\/wi.pb.edu.pl\/p\/wp-content\/uploads\/sites\/3\/2024\/07\/P1-SPAro-RB.png 560w\" sizes=\"auto, (max-width: 300px) 100vw, 300px\" \/> <img loading=\"lazy\" decoding=\"async\" class=\"alignnone wp-image-1486 size-medium\" src=\"https:\/\/wi.pb.edu.pl\/p\/wp-content\/uploads\/sites\/3\/2024\/07\/P1-SPVal-AR-300x225.png\" alt=\"\" width=\"300\" height=\"225\" srcset=\"https:\/\/wi.pb.edu.pl\/p\/wp-content\/uploads\/sites\/3\/2024\/07\/P1-SPVal-AR-300x225.png 300w, https:\/\/wi.pb.edu.pl\/p\/wp-content\/uploads\/sites\/3\/2024\/07\/P1-SPVal-AR.png 560w\" sizes=\"auto, (max-width: 300px) 100vw, 300px\" \/> <img loading=\"lazy\" decoding=\"async\" class=\"alignnone wp-image-1487 size-medium\" src=\"https:\/\/wi.pb.edu.pl\/p\/wp-content\/uploads\/sites\/3\/2024\/07\/P1-SPVal-EG-300x225.png\" alt=\"\" width=\"300\" height=\"225\" srcset=\"https:\/\/wi.pb.edu.pl\/p\/wp-content\/uploads\/sites\/3\/2024\/07\/P1-SPVal-EG-300x225.png 300w, https:\/\/wi.pb.edu.pl\/p\/wp-content\/uploads\/sites\/3\/2024\/07\/P1-SPVal-EG.png 560w\" sizes=\"auto, (max-width: 300px) 100vw, 300px\" \/> <img loading=\"lazy\" decoding=\"async\" class=\"alignnone wp-image-1488 size-medium\" src=\"https:\/\/wi.pb.edu.pl\/p\/wp-content\/uploads\/sites\/3\/2024\/07\/P1-SPVal-GS-300x225.png\" alt=\"\" width=\"300\" height=\"225\" srcset=\"https:\/\/wi.pb.edu.pl\/p\/wp-content\/uploads\/sites\/3\/2024\/07\/P1-SPVal-GS-300x225.png 300w, https:\/\/wi.pb.edu.pl\/p\/wp-content\/uploads\/sites\/3\/2024\/07\/P1-SPVal-GS.png 560w\" sizes=\"auto, (max-width: 300px) 100vw, 300px\" \/> <img loading=\"lazy\" decoding=\"async\" class=\"alignnone wp-image-1489 size-medium\" src=\"https:\/\/wi.pb.edu.pl\/p\/wp-content\/uploads\/sites\/3\/2024\/07\/P1-SPVal-MA-300x225.png\" alt=\"\" width=\"300\" height=\"225\" srcset=\"https:\/\/wi.pb.edu.pl\/p\/wp-content\/uploads\/sites\/3\/2024\/07\/P1-SPVal-MA-300x225.png 300w, https:\/\/wi.pb.edu.pl\/p\/wp-content\/uploads\/sites\/3\/2024\/07\/P1-SPVal-MA.png 560w\" sizes=\"auto, (max-width: 300px) 100vw, 300px\" \/> <img loading=\"lazy\" decoding=\"async\" class=\"alignnone wp-image-1490 size-medium\" src=\"https:\/\/wi.pb.edu.pl\/p\/wp-content\/uploads\/sites\/3\/2024\/07\/P1-SPVal-RB-300x225.png\" alt=\"\" width=\"300\" height=\"225\" srcset=\"https:\/\/wi.pb.edu.pl\/p\/wp-content\/uploads\/sites\/3\/2024\/07\/P1-SPVal-RB-300x225.png 300w, https:\/\/wi.pb.edu.pl\/p\/wp-content\/uploads\/sites\/3\/2024\/07\/P1-SPVal-RB.png 560w\" sizes=\"auto, (max-width: 300px) 100vw, 300px\" \/>&nbsp;<img loading=\"lazy\" decoding=\"async\" class=\"alignnone wp-image-1481 size-medium\" src=\"https:\/\/wi.pb.edu.pl\/p\/wp-content\/uploads\/sites\/3\/2024\/07\/P1-SPAV-AR-300x225.png\" alt=\"\" width=\"300\" height=\"225\" srcset=\"https:\/\/wi.pb.edu.pl\/p\/wp-content\/uploads\/sites\/3\/2024\/07\/P1-SPAV-AR-300x225.png 300w, https:\/\/wi.pb.edu.pl\/p\/wp-content\/uploads\/sites\/3\/2024\/07\/P1-SPAV-AR.png 560w\" sizes=\"auto, (max-width: 300px) 100vw, 300px\" \/> <img loading=\"lazy\" decoding=\"async\" class=\"alignnone wp-image-1482 size-medium\" src=\"https:\/\/wi.pb.edu.pl\/p\/wp-content\/uploads\/sites\/3\/2024\/07\/P1-SPAV-EG-300x225.png\" alt=\"\" width=\"300\" height=\"225\" srcset=\"https:\/\/wi.pb.edu.pl\/p\/wp-content\/uploads\/sites\/3\/2024\/07\/P1-SPAV-EG-300x225.png 300w, https:\/\/wi.pb.edu.pl\/p\/wp-content\/uploads\/sites\/3\/2024\/07\/P1-SPAV-EG.png 560w\" sizes=\"auto, (max-width: 300px) 100vw, 300px\" \/> <img loading=\"lazy\" decoding=\"async\" class=\"alignnone wp-image-1483 size-medium\" src=\"https:\/\/wi.pb.edu.pl\/p\/wp-content\/uploads\/sites\/3\/2024\/07\/P1-SPAV-GS-300x225.png\" alt=\"\" width=\"300\" height=\"225\" srcset=\"https:\/\/wi.pb.edu.pl\/p\/wp-content\/uploads\/sites\/3\/2024\/07\/P1-SPAV-GS-300x225.png 300w, https:\/\/wi.pb.edu.pl\/p\/wp-content\/uploads\/sites\/3\/2024\/07\/P1-SPAV-GS.png 560w\" sizes=\"auto, (max-width: 300px) 100vw, 300px\" \/> <img loading=\"lazy\" decoding=\"async\" class=\"alignnone wp-image-1484 size-medium\" src=\"https:\/\/wi.pb.edu.pl\/p\/wp-content\/uploads\/sites\/3\/2024\/07\/P1-SPAV-MA-300x225.png\" alt=\"\" width=\"300\" height=\"225\" srcset=\"https:\/\/wi.pb.edu.pl\/p\/wp-content\/uploads\/sites\/3\/2024\/07\/P1-SPAV-MA-300x225.png 300w, https:\/\/wi.pb.edu.pl\/p\/wp-content\/uploads\/sites\/3\/2024\/07\/P1-SPAV-MA.png 560w\" sizes=\"auto, (max-width: 300px) 100vw, 300px\" \/> <img loading=\"lazy\" decoding=\"async\" class=\"alignnone wp-image-1485 size-medium\" src=\"https:\/\/wi.pb.edu.pl\/p\/wp-content\/uploads\/sites\/3\/2024\/07\/P1-SPAV-RB-300x225.png\" alt=\"\" width=\"300\" height=\"225\" srcset=\"https:\/\/wi.pb.edu.pl\/p\/wp-content\/uploads\/sites\/3\/2024\/07\/P1-SPAV-RB-300x225.png 300w, https:\/\/wi.pb.edu.pl\/p\/wp-content\/uploads\/sites\/3\/2024\/07\/P1-SPAV-RB.png 560w\" sizes=\"auto, (max-width: 300px) 100vw, 300px\" \/>&nbsp;<\/p>\n","protected":false},"excerpt":{"rendered":"<p>Comparative Analysis of Musical Performances by Using Emotion Tracking in the Arousal-Valence Plane Fryderyk Chopin<a class=\"read-more\" href=\"https:\/\/wi.pb.edu.pl\/p\/jacek-grekow\/research\/comparative-analysis-of-musical-performances\/fryderyk-chopin-prelude-in-c-major-op-28-no-1\/\" title=\"Poka\u017c artyku\u0142 Fryderyk Chopin \u2013 Prelude in C major, Op.28, No.1\">wi\u0119cej<\/a><\/p>\n","protected":false},"author":14,"featured_media":0,"parent":1335,"menu_order":0,"comment_status":"closed","ping_status":"closed","template":"","meta":{"inline_featured_image":false,"ngg_post_thumbnail":0,"footnotes":""},"class_list":["post-1474","page","type-page","status-publish","hentry"],"acf":[],"yoast_head":"<!-- This site is optimized with the Yoast SEO plugin v26.4 - https:\/\/yoast.com\/wordpress\/plugins\/seo\/ -->\n<title>Fryderyk Chopin \u2013 Prelude in C major, Op.28, No.1 - Strony pracownik\u00f3w Wydzia\u0142u Informatyki Politechniki Bia\u0142ostockiej<\/title>\n<meta name=\"robots\" content=\"index, follow, max-snippet:-1, max-image-preview:large, max-video-preview:-1\" \/>\n<link rel=\"canonical\" href=\"https:\/\/wi.pb.edu.pl\/p\/jacek-grekow\/research\/comparative-analysis-of-musical-performances\/fryderyk-chopin-prelude-in-c-major-op-28-no-1\/\" \/>\n<meta property=\"og:locale\" content=\"pl_PL\" \/>\n<meta property=\"og:type\" content=\"article\" \/>\n<meta property=\"og:title\" content=\"Fryderyk Chopin \u2013 Prelude in C major, Op.28, No.1 - Strony pracownik\u00f3w Wydzia\u0142u Informatyki Politechniki Bia\u0142ostockiej\" \/>\n<meta property=\"og:description\" content=\"Comparative Analysis of Musical Performances by Using Emotion Tracking in the Arousal-Valence Plane Fryderyk Chopinwi\u0119cej\" \/>\n<meta property=\"og:url\" content=\"https:\/\/wi.pb.edu.pl\/p\/jacek-grekow\/research\/comparative-analysis-of-musical-performances\/fryderyk-chopin-prelude-in-c-major-op-28-no-1\/\" \/>\n<meta property=\"og:site_name\" content=\"Strony pracownik\u00f3w Wydzia\u0142u Informatyki Politechniki Bia\u0142ostockiej\" \/>\n<meta property=\"og:image\" content=\"https:\/\/wi.pb.edu.pl\/p\/wp-content\/uploads\/sites\/3\/2024\/07\/P1-Aro-300x225.png\" \/>\n<meta name=\"twitter:card\" content=\"summary_large_image\" \/>\n<meta name=\"twitter:label1\" content=\"Szacowany czas czytania\" \/>\n\t<meta name=\"twitter:data1\" content=\"4 minuty\" \/>\n<script type=\"application\/ld+json\" class=\"yoast-schema-graph\">{\"@context\":\"https:\/\/schema.org\",\"@graph\":[{\"@type\":\"WebPage\",\"@id\":\"https:\/\/wi.pb.edu.pl\/p\/jacek-grekow\/research\/comparative-analysis-of-musical-performances\/fryderyk-chopin-prelude-in-c-major-op-28-no-1\/\",\"url\":\"https:\/\/wi.pb.edu.pl\/p\/jacek-grekow\/research\/comparative-analysis-of-musical-performances\/fryderyk-chopin-prelude-in-c-major-op-28-no-1\/\",\"name\":\"Fryderyk Chopin \u2013 Prelude in C major, Op.28, No.1 - Strony pracownik\u00f3w Wydzia\u0142u Informatyki Politechniki Bia\u0142ostockiej\",\"isPartOf\":{\"@id\":\"https:\/\/wi.pb.edu.pl\/p\/#website\"},\"primaryImageOfPage\":{\"@id\":\"https:\/\/wi.pb.edu.pl\/p\/jacek-grekow\/research\/comparative-analysis-of-musical-performances\/fryderyk-chopin-prelude-in-c-major-op-28-no-1\/#primaryimage\"},\"image\":{\"@id\":\"https:\/\/wi.pb.edu.pl\/p\/jacek-grekow\/research\/comparative-analysis-of-musical-performances\/fryderyk-chopin-prelude-in-c-major-op-28-no-1\/#primaryimage\"},\"thumbnailUrl\":\"https:\/\/wi.pb.edu.pl\/p\/wp-content\/uploads\/sites\/3\/2024\/07\/P1-Aro-300x225.png\",\"datePublished\":\"2024-07-25T07:53:14+00:00\",\"breadcrumb\":{\"@id\":\"https:\/\/wi.pb.edu.pl\/p\/jacek-grekow\/research\/comparative-analysis-of-musical-performances\/fryderyk-chopin-prelude-in-c-major-op-28-no-1\/#breadcrumb\"},\"inLanguage\":\"pl-PL\",\"potentialAction\":[{\"@type\":\"ReadAction\",\"target\":[\"https:\/\/wi.pb.edu.pl\/p\/jacek-grekow\/research\/comparative-analysis-of-musical-performances\/fryderyk-chopin-prelude-in-c-major-op-28-no-1\/\"]}]},{\"@type\":\"ImageObject\",\"inLanguage\":\"pl-PL\",\"@id\":\"https:\/\/wi.pb.edu.pl\/p\/jacek-grekow\/research\/comparative-analysis-of-musical-performances\/fryderyk-chopin-prelude-in-c-major-op-28-no-1\/#primaryimage\",\"url\":\"https:\/\/wi.pb.edu.pl\/p\/wp-content\/uploads\/sites\/3\/2024\/07\/P1-Aro.png\",\"contentUrl\":\"https:\/\/wi.pb.edu.pl\/p\/wp-content\/uploads\/sites\/3\/2024\/07\/P1-Aro.png\",\"width\":560,\"height\":420},{\"@type\":\"BreadcrumbList\",\"@id\":\"https:\/\/wi.pb.edu.pl\/p\/jacek-grekow\/research\/comparative-analysis-of-musical-performances\/fryderyk-chopin-prelude-in-c-major-op-28-no-1\/#breadcrumb\",\"itemListElement\":[{\"@type\":\"ListItem\",\"position\":1,\"name\":\"Strona g\u0142\u00f3wna\",\"item\":\"https:\/\/wi.pb.edu.pl\/p\/\"},{\"@type\":\"ListItem\",\"position\":2,\"name\":\"dr hab. in\u017c. Jacek Grekow\",\"item\":\"https:\/\/wi.pb.edu.pl\/p\/jacek-grekow\/\"},{\"@type\":\"ListItem\",\"position\":3,\"name\":\"Research\",\"item\":\"https:\/\/wi.pb.edu.pl\/p\/jacek-grekow\/research\/\"},{\"@type\":\"ListItem\",\"position\":4,\"name\":\"Comparative Analysis of Musical Performances\",\"item\":\"https:\/\/wi.pb.edu.pl\/p\/jacek-grekow\/research\/comparative-analysis-of-musical-performances\/\"},{\"@type\":\"ListItem\",\"position\":5,\"name\":\"Fryderyk Chopin \u2013 Prelude in C major, Op.28, No.1\"}]},{\"@type\":\"WebSite\",\"@id\":\"https:\/\/wi.pb.edu.pl\/p\/#website\",\"url\":\"https:\/\/wi.pb.edu.pl\/p\/\",\"name\":\"Strony pracownik\u00f3w Wydzia\u0142u Informatyki Politechniki Bia\u0142ostockiej\",\"description\":\"\",\"potentialAction\":[{\"@type\":\"SearchAction\",\"target\":{\"@type\":\"EntryPoint\",\"urlTemplate\":\"https:\/\/wi.pb.edu.pl\/p\/?s={search_term_string}\"},\"query-input\":{\"@type\":\"PropertyValueSpecification\",\"valueRequired\":true,\"valueName\":\"search_term_string\"}}],\"inLanguage\":\"pl-PL\"}]}<\/script>\n<!-- \/ Yoast SEO plugin. -->","yoast_head_json":{"title":"Fryderyk Chopin \u2013 Prelude in C major, Op.28, No.1 - Strony pracownik\u00f3w Wydzia\u0142u Informatyki Politechniki Bia\u0142ostockiej","robots":{"index":"index","follow":"follow","max-snippet":"max-snippet:-1","max-image-preview":"max-image-preview:large","max-video-preview":"max-video-preview:-1"},"canonical":"https:\/\/wi.pb.edu.pl\/p\/jacek-grekow\/research\/comparative-analysis-of-musical-performances\/fryderyk-chopin-prelude-in-c-major-op-28-no-1\/","og_locale":"pl_PL","og_type":"article","og_title":"Fryderyk Chopin \u2013 Prelude in C major, Op.28, No.1 - Strony pracownik\u00f3w Wydzia\u0142u Informatyki Politechniki Bia\u0142ostockiej","og_description":"Comparative Analysis of Musical Performances by Using Emotion Tracking in the Arousal-Valence Plane Fryderyk Chopinwi\u0119cej","og_url":"https:\/\/wi.pb.edu.pl\/p\/jacek-grekow\/research\/comparative-analysis-of-musical-performances\/fryderyk-chopin-prelude-in-c-major-op-28-no-1\/","og_site_name":"Strony pracownik\u00f3w Wydzia\u0142u Informatyki Politechniki Bia\u0142ostockiej","og_image":[{"url":"https:\/\/wi.pb.edu.pl\/p\/wp-content\/uploads\/sites\/3\/2024\/07\/P1-Aro-300x225.png","type":"","width":"","height":""}],"twitter_card":"summary_large_image","twitter_misc":{"Szacowany czas czytania":"4 minuty"},"schema":{"@context":"https:\/\/schema.org","@graph":[{"@type":"WebPage","@id":"https:\/\/wi.pb.edu.pl\/p\/jacek-grekow\/research\/comparative-analysis-of-musical-performances\/fryderyk-chopin-prelude-in-c-major-op-28-no-1\/","url":"https:\/\/wi.pb.edu.pl\/p\/jacek-grekow\/research\/comparative-analysis-of-musical-performances\/fryderyk-chopin-prelude-in-c-major-op-28-no-1\/","name":"Fryderyk Chopin \u2013 Prelude in C major, Op.28, No.1 - Strony pracownik\u00f3w Wydzia\u0142u Informatyki Politechniki Bia\u0142ostockiej","isPartOf":{"@id":"https:\/\/wi.pb.edu.pl\/p\/#website"},"primaryImageOfPage":{"@id":"https:\/\/wi.pb.edu.pl\/p\/jacek-grekow\/research\/comparative-analysis-of-musical-performances\/fryderyk-chopin-prelude-in-c-major-op-28-no-1\/#primaryimage"},"image":{"@id":"https:\/\/wi.pb.edu.pl\/p\/jacek-grekow\/research\/comparative-analysis-of-musical-performances\/fryderyk-chopin-prelude-in-c-major-op-28-no-1\/#primaryimage"},"thumbnailUrl":"https:\/\/wi.pb.edu.pl\/p\/wp-content\/uploads\/sites\/3\/2024\/07\/P1-Aro-300x225.png","datePublished":"2024-07-25T07:53:14+00:00","breadcrumb":{"@id":"https:\/\/wi.pb.edu.pl\/p\/jacek-grekow\/research\/comparative-analysis-of-musical-performances\/fryderyk-chopin-prelude-in-c-major-op-28-no-1\/#breadcrumb"},"inLanguage":"pl-PL","potentialAction":[{"@type":"ReadAction","target":["https:\/\/wi.pb.edu.pl\/p\/jacek-grekow\/research\/comparative-analysis-of-musical-performances\/fryderyk-chopin-prelude-in-c-major-op-28-no-1\/"]}]},{"@type":"ImageObject","inLanguage":"pl-PL","@id":"https:\/\/wi.pb.edu.pl\/p\/jacek-grekow\/research\/comparative-analysis-of-musical-performances\/fryderyk-chopin-prelude-in-c-major-op-28-no-1\/#primaryimage","url":"https:\/\/wi.pb.edu.pl\/p\/wp-content\/uploads\/sites\/3\/2024\/07\/P1-Aro.png","contentUrl":"https:\/\/wi.pb.edu.pl\/p\/wp-content\/uploads\/sites\/3\/2024\/07\/P1-Aro.png","width":560,"height":420},{"@type":"BreadcrumbList","@id":"https:\/\/wi.pb.edu.pl\/p\/jacek-grekow\/research\/comparative-analysis-of-musical-performances\/fryderyk-chopin-prelude-in-c-major-op-28-no-1\/#breadcrumb","itemListElement":[{"@type":"ListItem","position":1,"name":"Strona g\u0142\u00f3wna","item":"https:\/\/wi.pb.edu.pl\/p\/"},{"@type":"ListItem","position":2,"name":"dr hab. in\u017c. Jacek Grekow","item":"https:\/\/wi.pb.edu.pl\/p\/jacek-grekow\/"},{"@type":"ListItem","position":3,"name":"Research","item":"https:\/\/wi.pb.edu.pl\/p\/jacek-grekow\/research\/"},{"@type":"ListItem","position":4,"name":"Comparative Analysis of Musical Performances","item":"https:\/\/wi.pb.edu.pl\/p\/jacek-grekow\/research\/comparative-analysis-of-musical-performances\/"},{"@type":"ListItem","position":5,"name":"Fryderyk Chopin \u2013 Prelude in C major, Op.28, No.1"}]},{"@type":"WebSite","@id":"https:\/\/wi.pb.edu.pl\/p\/#website","url":"https:\/\/wi.pb.edu.pl\/p\/","name":"Strony pracownik\u00f3w Wydzia\u0142u Informatyki Politechniki Bia\u0142ostockiej","description":"","potentialAction":[{"@type":"SearchAction","target":{"@type":"EntryPoint","urlTemplate":"https:\/\/wi.pb.edu.pl\/p\/?s={search_term_string}"},"query-input":{"@type":"PropertyValueSpecification","valueRequired":true,"valueName":"search_term_string"}}],"inLanguage":"pl-PL"}]}},"_links":{"self":[{"href":"https:\/\/wi.pb.edu.pl\/p\/wp-json\/wp\/v2\/pages\/1474","targetHints":{"allow":["GET"]}}],"collection":[{"href":"https:\/\/wi.pb.edu.pl\/p\/wp-json\/wp\/v2\/pages"}],"about":[{"href":"https:\/\/wi.pb.edu.pl\/p\/wp-json\/wp\/v2\/types\/page"}],"author":[{"embeddable":true,"href":"https:\/\/wi.pb.edu.pl\/p\/wp-json\/wp\/v2\/users\/14"}],"replies":[{"embeddable":true,"href":"https:\/\/wi.pb.edu.pl\/p\/wp-json\/wp\/v2\/comments?post=1474"}],"version-history":[{"count":1,"href":"https:\/\/wi.pb.edu.pl\/p\/wp-json\/wp\/v2\/pages\/1474\/revisions"}],"predecessor-version":[{"id":1492,"href":"https:\/\/wi.pb.edu.pl\/p\/wp-json\/wp\/v2\/pages\/1474\/revisions\/1492"}],"up":[{"embeddable":true,"href":"https:\/\/wi.pb.edu.pl\/p\/wp-json\/wp\/v2\/pages\/1335"}],"wp:attachment":[{"href":"https:\/\/wi.pb.edu.pl\/p\/wp-json\/wp\/v2\/media?parent=1474"}],"curies":[{"name":"wp","href":"https:\/\/api.w.org\/{rel}","templated":true}]}}