{"id":1548,"date":"2024-07-26T10:13:03","date_gmt":"2024-07-26T08:13:03","guid":{"rendered":"https:\/\/wi.pb.edu.pl\/p\/?page_id=1548"},"modified":"2024-07-26T11:27:11","modified_gmt":"2024-07-26T09:27:11","slug":"zubr","status":"publish","type":"page","link":"https:\/\/wi.pb.edu.pl\/p\/zubr\/","title":{"rendered":"\u017bubr"},"content":{"rendered":"<p><img loading=\"lazy\" decoding=\"async\" class=\"size-full wp-image-1549 alignleft\" src=\"https:\/\/wi.pb.edu.pl\/p\/wp-content\/uploads\/sites\/3\/2024\/07\/Logo1.jpg\" alt=\"\" width=\"400\" height=\"322\" srcset=\"https:\/\/wi.pb.edu.pl\/p\/wp-content\/uploads\/sites\/3\/2024\/07\/Logo1.jpg 400w, https:\/\/wi.pb.edu.pl\/p\/wp-content\/uploads\/sites\/3\/2024\/07\/Logo1-300x242.jpg 300w\" sizes=\"auto, (max-width: 400px) 100vw, 400px\" \/>Pakiet oprogramowania do syntezy system\u00f3w cyfrowych na bazie programowalnych uk\u0142ad\u00f3w logicznych<\/p>\n<div style=\"clear: both\">\n<h3>O nas<\/h3>\n<p>Pakiet ZUBR jest opracowywany przez pracownik\u00f3w i student\u00f3w dw\u00f3ch uczelni wy\u017cszych: Bia\u0142oruskiego Pa\u0144stwowego Uniwersytetu Informatyki i Radioelektroniki (Mi\u0144sk, Bia\u0142oru\u015b) i Politechniki Bia\u0142ostockiej (Bia\u0142ystok, Polska).<\/p>\n<h4>G\u0142\u00f3wni projektanci pakietu ZUBR:<\/h4>\n<p>dr hab. in\u017c. Walery So\u0142owjew, kierownik zespo\u0142u;<\/p>\n<p>dr in\u017c. Teodora Dimitrova-Grekow, konsultant, webmaster;<\/p>\n<p>dr in\u017c. Irena Bu\u0142atowa, konsultant; `<\/p>\n<p>dr in\u017c. Adam Klimowicz, g\u0142\u00f3wny programista.<\/p>\n<p>mgr in\u017c. Tomasz Grze\u015b, programista.<\/p>\n<\/div>\n<p>&nbsp;<\/p>\n<div class=\"row text-center\">\n<div class=\"col-sm-3 text-center\"><a class=\"button text-center animated zoomIn lead\" style=\"width: 100%;font-weight: 400;letter-spacing: 2px\" title=\"Co nowego\" href=\"https:\/\/wi.pb.edu.pl\/p\/zubr\/co-nowego\/\">Nowo\u015bci<\/a><\/div>\n<div class=\"col-sm-3 text-center\"><a class=\"button text-center animated zoomIn lead\" style=\"width: 100%;font-weight: 400;letter-spacing: 2px\" title=\"Metody\" href=\"https:\/\/wi.pb.edu.pl\/p\/zubr\/metody\/\">Metody<\/a><\/div>\n<div class=\"col-sm-3 text-center\"><a class=\"button text-center animated zoomIn lead\" style=\"width: 100%;font-weight: 400;letter-spacing: 2px\" title=\"Konwertery\" href=\"https:\/\/wi.pb.edu.pl\/p\/zubr\/konwertery\/\">Konwertory<\/a><\/div>\n<div class=\"col-sm-3 text-center\"><a class=\"button text-center animated zoomIn lead\" style=\"width: 100%;font-weight: 400;letter-spacing: 2px\" title=\"Rezultaty bada\u0144 eksperymentalnych metod syntezy\" href=\"https:\/\/wi.pb.edu.pl\/p\/zubr\/rezultaty-badan-eksperymentalnych-metod-syntezy\/\">Wyniki<\/a><\/div>\n<div class=\"col-sm-3 text-center\"><a class=\"button text-center animated zoomIn lead\" style=\"width: 100%;font-weight: 400;letter-spacing: 2px\" title=\"Wersja bezp\u0142atna\" href=\"https:\/\/wi.pb.edu.pl\/p\/zubr\/wersja-bezplatna\/\">Darmowe<\/a><\/div>\n<div class=\"col-sm-3 text-center\"><a class=\"button text-center animated zoomIn lead\" style=\"width: 100%;font-weight: 400;letter-spacing: 2px\" title=\"Kontakt\" href=\"https:\/\/wi.pb.edu.pl\/p\/zubr\/kontakt\/\">Kontakt<\/a><\/div>\n<\/div>\n","protected":false},"excerpt":{"rendered":"<p>Pakiet oprogramowania do syntezy system\u00f3w cyfrowych na bazie programowalnych uk\u0142ad\u00f3w logicznych O nas Pakiet ZUBR<a class=\"read-more\" href=\"https:\/\/wi.pb.edu.pl\/p\/zubr\/\" title=\"Poka\u017c artyku\u0142 \u017bubr\">wi\u0119cej<\/a><\/p>\n","protected":false},"author":14,"featured_media":0,"parent":0,"menu_order":0,"comment_status":"closed","ping_status":"closed","template":"","meta":{"inline_featured_image":false,"ngg_post_thumbnail":0,"footnotes":""},"class_list":["post-1548","page","type-page","status-publish","hentry"],"acf":[],"yoast_head":"<!-- This site is optimized with the Yoast SEO plugin v26.4 - https:\/\/yoast.com\/wordpress\/plugins\/seo\/ -->\n<title>\u017bubr - Strony pracownik\u00f3w Wydzia\u0142u Informatyki Politechniki Bia\u0142ostockiej<\/title>\n<meta name=\"robots\" content=\"index, follow, max-snippet:-1, max-image-preview:large, max-video-preview:-1\" \/>\n<link rel=\"canonical\" href=\"https:\/\/wi.pb.edu.pl\/p\/zubr\/\" \/>\n<meta property=\"og:locale\" content=\"pl_PL\" \/>\n<meta property=\"og:type\" content=\"article\" \/>\n<meta property=\"og:title\" content=\"\u017bubr - Strony pracownik\u00f3w Wydzia\u0142u Informatyki Politechniki Bia\u0142ostockiej\" \/>\n<meta property=\"og:description\" content=\"Pakiet oprogramowania do syntezy system\u00f3w cyfrowych na bazie programowalnych uk\u0142ad\u00f3w logicznych O nas Pakiet ZUBRwi\u0119cej\" \/>\n<meta property=\"og:url\" content=\"https:\/\/wi.pb.edu.pl\/p\/zubr\/\" \/>\n<meta property=\"og:site_name\" content=\"Strony pracownik\u00f3w Wydzia\u0142u Informatyki Politechniki Bia\u0142ostockiej\" \/>\n<meta property=\"article:modified_time\" content=\"2024-07-26T09:27:11+00:00\" \/>\n<meta property=\"og:image\" content=\"https:\/\/wi.pb.edu.pl\/p\/wp-content\/uploads\/sites\/3\/2024\/07\/Logo1.jpg\" \/>\n<meta name=\"twitter:card\" content=\"summary_large_image\" \/>\n<meta name=\"twitter:label1\" content=\"Szacowany czas czytania\" \/>\n\t<meta name=\"twitter:data1\" content=\"1 minuta\" \/>\n<script type=\"application\/ld+json\" class=\"yoast-schema-graph\">{\"@context\":\"https:\/\/schema.org\",\"@graph\":[{\"@type\":\"WebPage\",\"@id\":\"https:\/\/wi.pb.edu.pl\/p\/zubr\/\",\"url\":\"https:\/\/wi.pb.edu.pl\/p\/zubr\/\",\"name\":\"\u017bubr - Strony pracownik\u00f3w Wydzia\u0142u Informatyki Politechniki Bia\u0142ostockiej\",\"isPartOf\":{\"@id\":\"https:\/\/wi.pb.edu.pl\/p\/#website\"},\"primaryImageOfPage\":{\"@id\":\"https:\/\/wi.pb.edu.pl\/p\/zubr\/#primaryimage\"},\"image\":{\"@id\":\"https:\/\/wi.pb.edu.pl\/p\/zubr\/#primaryimage\"},\"thumbnailUrl\":\"https:\/\/wi.pb.edu.pl\/p\/wp-content\/uploads\/sites\/3\/2024\/07\/Logo1.jpg\",\"datePublished\":\"2024-07-26T08:13:03+00:00\",\"dateModified\":\"2024-07-26T09:27:11+00:00\",\"breadcrumb\":{\"@id\":\"https:\/\/wi.pb.edu.pl\/p\/zubr\/#breadcrumb\"},\"inLanguage\":\"pl-PL\",\"potentialAction\":[{\"@type\":\"ReadAction\",\"target\":[\"https:\/\/wi.pb.edu.pl\/p\/zubr\/\"]}]},{\"@type\":\"ImageObject\",\"inLanguage\":\"pl-PL\",\"@id\":\"https:\/\/wi.pb.edu.pl\/p\/zubr\/#primaryimage\",\"url\":\"https:\/\/wi.pb.edu.pl\/p\/wp-content\/uploads\/sites\/3\/2024\/07\/Logo1.jpg\",\"contentUrl\":\"https:\/\/wi.pb.edu.pl\/p\/wp-content\/uploads\/sites\/3\/2024\/07\/Logo1.jpg\",\"width\":400,\"height\":322},{\"@type\":\"BreadcrumbList\",\"@id\":\"https:\/\/wi.pb.edu.pl\/p\/zubr\/#breadcrumb\",\"itemListElement\":[{\"@type\":\"ListItem\",\"position\":1,\"name\":\"Strona g\u0142\u00f3wna\",\"item\":\"https:\/\/wi.pb.edu.pl\/p\/\"},{\"@type\":\"ListItem\",\"position\":2,\"name\":\"\u017bubr\"}]},{\"@type\":\"WebSite\",\"@id\":\"https:\/\/wi.pb.edu.pl\/p\/#website\",\"url\":\"https:\/\/wi.pb.edu.pl\/p\/\",\"name\":\"Strony pracownik\u00f3w Wydzia\u0142u Informatyki Politechniki Bia\u0142ostockiej\",\"description\":\"\",\"potentialAction\":[{\"@type\":\"SearchAction\",\"target\":{\"@type\":\"EntryPoint\",\"urlTemplate\":\"https:\/\/wi.pb.edu.pl\/p\/?s={search_term_string}\"},\"query-input\":{\"@type\":\"PropertyValueSpecification\",\"valueRequired\":true,\"valueName\":\"search_term_string\"}}],\"inLanguage\":\"pl-PL\"}]}<\/script>\n<!-- \/ Yoast SEO plugin. -->","yoast_head_json":{"title":"\u017bubr - Strony pracownik\u00f3w Wydzia\u0142u Informatyki Politechniki Bia\u0142ostockiej","robots":{"index":"index","follow":"follow","max-snippet":"max-snippet:-1","max-image-preview":"max-image-preview:large","max-video-preview":"max-video-preview:-1"},"canonical":"https:\/\/wi.pb.edu.pl\/p\/zubr\/","og_locale":"pl_PL","og_type":"article","og_title":"\u017bubr - Strony pracownik\u00f3w Wydzia\u0142u Informatyki Politechniki Bia\u0142ostockiej","og_description":"Pakiet oprogramowania do syntezy system\u00f3w cyfrowych na bazie programowalnych uk\u0142ad\u00f3w logicznych O nas Pakiet ZUBRwi\u0119cej","og_url":"https:\/\/wi.pb.edu.pl\/p\/zubr\/","og_site_name":"Strony pracownik\u00f3w Wydzia\u0142u Informatyki Politechniki Bia\u0142ostockiej","article_modified_time":"2024-07-26T09:27:11+00:00","og_image":[{"url":"https:\/\/wi.pb.edu.pl\/p\/wp-content\/uploads\/sites\/3\/2024\/07\/Logo1.jpg","type":"","width":"","height":""}],"twitter_card":"summary_large_image","twitter_misc":{"Szacowany czas czytania":"1 minuta"},"schema":{"@context":"https:\/\/schema.org","@graph":[{"@type":"WebPage","@id":"https:\/\/wi.pb.edu.pl\/p\/zubr\/","url":"https:\/\/wi.pb.edu.pl\/p\/zubr\/","name":"\u017bubr - Strony pracownik\u00f3w Wydzia\u0142u Informatyki Politechniki Bia\u0142ostockiej","isPartOf":{"@id":"https:\/\/wi.pb.edu.pl\/p\/#website"},"primaryImageOfPage":{"@id":"https:\/\/wi.pb.edu.pl\/p\/zubr\/#primaryimage"},"image":{"@id":"https:\/\/wi.pb.edu.pl\/p\/zubr\/#primaryimage"},"thumbnailUrl":"https:\/\/wi.pb.edu.pl\/p\/wp-content\/uploads\/sites\/3\/2024\/07\/Logo1.jpg","datePublished":"2024-07-26T08:13:03+00:00","dateModified":"2024-07-26T09:27:11+00:00","breadcrumb":{"@id":"https:\/\/wi.pb.edu.pl\/p\/zubr\/#breadcrumb"},"inLanguage":"pl-PL","potentialAction":[{"@type":"ReadAction","target":["https:\/\/wi.pb.edu.pl\/p\/zubr\/"]}]},{"@type":"ImageObject","inLanguage":"pl-PL","@id":"https:\/\/wi.pb.edu.pl\/p\/zubr\/#primaryimage","url":"https:\/\/wi.pb.edu.pl\/p\/wp-content\/uploads\/sites\/3\/2024\/07\/Logo1.jpg","contentUrl":"https:\/\/wi.pb.edu.pl\/p\/wp-content\/uploads\/sites\/3\/2024\/07\/Logo1.jpg","width":400,"height":322},{"@type":"BreadcrumbList","@id":"https:\/\/wi.pb.edu.pl\/p\/zubr\/#breadcrumb","itemListElement":[{"@type":"ListItem","position":1,"name":"Strona g\u0142\u00f3wna","item":"https:\/\/wi.pb.edu.pl\/p\/"},{"@type":"ListItem","position":2,"name":"\u017bubr"}]},{"@type":"WebSite","@id":"https:\/\/wi.pb.edu.pl\/p\/#website","url":"https:\/\/wi.pb.edu.pl\/p\/","name":"Strony pracownik\u00f3w Wydzia\u0142u Informatyki Politechniki Bia\u0142ostockiej","description":"","potentialAction":[{"@type":"SearchAction","target":{"@type":"EntryPoint","urlTemplate":"https:\/\/wi.pb.edu.pl\/p\/?s={search_term_string}"},"query-input":{"@type":"PropertyValueSpecification","valueRequired":true,"valueName":"search_term_string"}}],"inLanguage":"pl-PL"}]}},"_links":{"self":[{"href":"https:\/\/wi.pb.edu.pl\/p\/wp-json\/wp\/v2\/pages\/1548","targetHints":{"allow":["GET"]}}],"collection":[{"href":"https:\/\/wi.pb.edu.pl\/p\/wp-json\/wp\/v2\/pages"}],"about":[{"href":"https:\/\/wi.pb.edu.pl\/p\/wp-json\/wp\/v2\/types\/page"}],"author":[{"embeddable":true,"href":"https:\/\/wi.pb.edu.pl\/p\/wp-json\/wp\/v2\/users\/14"}],"replies":[{"embeddable":true,"href":"https:\/\/wi.pb.edu.pl\/p\/wp-json\/wp\/v2\/comments?post=1548"}],"version-history":[{"count":6,"href":"https:\/\/wi.pb.edu.pl\/p\/wp-json\/wp\/v2\/pages\/1548\/revisions"}],"predecessor-version":[{"id":1672,"href":"https:\/\/wi.pb.edu.pl\/p\/wp-json\/wp\/v2\/pages\/1548\/revisions\/1672"}],"wp:attachment":[{"href":"https:\/\/wi.pb.edu.pl\/p\/wp-json\/wp\/v2\/media?parent=1548"}],"curies":[{"name":"wp","href":"https:\/\/api.w.org\/{rel}","templated":true}]}}