{"id":1551,"date":"2024-07-26T10:13:58","date_gmt":"2024-07-26T08:13:58","guid":{"rendered":"https:\/\/wi.pb.edu.pl\/p\/?page_id=1551"},"modified":"2024-07-26T10:13:58","modified_gmt":"2024-07-26T08:13:58","slug":"co-nowego","status":"publish","type":"page","link":"https:\/\/wi.pb.edu.pl\/p\/zubr\/co-nowego\/","title":{"rendered":"Co nowego"},"content":{"rendered":"<p>20.05.2004<br \/>\nDodana mo\u017cliwo\u015bci wy\u015bwietlania raport\u00f3w w j\u00eazyku angielskim.<\/p>\n<p>21.06.2003<br \/>\nW rozdziale &#8222;Darmowe&#8221; dodana darmowa wersja programu do syntezy uk\u0142ad\u00f3w kombinacyjnych i automat\u00f3w sko\u0144czonych na PLD.<\/p>\n<p>11.06.2003<br \/>\nW rozdziale &#8222;Rezultaty bada\u0144 eksperymentalnych&#8221;, dodane zosta\u0142y wyniki por\u00f3wnania metod\u00f3w syntezy pakietu \u017bUBRa z metodami FPGA Advantage firmy Mentor Graphics.<\/p>\n<p>10.05.2003<br \/>\nPakiet \u017bUBR zosta\u0142 wyr\u00f3\u017cniony nagrod\u0105 w konkursie projekt\u00f3w badawczych w dziedzinie zautomatyzowanego projektowania uk\u0142ad\u00f3w scalonych, prowadzonego przez firm\u0119 Intel.<\/p>\n","protected":false},"excerpt":{"rendered":"<p>20.05.2004 Dodana mo\u017cliwo\u015bci wy\u015bwietlania raport\u00f3w w j\u00eazyku angielskim. 21.06.2003 W rozdziale &#8222;Darmowe&#8221; dodana darmowa wersja<a class=\"read-more\" href=\"https:\/\/wi.pb.edu.pl\/p\/zubr\/co-nowego\/\" title=\"Poka\u017c artyku\u0142 Co nowego\">wi\u0119cej<\/a><\/p>\n","protected":false},"author":14,"featured_media":0,"parent":1548,"menu_order":0,"comment_status":"closed","ping_status":"closed","template":"","meta":{"inline_featured_image":false,"ngg_post_thumbnail":0,"footnotes":""},"class_list":["post-1551","page","type-page","status-publish","hentry"],"acf":[],"yoast_head":"<!-- This site is optimized with the Yoast SEO plugin v26.4 - https:\/\/yoast.com\/wordpress\/plugins\/seo\/ -->\n<title>Co nowego - Strony pracownik\u00f3w Wydzia\u0142u Informatyki Politechniki Bia\u0142ostockiej<\/title>\n<meta name=\"robots\" content=\"index, follow, max-snippet:-1, max-image-preview:large, max-video-preview:-1\" \/>\n<link rel=\"canonical\" href=\"https:\/\/wi.pb.edu.pl\/p\/zubr\/co-nowego\/\" \/>\n<meta property=\"og:locale\" content=\"pl_PL\" \/>\n<meta property=\"og:type\" content=\"article\" \/>\n<meta property=\"og:title\" content=\"Co nowego - Strony pracownik\u00f3w Wydzia\u0142u Informatyki Politechniki Bia\u0142ostockiej\" \/>\n<meta property=\"og:description\" content=\"20.05.2004 Dodana mo\u017cliwo\u015bci wy\u015bwietlania raport\u00f3w w j\u00eazyku angielskim. 21.06.2003 W rozdziale &#8222;Darmowe&#8221; dodana darmowa wersjawi\u0119cej\" \/>\n<meta property=\"og:url\" content=\"https:\/\/wi.pb.edu.pl\/p\/zubr\/co-nowego\/\" \/>\n<meta property=\"og:site_name\" content=\"Strony pracownik\u00f3w Wydzia\u0142u Informatyki Politechniki Bia\u0142ostockiej\" \/>\n<meta name=\"twitter:card\" content=\"summary_large_image\" \/>\n<meta name=\"twitter:label1\" content=\"Szacowany czas czytania\" \/>\n\t<meta name=\"twitter:data1\" content=\"1 minuta\" \/>\n<script type=\"application\/ld+json\" class=\"yoast-schema-graph\">{\"@context\":\"https:\/\/schema.org\",\"@graph\":[{\"@type\":\"WebPage\",\"@id\":\"https:\/\/wi.pb.edu.pl\/p\/zubr\/co-nowego\/\",\"url\":\"https:\/\/wi.pb.edu.pl\/p\/zubr\/co-nowego\/\",\"name\":\"Co nowego - Strony pracownik\u00f3w Wydzia\u0142u Informatyki Politechniki Bia\u0142ostockiej\",\"isPartOf\":{\"@id\":\"https:\/\/wi.pb.edu.pl\/p\/#website\"},\"datePublished\":\"2024-07-26T08:13:58+00:00\",\"breadcrumb\":{\"@id\":\"https:\/\/wi.pb.edu.pl\/p\/zubr\/co-nowego\/#breadcrumb\"},\"inLanguage\":\"pl-PL\",\"potentialAction\":[{\"@type\":\"ReadAction\",\"target\":[\"https:\/\/wi.pb.edu.pl\/p\/zubr\/co-nowego\/\"]}]},{\"@type\":\"BreadcrumbList\",\"@id\":\"https:\/\/wi.pb.edu.pl\/p\/zubr\/co-nowego\/#breadcrumb\",\"itemListElement\":[{\"@type\":\"ListItem\",\"position\":1,\"name\":\"Strona g\u0142\u00f3wna\",\"item\":\"https:\/\/wi.pb.edu.pl\/p\/\"},{\"@type\":\"ListItem\",\"position\":2,\"name\":\"\u017bubr\",\"item\":\"https:\/\/wi.pb.edu.pl\/p\/zubr\/\"},{\"@type\":\"ListItem\",\"position\":3,\"name\":\"Co nowego\"}]},{\"@type\":\"WebSite\",\"@id\":\"https:\/\/wi.pb.edu.pl\/p\/#website\",\"url\":\"https:\/\/wi.pb.edu.pl\/p\/\",\"name\":\"Strony pracownik\u00f3w Wydzia\u0142u Informatyki Politechniki Bia\u0142ostockiej\",\"description\":\"\",\"potentialAction\":[{\"@type\":\"SearchAction\",\"target\":{\"@type\":\"EntryPoint\",\"urlTemplate\":\"https:\/\/wi.pb.edu.pl\/p\/?s={search_term_string}\"},\"query-input\":{\"@type\":\"PropertyValueSpecification\",\"valueRequired\":true,\"valueName\":\"search_term_string\"}}],\"inLanguage\":\"pl-PL\"}]}<\/script>\n<!-- \/ Yoast SEO plugin. -->","yoast_head_json":{"title":"Co nowego - Strony pracownik\u00f3w Wydzia\u0142u Informatyki Politechniki Bia\u0142ostockiej","robots":{"index":"index","follow":"follow","max-snippet":"max-snippet:-1","max-image-preview":"max-image-preview:large","max-video-preview":"max-video-preview:-1"},"canonical":"https:\/\/wi.pb.edu.pl\/p\/zubr\/co-nowego\/","og_locale":"pl_PL","og_type":"article","og_title":"Co nowego - Strony pracownik\u00f3w Wydzia\u0142u Informatyki Politechniki Bia\u0142ostockiej","og_description":"20.05.2004 Dodana mo\u017cliwo\u015bci wy\u015bwietlania raport\u00f3w w j\u00eazyku angielskim. 21.06.2003 W rozdziale &#8222;Darmowe&#8221; dodana darmowa wersjawi\u0119cej","og_url":"https:\/\/wi.pb.edu.pl\/p\/zubr\/co-nowego\/","og_site_name":"Strony pracownik\u00f3w Wydzia\u0142u Informatyki Politechniki Bia\u0142ostockiej","twitter_card":"summary_large_image","twitter_misc":{"Szacowany czas czytania":"1 minuta"},"schema":{"@context":"https:\/\/schema.org","@graph":[{"@type":"WebPage","@id":"https:\/\/wi.pb.edu.pl\/p\/zubr\/co-nowego\/","url":"https:\/\/wi.pb.edu.pl\/p\/zubr\/co-nowego\/","name":"Co nowego - Strony pracownik\u00f3w Wydzia\u0142u Informatyki Politechniki Bia\u0142ostockiej","isPartOf":{"@id":"https:\/\/wi.pb.edu.pl\/p\/#website"},"datePublished":"2024-07-26T08:13:58+00:00","breadcrumb":{"@id":"https:\/\/wi.pb.edu.pl\/p\/zubr\/co-nowego\/#breadcrumb"},"inLanguage":"pl-PL","potentialAction":[{"@type":"ReadAction","target":["https:\/\/wi.pb.edu.pl\/p\/zubr\/co-nowego\/"]}]},{"@type":"BreadcrumbList","@id":"https:\/\/wi.pb.edu.pl\/p\/zubr\/co-nowego\/#breadcrumb","itemListElement":[{"@type":"ListItem","position":1,"name":"Strona g\u0142\u00f3wna","item":"https:\/\/wi.pb.edu.pl\/p\/"},{"@type":"ListItem","position":2,"name":"\u017bubr","item":"https:\/\/wi.pb.edu.pl\/p\/zubr\/"},{"@type":"ListItem","position":3,"name":"Co nowego"}]},{"@type":"WebSite","@id":"https:\/\/wi.pb.edu.pl\/p\/#website","url":"https:\/\/wi.pb.edu.pl\/p\/","name":"Strony pracownik\u00f3w Wydzia\u0142u Informatyki Politechniki Bia\u0142ostockiej","description":"","potentialAction":[{"@type":"SearchAction","target":{"@type":"EntryPoint","urlTemplate":"https:\/\/wi.pb.edu.pl\/p\/?s={search_term_string}"},"query-input":{"@type":"PropertyValueSpecification","valueRequired":true,"valueName":"search_term_string"}}],"inLanguage":"pl-PL"}]}},"_links":{"self":[{"href":"https:\/\/wi.pb.edu.pl\/p\/wp-json\/wp\/v2\/pages\/1551","targetHints":{"allow":["GET"]}}],"collection":[{"href":"https:\/\/wi.pb.edu.pl\/p\/wp-json\/wp\/v2\/pages"}],"about":[{"href":"https:\/\/wi.pb.edu.pl\/p\/wp-json\/wp\/v2\/types\/page"}],"author":[{"embeddable":true,"href":"https:\/\/wi.pb.edu.pl\/p\/wp-json\/wp\/v2\/users\/14"}],"replies":[{"embeddable":true,"href":"https:\/\/wi.pb.edu.pl\/p\/wp-json\/wp\/v2\/comments?post=1551"}],"version-history":[{"count":1,"href":"https:\/\/wi.pb.edu.pl\/p\/wp-json\/wp\/v2\/pages\/1551\/revisions"}],"predecessor-version":[{"id":1552,"href":"https:\/\/wi.pb.edu.pl\/p\/wp-json\/wp\/v2\/pages\/1551\/revisions\/1552"}],"up":[{"embeddable":true,"href":"https:\/\/wi.pb.edu.pl\/p\/wp-json\/wp\/v2\/pages\/1548"}],"wp:attachment":[{"href":"https:\/\/wi.pb.edu.pl\/p\/wp-json\/wp\/v2\/media?parent=1551"}],"curies":[{"name":"wp","href":"https:\/\/api.w.org\/{rel}","templated":true}]}}