{"id":1553,"date":"2024-07-26T10:14:58","date_gmt":"2024-07-26T08:14:58","guid":{"rendered":"https:\/\/wi.pb.edu.pl\/p\/?page_id=1553"},"modified":"2024-07-26T10:33:43","modified_gmt":"2024-07-26T08:33:43","slug":"metody","status":"publish","type":"page","link":"https:\/\/wi.pb.edu.pl\/p\/zubr\/metody\/","title":{"rendered":"Metody"},"content":{"rendered":"<h3>Metody syntezy<\/h3>\n<p>1. <a title=\"Metody syntezy uk\u0142ad\u00f3w kombinacyjnych\" href=\"https:\/\/wi.pb.edu.pl\/p\/zubr\/metody\/metody-syntezy-ukladow-kombinacyjnych\/\">Uk\u0142ad\u00f3w kombinacyjnych<\/a><\/p>\n<p>2. <a title=\"Metody syntezy automat\u00f3w sko\u0144czonych\" href=\"https:\/\/wi.pb.edu.pl\/p\/zubr\/metody\/metody-syntezy-automatow-skonczonych\/\">Automat\u00f3w sko\u0144czonych<\/a><\/p>\n<p>3. <a title=\"Metody syntezy automat\u00f3w mikroprogramowalnych\" href=\"https:\/\/wi.pb.edu.pl\/p\/zubr\/metody\/metody-syntezy-automatow-mikroprogramowalnych\/\">Automat\u00f3w mikroprogramowalnych<\/a><\/p>\n<p>4. <a title=\"Metody syntezy niestandardowych w\u0119z\u0142\u00f3w funkcjonalnych\" href=\"https:\/\/wi.pb.edu.pl\/p\/zubr\/metody\/metody-syntezy-niestandardowych-wezlow-funkcjonalnych\/\">Niestandardowych w\u0119z\u0142\u00f3w funkcjonalnych<\/a><\/p>\n<p>5. <a title=\"Inne metody syntezy system\u00f3w cyfrowych\" href=\"https:\/\/wi.pb.edu.pl\/p\/zubr\/metody\/inne-metody-syntezy-systemow-cyfrowych\/\">Inne metody syntezy system\u00f3w cyfrowych<\/a><\/p>\n<p>&nbsp;<\/p>\n<h3>Metody weryfikacji<\/h3>\n<p>1. Metoda weryfikacji uk\u0142ad\u00f3w kombinacyjnych<\/p>\n<p>2. Metoda weryfikacji automat\u00f3w sko\u0144czonych<\/p>\n<p>3. Metoda weryfikacji automat\u00f3w mikroprogramowalnych<\/p>\n","protected":false},"excerpt":{"rendered":"<p>Metody syntezy 1. Uk\u0142ad\u00f3w kombinacyjnych 2. Automat\u00f3w sko\u0144czonych 3. Automat\u00f3w mikroprogramowalnych 4. Niestandardowych w\u0119z\u0142\u00f3w funkcjonalnych<a class=\"read-more\" href=\"https:\/\/wi.pb.edu.pl\/p\/zubr\/metody\/\" title=\"Poka\u017c artyku\u0142 Metody\">wi\u0119cej<\/a><\/p>\n","protected":false},"author":14,"featured_media":0,"parent":1548,"menu_order":0,"comment_status":"closed","ping_status":"closed","template":"","meta":{"inline_featured_image":false,"ngg_post_thumbnail":0,"footnotes":""},"class_list":["post-1553","page","type-page","status-publish","hentry"],"acf":[],"yoast_head":"<!-- This site is optimized with the Yoast SEO plugin v26.4 - https:\/\/yoast.com\/wordpress\/plugins\/seo\/ -->\n<title>Metody - Strony pracownik\u00f3w Wydzia\u0142u Informatyki Politechniki Bia\u0142ostockiej<\/title>\n<meta name=\"robots\" content=\"index, follow, max-snippet:-1, max-image-preview:large, max-video-preview:-1\" \/>\n<link rel=\"canonical\" href=\"https:\/\/wi.pb.edu.pl\/p\/zubr\/metody\/\" \/>\n<meta property=\"og:locale\" content=\"pl_PL\" \/>\n<meta property=\"og:type\" content=\"article\" \/>\n<meta property=\"og:title\" content=\"Metody - Strony pracownik\u00f3w Wydzia\u0142u Informatyki Politechniki Bia\u0142ostockiej\" \/>\n<meta property=\"og:description\" content=\"Metody syntezy 1. Uk\u0142ad\u00f3w kombinacyjnych 2. Automat\u00f3w sko\u0144czonych 3. Automat\u00f3w mikroprogramowalnych 4. Niestandardowych w\u0119z\u0142\u00f3w funkcjonalnychwi\u0119cej\" \/>\n<meta property=\"og:url\" content=\"https:\/\/wi.pb.edu.pl\/p\/zubr\/metody\/\" \/>\n<meta property=\"og:site_name\" content=\"Strony pracownik\u00f3w Wydzia\u0142u Informatyki Politechniki Bia\u0142ostockiej\" \/>\n<meta property=\"article:modified_time\" content=\"2024-07-26T08:33:43+00:00\" \/>\n<meta name=\"twitter:card\" content=\"summary_large_image\" \/>\n<meta name=\"twitter:label1\" content=\"Szacowany czas czytania\" \/>\n\t<meta name=\"twitter:data1\" content=\"1 minuta\" \/>\n<script type=\"application\/ld+json\" class=\"yoast-schema-graph\">{\"@context\":\"https:\/\/schema.org\",\"@graph\":[{\"@type\":\"WebPage\",\"@id\":\"https:\/\/wi.pb.edu.pl\/p\/zubr\/metody\/\",\"url\":\"https:\/\/wi.pb.edu.pl\/p\/zubr\/metody\/\",\"name\":\"Metody - Strony pracownik\u00f3w Wydzia\u0142u Informatyki Politechniki Bia\u0142ostockiej\",\"isPartOf\":{\"@id\":\"https:\/\/wi.pb.edu.pl\/p\/#website\"},\"datePublished\":\"2024-07-26T08:14:58+00:00\",\"dateModified\":\"2024-07-26T08:33:43+00:00\",\"breadcrumb\":{\"@id\":\"https:\/\/wi.pb.edu.pl\/p\/zubr\/metody\/#breadcrumb\"},\"inLanguage\":\"pl-PL\",\"potentialAction\":[{\"@type\":\"ReadAction\",\"target\":[\"https:\/\/wi.pb.edu.pl\/p\/zubr\/metody\/\"]}]},{\"@type\":\"BreadcrumbList\",\"@id\":\"https:\/\/wi.pb.edu.pl\/p\/zubr\/metody\/#breadcrumb\",\"itemListElement\":[{\"@type\":\"ListItem\",\"position\":1,\"name\":\"Strona g\u0142\u00f3wna\",\"item\":\"https:\/\/wi.pb.edu.pl\/p\/\"},{\"@type\":\"ListItem\",\"position\":2,\"name\":\"\u017bubr\",\"item\":\"https:\/\/wi.pb.edu.pl\/p\/zubr\/\"},{\"@type\":\"ListItem\",\"position\":3,\"name\":\"Metody\"}]},{\"@type\":\"WebSite\",\"@id\":\"https:\/\/wi.pb.edu.pl\/p\/#website\",\"url\":\"https:\/\/wi.pb.edu.pl\/p\/\",\"name\":\"Strony pracownik\u00f3w Wydzia\u0142u Informatyki Politechniki Bia\u0142ostockiej\",\"description\":\"\",\"potentialAction\":[{\"@type\":\"SearchAction\",\"target\":{\"@type\":\"EntryPoint\",\"urlTemplate\":\"https:\/\/wi.pb.edu.pl\/p\/?s={search_term_string}\"},\"query-input\":{\"@type\":\"PropertyValueSpecification\",\"valueRequired\":true,\"valueName\":\"search_term_string\"}}],\"inLanguage\":\"pl-PL\"}]}<\/script>\n<!-- \/ Yoast SEO plugin. -->","yoast_head_json":{"title":"Metody - Strony pracownik\u00f3w Wydzia\u0142u Informatyki Politechniki Bia\u0142ostockiej","robots":{"index":"index","follow":"follow","max-snippet":"max-snippet:-1","max-image-preview":"max-image-preview:large","max-video-preview":"max-video-preview:-1"},"canonical":"https:\/\/wi.pb.edu.pl\/p\/zubr\/metody\/","og_locale":"pl_PL","og_type":"article","og_title":"Metody - Strony pracownik\u00f3w Wydzia\u0142u Informatyki Politechniki Bia\u0142ostockiej","og_description":"Metody syntezy 1. Uk\u0142ad\u00f3w kombinacyjnych 2. Automat\u00f3w sko\u0144czonych 3. Automat\u00f3w mikroprogramowalnych 4. Niestandardowych w\u0119z\u0142\u00f3w funkcjonalnychwi\u0119cej","og_url":"https:\/\/wi.pb.edu.pl\/p\/zubr\/metody\/","og_site_name":"Strony pracownik\u00f3w Wydzia\u0142u Informatyki Politechniki Bia\u0142ostockiej","article_modified_time":"2024-07-26T08:33:43+00:00","twitter_card":"summary_large_image","twitter_misc":{"Szacowany czas czytania":"1 minuta"},"schema":{"@context":"https:\/\/schema.org","@graph":[{"@type":"WebPage","@id":"https:\/\/wi.pb.edu.pl\/p\/zubr\/metody\/","url":"https:\/\/wi.pb.edu.pl\/p\/zubr\/metody\/","name":"Metody - Strony pracownik\u00f3w Wydzia\u0142u Informatyki Politechniki Bia\u0142ostockiej","isPartOf":{"@id":"https:\/\/wi.pb.edu.pl\/p\/#website"},"datePublished":"2024-07-26T08:14:58+00:00","dateModified":"2024-07-26T08:33:43+00:00","breadcrumb":{"@id":"https:\/\/wi.pb.edu.pl\/p\/zubr\/metody\/#breadcrumb"},"inLanguage":"pl-PL","potentialAction":[{"@type":"ReadAction","target":["https:\/\/wi.pb.edu.pl\/p\/zubr\/metody\/"]}]},{"@type":"BreadcrumbList","@id":"https:\/\/wi.pb.edu.pl\/p\/zubr\/metody\/#breadcrumb","itemListElement":[{"@type":"ListItem","position":1,"name":"Strona g\u0142\u00f3wna","item":"https:\/\/wi.pb.edu.pl\/p\/"},{"@type":"ListItem","position":2,"name":"\u017bubr","item":"https:\/\/wi.pb.edu.pl\/p\/zubr\/"},{"@type":"ListItem","position":3,"name":"Metody"}]},{"@type":"WebSite","@id":"https:\/\/wi.pb.edu.pl\/p\/#website","url":"https:\/\/wi.pb.edu.pl\/p\/","name":"Strony pracownik\u00f3w Wydzia\u0142u Informatyki Politechniki Bia\u0142ostockiej","description":"","potentialAction":[{"@type":"SearchAction","target":{"@type":"EntryPoint","urlTemplate":"https:\/\/wi.pb.edu.pl\/p\/?s={search_term_string}"},"query-input":{"@type":"PropertyValueSpecification","valueRequired":true,"valueName":"search_term_string"}}],"inLanguage":"pl-PL"}]}},"_links":{"self":[{"href":"https:\/\/wi.pb.edu.pl\/p\/wp-json\/wp\/v2\/pages\/1553","targetHints":{"allow":["GET"]}}],"collection":[{"href":"https:\/\/wi.pb.edu.pl\/p\/wp-json\/wp\/v2\/pages"}],"about":[{"href":"https:\/\/wi.pb.edu.pl\/p\/wp-json\/wp\/v2\/types\/page"}],"author":[{"embeddable":true,"href":"https:\/\/wi.pb.edu.pl\/p\/wp-json\/wp\/v2\/users\/14"}],"replies":[{"embeddable":true,"href":"https:\/\/wi.pb.edu.pl\/p\/wp-json\/wp\/v2\/comments?post=1553"}],"version-history":[{"count":3,"href":"https:\/\/wi.pb.edu.pl\/p\/wp-json\/wp\/v2\/pages\/1553\/revisions"}],"predecessor-version":[{"id":1578,"href":"https:\/\/wi.pb.edu.pl\/p\/wp-json\/wp\/v2\/pages\/1553\/revisions\/1578"}],"up":[{"embeddable":true,"href":"https:\/\/wi.pb.edu.pl\/p\/wp-json\/wp\/v2\/pages\/1548"}],"wp:attachment":[{"href":"https:\/\/wi.pb.edu.pl\/p\/wp-json\/wp\/v2\/media?parent=1553"}],"curies":[{"name":"wp","href":"https:\/\/api.w.org\/{rel}","templated":true}]}}