{"id":1572,"date":"2024-07-26T10:31:46","date_gmt":"2024-07-26T08:31:46","guid":{"rendered":"https:\/\/wi.pb.edu.pl\/p\/?page_id=1572"},"modified":"2024-07-26T10:31:46","modified_gmt":"2024-07-26T08:31:46","slug":"metody-syntezy-automatow-mikroprogramowalnych","status":"publish","type":"page","link":"https:\/\/wi.pb.edu.pl\/p\/zubr\/metody\/metody-syntezy-automatow-mikroprogramowalnych\/","title":{"rendered":"Metody syntezy automat\u00f3w mikroprogramowalnych"},"content":{"rendered":"<p>1. Og\u00f3lna charakterystyka metod syntezy automat\u00f3w mikroprogramowalnych<\/p>\n<p>2. Metoda syntezy automat\u00f3w mikroprogramowalnych klas \u0410 i \u0412 (metoda \u04121)<\/p>\n<p>3. Metoda syntezy automat\u00f3w mikroprogramowalnych klas C i D (metoda \u04122)<\/p>\n<p>4. Metoda syntezy automat\u00f3w mikroprogramowalnych klas E i F (metoda \u04123)<\/p>\n<p>5. Metoda syntezy jednopoziomowej struktury automat\u00f3w mikroprogramowalnych (metoda \u04124)<\/p>\n<p>6. Metoda syntezy jednopoziomowej struktury automat\u00f3w mikroprogramowalnych z rozdzieln\u0105 realizacj\u0105 pami\u0119ci (metoda \u04125)<\/p>\n<p>7. Metoda syntezy jednopoziomowej regularnej struktury automat\u00f3w mikroprogramowalnych (metoda \u04126)<\/p>\n<p>8. Metoda syntezy struktury hierarchicznej szeregowych automat\u00f3w mikroprogramowalnych (metoda \u04127)<\/p>\n<p>9. Metoda syntezy struktury hierarchicznej automat\u00f3w mikroprogramowalnych z powtarzaj\u0105cymi si\u0119 fragmentami algorytmu funkcjonowania (metoda \u04128)<\/p>\n<p>10. Metoda syntezy struktury hierarchicznej r\u00f3wnoleg\u0142ych automat\u00f3w mikroprogramowalnych (metoda \u04129)<\/p>\n<p>11. Metoda syntezy automat\u00f3w mikroprogramowalnych z r\u00f3\u017cn\u0105 d\u0142ugo\u015bci\u0105 czasu wykonania mikrorozkaz\u00f3w (metoda \u041210)<\/p>\n<p>12. Metoda syntezy automat\u00f3w mikroprogramowalnych z r\u00f3\u017cn\u0105 d\u0142ugo\u015bci\u0105 czasu wykonania mikrooperacji (metoda \u041211)<\/p>\n<p>13. Uniwersalna metoda syntezy automat\u00f3w mikroprogramowalnych (metoda \u0412UNI)<\/p>\n<p>14. Wyb\u00f3r metody syntezy automat\u00f3w mikroprogramowalnych<\/p>\n","protected":false},"excerpt":{"rendered":"<p>1. Og\u00f3lna charakterystyka metod syntezy automat\u00f3w mikroprogramowalnych 2. Metoda syntezy automat\u00f3w mikroprogramowalnych klas \u0410 i<a class=\"read-more\" href=\"https:\/\/wi.pb.edu.pl\/p\/zubr\/metody\/metody-syntezy-automatow-mikroprogramowalnych\/\" title=\"Poka\u017c artyku\u0142 Metody syntezy automat\u00f3w mikroprogramowalnych\">wi\u0119cej<\/a><\/p>\n","protected":false},"author":14,"featured_media":0,"parent":1553,"menu_order":0,"comment_status":"closed","ping_status":"closed","template":"","meta":{"inline_featured_image":false,"ngg_post_thumbnail":0,"footnotes":""},"class_list":["post-1572","page","type-page","status-publish","hentry"],"acf":[],"yoast_head":"<!-- This site is optimized with the Yoast SEO plugin v26.4 - https:\/\/yoast.com\/wordpress\/plugins\/seo\/ -->\n<title>Metody syntezy automat\u00f3w mikroprogramowalnych - Strony pracownik\u00f3w Wydzia\u0142u Informatyki Politechniki Bia\u0142ostockiej<\/title>\n<meta name=\"robots\" content=\"index, follow, max-snippet:-1, max-image-preview:large, max-video-preview:-1\" \/>\n<link rel=\"canonical\" href=\"https:\/\/wi.pb.edu.pl\/p\/zubr\/metody\/metody-syntezy-automatow-mikroprogramowalnych\/\" \/>\n<meta property=\"og:locale\" content=\"pl_PL\" \/>\n<meta property=\"og:type\" content=\"article\" \/>\n<meta property=\"og:title\" content=\"Metody syntezy automat\u00f3w mikroprogramowalnych - Strony pracownik\u00f3w Wydzia\u0142u Informatyki Politechniki Bia\u0142ostockiej\" \/>\n<meta property=\"og:description\" content=\"1. Og\u00f3lna charakterystyka metod syntezy automat\u00f3w mikroprogramowalnych 2. Metoda syntezy automat\u00f3w mikroprogramowalnych klas \u0410 iwi\u0119cej\" \/>\n<meta property=\"og:url\" content=\"https:\/\/wi.pb.edu.pl\/p\/zubr\/metody\/metody-syntezy-automatow-mikroprogramowalnych\/\" \/>\n<meta property=\"og:site_name\" content=\"Strony pracownik\u00f3w Wydzia\u0142u Informatyki Politechniki Bia\u0142ostockiej\" \/>\n<meta name=\"twitter:card\" content=\"summary_large_image\" \/>\n<meta name=\"twitter:label1\" content=\"Szacowany czas czytania\" \/>\n\t<meta name=\"twitter:data1\" content=\"1 minuta\" \/>\n<script type=\"application\/ld+json\" class=\"yoast-schema-graph\">{\"@context\":\"https:\/\/schema.org\",\"@graph\":[{\"@type\":\"WebPage\",\"@id\":\"https:\/\/wi.pb.edu.pl\/p\/zubr\/metody\/metody-syntezy-automatow-mikroprogramowalnych\/\",\"url\":\"https:\/\/wi.pb.edu.pl\/p\/zubr\/metody\/metody-syntezy-automatow-mikroprogramowalnych\/\",\"name\":\"Metody syntezy automat\u00f3w mikroprogramowalnych - Strony pracownik\u00f3w Wydzia\u0142u Informatyki Politechniki Bia\u0142ostockiej\",\"isPartOf\":{\"@id\":\"https:\/\/wi.pb.edu.pl\/p\/#website\"},\"datePublished\":\"2024-07-26T08:31:46+00:00\",\"breadcrumb\":{\"@id\":\"https:\/\/wi.pb.edu.pl\/p\/zubr\/metody\/metody-syntezy-automatow-mikroprogramowalnych\/#breadcrumb\"},\"inLanguage\":\"pl-PL\",\"potentialAction\":[{\"@type\":\"ReadAction\",\"target\":[\"https:\/\/wi.pb.edu.pl\/p\/zubr\/metody\/metody-syntezy-automatow-mikroprogramowalnych\/\"]}]},{\"@type\":\"BreadcrumbList\",\"@id\":\"https:\/\/wi.pb.edu.pl\/p\/zubr\/metody\/metody-syntezy-automatow-mikroprogramowalnych\/#breadcrumb\",\"itemListElement\":[{\"@type\":\"ListItem\",\"position\":1,\"name\":\"Strona g\u0142\u00f3wna\",\"item\":\"https:\/\/wi.pb.edu.pl\/p\/\"},{\"@type\":\"ListItem\",\"position\":2,\"name\":\"\u017bubr\",\"item\":\"https:\/\/wi.pb.edu.pl\/p\/zubr\/\"},{\"@type\":\"ListItem\",\"position\":3,\"name\":\"Metody\",\"item\":\"https:\/\/wi.pb.edu.pl\/p\/zubr\/metody\/\"},{\"@type\":\"ListItem\",\"position\":4,\"name\":\"Metody syntezy automat\u00f3w mikroprogramowalnych\"}]},{\"@type\":\"WebSite\",\"@id\":\"https:\/\/wi.pb.edu.pl\/p\/#website\",\"url\":\"https:\/\/wi.pb.edu.pl\/p\/\",\"name\":\"Strony pracownik\u00f3w Wydzia\u0142u Informatyki Politechniki Bia\u0142ostockiej\",\"description\":\"\",\"potentialAction\":[{\"@type\":\"SearchAction\",\"target\":{\"@type\":\"EntryPoint\",\"urlTemplate\":\"https:\/\/wi.pb.edu.pl\/p\/?s={search_term_string}\"},\"query-input\":{\"@type\":\"PropertyValueSpecification\",\"valueRequired\":true,\"valueName\":\"search_term_string\"}}],\"inLanguage\":\"pl-PL\"}]}<\/script>\n<!-- \/ Yoast SEO plugin. -->","yoast_head_json":{"title":"Metody syntezy automat\u00f3w mikroprogramowalnych - Strony pracownik\u00f3w Wydzia\u0142u Informatyki Politechniki Bia\u0142ostockiej","robots":{"index":"index","follow":"follow","max-snippet":"max-snippet:-1","max-image-preview":"max-image-preview:large","max-video-preview":"max-video-preview:-1"},"canonical":"https:\/\/wi.pb.edu.pl\/p\/zubr\/metody\/metody-syntezy-automatow-mikroprogramowalnych\/","og_locale":"pl_PL","og_type":"article","og_title":"Metody syntezy automat\u00f3w mikroprogramowalnych - Strony pracownik\u00f3w Wydzia\u0142u Informatyki Politechniki Bia\u0142ostockiej","og_description":"1. Og\u00f3lna charakterystyka metod syntezy automat\u00f3w mikroprogramowalnych 2. Metoda syntezy automat\u00f3w mikroprogramowalnych klas \u0410 iwi\u0119cej","og_url":"https:\/\/wi.pb.edu.pl\/p\/zubr\/metody\/metody-syntezy-automatow-mikroprogramowalnych\/","og_site_name":"Strony pracownik\u00f3w Wydzia\u0142u Informatyki Politechniki Bia\u0142ostockiej","twitter_card":"summary_large_image","twitter_misc":{"Szacowany czas czytania":"1 minuta"},"schema":{"@context":"https:\/\/schema.org","@graph":[{"@type":"WebPage","@id":"https:\/\/wi.pb.edu.pl\/p\/zubr\/metody\/metody-syntezy-automatow-mikroprogramowalnych\/","url":"https:\/\/wi.pb.edu.pl\/p\/zubr\/metody\/metody-syntezy-automatow-mikroprogramowalnych\/","name":"Metody syntezy automat\u00f3w mikroprogramowalnych - Strony pracownik\u00f3w Wydzia\u0142u Informatyki Politechniki Bia\u0142ostockiej","isPartOf":{"@id":"https:\/\/wi.pb.edu.pl\/p\/#website"},"datePublished":"2024-07-26T08:31:46+00:00","breadcrumb":{"@id":"https:\/\/wi.pb.edu.pl\/p\/zubr\/metody\/metody-syntezy-automatow-mikroprogramowalnych\/#breadcrumb"},"inLanguage":"pl-PL","potentialAction":[{"@type":"ReadAction","target":["https:\/\/wi.pb.edu.pl\/p\/zubr\/metody\/metody-syntezy-automatow-mikroprogramowalnych\/"]}]},{"@type":"BreadcrumbList","@id":"https:\/\/wi.pb.edu.pl\/p\/zubr\/metody\/metody-syntezy-automatow-mikroprogramowalnych\/#breadcrumb","itemListElement":[{"@type":"ListItem","position":1,"name":"Strona g\u0142\u00f3wna","item":"https:\/\/wi.pb.edu.pl\/p\/"},{"@type":"ListItem","position":2,"name":"\u017bubr","item":"https:\/\/wi.pb.edu.pl\/p\/zubr\/"},{"@type":"ListItem","position":3,"name":"Metody","item":"https:\/\/wi.pb.edu.pl\/p\/zubr\/metody\/"},{"@type":"ListItem","position":4,"name":"Metody syntezy automat\u00f3w mikroprogramowalnych"}]},{"@type":"WebSite","@id":"https:\/\/wi.pb.edu.pl\/p\/#website","url":"https:\/\/wi.pb.edu.pl\/p\/","name":"Strony pracownik\u00f3w Wydzia\u0142u Informatyki Politechniki Bia\u0142ostockiej","description":"","potentialAction":[{"@type":"SearchAction","target":{"@type":"EntryPoint","urlTemplate":"https:\/\/wi.pb.edu.pl\/p\/?s={search_term_string}"},"query-input":{"@type":"PropertyValueSpecification","valueRequired":true,"valueName":"search_term_string"}}],"inLanguage":"pl-PL"}]}},"_links":{"self":[{"href":"https:\/\/wi.pb.edu.pl\/p\/wp-json\/wp\/v2\/pages\/1572","targetHints":{"allow":["GET"]}}],"collection":[{"href":"https:\/\/wi.pb.edu.pl\/p\/wp-json\/wp\/v2\/pages"}],"about":[{"href":"https:\/\/wi.pb.edu.pl\/p\/wp-json\/wp\/v2\/types\/page"}],"author":[{"embeddable":true,"href":"https:\/\/wi.pb.edu.pl\/p\/wp-json\/wp\/v2\/users\/14"}],"replies":[{"embeddable":true,"href":"https:\/\/wi.pb.edu.pl\/p\/wp-json\/wp\/v2\/comments?post=1572"}],"version-history":[{"count":1,"href":"https:\/\/wi.pb.edu.pl\/p\/wp-json\/wp\/v2\/pages\/1572\/revisions"}],"predecessor-version":[{"id":1573,"href":"https:\/\/wi.pb.edu.pl\/p\/wp-json\/wp\/v2\/pages\/1572\/revisions\/1573"}],"up":[{"embeddable":true,"href":"https:\/\/wi.pb.edu.pl\/p\/wp-json\/wp\/v2\/pages\/1553"}],"wp:attachment":[{"href":"https:\/\/wi.pb.edu.pl\/p\/wp-json\/wp\/v2\/media?parent=1572"}],"curies":[{"name":"wp","href":"https:\/\/api.w.org\/{rel}","templated":true}]}}