{"id":1576,"date":"2024-07-26T10:32:34","date_gmt":"2024-07-26T08:32:34","guid":{"rendered":"https:\/\/wi.pb.edu.pl\/p\/?page_id=1576"},"modified":"2024-07-26T10:32:34","modified_gmt":"2024-07-26T08:32:34","slug":"inne-metody-syntezy-systemow-cyfrowych","status":"publish","type":"page","link":"https:\/\/wi.pb.edu.pl\/p\/zubr\/metody\/inne-metody-syntezy-systemow-cyfrowych\/","title":{"rendered":"Inne metody syntezy system\u00f3w cyfrowych"},"content":{"rendered":"<p>1. Realizacja swobodnej logiki projektu<\/p>\n<p>2. Przekszta\u0142cenie logiki projektu na struktur\u0119 PLD<\/p>\n","protected":false},"excerpt":{"rendered":"<p>1. Realizacja swobodnej logiki projektu 2. Przekszta\u0142cenie logiki projektu na struktur\u0119 PLD<\/p>\n","protected":false},"author":14,"featured_media":0,"parent":1553,"menu_order":0,"comment_status":"closed","ping_status":"closed","template":"","meta":{"inline_featured_image":false,"ngg_post_thumbnail":0,"footnotes":""},"class_list":["post-1576","page","type-page","status-publish","hentry"],"acf":[],"yoast_head":"<!-- This site is optimized with the Yoast SEO plugin v26.4 - https:\/\/yoast.com\/wordpress\/plugins\/seo\/ -->\n<title>Inne metody syntezy system\u00f3w cyfrowych - Strony pracownik\u00f3w Wydzia\u0142u Informatyki Politechniki Bia\u0142ostockiej<\/title>\n<meta name=\"robots\" content=\"index, follow, max-snippet:-1, max-image-preview:large, max-video-preview:-1\" \/>\n<link rel=\"canonical\" href=\"https:\/\/wi.pb.edu.pl\/p\/zubr\/metody\/inne-metody-syntezy-systemow-cyfrowych\/\" \/>\n<meta property=\"og:locale\" content=\"pl_PL\" \/>\n<meta property=\"og:type\" content=\"article\" \/>\n<meta property=\"og:title\" content=\"Inne metody syntezy system\u00f3w cyfrowych - Strony pracownik\u00f3w Wydzia\u0142u Informatyki Politechniki Bia\u0142ostockiej\" \/>\n<meta property=\"og:description\" content=\"1. Realizacja swobodnej logiki projektu 2. Przekszta\u0142cenie logiki projektu na struktur\u0119 PLD\" \/>\n<meta property=\"og:url\" content=\"https:\/\/wi.pb.edu.pl\/p\/zubr\/metody\/inne-metody-syntezy-systemow-cyfrowych\/\" \/>\n<meta property=\"og:site_name\" content=\"Strony pracownik\u00f3w Wydzia\u0142u Informatyki Politechniki Bia\u0142ostockiej\" \/>\n<meta name=\"twitter:card\" content=\"summary_large_image\" \/>\n<meta name=\"twitter:label1\" content=\"Szacowany czas czytania\" \/>\n\t<meta name=\"twitter:data1\" content=\"1 minuta\" \/>\n<script type=\"application\/ld+json\" class=\"yoast-schema-graph\">{\"@context\":\"https:\/\/schema.org\",\"@graph\":[{\"@type\":\"WebPage\",\"@id\":\"https:\/\/wi.pb.edu.pl\/p\/zubr\/metody\/inne-metody-syntezy-systemow-cyfrowych\/\",\"url\":\"https:\/\/wi.pb.edu.pl\/p\/zubr\/metody\/inne-metody-syntezy-systemow-cyfrowych\/\",\"name\":\"Inne metody syntezy system\u00f3w cyfrowych - Strony pracownik\u00f3w Wydzia\u0142u Informatyki Politechniki Bia\u0142ostockiej\",\"isPartOf\":{\"@id\":\"https:\/\/wi.pb.edu.pl\/p\/#website\"},\"datePublished\":\"2024-07-26T08:32:34+00:00\",\"breadcrumb\":{\"@id\":\"https:\/\/wi.pb.edu.pl\/p\/zubr\/metody\/inne-metody-syntezy-systemow-cyfrowych\/#breadcrumb\"},\"inLanguage\":\"pl-PL\",\"potentialAction\":[{\"@type\":\"ReadAction\",\"target\":[\"https:\/\/wi.pb.edu.pl\/p\/zubr\/metody\/inne-metody-syntezy-systemow-cyfrowych\/\"]}]},{\"@type\":\"BreadcrumbList\",\"@id\":\"https:\/\/wi.pb.edu.pl\/p\/zubr\/metody\/inne-metody-syntezy-systemow-cyfrowych\/#breadcrumb\",\"itemListElement\":[{\"@type\":\"ListItem\",\"position\":1,\"name\":\"Strona g\u0142\u00f3wna\",\"item\":\"https:\/\/wi.pb.edu.pl\/p\/\"},{\"@type\":\"ListItem\",\"position\":2,\"name\":\"\u017bubr\",\"item\":\"https:\/\/wi.pb.edu.pl\/p\/zubr\/\"},{\"@type\":\"ListItem\",\"position\":3,\"name\":\"Metody\",\"item\":\"https:\/\/wi.pb.edu.pl\/p\/zubr\/metody\/\"},{\"@type\":\"ListItem\",\"position\":4,\"name\":\"Inne metody syntezy system\u00f3w cyfrowych\"}]},{\"@type\":\"WebSite\",\"@id\":\"https:\/\/wi.pb.edu.pl\/p\/#website\",\"url\":\"https:\/\/wi.pb.edu.pl\/p\/\",\"name\":\"Strony pracownik\u00f3w Wydzia\u0142u Informatyki Politechniki Bia\u0142ostockiej\",\"description\":\"\",\"potentialAction\":[{\"@type\":\"SearchAction\",\"target\":{\"@type\":\"EntryPoint\",\"urlTemplate\":\"https:\/\/wi.pb.edu.pl\/p\/?s={search_term_string}\"},\"query-input\":{\"@type\":\"PropertyValueSpecification\",\"valueRequired\":true,\"valueName\":\"search_term_string\"}}],\"inLanguage\":\"pl-PL\"}]}<\/script>\n<!-- \/ Yoast SEO plugin. -->","yoast_head_json":{"title":"Inne metody syntezy system\u00f3w cyfrowych - Strony pracownik\u00f3w Wydzia\u0142u Informatyki Politechniki Bia\u0142ostockiej","robots":{"index":"index","follow":"follow","max-snippet":"max-snippet:-1","max-image-preview":"max-image-preview:large","max-video-preview":"max-video-preview:-1"},"canonical":"https:\/\/wi.pb.edu.pl\/p\/zubr\/metody\/inne-metody-syntezy-systemow-cyfrowych\/","og_locale":"pl_PL","og_type":"article","og_title":"Inne metody syntezy system\u00f3w cyfrowych - Strony pracownik\u00f3w Wydzia\u0142u Informatyki Politechniki Bia\u0142ostockiej","og_description":"1. Realizacja swobodnej logiki projektu 2. Przekszta\u0142cenie logiki projektu na struktur\u0119 PLD","og_url":"https:\/\/wi.pb.edu.pl\/p\/zubr\/metody\/inne-metody-syntezy-systemow-cyfrowych\/","og_site_name":"Strony pracownik\u00f3w Wydzia\u0142u Informatyki Politechniki Bia\u0142ostockiej","twitter_card":"summary_large_image","twitter_misc":{"Szacowany czas czytania":"1 minuta"},"schema":{"@context":"https:\/\/schema.org","@graph":[{"@type":"WebPage","@id":"https:\/\/wi.pb.edu.pl\/p\/zubr\/metody\/inne-metody-syntezy-systemow-cyfrowych\/","url":"https:\/\/wi.pb.edu.pl\/p\/zubr\/metody\/inne-metody-syntezy-systemow-cyfrowych\/","name":"Inne metody syntezy system\u00f3w cyfrowych - Strony pracownik\u00f3w Wydzia\u0142u Informatyki Politechniki Bia\u0142ostockiej","isPartOf":{"@id":"https:\/\/wi.pb.edu.pl\/p\/#website"},"datePublished":"2024-07-26T08:32:34+00:00","breadcrumb":{"@id":"https:\/\/wi.pb.edu.pl\/p\/zubr\/metody\/inne-metody-syntezy-systemow-cyfrowych\/#breadcrumb"},"inLanguage":"pl-PL","potentialAction":[{"@type":"ReadAction","target":["https:\/\/wi.pb.edu.pl\/p\/zubr\/metody\/inne-metody-syntezy-systemow-cyfrowych\/"]}]},{"@type":"BreadcrumbList","@id":"https:\/\/wi.pb.edu.pl\/p\/zubr\/metody\/inne-metody-syntezy-systemow-cyfrowych\/#breadcrumb","itemListElement":[{"@type":"ListItem","position":1,"name":"Strona g\u0142\u00f3wna","item":"https:\/\/wi.pb.edu.pl\/p\/"},{"@type":"ListItem","position":2,"name":"\u017bubr","item":"https:\/\/wi.pb.edu.pl\/p\/zubr\/"},{"@type":"ListItem","position":3,"name":"Metody","item":"https:\/\/wi.pb.edu.pl\/p\/zubr\/metody\/"},{"@type":"ListItem","position":4,"name":"Inne metody syntezy system\u00f3w cyfrowych"}]},{"@type":"WebSite","@id":"https:\/\/wi.pb.edu.pl\/p\/#website","url":"https:\/\/wi.pb.edu.pl\/p\/","name":"Strony pracownik\u00f3w Wydzia\u0142u Informatyki Politechniki Bia\u0142ostockiej","description":"","potentialAction":[{"@type":"SearchAction","target":{"@type":"EntryPoint","urlTemplate":"https:\/\/wi.pb.edu.pl\/p\/?s={search_term_string}"},"query-input":{"@type":"PropertyValueSpecification","valueRequired":true,"valueName":"search_term_string"}}],"inLanguage":"pl-PL"}]}},"_links":{"self":[{"href":"https:\/\/wi.pb.edu.pl\/p\/wp-json\/wp\/v2\/pages\/1576","targetHints":{"allow":["GET"]}}],"collection":[{"href":"https:\/\/wi.pb.edu.pl\/p\/wp-json\/wp\/v2\/pages"}],"about":[{"href":"https:\/\/wi.pb.edu.pl\/p\/wp-json\/wp\/v2\/types\/page"}],"author":[{"embeddable":true,"href":"https:\/\/wi.pb.edu.pl\/p\/wp-json\/wp\/v2\/users\/14"}],"replies":[{"embeddable":true,"href":"https:\/\/wi.pb.edu.pl\/p\/wp-json\/wp\/v2\/comments?post=1576"}],"version-history":[{"count":1,"href":"https:\/\/wi.pb.edu.pl\/p\/wp-json\/wp\/v2\/pages\/1576\/revisions"}],"predecessor-version":[{"id":1577,"href":"https:\/\/wi.pb.edu.pl\/p\/wp-json\/wp\/v2\/pages\/1576\/revisions\/1577"}],"up":[{"embeddable":true,"href":"https:\/\/wi.pb.edu.pl\/p\/wp-json\/wp\/v2\/pages\/1553"}],"wp:attachment":[{"href":"https:\/\/wi.pb.edu.pl\/p\/wp-json\/wp\/v2\/media?parent=1576"}],"curies":[{"name":"wp","href":"https:\/\/api.w.org\/{rel}","templated":true}]}}