{"id":1585,"date":"2024-07-26T10:39:43","date_gmt":"2024-07-26T08:39:43","guid":{"rendered":"https:\/\/wi.pb.edu.pl\/p\/?page_id=1585"},"modified":"2024-07-26T10:39:43","modified_gmt":"2024-07-26T08:39:43","slug":"konwertery-automatow-mikroprogramowalnych","status":"publish","type":"page","link":"https:\/\/wi.pb.edu.pl\/p\/zubr\/konwertery\/konwertery-automatow-mikroprogramowalnych\/","title":{"rendered":"Konwertery automat\u00f3w mikroprogramowalnych"},"content":{"rendered":"<p>1. \u0413\u0421\u0410 =&gt; Sie\u0107 Petri<\/p>\n<p>2. Sie\u0107 Petri =&gt; \u0413\u0421\u0410<\/p>\n<p>3. \u0413\u0421\u0410 =&gt; VHDL<\/p>\n<p>4. VHDL =&gt; \u0413\u0421\u0410<\/p>\n","protected":false},"excerpt":{"rendered":"<p>1. \u0413\u0421\u0410 =&gt; Sie\u0107 Petri 2. Sie\u0107 Petri =&gt; \u0413\u0421\u0410 3. \u0413\u0421\u0410 =&gt; VHDL 4.<a class=\"read-more\" href=\"https:\/\/wi.pb.edu.pl\/p\/zubr\/konwertery\/konwertery-automatow-mikroprogramowalnych\/\" title=\"Poka\u017c artyku\u0142 Konwertery automat\u00f3w mikroprogramowalnych\">wi\u0119cej<\/a><\/p>\n","protected":false},"author":14,"featured_media":0,"parent":1565,"menu_order":0,"comment_status":"closed","ping_status":"closed","template":"","meta":{"inline_featured_image":false,"ngg_post_thumbnail":0,"footnotes":""},"class_list":["post-1585","page","type-page","status-publish","hentry"],"acf":[],"yoast_head":"<!-- This site is optimized with the Yoast SEO plugin v26.4 - https:\/\/yoast.com\/wordpress\/plugins\/seo\/ -->\n<title>Konwertery automat\u00f3w mikroprogramowalnych - Strony pracownik\u00f3w Wydzia\u0142u Informatyki Politechniki Bia\u0142ostockiej<\/title>\n<meta name=\"robots\" content=\"index, follow, max-snippet:-1, max-image-preview:large, max-video-preview:-1\" \/>\n<link rel=\"canonical\" href=\"https:\/\/wi.pb.edu.pl\/p\/zubr\/konwertery\/konwertery-automatow-mikroprogramowalnych\/\" \/>\n<meta property=\"og:locale\" content=\"pl_PL\" \/>\n<meta property=\"og:type\" content=\"article\" \/>\n<meta property=\"og:title\" content=\"Konwertery automat\u00f3w mikroprogramowalnych - Strony pracownik\u00f3w Wydzia\u0142u Informatyki Politechniki Bia\u0142ostockiej\" \/>\n<meta property=\"og:description\" content=\"1. \u0413\u0421\u0410 =&gt; Sie\u0107 Petri 2. Sie\u0107 Petri =&gt; \u0413\u0421\u0410 3. \u0413\u0421\u0410 =&gt; VHDL 4.wi\u0119cej\" \/>\n<meta property=\"og:url\" content=\"https:\/\/wi.pb.edu.pl\/p\/zubr\/konwertery\/konwertery-automatow-mikroprogramowalnych\/\" \/>\n<meta property=\"og:site_name\" content=\"Strony pracownik\u00f3w Wydzia\u0142u Informatyki Politechniki Bia\u0142ostockiej\" \/>\n<meta name=\"twitter:card\" content=\"summary_large_image\" \/>\n<meta name=\"twitter:label1\" content=\"Szacowany czas czytania\" \/>\n\t<meta name=\"twitter:data1\" content=\"1 minuta\" \/>\n<script type=\"application\/ld+json\" class=\"yoast-schema-graph\">{\"@context\":\"https:\/\/schema.org\",\"@graph\":[{\"@type\":\"WebPage\",\"@id\":\"https:\/\/wi.pb.edu.pl\/p\/zubr\/konwertery\/konwertery-automatow-mikroprogramowalnych\/\",\"url\":\"https:\/\/wi.pb.edu.pl\/p\/zubr\/konwertery\/konwertery-automatow-mikroprogramowalnych\/\",\"name\":\"Konwertery automat\u00f3w mikroprogramowalnych - Strony pracownik\u00f3w Wydzia\u0142u Informatyki Politechniki Bia\u0142ostockiej\",\"isPartOf\":{\"@id\":\"https:\/\/wi.pb.edu.pl\/p\/#website\"},\"datePublished\":\"2024-07-26T08:39:43+00:00\",\"breadcrumb\":{\"@id\":\"https:\/\/wi.pb.edu.pl\/p\/zubr\/konwertery\/konwertery-automatow-mikroprogramowalnych\/#breadcrumb\"},\"inLanguage\":\"pl-PL\",\"potentialAction\":[{\"@type\":\"ReadAction\",\"target\":[\"https:\/\/wi.pb.edu.pl\/p\/zubr\/konwertery\/konwertery-automatow-mikroprogramowalnych\/\"]}]},{\"@type\":\"BreadcrumbList\",\"@id\":\"https:\/\/wi.pb.edu.pl\/p\/zubr\/konwertery\/konwertery-automatow-mikroprogramowalnych\/#breadcrumb\",\"itemListElement\":[{\"@type\":\"ListItem\",\"position\":1,\"name\":\"Strona g\u0142\u00f3wna\",\"item\":\"https:\/\/wi.pb.edu.pl\/p\/\"},{\"@type\":\"ListItem\",\"position\":2,\"name\":\"\u017bubr\",\"item\":\"https:\/\/wi.pb.edu.pl\/p\/zubr\/\"},{\"@type\":\"ListItem\",\"position\":3,\"name\":\"Konwertery\",\"item\":\"https:\/\/wi.pb.edu.pl\/p\/zubr\/konwertery\/\"},{\"@type\":\"ListItem\",\"position\":4,\"name\":\"Konwertery automat\u00f3w mikroprogramowalnych\"}]},{\"@type\":\"WebSite\",\"@id\":\"https:\/\/wi.pb.edu.pl\/p\/#website\",\"url\":\"https:\/\/wi.pb.edu.pl\/p\/\",\"name\":\"Strony pracownik\u00f3w Wydzia\u0142u Informatyki Politechniki Bia\u0142ostockiej\",\"description\":\"\",\"potentialAction\":[{\"@type\":\"SearchAction\",\"target\":{\"@type\":\"EntryPoint\",\"urlTemplate\":\"https:\/\/wi.pb.edu.pl\/p\/?s={search_term_string}\"},\"query-input\":{\"@type\":\"PropertyValueSpecification\",\"valueRequired\":true,\"valueName\":\"search_term_string\"}}],\"inLanguage\":\"pl-PL\"}]}<\/script>\n<!-- \/ Yoast SEO plugin. -->","yoast_head_json":{"title":"Konwertery automat\u00f3w mikroprogramowalnych - Strony pracownik\u00f3w Wydzia\u0142u Informatyki Politechniki Bia\u0142ostockiej","robots":{"index":"index","follow":"follow","max-snippet":"max-snippet:-1","max-image-preview":"max-image-preview:large","max-video-preview":"max-video-preview:-1"},"canonical":"https:\/\/wi.pb.edu.pl\/p\/zubr\/konwertery\/konwertery-automatow-mikroprogramowalnych\/","og_locale":"pl_PL","og_type":"article","og_title":"Konwertery automat\u00f3w mikroprogramowalnych - Strony pracownik\u00f3w Wydzia\u0142u Informatyki Politechniki Bia\u0142ostockiej","og_description":"1. \u0413\u0421\u0410 =&gt; Sie\u0107 Petri 2. Sie\u0107 Petri =&gt; \u0413\u0421\u0410 3. \u0413\u0421\u0410 =&gt; VHDL 4.wi\u0119cej","og_url":"https:\/\/wi.pb.edu.pl\/p\/zubr\/konwertery\/konwertery-automatow-mikroprogramowalnych\/","og_site_name":"Strony pracownik\u00f3w Wydzia\u0142u Informatyki Politechniki Bia\u0142ostockiej","twitter_card":"summary_large_image","twitter_misc":{"Szacowany czas czytania":"1 minuta"},"schema":{"@context":"https:\/\/schema.org","@graph":[{"@type":"WebPage","@id":"https:\/\/wi.pb.edu.pl\/p\/zubr\/konwertery\/konwertery-automatow-mikroprogramowalnych\/","url":"https:\/\/wi.pb.edu.pl\/p\/zubr\/konwertery\/konwertery-automatow-mikroprogramowalnych\/","name":"Konwertery automat\u00f3w mikroprogramowalnych - Strony pracownik\u00f3w Wydzia\u0142u Informatyki Politechniki Bia\u0142ostockiej","isPartOf":{"@id":"https:\/\/wi.pb.edu.pl\/p\/#website"},"datePublished":"2024-07-26T08:39:43+00:00","breadcrumb":{"@id":"https:\/\/wi.pb.edu.pl\/p\/zubr\/konwertery\/konwertery-automatow-mikroprogramowalnych\/#breadcrumb"},"inLanguage":"pl-PL","potentialAction":[{"@type":"ReadAction","target":["https:\/\/wi.pb.edu.pl\/p\/zubr\/konwertery\/konwertery-automatow-mikroprogramowalnych\/"]}]},{"@type":"BreadcrumbList","@id":"https:\/\/wi.pb.edu.pl\/p\/zubr\/konwertery\/konwertery-automatow-mikroprogramowalnych\/#breadcrumb","itemListElement":[{"@type":"ListItem","position":1,"name":"Strona g\u0142\u00f3wna","item":"https:\/\/wi.pb.edu.pl\/p\/"},{"@type":"ListItem","position":2,"name":"\u017bubr","item":"https:\/\/wi.pb.edu.pl\/p\/zubr\/"},{"@type":"ListItem","position":3,"name":"Konwertery","item":"https:\/\/wi.pb.edu.pl\/p\/zubr\/konwertery\/"},{"@type":"ListItem","position":4,"name":"Konwertery automat\u00f3w mikroprogramowalnych"}]},{"@type":"WebSite","@id":"https:\/\/wi.pb.edu.pl\/p\/#website","url":"https:\/\/wi.pb.edu.pl\/p\/","name":"Strony pracownik\u00f3w Wydzia\u0142u Informatyki Politechniki Bia\u0142ostockiej","description":"","potentialAction":[{"@type":"SearchAction","target":{"@type":"EntryPoint","urlTemplate":"https:\/\/wi.pb.edu.pl\/p\/?s={search_term_string}"},"query-input":{"@type":"PropertyValueSpecification","valueRequired":true,"valueName":"search_term_string"}}],"inLanguage":"pl-PL"}]}},"_links":{"self":[{"href":"https:\/\/wi.pb.edu.pl\/p\/wp-json\/wp\/v2\/pages\/1585","targetHints":{"allow":["GET"]}}],"collection":[{"href":"https:\/\/wi.pb.edu.pl\/p\/wp-json\/wp\/v2\/pages"}],"about":[{"href":"https:\/\/wi.pb.edu.pl\/p\/wp-json\/wp\/v2\/types\/page"}],"author":[{"embeddable":true,"href":"https:\/\/wi.pb.edu.pl\/p\/wp-json\/wp\/v2\/users\/14"}],"replies":[{"embeddable":true,"href":"https:\/\/wi.pb.edu.pl\/p\/wp-json\/wp\/v2\/comments?post=1585"}],"version-history":[{"count":1,"href":"https:\/\/wi.pb.edu.pl\/p\/wp-json\/wp\/v2\/pages\/1585\/revisions"}],"predecessor-version":[{"id":1586,"href":"https:\/\/wi.pb.edu.pl\/p\/wp-json\/wp\/v2\/pages\/1585\/revisions\/1586"}],"up":[{"embeddable":true,"href":"https:\/\/wi.pb.edu.pl\/p\/wp-json\/wp\/v2\/pages\/1565"}],"wp:attachment":[{"href":"https:\/\/wi.pb.edu.pl\/p\/wp-json\/wp\/v2\/media?parent=1585"}],"curies":[{"name":"wp","href":"https:\/\/api.w.org\/{rel}","templated":true}]}}