{"id":1621,"date":"2024-07-26T11:24:16","date_gmt":"2024-07-26T09:24:16","guid":{"rendered":"https:\/\/wi.pb.edu.pl\/p\/?page_id=1621"},"modified":"2024-07-26T11:24:16","modified_gmt":"2024-07-26T09:24:16","slug":"rezultaty-badan-eksperymentalnych-metod-syntezy-automatow-skonczonych","status":"publish","type":"page","link":"https:\/\/wi.pb.edu.pl\/p\/zubr\/rezultaty-badan-eksperymentalnych-metod-syntezy\/rezultaty-badan-eksperymentalnych-metod-syntezy-automatow-skonczonych\/","title":{"rendered":"Rezultaty bada\u0144 eksperymentalnych metod syntezy automat\u00f3w sko\u0144czonych"},"content":{"rendered":"<div class=\"panel-group\" id=\"custom-collapse-0\">\n<div class=\"panel panel-default\">\n\t\t\t\t<div class=\"panel-heading\">\n\t\t\t\t\t<div class=\"panel-title\">\n\t\t\t\t\t\t<a class=\"collapsed h4\" data-toggle=\"collapse\" data-parent=\"#custom-collapse-0\" href=\"#custom-collapse-0-0\">Warunki prowadzenia bada\u0144<\/a>\n\t\t\t\t\t<\/div>\n\t\t\t\t<\/div>\n\t\t\t\t<div id=\"custom-collapse-0-0\" class=\"panel-collapse collapse\">\n\t\t\t\t\t<div class=\"panel-body\">\n<p>W charakterze danych wej\u015bciowych by\u0142y wykorzystywane przyk\u0142ady testowe automat\u00f3w sko\u0144czonych opracowane w MCNC (Microelectronics Center of North Carolina). Dane przyk\u0142ady s\u0105 przedstawione w postaci plik\u00f3w tekstowych w formacie wej\u015bciowym systemu SIS.<\/p>\n<p>Przy syntezie ka\u017cdego przyk\u0142adu za pomoc\u0105 pakiet\u00f3w przemys\u0142owych (MAX+PLUS II firmy Altera, WebPack firmy Xilinx i FPGA Advantage firmy Mentor Graphics) by\u0142y wykonywane kolejno nast\u0119puj\u0105ce czynno\u015bci:<\/p>\n<p>\u00b7 opis automatu sko\u0144czonego za j\u0119zyka systemu SIS za pomoc\u0105 konwertera pakietu ZUBR zosta\u0142 konwertowany na j\u0119zyk VHDL (dla pakietu MAX+PLUSII \u2013 na j\u0119zyk AHDL);<\/p>\n<p>\u00b7 wykonywano syntez\u0119 automatu sko\u0144czonego za pomoc\u0105 pakietu przemys\u0142owego na PLD odpowiedniej rodziny, przy czym parametry syntezy by\u0142y ustawiane na maksymaln\u0105 minimalizacj\u0119 koszt\u00f3w (powierzchni uk\u0142adu);<\/p>\n<p>\u00b7 rezultaty syntezy oceniano ze wzgl\u0119du na koszt (liczb\u0119 wykorzystanych makrokom\u00f3rek\/element\u00f3w logicznych PLD) i szybko\u015b\u0107 dzia\u0142ania (maksymalne op\u00f3\u017anienie w nanosekundach przy przej\u015bciu sygna\u0142\u00f3w z wej\u015b\u0107 na wyj\u015bcia uk\u0142adu kombinacyjnego) za pomoc\u0105 pakietu przemys\u0142owego.<\/p>\n<p>Przy syntezie ka\u017cdego testowego przyk\u0142adu z wykorzystaniem pakietu ZUBR wykonywano kolejno nast\u0119puj\u0105ce czynno\u015bci:<\/p>\n<p>\u00b7 wykonywano syntez\u0119 automatu sko\u0144czonego za pomoc\u0105 pakietu ZUBR na PLD odpowiedniej rodziny;<\/p>\n<p>\u00b7 formowano zbi\u00f3r funkcji Boolowskich odpowiadaj\u0105cy syntezowanemu automatowi;<\/p>\n<p>\u00b7 zbi\u00f3r r\u00f3wna\u0144 logicznych konwertowano za pomoc\u0105 konwertera pakietu ZUBR do j\u0119zyka VHDL (AHDL dla systemu MAX+PLUS II);<\/p>\n<p>\u00b7 wykonywano syntez\u0119 uk\u0142adu kombinacyjnego za pomoc\u0105 pakietu przemys\u0142owego na PLD odpowiedniej rodziny, przy czym parametry syntezy by\u0142y ustawiane na maksymaln\u0105 minimalizacj\u0119 koszt\u00f3w (powierzchni uk\u0142adu);<\/p>\n<p>\u00b7 rezultaty syntezy oceniano ze wzgl\u0119du na koszt (liczb\u0105 wykorzystanych makrokom\u00f3rek\/element\u00f3w logicznych PLD) i szybko\u015b\u0107 dzia\u0142ania (maksymalne op\u00f3\u017anienie w nanosekundach przy przej\u015bciu sygna\u0142\u00f3w z wej\u015b\u0107 na wyj\u015bcia automatu sko\u0144czonego) za pomoc\u0105 pakietu przemys\u0142owego.<\/p>\n<p>Dla pokazania rezultat\u00f3w bada\u0144 eksperymentalnych przyj\u0119to nast\u0119puj\u0105ce oznaczenia:<\/p>\n<p>Name \u2013 nazwa testowego przyk\u0142adu (pliku);<\/p>\n<p>L \u2013 liczba wej\u015b\u0107 automatu sko\u0144czonego;<\/p>\n<p>N &#8211; liczba wyj\u015b\u0107 automatu sko\u0144czonego;<\/p>\n<p>P \u2013 liczba r\u00f3\u017cnych koniunkcji w tablicowej postaci automatu sko\u0144czonego;<\/p>\n<p>CA \u2013 koszt realizacji (liczba makrokom\u00f3rek\/element\u00f3w logicznych) automatu sko\u0144czonego syntezowany za pomoc\u0105 pakietu MAX+PLUS II firmy Altera;<\/p>\n<p>CX \u2013 koszt realizacji automatu sko\u0144czonego syntezowany za pomoc\u0105 pakietu WebPack firmy Xilinx;<\/p>\n<p>CM &#8211; koszt realizacji automatu sko\u0144czonego syntezowany za pomoc\u0105 pakietu FPGA Advantage firmy Mentor Graphics;<\/p>\n<p>C1,&#8230;,C6 \u2013 koszty realizacji automatu sko\u0144czonego przy wykorzystaniu metod -odpowiednio \u041c1,&#8230;,\u041c6 \u2013 syntezy automatu sko\u0144czonego pakietu ZUBR;<\/p>\n<p>DA \u2013 szybko\u015b\u0107 dzia\u0142ania (warto\u015b\u0107 maksymalnego op\u00f3\u017anienia w nanosekundach przy przej\u015bciu sygna\u0142u z wej\u015b\u0107 na wyj\u015bcia) automatu sko\u0144czonego, syntezowany za pomoc\u0105 pakietu MAX+PLUS II firmy Altera;<\/p>\n<p>DX \u2013 szybko\u015b\u0107 dzia\u0142ania automatu sko\u0144czonego syntezowany za pomoc\u0105 pakietu WebPack firmy Xilinx;<\/p>\n<p>DM &#8211; szybko\u015b\u0107 dzia\u0142ania automatu sko\u0144czonego syntezowany za pomoc\u0105 pakietu FPGA Advantage firmy Mentor Graphics;<\/p>\n<p>D1,&#8230;,D6 \u2013 szybko\u015b\u0107 dzia\u0142ania automatu sko\u0144czonego przy wykorzystaniu odpowiednio metod \u041c1,&#8230;,\u041c6 syntezy uk\u0142ad\u00f3w kombinacyjnych pakietu ZUBR.<\/p>\n<\/div>\n\t\t\t\t<\/div>\n\t\t\t<\/div>\n<div class=\"panel panel-default\">\n\t\t\t\t<div class=\"panel-heading\">\n\t\t\t\t\t<div class=\"panel-title\">\n\t\t\t\t\t\t<a class=\"collapsed h4\" data-toggle=\"collapse\" data-parent=\"#custom-collapse-0\" href=\"#custom-collapse-0-1\">Por\u00f3wnanie metod syntezy automat\u00f3w sko\u0144czonych pakietu ZUBR z pakietem MAX+PLUSII firmy Xilinx<\/a>\n\t\t\t\t\t<\/div>\n\t\t\t\t<\/div>\n\t\t\t\t<div id=\"custom-collapse-0-1\" class=\"panel-collapse collapse\">\n\t\t\t\t\t<div class=\"panel-body\">\n<h5>Wykorzystanie metody A2 syntezy automat\u00f3w sko\u0144czonych klasy A i B<\/h5>\n<p style=\"font-weight: 400\">&#8211;&nbsp;dla rodziny MAX 7000<\/p>\n<p><a href=\"https:\/\/wi.pb.edu.pl\/p\/wp-content\/uploads\/sites\/3\/2024\/07\/A1.pdf\">&nbsp;ze wzgl\u0119du na koszt<\/a><\/p>\n<p><a href=\"https:\/\/wi.pb.edu.pl\/p\/wp-content\/uploads\/sites\/3\/2024\/07\/A2.pdf\">&nbsp;ze wzgl\u0119du na szybko\u015b\u0107 dzia\u0142ania<\/a><\/p>\n<p>&nbsp;<\/p>\n<p style=\"font-weight: 400\">&#8211;&nbsp;dla rodziny MAX 9000<\/p>\n<p><a href=\"https:\/\/wi.pb.edu.pl\/p\/wp-content\/uploads\/sites\/3\/2024\/07\/A3.pdf\">&nbsp;ze wzgl\u0119du na koszt<\/a><\/p>\n<p><a href=\"https:\/\/wi.pb.edu.pl\/p\/wp-content\/uploads\/sites\/3\/2024\/07\/A4.pdf\">&nbsp;ze wzgl\u0119du na szybko\u015b\u0107 dzia\u0142ania<\/a><\/p>\n<h5>Wykorzystanie metody A3 syntezy automat\u00f3w sko\u0144czonych klasy C<\/h5>\n<p style=\"font-weight: 400\">&#8211;&nbsp;dla rodziny CLASSIC<\/p>\n<p><a href=\"https:\/\/wi.pb.edu.pl\/p\/wp-content\/uploads\/sites\/3\/2024\/07\/A5.pdf\">&nbsp;ze wzgl\u0119du na koszt<\/a><\/p>\n<p><a href=\"https:\/\/wi.pb.edu.pl\/p\/wp-content\/uploads\/sites\/3\/2024\/07\/A6.pdf\">&nbsp;ze wzgl\u0119du na szybko\u015b\u0107 dzia\u0142ania<\/a><\/p>\n<p>&nbsp;<\/p>\n<p style=\"font-weight: 400\">&#8211;&nbsp;dla rodziny MAX 5000<\/p>\n<p><a href=\"https:\/\/wi.pb.edu.pl\/p\/wp-content\/uploads\/sites\/3\/2024\/07\/A7.pdf\">&nbsp;ze wzgl\u0119du na koszt<\/a><\/p>\n<p><a href=\"https:\/\/wi.pb.edu.pl\/p\/wp-content\/uploads\/sites\/3\/2024\/07\/A8.pdf\">&nbsp;ze wzgl\u0119du na szybko\u015b\u0107 dzia\u0142ania<\/a><\/p>\n<h5>Wykorzystanie metody A4 syntezy automat\u00f3w sko\u0144czonych klasy D<\/h5>\n<p style=\"font-weight: 400\">&#8211;&nbsp;dla rodziny MAX 9000<\/p>\n<p><a href=\"https:\/\/wi.pb.edu.pl\/p\/wp-content\/uploads\/sites\/3\/2024\/07\/A9.pdf\">&nbsp;ze wzgl\u0119du na koszt<\/a><\/p>\n<p><a href=\"https:\/\/wi.pb.edu.pl\/p\/wp-content\/uploads\/sites\/3\/2024\/07\/A10.pdf\">&nbsp;ze wzgl\u0119du na szybko\u015b\u0107 dzia\u0142ania<\/a><\/p>\n<p>&nbsp;<\/p>\n<p style=\"font-weight: 400\">&#8211;&nbsp;dla rodziny FLEX 10K<\/p>\n<p><a href=\"https:\/\/wi.pb.edu.pl\/p\/wp-content\/uploads\/sites\/3\/2024\/07\/A11.pdf\">&nbsp;ze wzgl\u0119du na koszt<\/a><\/p>\n<p><a href=\"https:\/\/wi.pb.edu.pl\/p\/wp-content\/uploads\/sites\/3\/2024\/07\/A12.pdf\">&nbsp;ze wzgl\u0119du na szybko\u015b\u0107 dzia\u0142ania<\/a><\/p>\n<h5>Wykorzystanie metody A5 syntezy automat\u00f3w sko\u0144czonych klasy E<\/h5>\n<p style=\"font-weight: 400\">&#8211;&nbsp;dla rodziny FLEX 10K<\/p>\n<p><a href=\"https:\/\/wi.pb.edu.pl\/p\/wp-content\/uploads\/sites\/3\/2024\/07\/A13.pdf\">&nbsp;ze wzgl\u0119du na koszt<\/a><\/p>\n<p><a href=\"https:\/\/wi.pb.edu.pl\/p\/wp-content\/uploads\/sites\/3\/2024\/07\/A14.pdf\">&nbsp;ze wzgl\u0119du na szybko\u015b\u0107 dzia\u0142ania<\/a><\/p>\n<h5>Wykorzystanie metody A7 syntezy automat\u00f3w sko\u0144czonych klasy ADE<\/h5>\n<p style=\"font-weight: 400\">&#8211;&nbsp;dla rodziny MAX 9000<\/p>\n<p><a href=\"https:\/\/wi.pb.edu.pl\/p\/wp-content\/uploads\/sites\/3\/2024\/07\/A15.pdf\">&nbsp;ze wzgl\u0119du na koszt<\/a><\/p>\n<p><a href=\"https:\/\/wi.pb.edu.pl\/p\/wp-content\/uploads\/sites\/3\/2024\/07\/A16.pdf\">&nbsp;ze wzgl\u0119du na szybko\u015b\u0107 dzia\u0142ania<\/a><\/p>\n<h5>&nbsp;<\/h5>\n<p style=\"font-weight: 400\">&#8211;&nbsp;dla rodziny FLEX 10<\/p>\n<p><a href=\"https:\/\/wi.pb.edu.pl\/p\/wp-content\/uploads\/sites\/3\/2024\/07\/A17.pdf\">&nbsp;ze wzgl\u0119du na koszt<\/a><\/p>\n<p><a href=\"https:\/\/wi.pb.edu.pl\/p\/wp-content\/uploads\/sites\/3\/2024\/07\/A18.pdf\">&nbsp;ze wzgl\u0119du na szybko\u015b\u0107 dzia\u0142ania<\/a><\/p>\n<h5>Wykorzystanie metody A8 syntezy automat\u00f3w sko\u0144czonych klasy AD<\/h5>\n<p style=\"font-weight: 400\">&#8211;&nbsp;dla rodziny MAX 9000<\/p>\n<p><a href=\"https:\/\/wi.pb.edu.pl\/p\/wp-content\/uploads\/sites\/3\/2024\/07\/A19.pdf\">&nbsp;ze wzgl\u0119du na koszt<\/a><\/p>\n<p><a href=\"https:\/\/wi.pb.edu.pl\/p\/wp-content\/uploads\/sites\/3\/2024\/07\/A20.pdf\">&nbsp;ze wzgl\u0119du na szybko\u015b\u0107 dzia\u0142ania<\/a><\/p>\n<h5>&nbsp;<\/h5>\n<p style=\"font-weight: 400\">&#8211;&nbsp;dla rodziny FLEX 10K<\/p>\n<p><a href=\"https:\/\/wi.pb.edu.pl\/p\/wp-content\/uploads\/sites\/3\/2024\/07\/A21.pdf\">&nbsp;ze wzgl\u0119du na koszt<\/a><\/p>\n<p><a href=\"https:\/\/wi.pb.edu.pl\/p\/wp-content\/uploads\/sites\/3\/2024\/07\/A22.pdf\">&nbsp;ze wzgl\u0119du na szybko\u015b\u0107 dzia\u0142ania<\/a><\/p>\n<h5>Wykorzystanie metody A9 syntezy automat\u00f3w sko\u0144czonych klasy AE<\/h5>\n<p style=\"font-weight: 400\">&#8211;&nbsp;dla rodziny MAX 9000<\/p>\n<p><a href=\"https:\/\/wi.pb.edu.pl\/p\/wp-content\/uploads\/sites\/3\/2024\/07\/A23.pdf\">&nbsp;ze wzgl\u0119du na koszt<\/a><\/p>\n<p><a href=\"https:\/\/wi.pb.edu.pl\/p\/wp-content\/uploads\/sites\/3\/2024\/07\/A24.pdf\">&nbsp;ze wzgl\u0119du na szybko\u015b\u0107 dzia\u0142ania<\/a><\/p>\n<h5>&nbsp;<\/h5>\n<p style=\"font-weight: 400\">&#8211;&nbsp;dla rodziny FLEX 10K<\/p>\n<p><a href=\"https:\/\/wi.pb.edu.pl\/p\/wp-content\/uploads\/sites\/3\/2024\/07\/A25.pdf\">&nbsp;ze wzgl\u0119du na koszt<\/a><\/p>\n<p><a href=\"https:\/\/wi.pb.edu.pl\/p\/wp-content\/uploads\/sites\/3\/2024\/07\/A26.pdf\">&nbsp;ze wzgl\u0119du na szybko\u015b\u0107 dzia\u0142ania<\/a><\/p>\n<\/div>\n\t\t\t\t<\/div>\n\t\t\t<\/div>\n<div class=\"panel panel-default\">\n\t\t\t\t<div class=\"panel-heading\">\n\t\t\t\t\t<div class=\"panel-title\">\n\t\t\t\t\t\t<a class=\"collapsed h4\" data-toggle=\"collapse\" data-parent=\"#custom-collapse-0\" href=\"#custom-collapse-0-2\">Por\u00f3wnanie metod syntezy automat\u00f3w sko\u0144czonych pakietu ZUBR z pakietem MAX+PLUSII firmy Xilinx<\/a>\n\t\t\t\t\t<\/div>\n\t\t\t\t<\/div>\n\t\t\t\t<div id=\"custom-collapse-0-2\" class=\"panel-collapse collapse\">\n\t\t\t\t\t<div class=\"panel-body\">\n<h5>Wykorzystanie metody A2 syntezy automat\u00f3w sko\u0144czonych klasy A i B<\/h5>\n<p>&#8211;&nbsp;dla rodziny XC 9500<\/p>\n<p><a href=\"https:\/\/wi.pb.edu.pl\/p\/wp-content\/uploads\/sites\/3\/2024\/07\/A27.pdf\">&nbsp;ze wzgl\u0119du na koszt<\/a><\/p>\n<p><a href=\"https:\/\/wi.pb.edu.pl\/p\/wp-content\/uploads\/sites\/3\/2024\/07\/A28.pdf\">&nbsp;ze wzgl\u0119du na szybko\u015b\u0107 dzia\u0142ania<\/a><\/p>\n<h5>Wykorzystanie metody A5 syntezy automat\u00f3w sko\u0144czonych klasy E<\/h5>\n<p style=\"font-weight: 400\">&#8211;&nbsp;dla rodziny VIRTEX II<\/p>\n<p><a href=\"https:\/\/wi.pb.edu.pl\/p\/wp-content\/uploads\/sites\/3\/2024\/07\/A29.pdf\">&nbsp;ze wzgl\u0119du na koszt<\/a><\/p>\n<p><a href=\"https:\/\/wi.pb.edu.pl\/p\/wp-content\/uploads\/sites\/3\/2024\/07\/A30.pdf\">&nbsp;ze wzgl\u0119du na szybko\u015b\u0107 dzia\u0142ania<\/a><\/p>\n<h5>&nbsp;<\/h5>\n<p style=\"font-weight: 400\">&#8211;&nbsp;dla rodziny MAX 5000<\/p>\n<p><a href=\"https:\/\/wi.pb.edu.pl\/p\/wp-content\/uploads\/sites\/3\/2024\/07\/A7.pdf\">&nbsp;ze wzgl\u0119du na koszt<\/a><\/p>\n<p><a href=\"https:\/\/wi.pb.edu.pl\/p\/wp-content\/uploads\/sites\/3\/2024\/07\/A8.pdf\">&nbsp;ze wzgl\u0119du na szybko\u015b\u0107 dzia\u0142ania<\/a><\/p>\n<h5>Wykorzystanie metody A7 syntezy automat\u00f3w sko\u0144czonych klasy AED<\/h5>\n<p>&#8211;&nbsp;dla rodziny XC 9500<\/p>\n<p><a href=\"https:\/\/wi.pb.edu.pl\/p\/wp-content\/uploads\/sites\/3\/2024\/07\/A31.pdf\">&nbsp;ze wzgl\u0119du na koszt<\/a><\/p>\n<p><a href=\"https:\/\/wi.pb.edu.pl\/p\/wp-content\/uploads\/sites\/3\/2024\/07\/A32.pdf\">&nbsp;ze wzgl\u0119du na szybko\u015b\u0107 dzia\u0142ania<\/a><\/p>\n<h5>&nbsp;<\/h5>\n<p>&#8211;&nbsp;dla rodziny VIRTEX II<\/p>\n<p><a href=\"https:\/\/wi.pb.edu.pl\/p\/wp-content\/uploads\/sites\/3\/2024\/07\/A33.pdf\">&nbsp;ze wzgl\u0119du na koszt<\/a><\/p>\n<p><a href=\"https:\/\/wi.pb.edu.pl\/p\/wp-content\/uploads\/sites\/3\/2024\/07\/A34.pdf\">&nbsp;ze wzgl\u0119du na szybko\u015b\u0107 dzia\u0142ania<\/a><\/p>\n<h5>Wykorzystanie metody A8 syntezy automat\u00f3w sko\u0144czonych klasy AD<\/h5>\n<p style=\"font-weight: 400\">&#8211;&nbsp;dla rodziny XC 9500<\/p>\n<p><a href=\"https:\/\/wi.pb.edu.pl\/p\/wp-content\/uploads\/sites\/3\/2024\/07\/A35.pdf\">&nbsp;ze wzgl\u0119du na koszt<\/a><\/p>\n<p><a href=\"https:\/\/wi.pb.edu.pl\/p\/wp-content\/uploads\/sites\/3\/2024\/07\/A36.pdf\">&nbsp;ze wzgl\u0119du na szybko\u015b\u0107 dzia\u0142ania<\/a><\/p>\n<h5>&nbsp;<\/h5>\n<p style=\"font-weight: 400\">&#8211;&nbsp;dla rodziny VIRTEX II<\/p>\n<p><a href=\"https:\/\/wi.pb.edu.pl\/p\/wp-content\/uploads\/sites\/3\/2024\/07\/A37.pdf\">&nbsp;ze wzgl\u0119du na koszt<\/a><\/p>\n<p><a href=\"https:\/\/wi.pb.edu.pl\/p\/wp-content\/uploads\/sites\/3\/2024\/07\/A38.pdf\">&nbsp;ze wzgl\u0119du na szybko\u015b\u0107 dzia\u0142ania<\/a><\/p>\n<h5>Wykorzystanie metody A9 syntezy automat\u00f3w sko\u0144czonych klasy AE<\/h5>\n<p style=\"font-weight: 400\">&#8211;&nbsp;dla rodziny XC 9500<\/p>\n<p><a href=\"https:\/\/wi.pb.edu.pl\/p\/wp-content\/uploads\/sites\/3\/2024\/07\/A39.pdf\">&nbsp;ze wzgl\u0119du na koszt<\/a><\/p>\n<p><a href=\"https:\/\/wi.pb.edu.pl\/p\/wp-content\/uploads\/sites\/3\/2024\/07\/A40.pdf\">&nbsp;ze wzgl\u0119du na szybko\u015b\u0107 dzia\u0142ania<\/a><\/p>\n<h5>&nbsp;<\/h5>\n<p style=\"font-weight: 400\">&#8211;&nbsp;dla rodziny VIRTEX II<\/p>\n<p><a href=\"https:\/\/wi.pb.edu.pl\/p\/wp-content\/uploads\/sites\/3\/2024\/07\/A41.pdf\">&nbsp;ze wzgl\u0119du na koszt<\/a><\/p>\n<p><a href=\"https:\/\/wi.pb.edu.pl\/p\/wp-content\/uploads\/sites\/3\/2024\/07\/A42.pdf\">&nbsp;ze wzgl\u0119du na szybko\u015b\u0107 dzia\u0142ania<\/a><\/p>\n<\/div>\n\t\t\t\t<\/div>\n\t\t\t<\/div>\n<div class=\"panel panel-default\">\n\t\t\t\t<div class=\"panel-heading\">\n\t\t\t\t\t<div class=\"panel-title\">\n\t\t\t\t\t\t<a class=\"collapsed h4\" data-toggle=\"collapse\" data-parent=\"#custom-collapse-0\" href=\"#custom-collapse-0-3\">Por\u00f3wnanie metod syntezy automat\u00f3w sko\u0144czonych pakietu ZUBR z pakietem MAX+PLUSII firmy Mentor Graphics<\/a>\n\t\t\t\t\t<\/div>\n\t\t\t\t<\/div>\n\t\t\t\t<div id=\"custom-collapse-0-3\" class=\"panel-collapse collapse\">\n\t\t\t\t\t<div class=\"panel-body\">\n<h5>Wykorzystanie metody A2 syntezy automat\u00f3w sko\u0144czonych klasy A i B<\/h5>\n<p style=\"font-weight: 400\">&#8211;&nbsp;dla rodziny MAX 7000<\/p>\n<p><a href=\"https:\/\/wi.pb.edu.pl\/p\/wp-content\/uploads\/sites\/3\/2024\/07\/A43.pdf\">&nbsp;ze wzgl\u0119du na koszt<\/a><\/p>\n<p><a href=\"https:\/\/wi.pb.edu.pl\/p\/wp-content\/uploads\/sites\/3\/2024\/07\/A44.pdf\">&nbsp;ze wzgl\u0119du na szybko\u015b\u0107 dzia\u0142ania<\/a><\/p>\n<h5>&nbsp;<\/h5>\n<p style=\"font-weight: 400\">&#8211;&nbsp;dla rodziny XC 9500<\/p>\n<p><a href=\"https:\/\/wi.pb.edu.pl\/p\/wp-content\/uploads\/sites\/3\/2024\/07\/A45.pdf\">&nbsp;ze wzgl\u0119du na koszt<\/a><\/p>\n<p><a href=\"https:\/\/wi.pb.edu.pl\/p\/wp-content\/uploads\/sites\/3\/2024\/07\/A46.pdf\">&nbsp;ze wzgl\u0119du na szybko\u015b\u0107 dzia\u0142ania<\/a><\/p>\n<h5>Wykorzystanie metody A7 syntezy automat\u00f3w sko\u0144czonych klasy ADE<\/h5>\n<p>&#8211;&nbsp;dla rodziny MAX 9000<\/p>\n<p><a href=\"https:\/\/wi.pb.edu.pl\/p\/wp-content\/uploads\/sites\/3\/2024\/07\/A47.pdf\">&nbsp;ze wzgl\u0119du na koszt<\/a><\/p>\n<p><a href=\"https:\/\/wi.pb.edu.pl\/p\/wp-content\/uploads\/sites\/3\/2024\/07\/A48.pdf\">&nbsp;ze wzgl\u0119du na szybko\u015b\u0107 dzia\u0142ania<\/a><\/p>\n<h5>&nbsp;<\/h5>\n<p>&#8211;&nbsp;dla rodziny FLEX 10K<\/p>\n<p><a href=\"https:\/\/wi.pb.edu.pl\/p\/wp-content\/uploads\/sites\/3\/2024\/07\/A49.pdf\">&nbsp;ze wzgl\u0119du na koszt<\/a><\/p>\n<p><a href=\"https:\/\/wi.pb.edu.pl\/p\/wp-content\/uploads\/sites\/3\/2024\/07\/A50.pdf\">&nbsp;ze wzgl\u0119du na szybko\u015b\u0107 dzia\u0142ania<\/a><\/p>\n<h5>&nbsp;<\/h5>\n<p>&#8211;&nbsp;dla rodziny VIRTEX II<\/p>\n<p><a href=\"https:\/\/wi.pb.edu.pl\/p\/wp-content\/uploads\/sites\/3\/2024\/07\/A51.pdf\">&nbsp;ze wzgl\u0119du na koszt<\/a><\/p>\n<p><a href=\"https:\/\/wi.pb.edu.pl\/p\/wp-content\/uploads\/sites\/3\/2024\/07\/A52.pdf\">&nbsp;ze wzgl\u0119du na szybko\u015b\u0107 dzia\u0142ania<\/a><\/p>\n<\/div>\n\t\t\t\t<\/div>\n\t\t\t<\/div>\t<\/p>\n<\/div>\n","protected":false},"excerpt":{"rendered":"","protected":false},"author":14,"featured_media":0,"parent":1590,"menu_order":0,"comment_status":"closed","ping_status":"closed","template":"","meta":{"inline_featured_image":false,"ngg_post_thumbnail":0,"footnotes":""},"class_list":["post-1621","page","type-page","status-publish","hentry"],"acf":[],"yoast_head":"<!-- This site is optimized with the Yoast SEO plugin v26.4 - https:\/\/yoast.com\/wordpress\/plugins\/seo\/ -->\n<title>Rezultaty bada\u0144 eksperymentalnych metod syntezy automat\u00f3w sko\u0144czonych - Strony pracownik\u00f3w Wydzia\u0142u Informatyki Politechniki Bia\u0142ostockiej<\/title>\n<meta name=\"robots\" content=\"index, follow, max-snippet:-1, max-image-preview:large, max-video-preview:-1\" \/>\n<link rel=\"canonical\" href=\"https:\/\/wi.pb.edu.pl\/p\/zubr\/rezultaty-badan-eksperymentalnych-metod-syntezy\/rezultaty-badan-eksperymentalnych-metod-syntezy-automatow-skonczonych\/\" \/>\n<meta property=\"og:locale\" content=\"pl_PL\" \/>\n<meta property=\"og:type\" content=\"article\" \/>\n<meta property=\"og:title\" content=\"Rezultaty bada\u0144 eksperymentalnych metod syntezy automat\u00f3w sko\u0144czonych - Strony pracownik\u00f3w Wydzia\u0142u Informatyki Politechniki Bia\u0142ostockiej\" \/>\n<meta property=\"og:url\" content=\"https:\/\/wi.pb.edu.pl\/p\/zubr\/rezultaty-badan-eksperymentalnych-metod-syntezy\/rezultaty-badan-eksperymentalnych-metod-syntezy-automatow-skonczonych\/\" \/>\n<meta property=\"og:site_name\" content=\"Strony pracownik\u00f3w Wydzia\u0142u Informatyki Politechniki Bia\u0142ostockiej\" \/>\n<meta name=\"twitter:card\" content=\"summary_large_image\" \/>\n<meta name=\"twitter:label1\" content=\"Szacowany czas czytania\" \/>\n\t<meta name=\"twitter:data1\" content=\"6 minut\" \/>\n<script type=\"application\/ld+json\" class=\"yoast-schema-graph\">{\"@context\":\"https:\/\/schema.org\",\"@graph\":[{\"@type\":\"WebPage\",\"@id\":\"https:\/\/wi.pb.edu.pl\/p\/zubr\/rezultaty-badan-eksperymentalnych-metod-syntezy\/rezultaty-badan-eksperymentalnych-metod-syntezy-automatow-skonczonych\/\",\"url\":\"https:\/\/wi.pb.edu.pl\/p\/zubr\/rezultaty-badan-eksperymentalnych-metod-syntezy\/rezultaty-badan-eksperymentalnych-metod-syntezy-automatow-skonczonych\/\",\"name\":\"Rezultaty bada\u0144 eksperymentalnych metod syntezy automat\u00f3w sko\u0144czonych - Strony pracownik\u00f3w Wydzia\u0142u Informatyki Politechniki Bia\u0142ostockiej\",\"isPartOf\":{\"@id\":\"https:\/\/wi.pb.edu.pl\/p\/#website\"},\"datePublished\":\"2024-07-26T09:24:16+00:00\",\"breadcrumb\":{\"@id\":\"https:\/\/wi.pb.edu.pl\/p\/zubr\/rezultaty-badan-eksperymentalnych-metod-syntezy\/rezultaty-badan-eksperymentalnych-metod-syntezy-automatow-skonczonych\/#breadcrumb\"},\"inLanguage\":\"pl-PL\",\"potentialAction\":[{\"@type\":\"ReadAction\",\"target\":[\"https:\/\/wi.pb.edu.pl\/p\/zubr\/rezultaty-badan-eksperymentalnych-metod-syntezy\/rezultaty-badan-eksperymentalnych-metod-syntezy-automatow-skonczonych\/\"]}]},{\"@type\":\"BreadcrumbList\",\"@id\":\"https:\/\/wi.pb.edu.pl\/p\/zubr\/rezultaty-badan-eksperymentalnych-metod-syntezy\/rezultaty-badan-eksperymentalnych-metod-syntezy-automatow-skonczonych\/#breadcrumb\",\"itemListElement\":[{\"@type\":\"ListItem\",\"position\":1,\"name\":\"Strona g\u0142\u00f3wna\",\"item\":\"https:\/\/wi.pb.edu.pl\/p\/\"},{\"@type\":\"ListItem\",\"position\":2,\"name\":\"\u017bubr\",\"item\":\"https:\/\/wi.pb.edu.pl\/p\/zubr\/\"},{\"@type\":\"ListItem\",\"position\":3,\"name\":\"Rezultaty bada\u0144 eksperymentalnych metod syntezy\",\"item\":\"https:\/\/wi.pb.edu.pl\/p\/zubr\/rezultaty-badan-eksperymentalnych-metod-syntezy\/\"},{\"@type\":\"ListItem\",\"position\":4,\"name\":\"Rezultaty bada\u0144 eksperymentalnych metod syntezy automat\u00f3w sko\u0144czonych\"}]},{\"@type\":\"WebSite\",\"@id\":\"https:\/\/wi.pb.edu.pl\/p\/#website\",\"url\":\"https:\/\/wi.pb.edu.pl\/p\/\",\"name\":\"Strony pracownik\u00f3w Wydzia\u0142u Informatyki Politechniki Bia\u0142ostockiej\",\"description\":\"\",\"potentialAction\":[{\"@type\":\"SearchAction\",\"target\":{\"@type\":\"EntryPoint\",\"urlTemplate\":\"https:\/\/wi.pb.edu.pl\/p\/?s={search_term_string}\"},\"query-input\":{\"@type\":\"PropertyValueSpecification\",\"valueRequired\":true,\"valueName\":\"search_term_string\"}}],\"inLanguage\":\"pl-PL\"}]}<\/script>\n<!-- \/ Yoast SEO plugin. -->","yoast_head_json":{"title":"Rezultaty bada\u0144 eksperymentalnych metod syntezy automat\u00f3w sko\u0144czonych - Strony pracownik\u00f3w Wydzia\u0142u Informatyki Politechniki Bia\u0142ostockiej","robots":{"index":"index","follow":"follow","max-snippet":"max-snippet:-1","max-image-preview":"max-image-preview:large","max-video-preview":"max-video-preview:-1"},"canonical":"https:\/\/wi.pb.edu.pl\/p\/zubr\/rezultaty-badan-eksperymentalnych-metod-syntezy\/rezultaty-badan-eksperymentalnych-metod-syntezy-automatow-skonczonych\/","og_locale":"pl_PL","og_type":"article","og_title":"Rezultaty bada\u0144 eksperymentalnych metod syntezy automat\u00f3w sko\u0144czonych - Strony pracownik\u00f3w Wydzia\u0142u Informatyki Politechniki Bia\u0142ostockiej","og_url":"https:\/\/wi.pb.edu.pl\/p\/zubr\/rezultaty-badan-eksperymentalnych-metod-syntezy\/rezultaty-badan-eksperymentalnych-metod-syntezy-automatow-skonczonych\/","og_site_name":"Strony pracownik\u00f3w Wydzia\u0142u Informatyki Politechniki Bia\u0142ostockiej","twitter_card":"summary_large_image","twitter_misc":{"Szacowany czas czytania":"6 minut"},"schema":{"@context":"https:\/\/schema.org","@graph":[{"@type":"WebPage","@id":"https:\/\/wi.pb.edu.pl\/p\/zubr\/rezultaty-badan-eksperymentalnych-metod-syntezy\/rezultaty-badan-eksperymentalnych-metod-syntezy-automatow-skonczonych\/","url":"https:\/\/wi.pb.edu.pl\/p\/zubr\/rezultaty-badan-eksperymentalnych-metod-syntezy\/rezultaty-badan-eksperymentalnych-metod-syntezy-automatow-skonczonych\/","name":"Rezultaty bada\u0144 eksperymentalnych metod syntezy automat\u00f3w sko\u0144czonych - Strony pracownik\u00f3w Wydzia\u0142u Informatyki Politechniki Bia\u0142ostockiej","isPartOf":{"@id":"https:\/\/wi.pb.edu.pl\/p\/#website"},"datePublished":"2024-07-26T09:24:16+00:00","breadcrumb":{"@id":"https:\/\/wi.pb.edu.pl\/p\/zubr\/rezultaty-badan-eksperymentalnych-metod-syntezy\/rezultaty-badan-eksperymentalnych-metod-syntezy-automatow-skonczonych\/#breadcrumb"},"inLanguage":"pl-PL","potentialAction":[{"@type":"ReadAction","target":["https:\/\/wi.pb.edu.pl\/p\/zubr\/rezultaty-badan-eksperymentalnych-metod-syntezy\/rezultaty-badan-eksperymentalnych-metod-syntezy-automatow-skonczonych\/"]}]},{"@type":"BreadcrumbList","@id":"https:\/\/wi.pb.edu.pl\/p\/zubr\/rezultaty-badan-eksperymentalnych-metod-syntezy\/rezultaty-badan-eksperymentalnych-metod-syntezy-automatow-skonczonych\/#breadcrumb","itemListElement":[{"@type":"ListItem","position":1,"name":"Strona g\u0142\u00f3wna","item":"https:\/\/wi.pb.edu.pl\/p\/"},{"@type":"ListItem","position":2,"name":"\u017bubr","item":"https:\/\/wi.pb.edu.pl\/p\/zubr\/"},{"@type":"ListItem","position":3,"name":"Rezultaty bada\u0144 eksperymentalnych metod syntezy","item":"https:\/\/wi.pb.edu.pl\/p\/zubr\/rezultaty-badan-eksperymentalnych-metod-syntezy\/"},{"@type":"ListItem","position":4,"name":"Rezultaty bada\u0144 eksperymentalnych metod syntezy automat\u00f3w sko\u0144czonych"}]},{"@type":"WebSite","@id":"https:\/\/wi.pb.edu.pl\/p\/#website","url":"https:\/\/wi.pb.edu.pl\/p\/","name":"Strony pracownik\u00f3w Wydzia\u0142u Informatyki Politechniki Bia\u0142ostockiej","description":"","potentialAction":[{"@type":"SearchAction","target":{"@type":"EntryPoint","urlTemplate":"https:\/\/wi.pb.edu.pl\/p\/?s={search_term_string}"},"query-input":{"@type":"PropertyValueSpecification","valueRequired":true,"valueName":"search_term_string"}}],"inLanguage":"pl-PL"}]}},"_links":{"self":[{"href":"https:\/\/wi.pb.edu.pl\/p\/wp-json\/wp\/v2\/pages\/1621","targetHints":{"allow":["GET"]}}],"collection":[{"href":"https:\/\/wi.pb.edu.pl\/p\/wp-json\/wp\/v2\/pages"}],"about":[{"href":"https:\/\/wi.pb.edu.pl\/p\/wp-json\/wp\/v2\/types\/page"}],"author":[{"embeddable":true,"href":"https:\/\/wi.pb.edu.pl\/p\/wp-json\/wp\/v2\/users\/14"}],"replies":[{"embeddable":true,"href":"https:\/\/wi.pb.edu.pl\/p\/wp-json\/wp\/v2\/comments?post=1621"}],"version-history":[{"count":1,"href":"https:\/\/wi.pb.edu.pl\/p\/wp-json\/wp\/v2\/pages\/1621\/revisions"}],"predecessor-version":[{"id":1664,"href":"https:\/\/wi.pb.edu.pl\/p\/wp-json\/wp\/v2\/pages\/1621\/revisions\/1664"}],"up":[{"embeddable":true,"href":"https:\/\/wi.pb.edu.pl\/p\/wp-json\/wp\/v2\/pages\/1590"}],"wp:attachment":[{"href":"https:\/\/wi.pb.edu.pl\/p\/wp-json\/wp\/v2\/media?parent=1621"}],"curies":[{"name":"wp","href":"https:\/\/api.w.org\/{rel}","templated":true}]}}