{"id":166,"date":"2024-07-16T11:31:53","date_gmt":"2024-07-16T09:31:53","guid":{"rendered":"https:\/\/wi.pb.edu.pl\/p\/?page_id=166"},"modified":"2024-07-16T11:31:53","modified_gmt":"2024-07-16T09:31:53","slug":"projekt-zespolowy-badawczy","status":"publish","type":"page","link":"https:\/\/wi.pb.edu.pl\/p\/marek-j-druzdzel\/zajecia\/projekt-zespolowy-badawczy\/","title":{"rendered":"Projekt Zespolowy-Badawczy"},"content":{"rendered":"<p>Semestr zimowy 2023-2024,<br \/>\nSpotkania w srody, 17:40-19:10, sala WA 209:<br \/>\nBudynek Rektoratu Politechniki Bialostockiej, Wiejska 45-A, Bialystok<\/p>\n<p>Uwaga: Dwa spotkania (18 pazdziernika i 8 listopada) przeniesione na 27 pazdziernika i 24 listopada, 12:00-13:30, sala WA 209<\/p>\n<p>Prowadz\u0105cy: Marek J. Druzdzel<\/p>\n<h4>Cele przedmiotu<\/h4>\n<menu>\n<li>Przygotowanie Panstwa do udzialu w projektach o charakterze badawczym<\/li>\n<li>Zdobycie umiejetnosci identyfikacji problemu badawczego<\/li>\n<li>Rozwiazanie zidentyfikowanego problemu przy wykorzystaniu narzedzi informatycznych, w oparciu o wiedze ekspert\u00f3w i literature specjalistyczna<\/li>\n<li>Praca w zespolach<\/li>\n<\/menu>\n<h4>Tre\u015bci programowe przedmiotu<\/h4>\n<menu>\n<li>Zapoznanie sie z wymaganiami i kryteriami oceniania.<\/li>\n<li>Okreslenie temat\u00f3w projekt\u00f3w.<\/li>\n<li>Stworzenie grup i wybranie ich kierownik\u00f3w.<\/li>\n<li>Identyfikacja problem\u00f3w badawczych i formulowanie hipotez badawczych.<\/li>\n<li>Ustalenie zakresu prac i harmonogramu.<\/li>\n<li>Specyfikacja projektu, zdefiniowanie wymagan.<\/li>\n<li>Wyb\u00f3r metodyk i narzedzi.<\/li>\n<li>Samodzielna praca nad projektem (+ konsultacje z prowadzacym i kolegami z grupy).<\/li>\n<li>Realizacja czesci inzynierskiej i wykonanie czesci badawczej.<\/li>\n<li>Prezentacje sprawozdan z postepu oraz ostatecznych wywnik\u00f3w prac.<\/li>\n<li>Analiza wynik\u00f3w i przedstawienie wniosk\u00f3w.<\/li>\n<\/menu>\n<h4>Terminy sprawozda\u0144<\/h4>\n<menu>\n<li>12 pazdziernika 2023: Email ze skladem grupy<\/li>\n<li>19 pazdziernika 2023: Raport 1-2 stronice opisujacy temat badawczy<\/li>\n<li>16 listopada 2023: Zmodyfikowany raport, 4 stronice<\/li>\n<li>21 grudnia 2023: Pierwsza wersja sprawozdania koncowego<\/li>\n<li>25 stycznia 2024: Sprawozdanie koncowe<\/li>\n<\/menu>\n<h4>Materialy z przedmiotu<\/h4>\n<p><a href=\"https:\/\/wi.pb.edu.pl\/p\/wp-content\/uploads\/sites\/3\/2024\/07\/Plan-spotkan.pdf\">Plan spotkan<\/a><\/p>\n","protected":false},"excerpt":{"rendered":"<p>Semestr zimowy 2023-2024, Spotkania w srody, 17:40-19:10, sala WA 209: Budynek Rektoratu Politechniki Bialostockiej, Wiejska<a class=\"read-more\" href=\"https:\/\/wi.pb.edu.pl\/p\/marek-j-druzdzel\/zajecia\/projekt-zespolowy-badawczy\/\" title=\"Poka\u017c artyku\u0142 Projekt Zespolowy-Badawczy\">wi\u0119cej<\/a><\/p>\n","protected":false},"author":14,"featured_media":0,"parent":98,"menu_order":0,"comment_status":"closed","ping_status":"closed","template":"","meta":{"inline_featured_image":false,"ngg_post_thumbnail":0,"footnotes":""},"class_list":["post-166","page","type-page","status-publish","hentry"],"acf":[],"yoast_head":"<!-- This site is optimized with the Yoast SEO plugin v26.4 - https:\/\/yoast.com\/wordpress\/plugins\/seo\/ -->\n<title>Projekt Zespolowy-Badawczy - Strony pracownik\u00f3w Wydzia\u0142u Informatyki Politechniki Bia\u0142ostockiej<\/title>\n<meta name=\"robots\" content=\"index, follow, max-snippet:-1, max-image-preview:large, max-video-preview:-1\" \/>\n<link rel=\"canonical\" href=\"https:\/\/wi.pb.edu.pl\/p\/marek-j-druzdzel\/zajecia\/projekt-zespolowy-badawczy\/\" \/>\n<meta property=\"og:locale\" content=\"pl_PL\" \/>\n<meta property=\"og:type\" content=\"article\" \/>\n<meta property=\"og:title\" content=\"Projekt Zespolowy-Badawczy - Strony pracownik\u00f3w Wydzia\u0142u Informatyki Politechniki Bia\u0142ostockiej\" \/>\n<meta property=\"og:description\" content=\"Semestr zimowy 2023-2024, Spotkania w srody, 17:40-19:10, sala WA 209: Budynek Rektoratu Politechniki Bialostockiej, Wiejskawi\u0119cej\" \/>\n<meta property=\"og:url\" content=\"https:\/\/wi.pb.edu.pl\/p\/marek-j-druzdzel\/zajecia\/projekt-zespolowy-badawczy\/\" \/>\n<meta property=\"og:site_name\" content=\"Strony pracownik\u00f3w Wydzia\u0142u Informatyki Politechniki Bia\u0142ostockiej\" \/>\n<meta name=\"twitter:card\" content=\"summary_large_image\" \/>\n<meta name=\"twitter:label1\" content=\"Szacowany czas czytania\" \/>\n\t<meta name=\"twitter:data1\" content=\"2 minuty\" \/>\n<script type=\"application\/ld+json\" class=\"yoast-schema-graph\">{\"@context\":\"https:\/\/schema.org\",\"@graph\":[{\"@type\":\"WebPage\",\"@id\":\"https:\/\/wi.pb.edu.pl\/p\/marek-j-druzdzel\/zajecia\/projekt-zespolowy-badawczy\/\",\"url\":\"https:\/\/wi.pb.edu.pl\/p\/marek-j-druzdzel\/zajecia\/projekt-zespolowy-badawczy\/\",\"name\":\"Projekt Zespolowy-Badawczy - Strony pracownik\u00f3w Wydzia\u0142u Informatyki Politechniki Bia\u0142ostockiej\",\"isPartOf\":{\"@id\":\"https:\/\/wi.pb.edu.pl\/p\/#website\"},\"datePublished\":\"2024-07-16T09:31:53+00:00\",\"breadcrumb\":{\"@id\":\"https:\/\/wi.pb.edu.pl\/p\/marek-j-druzdzel\/zajecia\/projekt-zespolowy-badawczy\/#breadcrumb\"},\"inLanguage\":\"pl-PL\",\"potentialAction\":[{\"@type\":\"ReadAction\",\"target\":[\"https:\/\/wi.pb.edu.pl\/p\/marek-j-druzdzel\/zajecia\/projekt-zespolowy-badawczy\/\"]}]},{\"@type\":\"BreadcrumbList\",\"@id\":\"https:\/\/wi.pb.edu.pl\/p\/marek-j-druzdzel\/zajecia\/projekt-zespolowy-badawczy\/#breadcrumb\",\"itemListElement\":[{\"@type\":\"ListItem\",\"position\":1,\"name\":\"Strona g\u0142\u00f3wna\",\"item\":\"https:\/\/wi.pb.edu.pl\/p\/\"},{\"@type\":\"ListItem\",\"position\":2,\"name\":\"dr hab. in\u017c. Marek J. Dru\u017cdzel\",\"item\":\"https:\/\/wi.pb.edu.pl\/p\/marek-j-druzdzel\/\"},{\"@type\":\"ListItem\",\"position\":3,\"name\":\"Zaj\u0119cia\",\"item\":\"https:\/\/wi.pb.edu.pl\/p\/marek-j-druzdzel\/zajecia\/\"},{\"@type\":\"ListItem\",\"position\":4,\"name\":\"Projekt Zespolowy-Badawczy\"}]},{\"@type\":\"WebSite\",\"@id\":\"https:\/\/wi.pb.edu.pl\/p\/#website\",\"url\":\"https:\/\/wi.pb.edu.pl\/p\/\",\"name\":\"Strony pracownik\u00f3w Wydzia\u0142u Informatyki Politechniki Bia\u0142ostockiej\",\"description\":\"\",\"potentialAction\":[{\"@type\":\"SearchAction\",\"target\":{\"@type\":\"EntryPoint\",\"urlTemplate\":\"https:\/\/wi.pb.edu.pl\/p\/?s={search_term_string}\"},\"query-input\":{\"@type\":\"PropertyValueSpecification\",\"valueRequired\":true,\"valueName\":\"search_term_string\"}}],\"inLanguage\":\"pl-PL\"}]}<\/script>\n<!-- \/ Yoast SEO plugin. -->","yoast_head_json":{"title":"Projekt Zespolowy-Badawczy - Strony pracownik\u00f3w Wydzia\u0142u Informatyki Politechniki Bia\u0142ostockiej","robots":{"index":"index","follow":"follow","max-snippet":"max-snippet:-1","max-image-preview":"max-image-preview:large","max-video-preview":"max-video-preview:-1"},"canonical":"https:\/\/wi.pb.edu.pl\/p\/marek-j-druzdzel\/zajecia\/projekt-zespolowy-badawczy\/","og_locale":"pl_PL","og_type":"article","og_title":"Projekt Zespolowy-Badawczy - Strony pracownik\u00f3w Wydzia\u0142u Informatyki Politechniki Bia\u0142ostockiej","og_description":"Semestr zimowy 2023-2024, Spotkania w srody, 17:40-19:10, sala WA 209: Budynek Rektoratu Politechniki Bialostockiej, Wiejskawi\u0119cej","og_url":"https:\/\/wi.pb.edu.pl\/p\/marek-j-druzdzel\/zajecia\/projekt-zespolowy-badawczy\/","og_site_name":"Strony pracownik\u00f3w Wydzia\u0142u Informatyki Politechniki Bia\u0142ostockiej","twitter_card":"summary_large_image","twitter_misc":{"Szacowany czas czytania":"2 minuty"},"schema":{"@context":"https:\/\/schema.org","@graph":[{"@type":"WebPage","@id":"https:\/\/wi.pb.edu.pl\/p\/marek-j-druzdzel\/zajecia\/projekt-zespolowy-badawczy\/","url":"https:\/\/wi.pb.edu.pl\/p\/marek-j-druzdzel\/zajecia\/projekt-zespolowy-badawczy\/","name":"Projekt Zespolowy-Badawczy - Strony pracownik\u00f3w Wydzia\u0142u Informatyki Politechniki Bia\u0142ostockiej","isPartOf":{"@id":"https:\/\/wi.pb.edu.pl\/p\/#website"},"datePublished":"2024-07-16T09:31:53+00:00","breadcrumb":{"@id":"https:\/\/wi.pb.edu.pl\/p\/marek-j-druzdzel\/zajecia\/projekt-zespolowy-badawczy\/#breadcrumb"},"inLanguage":"pl-PL","potentialAction":[{"@type":"ReadAction","target":["https:\/\/wi.pb.edu.pl\/p\/marek-j-druzdzel\/zajecia\/projekt-zespolowy-badawczy\/"]}]},{"@type":"BreadcrumbList","@id":"https:\/\/wi.pb.edu.pl\/p\/marek-j-druzdzel\/zajecia\/projekt-zespolowy-badawczy\/#breadcrumb","itemListElement":[{"@type":"ListItem","position":1,"name":"Strona g\u0142\u00f3wna","item":"https:\/\/wi.pb.edu.pl\/p\/"},{"@type":"ListItem","position":2,"name":"dr hab. in\u017c. Marek J. Dru\u017cdzel","item":"https:\/\/wi.pb.edu.pl\/p\/marek-j-druzdzel\/"},{"@type":"ListItem","position":3,"name":"Zaj\u0119cia","item":"https:\/\/wi.pb.edu.pl\/p\/marek-j-druzdzel\/zajecia\/"},{"@type":"ListItem","position":4,"name":"Projekt Zespolowy-Badawczy"}]},{"@type":"WebSite","@id":"https:\/\/wi.pb.edu.pl\/p\/#website","url":"https:\/\/wi.pb.edu.pl\/p\/","name":"Strony pracownik\u00f3w Wydzia\u0142u Informatyki Politechniki Bia\u0142ostockiej","description":"","potentialAction":[{"@type":"SearchAction","target":{"@type":"EntryPoint","urlTemplate":"https:\/\/wi.pb.edu.pl\/p\/?s={search_term_string}"},"query-input":{"@type":"PropertyValueSpecification","valueRequired":true,"valueName":"search_term_string"}}],"inLanguage":"pl-PL"}]}},"_links":{"self":[{"href":"https:\/\/wi.pb.edu.pl\/p\/wp-json\/wp\/v2\/pages\/166","targetHints":{"allow":["GET"]}}],"collection":[{"href":"https:\/\/wi.pb.edu.pl\/p\/wp-json\/wp\/v2\/pages"}],"about":[{"href":"https:\/\/wi.pb.edu.pl\/p\/wp-json\/wp\/v2\/types\/page"}],"author":[{"embeddable":true,"href":"https:\/\/wi.pb.edu.pl\/p\/wp-json\/wp\/v2\/users\/14"}],"replies":[{"embeddable":true,"href":"https:\/\/wi.pb.edu.pl\/p\/wp-json\/wp\/v2\/comments?post=166"}],"version-history":[{"count":1,"href":"https:\/\/wi.pb.edu.pl\/p\/wp-json\/wp\/v2\/pages\/166\/revisions"}],"predecessor-version":[{"id":168,"href":"https:\/\/wi.pb.edu.pl\/p\/wp-json\/wp\/v2\/pages\/166\/revisions\/168"}],"up":[{"embeddable":true,"href":"https:\/\/wi.pb.edu.pl\/p\/wp-json\/wp\/v2\/pages\/98"}],"wp:attachment":[{"href":"https:\/\/wi.pb.edu.pl\/p\/wp-json\/wp\/v2\/media?parent=166"}],"curies":[{"name":"wp","href":"https:\/\/api.w.org\/{rel}","templated":true}]}}