{"id":1690,"date":"2024-08-19T09:00:41","date_gmt":"2024-08-19T07:00:41","guid":{"rendered":"https:\/\/wi.pb.edu.pl\/p\/?page_id=1690"},"modified":"2024-09-17T09:35:55","modified_gmt":"2024-09-17T07:35:55","slug":"leon-bobrowski","status":"publish","type":"page","link":"https:\/\/wi.pb.edu.pl\/p\/leon-bobrowski\/","title":{"rendered":"prof. dr hab. Leon Bobrowski"},"content":{"rendered":"<div class=\"table-responsive\">\n<table class=\"table table-bordered\">\n<tbody>\n<tr>\n<td>Struktura organizacyjna:<\/td>\n<td>Katedra Oprogramowania<\/td>\n<\/tr>\n<tr>\n<td>Stanowisko:<\/td>\n<td>profesor<\/td>\n<\/tr>\n<tr>\n<td>E-mail:<\/td>\n<td><a href=\"#\" rel=\"nofollow\"  onclick=\"this.href='mailto:' + 'l.bobrowski' + '@' + 'pb.edu.pl'\">l.bobrowski [at] pb.edu.pl<\/a><\/td>\n<\/tr>\n<tr>\n<td>Telefon:<\/td>\n<td>85 746 91 02<\/td>\n<\/tr>\n<tr>\n<td>Pok\u00f3j:<\/td>\n<td>A220 (232)<\/td>\n<\/tr>\n<tr>\n<td><a href=\"http:\/\/degra.pb.bialystok.pl\/rozklady\/rozklad.php?id=10&amp;page=Wy%C5%9Bwietl\" target=\"blank\" rel=\"noopener\">Rozk\u0142ad zaj\u0119\u0107<\/a><\/td>\n<td>&nbsp;<\/td>\n<\/tr>\n<tr>\n<td><a href=\"http:\/\/poprzedni-wi.pb.edu.pl\/osoby\/bobrowski\/Bobrowski.htm\" target=\"blank\" rel=\"noopener\">Strona www<\/a><\/td>\n<td>&nbsp;<\/td>\n<\/tr>\n<tr>\n<td><a href=\"https:\/\/bazawiedzy.pb.edu.pl\/info.seam?id=BUT9972f00cf9c549258f467b888ec9afff&amp;affil=&amp;lang=pl\" target=\"blank\" rel=\"noopener\">Publikacje<\/a><\/td>\n<td>&nbsp;<\/td>\n<\/tr>\n<tr>\n<td colspan=\"2\">Leon Bobrowski studiowa\u0142 na Wydziale Fizyki Uniwersytetu Warszawskiego. Stopie\u0144 naukowy doktora uzyska\u0142 w Instytucie Bada\u0144 Systemowych PAN, natomiast stopie\u0144 naukowy doktora habilitowanego zdoby\u0142 w Instytucie Biocybernetyki i In\u017cynierii Biomedycznej PAN. W roku 2007 Prezydent Rzeczypospolitej Polskiej przyzna\u0142 Leonowi Bobrowskiemu tytu\u0142 profesora.&nbsp;<\/p>\n<p>Leon Bobrowski pracuje w Politechnice Bia\u0142ostockiej od 1990 roku, aktualnie na stanowisku profesora zwyczajnego. 25 lat kierowa\u0142 Katedr\u0105 Oprogramowania (wcze\u015bniej Zak\u0142adem Oprogramowania). W latach 2001-2008 oraz 2012-2016 sprawowa\u0142 funkcj\u0119 Dziekana Wydzia\u0142u Informatyki.<\/p>\n<p>Tematyka pracy naukowej Leona Bobrowskiego koncentruje si\u0119 wok\u00f3\u0142 metod przetwarzania i analizy zbior\u00f3w danych biomedycznych z zastosowaniami we wspomaganiu diagnostyki medycznej. Rozwija metody pozyskiwania wiedzy z baz danych oparte m.in. o modele sieci neuronowych. Wyniki prac zosta\u0142y opublikowane w takich czasopismach jak \u201ePattern Recognition\u201d, \u201eBiological Cybernetics\u201d, \u201eIEEE Trans. on Systems Man and Cybernetics\u201d oraz \u201ePlos One\u201d.<\/td>\n<\/tr>\n<\/tbody>\n<\/table>\n<\/div>\n","protected":false},"excerpt":{"rendered":"<p>Struktura organizacyjna: Katedra Oprogramowania Stanowisko: profesor E-mail: Telefon: 85 746 91 02 Pok\u00f3j: A220 (232)<a class=\"read-more\" href=\"https:\/\/wi.pb.edu.pl\/p\/leon-bobrowski\/\" title=\"Poka\u017c artyku\u0142 prof. dr hab. Leon Bobrowski\">wi\u0119cej<\/a><\/p>\n","protected":false},"author":14,"featured_media":0,"parent":0,"menu_order":0,"comment_status":"closed","ping_status":"closed","template":"","meta":{"inline_featured_image":false,"ngg_post_thumbnail":0,"footnotes":""},"class_list":["post-1690","page","type-page","status-publish","hentry"],"acf":[],"yoast_head":"<!-- This site is optimized with the Yoast SEO plugin v26.4 - https:\/\/yoast.com\/wordpress\/plugins\/seo\/ -->\n<title>prof. dr hab. Leon Bobrowski - Strony pracownik\u00f3w Wydzia\u0142u Informatyki Politechniki Bia\u0142ostockiej<\/title>\n<meta name=\"robots\" content=\"index, follow, max-snippet:-1, max-image-preview:large, max-video-preview:-1\" \/>\n<link rel=\"canonical\" href=\"https:\/\/wi.pb.edu.pl\/p\/leon-bobrowski\/\" \/>\n<meta property=\"og:locale\" content=\"pl_PL\" \/>\n<meta property=\"og:type\" content=\"article\" \/>\n<meta property=\"og:title\" content=\"prof. dr hab. Leon Bobrowski - Strony pracownik\u00f3w Wydzia\u0142u Informatyki Politechniki Bia\u0142ostockiej\" \/>\n<meta property=\"og:description\" content=\"Struktura organizacyjna: Katedra Oprogramowania Stanowisko: profesor E-mail: Telefon: 85 746 91 02 Pok\u00f3j: A220 (232)wi\u0119cej\" \/>\n<meta property=\"og:url\" content=\"https:\/\/wi.pb.edu.pl\/p\/leon-bobrowski\/\" \/>\n<meta property=\"og:site_name\" content=\"Strony pracownik\u00f3w Wydzia\u0142u Informatyki Politechniki Bia\u0142ostockiej\" \/>\n<meta property=\"article:modified_time\" content=\"2024-09-17T07:35:55+00:00\" \/>\n<meta name=\"twitter:card\" content=\"summary_large_image\" \/>\n<meta name=\"twitter:label1\" content=\"Szacowany czas czytania\" \/>\n\t<meta name=\"twitter:data1\" content=\"1 minuta\" \/>\n<script type=\"application\/ld+json\" class=\"yoast-schema-graph\">{\"@context\":\"https:\/\/schema.org\",\"@graph\":[{\"@type\":\"WebPage\",\"@id\":\"https:\/\/wi.pb.edu.pl\/p\/leon-bobrowski\/\",\"url\":\"https:\/\/wi.pb.edu.pl\/p\/leon-bobrowski\/\",\"name\":\"prof. dr hab. Leon Bobrowski - Strony pracownik\u00f3w Wydzia\u0142u Informatyki Politechniki Bia\u0142ostockiej\",\"isPartOf\":{\"@id\":\"https:\/\/wi.pb.edu.pl\/p\/#website\"},\"datePublished\":\"2024-08-19T07:00:41+00:00\",\"dateModified\":\"2024-09-17T07:35:55+00:00\",\"breadcrumb\":{\"@id\":\"https:\/\/wi.pb.edu.pl\/p\/leon-bobrowski\/#breadcrumb\"},\"inLanguage\":\"pl-PL\",\"potentialAction\":[{\"@type\":\"ReadAction\",\"target\":[\"https:\/\/wi.pb.edu.pl\/p\/leon-bobrowski\/\"]}]},{\"@type\":\"BreadcrumbList\",\"@id\":\"https:\/\/wi.pb.edu.pl\/p\/leon-bobrowski\/#breadcrumb\",\"itemListElement\":[{\"@type\":\"ListItem\",\"position\":1,\"name\":\"Strona g\u0142\u00f3wna\",\"item\":\"https:\/\/wi.pb.edu.pl\/p\/\"},{\"@type\":\"ListItem\",\"position\":2,\"name\":\"prof. dr hab. Leon Bobrowski\"}]},{\"@type\":\"WebSite\",\"@id\":\"https:\/\/wi.pb.edu.pl\/p\/#website\",\"url\":\"https:\/\/wi.pb.edu.pl\/p\/\",\"name\":\"Strony pracownik\u00f3w Wydzia\u0142u Informatyki Politechniki Bia\u0142ostockiej\",\"description\":\"\",\"potentialAction\":[{\"@type\":\"SearchAction\",\"target\":{\"@type\":\"EntryPoint\",\"urlTemplate\":\"https:\/\/wi.pb.edu.pl\/p\/?s={search_term_string}\"},\"query-input\":{\"@type\":\"PropertyValueSpecification\",\"valueRequired\":true,\"valueName\":\"search_term_string\"}}],\"inLanguage\":\"pl-PL\"}]}<\/script>\n<!-- \/ Yoast SEO plugin. -->","yoast_head_json":{"title":"prof. dr hab. Leon Bobrowski - Strony pracownik\u00f3w Wydzia\u0142u Informatyki Politechniki Bia\u0142ostockiej","robots":{"index":"index","follow":"follow","max-snippet":"max-snippet:-1","max-image-preview":"max-image-preview:large","max-video-preview":"max-video-preview:-1"},"canonical":"https:\/\/wi.pb.edu.pl\/p\/leon-bobrowski\/","og_locale":"pl_PL","og_type":"article","og_title":"prof. dr hab. Leon Bobrowski - Strony pracownik\u00f3w Wydzia\u0142u Informatyki Politechniki Bia\u0142ostockiej","og_description":"Struktura organizacyjna: Katedra Oprogramowania Stanowisko: profesor E-mail: Telefon: 85 746 91 02 Pok\u00f3j: A220 (232)wi\u0119cej","og_url":"https:\/\/wi.pb.edu.pl\/p\/leon-bobrowski\/","og_site_name":"Strony pracownik\u00f3w Wydzia\u0142u Informatyki Politechniki Bia\u0142ostockiej","article_modified_time":"2024-09-17T07:35:55+00:00","twitter_card":"summary_large_image","twitter_misc":{"Szacowany czas czytania":"1 minuta"},"schema":{"@context":"https:\/\/schema.org","@graph":[{"@type":"WebPage","@id":"https:\/\/wi.pb.edu.pl\/p\/leon-bobrowski\/","url":"https:\/\/wi.pb.edu.pl\/p\/leon-bobrowski\/","name":"prof. dr hab. Leon Bobrowski - Strony pracownik\u00f3w Wydzia\u0142u Informatyki Politechniki Bia\u0142ostockiej","isPartOf":{"@id":"https:\/\/wi.pb.edu.pl\/p\/#website"},"datePublished":"2024-08-19T07:00:41+00:00","dateModified":"2024-09-17T07:35:55+00:00","breadcrumb":{"@id":"https:\/\/wi.pb.edu.pl\/p\/leon-bobrowski\/#breadcrumb"},"inLanguage":"pl-PL","potentialAction":[{"@type":"ReadAction","target":["https:\/\/wi.pb.edu.pl\/p\/leon-bobrowski\/"]}]},{"@type":"BreadcrumbList","@id":"https:\/\/wi.pb.edu.pl\/p\/leon-bobrowski\/#breadcrumb","itemListElement":[{"@type":"ListItem","position":1,"name":"Strona g\u0142\u00f3wna","item":"https:\/\/wi.pb.edu.pl\/p\/"},{"@type":"ListItem","position":2,"name":"prof. dr hab. Leon Bobrowski"}]},{"@type":"WebSite","@id":"https:\/\/wi.pb.edu.pl\/p\/#website","url":"https:\/\/wi.pb.edu.pl\/p\/","name":"Strony pracownik\u00f3w Wydzia\u0142u Informatyki Politechniki Bia\u0142ostockiej","description":"","potentialAction":[{"@type":"SearchAction","target":{"@type":"EntryPoint","urlTemplate":"https:\/\/wi.pb.edu.pl\/p\/?s={search_term_string}"},"query-input":{"@type":"PropertyValueSpecification","valueRequired":true,"valueName":"search_term_string"}}],"inLanguage":"pl-PL"}]}},"_links":{"self":[{"href":"https:\/\/wi.pb.edu.pl\/p\/wp-json\/wp\/v2\/pages\/1690","targetHints":{"allow":["GET"]}}],"collection":[{"href":"https:\/\/wi.pb.edu.pl\/p\/wp-json\/wp\/v2\/pages"}],"about":[{"href":"https:\/\/wi.pb.edu.pl\/p\/wp-json\/wp\/v2\/types\/page"}],"author":[{"embeddable":true,"href":"https:\/\/wi.pb.edu.pl\/p\/wp-json\/wp\/v2\/users\/14"}],"replies":[{"embeddable":true,"href":"https:\/\/wi.pb.edu.pl\/p\/wp-json\/wp\/v2\/comments?post=1690"}],"version-history":[{"count":6,"href":"https:\/\/wi.pb.edu.pl\/p\/wp-json\/wp\/v2\/pages\/1690\/revisions"}],"predecessor-version":[{"id":1722,"href":"https:\/\/wi.pb.edu.pl\/p\/wp-json\/wp\/v2\/pages\/1690\/revisions\/1722"}],"wp:attachment":[{"href":"https:\/\/wi.pb.edu.pl\/p\/wp-json\/wp\/v2\/media?parent=1690"}],"curies":[{"name":"wp","href":"https:\/\/api.w.org\/{rel}","templated":true}]}}