{"id":17,"date":"2024-01-28T20:04:47","date_gmt":"2024-01-28T19:04:47","guid":{"rendered":"https:\/\/wi.pb.edu.pl\/p\/?page_id=17"},"modified":"2024-01-29T22:59:04","modified_gmt":"2024-01-29T21:59:04","slug":"home","status":"publish","type":"page","link":"https:\/\/wi.pb.edu.pl\/p\/","title":{"rendered":""},"content":{"rendered":"<div class=\"row\">\n<div class=\"col-sm-4 text-center\"><a class=\"button\" style=\"width: 100%; padding: 0px 5px 10px 5px;\" title=\"Katedra Oprogramowania\" href=\"\/p\/katedra-oprogramowania\/\"><img loading=\"lazy\" decoding=\"async\" class=\"aligncenter wp-image-346 size-full\" src=\"https:\/\/wi.pb.edu.pl\/wp-content\/uploads\/2022\/03\/artificial-intelligence-geb86e2abc_1280.jpg\" alt=\"sztuczna inteligencja\" width=\"640\" height=\"425\"><span class=\"lead\">Katedra Oprogramowania<\/span><\/a><\/div>\n<div class=\"col-sm-4 text-center\"><a class=\"button\" style=\"width: 100%; padding: 0px 5px 10px 5px;\" title=\"Katedra Matematyki\" href=\"\/p\/katedra-matematyki\/\"><img loading=\"lazy\" decoding=\"async\" class=\"aligncenter wp-image-346 size-full\" src=\"https:\/\/wi.pb.edu.pl\/wp-content\/uploads\/2022\/02\/KatedraMatematyki.jpg\" alt=\"grafika: wzory matematyczne\" width=\"640\" height=\"425\" data-wp-editing=\"1\"><span class=\"lead\">Katedra Matematyki<\/span><\/a><\/div>\n<div class=\"col-sm-4 text-center\"><a class=\"button\" style=\"width: 100%; padding: 0px 5px 10px 5px;\" title=\"Katedra Informatyki Teoretycznej\" href=\"\/p\/katedra-informatyki-teoretycznej\/\"><img loading=\"lazy\" decoding=\"async\" class=\"aligncenter wp-image-346 size-full\" src=\"https:\/\/wi.pb.edu.pl\/wp-content\/uploads\/2022\/02\/artificial-intelligence.jpg\" alt=\"Ilustracja 3D. Sie\u0107 po\u0142\u0105cze\u0144 punkt\u00f3w i linii w kszta\u0142cie kuli.\" width=\"640\" height=\"425\"><span class=\"lead\">Katedra Informatyki Teoretycznej<\/span><\/a><\/div>\n<\/div>\n<p>&nbsp;<\/p>\n<div class=\"row\">\n<div class=\"col-sm-2 text-center\">&nbsp;<\/div>\n<div class=\"col-sm-4 text-center\"><a class=\"button\" style=\"width: 100%; padding: 0px 5px 10px 5px;\" title=\"Katedra Medi\u00f3w Cyfrowych i Grafiki Komputerowej\" href=\"\/p\/katedra-mediow-cyfrowych-i-grafiki-komputerowej\/\"><img loading=\"lazy\" decoding=\"async\" class=\"aligncenter wp-image-346 size-full\" src=\"https:\/\/wi.pb.edu.pl\/wp-content\/uploads\/2022\/02\/katgrafiki.jpg\" alt=\"Plakat Motorola\" width=\"640\" height=\"425\"><span class=\"lead\">Katedra Medi\u00f3w Cyfrowych<br \/>\ni Grafiki Komputerowej<\/span><\/a><\/div>\n<div class=\"col-sm-4 text-center\"><a class=\"button\" style=\"width: 100%; padding: 0px 5px 10px 5px;\" title=\"Katedra System\u00f3w Informacyjnych i Sieci Komputerowych\" href=\"\/p\/katedra-systemow-informacyjnych-i-sieci-komputerowych\/\"><img loading=\"lazy\" decoding=\"async\" class=\"aligncenter wp-image-346 size-full\" src=\"https:\/\/wi.pb.edu.pl\/wp-content\/uploads\/2022\/02\/ai-gaa00ead09_640.jpg\" alt=\"grafika: klawiatura komuterowa, monitor, g\u0142owa\" width=\"640\" height=\"425\"><span class=\"lead\">Katedra System\u00f3w Informacyjnych<br \/>\ni Sieci Komputerowych<\/span><\/a><\/div>\n<div class=\"col-sm-2 text-center\">&nbsp;<\/div>\n<\/div>\n<p>&nbsp;<\/p>\n","protected":false},"excerpt":{"rendered":"<p>Katedra Oprogramowania Katedra Matematyki Katedra Informatyki Teoretycznej &nbsp; &nbsp; Katedra Medi\u00f3w Cyfrowych i Grafiki Komputerowej<a class=\"read-more\" href=\"https:\/\/wi.pb.edu.pl\/p\/\" title=\"Poka\u017c artyku\u0142 \">wi\u0119cej<\/a><\/p>\n","protected":false},"author":2,"featured_media":0,"parent":0,"menu_order":1,"comment_status":"closed","ping_status":"closed","template":"","meta":{"inline_featured_image":false,"ngg_post_thumbnail":0,"footnotes":""},"class_list":["post-17","page","type-page","status-publish","hentry"],"acf":[],"yoast_head":"<!-- This site is optimized with the Yoast SEO plugin v26.4 - https:\/\/yoast.com\/wordpress\/plugins\/seo\/ -->\n<title>Strony pracownik\u00f3w Wydzia\u0142u Informatyki Politechniki Bia\u0142ostockiej<\/title>\n<meta name=\"robots\" content=\"index, follow, max-snippet:-1, max-image-preview:large, max-video-preview:-1\" \/>\n<link rel=\"canonical\" href=\"https:\/\/wi.pb.edu.pl\/p\/\" \/>\n<meta property=\"og:locale\" content=\"pl_PL\" \/>\n<meta property=\"og:type\" content=\"article\" \/>\n<meta property=\"og:title\" content=\"Strony pracownik\u00f3w Wydzia\u0142u Informatyki Politechniki Bia\u0142ostockiej\" \/>\n<meta property=\"og:description\" content=\"Katedra Oprogramowania Katedra Matematyki Katedra Informatyki Teoretycznej &nbsp; &nbsp; Katedra Medi\u00f3w Cyfrowych i Grafiki Komputerowejwi\u0119cej\" \/>\n<meta property=\"og:url\" content=\"https:\/\/wi.pb.edu.pl\/p\/\" \/>\n<meta property=\"og:site_name\" content=\"Strony pracownik\u00f3w Wydzia\u0142u Informatyki Politechniki Bia\u0142ostockiej\" \/>\n<meta property=\"article:modified_time\" content=\"2024-01-29T21:59:04+00:00\" \/>\n<meta property=\"og:image\" content=\"https:\/\/wi.pb.edu.pl\/wp-content\/uploads\/2022\/03\/artificial-intelligence-geb86e2abc_1280.jpg\" \/>\n<meta name=\"twitter:card\" content=\"summary_large_image\" \/>\n<meta name=\"twitter:label1\" content=\"Szacowany czas czytania\" \/>\n\t<meta name=\"twitter:data1\" content=\"2 minuty\" \/>\n<script type=\"application\/ld+json\" class=\"yoast-schema-graph\">{\"@context\":\"https:\/\/schema.org\",\"@graph\":[{\"@type\":\"WebPage\",\"@id\":\"https:\/\/wi.pb.edu.pl\/p\/\",\"url\":\"https:\/\/wi.pb.edu.pl\/p\/\",\"name\":\"Strony pracownik\u00f3w Wydzia\u0142u Informatyki Politechniki Bia\u0142ostockiej\",\"isPartOf\":{\"@id\":\"https:\/\/wi.pb.edu.pl\/p\/#website\"},\"primaryImageOfPage\":{\"@id\":\"https:\/\/wi.pb.edu.pl\/p\/#primaryimage\"},\"image\":{\"@id\":\"https:\/\/wi.pb.edu.pl\/p\/#primaryimage\"},\"thumbnailUrl\":\"https:\/\/wi.pb.edu.pl\/wp-content\/uploads\/2022\/03\/artificial-intelligence-geb86e2abc_1280.jpg\",\"datePublished\":\"2024-01-28T19:04:47+00:00\",\"dateModified\":\"2024-01-29T21:59:04+00:00\",\"inLanguage\":\"pl-PL\",\"potentialAction\":[{\"@type\":\"ReadAction\",\"target\":[\"https:\/\/wi.pb.edu.pl\/p\/\"]}]},{\"@type\":\"ImageObject\",\"inLanguage\":\"pl-PL\",\"@id\":\"https:\/\/wi.pb.edu.pl\/p\/#primaryimage\",\"url\":\"https:\/\/wi.pb.edu.pl\/wp-content\/uploads\/2022\/03\/artificial-intelligence-geb86e2abc_1280.jpg\",\"contentUrl\":\"https:\/\/wi.pb.edu.pl\/wp-content\/uploads\/2022\/03\/artificial-intelligence-geb86e2abc_1280.jpg\"},{\"@type\":\"WebSite\",\"@id\":\"https:\/\/wi.pb.edu.pl\/p\/#website\",\"url\":\"https:\/\/wi.pb.edu.pl\/p\/\",\"name\":\"Strony pracownik\u00f3w Wydzia\u0142u Informatyki Politechniki Bia\u0142ostockiej\",\"description\":\"\",\"potentialAction\":[{\"@type\":\"SearchAction\",\"target\":{\"@type\":\"EntryPoint\",\"urlTemplate\":\"https:\/\/wi.pb.edu.pl\/p\/?s={search_term_string}\"},\"query-input\":{\"@type\":\"PropertyValueSpecification\",\"valueRequired\":true,\"valueName\":\"search_term_string\"}}],\"inLanguage\":\"pl-PL\"}]}<\/script>\n<!-- \/ Yoast SEO plugin. -->","yoast_head_json":{"title":"Strony pracownik\u00f3w Wydzia\u0142u Informatyki Politechniki Bia\u0142ostockiej","robots":{"index":"index","follow":"follow","max-snippet":"max-snippet:-1","max-image-preview":"max-image-preview:large","max-video-preview":"max-video-preview:-1"},"canonical":"https:\/\/wi.pb.edu.pl\/p\/","og_locale":"pl_PL","og_type":"article","og_title":"Strony pracownik\u00f3w Wydzia\u0142u Informatyki Politechniki Bia\u0142ostockiej","og_description":"Katedra Oprogramowania Katedra Matematyki Katedra Informatyki Teoretycznej &nbsp; &nbsp; Katedra Medi\u00f3w Cyfrowych i Grafiki Komputerowejwi\u0119cej","og_url":"https:\/\/wi.pb.edu.pl\/p\/","og_site_name":"Strony pracownik\u00f3w Wydzia\u0142u Informatyki Politechniki Bia\u0142ostockiej","article_modified_time":"2024-01-29T21:59:04+00:00","og_image":[{"url":"https:\/\/wi.pb.edu.pl\/wp-content\/uploads\/2022\/03\/artificial-intelligence-geb86e2abc_1280.jpg","type":"","width":"","height":""}],"twitter_card":"summary_large_image","twitter_misc":{"Szacowany czas czytania":"2 minuty"},"schema":{"@context":"https:\/\/schema.org","@graph":[{"@type":"WebPage","@id":"https:\/\/wi.pb.edu.pl\/p\/","url":"https:\/\/wi.pb.edu.pl\/p\/","name":"Strony pracownik\u00f3w Wydzia\u0142u Informatyki Politechniki Bia\u0142ostockiej","isPartOf":{"@id":"https:\/\/wi.pb.edu.pl\/p\/#website"},"primaryImageOfPage":{"@id":"https:\/\/wi.pb.edu.pl\/p\/#primaryimage"},"image":{"@id":"https:\/\/wi.pb.edu.pl\/p\/#primaryimage"},"thumbnailUrl":"https:\/\/wi.pb.edu.pl\/wp-content\/uploads\/2022\/03\/artificial-intelligence-geb86e2abc_1280.jpg","datePublished":"2024-01-28T19:04:47+00:00","dateModified":"2024-01-29T21:59:04+00:00","inLanguage":"pl-PL","potentialAction":[{"@type":"ReadAction","target":["https:\/\/wi.pb.edu.pl\/p\/"]}]},{"@type":"ImageObject","inLanguage":"pl-PL","@id":"https:\/\/wi.pb.edu.pl\/p\/#primaryimage","url":"https:\/\/wi.pb.edu.pl\/wp-content\/uploads\/2022\/03\/artificial-intelligence-geb86e2abc_1280.jpg","contentUrl":"https:\/\/wi.pb.edu.pl\/wp-content\/uploads\/2022\/03\/artificial-intelligence-geb86e2abc_1280.jpg"},{"@type":"WebSite","@id":"https:\/\/wi.pb.edu.pl\/p\/#website","url":"https:\/\/wi.pb.edu.pl\/p\/","name":"Strony pracownik\u00f3w Wydzia\u0142u Informatyki Politechniki Bia\u0142ostockiej","description":"","potentialAction":[{"@type":"SearchAction","target":{"@type":"EntryPoint","urlTemplate":"https:\/\/wi.pb.edu.pl\/p\/?s={search_term_string}"},"query-input":{"@type":"PropertyValueSpecification","valueRequired":true,"valueName":"search_term_string"}}],"inLanguage":"pl-PL"}]}},"_links":{"self":[{"href":"https:\/\/wi.pb.edu.pl\/p\/wp-json\/wp\/v2\/pages\/17","targetHints":{"allow":["GET"]}}],"collection":[{"href":"https:\/\/wi.pb.edu.pl\/p\/wp-json\/wp\/v2\/pages"}],"about":[{"href":"https:\/\/wi.pb.edu.pl\/p\/wp-json\/wp\/v2\/types\/page"}],"author":[{"embeddable":true,"href":"https:\/\/wi.pb.edu.pl\/p\/wp-json\/wp\/v2\/users\/2"}],"replies":[{"embeddable":true,"href":"https:\/\/wi.pb.edu.pl\/p\/wp-json\/wp\/v2\/comments?post=17"}],"version-history":[{"count":7,"href":"https:\/\/wi.pb.edu.pl\/p\/wp-json\/wp\/v2\/pages\/17\/revisions"}],"predecessor-version":[{"id":51,"href":"https:\/\/wi.pb.edu.pl\/p\/wp-json\/wp\/v2\/pages\/17\/revisions\/51"}],"wp:attachment":[{"href":"https:\/\/wi.pb.edu.pl\/p\/wp-json\/wp\/v2\/media?parent=17"}],"curies":[{"name":"wp","href":"https:\/\/api.w.org\/{rel}","templated":true}]}}