{"id":1732,"date":"2024-08-19T09:54:22","date_gmt":"2024-08-19T07:54:22","guid":{"rendered":"https:\/\/wi.pb.edu.pl\/p\/?page_id=1732"},"modified":"2024-09-17T09:41:58","modified_gmt":"2024-09-17T07:41:58","slug":"pawel-zabielski","status":"publish","type":"page","link":"https:\/\/wi.pb.edu.pl\/p\/pawel-zabielski\/","title":{"rendered":"mgr in\u017c. Pawe\u0142 Zabielski"},"content":{"rendered":"<div class=\"table-responsive\">\n<table class=\"table table-bordered\">\n<tbody>\n<tr>\n<td>Struktura organizacyjna:<\/td>\n<td>Katedra Oprogramowania<\/td>\n<\/tr>\n<tr>\n<td>Stanowisko:<\/td>\n<td>wyk\u0142adowca<\/td>\n<\/tr>\n<tr>\n<td>E-mail:<\/td>\n<td class=\"pedx\"><a href=\"#\" rel=\"nofollow\"  onclick=\"this.href='mailto:' + 'p.zabielski' + '@' + 'pb.edu.pl'\">p.zabielski [at] pb.edu.pl<\/a><\/td>\n<\/tr>\n<tr>\n<td>Telefon:<\/td>\n<td>85 746 90 79<\/td>\n<\/tr>\n<tr>\n<td>Pok\u00f3j:<\/td>\n<td>A215 (238)<\/td>\n<\/tr>\n<tr>\n<td><a href=\"http:\/\/degra.pb.bialystok.pl\/rozklady\/rozklad.php?id=275&amp;page=Wy%C5%9Bwietl\" target=\"blank\" rel=\"noopener\">Rozk\u0142ad zaj\u0119\u0107<\/a><\/td>\n<td>&nbsp;<\/td>\n<\/tr>\n<tr>\n<td><a href=\"https:\/\/bazawiedzy.pb.edu.pl\/info.seam?id=BUTc18f45cd9aa34b148f8e1f7864ac729f&amp;affil=&amp;lang=pl\" target=\"blank\" rel=\"noopener\">Publikacje<\/a><\/td>\n<td>&nbsp;<\/td>\n<\/tr>\n<tr>\n<td colspan=\"2\">Studiowa\u0142em na Wydziale Informatyki Politechniki Bia\u0142ostockiej. Studia uko\u0144czy\u0142em w 2011 roku z wynikiem celuj\u0105cym. Jeszcze na ostatnim semestrze studi\u00f3w rozpocz\u0105\u0142em sta\u017c asystencki na uczelni, a po uko\u0144czeniu studi\u00f3w zacz\u0105\u0142em prac\u0119 na Wydziale Informatyki Politechniki Bia\u0142ostockiej w Katedrze Oprogramowania na stanowisku asystent. Prowadz\u0119 zaj\u0119cia z nast\u0119puj\u0105cych przedmiot\u00f3w: Podstawy programowania (\u0106w, PS), Programowanie obiektowe (PS), Programowanie aplikacji w j\u0119zyku JavaScript (PS), Programowanie, algorytmy i struktury danych (PS), Zaawansowane techniki programistyczne (PS), Budowa aplikacji u\u017cytkowych w technologii WPF (PS), Analiza i testowanie system\u00f3w informatycznych (PS, wyk\u0142ad). Pod opiek\u0105 prof. dr hab. Leona Bobrowskiego rozpocz\u0105\u0142em prac\u0119 naukow\u0105 zwi\u0105zan\u0105 z tematyk\u0105 wykrywania wzorc\u00f3w p\u0142askich. Tematyka mojej pracy naukowej koncentruje si\u0119 wok\u00f3\u0142 zagadnie\u0144 analizy du\u017cych zbior\u00f3w danych i wykrywania pewnych wzorc\u00f3w. Rozwijam metody i algorytmy pozyskiwania wiedzy. Wyniki moich prac zosta\u0142y opublikowane w artyku\u0142ach naukowych.&nbsp;<\/p>\n<p>W 2012 roku w ramach projektu \u201eZwi\u0119kszenie potencja\u0142u absolwent\u00f3w Wydzia\u0142u Informatyki Bia\u0142ostockiej na rynku pracy\u201d pe\u0142ni\u0142em rol\u0119 Wydzia\u0142owego koordynatora wsp\u00f3\u0142pracy WIPB.<\/p>\n<p>W 2013 roku wsp\u00f3lnie z Instytutem Biologii Ssak\u00f3w PAN w Bia\u0142owie\u017cy uczestniczy\u0142em w realizacji systemu informatycznego e-Przyrodnik \u2013 system zosta\u0142 stworzony wsp\u00f3lnie przez biolog\u00f3w, le\u015bnik\u00f3w oraz informatyk\u00f3w realizuj\u0105cych projekt skierowany do m\u0142odzie\u017cy szk\u00f3\u0142 \u015brednich z po\u0142udniowej cz\u0119\u015bci woj. podlaskiego.<\/p>\n<p>Bra\u0142em udzia\u0142 w organizacji konkurs\u00f3w na najlepsz\u0105 prac\u0119 dyplomow\u0105, KIWI, NetMasterCap, Programowania Zespo\u0142owego.<\/p>\n<p>Dodatkowo pracuj\u0119 w firmie Transition Technologies Managed Services jako Kierownik Zespo\u0142u.<\/td>\n<\/tr>\n<\/tbody>\n<\/table>\n<\/div>\n","protected":false},"excerpt":{"rendered":"<p>Struktura organizacyjna: Katedra Oprogramowania Stanowisko: wyk\u0142adowca E-mail: Telefon: 85 746 90 79 Pok\u00f3j: A215 (238)<a class=\"read-more\" href=\"https:\/\/wi.pb.edu.pl\/p\/pawel-zabielski\/\" title=\"Poka\u017c artyku\u0142 mgr in\u017c. Pawe\u0142 Zabielski\">wi\u0119cej<\/a><\/p>\n","protected":false},"author":14,"featured_media":0,"parent":0,"menu_order":0,"comment_status":"closed","ping_status":"closed","template":"","meta":{"inline_featured_image":false,"ngg_post_thumbnail":0,"footnotes":""},"class_list":["post-1732","page","type-page","status-publish","hentry"],"acf":[],"yoast_head":"<!-- This site is optimized with the Yoast SEO plugin v26.4 - https:\/\/yoast.com\/wordpress\/plugins\/seo\/ -->\n<title>mgr in\u017c. Pawe\u0142 Zabielski - Strony pracownik\u00f3w Wydzia\u0142u Informatyki Politechniki Bia\u0142ostockiej<\/title>\n<meta name=\"robots\" content=\"index, follow, max-snippet:-1, max-image-preview:large, max-video-preview:-1\" \/>\n<link rel=\"canonical\" href=\"https:\/\/wi.pb.edu.pl\/p\/pawel-zabielski\/\" \/>\n<meta property=\"og:locale\" content=\"pl_PL\" \/>\n<meta property=\"og:type\" content=\"article\" \/>\n<meta property=\"og:title\" content=\"mgr in\u017c. Pawe\u0142 Zabielski - Strony pracownik\u00f3w Wydzia\u0142u Informatyki Politechniki Bia\u0142ostockiej\" \/>\n<meta property=\"og:description\" content=\"Struktura organizacyjna: Katedra Oprogramowania Stanowisko: wyk\u0142adowca E-mail: Telefon: 85 746 90 79 Pok\u00f3j: A215 (238)wi\u0119cej\" \/>\n<meta property=\"og:url\" content=\"https:\/\/wi.pb.edu.pl\/p\/pawel-zabielski\/\" \/>\n<meta property=\"og:site_name\" content=\"Strony pracownik\u00f3w Wydzia\u0142u Informatyki Politechniki Bia\u0142ostockiej\" \/>\n<meta property=\"article:modified_time\" content=\"2024-09-17T07:41:58+00:00\" \/>\n<meta name=\"twitter:card\" content=\"summary_large_image\" \/>\n<meta name=\"twitter:label1\" content=\"Szacowany czas czytania\" \/>\n\t<meta name=\"twitter:data1\" content=\"2 minuty\" \/>\n<script type=\"application\/ld+json\" class=\"yoast-schema-graph\">{\"@context\":\"https:\/\/schema.org\",\"@graph\":[{\"@type\":\"WebPage\",\"@id\":\"https:\/\/wi.pb.edu.pl\/p\/pawel-zabielski\/\",\"url\":\"https:\/\/wi.pb.edu.pl\/p\/pawel-zabielski\/\",\"name\":\"mgr in\u017c. Pawe\u0142 Zabielski - Strony pracownik\u00f3w Wydzia\u0142u Informatyki Politechniki Bia\u0142ostockiej\",\"isPartOf\":{\"@id\":\"https:\/\/wi.pb.edu.pl\/p\/#website\"},\"datePublished\":\"2024-08-19T07:54:22+00:00\",\"dateModified\":\"2024-09-17T07:41:58+00:00\",\"breadcrumb\":{\"@id\":\"https:\/\/wi.pb.edu.pl\/p\/pawel-zabielski\/#breadcrumb\"},\"inLanguage\":\"pl-PL\",\"potentialAction\":[{\"@type\":\"ReadAction\",\"target\":[\"https:\/\/wi.pb.edu.pl\/p\/pawel-zabielski\/\"]}]},{\"@type\":\"BreadcrumbList\",\"@id\":\"https:\/\/wi.pb.edu.pl\/p\/pawel-zabielski\/#breadcrumb\",\"itemListElement\":[{\"@type\":\"ListItem\",\"position\":1,\"name\":\"Strona g\u0142\u00f3wna\",\"item\":\"https:\/\/wi.pb.edu.pl\/p\/\"},{\"@type\":\"ListItem\",\"position\":2,\"name\":\"mgr in\u017c. Pawe\u0142 Zabielski\"}]},{\"@type\":\"WebSite\",\"@id\":\"https:\/\/wi.pb.edu.pl\/p\/#website\",\"url\":\"https:\/\/wi.pb.edu.pl\/p\/\",\"name\":\"Strony pracownik\u00f3w Wydzia\u0142u Informatyki Politechniki Bia\u0142ostockiej\",\"description\":\"\",\"potentialAction\":[{\"@type\":\"SearchAction\",\"target\":{\"@type\":\"EntryPoint\",\"urlTemplate\":\"https:\/\/wi.pb.edu.pl\/p\/?s={search_term_string}\"},\"query-input\":{\"@type\":\"PropertyValueSpecification\",\"valueRequired\":true,\"valueName\":\"search_term_string\"}}],\"inLanguage\":\"pl-PL\"}]}<\/script>\n<!-- \/ Yoast SEO plugin. -->","yoast_head_json":{"title":"mgr in\u017c. Pawe\u0142 Zabielski - Strony pracownik\u00f3w Wydzia\u0142u Informatyki Politechniki Bia\u0142ostockiej","robots":{"index":"index","follow":"follow","max-snippet":"max-snippet:-1","max-image-preview":"max-image-preview:large","max-video-preview":"max-video-preview:-1"},"canonical":"https:\/\/wi.pb.edu.pl\/p\/pawel-zabielski\/","og_locale":"pl_PL","og_type":"article","og_title":"mgr in\u017c. Pawe\u0142 Zabielski - Strony pracownik\u00f3w Wydzia\u0142u Informatyki Politechniki Bia\u0142ostockiej","og_description":"Struktura organizacyjna: Katedra Oprogramowania Stanowisko: wyk\u0142adowca E-mail: Telefon: 85 746 90 79 Pok\u00f3j: A215 (238)wi\u0119cej","og_url":"https:\/\/wi.pb.edu.pl\/p\/pawel-zabielski\/","og_site_name":"Strony pracownik\u00f3w Wydzia\u0142u Informatyki Politechniki Bia\u0142ostockiej","article_modified_time":"2024-09-17T07:41:58+00:00","twitter_card":"summary_large_image","twitter_misc":{"Szacowany czas czytania":"2 minuty"},"schema":{"@context":"https:\/\/schema.org","@graph":[{"@type":"WebPage","@id":"https:\/\/wi.pb.edu.pl\/p\/pawel-zabielski\/","url":"https:\/\/wi.pb.edu.pl\/p\/pawel-zabielski\/","name":"mgr in\u017c. Pawe\u0142 Zabielski - Strony pracownik\u00f3w Wydzia\u0142u Informatyki Politechniki Bia\u0142ostockiej","isPartOf":{"@id":"https:\/\/wi.pb.edu.pl\/p\/#website"},"datePublished":"2024-08-19T07:54:22+00:00","dateModified":"2024-09-17T07:41:58+00:00","breadcrumb":{"@id":"https:\/\/wi.pb.edu.pl\/p\/pawel-zabielski\/#breadcrumb"},"inLanguage":"pl-PL","potentialAction":[{"@type":"ReadAction","target":["https:\/\/wi.pb.edu.pl\/p\/pawel-zabielski\/"]}]},{"@type":"BreadcrumbList","@id":"https:\/\/wi.pb.edu.pl\/p\/pawel-zabielski\/#breadcrumb","itemListElement":[{"@type":"ListItem","position":1,"name":"Strona g\u0142\u00f3wna","item":"https:\/\/wi.pb.edu.pl\/p\/"},{"@type":"ListItem","position":2,"name":"mgr in\u017c. Pawe\u0142 Zabielski"}]},{"@type":"WebSite","@id":"https:\/\/wi.pb.edu.pl\/p\/#website","url":"https:\/\/wi.pb.edu.pl\/p\/","name":"Strony pracownik\u00f3w Wydzia\u0142u Informatyki Politechniki Bia\u0142ostockiej","description":"","potentialAction":[{"@type":"SearchAction","target":{"@type":"EntryPoint","urlTemplate":"https:\/\/wi.pb.edu.pl\/p\/?s={search_term_string}"},"query-input":{"@type":"PropertyValueSpecification","valueRequired":true,"valueName":"search_term_string"}}],"inLanguage":"pl-PL"}]}},"_links":{"self":[{"href":"https:\/\/wi.pb.edu.pl\/p\/wp-json\/wp\/v2\/pages\/1732","targetHints":{"allow":["GET"]}}],"collection":[{"href":"https:\/\/wi.pb.edu.pl\/p\/wp-json\/wp\/v2\/pages"}],"about":[{"href":"https:\/\/wi.pb.edu.pl\/p\/wp-json\/wp\/v2\/types\/page"}],"author":[{"embeddable":true,"href":"https:\/\/wi.pb.edu.pl\/p\/wp-json\/wp\/v2\/users\/14"}],"replies":[{"embeddable":true,"href":"https:\/\/wi.pb.edu.pl\/p\/wp-json\/wp\/v2\/comments?post=1732"}],"version-history":[{"count":1,"href":"https:\/\/wi.pb.edu.pl\/p\/wp-json\/wp\/v2\/pages\/1732\/revisions"}],"predecessor-version":[{"id":1733,"href":"https:\/\/wi.pb.edu.pl\/p\/wp-json\/wp\/v2\/pages\/1732\/revisions\/1733"}],"wp:attachment":[{"href":"https:\/\/wi.pb.edu.pl\/p\/wp-json\/wp\/v2\/media?parent=1732"}],"curies":[{"name":"wp","href":"https:\/\/api.w.org\/{rel}","templated":true}]}}