{"id":1734,"date":"2024-08-19T09:55:48","date_gmt":"2024-08-19T07:55:48","guid":{"rendered":"https:\/\/wi.pb.edu.pl\/p\/?page_id=1734"},"modified":"2024-09-17T09:42:16","modified_gmt":"2024-09-17T07:42:16","slug":"jakub-zaprzalka","status":"publish","type":"page","link":"https:\/\/wi.pb.edu.pl\/p\/jakub-zaprzalka\/","title":{"rendered":"mgr in\u017c. Jakub Zaprza\u0142ka"},"content":{"rendered":"<div class=\"table-responsive\">\n<table class=\"table table-bordered\">\n<tbody>\n<tr>\n<td>Struktura organizacyjna:<\/td>\n<td>Katedra Oprogramowania<\/td>\n<\/tr>\n<tr>\n<td>Stanowisko:<\/td>\n<td>asystent<\/td>\n<\/tr>\n<tr>\n<td>E-mail:<\/td>\n<td class=\"pedx\"><a href=\"#\" rel=\"nofollow\"  onclick=\"this.href='mailto:' + 'jakub.zaprzalka' + '@' + 'pb.edu.pl'\">jakub.zaprzalka [at] pb.edu.pl<\/a><\/td>\n<\/tr>\n<tr>\n<td>Telefon:<\/td>\n<td>85 746 90 86<\/td>\n<\/tr>\n<tr>\n<td>Pok\u00f3j:<\/td>\n<td>A207 (210)<\/td>\n<\/tr>\n<tr>\n<td colspan=\"2\">Jakub Zaprza\u0142ka uzyska\u0142 w 2022 roku z wyr\u00f3\u017cnieniem dyplom in\u017cyniera Informatyka, a w 2023 roku&nbsp; wyr\u00f3\u017cniony dyplom magistra in\u017cyniera ze specjalno\u015bci\u0105 In\u017cynieria Oprogramowania, oba na WI PB.&nbsp;&nbsp;<\/p>\n<p>Pracownikiem Katedry Oprogramowania Wydzia\u0142u Informatyki Politechniki Bia\u0142ostockiej jest od wrze\u015bnia 2023 roku. Prowadzi zaj\u0119cia z Podstaw Programowania i Zaawansowanych Technik Programistycznych.<\/p>\n<p>W pracach badawczych koncentruje si\u0119 na wielodziedzinowej analizie i eksploracji danych z u\u017cyciem algorytm\u00f3w g\u0142\u0119bokiego uczenia maszynowego w ramach przetwarzania j\u0119zyka naturalnego (NLP), analizy obraz\u00f3w (CV) oraz analizy obrazowo-j\u0119zykowej (VLP).&nbsp;<\/p>\n<p>Posiada do\u015bwiadczenie biznesowe w tworzeniu produkt\u00f3w wykorzystuj\u0105cych g\u0142\u0119bokie modele j\u0119zykowe (LLM) zwi\u0105zane z ca\u0142ym procesem wytw\u00f3rczym \u2013 od planowania projekt\u00f3w, poprzez dob\u00f3r danych, modeli i narz\u0119dzi implementacyjnych, wdra\u017canie i utrzymanie produktu oraz automatyzacj\u0119 tego procesu. Jego zainteresowania obejmuj\u0105 szeroko poj\u0119t\u0105 Sztuczn\u0105 Inteligencj\u0119.<\/p>\n<p>W wolnym czasie pasjonat sportu, g\u0142\u00f3wnie windsurfingu, \u017ceglarstwa sportowego i ta\u0144ca towarzyskiego.<\/td>\n<\/tr>\n<\/tbody>\n<\/table>\n<\/div>\n","protected":false},"excerpt":{"rendered":"<p>Struktura organizacyjna: Katedra Oprogramowania Stanowisko: asystent E-mail: Telefon: 85 746 90 86 Pok\u00f3j: A207 (210)<a class=\"read-more\" href=\"https:\/\/wi.pb.edu.pl\/p\/jakub-zaprzalka\/\" title=\"Poka\u017c artyku\u0142 mgr in\u017c. Jakub Zaprza\u0142ka\">wi\u0119cej<\/a><\/p>\n","protected":false},"author":14,"featured_media":0,"parent":0,"menu_order":0,"comment_status":"closed","ping_status":"closed","template":"","meta":{"inline_featured_image":false,"ngg_post_thumbnail":0,"footnotes":""},"class_list":["post-1734","page","type-page","status-publish","hentry"],"acf":[],"yoast_head":"<!-- This site is optimized with the Yoast SEO plugin v26.4 - https:\/\/yoast.com\/wordpress\/plugins\/seo\/ -->\n<title>mgr in\u017c. Jakub Zaprza\u0142ka - Strony pracownik\u00f3w Wydzia\u0142u Informatyki Politechniki Bia\u0142ostockiej<\/title>\n<meta name=\"robots\" content=\"index, follow, max-snippet:-1, max-image-preview:large, max-video-preview:-1\" \/>\n<link rel=\"canonical\" href=\"https:\/\/wi.pb.edu.pl\/p\/jakub-zaprzalka\/\" \/>\n<meta property=\"og:locale\" content=\"pl_PL\" \/>\n<meta property=\"og:type\" content=\"article\" \/>\n<meta property=\"og:title\" content=\"mgr in\u017c. Jakub Zaprza\u0142ka - Strony pracownik\u00f3w Wydzia\u0142u Informatyki Politechniki Bia\u0142ostockiej\" \/>\n<meta property=\"og:description\" content=\"Struktura organizacyjna: Katedra Oprogramowania Stanowisko: asystent E-mail: Telefon: 85 746 90 86 Pok\u00f3j: A207 (210)wi\u0119cej\" \/>\n<meta property=\"og:url\" content=\"https:\/\/wi.pb.edu.pl\/p\/jakub-zaprzalka\/\" \/>\n<meta property=\"og:site_name\" content=\"Strony pracownik\u00f3w Wydzia\u0142u Informatyki Politechniki Bia\u0142ostockiej\" \/>\n<meta property=\"article:modified_time\" content=\"2024-09-17T07:42:16+00:00\" \/>\n<meta name=\"twitter:card\" content=\"summary_large_image\" \/>\n<meta name=\"twitter:label1\" content=\"Szacowany czas czytania\" \/>\n\t<meta name=\"twitter:data1\" content=\"1 minuta\" \/>\n<script type=\"application\/ld+json\" class=\"yoast-schema-graph\">{\"@context\":\"https:\/\/schema.org\",\"@graph\":[{\"@type\":\"WebPage\",\"@id\":\"https:\/\/wi.pb.edu.pl\/p\/jakub-zaprzalka\/\",\"url\":\"https:\/\/wi.pb.edu.pl\/p\/jakub-zaprzalka\/\",\"name\":\"mgr in\u017c. Jakub Zaprza\u0142ka - Strony pracownik\u00f3w Wydzia\u0142u Informatyki Politechniki Bia\u0142ostockiej\",\"isPartOf\":{\"@id\":\"https:\/\/wi.pb.edu.pl\/p\/#website\"},\"datePublished\":\"2024-08-19T07:55:48+00:00\",\"dateModified\":\"2024-09-17T07:42:16+00:00\",\"breadcrumb\":{\"@id\":\"https:\/\/wi.pb.edu.pl\/p\/jakub-zaprzalka\/#breadcrumb\"},\"inLanguage\":\"pl-PL\",\"potentialAction\":[{\"@type\":\"ReadAction\",\"target\":[\"https:\/\/wi.pb.edu.pl\/p\/jakub-zaprzalka\/\"]}]},{\"@type\":\"BreadcrumbList\",\"@id\":\"https:\/\/wi.pb.edu.pl\/p\/jakub-zaprzalka\/#breadcrumb\",\"itemListElement\":[{\"@type\":\"ListItem\",\"position\":1,\"name\":\"Strona g\u0142\u00f3wna\",\"item\":\"https:\/\/wi.pb.edu.pl\/p\/\"},{\"@type\":\"ListItem\",\"position\":2,\"name\":\"mgr in\u017c. Jakub Zaprza\u0142ka\"}]},{\"@type\":\"WebSite\",\"@id\":\"https:\/\/wi.pb.edu.pl\/p\/#website\",\"url\":\"https:\/\/wi.pb.edu.pl\/p\/\",\"name\":\"Strony pracownik\u00f3w Wydzia\u0142u Informatyki Politechniki Bia\u0142ostockiej\",\"description\":\"\",\"potentialAction\":[{\"@type\":\"SearchAction\",\"target\":{\"@type\":\"EntryPoint\",\"urlTemplate\":\"https:\/\/wi.pb.edu.pl\/p\/?s={search_term_string}\"},\"query-input\":{\"@type\":\"PropertyValueSpecification\",\"valueRequired\":true,\"valueName\":\"search_term_string\"}}],\"inLanguage\":\"pl-PL\"}]}<\/script>\n<!-- \/ Yoast SEO plugin. -->","yoast_head_json":{"title":"mgr in\u017c. Jakub Zaprza\u0142ka - Strony pracownik\u00f3w Wydzia\u0142u Informatyki Politechniki Bia\u0142ostockiej","robots":{"index":"index","follow":"follow","max-snippet":"max-snippet:-1","max-image-preview":"max-image-preview:large","max-video-preview":"max-video-preview:-1"},"canonical":"https:\/\/wi.pb.edu.pl\/p\/jakub-zaprzalka\/","og_locale":"pl_PL","og_type":"article","og_title":"mgr in\u017c. Jakub Zaprza\u0142ka - Strony pracownik\u00f3w Wydzia\u0142u Informatyki Politechniki Bia\u0142ostockiej","og_description":"Struktura organizacyjna: Katedra Oprogramowania Stanowisko: asystent E-mail: Telefon: 85 746 90 86 Pok\u00f3j: A207 (210)wi\u0119cej","og_url":"https:\/\/wi.pb.edu.pl\/p\/jakub-zaprzalka\/","og_site_name":"Strony pracownik\u00f3w Wydzia\u0142u Informatyki Politechniki Bia\u0142ostockiej","article_modified_time":"2024-09-17T07:42:16+00:00","twitter_card":"summary_large_image","twitter_misc":{"Szacowany czas czytania":"1 minuta"},"schema":{"@context":"https:\/\/schema.org","@graph":[{"@type":"WebPage","@id":"https:\/\/wi.pb.edu.pl\/p\/jakub-zaprzalka\/","url":"https:\/\/wi.pb.edu.pl\/p\/jakub-zaprzalka\/","name":"mgr in\u017c. Jakub Zaprza\u0142ka - Strony pracownik\u00f3w Wydzia\u0142u Informatyki Politechniki Bia\u0142ostockiej","isPartOf":{"@id":"https:\/\/wi.pb.edu.pl\/p\/#website"},"datePublished":"2024-08-19T07:55:48+00:00","dateModified":"2024-09-17T07:42:16+00:00","breadcrumb":{"@id":"https:\/\/wi.pb.edu.pl\/p\/jakub-zaprzalka\/#breadcrumb"},"inLanguage":"pl-PL","potentialAction":[{"@type":"ReadAction","target":["https:\/\/wi.pb.edu.pl\/p\/jakub-zaprzalka\/"]}]},{"@type":"BreadcrumbList","@id":"https:\/\/wi.pb.edu.pl\/p\/jakub-zaprzalka\/#breadcrumb","itemListElement":[{"@type":"ListItem","position":1,"name":"Strona g\u0142\u00f3wna","item":"https:\/\/wi.pb.edu.pl\/p\/"},{"@type":"ListItem","position":2,"name":"mgr in\u017c. Jakub Zaprza\u0142ka"}]},{"@type":"WebSite","@id":"https:\/\/wi.pb.edu.pl\/p\/#website","url":"https:\/\/wi.pb.edu.pl\/p\/","name":"Strony pracownik\u00f3w Wydzia\u0142u Informatyki Politechniki Bia\u0142ostockiej","description":"","potentialAction":[{"@type":"SearchAction","target":{"@type":"EntryPoint","urlTemplate":"https:\/\/wi.pb.edu.pl\/p\/?s={search_term_string}"},"query-input":{"@type":"PropertyValueSpecification","valueRequired":true,"valueName":"search_term_string"}}],"inLanguage":"pl-PL"}]}},"_links":{"self":[{"href":"https:\/\/wi.pb.edu.pl\/p\/wp-json\/wp\/v2\/pages\/1734","targetHints":{"allow":["GET"]}}],"collection":[{"href":"https:\/\/wi.pb.edu.pl\/p\/wp-json\/wp\/v2\/pages"}],"about":[{"href":"https:\/\/wi.pb.edu.pl\/p\/wp-json\/wp\/v2\/types\/page"}],"author":[{"embeddable":true,"href":"https:\/\/wi.pb.edu.pl\/p\/wp-json\/wp\/v2\/users\/14"}],"replies":[{"embeddable":true,"href":"https:\/\/wi.pb.edu.pl\/p\/wp-json\/wp\/v2\/comments?post=1734"}],"version-history":[{"count":1,"href":"https:\/\/wi.pb.edu.pl\/p\/wp-json\/wp\/v2\/pages\/1734\/revisions"}],"predecessor-version":[{"id":1735,"href":"https:\/\/wi.pb.edu.pl\/p\/wp-json\/wp\/v2\/pages\/1734\/revisions\/1735"}],"wp:attachment":[{"href":"https:\/\/wi.pb.edu.pl\/p\/wp-json\/wp\/v2\/media?parent=1734"}],"curies":[{"name":"wp","href":"https:\/\/api.w.org\/{rel}","templated":true}]}}