{"id":1743,"date":"2024-08-20T08:13:47","date_gmt":"2024-08-20T06:13:47","guid":{"rendered":"https:\/\/wi.pb.edu.pl\/p\/?page_id=1743"},"modified":"2024-09-17T09:46:42","modified_gmt":"2024-09-17T07:46:42","slug":"ewa-girejko","status":"publish","type":"page","link":"https:\/\/wi.pb.edu.pl\/p\/ewa-girejko\/","title":{"rendered":"dr hab. Ewa Girejko"},"content":{"rendered":"<div class=\"table-responsive\">\n<table class=\"table table-bordered\">\n<tbody>\n<tr>\n<td>Struktura organizacyjna:<\/td>\n<td>Katedra Matematyki<\/td>\n<\/tr>\n<tr>\n<td>Stanowisko:<\/td>\n<td>adiunkt<\/td>\n<\/tr>\n<tr>\n<td>E-mail:<\/td>\n<td><a href=\"#\" rel=\"nofollow\"  onclick=\"this.href='mailto:' + 'e.girejko' + '@' + 'pb.edu.pl'\">e.girejko [at] pb.edu.pl<\/a><\/td>\n<\/tr>\n<tr>\n<td>Telefon:<\/td>\n<td>85 746 90 58<\/td>\n<\/tr>\n<tr>\n<td>Pok\u00f3j:<\/td>\n<td>A116 (117)<\/td>\n<\/tr>\n<tr>\n<td><a href=\"http:\/\/degra.pb.bialystok.pl\/rozklady\/rozklad.php?id=217&amp;page=Wy%C5%9Bwietl\" target=\"blank\" rel=\"noopener\">Rozk\u0142ad zaj\u0119\u0107<\/a><\/td>\n<td>&nbsp;<\/td>\n<\/tr>\n<tr>\n<td><a href=\"https:\/\/bazawiedzy.pb.edu.pl\/info.seam?id=BUT727a10669130411e87acfca781dbf714&amp;affil=&amp;lang=pl\" target=\"blank\" rel=\"noopener\">Publikacje<\/a><\/td>\n<td>&nbsp;<\/td>\n<\/tr>\n<tr>\n<td colspan=\"2\">Ewa Girejko uko\u0144czy\u0142a studia magisterskie z zakresu matematyki na Uniwersytecie w Bia\u0142ymstoku w 1998 roku, temat pracy magisterskiej ,,Szeregi w dziedzinie zespolonej\u2019\u2019, promotor: prof. dr hab. in\u017c. Zbigniew Bartosiewicz (Politechnika Bia\u0142ostocka). Jest pracownikiem Politechniki Bia\u0142ostockiej od roku 1998 kolejno na stanowiskach: asystenta, najpierw w Instytucie Matematyki i Fizyki, a potem w Katedrze Matematyki na Wydziale Informatyki oraz adiunkta w Katedrze Matematyki na Wydziale Informatyki. Stypendystka the European Community Marie Curie Fellowship in the framework of the CTS, kolejno w okresach pa\u017adziernik 2003 \u2013grudzie\u0144 2003 (W\u0142ochy, Sissa, Triest), wrzesie\u0144 2004 -marzec 2005 oraz wrzesie\u0144 2005 -grudzie\u0144 2005 (W\u0142ochy, Istituto per le Applicazioni del Calcolo \u201eMauro Picone\u201d Consiglio Nazionale delle Ricerche, Rzym). W roku 2008 obroni\u0142a rozpraw\u0119 doktorsk\u0105 z matematyki p.t. ,,Uog\u00f3lnione pochodne i ich zastosowania\u2019\u2019 w inkluzjach r\u00f3\u017cniczkowych, promotor: prof. dr hab. in\u017c. Zbigniew Bartosiewicz (Politechnika Bia\u0142ostocka), na Wydziale Matematyki i Nauk Informacyjnych Politechniki Warszawskiej w Warszawie. Tematyka doktoratu i p\u00f3\u017aniejszej pracy naukowej dotyczy\u0142a uog\u00f3lnionych pochodnych, problemu dro\u017cno\u015bci r\u00f3wna\u0144 i inkluzji r\u00f3\u017cniczkowych, skal czasowych, rachunku nieca\u0142kowitego rz\u0119du. W roku 2008 Ewa Girejko zosta\u0142a laureatk\u0105 mi\u0119dzynarodowego konkursu na dwu i p\u00f3\u0142 letni sta\u017c naukowy na Uniwersytecie w Aveiro, w Portugalii, gdzie przebywa\u0142a w latach 2009-2011. W roku 2013 wyjecha\u0142a na miesi\u0119czny sta\u017c naukowy do Rutgers University w Camden, USA. W 2012 roku, wraz z dr Marzen\u0105 Filipowicz-Chomko za\u0142o\u017cy\u0142a i zosta\u0142a opiekunem (i jest nim do chwili obecnej) Studenckiego Ko\u0142a Naukowego Math4You. Od 2012 pe\u0142ni te\u017c rol\u0119 koordynatora programu Erasmus+ na Wydziale Informatyki. Obecne zainteresowania naukowe to: uk\u0142ady wielo-agentowe z czasem dyskretnym i ci\u0105g\u0142ym, problem konsensusu, skale czasowe, rachunek r\u00f3\u017cniczkowy i r\u00f3\u017cnicowy nieca\u0142kowitego rz\u0119du. Dr Girejko prowadzi wsp\u00f3\u0142prac\u0119 naukow\u0105 z naukowcami z Uniwersytetu w Aveiro, Portugalia, z Uniwersytetu w P\u0142owdiw, Bu\u0142garia oraz z Uniwersytetu Paris-Saclay, CentraleSupelec w Pary\u017cu, Francja. Nale\u017cy do stowarzysze\u0144: Polskie Towarzystwo Matematyczne Oddzia\u0142 Bia\u0142ostocki, Stowarzyszenie na Rzecz Edukacji Matematycznej oraz International Society of Difference Equations. Jako cz\u0142onek Centrum Popularyzacji Matematyki Signum na Wydziale Informatyki, dr Girejko od wielu lat anga\u017cuje si\u0119 w popularyzacj\u0119 matematyki poprzez wsp\u00f3\u0142organizowanie wystaw, g\u0142oszenie wyk\u0142ad\u00f3w popularno-naukowych czy wsp\u00f3\u0142prac\u0119 z Podlaskim Uniwersytetem Dzieci\u0119cym.<\/td>\n<\/tr>\n<\/tbody>\n<\/table>\n<\/div>\n","protected":false},"excerpt":{"rendered":"<p>Struktura organizacyjna: Katedra Matematyki Stanowisko: adiunkt E-mail: Telefon: 85 746 90 58 Pok\u00f3j: A116 (117)<a class=\"read-more\" href=\"https:\/\/wi.pb.edu.pl\/p\/ewa-girejko\/\" title=\"Poka\u017c artyku\u0142 dr hab. Ewa Girejko\">wi\u0119cej<\/a><\/p>\n","protected":false},"author":14,"featured_media":0,"parent":0,"menu_order":0,"comment_status":"closed","ping_status":"closed","template":"","meta":{"inline_featured_image":false,"ngg_post_thumbnail":0,"footnotes":""},"class_list":["post-1743","page","type-page","status-publish","hentry"],"acf":[],"yoast_head":"<!-- This site is optimized with the Yoast SEO plugin v26.4 - https:\/\/yoast.com\/wordpress\/plugins\/seo\/ -->\n<title>dr hab. Ewa Girejko - Strony pracownik\u00f3w Wydzia\u0142u Informatyki Politechniki Bia\u0142ostockiej<\/title>\n<meta name=\"robots\" content=\"index, follow, max-snippet:-1, max-image-preview:large, max-video-preview:-1\" \/>\n<link rel=\"canonical\" href=\"https:\/\/wi.pb.edu.pl\/p\/ewa-girejko\/\" \/>\n<meta property=\"og:locale\" content=\"pl_PL\" \/>\n<meta property=\"og:type\" content=\"article\" \/>\n<meta property=\"og:title\" content=\"dr hab. Ewa Girejko - Strony pracownik\u00f3w Wydzia\u0142u Informatyki Politechniki Bia\u0142ostockiej\" \/>\n<meta property=\"og:description\" content=\"Struktura organizacyjna: Katedra Matematyki Stanowisko: adiunkt E-mail: Telefon: 85 746 90 58 Pok\u00f3j: A116 (117)wi\u0119cej\" \/>\n<meta property=\"og:url\" content=\"https:\/\/wi.pb.edu.pl\/p\/ewa-girejko\/\" \/>\n<meta property=\"og:site_name\" content=\"Strony pracownik\u00f3w Wydzia\u0142u Informatyki Politechniki Bia\u0142ostockiej\" \/>\n<meta property=\"article:modified_time\" content=\"2024-09-17T07:46:42+00:00\" \/>\n<meta name=\"twitter:card\" content=\"summary_large_image\" \/>\n<meta name=\"twitter:label1\" content=\"Szacowany czas czytania\" \/>\n\t<meta name=\"twitter:data1\" content=\"3 minuty\" \/>\n<script type=\"application\/ld+json\" class=\"yoast-schema-graph\">{\"@context\":\"https:\/\/schema.org\",\"@graph\":[{\"@type\":\"WebPage\",\"@id\":\"https:\/\/wi.pb.edu.pl\/p\/ewa-girejko\/\",\"url\":\"https:\/\/wi.pb.edu.pl\/p\/ewa-girejko\/\",\"name\":\"dr hab. Ewa Girejko - Strony pracownik\u00f3w Wydzia\u0142u Informatyki Politechniki Bia\u0142ostockiej\",\"isPartOf\":{\"@id\":\"https:\/\/wi.pb.edu.pl\/p\/#website\"},\"datePublished\":\"2024-08-20T06:13:47+00:00\",\"dateModified\":\"2024-09-17T07:46:42+00:00\",\"breadcrumb\":{\"@id\":\"https:\/\/wi.pb.edu.pl\/p\/ewa-girejko\/#breadcrumb\"},\"inLanguage\":\"pl-PL\",\"potentialAction\":[{\"@type\":\"ReadAction\",\"target\":[\"https:\/\/wi.pb.edu.pl\/p\/ewa-girejko\/\"]}]},{\"@type\":\"BreadcrumbList\",\"@id\":\"https:\/\/wi.pb.edu.pl\/p\/ewa-girejko\/#breadcrumb\",\"itemListElement\":[{\"@type\":\"ListItem\",\"position\":1,\"name\":\"Strona g\u0142\u00f3wna\",\"item\":\"https:\/\/wi.pb.edu.pl\/p\/\"},{\"@type\":\"ListItem\",\"position\":2,\"name\":\"dr hab. Ewa Girejko\"}]},{\"@type\":\"WebSite\",\"@id\":\"https:\/\/wi.pb.edu.pl\/p\/#website\",\"url\":\"https:\/\/wi.pb.edu.pl\/p\/\",\"name\":\"Strony pracownik\u00f3w Wydzia\u0142u Informatyki Politechniki Bia\u0142ostockiej\",\"description\":\"\",\"potentialAction\":[{\"@type\":\"SearchAction\",\"target\":{\"@type\":\"EntryPoint\",\"urlTemplate\":\"https:\/\/wi.pb.edu.pl\/p\/?s={search_term_string}\"},\"query-input\":{\"@type\":\"PropertyValueSpecification\",\"valueRequired\":true,\"valueName\":\"search_term_string\"}}],\"inLanguage\":\"pl-PL\"}]}<\/script>\n<!-- \/ Yoast SEO plugin. -->","yoast_head_json":{"title":"dr hab. Ewa Girejko - Strony pracownik\u00f3w Wydzia\u0142u Informatyki Politechniki Bia\u0142ostockiej","robots":{"index":"index","follow":"follow","max-snippet":"max-snippet:-1","max-image-preview":"max-image-preview:large","max-video-preview":"max-video-preview:-1"},"canonical":"https:\/\/wi.pb.edu.pl\/p\/ewa-girejko\/","og_locale":"pl_PL","og_type":"article","og_title":"dr hab. Ewa Girejko - Strony pracownik\u00f3w Wydzia\u0142u Informatyki Politechniki Bia\u0142ostockiej","og_description":"Struktura organizacyjna: Katedra Matematyki Stanowisko: adiunkt E-mail: Telefon: 85 746 90 58 Pok\u00f3j: A116 (117)wi\u0119cej","og_url":"https:\/\/wi.pb.edu.pl\/p\/ewa-girejko\/","og_site_name":"Strony pracownik\u00f3w Wydzia\u0142u Informatyki Politechniki Bia\u0142ostockiej","article_modified_time":"2024-09-17T07:46:42+00:00","twitter_card":"summary_large_image","twitter_misc":{"Szacowany czas czytania":"3 minuty"},"schema":{"@context":"https:\/\/schema.org","@graph":[{"@type":"WebPage","@id":"https:\/\/wi.pb.edu.pl\/p\/ewa-girejko\/","url":"https:\/\/wi.pb.edu.pl\/p\/ewa-girejko\/","name":"dr hab. Ewa Girejko - Strony pracownik\u00f3w Wydzia\u0142u Informatyki Politechniki Bia\u0142ostockiej","isPartOf":{"@id":"https:\/\/wi.pb.edu.pl\/p\/#website"},"datePublished":"2024-08-20T06:13:47+00:00","dateModified":"2024-09-17T07:46:42+00:00","breadcrumb":{"@id":"https:\/\/wi.pb.edu.pl\/p\/ewa-girejko\/#breadcrumb"},"inLanguage":"pl-PL","potentialAction":[{"@type":"ReadAction","target":["https:\/\/wi.pb.edu.pl\/p\/ewa-girejko\/"]}]},{"@type":"BreadcrumbList","@id":"https:\/\/wi.pb.edu.pl\/p\/ewa-girejko\/#breadcrumb","itemListElement":[{"@type":"ListItem","position":1,"name":"Strona g\u0142\u00f3wna","item":"https:\/\/wi.pb.edu.pl\/p\/"},{"@type":"ListItem","position":2,"name":"dr hab. Ewa Girejko"}]},{"@type":"WebSite","@id":"https:\/\/wi.pb.edu.pl\/p\/#website","url":"https:\/\/wi.pb.edu.pl\/p\/","name":"Strony pracownik\u00f3w Wydzia\u0142u Informatyki Politechniki Bia\u0142ostockiej","description":"","potentialAction":[{"@type":"SearchAction","target":{"@type":"EntryPoint","urlTemplate":"https:\/\/wi.pb.edu.pl\/p\/?s={search_term_string}"},"query-input":{"@type":"PropertyValueSpecification","valueRequired":true,"valueName":"search_term_string"}}],"inLanguage":"pl-PL"}]}},"_links":{"self":[{"href":"https:\/\/wi.pb.edu.pl\/p\/wp-json\/wp\/v2\/pages\/1743","targetHints":{"allow":["GET"]}}],"collection":[{"href":"https:\/\/wi.pb.edu.pl\/p\/wp-json\/wp\/v2\/pages"}],"about":[{"href":"https:\/\/wi.pb.edu.pl\/p\/wp-json\/wp\/v2\/types\/page"}],"author":[{"embeddable":true,"href":"https:\/\/wi.pb.edu.pl\/p\/wp-json\/wp\/v2\/users\/14"}],"replies":[{"embeddable":true,"href":"https:\/\/wi.pb.edu.pl\/p\/wp-json\/wp\/v2\/comments?post=1743"}],"version-history":[{"count":1,"href":"https:\/\/wi.pb.edu.pl\/p\/wp-json\/wp\/v2\/pages\/1743\/revisions"}],"predecessor-version":[{"id":1744,"href":"https:\/\/wi.pb.edu.pl\/p\/wp-json\/wp\/v2\/pages\/1743\/revisions\/1744"}],"wp:attachment":[{"href":"https:\/\/wi.pb.edu.pl\/p\/wp-json\/wp\/v2\/media?parent=1743"}],"curies":[{"name":"wp","href":"https:\/\/api.w.org\/{rel}","templated":true}]}}