{"id":1745,"date":"2024-08-20T08:19:28","date_gmt":"2024-08-20T06:19:28","guid":{"rendered":"https:\/\/wi.pb.edu.pl\/p\/?page_id=1745"},"modified":"2024-09-17T09:46:56","modified_gmt":"2024-09-17T07:46:56","slug":"dariusz-kacprzak","status":"publish","type":"page","link":"https:\/\/wi.pb.edu.pl\/p\/dariusz-kacprzak\/","title":{"rendered":"dr Dariusz Kacprzak"},"content":{"rendered":"<div class=\"table-responsive\">\n<table class=\"table table-bordered\">\n<tbody>\n<tr>\n<td>Struktura organizacyjna:<\/td>\n<td>Katedra Matematyki<\/td>\n<\/tr>\n<tr>\n<td>Stanowisko:<\/td>\n<td>adiunkt<\/td>\n<\/tr>\n<tr>\n<td>E-mail:<\/td>\n<td><a href=\"#\" rel=\"nofollow\"  onclick=\"this.href='mailto:' + 'd.kacprzak' + '@' + 'pb.edu.pl'\">d.kacprzak [at] pb.edu.pl<\/a><\/td>\n<\/tr>\n<tr>\n<td>Telefon:<\/td>\n<td>85 746 90 79<\/td>\n<\/tr>\n<tr>\n<td>Pok\u00f3j:<\/td>\n<td>A103 (103)<\/td>\n<\/tr>\n<tr>\n<td><a href=\"https:\/\/degra.wi.pb.edu.pl\/rozklady\/rozklad.php?id=201&amp;page=nau&amp;submit=\" target=\"blank\" rel=\"noopener\">Rozk\u0142ad zaj\u0119\u0107<\/a><\/td>\n<td>&nbsp;<\/td>\n<\/tr>\n<tr>\n<td><a href=\"https:\/\/bazawiedzy.pb.edu.pl\/info.seam?id=BUT0d78f37822264fd8af93990d401a0cf7&amp;affil=&amp;lang=pl\" target=\"blank\" rel=\"noopener\">Publikacje<\/a><\/td>\n<td>&nbsp;<\/td>\n<\/tr>\n<tr>\n<td colspan=\"2\">Dariusz Kacprzak uko\u0144czy\u0142 studia magisterskie z zakresu matematyki na Uniwersytecie w Bia\u0142ymstoku w 1997 roku. Jest pracownikiem Politechniki Bia\u0142ostockiej od roku 1997 kolejno na stanowiskach: asystenta, najpierw w Instytucie Matematyki i Fizyki, a potem w Katedrze Matematyki na Wydziale Informatyki oraz adiunkta w Katedrze Matematyki na Wydziale Informatyki. W roku 2005 obroni\u0142 rozpraw\u0119 doktorsk\u0105 z ekonomii p.t. ,, Zastosowanie teorii chaosu do modelowania rynk\u00f3w kapita\u0142owych\u2019\u2019, w Kolegium Analiz Ekonomicznych Szko\u0142y G\u0142\u00f3wnej Handlowej w Warszawie. Bie\u017c\u0105ce zainteresowania naukowe obejmuj\u0105 wielokryterialne wspomagania decyzji oraz logik\u0119 rozmyt\u0105.<\/td>\n<\/tr>\n<\/tbody>\n<\/table>\n<\/div>\n","protected":false},"excerpt":{"rendered":"<p>Struktura organizacyjna: Katedra Matematyki Stanowisko: adiunkt E-mail: Telefon: 85 746 90 79 Pok\u00f3j: A103 (103)<a class=\"read-more\" href=\"https:\/\/wi.pb.edu.pl\/p\/dariusz-kacprzak\/\" title=\"Poka\u017c artyku\u0142 dr Dariusz Kacprzak\">wi\u0119cej<\/a><\/p>\n","protected":false},"author":14,"featured_media":0,"parent":0,"menu_order":0,"comment_status":"closed","ping_status":"closed","template":"","meta":{"inline_featured_image":false,"ngg_post_thumbnail":0,"footnotes":""},"class_list":["post-1745","page","type-page","status-publish","hentry"],"acf":[],"yoast_head":"<!-- This site is optimized with the Yoast SEO plugin v26.4 - https:\/\/yoast.com\/wordpress\/plugins\/seo\/ -->\n<title>dr Dariusz Kacprzak - Strony pracownik\u00f3w Wydzia\u0142u Informatyki Politechniki Bia\u0142ostockiej<\/title>\n<meta name=\"robots\" content=\"index, follow, max-snippet:-1, max-image-preview:large, max-video-preview:-1\" \/>\n<link rel=\"canonical\" href=\"https:\/\/wi.pb.edu.pl\/p\/dariusz-kacprzak\/\" \/>\n<meta property=\"og:locale\" content=\"pl_PL\" \/>\n<meta property=\"og:type\" content=\"article\" \/>\n<meta property=\"og:title\" content=\"dr Dariusz Kacprzak - Strony pracownik\u00f3w Wydzia\u0142u Informatyki Politechniki Bia\u0142ostockiej\" \/>\n<meta property=\"og:description\" content=\"Struktura organizacyjna: Katedra Matematyki Stanowisko: adiunkt E-mail: Telefon: 85 746 90 79 Pok\u00f3j: A103 (103)wi\u0119cej\" \/>\n<meta property=\"og:url\" content=\"https:\/\/wi.pb.edu.pl\/p\/dariusz-kacprzak\/\" \/>\n<meta property=\"og:site_name\" content=\"Strony pracownik\u00f3w Wydzia\u0142u Informatyki Politechniki Bia\u0142ostockiej\" \/>\n<meta property=\"article:modified_time\" content=\"2024-09-17T07:46:56+00:00\" \/>\n<meta name=\"twitter:card\" content=\"summary_large_image\" \/>\n<meta name=\"twitter:label1\" content=\"Szacowany czas czytania\" \/>\n\t<meta name=\"twitter:data1\" content=\"1 minuta\" \/>\n<script type=\"application\/ld+json\" class=\"yoast-schema-graph\">{\"@context\":\"https:\/\/schema.org\",\"@graph\":[{\"@type\":\"WebPage\",\"@id\":\"https:\/\/wi.pb.edu.pl\/p\/dariusz-kacprzak\/\",\"url\":\"https:\/\/wi.pb.edu.pl\/p\/dariusz-kacprzak\/\",\"name\":\"dr Dariusz Kacprzak - Strony pracownik\u00f3w Wydzia\u0142u Informatyki Politechniki Bia\u0142ostockiej\",\"isPartOf\":{\"@id\":\"https:\/\/wi.pb.edu.pl\/p\/#website\"},\"datePublished\":\"2024-08-20T06:19:28+00:00\",\"dateModified\":\"2024-09-17T07:46:56+00:00\",\"breadcrumb\":{\"@id\":\"https:\/\/wi.pb.edu.pl\/p\/dariusz-kacprzak\/#breadcrumb\"},\"inLanguage\":\"pl-PL\",\"potentialAction\":[{\"@type\":\"ReadAction\",\"target\":[\"https:\/\/wi.pb.edu.pl\/p\/dariusz-kacprzak\/\"]}]},{\"@type\":\"BreadcrumbList\",\"@id\":\"https:\/\/wi.pb.edu.pl\/p\/dariusz-kacprzak\/#breadcrumb\",\"itemListElement\":[{\"@type\":\"ListItem\",\"position\":1,\"name\":\"Strona g\u0142\u00f3wna\",\"item\":\"https:\/\/wi.pb.edu.pl\/p\/\"},{\"@type\":\"ListItem\",\"position\":2,\"name\":\"dr Dariusz Kacprzak\"}]},{\"@type\":\"WebSite\",\"@id\":\"https:\/\/wi.pb.edu.pl\/p\/#website\",\"url\":\"https:\/\/wi.pb.edu.pl\/p\/\",\"name\":\"Strony pracownik\u00f3w Wydzia\u0142u Informatyki Politechniki Bia\u0142ostockiej\",\"description\":\"\",\"potentialAction\":[{\"@type\":\"SearchAction\",\"target\":{\"@type\":\"EntryPoint\",\"urlTemplate\":\"https:\/\/wi.pb.edu.pl\/p\/?s={search_term_string}\"},\"query-input\":{\"@type\":\"PropertyValueSpecification\",\"valueRequired\":true,\"valueName\":\"search_term_string\"}}],\"inLanguage\":\"pl-PL\"}]}<\/script>\n<!-- \/ Yoast SEO plugin. -->","yoast_head_json":{"title":"dr Dariusz Kacprzak - Strony pracownik\u00f3w Wydzia\u0142u Informatyki Politechniki Bia\u0142ostockiej","robots":{"index":"index","follow":"follow","max-snippet":"max-snippet:-1","max-image-preview":"max-image-preview:large","max-video-preview":"max-video-preview:-1"},"canonical":"https:\/\/wi.pb.edu.pl\/p\/dariusz-kacprzak\/","og_locale":"pl_PL","og_type":"article","og_title":"dr Dariusz Kacprzak - Strony pracownik\u00f3w Wydzia\u0142u Informatyki Politechniki Bia\u0142ostockiej","og_description":"Struktura organizacyjna: Katedra Matematyki Stanowisko: adiunkt E-mail: Telefon: 85 746 90 79 Pok\u00f3j: A103 (103)wi\u0119cej","og_url":"https:\/\/wi.pb.edu.pl\/p\/dariusz-kacprzak\/","og_site_name":"Strony pracownik\u00f3w Wydzia\u0142u Informatyki Politechniki Bia\u0142ostockiej","article_modified_time":"2024-09-17T07:46:56+00:00","twitter_card":"summary_large_image","twitter_misc":{"Szacowany czas czytania":"1 minuta"},"schema":{"@context":"https:\/\/schema.org","@graph":[{"@type":"WebPage","@id":"https:\/\/wi.pb.edu.pl\/p\/dariusz-kacprzak\/","url":"https:\/\/wi.pb.edu.pl\/p\/dariusz-kacprzak\/","name":"dr Dariusz Kacprzak - Strony pracownik\u00f3w Wydzia\u0142u Informatyki Politechniki Bia\u0142ostockiej","isPartOf":{"@id":"https:\/\/wi.pb.edu.pl\/p\/#website"},"datePublished":"2024-08-20T06:19:28+00:00","dateModified":"2024-09-17T07:46:56+00:00","breadcrumb":{"@id":"https:\/\/wi.pb.edu.pl\/p\/dariusz-kacprzak\/#breadcrumb"},"inLanguage":"pl-PL","potentialAction":[{"@type":"ReadAction","target":["https:\/\/wi.pb.edu.pl\/p\/dariusz-kacprzak\/"]}]},{"@type":"BreadcrumbList","@id":"https:\/\/wi.pb.edu.pl\/p\/dariusz-kacprzak\/#breadcrumb","itemListElement":[{"@type":"ListItem","position":1,"name":"Strona g\u0142\u00f3wna","item":"https:\/\/wi.pb.edu.pl\/p\/"},{"@type":"ListItem","position":2,"name":"dr Dariusz Kacprzak"}]},{"@type":"WebSite","@id":"https:\/\/wi.pb.edu.pl\/p\/#website","url":"https:\/\/wi.pb.edu.pl\/p\/","name":"Strony pracownik\u00f3w Wydzia\u0142u Informatyki Politechniki Bia\u0142ostockiej","description":"","potentialAction":[{"@type":"SearchAction","target":{"@type":"EntryPoint","urlTemplate":"https:\/\/wi.pb.edu.pl\/p\/?s={search_term_string}"},"query-input":{"@type":"PropertyValueSpecification","valueRequired":true,"valueName":"search_term_string"}}],"inLanguage":"pl-PL"}]}},"_links":{"self":[{"href":"https:\/\/wi.pb.edu.pl\/p\/wp-json\/wp\/v2\/pages\/1745","targetHints":{"allow":["GET"]}}],"collection":[{"href":"https:\/\/wi.pb.edu.pl\/p\/wp-json\/wp\/v2\/pages"}],"about":[{"href":"https:\/\/wi.pb.edu.pl\/p\/wp-json\/wp\/v2\/types\/page"}],"author":[{"embeddable":true,"href":"https:\/\/wi.pb.edu.pl\/p\/wp-json\/wp\/v2\/users\/14"}],"replies":[{"embeddable":true,"href":"https:\/\/wi.pb.edu.pl\/p\/wp-json\/wp\/v2\/comments?post=1745"}],"version-history":[{"count":2,"href":"https:\/\/wi.pb.edu.pl\/p\/wp-json\/wp\/v2\/pages\/1745\/revisions"}],"predecessor-version":[{"id":1747,"href":"https:\/\/wi.pb.edu.pl\/p\/wp-json\/wp\/v2\/pages\/1745\/revisions\/1747"}],"wp:attachment":[{"href":"https:\/\/wi.pb.edu.pl\/p\/wp-json\/wp\/v2\/media?parent=1745"}],"curies":[{"name":"wp","href":"https:\/\/api.w.org\/{rel}","templated":true}]}}