{"id":1750,"date":"2024-08-20T08:22:24","date_gmt":"2024-08-20T06:22:24","guid":{"rendered":"https:\/\/wi.pb.edu.pl\/p\/?page_id=1750"},"modified":"2024-09-17T09:47:25","modified_gmt":"2024-09-17T07:47:25","slug":"agnieszka-malinowska","status":"publish","type":"page","link":"https:\/\/wi.pb.edu.pl\/p\/agnieszka-malinowska\/","title":{"rendered":"dr hab. Agnieszka Malinowska"},"content":{"rendered":"<div class=\"table-responsive\">\n<table class=\"table table-bordered\">\n<tbody>\n<tr>\n<td>Struktura organizacyjna:<\/td>\n<td>Katedra Matematyki<\/td>\n<\/tr>\n<tr>\n<td>Stanowisko:<\/td>\n<td>profesor uczelni<\/td>\n<\/tr>\n<tr>\n<td>E-mail:<\/td>\n<td class=\"pedx\"><a href=\"#\" rel=\"nofollow\"  onclick=\"this.href='mailto:' + 'a.malinowska' + '@' + 'pb.edu.pl'\">a.malinowska [at] pb.edu.pl<\/a><\/td>\n<\/tr>\n<tr>\n<td>Telefon:<\/td>\n<td>85 746 90 52<\/td>\n<\/tr>\n<tr>\n<td>Pok\u00f3j:<\/td>\n<td>C4 ,A118 (6C, 119)<\/td>\n<\/tr>\n<tr>\n<td><a href=\"https:\/\/degra.wi.pb.edu.pl\/rozklady\/rozklad.php?id=211&amp;page=nau&amp;submit=\" target=\"blank\" rel=\"noopener\">Rozk\u0142ad zaj\u0119\u0107<\/a><\/td>\n<td>&nbsp;<\/td>\n<\/tr>\n<tr>\n<td><a href=\"https:\/\/bazawiedzy.pb.edu.pl\/info.seam?id=BUTbb7421b29944406489588c2c8c57c6da&amp;affil=&amp;lang=pl\" target=\"blank\" rel=\"noopener\">Publikacje<\/a><\/td>\n<td>&nbsp;<\/td>\n<\/tr>\n<tr>\n<td colspan=\"2\">2014 Doktor habilitowany nauk technicznych w dyscyplinie automatyka i robotyka, Instytutu Bada\u0144 Systemowych Polskiej Akademii Nauk. 2003 Doktor nauk technicznych w dyscyplinie automatyka i robotyka, Instytut Bada\u0144 Systemowych Polskiej Akademii Nauk. 1995 Magister w zakresie matematyki, Wydzia\u0142 Matematyczno-Przyrodniczy, Uniwersytet Warszawski, Filia w Bia\u0142ymstoku. Informacje o dotychczasowym zatrudnieniu w jednostkach naukowych Od listopada 2014 profesor PB, Katedra Matematyki, Wydzia\u0142 Informatyki, Politechnika Bia\u0142ostocka; 2007-2014 adiunkt, Katedra Matematyki, Wydzia\u0142 Informatyki, Politechnika Bia\u0142ostocka; 2003-2007 adiunkt, Instytut Matematyki i Fizyki, Politechnika Bia\u0142ostocka; 1995-2003, Instytut Matematyki i Fizyki, Politechnika Bia\u0142ostocka. Sta\u017ce w polskich i zagranicznych o\u015brodkach naukowych 2013\/2014 (3 miesi\u0105ce): Uniwersytet Szczeci\u0144ski, Instytut Ekonometrii i Statystyki, Katedra Bada\u0144 Operacyjnych i Zastosowa\u0144 Matematyki w Ekonomii. Sta\u017c finansowany z projektu Podniesienie potencja\u0142u uczelni wy\u017cszych jako czynnik rozwoju gospodarki opartej na wiedzy wsp\u00f3\u0142finansowany ze \u015brodk\u00f3w Unii Europejskiej w ramach Europejskiego Funduszu Spo\u0142ecznego. 2012 (miesi\u0105c): Department of Mathematics, University of Aveiro, Portugalia. Sta\u017c finansowany z projektu Podniesienie potencja\u0142u uczelni wy\u017cszych jako czynnik rozwoju gospodarki opartej na wiedzy wsp\u00f3\u0142finansowany ze \u015brodk\u00f3w Unii Europejskiej w ramach Europejskiego Funduszu Spo\u0142ecznego. 2009 (miesi\u0105c): sta\u017c podoktorski, Analysis and Applied Mathematics Group, Department of Mathematics, University of Texas, USA. Laureatka w konkursie projektu Portugal \u2013 Austin UTAustin\/MAT\/0057\/2008. 2008-2010: Department of Mathematics, University of Aveiro, Portugalia. Laureatka w konkursie Wsparcie mi\u0119dzynarodowej mobilno\u015bci naukowc\u00f3w, programu Ministra Nauki i Szkolnictwa Wy\u017cszego. Obszary badawcze: rachunek nieca\u0142kowitego rz\u0119du, skale czasowe, sterowanie optymalne, systemy wieloagentowe. Udzia\u0142 w komitetach redakcyjnych czasopism: Communications in Nonlinear Science and Numerical Simulation, Computational and Applied Mathematics, Mathematics and Computers in Simulation, Fractal Frac, International Journal of Difference Equations, International Journal of Mathematics and Statistics.<\/td>\n<\/tr>\n<\/tbody>\n<\/table>\n<\/div>\n","protected":false},"excerpt":{"rendered":"<p>Struktura organizacyjna: Katedra Matematyki Stanowisko: profesor uczelni E-mail: Telefon: 85 746 90 52 Pok\u00f3j: C4<a class=\"read-more\" href=\"https:\/\/wi.pb.edu.pl\/p\/agnieszka-malinowska\/\" title=\"Poka\u017c artyku\u0142 dr hab. Agnieszka Malinowska\">wi\u0119cej<\/a><\/p>\n","protected":false},"author":14,"featured_media":0,"parent":0,"menu_order":0,"comment_status":"closed","ping_status":"closed","template":"","meta":{"inline_featured_image":false,"ngg_post_thumbnail":0,"footnotes":""},"class_list":["post-1750","page","type-page","status-publish","hentry"],"acf":[],"yoast_head":"<!-- This site is optimized with the Yoast SEO plugin v26.4 - https:\/\/yoast.com\/wordpress\/plugins\/seo\/ -->\n<title>dr hab. Agnieszka Malinowska - Strony pracownik\u00f3w Wydzia\u0142u Informatyki Politechniki Bia\u0142ostockiej<\/title>\n<meta name=\"robots\" content=\"index, follow, max-snippet:-1, max-image-preview:large, max-video-preview:-1\" \/>\n<link rel=\"canonical\" href=\"https:\/\/wi.pb.edu.pl\/p\/agnieszka-malinowska\/\" \/>\n<meta property=\"og:locale\" content=\"pl_PL\" \/>\n<meta property=\"og:type\" content=\"article\" \/>\n<meta property=\"og:title\" content=\"dr hab. Agnieszka Malinowska - Strony pracownik\u00f3w Wydzia\u0142u Informatyki Politechniki Bia\u0142ostockiej\" \/>\n<meta property=\"og:description\" content=\"Struktura organizacyjna: Katedra Matematyki Stanowisko: profesor uczelni E-mail: Telefon: 85 746 90 52 Pok\u00f3j: C4wi\u0119cej\" \/>\n<meta property=\"og:url\" content=\"https:\/\/wi.pb.edu.pl\/p\/agnieszka-malinowska\/\" \/>\n<meta property=\"og:site_name\" content=\"Strony pracownik\u00f3w Wydzia\u0142u Informatyki Politechniki Bia\u0142ostockiej\" \/>\n<meta property=\"article:modified_time\" content=\"2024-09-17T07:47:25+00:00\" \/>\n<meta name=\"twitter:card\" content=\"summary_large_image\" \/>\n<meta name=\"twitter:label1\" content=\"Szacowany czas czytania\" \/>\n\t<meta name=\"twitter:data1\" content=\"2 minuty\" \/>\n<script type=\"application\/ld+json\" class=\"yoast-schema-graph\">{\"@context\":\"https:\/\/schema.org\",\"@graph\":[{\"@type\":\"WebPage\",\"@id\":\"https:\/\/wi.pb.edu.pl\/p\/agnieszka-malinowska\/\",\"url\":\"https:\/\/wi.pb.edu.pl\/p\/agnieszka-malinowska\/\",\"name\":\"dr hab. Agnieszka Malinowska - Strony pracownik\u00f3w Wydzia\u0142u Informatyki Politechniki Bia\u0142ostockiej\",\"isPartOf\":{\"@id\":\"https:\/\/wi.pb.edu.pl\/p\/#website\"},\"datePublished\":\"2024-08-20T06:22:24+00:00\",\"dateModified\":\"2024-09-17T07:47:25+00:00\",\"breadcrumb\":{\"@id\":\"https:\/\/wi.pb.edu.pl\/p\/agnieszka-malinowska\/#breadcrumb\"},\"inLanguage\":\"pl-PL\",\"potentialAction\":[{\"@type\":\"ReadAction\",\"target\":[\"https:\/\/wi.pb.edu.pl\/p\/agnieszka-malinowska\/\"]}]},{\"@type\":\"BreadcrumbList\",\"@id\":\"https:\/\/wi.pb.edu.pl\/p\/agnieszka-malinowska\/#breadcrumb\",\"itemListElement\":[{\"@type\":\"ListItem\",\"position\":1,\"name\":\"Strona g\u0142\u00f3wna\",\"item\":\"https:\/\/wi.pb.edu.pl\/p\/\"},{\"@type\":\"ListItem\",\"position\":2,\"name\":\"dr hab. Agnieszka Malinowska\"}]},{\"@type\":\"WebSite\",\"@id\":\"https:\/\/wi.pb.edu.pl\/p\/#website\",\"url\":\"https:\/\/wi.pb.edu.pl\/p\/\",\"name\":\"Strony pracownik\u00f3w Wydzia\u0142u Informatyki Politechniki Bia\u0142ostockiej\",\"description\":\"\",\"potentialAction\":[{\"@type\":\"SearchAction\",\"target\":{\"@type\":\"EntryPoint\",\"urlTemplate\":\"https:\/\/wi.pb.edu.pl\/p\/?s={search_term_string}\"},\"query-input\":{\"@type\":\"PropertyValueSpecification\",\"valueRequired\":true,\"valueName\":\"search_term_string\"}}],\"inLanguage\":\"pl-PL\"}]}<\/script>\n<!-- \/ Yoast SEO plugin. -->","yoast_head_json":{"title":"dr hab. Agnieszka Malinowska - Strony pracownik\u00f3w Wydzia\u0142u Informatyki Politechniki Bia\u0142ostockiej","robots":{"index":"index","follow":"follow","max-snippet":"max-snippet:-1","max-image-preview":"max-image-preview:large","max-video-preview":"max-video-preview:-1"},"canonical":"https:\/\/wi.pb.edu.pl\/p\/agnieszka-malinowska\/","og_locale":"pl_PL","og_type":"article","og_title":"dr hab. Agnieszka Malinowska - Strony pracownik\u00f3w Wydzia\u0142u Informatyki Politechniki Bia\u0142ostockiej","og_description":"Struktura organizacyjna: Katedra Matematyki Stanowisko: profesor uczelni E-mail: Telefon: 85 746 90 52 Pok\u00f3j: C4wi\u0119cej","og_url":"https:\/\/wi.pb.edu.pl\/p\/agnieszka-malinowska\/","og_site_name":"Strony pracownik\u00f3w Wydzia\u0142u Informatyki Politechniki Bia\u0142ostockiej","article_modified_time":"2024-09-17T07:47:25+00:00","twitter_card":"summary_large_image","twitter_misc":{"Szacowany czas czytania":"2 minuty"},"schema":{"@context":"https:\/\/schema.org","@graph":[{"@type":"WebPage","@id":"https:\/\/wi.pb.edu.pl\/p\/agnieszka-malinowska\/","url":"https:\/\/wi.pb.edu.pl\/p\/agnieszka-malinowska\/","name":"dr hab. Agnieszka Malinowska - Strony pracownik\u00f3w Wydzia\u0142u Informatyki Politechniki Bia\u0142ostockiej","isPartOf":{"@id":"https:\/\/wi.pb.edu.pl\/p\/#website"},"datePublished":"2024-08-20T06:22:24+00:00","dateModified":"2024-09-17T07:47:25+00:00","breadcrumb":{"@id":"https:\/\/wi.pb.edu.pl\/p\/agnieszka-malinowska\/#breadcrumb"},"inLanguage":"pl-PL","potentialAction":[{"@type":"ReadAction","target":["https:\/\/wi.pb.edu.pl\/p\/agnieszka-malinowska\/"]}]},{"@type":"BreadcrumbList","@id":"https:\/\/wi.pb.edu.pl\/p\/agnieszka-malinowska\/#breadcrumb","itemListElement":[{"@type":"ListItem","position":1,"name":"Strona g\u0142\u00f3wna","item":"https:\/\/wi.pb.edu.pl\/p\/"},{"@type":"ListItem","position":2,"name":"dr hab. Agnieszka Malinowska"}]},{"@type":"WebSite","@id":"https:\/\/wi.pb.edu.pl\/p\/#website","url":"https:\/\/wi.pb.edu.pl\/p\/","name":"Strony pracownik\u00f3w Wydzia\u0142u Informatyki Politechniki Bia\u0142ostockiej","description":"","potentialAction":[{"@type":"SearchAction","target":{"@type":"EntryPoint","urlTemplate":"https:\/\/wi.pb.edu.pl\/p\/?s={search_term_string}"},"query-input":{"@type":"PropertyValueSpecification","valueRequired":true,"valueName":"search_term_string"}}],"inLanguage":"pl-PL"}]}},"_links":{"self":[{"href":"https:\/\/wi.pb.edu.pl\/p\/wp-json\/wp\/v2\/pages\/1750","targetHints":{"allow":["GET"]}}],"collection":[{"href":"https:\/\/wi.pb.edu.pl\/p\/wp-json\/wp\/v2\/pages"}],"about":[{"href":"https:\/\/wi.pb.edu.pl\/p\/wp-json\/wp\/v2\/types\/page"}],"author":[{"embeddable":true,"href":"https:\/\/wi.pb.edu.pl\/p\/wp-json\/wp\/v2\/users\/14"}],"replies":[{"embeddable":true,"href":"https:\/\/wi.pb.edu.pl\/p\/wp-json\/wp\/v2\/comments?post=1750"}],"version-history":[{"count":1,"href":"https:\/\/wi.pb.edu.pl\/p\/wp-json\/wp\/v2\/pages\/1750\/revisions"}],"predecessor-version":[{"id":1751,"href":"https:\/\/wi.pb.edu.pl\/p\/wp-json\/wp\/v2\/pages\/1750\/revisions\/1751"}],"wp:attachment":[{"href":"https:\/\/wi.pb.edu.pl\/p\/wp-json\/wp\/v2\/media?parent=1750"}],"curies":[{"name":"wp","href":"https:\/\/api.w.org\/{rel}","templated":true}]}}