{"id":1752,"date":"2024-08-20T08:23:40","date_gmt":"2024-08-20T06:23:40","guid":{"rendered":"https:\/\/wi.pb.edu.pl\/p\/?page_id=1752"},"modified":"2024-09-17T09:47:37","modified_gmt":"2024-09-17T07:47:37","slug":"dorota-mozyrska","status":"publish","type":"page","link":"https:\/\/wi.pb.edu.pl\/p\/dorota-mozyrska\/","title":{"rendered":"dr hab. Dorota Mozyrska"},"content":{"rendered":"<div class=\"table-responsive\">\n<table class=\"table table-bordered\">\n<tbody>\n<tr>\n<td>Struktura organizacyjna:<\/td>\n<td>Katedra Matematyki<\/td>\n<\/tr>\n<tr>\n<td>Stanowisko:<\/td>\n<td>profesor uczelni<\/td>\n<\/tr>\n<tr>\n<td>E-mail:<\/td>\n<td class=\"pedx\"><a href=\"#\" rel=\"nofollow\"  onclick=\"this.href='mailto:' + 'd.mozyrska' + '@' + 'pb.edu.pl'\">d.mozyrska [at] pb.edu.pl<\/a><\/td>\n<\/tr>\n<tr>\n<td>Telefon:<\/td>\n<td>85 746 90 51<\/td>\n<\/tr>\n<tr>\n<td>Pok\u00f3j:<\/td>\n<td>C12\/1, A121\/3 (15C, 146)<\/td>\n<\/tr>\n<tr>\n<td><a href=\"http:\/\/degra.pb.bialystok.pl\/rozklady\/rozklad.php?id=230&amp;page=Wy%C5%9Bwietl\" target=\"blank\" rel=\"noopener\">Rozk\u0142ad zaj\u0119\u0107<\/a><\/td>\n<td>&nbsp;<\/td>\n<\/tr>\n<tr>\n<td><a href=\"https:\/\/bazawiedzy.pb.edu.pl\/info.seam?id=BUTcb761d3adaa44ce798b9f02bb9cc1dba&amp;affil=&amp;lang=pl\" target=\"blank\" rel=\"noopener\">Publikacje<\/a><\/td>\n<td>&nbsp;<\/td>\n<\/tr>\n<tr>\n<td colspan=\"2\">\n<div>\n<p>Dorota Mozyrska jest pracownikiem Katedry Matematyki Wydzia\u0142u Informatyki Politechniki Bia\u0142ostockiej. Studia wy\u017csze uko\u0144czy\u0142a w 1992 r. jako absolwent Filii Uniwersytetu Warszawskiego w Bia\u0142ymstoku, kierunku matematyka. Temat pracy magisterskiej: \u201eTwierdzenia o punktach sta\u0142ych\u201d-promotor dr Micha\u0142 Kozak. Doktorat nauk matematycznych nadany w 2002 r. przez Rad\u0119 Wydzia\u0142u Matematyki i Nauk Informacyjnych Politechniki Warszawskiej. Temat rozprawy: \u201eLokalna obserwowalno\u015b\u0107 niesko\u0144czenie wymiarowych sko\u0144czenie okre\u015blonych uk\u0142ad\u00f3w sterowania z wyj\u015bciem\u201d-promotor prof. dr hab. Zbigniew Bartosiewicz. Stopie\u0144 naukowy doktora habilitowanego w dziedzinie automatyka i robotyka zosta\u0142 nadany uchwa\u0142\u0105 Rady Wydzia\u0142u Elektroniki i Technik Informacyjnych Politechniki Warszawskiej dnia 23 wrze\u015bnia 2014 r. Zainteresowania naukowe: matematyczna teoria sterowania, rachunek r\u00f3\u017cniczkowy i r\u00f3\u017cnicowy nieca\u0142kowitego rz\u0119du, dynamika populacji. Dorota Mozyrska prowadzi\u0142a lub prowadzi zaj\u0119cia dydaktyczne z przedmiot\u00f3w: matematyka, podstawy matematyki, zastosowania matematyki w in\u017cynierii \u015brodowiska, algebra liniowa, r\u00f3wnania r\u00f3\u017cniczkowe, analiza matematyczna, statystyka matematyczna, rachunek prawdopodobie\u0144stwa, statystyka opisowa, ekonometria, badania operacyjne, kursy angielskoj\u0119zyczne w ramach programu Erasmus oraz jako profesor wizytuj\u0105cy w African University of Science and Technology: mathematical statistics, advanced linear algebra, differential equations with Matlab, fractional calculus. Nale\u017cy do stowarzysze\u0144: Polskie Towarzystwo Matematyczne Oddzia\u0142 Bia\u0142ostocki oraz International Society of Difference Equations. Zainteresowania prywatne (bez ustalonego priorytetu kolejno\u015bci): rower, g\u00f3ry, podr\u00f3\u017ce, filmy, yoga, gry logiczne i planszowe, koty, poezja, muzyka, media spo\u0142eczno\u015bciowe, minera\u0142y, Biebrza i Puszcza Bia\u0142owieska, popularyzacja nauk \u015bcis\u0142ych a szczeg\u00f3lnie matematyki.<\/p>\n<\/div>\n<\/td>\n<\/tr>\n<\/tbody>\n<\/table>\n<\/div>\n","protected":false},"excerpt":{"rendered":"<p>Struktura organizacyjna: Katedra Matematyki Stanowisko: profesor uczelni E-mail: Telefon: 85 746 90 51 Pok\u00f3j: C12\/1,<a class=\"read-more\" href=\"https:\/\/wi.pb.edu.pl\/p\/dorota-mozyrska\/\" title=\"Poka\u017c artyku\u0142 dr hab. Dorota Mozyrska\">wi\u0119cej<\/a><\/p>\n","protected":false},"author":14,"featured_media":0,"parent":0,"menu_order":0,"comment_status":"closed","ping_status":"closed","template":"","meta":{"inline_featured_image":false,"ngg_post_thumbnail":0,"footnotes":""},"class_list":["post-1752","page","type-page","status-publish","hentry"],"acf":[],"yoast_head":"<!-- This site is optimized with the Yoast SEO plugin v26.4 - https:\/\/yoast.com\/wordpress\/plugins\/seo\/ -->\n<title>dr hab. Dorota Mozyrska - Strony pracownik\u00f3w Wydzia\u0142u Informatyki Politechniki Bia\u0142ostockiej<\/title>\n<meta name=\"robots\" content=\"index, follow, max-snippet:-1, max-image-preview:large, max-video-preview:-1\" \/>\n<link rel=\"canonical\" href=\"https:\/\/wi.pb.edu.pl\/p\/dorota-mozyrska\/\" \/>\n<meta property=\"og:locale\" content=\"pl_PL\" \/>\n<meta property=\"og:type\" content=\"article\" \/>\n<meta property=\"og:title\" content=\"dr hab. Dorota Mozyrska - Strony pracownik\u00f3w Wydzia\u0142u Informatyki Politechniki Bia\u0142ostockiej\" \/>\n<meta property=\"og:description\" content=\"Struktura organizacyjna: Katedra Matematyki Stanowisko: profesor uczelni E-mail: Telefon: 85 746 90 51 Pok\u00f3j: C12\/1,wi\u0119cej\" \/>\n<meta property=\"og:url\" content=\"https:\/\/wi.pb.edu.pl\/p\/dorota-mozyrska\/\" \/>\n<meta property=\"og:site_name\" content=\"Strony pracownik\u00f3w Wydzia\u0142u Informatyki Politechniki Bia\u0142ostockiej\" \/>\n<meta property=\"article:modified_time\" content=\"2024-09-17T07:47:37+00:00\" \/>\n<meta name=\"twitter:card\" content=\"summary_large_image\" \/>\n<meta name=\"twitter:label1\" content=\"Szacowany czas czytania\" \/>\n\t<meta name=\"twitter:data1\" content=\"2 minuty\" \/>\n<script type=\"application\/ld+json\" class=\"yoast-schema-graph\">{\"@context\":\"https:\/\/schema.org\",\"@graph\":[{\"@type\":\"WebPage\",\"@id\":\"https:\/\/wi.pb.edu.pl\/p\/dorota-mozyrska\/\",\"url\":\"https:\/\/wi.pb.edu.pl\/p\/dorota-mozyrska\/\",\"name\":\"dr hab. Dorota Mozyrska - Strony pracownik\u00f3w Wydzia\u0142u Informatyki Politechniki Bia\u0142ostockiej\",\"isPartOf\":{\"@id\":\"https:\/\/wi.pb.edu.pl\/p\/#website\"},\"datePublished\":\"2024-08-20T06:23:40+00:00\",\"dateModified\":\"2024-09-17T07:47:37+00:00\",\"breadcrumb\":{\"@id\":\"https:\/\/wi.pb.edu.pl\/p\/dorota-mozyrska\/#breadcrumb\"},\"inLanguage\":\"pl-PL\",\"potentialAction\":[{\"@type\":\"ReadAction\",\"target\":[\"https:\/\/wi.pb.edu.pl\/p\/dorota-mozyrska\/\"]}]},{\"@type\":\"BreadcrumbList\",\"@id\":\"https:\/\/wi.pb.edu.pl\/p\/dorota-mozyrska\/#breadcrumb\",\"itemListElement\":[{\"@type\":\"ListItem\",\"position\":1,\"name\":\"Strona g\u0142\u00f3wna\",\"item\":\"https:\/\/wi.pb.edu.pl\/p\/\"},{\"@type\":\"ListItem\",\"position\":2,\"name\":\"dr hab. Dorota Mozyrska\"}]},{\"@type\":\"WebSite\",\"@id\":\"https:\/\/wi.pb.edu.pl\/p\/#website\",\"url\":\"https:\/\/wi.pb.edu.pl\/p\/\",\"name\":\"Strony pracownik\u00f3w Wydzia\u0142u Informatyki Politechniki Bia\u0142ostockiej\",\"description\":\"\",\"potentialAction\":[{\"@type\":\"SearchAction\",\"target\":{\"@type\":\"EntryPoint\",\"urlTemplate\":\"https:\/\/wi.pb.edu.pl\/p\/?s={search_term_string}\"},\"query-input\":{\"@type\":\"PropertyValueSpecification\",\"valueRequired\":true,\"valueName\":\"search_term_string\"}}],\"inLanguage\":\"pl-PL\"}]}<\/script>\n<!-- \/ Yoast SEO plugin. -->","yoast_head_json":{"title":"dr hab. Dorota Mozyrska - Strony pracownik\u00f3w Wydzia\u0142u Informatyki Politechniki Bia\u0142ostockiej","robots":{"index":"index","follow":"follow","max-snippet":"max-snippet:-1","max-image-preview":"max-image-preview:large","max-video-preview":"max-video-preview:-1"},"canonical":"https:\/\/wi.pb.edu.pl\/p\/dorota-mozyrska\/","og_locale":"pl_PL","og_type":"article","og_title":"dr hab. Dorota Mozyrska - Strony pracownik\u00f3w Wydzia\u0142u Informatyki Politechniki Bia\u0142ostockiej","og_description":"Struktura organizacyjna: Katedra Matematyki Stanowisko: profesor uczelni E-mail: Telefon: 85 746 90 51 Pok\u00f3j: C12\/1,wi\u0119cej","og_url":"https:\/\/wi.pb.edu.pl\/p\/dorota-mozyrska\/","og_site_name":"Strony pracownik\u00f3w Wydzia\u0142u Informatyki Politechniki Bia\u0142ostockiej","article_modified_time":"2024-09-17T07:47:37+00:00","twitter_card":"summary_large_image","twitter_misc":{"Szacowany czas czytania":"2 minuty"},"schema":{"@context":"https:\/\/schema.org","@graph":[{"@type":"WebPage","@id":"https:\/\/wi.pb.edu.pl\/p\/dorota-mozyrska\/","url":"https:\/\/wi.pb.edu.pl\/p\/dorota-mozyrska\/","name":"dr hab. Dorota Mozyrska - Strony pracownik\u00f3w Wydzia\u0142u Informatyki Politechniki Bia\u0142ostockiej","isPartOf":{"@id":"https:\/\/wi.pb.edu.pl\/p\/#website"},"datePublished":"2024-08-20T06:23:40+00:00","dateModified":"2024-09-17T07:47:37+00:00","breadcrumb":{"@id":"https:\/\/wi.pb.edu.pl\/p\/dorota-mozyrska\/#breadcrumb"},"inLanguage":"pl-PL","potentialAction":[{"@type":"ReadAction","target":["https:\/\/wi.pb.edu.pl\/p\/dorota-mozyrska\/"]}]},{"@type":"BreadcrumbList","@id":"https:\/\/wi.pb.edu.pl\/p\/dorota-mozyrska\/#breadcrumb","itemListElement":[{"@type":"ListItem","position":1,"name":"Strona g\u0142\u00f3wna","item":"https:\/\/wi.pb.edu.pl\/p\/"},{"@type":"ListItem","position":2,"name":"dr hab. Dorota Mozyrska"}]},{"@type":"WebSite","@id":"https:\/\/wi.pb.edu.pl\/p\/#website","url":"https:\/\/wi.pb.edu.pl\/p\/","name":"Strony pracownik\u00f3w Wydzia\u0142u Informatyki Politechniki Bia\u0142ostockiej","description":"","potentialAction":[{"@type":"SearchAction","target":{"@type":"EntryPoint","urlTemplate":"https:\/\/wi.pb.edu.pl\/p\/?s={search_term_string}"},"query-input":{"@type":"PropertyValueSpecification","valueRequired":true,"valueName":"search_term_string"}}],"inLanguage":"pl-PL"}]}},"_links":{"self":[{"href":"https:\/\/wi.pb.edu.pl\/p\/wp-json\/wp\/v2\/pages\/1752","targetHints":{"allow":["GET"]}}],"collection":[{"href":"https:\/\/wi.pb.edu.pl\/p\/wp-json\/wp\/v2\/pages"}],"about":[{"href":"https:\/\/wi.pb.edu.pl\/p\/wp-json\/wp\/v2\/types\/page"}],"author":[{"embeddable":true,"href":"https:\/\/wi.pb.edu.pl\/p\/wp-json\/wp\/v2\/users\/14"}],"replies":[{"embeddable":true,"href":"https:\/\/wi.pb.edu.pl\/p\/wp-json\/wp\/v2\/comments?post=1752"}],"version-history":[{"count":2,"href":"https:\/\/wi.pb.edu.pl\/p\/wp-json\/wp\/v2\/pages\/1752\/revisions"}],"predecessor-version":[{"id":1754,"href":"https:\/\/wi.pb.edu.pl\/p\/wp-json\/wp\/v2\/pages\/1752\/revisions\/1754"}],"wp:attachment":[{"href":"https:\/\/wi.pb.edu.pl\/p\/wp-json\/wp\/v2\/media?parent=1752"}],"curies":[{"name":"wp","href":"https:\/\/api.w.org\/{rel}","templated":true}]}}