{"id":1759,"date":"2024-08-20T08:33:00","date_gmt":"2024-08-20T06:33:00","guid":{"rendered":"https:\/\/wi.pb.edu.pl\/p\/?page_id=1759"},"modified":"2024-09-17T09:48:27","modified_gmt":"2024-09-17T07:48:27","slug":"rajmund-stasiewicz","status":"publish","type":"page","link":"https:\/\/wi.pb.edu.pl\/p\/rajmund-stasiewicz\/","title":{"rendered":"dr in\u017c. Rajmund Stasiewicz"},"content":{"rendered":"<div class=\"table-responsive\">\n<table class=\"table table-bordered\">\n<tbody>\n<tr>\n<td>Struktura organizacyjna:<\/td>\n<td>Katedra Matematyki<\/td>\n<\/tr>\n<tr>\n<td>Stanowisko:<\/td>\n<td>adiunkt dydaktyczny<\/td>\n<\/tr>\n<tr>\n<td>E-mail:<\/td>\n<td class=\"pedx\"><a href=\"#\" rel=\"nofollow\"  onclick=\"this.href='mailto:' + 'r.stasiewicz' + '@' + 'pb.edu.pl'\">r.stasiewicz [at] pb.edu.pl<\/a><\/td>\n<\/tr>\n<tr>\n<td>Telefon:<\/td>\n<td>85 746 90 75<\/td>\n<\/tr>\n<tr>\n<td>Pok\u00f3j:<\/td>\n<td>A103 (103)<\/td>\n<\/tr>\n<tr>\n<td><a href=\"https:\/\/degra.wi.pb.edu.pl\/rozklady\/rozklad.php?id=229&amp;page=nau&amp;submit=\" target=\"blank\" rel=\"noopener\">Rozk\u0142ad zaj\u0119\u0107<\/a><\/td>\n<td>&nbsp;<\/td>\n<\/tr>\n<tr>\n<td><a href=\"https:\/\/bazawiedzy.pb.edu.pl\/info.seam?id=BUT283132ceff114a6e87434513ae798444&amp;affil=&amp;lang=pl\" target=\"blank\" rel=\"noopener\">Publikacje<\/a><\/td>\n<td>&nbsp;<\/td>\n<\/tr>\n<tr>\n<td colspan=\"2\">Rajmund Stasiewicz pracuje w Politechnice Bia\u0142ostockiej od 1990, najpierw w Instytucie Matematyki i Fizyki, a potem na Wydziale Informatyki w Katedrze Matematyki. Absolwent Wydzia\u0142u Elektrycznego Politechniki Bia\u0142ostockiej, Mi\u0119dzywydzia\u0142owego Studium Pedagogiczne przy Politechnice Bia\u0142ostockiej; Wydzia\u0142u Matematyczno-Przyrodniczego, Uniwersytet Warszawski oraz Studium Informatyki w Zarz\u0105dzaniu i Biznesie; dr nauk technicznych, Politechnika Bia\u0142ostocka; studia podyplomowe w zakresie Kszta\u0142cenia kadry akademickiej do roli wyk\u0142adowc\u00f3w przedmiotu \u201eOchrona w\u0142asno\u015bci intelektualnej\u201d na Uniwersytecie Marii Curie-Sk\u0142odowskiej w Lublinie oraz sta\u017ce w VIA University College, School of Technology and Business, Dania i na Politechnice Wroc\u0142awskiej. Nale\u017cy do stowarzysze\u0144: Polskie Towarzystwo Matematyczne Oddzia\u0142 Bia\u0142ostocki oraz Stowarzyszenie na Rzecz Edukacji Matematycznej i Stowarzyszenie Nauczycieli Matematyki. Od wielu lat, jako cz\u0142onek Centrum Popularyzacji Matematyki Signum na Wydziale Informatyki, obecnie kierownik, anga\u017cuje si\u0119 w popularyzacj\u0119 matematyki poprzez wsp\u00f3\u0142organizowanie wystaw, g\u0142oszenie wyk\u0142ad\u00f3w popularno-naukowych, prowadzenie warsztat\u00f3w i organizowanie licznych konkurs\u00f3w.<\/td>\n<\/tr>\n<\/tbody>\n<\/table>\n<\/div>\n","protected":false},"excerpt":{"rendered":"<p>Struktura organizacyjna: Katedra Matematyki Stanowisko: adiunkt dydaktyczny E-mail: Telefon: 85 746 90 75 Pok\u00f3j: A103<a class=\"read-more\" href=\"https:\/\/wi.pb.edu.pl\/p\/rajmund-stasiewicz\/\" title=\"Poka\u017c artyku\u0142 dr in\u017c. Rajmund Stasiewicz\">wi\u0119cej<\/a><\/p>\n","protected":false},"author":14,"featured_media":0,"parent":0,"menu_order":0,"comment_status":"closed","ping_status":"closed","template":"","meta":{"inline_featured_image":false,"ngg_post_thumbnail":0,"footnotes":""},"class_list":["post-1759","page","type-page","status-publish","hentry"],"acf":[],"yoast_head":"<!-- This site is optimized with the Yoast SEO plugin v26.4 - https:\/\/yoast.com\/wordpress\/plugins\/seo\/ -->\n<title>dr in\u017c. Rajmund Stasiewicz - Strony pracownik\u00f3w Wydzia\u0142u Informatyki Politechniki Bia\u0142ostockiej<\/title>\n<meta name=\"robots\" content=\"index, follow, max-snippet:-1, max-image-preview:large, max-video-preview:-1\" \/>\n<link rel=\"canonical\" href=\"https:\/\/wi.pb.edu.pl\/p\/rajmund-stasiewicz\/\" \/>\n<meta property=\"og:locale\" content=\"pl_PL\" \/>\n<meta property=\"og:type\" content=\"article\" \/>\n<meta property=\"og:title\" content=\"dr in\u017c. Rajmund Stasiewicz - Strony pracownik\u00f3w Wydzia\u0142u Informatyki Politechniki Bia\u0142ostockiej\" \/>\n<meta property=\"og:description\" content=\"Struktura organizacyjna: Katedra Matematyki Stanowisko: adiunkt dydaktyczny E-mail: Telefon: 85 746 90 75 Pok\u00f3j: A103wi\u0119cej\" \/>\n<meta property=\"og:url\" content=\"https:\/\/wi.pb.edu.pl\/p\/rajmund-stasiewicz\/\" \/>\n<meta property=\"og:site_name\" content=\"Strony pracownik\u00f3w Wydzia\u0142u Informatyki Politechniki Bia\u0142ostockiej\" \/>\n<meta property=\"article:modified_time\" content=\"2024-09-17T07:48:27+00:00\" \/>\n<meta name=\"twitter:card\" content=\"summary_large_image\" \/>\n<meta name=\"twitter:label1\" content=\"Szacowany czas czytania\" \/>\n\t<meta name=\"twitter:data1\" content=\"1 minuta\" \/>\n<script type=\"application\/ld+json\" class=\"yoast-schema-graph\">{\"@context\":\"https:\/\/schema.org\",\"@graph\":[{\"@type\":\"WebPage\",\"@id\":\"https:\/\/wi.pb.edu.pl\/p\/rajmund-stasiewicz\/\",\"url\":\"https:\/\/wi.pb.edu.pl\/p\/rajmund-stasiewicz\/\",\"name\":\"dr in\u017c. Rajmund Stasiewicz - Strony pracownik\u00f3w Wydzia\u0142u Informatyki Politechniki Bia\u0142ostockiej\",\"isPartOf\":{\"@id\":\"https:\/\/wi.pb.edu.pl\/p\/#website\"},\"datePublished\":\"2024-08-20T06:33:00+00:00\",\"dateModified\":\"2024-09-17T07:48:27+00:00\",\"breadcrumb\":{\"@id\":\"https:\/\/wi.pb.edu.pl\/p\/rajmund-stasiewicz\/#breadcrumb\"},\"inLanguage\":\"pl-PL\",\"potentialAction\":[{\"@type\":\"ReadAction\",\"target\":[\"https:\/\/wi.pb.edu.pl\/p\/rajmund-stasiewicz\/\"]}]},{\"@type\":\"BreadcrumbList\",\"@id\":\"https:\/\/wi.pb.edu.pl\/p\/rajmund-stasiewicz\/#breadcrumb\",\"itemListElement\":[{\"@type\":\"ListItem\",\"position\":1,\"name\":\"Strona g\u0142\u00f3wna\",\"item\":\"https:\/\/wi.pb.edu.pl\/p\/\"},{\"@type\":\"ListItem\",\"position\":2,\"name\":\"dr in\u017c. Rajmund Stasiewicz\"}]},{\"@type\":\"WebSite\",\"@id\":\"https:\/\/wi.pb.edu.pl\/p\/#website\",\"url\":\"https:\/\/wi.pb.edu.pl\/p\/\",\"name\":\"Strony pracownik\u00f3w Wydzia\u0142u Informatyki Politechniki Bia\u0142ostockiej\",\"description\":\"\",\"potentialAction\":[{\"@type\":\"SearchAction\",\"target\":{\"@type\":\"EntryPoint\",\"urlTemplate\":\"https:\/\/wi.pb.edu.pl\/p\/?s={search_term_string}\"},\"query-input\":{\"@type\":\"PropertyValueSpecification\",\"valueRequired\":true,\"valueName\":\"search_term_string\"}}],\"inLanguage\":\"pl-PL\"}]}<\/script>\n<!-- \/ Yoast SEO plugin. -->","yoast_head_json":{"title":"dr in\u017c. Rajmund Stasiewicz - Strony pracownik\u00f3w Wydzia\u0142u Informatyki Politechniki Bia\u0142ostockiej","robots":{"index":"index","follow":"follow","max-snippet":"max-snippet:-1","max-image-preview":"max-image-preview:large","max-video-preview":"max-video-preview:-1"},"canonical":"https:\/\/wi.pb.edu.pl\/p\/rajmund-stasiewicz\/","og_locale":"pl_PL","og_type":"article","og_title":"dr in\u017c. Rajmund Stasiewicz - Strony pracownik\u00f3w Wydzia\u0142u Informatyki Politechniki Bia\u0142ostockiej","og_description":"Struktura organizacyjna: Katedra Matematyki Stanowisko: adiunkt dydaktyczny E-mail: Telefon: 85 746 90 75 Pok\u00f3j: A103wi\u0119cej","og_url":"https:\/\/wi.pb.edu.pl\/p\/rajmund-stasiewicz\/","og_site_name":"Strony pracownik\u00f3w Wydzia\u0142u Informatyki Politechniki Bia\u0142ostockiej","article_modified_time":"2024-09-17T07:48:27+00:00","twitter_card":"summary_large_image","twitter_misc":{"Szacowany czas czytania":"1 minuta"},"schema":{"@context":"https:\/\/schema.org","@graph":[{"@type":"WebPage","@id":"https:\/\/wi.pb.edu.pl\/p\/rajmund-stasiewicz\/","url":"https:\/\/wi.pb.edu.pl\/p\/rajmund-stasiewicz\/","name":"dr in\u017c. Rajmund Stasiewicz - Strony pracownik\u00f3w Wydzia\u0142u Informatyki Politechniki Bia\u0142ostockiej","isPartOf":{"@id":"https:\/\/wi.pb.edu.pl\/p\/#website"},"datePublished":"2024-08-20T06:33:00+00:00","dateModified":"2024-09-17T07:48:27+00:00","breadcrumb":{"@id":"https:\/\/wi.pb.edu.pl\/p\/rajmund-stasiewicz\/#breadcrumb"},"inLanguage":"pl-PL","potentialAction":[{"@type":"ReadAction","target":["https:\/\/wi.pb.edu.pl\/p\/rajmund-stasiewicz\/"]}]},{"@type":"BreadcrumbList","@id":"https:\/\/wi.pb.edu.pl\/p\/rajmund-stasiewicz\/#breadcrumb","itemListElement":[{"@type":"ListItem","position":1,"name":"Strona g\u0142\u00f3wna","item":"https:\/\/wi.pb.edu.pl\/p\/"},{"@type":"ListItem","position":2,"name":"dr in\u017c. Rajmund Stasiewicz"}]},{"@type":"WebSite","@id":"https:\/\/wi.pb.edu.pl\/p\/#website","url":"https:\/\/wi.pb.edu.pl\/p\/","name":"Strony pracownik\u00f3w Wydzia\u0142u Informatyki Politechniki Bia\u0142ostockiej","description":"","potentialAction":[{"@type":"SearchAction","target":{"@type":"EntryPoint","urlTemplate":"https:\/\/wi.pb.edu.pl\/p\/?s={search_term_string}"},"query-input":{"@type":"PropertyValueSpecification","valueRequired":true,"valueName":"search_term_string"}}],"inLanguage":"pl-PL"}]}},"_links":{"self":[{"href":"https:\/\/wi.pb.edu.pl\/p\/wp-json\/wp\/v2\/pages\/1759","targetHints":{"allow":["GET"]}}],"collection":[{"href":"https:\/\/wi.pb.edu.pl\/p\/wp-json\/wp\/v2\/pages"}],"about":[{"href":"https:\/\/wi.pb.edu.pl\/p\/wp-json\/wp\/v2\/types\/page"}],"author":[{"embeddable":true,"href":"https:\/\/wi.pb.edu.pl\/p\/wp-json\/wp\/v2\/users\/14"}],"replies":[{"embeddable":true,"href":"https:\/\/wi.pb.edu.pl\/p\/wp-json\/wp\/v2\/comments?post=1759"}],"version-history":[{"count":1,"href":"https:\/\/wi.pb.edu.pl\/p\/wp-json\/wp\/v2\/pages\/1759\/revisions"}],"predecessor-version":[{"id":1760,"href":"https:\/\/wi.pb.edu.pl\/p\/wp-json\/wp\/v2\/pages\/1759\/revisions\/1760"}],"wp:attachment":[{"href":"https:\/\/wi.pb.edu.pl\/p\/wp-json\/wp\/v2\/media?parent=1759"}],"curies":[{"name":"wp","href":"https:\/\/api.w.org\/{rel}","templated":true}]}}