{"id":1763,"date":"2024-08-20T08:36:44","date_gmt":"2024-08-20T06:36:44","guid":{"rendered":"https:\/\/wi.pb.edu.pl\/p\/?page_id=1763"},"modified":"2024-09-17T09:51:15","modified_gmt":"2024-09-17T07:51:15","slug":"malgorzata-wyrwas","status":"publish","type":"page","link":"https:\/\/wi.pb.edu.pl\/p\/malgorzata-wyrwas\/","title":{"rendered":"dr hab. Ma\u0142gorzata Wyrwas"},"content":{"rendered":"<div class=\"table-responsive\">\n<table class=\"table table-bordered\">\n<tbody>\n<tr>\n<td>Struktura organizacyjna:<\/td>\n<td>Katedra Matematyki<\/td>\n<\/tr>\n<tr>\n<td>Stanowisko:<\/td>\n<td>profesor uczelni<\/td>\n<\/tr>\n<tr>\n<td>E-mail:<\/td>\n<td class=\"pedx\"><a href=\"#\" rel=\"nofollow\"  onclick=\"this.href='mailto:' + 'm.wyrwas' + '@' + 'pb.edu.pl'\">m.wyrwas [at] pb.edu.pl<\/a><\/td>\n<\/tr>\n<tr>\n<td>Telefon:<\/td>\n<td>85 746 90 97<\/td>\n<\/tr>\n<tr>\n<td>Pok\u00f3j:<\/td>\n<td>C12 (14C)<\/td>\n<\/tr>\n<tr>\n<td><a href=\"http:\/\/degra.pb.bialystok.pl\/rozklady\/rozklad.php?id=214&amp;page=Wy%C5%9Bwietl\" target=\"blank\" rel=\"noopener\">Rozk\u0142ad zaj\u0119\u0107<\/a><\/td>\n<td>&nbsp;<\/td>\n<\/tr>\n<tr>\n<td><a href=\"https:\/\/bazawiedzy.pb.edu.pl\/info.seam?id=BUT386c64d2b99141d59e4e87c2dcedb364&amp;affil=&amp;lang=pl\" target=\"blank\" rel=\"noopener\">Publikacje<\/a><\/td>\n<td>&nbsp;<\/td>\n<\/tr>\n<tr>\n<td colspan=\"2\">Ma\u0142gorzata Wyrwas uko\u0144czy\u0142a studia magisterskie z zakresu matematyki na Filii Uniwersytetu Warszawskiego w Bia\u0142ymstoku w 1996 roku (temat pracy magisterskiej \u201eStabilno\u015b\u0107 lokalnej obserwowalno\u015bci nieliniowych uk\u0142ad\u00f3w sterowania\u201d, promotor prof. dr hab. in\u017c. Zbigniew Bartosiewicz). W tym samym roku rozpocz\u0119\u0142a prac\u0119 w Politechnice Bia\u0142ostockiej na stanowisku asystenta w Instytucie Matematyki i Fizyki. W okresie od wrze\u015bnia do grudnia 2003 roku by\u0142a stypendystk\u0105 the European Community Marie Curie Fellowship w ramach programu Control Training Site (W\u0142ochy, SISSA, Triest). W roku 2004 obroni\u0142a rozpraw\u0119 doktorsk\u0105 z matematyki na Wydziale Matematyki i Nauk Informacyjnych Politechniki Warszawskiej. Promotorem rozprawy doktorskiej pt. \u201eNieregularne obserwatory nieliniowych uk\u0142ad\u00f3w sterowania\u201d by\u0142 prof. dr hab. in\u017c. Zbigniew Bartosiewicz. W roku 2005 rozpocz\u0119\u0142a prac\u0119 na stanowisku adiunkta, najpierw w Instytucie Matematyki i Fizyki a potem na Wydziale Informatyki Politechniki Bia\u0142ostockiej. W okresie od lipca 2006 roku do stycznia 2008 przebywa\u0142a na sta\u017cu naukowym w Instytucie Cybernetyki przy Politechnice w Tallinie w Estonii. W roku 2019 uzyska\u0142a stopie\u0144 naukowy doktora habilitowanego w dziedzinie nauk \u015bcis\u0142ych i przyrodniczych w dyscyplinie matematyka na Politechnice Warszawskiej. Zainteresowania naukowe to matematyczna teoria sterowania oraz rachunek nieca\u0142kowitego rz\u0119du. Nale\u017cy do stowarzyszenia Polskie Towarzystwo Matematyczne Oddzia\u0142 Bia\u0142ostocki.<\/td>\n<\/tr>\n<\/tbody>\n<\/table>\n<\/div>\n","protected":false},"excerpt":{"rendered":"<p>Struktura organizacyjna: Katedra Matematyki Stanowisko: profesor uczelni E-mail: Telefon: 85 746 90 97 Pok\u00f3j: C12<a class=\"read-more\" href=\"https:\/\/wi.pb.edu.pl\/p\/malgorzata-wyrwas\/\" title=\"Poka\u017c artyku\u0142 dr hab. Ma\u0142gorzata Wyrwas\">wi\u0119cej<\/a><\/p>\n","protected":false},"author":14,"featured_media":0,"parent":0,"menu_order":0,"comment_status":"closed","ping_status":"closed","template":"","meta":{"inline_featured_image":false,"ngg_post_thumbnail":0,"footnotes":""},"class_list":["post-1763","page","type-page","status-publish","hentry"],"acf":[],"yoast_head":"<!-- This site is optimized with the Yoast SEO plugin v26.4 - https:\/\/yoast.com\/wordpress\/plugins\/seo\/ -->\n<title>dr hab. Ma\u0142gorzata Wyrwas - Strony pracownik\u00f3w Wydzia\u0142u Informatyki Politechniki Bia\u0142ostockiej<\/title>\n<meta name=\"robots\" content=\"index, follow, max-snippet:-1, max-image-preview:large, max-video-preview:-1\" \/>\n<link rel=\"canonical\" href=\"https:\/\/wi.pb.edu.pl\/p\/malgorzata-wyrwas\/\" \/>\n<meta property=\"og:locale\" content=\"pl_PL\" \/>\n<meta property=\"og:type\" content=\"article\" \/>\n<meta property=\"og:title\" content=\"dr hab. Ma\u0142gorzata Wyrwas - Strony pracownik\u00f3w Wydzia\u0142u Informatyki Politechniki Bia\u0142ostockiej\" \/>\n<meta property=\"og:description\" content=\"Struktura organizacyjna: Katedra Matematyki Stanowisko: profesor uczelni E-mail: Telefon: 85 746 90 97 Pok\u00f3j: C12wi\u0119cej\" \/>\n<meta property=\"og:url\" content=\"https:\/\/wi.pb.edu.pl\/p\/malgorzata-wyrwas\/\" \/>\n<meta property=\"og:site_name\" content=\"Strony pracownik\u00f3w Wydzia\u0142u Informatyki Politechniki Bia\u0142ostockiej\" \/>\n<meta property=\"article:modified_time\" content=\"2024-09-17T07:51:15+00:00\" \/>\n<meta name=\"twitter:card\" content=\"summary_large_image\" \/>\n<meta name=\"twitter:label1\" content=\"Szacowany czas czytania\" \/>\n\t<meta name=\"twitter:data1\" content=\"2 minuty\" \/>\n<script type=\"application\/ld+json\" class=\"yoast-schema-graph\">{\"@context\":\"https:\/\/schema.org\",\"@graph\":[{\"@type\":\"WebPage\",\"@id\":\"https:\/\/wi.pb.edu.pl\/p\/malgorzata-wyrwas\/\",\"url\":\"https:\/\/wi.pb.edu.pl\/p\/malgorzata-wyrwas\/\",\"name\":\"dr hab. Ma\u0142gorzata Wyrwas - Strony pracownik\u00f3w Wydzia\u0142u Informatyki Politechniki Bia\u0142ostockiej\",\"isPartOf\":{\"@id\":\"https:\/\/wi.pb.edu.pl\/p\/#website\"},\"datePublished\":\"2024-08-20T06:36:44+00:00\",\"dateModified\":\"2024-09-17T07:51:15+00:00\",\"breadcrumb\":{\"@id\":\"https:\/\/wi.pb.edu.pl\/p\/malgorzata-wyrwas\/#breadcrumb\"},\"inLanguage\":\"pl-PL\",\"potentialAction\":[{\"@type\":\"ReadAction\",\"target\":[\"https:\/\/wi.pb.edu.pl\/p\/malgorzata-wyrwas\/\"]}]},{\"@type\":\"BreadcrumbList\",\"@id\":\"https:\/\/wi.pb.edu.pl\/p\/malgorzata-wyrwas\/#breadcrumb\",\"itemListElement\":[{\"@type\":\"ListItem\",\"position\":1,\"name\":\"Strona g\u0142\u00f3wna\",\"item\":\"https:\/\/wi.pb.edu.pl\/p\/\"},{\"@type\":\"ListItem\",\"position\":2,\"name\":\"dr hab. Ma\u0142gorzata Wyrwas\"}]},{\"@type\":\"WebSite\",\"@id\":\"https:\/\/wi.pb.edu.pl\/p\/#website\",\"url\":\"https:\/\/wi.pb.edu.pl\/p\/\",\"name\":\"Strony pracownik\u00f3w Wydzia\u0142u Informatyki Politechniki Bia\u0142ostockiej\",\"description\":\"\",\"potentialAction\":[{\"@type\":\"SearchAction\",\"target\":{\"@type\":\"EntryPoint\",\"urlTemplate\":\"https:\/\/wi.pb.edu.pl\/p\/?s={search_term_string}\"},\"query-input\":{\"@type\":\"PropertyValueSpecification\",\"valueRequired\":true,\"valueName\":\"search_term_string\"}}],\"inLanguage\":\"pl-PL\"}]}<\/script>\n<!-- \/ Yoast SEO plugin. -->","yoast_head_json":{"title":"dr hab. Ma\u0142gorzata Wyrwas - Strony pracownik\u00f3w Wydzia\u0142u Informatyki Politechniki Bia\u0142ostockiej","robots":{"index":"index","follow":"follow","max-snippet":"max-snippet:-1","max-image-preview":"max-image-preview:large","max-video-preview":"max-video-preview:-1"},"canonical":"https:\/\/wi.pb.edu.pl\/p\/malgorzata-wyrwas\/","og_locale":"pl_PL","og_type":"article","og_title":"dr hab. Ma\u0142gorzata Wyrwas - Strony pracownik\u00f3w Wydzia\u0142u Informatyki Politechniki Bia\u0142ostockiej","og_description":"Struktura organizacyjna: Katedra Matematyki Stanowisko: profesor uczelni E-mail: Telefon: 85 746 90 97 Pok\u00f3j: C12wi\u0119cej","og_url":"https:\/\/wi.pb.edu.pl\/p\/malgorzata-wyrwas\/","og_site_name":"Strony pracownik\u00f3w Wydzia\u0142u Informatyki Politechniki Bia\u0142ostockiej","article_modified_time":"2024-09-17T07:51:15+00:00","twitter_card":"summary_large_image","twitter_misc":{"Szacowany czas czytania":"2 minuty"},"schema":{"@context":"https:\/\/schema.org","@graph":[{"@type":"WebPage","@id":"https:\/\/wi.pb.edu.pl\/p\/malgorzata-wyrwas\/","url":"https:\/\/wi.pb.edu.pl\/p\/malgorzata-wyrwas\/","name":"dr hab. Ma\u0142gorzata Wyrwas - Strony pracownik\u00f3w Wydzia\u0142u Informatyki Politechniki Bia\u0142ostockiej","isPartOf":{"@id":"https:\/\/wi.pb.edu.pl\/p\/#website"},"datePublished":"2024-08-20T06:36:44+00:00","dateModified":"2024-09-17T07:51:15+00:00","breadcrumb":{"@id":"https:\/\/wi.pb.edu.pl\/p\/malgorzata-wyrwas\/#breadcrumb"},"inLanguage":"pl-PL","potentialAction":[{"@type":"ReadAction","target":["https:\/\/wi.pb.edu.pl\/p\/malgorzata-wyrwas\/"]}]},{"@type":"BreadcrumbList","@id":"https:\/\/wi.pb.edu.pl\/p\/malgorzata-wyrwas\/#breadcrumb","itemListElement":[{"@type":"ListItem","position":1,"name":"Strona g\u0142\u00f3wna","item":"https:\/\/wi.pb.edu.pl\/p\/"},{"@type":"ListItem","position":2,"name":"dr hab. Ma\u0142gorzata Wyrwas"}]},{"@type":"WebSite","@id":"https:\/\/wi.pb.edu.pl\/p\/#website","url":"https:\/\/wi.pb.edu.pl\/p\/","name":"Strony pracownik\u00f3w Wydzia\u0142u Informatyki Politechniki Bia\u0142ostockiej","description":"","potentialAction":[{"@type":"SearchAction","target":{"@type":"EntryPoint","urlTemplate":"https:\/\/wi.pb.edu.pl\/p\/?s={search_term_string}"},"query-input":{"@type":"PropertyValueSpecification","valueRequired":true,"valueName":"search_term_string"}}],"inLanguage":"pl-PL"}]}},"_links":{"self":[{"href":"https:\/\/wi.pb.edu.pl\/p\/wp-json\/wp\/v2\/pages\/1763","targetHints":{"allow":["GET"]}}],"collection":[{"href":"https:\/\/wi.pb.edu.pl\/p\/wp-json\/wp\/v2\/pages"}],"about":[{"href":"https:\/\/wi.pb.edu.pl\/p\/wp-json\/wp\/v2\/types\/page"}],"author":[{"embeddable":true,"href":"https:\/\/wi.pb.edu.pl\/p\/wp-json\/wp\/v2\/users\/14"}],"replies":[{"embeddable":true,"href":"https:\/\/wi.pb.edu.pl\/p\/wp-json\/wp\/v2\/comments?post=1763"}],"version-history":[{"count":2,"href":"https:\/\/wi.pb.edu.pl\/p\/wp-json\/wp\/v2\/pages\/1763\/revisions"}],"predecessor-version":[{"id":1765,"href":"https:\/\/wi.pb.edu.pl\/p\/wp-json\/wp\/v2\/pages\/1763\/revisions\/1765"}],"wp:attachment":[{"href":"https:\/\/wi.pb.edu.pl\/p\/wp-json\/wp\/v2\/media?parent=1763"}],"curies":[{"name":"wp","href":"https:\/\/api.w.org\/{rel}","templated":true}]}}