{"id":1768,"date":"2024-08-20T08:52:52","date_gmt":"2024-08-20T06:52:52","guid":{"rendered":"https:\/\/wi.pb.edu.pl\/p\/?page_id=1768"},"modified":"2024-09-17T09:52:30","modified_gmt":"2024-09-17T07:52:30","slug":"czeslaw-baginski","status":"publish","type":"page","link":"https:\/\/wi.pb.edu.pl\/p\/czeslaw-baginski\/","title":{"rendered":"dr hab. Czes\u0142aw Bagi\u0144ski"},"content":{"rendered":"<div class=\"table-responsive\">\n<table class=\"table table-bordered\">\n<tbody>\n<tr>\n<td>Struktura organizacyjna:<\/td>\n<td>Katedra Informatyki Teoretycznej<\/td>\n<\/tr>\n<tr>\n<td>Stanowisko:<\/td>\n<td>profesor uczelni<\/td>\n<\/tr>\n<tr>\n<td>E-mail:<\/td>\n<td><a href=\"#\" rel=\"nofollow\"  onclick=\"this.href='mailto:' + 'c.baginski' + '@' + 'pb.edu.pl'\">c.baginski [at] pb.edu.pl<\/a><\/td>\n<\/tr>\n<tr>\n<td>Telefon:<\/td>\n<td>85 746 97 59<\/td>\n<\/tr>\n<tr>\n<td>Pok\u00f3j:<\/td>\n<td>A122 (142)<\/td>\n<\/tr>\n<tr>\n<td><a href=\"http:\/\/degra.pb.bialystok.pl\/rozklady\/rozklad.php?id=91&amp;page=Wy%C5%9Bwietl\" target=\"blank\" rel=\"noopener\">Rozk\u0142ad zaj\u0119\u0107<\/a><\/td>\n<td>&nbsp;<\/td>\n<\/tr>\n<tr>\n<td><a href=\"https:\/\/bazawiedzy.pb.edu.pl\/info.seam?id=BUT2ecd9da9612845e1b56d6a0de91e68f3&amp;affil=&amp;lang=pl\" target=\"blank\" rel=\"noopener\">Publikacje<\/a><\/td>\n<td>&nbsp;<\/td>\n<\/tr>\n<tr>\n<td colspan=\"2\">Czes\u0142aw Bagi\u0144ski studiowa\u0142 matematyk\u0119 na Uniwersytecie Warszawskim (Filia w Bia\u0142ymstoku). Stopie\u0144 naukowy doktora uzyska\u0142 na Politechnice Warszawskiej, na podstawie rozprawy \u201eO pewnych w\u0142asno\u015bciach zbior\u00f3w element\u00f3w jednakowego rz\u0119du w grupach sko\u0144czonych\u201d. Stopie\u0144 naukowy doktora habilitowanego uzyska\u0142 w roku 2005 na Wydziale Matematyki, Informatyki i Mechaniki Uniwersytetu Warszawskiego na podstawie rozprawy \u201eModularne algebry grupowe\u201d. Czes\u0142aw Bagi\u0144ski pracuje w Politechnice Bia\u0142ostockiej od 2001 roku. Od 2008 roku kieruje Katedr\u0105 Informatyki Teoretycznej. W latach 2017-2020 by\u0142 cz\u0142onkiem Komitetu Matematyki Polskiej Akademii Nauk. G\u0142\u00f3wnym obszarem zainteresowa\u0144 naukowych Czes\u0142awa Bagi\u0144skiego jest teoria grup i algebr grupowych, a ostatnio r\u00f3wnie\u017c algebraiczna teoria graf\u00f3w. Jest autorem podr\u0119cznika \u201eWst\u0119p do teorii grup\u201d.<\/td>\n<\/tr>\n<\/tbody>\n<\/table>\n<\/div>\n","protected":false},"excerpt":{"rendered":"<p>Struktura organizacyjna: Katedra Informatyki Teoretycznej Stanowisko: profesor uczelni E-mail: Telefon: 85 746 97 59 Pok\u00f3j:<a class=\"read-more\" href=\"https:\/\/wi.pb.edu.pl\/p\/czeslaw-baginski\/\" title=\"Poka\u017c artyku\u0142 dr hab. Czes\u0142aw Bagi\u0144ski\">wi\u0119cej<\/a><\/p>\n","protected":false},"author":14,"featured_media":0,"parent":0,"menu_order":0,"comment_status":"closed","ping_status":"closed","template":"","meta":{"inline_featured_image":false,"ngg_post_thumbnail":0,"footnotes":""},"class_list":["post-1768","page","type-page","status-publish","hentry"],"acf":[],"yoast_head":"<!-- This site is optimized with the Yoast SEO plugin v26.4 - https:\/\/yoast.com\/wordpress\/plugins\/seo\/ -->\n<title>dr hab. Czes\u0142aw Bagi\u0144ski - Strony pracownik\u00f3w Wydzia\u0142u Informatyki Politechniki Bia\u0142ostockiej<\/title>\n<meta name=\"robots\" content=\"index, follow, max-snippet:-1, max-image-preview:large, max-video-preview:-1\" \/>\n<link rel=\"canonical\" href=\"https:\/\/wi.pb.edu.pl\/p\/czeslaw-baginski\/\" \/>\n<meta property=\"og:locale\" content=\"pl_PL\" \/>\n<meta property=\"og:type\" content=\"article\" \/>\n<meta property=\"og:title\" content=\"dr hab. Czes\u0142aw Bagi\u0144ski - Strony pracownik\u00f3w Wydzia\u0142u Informatyki Politechniki Bia\u0142ostockiej\" \/>\n<meta property=\"og:description\" content=\"Struktura organizacyjna: Katedra Informatyki Teoretycznej Stanowisko: profesor uczelni E-mail: Telefon: 85 746 97 59 Pok\u00f3j:wi\u0119cej\" \/>\n<meta property=\"og:url\" content=\"https:\/\/wi.pb.edu.pl\/p\/czeslaw-baginski\/\" \/>\n<meta property=\"og:site_name\" content=\"Strony pracownik\u00f3w Wydzia\u0142u Informatyki Politechniki Bia\u0142ostockiej\" \/>\n<meta property=\"article:modified_time\" content=\"2024-09-17T07:52:30+00:00\" \/>\n<meta name=\"twitter:card\" content=\"summary_large_image\" \/>\n<meta name=\"twitter:label1\" content=\"Szacowany czas czytania\" \/>\n\t<meta name=\"twitter:data1\" content=\"1 minuta\" \/>\n<script type=\"application\/ld+json\" class=\"yoast-schema-graph\">{\"@context\":\"https:\/\/schema.org\",\"@graph\":[{\"@type\":\"WebPage\",\"@id\":\"https:\/\/wi.pb.edu.pl\/p\/czeslaw-baginski\/\",\"url\":\"https:\/\/wi.pb.edu.pl\/p\/czeslaw-baginski\/\",\"name\":\"dr hab. Czes\u0142aw Bagi\u0144ski - Strony pracownik\u00f3w Wydzia\u0142u Informatyki Politechniki Bia\u0142ostockiej\",\"isPartOf\":{\"@id\":\"https:\/\/wi.pb.edu.pl\/p\/#website\"},\"datePublished\":\"2024-08-20T06:52:52+00:00\",\"dateModified\":\"2024-09-17T07:52:30+00:00\",\"breadcrumb\":{\"@id\":\"https:\/\/wi.pb.edu.pl\/p\/czeslaw-baginski\/#breadcrumb\"},\"inLanguage\":\"pl-PL\",\"potentialAction\":[{\"@type\":\"ReadAction\",\"target\":[\"https:\/\/wi.pb.edu.pl\/p\/czeslaw-baginski\/\"]}]},{\"@type\":\"BreadcrumbList\",\"@id\":\"https:\/\/wi.pb.edu.pl\/p\/czeslaw-baginski\/#breadcrumb\",\"itemListElement\":[{\"@type\":\"ListItem\",\"position\":1,\"name\":\"Strona g\u0142\u00f3wna\",\"item\":\"https:\/\/wi.pb.edu.pl\/p\/\"},{\"@type\":\"ListItem\",\"position\":2,\"name\":\"dr hab. Czes\u0142aw Bagi\u0144ski\"}]},{\"@type\":\"WebSite\",\"@id\":\"https:\/\/wi.pb.edu.pl\/p\/#website\",\"url\":\"https:\/\/wi.pb.edu.pl\/p\/\",\"name\":\"Strony pracownik\u00f3w Wydzia\u0142u Informatyki Politechniki Bia\u0142ostockiej\",\"description\":\"\",\"potentialAction\":[{\"@type\":\"SearchAction\",\"target\":{\"@type\":\"EntryPoint\",\"urlTemplate\":\"https:\/\/wi.pb.edu.pl\/p\/?s={search_term_string}\"},\"query-input\":{\"@type\":\"PropertyValueSpecification\",\"valueRequired\":true,\"valueName\":\"search_term_string\"}}],\"inLanguage\":\"pl-PL\"}]}<\/script>\n<!-- \/ Yoast SEO plugin. -->","yoast_head_json":{"title":"dr hab. Czes\u0142aw Bagi\u0144ski - Strony pracownik\u00f3w Wydzia\u0142u Informatyki Politechniki Bia\u0142ostockiej","robots":{"index":"index","follow":"follow","max-snippet":"max-snippet:-1","max-image-preview":"max-image-preview:large","max-video-preview":"max-video-preview:-1"},"canonical":"https:\/\/wi.pb.edu.pl\/p\/czeslaw-baginski\/","og_locale":"pl_PL","og_type":"article","og_title":"dr hab. Czes\u0142aw Bagi\u0144ski - Strony pracownik\u00f3w Wydzia\u0142u Informatyki Politechniki Bia\u0142ostockiej","og_description":"Struktura organizacyjna: Katedra Informatyki Teoretycznej Stanowisko: profesor uczelni E-mail: Telefon: 85 746 97 59 Pok\u00f3j:wi\u0119cej","og_url":"https:\/\/wi.pb.edu.pl\/p\/czeslaw-baginski\/","og_site_name":"Strony pracownik\u00f3w Wydzia\u0142u Informatyki Politechniki Bia\u0142ostockiej","article_modified_time":"2024-09-17T07:52:30+00:00","twitter_card":"summary_large_image","twitter_misc":{"Szacowany czas czytania":"1 minuta"},"schema":{"@context":"https:\/\/schema.org","@graph":[{"@type":"WebPage","@id":"https:\/\/wi.pb.edu.pl\/p\/czeslaw-baginski\/","url":"https:\/\/wi.pb.edu.pl\/p\/czeslaw-baginski\/","name":"dr hab. Czes\u0142aw Bagi\u0144ski - Strony pracownik\u00f3w Wydzia\u0142u Informatyki Politechniki Bia\u0142ostockiej","isPartOf":{"@id":"https:\/\/wi.pb.edu.pl\/p\/#website"},"datePublished":"2024-08-20T06:52:52+00:00","dateModified":"2024-09-17T07:52:30+00:00","breadcrumb":{"@id":"https:\/\/wi.pb.edu.pl\/p\/czeslaw-baginski\/#breadcrumb"},"inLanguage":"pl-PL","potentialAction":[{"@type":"ReadAction","target":["https:\/\/wi.pb.edu.pl\/p\/czeslaw-baginski\/"]}]},{"@type":"BreadcrumbList","@id":"https:\/\/wi.pb.edu.pl\/p\/czeslaw-baginski\/#breadcrumb","itemListElement":[{"@type":"ListItem","position":1,"name":"Strona g\u0142\u00f3wna","item":"https:\/\/wi.pb.edu.pl\/p\/"},{"@type":"ListItem","position":2,"name":"dr hab. Czes\u0142aw Bagi\u0144ski"}]},{"@type":"WebSite","@id":"https:\/\/wi.pb.edu.pl\/p\/#website","url":"https:\/\/wi.pb.edu.pl\/p\/","name":"Strony pracownik\u00f3w Wydzia\u0142u Informatyki Politechniki Bia\u0142ostockiej","description":"","potentialAction":[{"@type":"SearchAction","target":{"@type":"EntryPoint","urlTemplate":"https:\/\/wi.pb.edu.pl\/p\/?s={search_term_string}"},"query-input":{"@type":"PropertyValueSpecification","valueRequired":true,"valueName":"search_term_string"}}],"inLanguage":"pl-PL"}]}},"_links":{"self":[{"href":"https:\/\/wi.pb.edu.pl\/p\/wp-json\/wp\/v2\/pages\/1768","targetHints":{"allow":["GET"]}}],"collection":[{"href":"https:\/\/wi.pb.edu.pl\/p\/wp-json\/wp\/v2\/pages"}],"about":[{"href":"https:\/\/wi.pb.edu.pl\/p\/wp-json\/wp\/v2\/types\/page"}],"author":[{"embeddable":true,"href":"https:\/\/wi.pb.edu.pl\/p\/wp-json\/wp\/v2\/users\/14"}],"replies":[{"embeddable":true,"href":"https:\/\/wi.pb.edu.pl\/p\/wp-json\/wp\/v2\/comments?post=1768"}],"version-history":[{"count":1,"href":"https:\/\/wi.pb.edu.pl\/p\/wp-json\/wp\/v2\/pages\/1768\/revisions"}],"predecessor-version":[{"id":1769,"href":"https:\/\/wi.pb.edu.pl\/p\/wp-json\/wp\/v2\/pages\/1768\/revisions\/1769"}],"wp:attachment":[{"href":"https:\/\/wi.pb.edu.pl\/p\/wp-json\/wp\/v2\/media?parent=1768"}],"curies":[{"name":"wp","href":"https:\/\/api.w.org\/{rel}","templated":true}]}}