{"id":1776,"date":"2024-08-20T08:59:07","date_gmt":"2024-08-20T06:59:07","guid":{"rendered":"https:\/\/wi.pb.edu.pl\/p\/?page_id=1776"},"modified":"2024-09-17T09:54:21","modified_gmt":"2024-09-17T07:54:21","slug":"joanna-karbowska-chilinska","status":"publish","type":"page","link":"https:\/\/wi.pb.edu.pl\/p\/joanna-karbowska-chilinska\/","title":{"rendered":"dr Joanna Karbowska-Chili\u0144ska"},"content":{"rendered":"<div class=\"table-responsive\">\n<table class=\"table table-bordered\">\n<tbody>\n<tr>\n<td>Struktura organizacyjna:<\/td>\n<td>Katedra Informatyki Teoretycznej<\/td>\n<\/tr>\n<tr>\n<td>Stanowisko:<\/td>\n<td>adiunkt dydaktyczny<\/td>\n<\/tr>\n<tr>\n<td>E-mail:<\/td>\n<td class=\"pedx\"><a href=\"#\" rel=\"nofollow\"  onclick=\"this.href='mailto:' + 'j.karbowska' + '@' + 'pb.edu.pl'\">j.karbowska [at] pb.edu.pl<\/a><\/td>\n<\/tr>\n<tr>\n<td>Telefon:<\/td>\n<td>85 746 90 59<\/td>\n<\/tr>\n<tr>\n<td>Pok\u00f3j:<\/td>\n<td>A208 (211)<\/td>\n<\/tr>\n<tr>\n<td><a href=\"https:\/\/degra.wi.pb.edu.pl\/rozklady\/rozklad.php?id=63&amp;page=nau&amp;submit=\" target=\"blank\" rel=\"noopener\">Rozk\u0142ad zaj\u0119\u0107<\/a><\/td>\n<td>&nbsp;<\/td>\n<\/tr>\n<tr>\n<td><a href=\"https:\/\/bazawiedzy.pb.edu.pl\/info.seam?id=BUTe023d5dded194a75942c5311a1317cf6&amp;affil=&amp;lang=pl\" target=\"blank\" rel=\"noopener\">Publikacje<\/a><\/td>\n<td>&nbsp;<\/td>\n<\/tr>\n<tr>\n<td colspan=\"2\">\n<div>\n<p>Absolwentka Wydzia\u0142u Matematyki Uniwersytetu w Bia\u0142ymstoku. Prac\u0119 doktorsk\u0105 obroni\u0142a na Wydziale Informatyki w dziedzinie nauk technicznych, specjalno\u015b\u0107 informatyka.<\/p>\n<p>Zainteresowania naukowe obejmuj\u0105: heurystyczne rozwi\u0105zania problem\u00f3w optymalizacyjnych z dziedziny transportu, logistyki, turystyki (m.in: r\u00f3\u017cne odmiany Orienteering Problem, Vehicle Routing Problem).<\/p>\n<p>Prowadzi zaj\u0119cia z: matematyki dyskretnej, logiki, algorytm\u00f3w i struktur danych.<\/p>\n<\/div>\n<\/td>\n<\/tr>\n<\/tbody>\n<\/table>\n<\/div>\n","protected":false},"excerpt":{"rendered":"<p>Struktura organizacyjna: Katedra Informatyki Teoretycznej Stanowisko: adiunkt dydaktyczny E-mail: Telefon: 85 746 90 59 Pok\u00f3j:<a class=\"read-more\" href=\"https:\/\/wi.pb.edu.pl\/p\/joanna-karbowska-chilinska\/\" title=\"Poka\u017c artyku\u0142 dr Joanna Karbowska-Chili\u0144ska\">wi\u0119cej<\/a><\/p>\n","protected":false},"author":14,"featured_media":0,"parent":0,"menu_order":0,"comment_status":"closed","ping_status":"closed","template":"","meta":{"inline_featured_image":false,"ngg_post_thumbnail":0,"footnotes":""},"class_list":["post-1776","page","type-page","status-publish","hentry"],"acf":[],"yoast_head":"<!-- This site is optimized with the Yoast SEO plugin v26.4 - https:\/\/yoast.com\/wordpress\/plugins\/seo\/ -->\n<title>dr Joanna Karbowska-Chili\u0144ska - Strony pracownik\u00f3w Wydzia\u0142u Informatyki Politechniki Bia\u0142ostockiej<\/title>\n<meta name=\"robots\" content=\"index, follow, max-snippet:-1, max-image-preview:large, max-video-preview:-1\" \/>\n<link rel=\"canonical\" href=\"https:\/\/wi.pb.edu.pl\/p\/joanna-karbowska-chilinska\/\" \/>\n<meta property=\"og:locale\" content=\"pl_PL\" \/>\n<meta property=\"og:type\" content=\"article\" \/>\n<meta property=\"og:title\" content=\"dr Joanna Karbowska-Chili\u0144ska - Strony pracownik\u00f3w Wydzia\u0142u Informatyki Politechniki Bia\u0142ostockiej\" \/>\n<meta property=\"og:description\" content=\"Struktura organizacyjna: Katedra Informatyki Teoretycznej Stanowisko: adiunkt dydaktyczny E-mail: Telefon: 85 746 90 59 Pok\u00f3j:wi\u0119cej\" \/>\n<meta property=\"og:url\" content=\"https:\/\/wi.pb.edu.pl\/p\/joanna-karbowska-chilinska\/\" \/>\n<meta property=\"og:site_name\" content=\"Strony pracownik\u00f3w Wydzia\u0142u Informatyki Politechniki Bia\u0142ostockiej\" \/>\n<meta property=\"article:modified_time\" content=\"2024-09-17T07:54:21+00:00\" \/>\n<meta name=\"twitter:card\" content=\"summary_large_image\" \/>\n<meta name=\"twitter:label1\" content=\"Szacowany czas czytania\" \/>\n\t<meta name=\"twitter:data1\" content=\"1 minuta\" \/>\n<script type=\"application\/ld+json\" class=\"yoast-schema-graph\">{\"@context\":\"https:\/\/schema.org\",\"@graph\":[{\"@type\":\"WebPage\",\"@id\":\"https:\/\/wi.pb.edu.pl\/p\/joanna-karbowska-chilinska\/\",\"url\":\"https:\/\/wi.pb.edu.pl\/p\/joanna-karbowska-chilinska\/\",\"name\":\"dr Joanna Karbowska-Chili\u0144ska - Strony pracownik\u00f3w Wydzia\u0142u Informatyki Politechniki Bia\u0142ostockiej\",\"isPartOf\":{\"@id\":\"https:\/\/wi.pb.edu.pl\/p\/#website\"},\"datePublished\":\"2024-08-20T06:59:07+00:00\",\"dateModified\":\"2024-09-17T07:54:21+00:00\",\"breadcrumb\":{\"@id\":\"https:\/\/wi.pb.edu.pl\/p\/joanna-karbowska-chilinska\/#breadcrumb\"},\"inLanguage\":\"pl-PL\",\"potentialAction\":[{\"@type\":\"ReadAction\",\"target\":[\"https:\/\/wi.pb.edu.pl\/p\/joanna-karbowska-chilinska\/\"]}]},{\"@type\":\"BreadcrumbList\",\"@id\":\"https:\/\/wi.pb.edu.pl\/p\/joanna-karbowska-chilinska\/#breadcrumb\",\"itemListElement\":[{\"@type\":\"ListItem\",\"position\":1,\"name\":\"Strona g\u0142\u00f3wna\",\"item\":\"https:\/\/wi.pb.edu.pl\/p\/\"},{\"@type\":\"ListItem\",\"position\":2,\"name\":\"dr Joanna Karbowska-Chili\u0144ska\"}]},{\"@type\":\"WebSite\",\"@id\":\"https:\/\/wi.pb.edu.pl\/p\/#website\",\"url\":\"https:\/\/wi.pb.edu.pl\/p\/\",\"name\":\"Strony pracownik\u00f3w Wydzia\u0142u Informatyki Politechniki Bia\u0142ostockiej\",\"description\":\"\",\"potentialAction\":[{\"@type\":\"SearchAction\",\"target\":{\"@type\":\"EntryPoint\",\"urlTemplate\":\"https:\/\/wi.pb.edu.pl\/p\/?s={search_term_string}\"},\"query-input\":{\"@type\":\"PropertyValueSpecification\",\"valueRequired\":true,\"valueName\":\"search_term_string\"}}],\"inLanguage\":\"pl-PL\"}]}<\/script>\n<!-- \/ Yoast SEO plugin. -->","yoast_head_json":{"title":"dr Joanna Karbowska-Chili\u0144ska - Strony pracownik\u00f3w Wydzia\u0142u Informatyki Politechniki Bia\u0142ostockiej","robots":{"index":"index","follow":"follow","max-snippet":"max-snippet:-1","max-image-preview":"max-image-preview:large","max-video-preview":"max-video-preview:-1"},"canonical":"https:\/\/wi.pb.edu.pl\/p\/joanna-karbowska-chilinska\/","og_locale":"pl_PL","og_type":"article","og_title":"dr Joanna Karbowska-Chili\u0144ska - Strony pracownik\u00f3w Wydzia\u0142u Informatyki Politechniki Bia\u0142ostockiej","og_description":"Struktura organizacyjna: Katedra Informatyki Teoretycznej Stanowisko: adiunkt dydaktyczny E-mail: Telefon: 85 746 90 59 Pok\u00f3j:wi\u0119cej","og_url":"https:\/\/wi.pb.edu.pl\/p\/joanna-karbowska-chilinska\/","og_site_name":"Strony pracownik\u00f3w Wydzia\u0142u Informatyki Politechniki Bia\u0142ostockiej","article_modified_time":"2024-09-17T07:54:21+00:00","twitter_card":"summary_large_image","twitter_misc":{"Szacowany czas czytania":"1 minuta"},"schema":{"@context":"https:\/\/schema.org","@graph":[{"@type":"WebPage","@id":"https:\/\/wi.pb.edu.pl\/p\/joanna-karbowska-chilinska\/","url":"https:\/\/wi.pb.edu.pl\/p\/joanna-karbowska-chilinska\/","name":"dr Joanna Karbowska-Chili\u0144ska - Strony pracownik\u00f3w Wydzia\u0142u Informatyki Politechniki Bia\u0142ostockiej","isPartOf":{"@id":"https:\/\/wi.pb.edu.pl\/p\/#website"},"datePublished":"2024-08-20T06:59:07+00:00","dateModified":"2024-09-17T07:54:21+00:00","breadcrumb":{"@id":"https:\/\/wi.pb.edu.pl\/p\/joanna-karbowska-chilinska\/#breadcrumb"},"inLanguage":"pl-PL","potentialAction":[{"@type":"ReadAction","target":["https:\/\/wi.pb.edu.pl\/p\/joanna-karbowska-chilinska\/"]}]},{"@type":"BreadcrumbList","@id":"https:\/\/wi.pb.edu.pl\/p\/joanna-karbowska-chilinska\/#breadcrumb","itemListElement":[{"@type":"ListItem","position":1,"name":"Strona g\u0142\u00f3wna","item":"https:\/\/wi.pb.edu.pl\/p\/"},{"@type":"ListItem","position":2,"name":"dr Joanna Karbowska-Chili\u0144ska"}]},{"@type":"WebSite","@id":"https:\/\/wi.pb.edu.pl\/p\/#website","url":"https:\/\/wi.pb.edu.pl\/p\/","name":"Strony pracownik\u00f3w Wydzia\u0142u Informatyki Politechniki Bia\u0142ostockiej","description":"","potentialAction":[{"@type":"SearchAction","target":{"@type":"EntryPoint","urlTemplate":"https:\/\/wi.pb.edu.pl\/p\/?s={search_term_string}"},"query-input":{"@type":"PropertyValueSpecification","valueRequired":true,"valueName":"search_term_string"}}],"inLanguage":"pl-PL"}]}},"_links":{"self":[{"href":"https:\/\/wi.pb.edu.pl\/p\/wp-json\/wp\/v2\/pages\/1776","targetHints":{"allow":["GET"]}}],"collection":[{"href":"https:\/\/wi.pb.edu.pl\/p\/wp-json\/wp\/v2\/pages"}],"about":[{"href":"https:\/\/wi.pb.edu.pl\/p\/wp-json\/wp\/v2\/types\/page"}],"author":[{"embeddable":true,"href":"https:\/\/wi.pb.edu.pl\/p\/wp-json\/wp\/v2\/users\/14"}],"replies":[{"embeddable":true,"href":"https:\/\/wi.pb.edu.pl\/p\/wp-json\/wp\/v2\/comments?post=1776"}],"version-history":[{"count":1,"href":"https:\/\/wi.pb.edu.pl\/p\/wp-json\/wp\/v2\/pages\/1776\/revisions"}],"predecessor-version":[{"id":1777,"href":"https:\/\/wi.pb.edu.pl\/p\/wp-json\/wp\/v2\/pages\/1776\/revisions\/1777"}],"wp:attachment":[{"href":"https:\/\/wi.pb.edu.pl\/p\/wp-json\/wp\/v2\/media?parent=1776"}],"curies":[{"name":"wp","href":"https:\/\/api.w.org\/{rel}","templated":true}]}}