{"id":1778,"date":"2024-08-20T09:02:09","date_gmt":"2024-08-20T07:02:09","guid":{"rendered":"https:\/\/wi.pb.edu.pl\/p\/?page_id=1778"},"modified":"2024-09-17T09:54:38","modified_gmt":"2024-09-17T07:54:38","slug":"jolanta-koszelew","status":"publish","type":"page","link":"https:\/\/wi.pb.edu.pl\/p\/jolanta-koszelew\/","title":{"rendered":"dr Jolanta Koszelew"},"content":{"rendered":"<div class=\"table-responsive\">\n<table class=\"table table-bordered\">\n<tbody>\n<tr>\n<td>Struktura organizacyjna:<\/td>\n<td>Katedra Informatyki Teoretycznej<\/td>\n<\/tr>\n<tr>\n<td>Stanowisko:<\/td>\n<td>adiunkt<\/td>\n<\/tr>\n<tr>\n<td>E-mail:<\/td>\n<td><a href=\"#\" rel=\"nofollow\"  onclick=\"this.href='mailto:' + 'j.koszelew' + '@' + 'pb.edu.pl'\">j.koszelew [at] pb.edu.pl<\/a><\/td>\n<\/tr>\n<tr>\n<td>Telefon:<\/td>\n<td>85 746 91 01<\/td>\n<\/tr>\n<tr>\n<td>Pok\u00f3j:<\/td>\n<td>A110 (110)<\/td>\n<\/tr>\n<tr>\n<td><a href=\"http:\/\/degra.pb.bialystok.pl\/rozklady\/rozklad.php?id=5&amp;page=Wy%C5%9Bwietl\" target=\"blank\" rel=\"noopener\">Rozk\u0142ad zaj\u0119\u0107<\/a><\/td>\n<td>&nbsp;<\/td>\n<\/tr>\n<tr>\n<td><a href=\"https:\/\/bazawiedzy.pb.edu.pl\/info.seam?id=BUT82073212c349472db8329d4cb4f49517&amp;affil=&amp;lang=pl\" target=\"blank\" rel=\"noopener\">Publikacje<\/a><\/td>\n<td>&nbsp;<\/td>\n<\/tr>\n<tr>\n<td colspan=\"2\">Doktor nauk matematycznych w dyscyplinie Informatyka, uzyskany w Instytucie Informatyki Teoretycznej Polskiej Akademii Nauk. Realizator i menad\u017cer projekt\u00f3w dydaktycznych i badawczo-rozwojowych. Projekty dydaktyczne zrealizowane przez dr Koszelew dotycz\u0105 innowacyjnych metod nauczania przedmiotu przedsi\u0119biorczo\u015b\u0107 i zosta\u0142y zrealizowane w ramach programu Erasmus + (meles-project.eu). W latach 2017 \u2013 2020 Pani Koszelew pe\u0142ni\u0142a funkcj\u0119 kierownika projektu B+R pt: Autonomous Vessel with an Air Look (avalproject.pl). Celem projektu by\u0142o przeprowadzenie bada\u0144 przemys\u0142owych oraz rozwojowych, kt\u00f3rych efektem jest technologia nawigacji autonomicznego statku morskiego. G\u0142\u00f3wnym elementem technologii AVAL jest system innowacyjnej nawigacji morskiej wykorzystuj\u0105cy, opr\u00f3cz urz\u0105dze\u0144 nawigacyjnych zainstalowanych na statku, dane z obserwacji wizyjnej prowadzonej przez bezza\u0142ogowy statek powietrzny.&nbsp;<\/p>\n<p>Zainteresowania naukowe: optymalizacja wielokryterialna, metody sztucznej inteligencji, badania operacyjne stosowane w logistyce transportu.<\/td>\n<\/tr>\n<\/tbody>\n<\/table>\n<\/div>\n","protected":false},"excerpt":{"rendered":"<p>Struktura organizacyjna: Katedra Informatyki Teoretycznej Stanowisko: adiunkt E-mail: Telefon: 85 746 91 01 Pok\u00f3j: A110<a class=\"read-more\" href=\"https:\/\/wi.pb.edu.pl\/p\/jolanta-koszelew\/\" title=\"Poka\u017c artyku\u0142 dr Jolanta Koszelew\">wi\u0119cej<\/a><\/p>\n","protected":false},"author":14,"featured_media":0,"parent":0,"menu_order":0,"comment_status":"closed","ping_status":"closed","template":"","meta":{"inline_featured_image":false,"ngg_post_thumbnail":0,"footnotes":""},"class_list":["post-1778","page","type-page","status-publish","hentry"],"acf":[],"yoast_head":"<!-- This site is optimized with the Yoast SEO plugin v26.4 - https:\/\/yoast.com\/wordpress\/plugins\/seo\/ -->\n<title>dr Jolanta Koszelew - Strony pracownik\u00f3w Wydzia\u0142u Informatyki Politechniki Bia\u0142ostockiej<\/title>\n<meta name=\"robots\" content=\"index, follow, max-snippet:-1, max-image-preview:large, max-video-preview:-1\" \/>\n<link rel=\"canonical\" href=\"https:\/\/wi.pb.edu.pl\/p\/jolanta-koszelew\/\" \/>\n<meta property=\"og:locale\" content=\"pl_PL\" \/>\n<meta property=\"og:type\" content=\"article\" \/>\n<meta property=\"og:title\" content=\"dr Jolanta Koszelew - Strony pracownik\u00f3w Wydzia\u0142u Informatyki Politechniki Bia\u0142ostockiej\" \/>\n<meta property=\"og:description\" content=\"Struktura organizacyjna: Katedra Informatyki Teoretycznej Stanowisko: adiunkt E-mail: Telefon: 85 746 91 01 Pok\u00f3j: A110wi\u0119cej\" \/>\n<meta property=\"og:url\" content=\"https:\/\/wi.pb.edu.pl\/p\/jolanta-koszelew\/\" \/>\n<meta property=\"og:site_name\" content=\"Strony pracownik\u00f3w Wydzia\u0142u Informatyki Politechniki Bia\u0142ostockiej\" \/>\n<meta property=\"article:modified_time\" content=\"2024-09-17T07:54:38+00:00\" \/>\n<meta name=\"twitter:card\" content=\"summary_large_image\" \/>\n<meta name=\"twitter:label1\" content=\"Szacowany czas czytania\" \/>\n\t<meta name=\"twitter:data1\" content=\"1 minuta\" \/>\n<script type=\"application\/ld+json\" class=\"yoast-schema-graph\">{\"@context\":\"https:\/\/schema.org\",\"@graph\":[{\"@type\":\"WebPage\",\"@id\":\"https:\/\/wi.pb.edu.pl\/p\/jolanta-koszelew\/\",\"url\":\"https:\/\/wi.pb.edu.pl\/p\/jolanta-koszelew\/\",\"name\":\"dr Jolanta Koszelew - Strony pracownik\u00f3w Wydzia\u0142u Informatyki Politechniki Bia\u0142ostockiej\",\"isPartOf\":{\"@id\":\"https:\/\/wi.pb.edu.pl\/p\/#website\"},\"datePublished\":\"2024-08-20T07:02:09+00:00\",\"dateModified\":\"2024-09-17T07:54:38+00:00\",\"breadcrumb\":{\"@id\":\"https:\/\/wi.pb.edu.pl\/p\/jolanta-koszelew\/#breadcrumb\"},\"inLanguage\":\"pl-PL\",\"potentialAction\":[{\"@type\":\"ReadAction\",\"target\":[\"https:\/\/wi.pb.edu.pl\/p\/jolanta-koszelew\/\"]}]},{\"@type\":\"BreadcrumbList\",\"@id\":\"https:\/\/wi.pb.edu.pl\/p\/jolanta-koszelew\/#breadcrumb\",\"itemListElement\":[{\"@type\":\"ListItem\",\"position\":1,\"name\":\"Strona g\u0142\u00f3wna\",\"item\":\"https:\/\/wi.pb.edu.pl\/p\/\"},{\"@type\":\"ListItem\",\"position\":2,\"name\":\"dr Jolanta Koszelew\"}]},{\"@type\":\"WebSite\",\"@id\":\"https:\/\/wi.pb.edu.pl\/p\/#website\",\"url\":\"https:\/\/wi.pb.edu.pl\/p\/\",\"name\":\"Strony pracownik\u00f3w Wydzia\u0142u Informatyki Politechniki Bia\u0142ostockiej\",\"description\":\"\",\"potentialAction\":[{\"@type\":\"SearchAction\",\"target\":{\"@type\":\"EntryPoint\",\"urlTemplate\":\"https:\/\/wi.pb.edu.pl\/p\/?s={search_term_string}\"},\"query-input\":{\"@type\":\"PropertyValueSpecification\",\"valueRequired\":true,\"valueName\":\"search_term_string\"}}],\"inLanguage\":\"pl-PL\"}]}<\/script>\n<!-- \/ Yoast SEO plugin. -->","yoast_head_json":{"title":"dr Jolanta Koszelew - Strony pracownik\u00f3w Wydzia\u0142u Informatyki Politechniki Bia\u0142ostockiej","robots":{"index":"index","follow":"follow","max-snippet":"max-snippet:-1","max-image-preview":"max-image-preview:large","max-video-preview":"max-video-preview:-1"},"canonical":"https:\/\/wi.pb.edu.pl\/p\/jolanta-koszelew\/","og_locale":"pl_PL","og_type":"article","og_title":"dr Jolanta Koszelew - Strony pracownik\u00f3w Wydzia\u0142u Informatyki Politechniki Bia\u0142ostockiej","og_description":"Struktura organizacyjna: Katedra Informatyki Teoretycznej Stanowisko: adiunkt E-mail: Telefon: 85 746 91 01 Pok\u00f3j: A110wi\u0119cej","og_url":"https:\/\/wi.pb.edu.pl\/p\/jolanta-koszelew\/","og_site_name":"Strony pracownik\u00f3w Wydzia\u0142u Informatyki Politechniki Bia\u0142ostockiej","article_modified_time":"2024-09-17T07:54:38+00:00","twitter_card":"summary_large_image","twitter_misc":{"Szacowany czas czytania":"1 minuta"},"schema":{"@context":"https:\/\/schema.org","@graph":[{"@type":"WebPage","@id":"https:\/\/wi.pb.edu.pl\/p\/jolanta-koszelew\/","url":"https:\/\/wi.pb.edu.pl\/p\/jolanta-koszelew\/","name":"dr Jolanta Koszelew - Strony pracownik\u00f3w Wydzia\u0142u Informatyki Politechniki Bia\u0142ostockiej","isPartOf":{"@id":"https:\/\/wi.pb.edu.pl\/p\/#website"},"datePublished":"2024-08-20T07:02:09+00:00","dateModified":"2024-09-17T07:54:38+00:00","breadcrumb":{"@id":"https:\/\/wi.pb.edu.pl\/p\/jolanta-koszelew\/#breadcrumb"},"inLanguage":"pl-PL","potentialAction":[{"@type":"ReadAction","target":["https:\/\/wi.pb.edu.pl\/p\/jolanta-koszelew\/"]}]},{"@type":"BreadcrumbList","@id":"https:\/\/wi.pb.edu.pl\/p\/jolanta-koszelew\/#breadcrumb","itemListElement":[{"@type":"ListItem","position":1,"name":"Strona g\u0142\u00f3wna","item":"https:\/\/wi.pb.edu.pl\/p\/"},{"@type":"ListItem","position":2,"name":"dr Jolanta Koszelew"}]},{"@type":"WebSite","@id":"https:\/\/wi.pb.edu.pl\/p\/#website","url":"https:\/\/wi.pb.edu.pl\/p\/","name":"Strony pracownik\u00f3w Wydzia\u0142u Informatyki Politechniki Bia\u0142ostockiej","description":"","potentialAction":[{"@type":"SearchAction","target":{"@type":"EntryPoint","urlTemplate":"https:\/\/wi.pb.edu.pl\/p\/?s={search_term_string}"},"query-input":{"@type":"PropertyValueSpecification","valueRequired":true,"valueName":"search_term_string"}}],"inLanguage":"pl-PL"}]}},"_links":{"self":[{"href":"https:\/\/wi.pb.edu.pl\/p\/wp-json\/wp\/v2\/pages\/1778","targetHints":{"allow":["GET"]}}],"collection":[{"href":"https:\/\/wi.pb.edu.pl\/p\/wp-json\/wp\/v2\/pages"}],"about":[{"href":"https:\/\/wi.pb.edu.pl\/p\/wp-json\/wp\/v2\/types\/page"}],"author":[{"embeddable":true,"href":"https:\/\/wi.pb.edu.pl\/p\/wp-json\/wp\/v2\/users\/14"}],"replies":[{"embeddable":true,"href":"https:\/\/wi.pb.edu.pl\/p\/wp-json\/wp\/v2\/comments?post=1778"}],"version-history":[{"count":1,"href":"https:\/\/wi.pb.edu.pl\/p\/wp-json\/wp\/v2\/pages\/1778\/revisions"}],"predecessor-version":[{"id":1779,"href":"https:\/\/wi.pb.edu.pl\/p\/wp-json\/wp\/v2\/pages\/1778\/revisions\/1779"}],"wp:attachment":[{"href":"https:\/\/wi.pb.edu.pl\/p\/wp-json\/wp\/v2\/media?parent=1778"}],"curies":[{"name":"wp","href":"https:\/\/api.w.org\/{rel}","templated":true}]}}