{"id":1791,"date":"2024-08-20T12:35:47","date_gmt":"2024-08-20T10:35:47","guid":{"rendered":"https:\/\/wi.pb.edu.pl\/p\/?page_id=1791"},"modified":"2024-09-16T13:17:12","modified_gmt":"2024-09-16T11:17:12","slug":"adam-borowicz","status":"publish","type":"page","link":"https:\/\/wi.pb.edu.pl\/p\/adam-borowicz\/","title":{"rendered":"dr in\u017c. Adam Borowicz"},"content":{"rendered":"<div class=\"table-responsive\">\n<table class=\"table table-bordered\">\n<tbody>\n<tr>\n<td>Struktura organizacyjna:<\/td>\n<td>Katedra Medi\u00f3w Cyfrowych i Grafiki Komputerowej<\/td>\n<\/tr>\n<tr>\n<td>Stanowisko:<\/td>\n<td>adiunkt<\/td>\n<\/tr>\n<tr>\n<td>E-mail:<\/td>\n<td class=\"pedx\"><a href=\"#\" rel=\"nofollow\"  onclick=\"this.href='mailto:' + 'a.borowicz' + '@' + 'pb.edu.pl'\">a.borowicz [at] pb.edu.pl<\/a><\/td>\n<\/tr>\n<tr>\n<td>Telefon:<\/td>\n<td>85 746 91 08<\/td>\n<\/tr>\n<tr>\n<td>Pok\u00f3j:<\/td>\n<td>C7 (9C)<\/td>\n<\/tr>\n<tr>\n<td><a href=\"http:\/\/degra.pb.bialystok.pl\/rozklady\/rozklad.php?id=45&amp;page=Wy%C5%9Bwietl\" target=\"blank\" rel=\"noopener\">Rozk\u0142ad zaj\u0119\u0107<\/a><\/td>\n<td>&nbsp;<\/td>\n<\/tr>\n<tr>\n<td><a href=\"https:\/\/bazawiedzy.pb.edu.pl\/info.seam?id=BUT71cd440b2a7e45b58d88f44075811634&amp;affil=&amp;lang=pl\" target=\"blank\" rel=\"noopener\">Publikacje<\/a><\/td>\n<td>&nbsp;<\/td>\n<\/tr>\n<tr>\n<td colspan=\"2\">Dr in\u017c. Adam Borowicz (ur. w 1977r.) uzyska\u0142 dyplom magistra in\u017cyniera informatyka w 2002 r. na Wydziale Informatyki Politechniki Bia\u0142ostockiej. W 2008r. na tym samym wydziale uzyska\u0142 stopie\u0144 naukowy doktora nauk technicznych. Jest autorem ok. 30 publikacji z dziedziny cyfrowego przetwarzania sygna\u0142\u00f3w. G\u0142\u00f3wnym przedmiotem bada\u0144 naukowych doktora Borowicza s\u0105 jednokana\u0142owe metody redukcji zak\u0142\u00f3ce\u0144 w sygnale mowy, w szczeg\u00f3lno\u015bci optymalizacja algorytm\u00f3w w oparciu o nietypowe transformaty i zjawiska psychoakustyczne oraz ich zastosowania w systemach multimedialnych i telekomunikacyjnych. W obr\u0119bie jego zainteresowa\u0144 znajduj\u0105 si\u0119 tak\u017ce zagadnienia zwi\u0105zane z przetwarzaniem sygna\u0142\u00f3w wielokana\u0142owych w tym zapis\u00f3w EEG fal m\u00f3zgowych oraz zaawansowane techniki obrazowania danych, wykorzystuj\u0105ce grafik\u0119 3D.<\/td>\n<\/tr>\n<\/tbody>\n<\/table>\n<\/div>\n","protected":false},"excerpt":{"rendered":"<p>Struktura organizacyjna: Katedra Medi\u00f3w Cyfrowych i Grafiki Komputerowej Stanowisko: adiunkt E-mail: Telefon: 85 746 91<a class=\"read-more\" href=\"https:\/\/wi.pb.edu.pl\/p\/adam-borowicz\/\" title=\"Poka\u017c artyku\u0142 dr in\u017c. Adam Borowicz\">wi\u0119cej<\/a><\/p>\n","protected":false},"author":14,"featured_media":0,"parent":0,"menu_order":0,"comment_status":"closed","ping_status":"closed","template":"","meta":{"inline_featured_image":false,"ngg_post_thumbnail":0,"footnotes":""},"class_list":["post-1791","page","type-page","status-publish","hentry"],"acf":[],"yoast_head":"<!-- This site is optimized with the Yoast SEO plugin v26.4 - https:\/\/yoast.com\/wordpress\/plugins\/seo\/ -->\n<title>dr in\u017c. Adam Borowicz - Strony pracownik\u00f3w Wydzia\u0142u Informatyki Politechniki Bia\u0142ostockiej<\/title>\n<meta name=\"robots\" content=\"index, follow, max-snippet:-1, max-image-preview:large, max-video-preview:-1\" \/>\n<link rel=\"canonical\" href=\"https:\/\/wi.pb.edu.pl\/p\/adam-borowicz\/\" \/>\n<meta property=\"og:locale\" content=\"pl_PL\" \/>\n<meta property=\"og:type\" content=\"article\" \/>\n<meta property=\"og:title\" content=\"dr in\u017c. Adam Borowicz - Strony pracownik\u00f3w Wydzia\u0142u Informatyki Politechniki Bia\u0142ostockiej\" \/>\n<meta property=\"og:description\" content=\"Struktura organizacyjna: Katedra Medi\u00f3w Cyfrowych i Grafiki Komputerowej Stanowisko: adiunkt E-mail: Telefon: 85 746 91wi\u0119cej\" \/>\n<meta property=\"og:url\" content=\"https:\/\/wi.pb.edu.pl\/p\/adam-borowicz\/\" \/>\n<meta property=\"og:site_name\" content=\"Strony pracownik\u00f3w Wydzia\u0142u Informatyki Politechniki Bia\u0142ostockiej\" \/>\n<meta property=\"article:modified_time\" content=\"2024-09-16T11:17:12+00:00\" \/>\n<meta name=\"twitter:card\" content=\"summary_large_image\" \/>\n<meta name=\"twitter:label1\" content=\"Szacowany czas czytania\" \/>\n\t<meta name=\"twitter:data1\" content=\"1 minuta\" \/>\n<script type=\"application\/ld+json\" class=\"yoast-schema-graph\">{\"@context\":\"https:\/\/schema.org\",\"@graph\":[{\"@type\":\"WebPage\",\"@id\":\"https:\/\/wi.pb.edu.pl\/p\/adam-borowicz\/\",\"url\":\"https:\/\/wi.pb.edu.pl\/p\/adam-borowicz\/\",\"name\":\"dr in\u017c. Adam Borowicz - Strony pracownik\u00f3w Wydzia\u0142u Informatyki Politechniki Bia\u0142ostockiej\",\"isPartOf\":{\"@id\":\"https:\/\/wi.pb.edu.pl\/p\/#website\"},\"datePublished\":\"2024-08-20T10:35:47+00:00\",\"dateModified\":\"2024-09-16T11:17:12+00:00\",\"breadcrumb\":{\"@id\":\"https:\/\/wi.pb.edu.pl\/p\/adam-borowicz\/#breadcrumb\"},\"inLanguage\":\"pl-PL\",\"potentialAction\":[{\"@type\":\"ReadAction\",\"target\":[\"https:\/\/wi.pb.edu.pl\/p\/adam-borowicz\/\"]}]},{\"@type\":\"BreadcrumbList\",\"@id\":\"https:\/\/wi.pb.edu.pl\/p\/adam-borowicz\/#breadcrumb\",\"itemListElement\":[{\"@type\":\"ListItem\",\"position\":1,\"name\":\"Strona g\u0142\u00f3wna\",\"item\":\"https:\/\/wi.pb.edu.pl\/p\/\"},{\"@type\":\"ListItem\",\"position\":2,\"name\":\"dr in\u017c. Adam Borowicz\"}]},{\"@type\":\"WebSite\",\"@id\":\"https:\/\/wi.pb.edu.pl\/p\/#website\",\"url\":\"https:\/\/wi.pb.edu.pl\/p\/\",\"name\":\"Strony pracownik\u00f3w Wydzia\u0142u Informatyki Politechniki Bia\u0142ostockiej\",\"description\":\"\",\"potentialAction\":[{\"@type\":\"SearchAction\",\"target\":{\"@type\":\"EntryPoint\",\"urlTemplate\":\"https:\/\/wi.pb.edu.pl\/p\/?s={search_term_string}\"},\"query-input\":{\"@type\":\"PropertyValueSpecification\",\"valueRequired\":true,\"valueName\":\"search_term_string\"}}],\"inLanguage\":\"pl-PL\"}]}<\/script>\n<!-- \/ Yoast SEO plugin. -->","yoast_head_json":{"title":"dr in\u017c. Adam Borowicz - Strony pracownik\u00f3w Wydzia\u0142u Informatyki Politechniki Bia\u0142ostockiej","robots":{"index":"index","follow":"follow","max-snippet":"max-snippet:-1","max-image-preview":"max-image-preview:large","max-video-preview":"max-video-preview:-1"},"canonical":"https:\/\/wi.pb.edu.pl\/p\/adam-borowicz\/","og_locale":"pl_PL","og_type":"article","og_title":"dr in\u017c. Adam Borowicz - Strony pracownik\u00f3w Wydzia\u0142u Informatyki Politechniki Bia\u0142ostockiej","og_description":"Struktura organizacyjna: Katedra Medi\u00f3w Cyfrowych i Grafiki Komputerowej Stanowisko: adiunkt E-mail: Telefon: 85 746 91wi\u0119cej","og_url":"https:\/\/wi.pb.edu.pl\/p\/adam-borowicz\/","og_site_name":"Strony pracownik\u00f3w Wydzia\u0142u Informatyki Politechniki Bia\u0142ostockiej","article_modified_time":"2024-09-16T11:17:12+00:00","twitter_card":"summary_large_image","twitter_misc":{"Szacowany czas czytania":"1 minuta"},"schema":{"@context":"https:\/\/schema.org","@graph":[{"@type":"WebPage","@id":"https:\/\/wi.pb.edu.pl\/p\/adam-borowicz\/","url":"https:\/\/wi.pb.edu.pl\/p\/adam-borowicz\/","name":"dr in\u017c. Adam Borowicz - Strony pracownik\u00f3w Wydzia\u0142u Informatyki Politechniki Bia\u0142ostockiej","isPartOf":{"@id":"https:\/\/wi.pb.edu.pl\/p\/#website"},"datePublished":"2024-08-20T10:35:47+00:00","dateModified":"2024-09-16T11:17:12+00:00","breadcrumb":{"@id":"https:\/\/wi.pb.edu.pl\/p\/adam-borowicz\/#breadcrumb"},"inLanguage":"pl-PL","potentialAction":[{"@type":"ReadAction","target":["https:\/\/wi.pb.edu.pl\/p\/adam-borowicz\/"]}]},{"@type":"BreadcrumbList","@id":"https:\/\/wi.pb.edu.pl\/p\/adam-borowicz\/#breadcrumb","itemListElement":[{"@type":"ListItem","position":1,"name":"Strona g\u0142\u00f3wna","item":"https:\/\/wi.pb.edu.pl\/p\/"},{"@type":"ListItem","position":2,"name":"dr in\u017c. Adam Borowicz"}]},{"@type":"WebSite","@id":"https:\/\/wi.pb.edu.pl\/p\/#website","url":"https:\/\/wi.pb.edu.pl\/p\/","name":"Strony pracownik\u00f3w Wydzia\u0142u Informatyki Politechniki Bia\u0142ostockiej","description":"","potentialAction":[{"@type":"SearchAction","target":{"@type":"EntryPoint","urlTemplate":"https:\/\/wi.pb.edu.pl\/p\/?s={search_term_string}"},"query-input":{"@type":"PropertyValueSpecification","valueRequired":true,"valueName":"search_term_string"}}],"inLanguage":"pl-PL"}]}},"_links":{"self":[{"href":"https:\/\/wi.pb.edu.pl\/p\/wp-json\/wp\/v2\/pages\/1791","targetHints":{"allow":["GET"]}}],"collection":[{"href":"https:\/\/wi.pb.edu.pl\/p\/wp-json\/wp\/v2\/pages"}],"about":[{"href":"https:\/\/wi.pb.edu.pl\/p\/wp-json\/wp\/v2\/types\/page"}],"author":[{"embeddable":true,"href":"https:\/\/wi.pb.edu.pl\/p\/wp-json\/wp\/v2\/users\/14"}],"replies":[{"embeddable":true,"href":"https:\/\/wi.pb.edu.pl\/p\/wp-json\/wp\/v2\/comments?post=1791"}],"version-history":[{"count":1,"href":"https:\/\/wi.pb.edu.pl\/p\/wp-json\/wp\/v2\/pages\/1791\/revisions"}],"predecessor-version":[{"id":1792,"href":"https:\/\/wi.pb.edu.pl\/p\/wp-json\/wp\/v2\/pages\/1791\/revisions\/1792"}],"wp:attachment":[{"href":"https:\/\/wi.pb.edu.pl\/p\/wp-json\/wp\/v2\/media?parent=1791"}],"curies":[{"name":"wp","href":"https:\/\/api.w.org\/{rel}","templated":true}]}}