{"id":1805,"date":"2024-08-22T08:34:26","date_gmt":"2024-08-22T06:34:26","guid":{"rendered":"https:\/\/wi.pb.edu.pl\/p\/?page_id=1805"},"modified":"2024-09-16T13:27:30","modified_gmt":"2024-09-16T11:27:30","slug":"khalid-saeed","status":"publish","type":"page","link":"https:\/\/wi.pb.edu.pl\/p\/khalid-saeed\/","title":{"rendered":"prof. dr hab. in\u017c. Khalid Saeed"},"content":{"rendered":"<div class=\"table-responsive\">\n<table class=\"table table-bordered\">\n<tbody>\n<tr>\n<td>Struktura organizacyjna:<\/td>\n<td>Katedra Medi\u00f3w Cyfrowych i Grafiki Komputerowej<\/td>\n<\/tr>\n<tr>\n<td>Stanowisko:<\/td>\n<td>profesor<\/td>\n<\/tr>\n<tr>\n<td>E-mail:<\/td>\n<td class=\"pedx\"><span class=\"ds9d87cj\">k.<\/span>saeed<span class=\"ds234f24sd\">@p<\/span>b.edu.pl<\/td>\n<\/tr>\n<tr>\n<td>Telefon:<\/td>\n<td>85 746 91 96<\/td>\n<\/tr>\n<tr>\n<td>Pok\u00f3j:<\/td>\n<td>A108 (108)<\/td>\n<\/tr>\n<tr>\n<td><a href=\"http:\/\/degra.pb.bialystok.pl\/rozklady\/rozklad.php?id=43&amp;page=Wy%C5%9Bwietl\" target=\"blank\" rel=\"noopener\">Rozk\u0142ad zaj\u0119\u0107<\/a><\/td>\n<td>&nbsp;<\/td>\n<\/tr>\n<tr>\n<td><a href=\"https:\/\/bazawiedzy.pb.edu.pl\/info.seam?id=BUT07c4d266b45642a5b1e313a44b4def29&amp;affil=&amp;lang=pl\" target=\"blank\" rel=\"noopener\">Publikacje<\/a><\/td>\n<td>&nbsp;<\/td>\n<\/tr>\n<tr>\n<td colspan=\"2\">Khalid Saeed pracuje na Wydziale Informatyki w Politechnice Bia\u0142ostockiej jako profesor zwyczajny w dziedzinie informatyki. W latach 2008-2014 by\u0142 zatrudniony w AGH w Krakowie na stanowisku profesora nadzwyczajnego. Jest on r\u00f3wnie\u017c profesorem nadzwyczajnym na Wydziale Matematyki i Nauk Informacyjnych w Politechnice Warszawskiej.&nbsp;<\/p>\n<p>Studia wy\u017csze uko\u0144czy\u0142 (6.09.1976) na Wydziale Elektrycznym Uniwersytetu Bagdadzkiego uzyskuj\u0105c tytu\u0142 in\u017cyniera elektronika. W 1977 roku rozpocz\u0105\u0142 studia doktoranckie w Instytucie Telekomunikacji i Akustyki Politechniki Wroc\u0142awskiej. Na Wydziale Elektroniki Politechniki Wroc\u0142awskiej, uko\u0144czy\u0142 r\u00f3wnie\u017c (w toku studi\u00f3w indywidualnych) studia magisterskie i uzyska\u0142 (29.06.1978) tytu\u0142 magistra in\u017cyniera elektronika w zakresie elektroniki, specjalno\u015b\u0107 telekomunikacja.<\/p>\n<p>Rada Naukowo-Dydaktyczna Instytutu Telekomunikacji i Akustyki Politechniki Wroc\u0142awskiej nada\u0142a (8.07.1981) mu stopie\u0144 doktora nauk technicznych, w dyscyplinie telekomunikacja, na podstawie obrony wyr\u00f3\u017cnionej rozprawy doktorskiej Tests for positive real functions and matrices.<\/p>\n<p>Stopie\u0144 doktora habilitowanego nauk technicznych, w zakresie informatyki, nada\u0142a (19.06.2007) mu Rada Naukowa Instytutu Podstaw Informatyki PAN na podstawie rozprawy habilitacyjnej Image Analysis for Object Recognition oraz uzyskanego dorobku naukowego. Rozprawa habilitacyjna zosta\u0142a wydana w Wydawnictwie Politechniki Bia\u0142ostockiej, Bia\u0142ystok 2004.<\/p>\n<p>14.08.2014 z r\u0105k Prezydenta Rzeczpospolitej Polskiej otrzyma\u0142 tytu\u0142 profesora.<\/p>\n<p>Jest autorem ponad 200 publikacji \u2013 czasopism naukowych i materia\u0142\u00f3w konferencyjnych, autorem i wsp\u00f3\u0142autorem 13 podr\u0119cznik\u00f3w akademickich i monografii oraz redaktorem 25 ksi\u0105\u017cek naukowych. By\u0142 i jest promotorem ponad 120 prac dyplomowych magisterskich i in\u017cynierskich oraz 15 doktorskich. Wyg\u0142osi\u0142 43 zaproszone wyk\u0142ady w Polsce i zagranic\u0105 \u2013 Chinach, Indiach, Korei, Niemczech, Czechach i Japonii. Za swoj\u0105 dzia\u0142alno\u015b\u0107 naukow\u0105, dydaktyczn\u0105 i organizacyjn\u0105 Saeed otrzyma\u0142 ponad 20 nagr\u00f3d akademickich. Jest cz\u0142onkiem Komitet\u00f3w Naukowych i Programowych ponad 15 czasopism i konferencji naukowych. Zosta\u0142 wybrany jako \u2018IEEE Distinguished Speaker\u2019 kadencj\u0119 2011-2016. Jest redaktorem naczelnym czasopisma IJBM \u2013 International Journal of Biometrics wydanego przez Inderscience w Wielkiej Brytanii.<\/p>\n<p>Obszary zainteresowania Khalida Saeeda to biometria oraz cyfrowe przetwarzanie i analiza obraz\u00f3w.<\/td>\n<\/tr>\n<\/tbody>\n<\/table>\n<\/div>\n","protected":false},"excerpt":{"rendered":"<p>Struktura organizacyjna: Katedra Medi\u00f3w Cyfrowych i Grafiki Komputerowej Stanowisko: profesor E-mail: k.saeed@pb.edu.pl Telefon: 85 746<a class=\"read-more\" href=\"https:\/\/wi.pb.edu.pl\/p\/khalid-saeed\/\" title=\"Poka\u017c artyku\u0142 prof. dr hab. in\u017c. Khalid Saeed\">wi\u0119cej<\/a><\/p>\n","protected":false},"author":14,"featured_media":0,"parent":0,"menu_order":0,"comment_status":"closed","ping_status":"closed","template":"","meta":{"inline_featured_image":false,"ngg_post_thumbnail":0,"footnotes":""},"class_list":["post-1805","page","type-page","status-publish","hentry"],"acf":[],"yoast_head":"<!-- This site is optimized with the Yoast SEO plugin v26.4 - https:\/\/yoast.com\/wordpress\/plugins\/seo\/ -->\n<title>prof. dr hab. in\u017c. Khalid Saeed - Strony pracownik\u00f3w Wydzia\u0142u Informatyki Politechniki Bia\u0142ostockiej<\/title>\n<meta name=\"robots\" content=\"index, follow, max-snippet:-1, max-image-preview:large, max-video-preview:-1\" \/>\n<link rel=\"canonical\" href=\"https:\/\/wi.pb.edu.pl\/p\/khalid-saeed\/\" \/>\n<meta property=\"og:locale\" content=\"pl_PL\" \/>\n<meta property=\"og:type\" content=\"article\" \/>\n<meta property=\"og:title\" content=\"prof. dr hab. in\u017c. Khalid Saeed - Strony pracownik\u00f3w Wydzia\u0142u Informatyki Politechniki Bia\u0142ostockiej\" \/>\n<meta property=\"og:description\" content=\"Struktura organizacyjna: Katedra Medi\u00f3w Cyfrowych i Grafiki Komputerowej Stanowisko: profesor E-mail: k.saeed@pb.edu.pl Telefon: 85 746wi\u0119cej\" \/>\n<meta property=\"og:url\" content=\"https:\/\/wi.pb.edu.pl\/p\/khalid-saeed\/\" \/>\n<meta property=\"og:site_name\" content=\"Strony pracownik\u00f3w Wydzia\u0142u Informatyki Politechniki Bia\u0142ostockiej\" \/>\n<meta property=\"article:modified_time\" content=\"2024-09-16T11:27:30+00:00\" \/>\n<meta name=\"twitter:card\" content=\"summary_large_image\" \/>\n<meta name=\"twitter:label1\" content=\"Szacowany czas czytania\" \/>\n\t<meta name=\"twitter:data1\" content=\"2 minuty\" \/>\n<script type=\"application\/ld+json\" class=\"yoast-schema-graph\">{\"@context\":\"https:\/\/schema.org\",\"@graph\":[{\"@type\":\"WebPage\",\"@id\":\"https:\/\/wi.pb.edu.pl\/p\/khalid-saeed\/\",\"url\":\"https:\/\/wi.pb.edu.pl\/p\/khalid-saeed\/\",\"name\":\"prof. dr hab. in\u017c. Khalid Saeed - Strony pracownik\u00f3w Wydzia\u0142u Informatyki Politechniki Bia\u0142ostockiej\",\"isPartOf\":{\"@id\":\"https:\/\/wi.pb.edu.pl\/p\/#website\"},\"datePublished\":\"2024-08-22T06:34:26+00:00\",\"dateModified\":\"2024-09-16T11:27:30+00:00\",\"breadcrumb\":{\"@id\":\"https:\/\/wi.pb.edu.pl\/p\/khalid-saeed\/#breadcrumb\"},\"inLanguage\":\"pl-PL\",\"potentialAction\":[{\"@type\":\"ReadAction\",\"target\":[\"https:\/\/wi.pb.edu.pl\/p\/khalid-saeed\/\"]}]},{\"@type\":\"BreadcrumbList\",\"@id\":\"https:\/\/wi.pb.edu.pl\/p\/khalid-saeed\/#breadcrumb\",\"itemListElement\":[{\"@type\":\"ListItem\",\"position\":1,\"name\":\"Strona g\u0142\u00f3wna\",\"item\":\"https:\/\/wi.pb.edu.pl\/p\/\"},{\"@type\":\"ListItem\",\"position\":2,\"name\":\"prof. dr hab. in\u017c. Khalid Saeed\"}]},{\"@type\":\"WebSite\",\"@id\":\"https:\/\/wi.pb.edu.pl\/p\/#website\",\"url\":\"https:\/\/wi.pb.edu.pl\/p\/\",\"name\":\"Strony pracownik\u00f3w Wydzia\u0142u Informatyki Politechniki Bia\u0142ostockiej\",\"description\":\"\",\"potentialAction\":[{\"@type\":\"SearchAction\",\"target\":{\"@type\":\"EntryPoint\",\"urlTemplate\":\"https:\/\/wi.pb.edu.pl\/p\/?s={search_term_string}\"},\"query-input\":{\"@type\":\"PropertyValueSpecification\",\"valueRequired\":true,\"valueName\":\"search_term_string\"}}],\"inLanguage\":\"pl-PL\"}]}<\/script>\n<!-- \/ Yoast SEO plugin. -->","yoast_head_json":{"title":"prof. dr hab. in\u017c. Khalid Saeed - Strony pracownik\u00f3w Wydzia\u0142u Informatyki Politechniki Bia\u0142ostockiej","robots":{"index":"index","follow":"follow","max-snippet":"max-snippet:-1","max-image-preview":"max-image-preview:large","max-video-preview":"max-video-preview:-1"},"canonical":"https:\/\/wi.pb.edu.pl\/p\/khalid-saeed\/","og_locale":"pl_PL","og_type":"article","og_title":"prof. dr hab. in\u017c. Khalid Saeed - Strony pracownik\u00f3w Wydzia\u0142u Informatyki Politechniki Bia\u0142ostockiej","og_description":"Struktura organizacyjna: Katedra Medi\u00f3w Cyfrowych i Grafiki Komputerowej Stanowisko: profesor E-mail: k.saeed@pb.edu.pl Telefon: 85 746wi\u0119cej","og_url":"https:\/\/wi.pb.edu.pl\/p\/khalid-saeed\/","og_site_name":"Strony pracownik\u00f3w Wydzia\u0142u Informatyki Politechniki Bia\u0142ostockiej","article_modified_time":"2024-09-16T11:27:30+00:00","twitter_card":"summary_large_image","twitter_misc":{"Szacowany czas czytania":"2 minuty"},"schema":{"@context":"https:\/\/schema.org","@graph":[{"@type":"WebPage","@id":"https:\/\/wi.pb.edu.pl\/p\/khalid-saeed\/","url":"https:\/\/wi.pb.edu.pl\/p\/khalid-saeed\/","name":"prof. dr hab. in\u017c. Khalid Saeed - Strony pracownik\u00f3w Wydzia\u0142u Informatyki Politechniki Bia\u0142ostockiej","isPartOf":{"@id":"https:\/\/wi.pb.edu.pl\/p\/#website"},"datePublished":"2024-08-22T06:34:26+00:00","dateModified":"2024-09-16T11:27:30+00:00","breadcrumb":{"@id":"https:\/\/wi.pb.edu.pl\/p\/khalid-saeed\/#breadcrumb"},"inLanguage":"pl-PL","potentialAction":[{"@type":"ReadAction","target":["https:\/\/wi.pb.edu.pl\/p\/khalid-saeed\/"]}]},{"@type":"BreadcrumbList","@id":"https:\/\/wi.pb.edu.pl\/p\/khalid-saeed\/#breadcrumb","itemListElement":[{"@type":"ListItem","position":1,"name":"Strona g\u0142\u00f3wna","item":"https:\/\/wi.pb.edu.pl\/p\/"},{"@type":"ListItem","position":2,"name":"prof. dr hab. in\u017c. Khalid Saeed"}]},{"@type":"WebSite","@id":"https:\/\/wi.pb.edu.pl\/p\/#website","url":"https:\/\/wi.pb.edu.pl\/p\/","name":"Strony pracownik\u00f3w Wydzia\u0142u Informatyki Politechniki Bia\u0142ostockiej","description":"","potentialAction":[{"@type":"SearchAction","target":{"@type":"EntryPoint","urlTemplate":"https:\/\/wi.pb.edu.pl\/p\/?s={search_term_string}"},"query-input":{"@type":"PropertyValueSpecification","valueRequired":true,"valueName":"search_term_string"}}],"inLanguage":"pl-PL"}]}},"_links":{"self":[{"href":"https:\/\/wi.pb.edu.pl\/p\/wp-json\/wp\/v2\/pages\/1805","targetHints":{"allow":["GET"]}}],"collection":[{"href":"https:\/\/wi.pb.edu.pl\/p\/wp-json\/wp\/v2\/pages"}],"about":[{"href":"https:\/\/wi.pb.edu.pl\/p\/wp-json\/wp\/v2\/types\/page"}],"author":[{"embeddable":true,"href":"https:\/\/wi.pb.edu.pl\/p\/wp-json\/wp\/v2\/users\/14"}],"replies":[{"embeddable":true,"href":"https:\/\/wi.pb.edu.pl\/p\/wp-json\/wp\/v2\/comments?post=1805"}],"version-history":[{"count":1,"href":"https:\/\/wi.pb.edu.pl\/p\/wp-json\/wp\/v2\/pages\/1805\/revisions"}],"predecessor-version":[{"id":1806,"href":"https:\/\/wi.pb.edu.pl\/p\/wp-json\/wp\/v2\/pages\/1805\/revisions\/1806"}],"wp:attachment":[{"href":"https:\/\/wi.pb.edu.pl\/p\/wp-json\/wp\/v2\/media?parent=1805"}],"curies":[{"name":"wp","href":"https:\/\/api.w.org\/{rel}","templated":true}]}}