{"id":1828,"date":"2024-08-22T08:53:24","date_gmt":"2024-08-22T06:53:24","guid":{"rendered":"https:\/\/wi.pb.edu.pl\/p\/?page_id=1828"},"modified":"2024-09-16T13:47:37","modified_gmt":"2024-09-16T11:47:37","slug":"tomasz-grzes","status":"publish","type":"page","link":"https:\/\/wi.pb.edu.pl\/p\/tomasz-grzes\/","title":{"rendered":"dr in\u017c. Tomasz Grze\u015b"},"content":{"rendered":"<div class=\"table-responsive\">\n<table class=\"table table-bordered\">\n<tbody>\n<tr>\n<td>Struktura organizacyjna:<\/td>\n<td>Katedra System\u00f3w Informacyjnych i Sieci Komputerowych<\/td>\n<\/tr>\n<tr>\n<td>Stanowisko:<\/td>\n<td>adiunkt<\/td>\n<\/tr>\n<tr>\n<td>E-mail:<\/td>\n<td>t.grzes@pb.edu.pl<\/td>\n<\/tr>\n<tr>\n<td>Telefon:<\/td>\n<td>85 746 91 60<\/td>\n<\/tr>\n<tr>\n<td>Pok\u00f3j:<\/td>\n<td>A131 (132)<\/td>\n<\/tr>\n<tr>\n<td><a href=\"http:\/\/degra.pb.bialystok.pl\/rozklady\/rozklad.php?id=1&amp;page=Wy%C5%9Bwietl\" target=\"blank\" rel=\"noopener\">Rozk\u0142ad zaj\u0119\u0107<\/a><\/td>\n<td>&nbsp;<\/td>\n<\/tr>\n<tr>\n<td><a href=\"http:\/\/degra.pb.bialystok.pl\/~grzes\/\" target=\"blank\" rel=\"noopener\">Strona www<\/a><\/td>\n<td>&nbsp;<\/td>\n<\/tr>\n<tr>\n<td><a href=\"https:\/\/bazawiedzy.pb.edu.pl\/info.seam?id=BUT3e06cde482de4496a8c8896f2cd904c0&amp;affil=&amp;lang=pl\" target=\"blank\" rel=\"noopener\">Publikacje<\/a><\/td>\n<td>&nbsp;<\/td>\n<\/tr>\n<tr>\n<td colspan=\"2\">Instruktor \u201eCisco Certified Network Associate\u201d. Specjalista od projektowania system\u00f3w wbudowanych na bazie mikrokontroler\u00f3w oraz uk\u0142ad\u00f3w programowalnych. Programista urz\u0105dze\u0144 mobilnych na bazie systemu Android.&nbsp;<\/p>\n<p>Programuje zar\u00f3wno w j\u0119zykach wysokopoziomowych (Java), jak i niskopoziomowych (assembler).<\/td>\n<\/tr>\n<\/tbody>\n<\/table>\n<\/div>\n","protected":false},"excerpt":{"rendered":"<p>Struktura organizacyjna: Katedra System\u00f3w Informacyjnych i Sieci Komputerowych Stanowisko: adiunkt E-mail: t.grzes@pb.edu.pl Telefon: 85 746<a class=\"read-more\" href=\"https:\/\/wi.pb.edu.pl\/p\/tomasz-grzes\/\" title=\"Poka\u017c artyku\u0142 dr in\u017c. Tomasz Grze\u015b\">wi\u0119cej<\/a><\/p>\n","protected":false},"author":14,"featured_media":0,"parent":0,"menu_order":0,"comment_status":"closed","ping_status":"closed","template":"","meta":{"inline_featured_image":false,"ngg_post_thumbnail":0,"footnotes":""},"class_list":["post-1828","page","type-page","status-publish","hentry"],"acf":[],"yoast_head":"<!-- This site is optimized with the Yoast SEO plugin v26.4 - https:\/\/yoast.com\/wordpress\/plugins\/seo\/ -->\n<title>dr in\u017c. Tomasz Grze\u015b - Strony pracownik\u00f3w Wydzia\u0142u Informatyki Politechniki Bia\u0142ostockiej<\/title>\n<meta name=\"robots\" content=\"index, follow, max-snippet:-1, max-image-preview:large, max-video-preview:-1\" \/>\n<link rel=\"canonical\" href=\"https:\/\/wi.pb.edu.pl\/p\/tomasz-grzes\/\" \/>\n<meta property=\"og:locale\" content=\"pl_PL\" \/>\n<meta property=\"og:type\" content=\"article\" \/>\n<meta property=\"og:title\" content=\"dr in\u017c. Tomasz Grze\u015b - Strony pracownik\u00f3w Wydzia\u0142u Informatyki Politechniki Bia\u0142ostockiej\" \/>\n<meta property=\"og:description\" content=\"Struktura organizacyjna: Katedra System\u00f3w Informacyjnych i Sieci Komputerowych Stanowisko: adiunkt E-mail: t.grzes@pb.edu.pl Telefon: 85 746wi\u0119cej\" \/>\n<meta property=\"og:url\" content=\"https:\/\/wi.pb.edu.pl\/p\/tomasz-grzes\/\" \/>\n<meta property=\"og:site_name\" content=\"Strony pracownik\u00f3w Wydzia\u0142u Informatyki Politechniki Bia\u0142ostockiej\" \/>\n<meta property=\"article:modified_time\" content=\"2024-09-16T11:47:37+00:00\" \/>\n<meta name=\"twitter:card\" content=\"summary_large_image\" \/>\n<meta name=\"twitter:label1\" content=\"Szacowany czas czytania\" \/>\n\t<meta name=\"twitter:data1\" content=\"1 minuta\" \/>\n<script type=\"application\/ld+json\" class=\"yoast-schema-graph\">{\"@context\":\"https:\/\/schema.org\",\"@graph\":[{\"@type\":\"WebPage\",\"@id\":\"https:\/\/wi.pb.edu.pl\/p\/tomasz-grzes\/\",\"url\":\"https:\/\/wi.pb.edu.pl\/p\/tomasz-grzes\/\",\"name\":\"dr in\u017c. Tomasz Grze\u015b - Strony pracownik\u00f3w Wydzia\u0142u Informatyki Politechniki Bia\u0142ostockiej\",\"isPartOf\":{\"@id\":\"https:\/\/wi.pb.edu.pl\/p\/#website\"},\"datePublished\":\"2024-08-22T06:53:24+00:00\",\"dateModified\":\"2024-09-16T11:47:37+00:00\",\"breadcrumb\":{\"@id\":\"https:\/\/wi.pb.edu.pl\/p\/tomasz-grzes\/#breadcrumb\"},\"inLanguage\":\"pl-PL\",\"potentialAction\":[{\"@type\":\"ReadAction\",\"target\":[\"https:\/\/wi.pb.edu.pl\/p\/tomasz-grzes\/\"]}]},{\"@type\":\"BreadcrumbList\",\"@id\":\"https:\/\/wi.pb.edu.pl\/p\/tomasz-grzes\/#breadcrumb\",\"itemListElement\":[{\"@type\":\"ListItem\",\"position\":1,\"name\":\"Strona g\u0142\u00f3wna\",\"item\":\"https:\/\/wi.pb.edu.pl\/p\/\"},{\"@type\":\"ListItem\",\"position\":2,\"name\":\"dr in\u017c. Tomasz Grze\u015b\"}]},{\"@type\":\"WebSite\",\"@id\":\"https:\/\/wi.pb.edu.pl\/p\/#website\",\"url\":\"https:\/\/wi.pb.edu.pl\/p\/\",\"name\":\"Strony pracownik\u00f3w Wydzia\u0142u Informatyki Politechniki Bia\u0142ostockiej\",\"description\":\"\",\"potentialAction\":[{\"@type\":\"SearchAction\",\"target\":{\"@type\":\"EntryPoint\",\"urlTemplate\":\"https:\/\/wi.pb.edu.pl\/p\/?s={search_term_string}\"},\"query-input\":{\"@type\":\"PropertyValueSpecification\",\"valueRequired\":true,\"valueName\":\"search_term_string\"}}],\"inLanguage\":\"pl-PL\"}]}<\/script>\n<!-- \/ Yoast SEO plugin. -->","yoast_head_json":{"title":"dr in\u017c. Tomasz Grze\u015b - Strony pracownik\u00f3w Wydzia\u0142u Informatyki Politechniki Bia\u0142ostockiej","robots":{"index":"index","follow":"follow","max-snippet":"max-snippet:-1","max-image-preview":"max-image-preview:large","max-video-preview":"max-video-preview:-1"},"canonical":"https:\/\/wi.pb.edu.pl\/p\/tomasz-grzes\/","og_locale":"pl_PL","og_type":"article","og_title":"dr in\u017c. Tomasz Grze\u015b - Strony pracownik\u00f3w Wydzia\u0142u Informatyki Politechniki Bia\u0142ostockiej","og_description":"Struktura organizacyjna: Katedra System\u00f3w Informacyjnych i Sieci Komputerowych Stanowisko: adiunkt E-mail: t.grzes@pb.edu.pl Telefon: 85 746wi\u0119cej","og_url":"https:\/\/wi.pb.edu.pl\/p\/tomasz-grzes\/","og_site_name":"Strony pracownik\u00f3w Wydzia\u0142u Informatyki Politechniki Bia\u0142ostockiej","article_modified_time":"2024-09-16T11:47:37+00:00","twitter_card":"summary_large_image","twitter_misc":{"Szacowany czas czytania":"1 minuta"},"schema":{"@context":"https:\/\/schema.org","@graph":[{"@type":"WebPage","@id":"https:\/\/wi.pb.edu.pl\/p\/tomasz-grzes\/","url":"https:\/\/wi.pb.edu.pl\/p\/tomasz-grzes\/","name":"dr in\u017c. Tomasz Grze\u015b - Strony pracownik\u00f3w Wydzia\u0142u Informatyki Politechniki Bia\u0142ostockiej","isPartOf":{"@id":"https:\/\/wi.pb.edu.pl\/p\/#website"},"datePublished":"2024-08-22T06:53:24+00:00","dateModified":"2024-09-16T11:47:37+00:00","breadcrumb":{"@id":"https:\/\/wi.pb.edu.pl\/p\/tomasz-grzes\/#breadcrumb"},"inLanguage":"pl-PL","potentialAction":[{"@type":"ReadAction","target":["https:\/\/wi.pb.edu.pl\/p\/tomasz-grzes\/"]}]},{"@type":"BreadcrumbList","@id":"https:\/\/wi.pb.edu.pl\/p\/tomasz-grzes\/#breadcrumb","itemListElement":[{"@type":"ListItem","position":1,"name":"Strona g\u0142\u00f3wna","item":"https:\/\/wi.pb.edu.pl\/p\/"},{"@type":"ListItem","position":2,"name":"dr in\u017c. Tomasz Grze\u015b"}]},{"@type":"WebSite","@id":"https:\/\/wi.pb.edu.pl\/p\/#website","url":"https:\/\/wi.pb.edu.pl\/p\/","name":"Strony pracownik\u00f3w Wydzia\u0142u Informatyki Politechniki Bia\u0142ostockiej","description":"","potentialAction":[{"@type":"SearchAction","target":{"@type":"EntryPoint","urlTemplate":"https:\/\/wi.pb.edu.pl\/p\/?s={search_term_string}"},"query-input":{"@type":"PropertyValueSpecification","valueRequired":true,"valueName":"search_term_string"}}],"inLanguage":"pl-PL"}]}},"_links":{"self":[{"href":"https:\/\/wi.pb.edu.pl\/p\/wp-json\/wp\/v2\/pages\/1828","targetHints":{"allow":["GET"]}}],"collection":[{"href":"https:\/\/wi.pb.edu.pl\/p\/wp-json\/wp\/v2\/pages"}],"about":[{"href":"https:\/\/wi.pb.edu.pl\/p\/wp-json\/wp\/v2\/types\/page"}],"author":[{"embeddable":true,"href":"https:\/\/wi.pb.edu.pl\/p\/wp-json\/wp\/v2\/users\/14"}],"replies":[{"embeddable":true,"href":"https:\/\/wi.pb.edu.pl\/p\/wp-json\/wp\/v2\/comments?post=1828"}],"version-history":[{"count":2,"href":"https:\/\/wi.pb.edu.pl\/p\/wp-json\/wp\/v2\/pages\/1828\/revisions"}],"predecessor-version":[{"id":1852,"href":"https:\/\/wi.pb.edu.pl\/p\/wp-json\/wp\/v2\/pages\/1828\/revisions\/1852"}],"wp:attachment":[{"href":"https:\/\/wi.pb.edu.pl\/p\/wp-json\/wp\/v2\/media?parent=1828"}],"curies":[{"name":"wp","href":"https:\/\/api.w.org\/{rel}","templated":true}]}}