{"id":1840,"date":"2024-08-22T09:01:49","date_gmt":"2024-08-22T07:01:49","guid":{"rendered":"https:\/\/wi.pb.edu.pl\/p\/?page_id=1840"},"modified":"2024-09-16T13:49:51","modified_gmt":"2024-09-16T11:49:51","slug":"jaroslaw-stepaniuk","status":"publish","type":"page","link":"https:\/\/wi.pb.edu.pl\/p\/jaroslaw-stepaniuk\/","title":{"rendered":"prof. dr hab. Jaros\u0142aw Stepaniuk"},"content":{"rendered":"<div class=\"table-responsive\">\n<table class=\"table table-bordered\">\n<tbody>\n<tr>\n<td>Struktura organizacyjna:<\/td>\n<td>Katedra System\u00f3w Informacyjnych i Sieci Komputerowych<\/td>\n<\/tr>\n<tr>\n<td>Stanowisko:<\/td>\n<td>profesor<\/td>\n<\/tr>\n<tr>\n<td>E-mail:<\/td>\n<td class=\"pedx\"><span class=\"ds9d87cj\">j.<\/span>stepaniuk<span class=\"ds234f24sd\">@p<\/span>b.edu.pl<\/td>\n<\/tr>\n<tr>\n<td>Telefon:<\/td>\n<td>85 746 90 54<\/td>\n<\/tr>\n<tr>\n<td>Pok\u00f3j:<\/td>\n<td>A124 (140)<\/td>\n<\/tr>\n<tr>\n<td><a href=\"http:\/\/degra.pb.bialystok.pl\/rozklady\/rozklad.php?id=29&amp;page=Wy%C5%9Bwietl\" target=\"blank\" rel=\"noopener\">Rozk\u0142ad zaj\u0119\u0107<\/a><\/td>\n<td>&nbsp;<\/td>\n<\/tr>\n<tr>\n<td><a href=\"https:\/\/bazawiedzy.pb.edu.pl\/info.seam?id=BUT38c4faf84bb64c8f96e7a40019171504&amp;affil=&amp;lang=pl\" target=\"blank\" rel=\"noopener\">Publikacje<\/a><\/td>\n<td>&nbsp;<\/td>\n<\/tr>\n<tr>\n<td colspan=\"2\">Jaros\u0142aw Stepaniuk pracuje w Politechnice Bia\u0142ostockiej od 1992 roku. Aktualnie kieruje Katedr\u0105 System\u00f3w Informacyjnych i Sieci Komputerowych. W 1994 roku by\u0142 stypendyst\u0105 Fundacji na Rzecz Nauki Polskiej. W latach 2008 \u2013 2011 by\u0142 cz\u0142onkiem Polskiej Komisji Akredytacyjnej, aktualnie jest ekspertem PKA.&nbsp;<\/p>\n<p>Tematyka pracy naukowej Jaros\u0142awa Stepaniuka koncentruje si\u0119 wok\u00f3\u0142 metod i technik sztucznej inteligencji. Wyniki prac zosta\u0142y opublikowane w takich czasopismach jak \u201eInformation Sciences\u201d, \u201eJournal of Experimental and Theoretical Artificial Intelligence\u201d, \u201eComputational Intelligence\u201d, \u201eInternational Journal of Intelligent Systems\u201d, \u201eFundamenta Informaticae\u201d oraz \u201eApplied Soft Computing\u201d. Jest on r\u00f3wnie\u017c autorem monografii pt. \u201eRough \u2013 Granular Computing in Knowledge Discovery and Data Mining\u201d opublikowanej w ramach serii \u201eStudies in Computational Intelligence\u201d przez wydawnictwo Springer.<\/p>\n<p>Stopie\u0144 naukowy doktora uzyska\u0142 na Wydziale Matematyki, Informatyki i Mechaniki Uniwersytetu Warszawskiego, natomiast stopie\u0144 naukowy doktora habilitowanego w Instytucie Podstaw Informatyki Polskiej Akademii Nauk w Warszawie. Prezydent Rzeczypospolitej Polskiej nada\u0142 Jaros\u0142awowi Stepaniukowi tytu\u0142 profesora nauk technicznych na wniosek Instytutu Podstaw Informatyki PAN.<\/td>\n<\/tr>\n<\/tbody>\n<\/table>\n<\/div>\n","protected":false},"excerpt":{"rendered":"<p>Struktura organizacyjna: Katedra System\u00f3w Informacyjnych i Sieci Komputerowych Stanowisko: profesor E-mail: j.stepaniuk@pb.edu.pl Telefon: 85 746<a class=\"read-more\" href=\"https:\/\/wi.pb.edu.pl\/p\/jaroslaw-stepaniuk\/\" title=\"Poka\u017c artyku\u0142 prof. dr hab. Jaros\u0142aw Stepaniuk\">wi\u0119cej<\/a><\/p>\n","protected":false},"author":14,"featured_media":0,"parent":0,"menu_order":0,"comment_status":"closed","ping_status":"closed","template":"","meta":{"inline_featured_image":false,"ngg_post_thumbnail":0,"footnotes":""},"class_list":["post-1840","page","type-page","status-publish","hentry"],"acf":[],"yoast_head":"<!-- This site is optimized with the Yoast SEO plugin v26.4 - https:\/\/yoast.com\/wordpress\/plugins\/seo\/ -->\n<title>prof. dr hab. Jaros\u0142aw Stepaniuk - Strony pracownik\u00f3w Wydzia\u0142u Informatyki Politechniki Bia\u0142ostockiej<\/title>\n<meta name=\"robots\" content=\"index, follow, max-snippet:-1, max-image-preview:large, max-video-preview:-1\" \/>\n<link rel=\"canonical\" href=\"https:\/\/wi.pb.edu.pl\/p\/jaroslaw-stepaniuk\/\" \/>\n<meta property=\"og:locale\" content=\"pl_PL\" \/>\n<meta property=\"og:type\" content=\"article\" \/>\n<meta property=\"og:title\" content=\"prof. dr hab. Jaros\u0142aw Stepaniuk - Strony pracownik\u00f3w Wydzia\u0142u Informatyki Politechniki Bia\u0142ostockiej\" \/>\n<meta property=\"og:description\" content=\"Struktura organizacyjna: Katedra System\u00f3w Informacyjnych i Sieci Komputerowych Stanowisko: profesor E-mail: j.stepaniuk@pb.edu.pl Telefon: 85 746wi\u0119cej\" \/>\n<meta property=\"og:url\" content=\"https:\/\/wi.pb.edu.pl\/p\/jaroslaw-stepaniuk\/\" \/>\n<meta property=\"og:site_name\" content=\"Strony pracownik\u00f3w Wydzia\u0142u Informatyki Politechniki Bia\u0142ostockiej\" \/>\n<meta property=\"article:modified_time\" content=\"2024-09-16T11:49:51+00:00\" \/>\n<meta name=\"twitter:card\" content=\"summary_large_image\" \/>\n<meta name=\"twitter:label1\" content=\"Szacowany czas czytania\" \/>\n\t<meta name=\"twitter:data1\" content=\"2 minuty\" \/>\n<script type=\"application\/ld+json\" class=\"yoast-schema-graph\">{\"@context\":\"https:\/\/schema.org\",\"@graph\":[{\"@type\":\"WebPage\",\"@id\":\"https:\/\/wi.pb.edu.pl\/p\/jaroslaw-stepaniuk\/\",\"url\":\"https:\/\/wi.pb.edu.pl\/p\/jaroslaw-stepaniuk\/\",\"name\":\"prof. dr hab. Jaros\u0142aw Stepaniuk - Strony pracownik\u00f3w Wydzia\u0142u Informatyki Politechniki Bia\u0142ostockiej\",\"isPartOf\":{\"@id\":\"https:\/\/wi.pb.edu.pl\/p\/#website\"},\"datePublished\":\"2024-08-22T07:01:49+00:00\",\"dateModified\":\"2024-09-16T11:49:51+00:00\",\"breadcrumb\":{\"@id\":\"https:\/\/wi.pb.edu.pl\/p\/jaroslaw-stepaniuk\/#breadcrumb\"},\"inLanguage\":\"pl-PL\",\"potentialAction\":[{\"@type\":\"ReadAction\",\"target\":[\"https:\/\/wi.pb.edu.pl\/p\/jaroslaw-stepaniuk\/\"]}]},{\"@type\":\"BreadcrumbList\",\"@id\":\"https:\/\/wi.pb.edu.pl\/p\/jaroslaw-stepaniuk\/#breadcrumb\",\"itemListElement\":[{\"@type\":\"ListItem\",\"position\":1,\"name\":\"Strona g\u0142\u00f3wna\",\"item\":\"https:\/\/wi.pb.edu.pl\/p\/\"},{\"@type\":\"ListItem\",\"position\":2,\"name\":\"prof. dr hab. Jaros\u0142aw Stepaniuk\"}]},{\"@type\":\"WebSite\",\"@id\":\"https:\/\/wi.pb.edu.pl\/p\/#website\",\"url\":\"https:\/\/wi.pb.edu.pl\/p\/\",\"name\":\"Strony pracownik\u00f3w Wydzia\u0142u Informatyki Politechniki Bia\u0142ostockiej\",\"description\":\"\",\"potentialAction\":[{\"@type\":\"SearchAction\",\"target\":{\"@type\":\"EntryPoint\",\"urlTemplate\":\"https:\/\/wi.pb.edu.pl\/p\/?s={search_term_string}\"},\"query-input\":{\"@type\":\"PropertyValueSpecification\",\"valueRequired\":true,\"valueName\":\"search_term_string\"}}],\"inLanguage\":\"pl-PL\"}]}<\/script>\n<!-- \/ Yoast SEO plugin. -->","yoast_head_json":{"title":"prof. dr hab. Jaros\u0142aw Stepaniuk - Strony pracownik\u00f3w Wydzia\u0142u Informatyki Politechniki Bia\u0142ostockiej","robots":{"index":"index","follow":"follow","max-snippet":"max-snippet:-1","max-image-preview":"max-image-preview:large","max-video-preview":"max-video-preview:-1"},"canonical":"https:\/\/wi.pb.edu.pl\/p\/jaroslaw-stepaniuk\/","og_locale":"pl_PL","og_type":"article","og_title":"prof. dr hab. Jaros\u0142aw Stepaniuk - Strony pracownik\u00f3w Wydzia\u0142u Informatyki Politechniki Bia\u0142ostockiej","og_description":"Struktura organizacyjna: Katedra System\u00f3w Informacyjnych i Sieci Komputerowych Stanowisko: profesor E-mail: j.stepaniuk@pb.edu.pl Telefon: 85 746wi\u0119cej","og_url":"https:\/\/wi.pb.edu.pl\/p\/jaroslaw-stepaniuk\/","og_site_name":"Strony pracownik\u00f3w Wydzia\u0142u Informatyki Politechniki Bia\u0142ostockiej","article_modified_time":"2024-09-16T11:49:51+00:00","twitter_card":"summary_large_image","twitter_misc":{"Szacowany czas czytania":"2 minuty"},"schema":{"@context":"https:\/\/schema.org","@graph":[{"@type":"WebPage","@id":"https:\/\/wi.pb.edu.pl\/p\/jaroslaw-stepaniuk\/","url":"https:\/\/wi.pb.edu.pl\/p\/jaroslaw-stepaniuk\/","name":"prof. dr hab. Jaros\u0142aw Stepaniuk - Strony pracownik\u00f3w Wydzia\u0142u Informatyki Politechniki Bia\u0142ostockiej","isPartOf":{"@id":"https:\/\/wi.pb.edu.pl\/p\/#website"},"datePublished":"2024-08-22T07:01:49+00:00","dateModified":"2024-09-16T11:49:51+00:00","breadcrumb":{"@id":"https:\/\/wi.pb.edu.pl\/p\/jaroslaw-stepaniuk\/#breadcrumb"},"inLanguage":"pl-PL","potentialAction":[{"@type":"ReadAction","target":["https:\/\/wi.pb.edu.pl\/p\/jaroslaw-stepaniuk\/"]}]},{"@type":"BreadcrumbList","@id":"https:\/\/wi.pb.edu.pl\/p\/jaroslaw-stepaniuk\/#breadcrumb","itemListElement":[{"@type":"ListItem","position":1,"name":"Strona g\u0142\u00f3wna","item":"https:\/\/wi.pb.edu.pl\/p\/"},{"@type":"ListItem","position":2,"name":"prof. dr hab. Jaros\u0142aw Stepaniuk"}]},{"@type":"WebSite","@id":"https:\/\/wi.pb.edu.pl\/p\/#website","url":"https:\/\/wi.pb.edu.pl\/p\/","name":"Strony pracownik\u00f3w Wydzia\u0142u Informatyki Politechniki Bia\u0142ostockiej","description":"","potentialAction":[{"@type":"SearchAction","target":{"@type":"EntryPoint","urlTemplate":"https:\/\/wi.pb.edu.pl\/p\/?s={search_term_string}"},"query-input":{"@type":"PropertyValueSpecification","valueRequired":true,"valueName":"search_term_string"}}],"inLanguage":"pl-PL"}]}},"_links":{"self":[{"href":"https:\/\/wi.pb.edu.pl\/p\/wp-json\/wp\/v2\/pages\/1840","targetHints":{"allow":["GET"]}}],"collection":[{"href":"https:\/\/wi.pb.edu.pl\/p\/wp-json\/wp\/v2\/pages"}],"about":[{"href":"https:\/\/wi.pb.edu.pl\/p\/wp-json\/wp\/v2\/types\/page"}],"author":[{"embeddable":true,"href":"https:\/\/wi.pb.edu.pl\/p\/wp-json\/wp\/v2\/users\/14"}],"replies":[{"embeddable":true,"href":"https:\/\/wi.pb.edu.pl\/p\/wp-json\/wp\/v2\/comments?post=1840"}],"version-history":[{"count":1,"href":"https:\/\/wi.pb.edu.pl\/p\/wp-json\/wp\/v2\/pages\/1840\/revisions"}],"predecessor-version":[{"id":1841,"href":"https:\/\/wi.pb.edu.pl\/p\/wp-json\/wp\/v2\/pages\/1840\/revisions\/1841"}],"wp:attachment":[{"href":"https:\/\/wi.pb.edu.pl\/p\/wp-json\/wp\/v2\/media?parent=1840"}],"curies":[{"name":"wp","href":"https:\/\/api.w.org\/{rel}","templated":true}]}}