{"id":208,"date":"2024-07-16T12:01:22","date_gmt":"2024-07-16T10:01:22","guid":{"rendered":"https:\/\/wi.pb.edu.pl\/p\/?page_id=208"},"modified":"2024-07-16T12:01:22","modified_gmt":"2024-07-16T10:01:22","slug":"wyklad","status":"publish","type":"page","link":"https:\/\/wi.pb.edu.pl\/p\/marek-j-druzdzel\/zajecia\/zaawansowane-bazy-danych-i-hurtownie-danych\/wyklad\/","title":{"rendered":"Wyk\u0142ad"},"content":{"rendered":"<h5>&nbsp;<\/h5>\n<div class=\"table-responsive\">\n<table class=\"table table-bordered\" style=\"width: 100%;height: 608px\">\n<thead>\n<tr style=\"height: 38px\">\n<th style=\"height: 38px\">&nbsp;<\/th>\n<th style=\"height: 38px\">Data<\/th>\n<th style=\"height: 38px\">Temat<\/th>\n<\/tr>\n<\/thead>\n<tbody>\n<tr style=\"height: 38px\">\n<td style=\"height: 38px\">1<\/td>\n<td style=\"height: 38px\">06\/03\/2014<\/td>\n<td style=\"height: 38px\"><a href=\"https:\/\/wi.pb.edu.pl\/p\/wp-content\/uploads\/sites\/3\/2024\/07\/ZBDiHD-1.pdf\">Wprowadzenie do przedmiotu. Proceduralny j\u0119zyk SQL<\/a><\/td>\n<\/tr>\n<tr style=\"height: 38px\">\n<td style=\"height: 38px\">2<\/td>\n<td style=\"text-align: left;height: 38px\">13\/03\/2014<\/td>\n<td style=\"height: 38px\"><a href=\"https:\/\/wi.pb.edu.pl\/p\/wp-content\/uploads\/sites\/3\/2024\/07\/ZBDiHD-2.pdf\">Zaawansowane obiekty baz danych<\/a><\/td>\n<\/tr>\n<tr style=\"height: 38px\">\n<td style=\"height: 38px\">3<\/td>\n<td style=\"height: 38px\">20\/03\/2014<\/td>\n<td style=\"height: 38px\">Optymalizacja zapyta\u0144 w praktyce<\/td>\n<\/tr>\n<tr style=\"height: 38px\">\n<td style=\"height: 38px\">4<\/td>\n<td style=\"height: 38px\">27\/03\/2014<\/td>\n<td style=\"height: 38px\">Modele danych w hurtowniach danych<\/td>\n<\/tr>\n<tr style=\"height: 38px\">\n<td style=\"height: 38px\">5<\/td>\n<td style=\"height: 38px\">03\/04\/2014<\/td>\n<td style=\"height: 38px\">Architektura hurtowni danych<\/td>\n<\/tr>\n<tr style=\"height: 38px\">\n<td style=\"height: 38px\">6<\/td>\n<td style=\"height: 38px\">10\/04\/2014<\/td>\n<td style=\"height: 38px\">Operacje w hurtowniach danych<\/td>\n<\/tr>\n<tr style=\"height: 38px\">\n<td style=\"height: 38px\">7<\/td>\n<td style=\"height: 38px\">17\/04\/2014<\/td>\n<td style=\"height: 38px\">Hurtownie danych: Funkcje analityczne<\/td>\n<\/tr>\n<tr style=\"height: 38px\">\n<td style=\"height: 38px\">8<\/td>\n<td style=\"height: 38px\">24\/04\/2014<\/td>\n<td style=\"height: 38px\">Integracja danych pochodz\u0105cych z r\u00f3\u017cnych \u017ar\u00f3de\u0142<\/td>\n<\/tr>\n<tr style=\"height: 38px\">\n<td style=\"height: 38px\">9<\/td>\n<td style=\"height: 38px\">28\/04\/2014<\/td>\n<td style=\"height: 38px\">Bazy danych typu NoSQL: Wprowadzenie<\/td>\n<\/tr>\n<tr style=\"height: 38px\">\n<td style=\"height: 38px\">10<\/td>\n<td style=\"height: 38px\">08\/05\/2014<\/td>\n<td style=\"height: 38px\">Bazy dokument\u00f3w. Wprowadzenie do MongoDB<\/td>\n<\/tr>\n<tr style=\"height: 38px\">\n<td style=\"height: 38px\">11<\/td>\n<td style=\"height: 38px\">15\/05\/2014<\/td>\n<td style=\"height: 38px\">Analiza danych: Wprowadzenie do sieci bayesowskich<\/td>\n<\/tr>\n<tr style=\"height: 38px\">\n<td style=\"height: 38px\">12<\/td>\n<td style=\"height: 38px\">22\/05\/2014<\/td>\n<td style=\"height: 38px\">Analiza danych: Uczenie sieci bayesowskich, odkrywanie przyczynowo\u015bci<\/td>\n<\/tr>\n<tr style=\"height: 38px\">\n<td style=\"height: 38px\">13<\/td>\n<td style=\"height: 38px\">29\/05\/2014<\/td>\n<td style=\"height: 38px\">Sieci bayesowskie: Przyk\u0142ady zastosowa\u0144<\/td>\n<\/tr>\n<tr style=\"height: 38px\">\n<td style=\"height: 38px\">14<\/td>\n<td style=\"height: 38px\">05\/06\/2014<\/td>\n<td style=\"height: 38px\">Technologia Map\/Reduce, Apache Hadoop<\/td>\n<\/tr>\n<tr style=\"height: 38px\">\n<td style=\"height: 38px\">15<\/td>\n<td style=\"height: 38px\">12\/06\/2014<\/td>\n<td style=\"height: 38px\">TBA<\/td>\n<\/tr>\n<\/tbody>\n<\/table>\n<\/div>\n<p><a href=\"https:\/\/wi.pb.edu.pl\/p\/wp-content\/uploads\/sites\/3\/2024\/07\/ZBDiHD-sylabus.pdf\">Sylabus przedmiotu<\/a><\/p>\n","protected":false},"excerpt":{"rendered":"<p>&nbsp; &nbsp; Data Temat 1 06\/03\/2014 Wprowadzenie do przedmiotu. Proceduralny j\u0119zyk SQL 2 13\/03\/2014 Zaawansowane<a class=\"read-more\" href=\"https:\/\/wi.pb.edu.pl\/p\/marek-j-druzdzel\/zajecia\/zaawansowane-bazy-danych-i-hurtownie-danych\/wyklad\/\" title=\"Poka\u017c artyku\u0142 Wyk\u0142ad\">wi\u0119cej<\/a><\/p>\n","protected":false},"author":14,"featured_media":0,"parent":201,"menu_order":0,"comment_status":"closed","ping_status":"closed","template":"","meta":{"inline_featured_image":false,"ngg_post_thumbnail":0,"footnotes":""},"class_list":["post-208","page","type-page","status-publish","hentry"],"acf":[],"yoast_head":"<!-- This site is optimized with the Yoast SEO plugin v26.4 - https:\/\/yoast.com\/wordpress\/plugins\/seo\/ -->\n<title>Wyk\u0142ad - Strony pracownik\u00f3w Wydzia\u0142u Informatyki Politechniki Bia\u0142ostockiej<\/title>\n<meta name=\"robots\" content=\"index, follow, max-snippet:-1, max-image-preview:large, max-video-preview:-1\" \/>\n<link rel=\"canonical\" href=\"https:\/\/wi.pb.edu.pl\/p\/marek-j-druzdzel\/zajecia\/zaawansowane-bazy-danych-i-hurtownie-danych\/wyklad\/\" \/>\n<meta property=\"og:locale\" content=\"pl_PL\" \/>\n<meta property=\"og:type\" content=\"article\" \/>\n<meta property=\"og:title\" content=\"Wyk\u0142ad - Strony pracownik\u00f3w Wydzia\u0142u Informatyki Politechniki Bia\u0142ostockiej\" \/>\n<meta property=\"og:description\" content=\"&nbsp; &nbsp; Data Temat 1 06\/03\/2014 Wprowadzenie do przedmiotu. Proceduralny j\u0119zyk SQL 2 13\/03\/2014 Zaawansowanewi\u0119cej\" \/>\n<meta property=\"og:url\" content=\"https:\/\/wi.pb.edu.pl\/p\/marek-j-druzdzel\/zajecia\/zaawansowane-bazy-danych-i-hurtownie-danych\/wyklad\/\" \/>\n<meta property=\"og:site_name\" content=\"Strony pracownik\u00f3w Wydzia\u0142u Informatyki Politechniki Bia\u0142ostockiej\" \/>\n<meta name=\"twitter:card\" content=\"summary_large_image\" \/>\n<meta name=\"twitter:label1\" content=\"Szacowany czas czytania\" \/>\n\t<meta name=\"twitter:data1\" content=\"1 minuta\" \/>\n<script type=\"application\/ld+json\" class=\"yoast-schema-graph\">{\"@context\":\"https:\/\/schema.org\",\"@graph\":[{\"@type\":\"WebPage\",\"@id\":\"https:\/\/wi.pb.edu.pl\/p\/marek-j-druzdzel\/zajecia\/zaawansowane-bazy-danych-i-hurtownie-danych\/wyklad\/\",\"url\":\"https:\/\/wi.pb.edu.pl\/p\/marek-j-druzdzel\/zajecia\/zaawansowane-bazy-danych-i-hurtownie-danych\/wyklad\/\",\"name\":\"Wyk\u0142ad - Strony pracownik\u00f3w Wydzia\u0142u Informatyki Politechniki Bia\u0142ostockiej\",\"isPartOf\":{\"@id\":\"https:\/\/wi.pb.edu.pl\/p\/#website\"},\"datePublished\":\"2024-07-16T10:01:22+00:00\",\"breadcrumb\":{\"@id\":\"https:\/\/wi.pb.edu.pl\/p\/marek-j-druzdzel\/zajecia\/zaawansowane-bazy-danych-i-hurtownie-danych\/wyklad\/#breadcrumb\"},\"inLanguage\":\"pl-PL\",\"potentialAction\":[{\"@type\":\"ReadAction\",\"target\":[\"https:\/\/wi.pb.edu.pl\/p\/marek-j-druzdzel\/zajecia\/zaawansowane-bazy-danych-i-hurtownie-danych\/wyklad\/\"]}]},{\"@type\":\"BreadcrumbList\",\"@id\":\"https:\/\/wi.pb.edu.pl\/p\/marek-j-druzdzel\/zajecia\/zaawansowane-bazy-danych-i-hurtownie-danych\/wyklad\/#breadcrumb\",\"itemListElement\":[{\"@type\":\"ListItem\",\"position\":1,\"name\":\"Strona g\u0142\u00f3wna\",\"item\":\"https:\/\/wi.pb.edu.pl\/p\/\"},{\"@type\":\"ListItem\",\"position\":2,\"name\":\"dr hab. in\u017c. Marek J. Dru\u017cdzel\",\"item\":\"https:\/\/wi.pb.edu.pl\/p\/marek-j-druzdzel\/\"},{\"@type\":\"ListItem\",\"position\":3,\"name\":\"Zaj\u0119cia\",\"item\":\"https:\/\/wi.pb.edu.pl\/p\/marek-j-druzdzel\/zajecia\/\"},{\"@type\":\"ListItem\",\"position\":4,\"name\":\"Zaawansowane bazy danych i hurtownie danych\",\"item\":\"https:\/\/wi.pb.edu.pl\/p\/marek-j-druzdzel\/zajecia\/zaawansowane-bazy-danych-i-hurtownie-danych\/\"},{\"@type\":\"ListItem\",\"position\":5,\"name\":\"Wyk\u0142ad\"}]},{\"@type\":\"WebSite\",\"@id\":\"https:\/\/wi.pb.edu.pl\/p\/#website\",\"url\":\"https:\/\/wi.pb.edu.pl\/p\/\",\"name\":\"Strony pracownik\u00f3w Wydzia\u0142u Informatyki Politechniki Bia\u0142ostockiej\",\"description\":\"\",\"potentialAction\":[{\"@type\":\"SearchAction\",\"target\":{\"@type\":\"EntryPoint\",\"urlTemplate\":\"https:\/\/wi.pb.edu.pl\/p\/?s={search_term_string}\"},\"query-input\":{\"@type\":\"PropertyValueSpecification\",\"valueRequired\":true,\"valueName\":\"search_term_string\"}}],\"inLanguage\":\"pl-PL\"}]}<\/script>\n<!-- \/ Yoast SEO plugin. -->","yoast_head_json":{"title":"Wyk\u0142ad - Strony pracownik\u00f3w Wydzia\u0142u Informatyki Politechniki Bia\u0142ostockiej","robots":{"index":"index","follow":"follow","max-snippet":"max-snippet:-1","max-image-preview":"max-image-preview:large","max-video-preview":"max-video-preview:-1"},"canonical":"https:\/\/wi.pb.edu.pl\/p\/marek-j-druzdzel\/zajecia\/zaawansowane-bazy-danych-i-hurtownie-danych\/wyklad\/","og_locale":"pl_PL","og_type":"article","og_title":"Wyk\u0142ad - Strony pracownik\u00f3w Wydzia\u0142u Informatyki Politechniki Bia\u0142ostockiej","og_description":"&nbsp; &nbsp; Data Temat 1 06\/03\/2014 Wprowadzenie do przedmiotu. Proceduralny j\u0119zyk SQL 2 13\/03\/2014 Zaawansowanewi\u0119cej","og_url":"https:\/\/wi.pb.edu.pl\/p\/marek-j-druzdzel\/zajecia\/zaawansowane-bazy-danych-i-hurtownie-danych\/wyklad\/","og_site_name":"Strony pracownik\u00f3w Wydzia\u0142u Informatyki Politechniki Bia\u0142ostockiej","twitter_card":"summary_large_image","twitter_misc":{"Szacowany czas czytania":"1 minuta"},"schema":{"@context":"https:\/\/schema.org","@graph":[{"@type":"WebPage","@id":"https:\/\/wi.pb.edu.pl\/p\/marek-j-druzdzel\/zajecia\/zaawansowane-bazy-danych-i-hurtownie-danych\/wyklad\/","url":"https:\/\/wi.pb.edu.pl\/p\/marek-j-druzdzel\/zajecia\/zaawansowane-bazy-danych-i-hurtownie-danych\/wyklad\/","name":"Wyk\u0142ad - Strony pracownik\u00f3w Wydzia\u0142u Informatyki Politechniki Bia\u0142ostockiej","isPartOf":{"@id":"https:\/\/wi.pb.edu.pl\/p\/#website"},"datePublished":"2024-07-16T10:01:22+00:00","breadcrumb":{"@id":"https:\/\/wi.pb.edu.pl\/p\/marek-j-druzdzel\/zajecia\/zaawansowane-bazy-danych-i-hurtownie-danych\/wyklad\/#breadcrumb"},"inLanguage":"pl-PL","potentialAction":[{"@type":"ReadAction","target":["https:\/\/wi.pb.edu.pl\/p\/marek-j-druzdzel\/zajecia\/zaawansowane-bazy-danych-i-hurtownie-danych\/wyklad\/"]}]},{"@type":"BreadcrumbList","@id":"https:\/\/wi.pb.edu.pl\/p\/marek-j-druzdzel\/zajecia\/zaawansowane-bazy-danych-i-hurtownie-danych\/wyklad\/#breadcrumb","itemListElement":[{"@type":"ListItem","position":1,"name":"Strona g\u0142\u00f3wna","item":"https:\/\/wi.pb.edu.pl\/p\/"},{"@type":"ListItem","position":2,"name":"dr hab. in\u017c. Marek J. Dru\u017cdzel","item":"https:\/\/wi.pb.edu.pl\/p\/marek-j-druzdzel\/"},{"@type":"ListItem","position":3,"name":"Zaj\u0119cia","item":"https:\/\/wi.pb.edu.pl\/p\/marek-j-druzdzel\/zajecia\/"},{"@type":"ListItem","position":4,"name":"Zaawansowane bazy danych i hurtownie danych","item":"https:\/\/wi.pb.edu.pl\/p\/marek-j-druzdzel\/zajecia\/zaawansowane-bazy-danych-i-hurtownie-danych\/"},{"@type":"ListItem","position":5,"name":"Wyk\u0142ad"}]},{"@type":"WebSite","@id":"https:\/\/wi.pb.edu.pl\/p\/#website","url":"https:\/\/wi.pb.edu.pl\/p\/","name":"Strony pracownik\u00f3w Wydzia\u0142u Informatyki Politechniki Bia\u0142ostockiej","description":"","potentialAction":[{"@type":"SearchAction","target":{"@type":"EntryPoint","urlTemplate":"https:\/\/wi.pb.edu.pl\/p\/?s={search_term_string}"},"query-input":{"@type":"PropertyValueSpecification","valueRequired":true,"valueName":"search_term_string"}}],"inLanguage":"pl-PL"}]}},"_links":{"self":[{"href":"https:\/\/wi.pb.edu.pl\/p\/wp-json\/wp\/v2\/pages\/208","targetHints":{"allow":["GET"]}}],"collection":[{"href":"https:\/\/wi.pb.edu.pl\/p\/wp-json\/wp\/v2\/pages"}],"about":[{"href":"https:\/\/wi.pb.edu.pl\/p\/wp-json\/wp\/v2\/types\/page"}],"author":[{"embeddable":true,"href":"https:\/\/wi.pb.edu.pl\/p\/wp-json\/wp\/v2\/users\/14"}],"replies":[{"embeddable":true,"href":"https:\/\/wi.pb.edu.pl\/p\/wp-json\/wp\/v2\/comments?post=208"}],"version-history":[{"count":1,"href":"https:\/\/wi.pb.edu.pl\/p\/wp-json\/wp\/v2\/pages\/208\/revisions"}],"predecessor-version":[{"id":209,"href":"https:\/\/wi.pb.edu.pl\/p\/wp-json\/wp\/v2\/pages\/208\/revisions\/209"}],"up":[{"embeddable":true,"href":"https:\/\/wi.pb.edu.pl\/p\/wp-json\/wp\/v2\/pages\/201"}],"wp:attachment":[{"href":"https:\/\/wi.pb.edu.pl\/p\/wp-json\/wp\/v2\/media?parent=208"}],"curies":[{"name":"wp","href":"https:\/\/api.w.org\/{rel}","templated":true}]}}