{"id":211,"date":"2024-07-16T12:07:50","date_gmt":"2024-07-16T10:07:50","guid":{"rendered":"https:\/\/wi.pb.edu.pl\/p\/?page_id=211"},"modified":"2024-07-16T12:09:47","modified_gmt":"2024-07-16T10:09:47","slug":"ps","status":"publish","type":"page","link":"https:\/\/wi.pb.edu.pl\/p\/marek-j-druzdzel\/zajecia\/zaawansowane-bazy-danych-i-hurtownie-danych\/ps\/","title":{"rendered":"Ps"},"content":{"rendered":"<div class=\"table-responsive\">\n<table class=\"table table-bordered\">\n<thead>\n<tr>\n<th>&nbsp;<\/th>\n<th>Data<\/th>\n<th>Temat<\/th>\n<th>Termin<\/th>\n<th>Punkty<\/th>\n<\/tr>\n<\/thead>\n<tbody>\n<tr>\n<td>1<\/td>\n<td>06\/03\/2014<\/td>\n<td><a href=\"https:\/\/wi.pb.edu.pl\/p\/wp-content\/uploads\/sites\/3\/2024\/07\/ZBDiHD-ps-1.pdf\">Proceduralny j\u0119zyk SQL<\/a><\/td>\n<td>&nbsp;<\/td>\n<td>&nbsp;<\/td>\n<\/tr>\n<tr>\n<td>2<\/td>\n<td>13\/03\/2014<\/td>\n<td><a href=\"https:\/\/wi.pb.edu.pl\/p\/wp-content\/uploads\/sites\/3\/2024\/07\/ZBDiHD-ps-2.pdf\">Zaawansowane obiekty baz danych<\/a><\/td>\n<td>wejsci\u00f3wka<\/td>\n<td>10<\/td>\n<\/tr>\n<tr>\n<td>3<\/td>\n<td>20\/03\/2014<\/td>\n<td>Optymalizacja zapyta\u0144 w praktyce<\/td>\n<td>zadania<\/td>\n<td>20<\/td>\n<\/tr>\n<tr>\n<td>4<\/td>\n<td>27\/03\/2014<\/td>\n<td>Projektowanie modelu danych w hurtowniach danych I&nbsp;&nbsp;<\/td>\n<td>&nbsp;<\/td>\n<td>&nbsp;<\/td>\n<\/tr>\n<tr>\n<td>5<\/td>\n<td>03\/04\/2014<\/td>\n<td>Projektowanie modelu danych w hurtowniach danych II<\/td>\n<td>zadania<\/td>\n<td>20<\/td>\n<\/tr>\n<tr>\n<td>6<\/td>\n<td>10\/04\/2014<\/td>\n<td>Hurtownie danych: Podstawowe operacje<\/td>\n<td>&nbsp;<\/td>\n<td>&nbsp;<\/td>\n<\/tr>\n<tr>\n<td>7<\/td>\n<td>17\/04\/2014<\/td>\n<td>Hurtownie danych: Funkcje analityczne<\/td>\n<td>projekt:<br \/>\ncz. I<\/td>\n<td>&nbsp;<\/td>\n<\/tr>\n<tr>\n<td>8<\/td>\n<td>24\/04\/2014<\/td>\n<td>Zaawansowany SQL<\/td>\n<td>sprawdzian<\/td>\n<td>90<\/td>\n<\/tr>\n<tr>\n<td>9<\/td>\n<td>28\/04\/2014<\/td>\n<td>Integracja danych pochodz\u0105cych z r\u00f3\u017cnych \u017ar\u00f3de\u0142<\/td>\n<td>zadania<\/td>\n<td>20<\/td>\n<\/tr>\n<tr>\n<td>10<\/td>\n<td>08\/05\/2014<\/td>\n<td>Bazy danych typu NoSQL I<\/td>\n<td>projekt: cz II<\/td>\n<td>20<\/td>\n<\/tr>\n<tr>\n<td>11<\/td>\n<td>15\/05\/2014<\/td>\n<td>Bazy danych typu NoSQL II<\/td>\n<td>zadania<\/td>\n<td>20<\/td>\n<\/tr>\n<tr>\n<td>12<\/td>\n<td>22\/05\/2014<\/td>\n<td>Analiza danych: Sieci bayesowskie<\/td>\n<td>zadania<\/td>\n<td>20<\/td>\n<\/tr>\n<tr>\n<td>13<\/td>\n<td>29\/05\/2014<\/td>\n<td>Analiza danych: Odkrywanie przyczynowo\u015bci<\/td>\n<td>zadania<\/td>\n<td>20<\/td>\n<\/tr>\n<tr>\n<td>14<\/td>\n<td>05\/06\/2014<\/td>\n<td>Tworzenie dokumentacji w technologii MediaWiki<\/td>\n<td>&nbsp;<\/td>\n<td>&nbsp;<\/td>\n<\/tr>\n<tr>\n<td>15<\/td>\n<td>12\/06\/2014<\/td>\n<td>Prezentacja projekt\u00f3w<\/td>\n<td>&nbsp;<\/td>\n<td>60+10<\/td>\n<\/tr>\n<tr>\n<td colspan=\"4\" rowspan=\"1\">suma:<\/td>\n<td>310<\/td>\n<\/tr>\n<\/tbody>\n<\/table>\n<p>skrypty do bazy \u0107wiczeniowej<br style=\"font-weight: 400\"><br style=\"font-weight: 400\"><span style=\"font-weight: 400\">projekty<\/span><br style=\"font-weight: 400\"><br style=\"font-weight: 400\"><a href=\"https:\/\/wi.pb.edu.pl\/p\/wp-content\/uploads\/sites\/3\/2024\/07\/ZBDiHD-sylabus.pdf\">Sylabus przedmiotu<\/a><br \/>\n<br style=\"font-weight: 400\"><b>Przydatne linki:<\/b><br style=\"font-weight: 400\"><span style=\"font-weight: 400\">Data Warehousing Information Center:&nbsp;&nbsp;<\/span><a style=\"font-weight: 400\" href=\"http:\/\/www.dwinfocenter.org\/\">http:\/\/www.dwinfocenter.org\/<\/a><br style=\"font-weight: 400\"><span style=\"font-weight: 400\">GeNIe:&nbsp;<\/span><a style=\"font-weight: 400\" href=\"http:\/\/genie.sis.pitt.edu\/\">http:\/\/genie.sis.pitt.edu\/<\/a><br style=\"font-weight: 400\"><br style=\"font-weight: 400\"><strong>ORACLE:<\/strong><br style=\"font-weight: 400\"><span style=\"font-weight: 400\">ORACLE Express Edition:<\/span><a style=\"font-weight: 400\" href=\"http:\/\/www.oracle.com\/technetwork\/database\/express-edition\/overview\/index.html\">http:\/\/www.oracle.com\/technetwork\/database\/express-edition\/overview\/index.html<\/a><\/p>\n<p style=\"font-weight: 400\">Dokumentacja ORACLE 11g Release 2:<\/p>\n<p style=\"font-weight: 400\"><a href=\"http:\/\/www.oracle.com\/pls\/db112\/homepage\">http:\/\/www.oracle.com\/pls\/db112\/homepage<\/a><\/p>\n<p style=\"font-weight: 400\">ORACLE SQL Language Reference:<\/p>\n<p style=\"font-weight: 400\"><a href=\"http:\/\/docs.oracle.com\/cd\/E11882_01\/server.112\/e26088\/toc.htm\">http:\/\/docs.oracle.com\/cd\/E11882_01\/server.112\/e26088\/toc.htm<\/a><\/p>\n<p style=\"font-weight: 400\">ORACLE PL\/SQL Language Reference:<\/p>\n<p style=\"font-weight: 400\"><a href=\"http:\/\/docs.oracle.com\/cd\/E11882_01\/appdev.112\/e25519\/toc.htm\">http:\/\/docs.oracle.com\/cd\/E11882_01\/appdev.112\/e25519\/toc.htm<\/a><\/p>\n<\/div>\n","protected":false},"excerpt":{"rendered":"<p>&nbsp; Data Temat Termin Punkty 1 06\/03\/2014 Proceduralny j\u0119zyk SQL &nbsp; &nbsp; 2 13\/03\/2014 Zaawansowane<a class=\"read-more\" href=\"https:\/\/wi.pb.edu.pl\/p\/marek-j-druzdzel\/zajecia\/zaawansowane-bazy-danych-i-hurtownie-danych\/ps\/\" title=\"Poka\u017c artyku\u0142 Ps\">wi\u0119cej<\/a><\/p>\n","protected":false},"author":14,"featured_media":0,"parent":201,"menu_order":0,"comment_status":"closed","ping_status":"closed","template":"","meta":{"inline_featured_image":false,"ngg_post_thumbnail":0,"footnotes":""},"class_list":["post-211","page","type-page","status-publish","hentry"],"acf":[],"yoast_head":"<!-- This site is optimized with the Yoast SEO plugin v26.4 - https:\/\/yoast.com\/wordpress\/plugins\/seo\/ -->\n<title>Ps - Strony pracownik\u00f3w Wydzia\u0142u Informatyki Politechniki Bia\u0142ostockiej<\/title>\n<meta name=\"robots\" content=\"index, follow, max-snippet:-1, max-image-preview:large, max-video-preview:-1\" \/>\n<link rel=\"canonical\" href=\"https:\/\/wi.pb.edu.pl\/p\/marek-j-druzdzel\/zajecia\/zaawansowane-bazy-danych-i-hurtownie-danych\/ps\/\" \/>\n<meta property=\"og:locale\" content=\"pl_PL\" \/>\n<meta property=\"og:type\" content=\"article\" \/>\n<meta property=\"og:title\" content=\"Ps - Strony pracownik\u00f3w Wydzia\u0142u Informatyki Politechniki Bia\u0142ostockiej\" \/>\n<meta property=\"og:description\" content=\"&nbsp; Data Temat Termin Punkty 1 06\/03\/2014 Proceduralny j\u0119zyk SQL &nbsp; &nbsp; 2 13\/03\/2014 Zaawansowanewi\u0119cej\" \/>\n<meta property=\"og:url\" content=\"https:\/\/wi.pb.edu.pl\/p\/marek-j-druzdzel\/zajecia\/zaawansowane-bazy-danych-i-hurtownie-danych\/ps\/\" \/>\n<meta property=\"og:site_name\" content=\"Strony pracownik\u00f3w Wydzia\u0142u Informatyki Politechniki Bia\u0142ostockiej\" \/>\n<meta property=\"article:modified_time\" content=\"2024-07-16T10:09:47+00:00\" \/>\n<meta name=\"twitter:card\" content=\"summary_large_image\" \/>\n<meta name=\"twitter:label1\" content=\"Szacowany czas czytania\" \/>\n\t<meta name=\"twitter:data1\" content=\"1 minuta\" \/>\n<script type=\"application\/ld+json\" class=\"yoast-schema-graph\">{\"@context\":\"https:\/\/schema.org\",\"@graph\":[{\"@type\":\"WebPage\",\"@id\":\"https:\/\/wi.pb.edu.pl\/p\/marek-j-druzdzel\/zajecia\/zaawansowane-bazy-danych-i-hurtownie-danych\/ps\/\",\"url\":\"https:\/\/wi.pb.edu.pl\/p\/marek-j-druzdzel\/zajecia\/zaawansowane-bazy-danych-i-hurtownie-danych\/ps\/\",\"name\":\"Ps - Strony pracownik\u00f3w Wydzia\u0142u Informatyki Politechniki Bia\u0142ostockiej\",\"isPartOf\":{\"@id\":\"https:\/\/wi.pb.edu.pl\/p\/#website\"},\"datePublished\":\"2024-07-16T10:07:50+00:00\",\"dateModified\":\"2024-07-16T10:09:47+00:00\",\"breadcrumb\":{\"@id\":\"https:\/\/wi.pb.edu.pl\/p\/marek-j-druzdzel\/zajecia\/zaawansowane-bazy-danych-i-hurtownie-danych\/ps\/#breadcrumb\"},\"inLanguage\":\"pl-PL\",\"potentialAction\":[{\"@type\":\"ReadAction\",\"target\":[\"https:\/\/wi.pb.edu.pl\/p\/marek-j-druzdzel\/zajecia\/zaawansowane-bazy-danych-i-hurtownie-danych\/ps\/\"]}]},{\"@type\":\"BreadcrumbList\",\"@id\":\"https:\/\/wi.pb.edu.pl\/p\/marek-j-druzdzel\/zajecia\/zaawansowane-bazy-danych-i-hurtownie-danych\/ps\/#breadcrumb\",\"itemListElement\":[{\"@type\":\"ListItem\",\"position\":1,\"name\":\"Strona g\u0142\u00f3wna\",\"item\":\"https:\/\/wi.pb.edu.pl\/p\/\"},{\"@type\":\"ListItem\",\"position\":2,\"name\":\"dr hab. in\u017c. Marek J. Dru\u017cdzel\",\"item\":\"https:\/\/wi.pb.edu.pl\/p\/marek-j-druzdzel\/\"},{\"@type\":\"ListItem\",\"position\":3,\"name\":\"Zaj\u0119cia\",\"item\":\"https:\/\/wi.pb.edu.pl\/p\/marek-j-druzdzel\/zajecia\/\"},{\"@type\":\"ListItem\",\"position\":4,\"name\":\"Zaawansowane bazy danych i hurtownie danych\",\"item\":\"https:\/\/wi.pb.edu.pl\/p\/marek-j-druzdzel\/zajecia\/zaawansowane-bazy-danych-i-hurtownie-danych\/\"},{\"@type\":\"ListItem\",\"position\":5,\"name\":\"Ps\"}]},{\"@type\":\"WebSite\",\"@id\":\"https:\/\/wi.pb.edu.pl\/p\/#website\",\"url\":\"https:\/\/wi.pb.edu.pl\/p\/\",\"name\":\"Strony pracownik\u00f3w Wydzia\u0142u Informatyki Politechniki Bia\u0142ostockiej\",\"description\":\"\",\"potentialAction\":[{\"@type\":\"SearchAction\",\"target\":{\"@type\":\"EntryPoint\",\"urlTemplate\":\"https:\/\/wi.pb.edu.pl\/p\/?s={search_term_string}\"},\"query-input\":{\"@type\":\"PropertyValueSpecification\",\"valueRequired\":true,\"valueName\":\"search_term_string\"}}],\"inLanguage\":\"pl-PL\"}]}<\/script>\n<!-- \/ Yoast SEO plugin. -->","yoast_head_json":{"title":"Ps - Strony pracownik\u00f3w Wydzia\u0142u Informatyki Politechniki Bia\u0142ostockiej","robots":{"index":"index","follow":"follow","max-snippet":"max-snippet:-1","max-image-preview":"max-image-preview:large","max-video-preview":"max-video-preview:-1"},"canonical":"https:\/\/wi.pb.edu.pl\/p\/marek-j-druzdzel\/zajecia\/zaawansowane-bazy-danych-i-hurtownie-danych\/ps\/","og_locale":"pl_PL","og_type":"article","og_title":"Ps - Strony pracownik\u00f3w Wydzia\u0142u Informatyki Politechniki Bia\u0142ostockiej","og_description":"&nbsp; Data Temat Termin Punkty 1 06\/03\/2014 Proceduralny j\u0119zyk SQL &nbsp; &nbsp; 2 13\/03\/2014 Zaawansowanewi\u0119cej","og_url":"https:\/\/wi.pb.edu.pl\/p\/marek-j-druzdzel\/zajecia\/zaawansowane-bazy-danych-i-hurtownie-danych\/ps\/","og_site_name":"Strony pracownik\u00f3w Wydzia\u0142u Informatyki Politechniki Bia\u0142ostockiej","article_modified_time":"2024-07-16T10:09:47+00:00","twitter_card":"summary_large_image","twitter_misc":{"Szacowany czas czytania":"1 minuta"},"schema":{"@context":"https:\/\/schema.org","@graph":[{"@type":"WebPage","@id":"https:\/\/wi.pb.edu.pl\/p\/marek-j-druzdzel\/zajecia\/zaawansowane-bazy-danych-i-hurtownie-danych\/ps\/","url":"https:\/\/wi.pb.edu.pl\/p\/marek-j-druzdzel\/zajecia\/zaawansowane-bazy-danych-i-hurtownie-danych\/ps\/","name":"Ps - Strony pracownik\u00f3w Wydzia\u0142u Informatyki Politechniki Bia\u0142ostockiej","isPartOf":{"@id":"https:\/\/wi.pb.edu.pl\/p\/#website"},"datePublished":"2024-07-16T10:07:50+00:00","dateModified":"2024-07-16T10:09:47+00:00","breadcrumb":{"@id":"https:\/\/wi.pb.edu.pl\/p\/marek-j-druzdzel\/zajecia\/zaawansowane-bazy-danych-i-hurtownie-danych\/ps\/#breadcrumb"},"inLanguage":"pl-PL","potentialAction":[{"@type":"ReadAction","target":["https:\/\/wi.pb.edu.pl\/p\/marek-j-druzdzel\/zajecia\/zaawansowane-bazy-danych-i-hurtownie-danych\/ps\/"]}]},{"@type":"BreadcrumbList","@id":"https:\/\/wi.pb.edu.pl\/p\/marek-j-druzdzel\/zajecia\/zaawansowane-bazy-danych-i-hurtownie-danych\/ps\/#breadcrumb","itemListElement":[{"@type":"ListItem","position":1,"name":"Strona g\u0142\u00f3wna","item":"https:\/\/wi.pb.edu.pl\/p\/"},{"@type":"ListItem","position":2,"name":"dr hab. in\u017c. Marek J. Dru\u017cdzel","item":"https:\/\/wi.pb.edu.pl\/p\/marek-j-druzdzel\/"},{"@type":"ListItem","position":3,"name":"Zaj\u0119cia","item":"https:\/\/wi.pb.edu.pl\/p\/marek-j-druzdzel\/zajecia\/"},{"@type":"ListItem","position":4,"name":"Zaawansowane bazy danych i hurtownie danych","item":"https:\/\/wi.pb.edu.pl\/p\/marek-j-druzdzel\/zajecia\/zaawansowane-bazy-danych-i-hurtownie-danych\/"},{"@type":"ListItem","position":5,"name":"Ps"}]},{"@type":"WebSite","@id":"https:\/\/wi.pb.edu.pl\/p\/#website","url":"https:\/\/wi.pb.edu.pl\/p\/","name":"Strony pracownik\u00f3w Wydzia\u0142u Informatyki Politechniki Bia\u0142ostockiej","description":"","potentialAction":[{"@type":"SearchAction","target":{"@type":"EntryPoint","urlTemplate":"https:\/\/wi.pb.edu.pl\/p\/?s={search_term_string}"},"query-input":{"@type":"PropertyValueSpecification","valueRequired":true,"valueName":"search_term_string"}}],"inLanguage":"pl-PL"}]}},"_links":{"self":[{"href":"https:\/\/wi.pb.edu.pl\/p\/wp-json\/wp\/v2\/pages\/211","targetHints":{"allow":["GET"]}}],"collection":[{"href":"https:\/\/wi.pb.edu.pl\/p\/wp-json\/wp\/v2\/pages"}],"about":[{"href":"https:\/\/wi.pb.edu.pl\/p\/wp-json\/wp\/v2\/types\/page"}],"author":[{"embeddable":true,"href":"https:\/\/wi.pb.edu.pl\/p\/wp-json\/wp\/v2\/users\/14"}],"replies":[{"embeddable":true,"href":"https:\/\/wi.pb.edu.pl\/p\/wp-json\/wp\/v2\/comments?post=211"}],"version-history":[{"count":4,"href":"https:\/\/wi.pb.edu.pl\/p\/wp-json\/wp\/v2\/pages\/211\/revisions"}],"predecessor-version":[{"id":218,"href":"https:\/\/wi.pb.edu.pl\/p\/wp-json\/wp\/v2\/pages\/211\/revisions\/218"}],"up":[{"embeddable":true,"href":"https:\/\/wi.pb.edu.pl\/p\/wp-json\/wp\/v2\/pages\/201"}],"wp:attachment":[{"href":"https:\/\/wi.pb.edu.pl\/p\/wp-json\/wp\/v2\/media?parent=211"}],"curies":[{"name":"wp","href":"https:\/\/api.w.org\/{rel}","templated":true}]}}