{"id":229,"date":"2024-07-16T12:25:11","date_gmt":"2024-07-16T10:25:11","guid":{"rendered":"https:\/\/wi.pb.edu.pl\/p\/?page_id=229"},"modified":"2024-07-16T12:29:30","modified_gmt":"2024-07-16T10:29:30","slug":"seminarium-dyplomowe-dla-studiow-magisterskich","status":"publish","type":"page","link":"https:\/\/wi.pb.edu.pl\/p\/marek-j-druzdzel\/zajecia\/seminarium-dyplomowe-dla-studiow-magisterskich\/","title":{"rendered":"Seminarium dyplomowe (dla studiow magisterskich)"},"content":{"rendered":"<p>Semestr letni 2020-2021, srody, 17:15-18:45 (Microsoft Teams)<br \/>\nBudynek Rektoratu Politechniki Bialostockiej, Wiejska 45-A, Bialystok<\/p>\n<p>Prowadzacy:&nbsp;Marek J. Druzdzel<\/p>\n<h4>Kr\u00f3tki opis seminarium<\/h4>\n<p>Seminarium ma nastepujace cele:<\/p>\n<menu>\n<li><b>Pomoc uczestnikom w wyrobieniu w sobie dobrych nawykow dotyczacych systematycznosci pracy.<\/b><br \/>\nW tym celu zaplanowalismy dwie prezentacje dla kazdego z Panstwa. Prezentacje powinny zmobilizowac Panstwa do systematycznej pracy.<\/li>\n<li><b>Cwiczenie umiejetnosci prezentacji.<\/b><br \/>\nUmiejetnosc prezentowania swojej pracy jest bardzo wazna w karierze informatyka. W zaleznosci od Panstwa wyborow odnosnie przyszlej kariery, przyszle prezentacje beda przed klientami, kolegami, lub zarzadem firmy lub organizacji. Kazdy z Panstwa bedzie mial okazje cwiczyc prezentowanie swojej pracy przed kolegami. Jest to znakomita okazja dla Panstwa do przecwiczenia umiejetnosci przygotowania prezentacji, materialow, oraz wygloszenia samej prezentacji.<\/li>\n<li><b>Umiejetnosc krytykowania i przyjmowania konstruktywnej krytyki.<\/b><br \/>\nKazda prezentacja bedzie miala wyznaczonych dwoch recenzentow, ktorych zadaniem bedzie ocenic jej dobre i slabsze strony. Zadaniem jednego z recenzentow bedzie wymienienie dobrych stron prezentacji, pochwalenie kolegi\/kolezanki za to co zrobil\/zrobila dobrze. Zadanie drugiego recenzenta bedzie krytyka, a wiec wymienienie tych elementow prezentacji, ktore wymagaja poprawy. Zarowno krytykujacy jak i krytykowani beda mieli wiec okazje aby przecwiczyc umiejetnosc udzielania jak i przyjmowania konstruktywnej krytyki.<\/li>\n<li><b>Zwrocenie uwagi na inne istotne umiejetnosci absolwenta WI PB.<\/b><br \/>\nW miare potrzeb, prowadzacy seminarium przygotuje krotkie prezentacje na tematy, ktore moga okazac sie uzyteczne w Panstwa dalszej karierze zawodowej. Lista proponowanych tematow znajduje sie ponizej, w planie spotkan.<\/li>\n<\/menu>\n<h4>Warunki zaliczenia seminarium<\/h4>\n<p>Ocena koncowa (w skali od 1 do 5) sklada sie z nastepujacych element\u00f3w:<\/p>\n<menu>\n<li>Obecnosc na spotkaniach seminaryjnych. Charakter tego typu zajec wymaga obecnosci, ktora jest obowiazkowa. Dopuszcza sie co najwyzej dwie nieobecnosci w semestrze. Powyzej dwoch nieobecnosci, ktore niestety nie moga byc &#8222;odrobione&#8221;, nastepuje obnizenie oceny o p\u00f3l stopnia za kazda nieobecnosc. Prosze o madre gospodarowanie nieobecnosciami na wypadek przeciwnosci losu, takich jak choroba lub nagle sytuacje osobiste, ktore moga stanac na przeszkodzie w przybyciu na zajecia.<\/li>\n<li>Jedna lub dwie (zaleznie od liczby uczestnik\u00f3w seminarium) prezentacje na temat postep\u00f3w w pracy magisterskiej. W prezentacjach oceniane sa postepy w pracy, organizacja pracy i systematycznosc, oraz sama prezentacja, tzn. przygotowanie material\u00f3w, przedstawienie ich, oraz odpowiedzi na pytania. Prezentacja powinna co najmniej przedstawic temat pracy i glowny problem badawczy we wstepie, ale moze koncentrowac sie na wybranym aspekcie pracy, przy ktorym uczestnicy seminarium moga pomoc swoimi uwagami. Prezentacje stanowia 50% oceny.<\/li>\n<li>Aktywne uczestnictwo w seminariach, polegajace na ocenie prezentacji innych, dyskusji oraz sugestiach ulepszenia pracy przez koleg\u00f3w a takze realizacji innych prac zleconych przez prowadzacych (np. pracy z literatura). Za aktywne uczestnictwo w seminarium studenci otrzymuja 50% oceny. Zaliczenie odbywa sie na podstawie uzyskanej oceny. Do zaliczenia potrzebna jest co najmniej ocena 3.<\/li>\n<\/menu>\n<h4>Dokladne daty spotkan i prezentacji<\/h4>\n<div class=\"table-responsive\">\n<table class=\"table table-bordered\">\n<thead>\n<tr>\n<th>Data<\/th>\n<th>Prezentacje Grupa II<\/th>\n<th>Prezentacja Marek<\/th>\n<\/tr>\n<\/thead>\n<tbody>\n<tr>\n<td>24\/02\/2021<\/td>\n<td>&nbsp;<\/td>\n<td>&#8222;Jak prezentowac?&#8221;<\/td>\n<\/tr>\n<tr>\n<td>3\/03\/2021)<\/td>\n<td>Wesolowski, Zimnoch<\/td>\n<td>&#8222;Techniczne porady dotyczace pracy nad praca magisterska&#8221;<\/td>\n<\/tr>\n<tr>\n<td>10\/03\/2021<\/td>\n<td>(Sienkiewicz, Sosna), Stefanowska<\/td>\n<td>&#8222;Planowanie i organizacja czasu&#8221;<\/td>\n<\/tr>\n<tr>\n<td>17\/03\/2021<\/td>\n<td>Jopa, Loszczyk<\/td>\n<td>&#8222;Radzenie sobie ze stresem&#8221;<\/td>\n<\/tr>\n<tr>\n<td>24\/03\/2021<\/td>\n<td>Kucharski, Marszalek, Matyczak<\/td>\n<td>&#8222;Planowanie kariery zawodowej&#8221;<\/td>\n<\/tr>\n<tr>\n<td>31\/03\/2021<\/td>\n<td>(Letowski, Noskowicz, Stypulkowski), Sokolowski<\/td>\n<td>&#8222;Planowanie kariery zawodowej&#8221;<\/td>\n<\/tr>\n<tr>\n<td>7\/04\/2021<\/td>\n<td>Kaplinski, Mlynska, Wojno<\/td>\n<td>&#8222;Planowanie kariery zawodowej&#8221;<\/td>\n<\/tr>\n<tr>\n<td>14\/04\/2021<\/td>\n<td>Jopa, Surynowicz, Swietkowski<\/td>\n<td>&#8222;Dbanie o wlasny interes&#8221;<\/td>\n<\/tr>\n<tr>\n<td>21\/04\/2021<\/td>\n<td>Kucharski, Loszczyk, Skarzynska<\/td>\n<td>&#8222;Dbanie o wlasny interes&#8221;<\/td>\n<\/tr>\n<tr>\n<td>28\/04\/2021<\/td>\n<td>Suchocka, Wesolowski, Zimnoch<\/td>\n<td>&#8222;Dbanie o wlasny interes&#8221;<\/td>\n<\/tr>\n<tr>\n<td>12\/05\/2021<\/td>\n<td>(Sienkiewicz, Sosna), Stefanowska<\/td>\n<td>&#8222;Kolezenstwo&#8221;<\/td>\n<\/tr>\n<tr>\n<td>19\/05\/2021<\/td>\n<td>(Letowski, Noskowicz, Stypulkowski), Wojno<\/td>\n<td>&#8222;Studia i praca za granica&#8221;<\/td>\n<\/tr>\n<tr>\n<td>26\/05\/2021<\/td>\n<td>Kaplinski<\/td>\n<td>&#8222;Charakter inzyniera&#8221;<\/td>\n<\/tr>\n<tr>\n<td>9\/06\/2021<\/td>\n<td>Skarzynska, Suchocka<\/td>\n<td>&#8222;Charakter inzyniera&#8221;<\/td>\n<\/tr>\n<tr>\n<td>16\/06\/2021<\/td>\n<td>Marszalek, Matyczak, Mlynska, Sokolowski<\/td>\n<\/tr>\n<\/tbody>\n<\/table>\n<\/div>\n<p>&nbsp;<\/p>\n<h4>Materialy z seminarium<\/h4>\n<p><a href=\"https:\/\/wi.pb.edu.pl\/p\/wp-content\/uploads\/sites\/3\/2024\/07\/00-Plan-spotkan.pdf\">00 Plan spotkan<\/a><\/p>\n<p><a href=\"https:\/\/wi.pb.edu.pl\/p\/wp-content\/uploads\/sites\/3\/2024\/07\/01-Prezentacje.pdf\">01 Prezentacje<\/a><\/p>\n<p><a href=\"https:\/\/wi.pb.edu.pl\/p\/wp-content\/uploads\/sites\/3\/2024\/07\/02-Praca-dyplomowa.pdf\">02 Praca dyplomowa<\/a><\/p>\n<p><a href=\"https:\/\/wi.pb.edu.pl\/p\/wp-content\/uploads\/sites\/3\/2024\/07\/03-Planowanie-i-organizacja-czasu.pdf\">03 Planowanie i organizacja czasu<\/a><\/p>\n<p><a href=\"https:\/\/wi.pb.edu.pl\/p\/wp-content\/uploads\/sites\/3\/2024\/07\/04-Radzenie-sobie-ze-stresem.pdf\">04 Radzenie sobie ze stresem<\/a><\/p>\n<p><a href=\"https:\/\/wi.pb.edu.pl\/p\/wp-content\/uploads\/sites\/3\/2024\/07\/05-Planowanie-kariery-zawodowej.pdf\">05 Planowanie kariery zawodowej<\/a><\/p>\n<p><a href=\"https:\/\/wi.pb.edu.pl\/p\/wp-content\/uploads\/sites\/3\/2024\/07\/06-Dbanie-o-wlasny-interes.pdf\">06 Dbanie o wlasny interes<\/a><\/p>\n<p><a href=\"https:\/\/wi.pb.edu.pl\/p\/wp-content\/uploads\/sites\/3\/2024\/07\/07-Kolezenstwo.pdf\">07 Kolezenstwo<\/a><\/p>\n<p><a style=\"color: #23527c\" href=\"https:\/\/wi.pb.edu.pl\/p\/wp-content\/uploads\/sites\/3\/2024\/07\/08-Studia-i-praca-za-granica.pdf\">08 Studia i praca za granica<\/a>&nbsp;<\/p>\n<p><a href=\"https:\/\/wi.pb.edu.pl\/p\/wp-content\/uploads\/sites\/3\/2024\/07\/09-Charakter-inzyniera.pdf\">09 Charakter inzyniera<\/a><\/p>\n","protected":false},"excerpt":{"rendered":"<p>Semestr letni 2020-2021, srody, 17:15-18:45 (Microsoft Teams) Budynek Rektoratu Politechniki Bialostockiej, Wiejska 45-A, Bialystok Prowadzacy:&nbsp;Marek<a class=\"read-more\" href=\"https:\/\/wi.pb.edu.pl\/p\/marek-j-druzdzel\/zajecia\/seminarium-dyplomowe-dla-studiow-magisterskich\/\" title=\"Poka\u017c artyku\u0142 Seminarium dyplomowe (dla studiow magisterskich)\">wi\u0119cej<\/a><\/p>\n","protected":false},"author":14,"featured_media":0,"parent":98,"menu_order":0,"comment_status":"closed","ping_status":"closed","template":"","meta":{"inline_featured_image":false,"ngg_post_thumbnail":0,"footnotes":""},"class_list":["post-229","page","type-page","status-publish","hentry"],"acf":[],"yoast_head":"<!-- This site is optimized with the Yoast SEO plugin v26.4 - https:\/\/yoast.com\/wordpress\/plugins\/seo\/ -->\n<title>Seminarium dyplomowe (dla studiow magisterskich) - Strony pracownik\u00f3w Wydzia\u0142u Informatyki Politechniki Bia\u0142ostockiej<\/title>\n<meta name=\"robots\" content=\"index, follow, max-snippet:-1, max-image-preview:large, max-video-preview:-1\" \/>\n<link rel=\"canonical\" href=\"https:\/\/wi.pb.edu.pl\/p\/marek-j-druzdzel\/zajecia\/seminarium-dyplomowe-dla-studiow-magisterskich\/\" \/>\n<meta property=\"og:locale\" content=\"pl_PL\" \/>\n<meta property=\"og:type\" content=\"article\" \/>\n<meta property=\"og:title\" content=\"Seminarium dyplomowe (dla studiow magisterskich) - Strony pracownik\u00f3w Wydzia\u0142u Informatyki Politechniki Bia\u0142ostockiej\" \/>\n<meta property=\"og:description\" content=\"Semestr letni 2020-2021, srody, 17:15-18:45 (Microsoft Teams) Budynek Rektoratu Politechniki Bialostockiej, Wiejska 45-A, Bialystok Prowadzacy:&nbsp;Marekwi\u0119cej\" \/>\n<meta property=\"og:url\" content=\"https:\/\/wi.pb.edu.pl\/p\/marek-j-druzdzel\/zajecia\/seminarium-dyplomowe-dla-studiow-magisterskich\/\" \/>\n<meta property=\"og:site_name\" content=\"Strony pracownik\u00f3w Wydzia\u0142u Informatyki Politechniki Bia\u0142ostockiej\" \/>\n<meta property=\"article:modified_time\" content=\"2024-07-16T10:29:30+00:00\" \/>\n<meta name=\"twitter:card\" content=\"summary_large_image\" \/>\n<meta name=\"twitter:label1\" content=\"Szacowany czas czytania\" \/>\n\t<meta name=\"twitter:data1\" content=\"4 minuty\" \/>\n<script type=\"application\/ld+json\" class=\"yoast-schema-graph\">{\"@context\":\"https:\/\/schema.org\",\"@graph\":[{\"@type\":\"WebPage\",\"@id\":\"https:\/\/wi.pb.edu.pl\/p\/marek-j-druzdzel\/zajecia\/seminarium-dyplomowe-dla-studiow-magisterskich\/\",\"url\":\"https:\/\/wi.pb.edu.pl\/p\/marek-j-druzdzel\/zajecia\/seminarium-dyplomowe-dla-studiow-magisterskich\/\",\"name\":\"Seminarium dyplomowe (dla studiow magisterskich) - Strony pracownik\u00f3w Wydzia\u0142u Informatyki Politechniki Bia\u0142ostockiej\",\"isPartOf\":{\"@id\":\"https:\/\/wi.pb.edu.pl\/p\/#website\"},\"datePublished\":\"2024-07-16T10:25:11+00:00\",\"dateModified\":\"2024-07-16T10:29:30+00:00\",\"breadcrumb\":{\"@id\":\"https:\/\/wi.pb.edu.pl\/p\/marek-j-druzdzel\/zajecia\/seminarium-dyplomowe-dla-studiow-magisterskich\/#breadcrumb\"},\"inLanguage\":\"pl-PL\",\"potentialAction\":[{\"@type\":\"ReadAction\",\"target\":[\"https:\/\/wi.pb.edu.pl\/p\/marek-j-druzdzel\/zajecia\/seminarium-dyplomowe-dla-studiow-magisterskich\/\"]}]},{\"@type\":\"BreadcrumbList\",\"@id\":\"https:\/\/wi.pb.edu.pl\/p\/marek-j-druzdzel\/zajecia\/seminarium-dyplomowe-dla-studiow-magisterskich\/#breadcrumb\",\"itemListElement\":[{\"@type\":\"ListItem\",\"position\":1,\"name\":\"Strona g\u0142\u00f3wna\",\"item\":\"https:\/\/wi.pb.edu.pl\/p\/\"},{\"@type\":\"ListItem\",\"position\":2,\"name\":\"dr hab. in\u017c. Marek J. Dru\u017cdzel\",\"item\":\"https:\/\/wi.pb.edu.pl\/p\/marek-j-druzdzel\/\"},{\"@type\":\"ListItem\",\"position\":3,\"name\":\"Zaj\u0119cia\",\"item\":\"https:\/\/wi.pb.edu.pl\/p\/marek-j-druzdzel\/zajecia\/\"},{\"@type\":\"ListItem\",\"position\":4,\"name\":\"Seminarium dyplomowe (dla studiow magisterskich)\"}]},{\"@type\":\"WebSite\",\"@id\":\"https:\/\/wi.pb.edu.pl\/p\/#website\",\"url\":\"https:\/\/wi.pb.edu.pl\/p\/\",\"name\":\"Strony pracownik\u00f3w Wydzia\u0142u Informatyki Politechniki Bia\u0142ostockiej\",\"description\":\"\",\"potentialAction\":[{\"@type\":\"SearchAction\",\"target\":{\"@type\":\"EntryPoint\",\"urlTemplate\":\"https:\/\/wi.pb.edu.pl\/p\/?s={search_term_string}\"},\"query-input\":{\"@type\":\"PropertyValueSpecification\",\"valueRequired\":true,\"valueName\":\"search_term_string\"}}],\"inLanguage\":\"pl-PL\"}]}<\/script>\n<!-- \/ Yoast SEO plugin. -->","yoast_head_json":{"title":"Seminarium dyplomowe (dla studiow magisterskich) - Strony pracownik\u00f3w Wydzia\u0142u Informatyki Politechniki Bia\u0142ostockiej","robots":{"index":"index","follow":"follow","max-snippet":"max-snippet:-1","max-image-preview":"max-image-preview:large","max-video-preview":"max-video-preview:-1"},"canonical":"https:\/\/wi.pb.edu.pl\/p\/marek-j-druzdzel\/zajecia\/seminarium-dyplomowe-dla-studiow-magisterskich\/","og_locale":"pl_PL","og_type":"article","og_title":"Seminarium dyplomowe (dla studiow magisterskich) - Strony pracownik\u00f3w Wydzia\u0142u Informatyki Politechniki Bia\u0142ostockiej","og_description":"Semestr letni 2020-2021, srody, 17:15-18:45 (Microsoft Teams) Budynek Rektoratu Politechniki Bialostockiej, Wiejska 45-A, Bialystok Prowadzacy:&nbsp;Marekwi\u0119cej","og_url":"https:\/\/wi.pb.edu.pl\/p\/marek-j-druzdzel\/zajecia\/seminarium-dyplomowe-dla-studiow-magisterskich\/","og_site_name":"Strony pracownik\u00f3w Wydzia\u0142u Informatyki Politechniki Bia\u0142ostockiej","article_modified_time":"2024-07-16T10:29:30+00:00","twitter_card":"summary_large_image","twitter_misc":{"Szacowany czas czytania":"4 minuty"},"schema":{"@context":"https:\/\/schema.org","@graph":[{"@type":"WebPage","@id":"https:\/\/wi.pb.edu.pl\/p\/marek-j-druzdzel\/zajecia\/seminarium-dyplomowe-dla-studiow-magisterskich\/","url":"https:\/\/wi.pb.edu.pl\/p\/marek-j-druzdzel\/zajecia\/seminarium-dyplomowe-dla-studiow-magisterskich\/","name":"Seminarium dyplomowe (dla studiow magisterskich) - Strony pracownik\u00f3w Wydzia\u0142u Informatyki Politechniki Bia\u0142ostockiej","isPartOf":{"@id":"https:\/\/wi.pb.edu.pl\/p\/#website"},"datePublished":"2024-07-16T10:25:11+00:00","dateModified":"2024-07-16T10:29:30+00:00","breadcrumb":{"@id":"https:\/\/wi.pb.edu.pl\/p\/marek-j-druzdzel\/zajecia\/seminarium-dyplomowe-dla-studiow-magisterskich\/#breadcrumb"},"inLanguage":"pl-PL","potentialAction":[{"@type":"ReadAction","target":["https:\/\/wi.pb.edu.pl\/p\/marek-j-druzdzel\/zajecia\/seminarium-dyplomowe-dla-studiow-magisterskich\/"]}]},{"@type":"BreadcrumbList","@id":"https:\/\/wi.pb.edu.pl\/p\/marek-j-druzdzel\/zajecia\/seminarium-dyplomowe-dla-studiow-magisterskich\/#breadcrumb","itemListElement":[{"@type":"ListItem","position":1,"name":"Strona g\u0142\u00f3wna","item":"https:\/\/wi.pb.edu.pl\/p\/"},{"@type":"ListItem","position":2,"name":"dr hab. in\u017c. Marek J. Dru\u017cdzel","item":"https:\/\/wi.pb.edu.pl\/p\/marek-j-druzdzel\/"},{"@type":"ListItem","position":3,"name":"Zaj\u0119cia","item":"https:\/\/wi.pb.edu.pl\/p\/marek-j-druzdzel\/zajecia\/"},{"@type":"ListItem","position":4,"name":"Seminarium dyplomowe (dla studiow magisterskich)"}]},{"@type":"WebSite","@id":"https:\/\/wi.pb.edu.pl\/p\/#website","url":"https:\/\/wi.pb.edu.pl\/p\/","name":"Strony pracownik\u00f3w Wydzia\u0142u Informatyki Politechniki Bia\u0142ostockiej","description":"","potentialAction":[{"@type":"SearchAction","target":{"@type":"EntryPoint","urlTemplate":"https:\/\/wi.pb.edu.pl\/p\/?s={search_term_string}"},"query-input":{"@type":"PropertyValueSpecification","valueRequired":true,"valueName":"search_term_string"}}],"inLanguage":"pl-PL"}]}},"_links":{"self":[{"href":"https:\/\/wi.pb.edu.pl\/p\/wp-json\/wp\/v2\/pages\/229","targetHints":{"allow":["GET"]}}],"collection":[{"href":"https:\/\/wi.pb.edu.pl\/p\/wp-json\/wp\/v2\/pages"}],"about":[{"href":"https:\/\/wi.pb.edu.pl\/p\/wp-json\/wp\/v2\/types\/page"}],"author":[{"embeddable":true,"href":"https:\/\/wi.pb.edu.pl\/p\/wp-json\/wp\/v2\/users\/14"}],"replies":[{"embeddable":true,"href":"https:\/\/wi.pb.edu.pl\/p\/wp-json\/wp\/v2\/comments?post=229"}],"version-history":[{"count":4,"href":"https:\/\/wi.pb.edu.pl\/p\/wp-json\/wp\/v2\/pages\/229\/revisions"}],"predecessor-version":[{"id":236,"href":"https:\/\/wi.pb.edu.pl\/p\/wp-json\/wp\/v2\/pages\/229\/revisions\/236"}],"up":[{"embeddable":true,"href":"https:\/\/wi.pb.edu.pl\/p\/wp-json\/wp\/v2\/pages\/98"}],"wp:attachment":[{"href":"https:\/\/wi.pb.edu.pl\/p\/wp-json\/wp\/v2\/media?parent=229"}],"curies":[{"name":"wp","href":"https:\/\/api.w.org\/{rel}","templated":true}]}}