{"id":237,"date":"2024-07-16T12:30:49","date_gmt":"2024-07-16T10:30:49","guid":{"rendered":"https:\/\/wi.pb.edu.pl\/p\/?page_id=237"},"modified":"2024-07-16T12:30:58","modified_gmt":"2024-07-16T10:30:58","slug":"sieci-bayesowskie","status":"publish","type":"page","link":"https:\/\/wi.pb.edu.pl\/p\/marek-j-druzdzel\/zajecia\/sieci-bayesowskie\/","title":{"rendered":"Sieci bayesowskie"},"content":{"rendered":"<p>Wykladowca:&nbsp;Marek J. Druzdzel<\/p>\n<h4>Plan zajec semestr letni 2019-2020:<\/h4>\n<h5>28 kwietnia 2020:<\/h5>\n<p>Wstep: podejmowanie decyzji, niepewnosc, preferencje i decyzje, motywacja do wspomagania decyzji, systemy wspomagania decyzji, zawartosc przedmiotu. Propozycja projektu. Zasoby literatury, modeli i narzedzi. Narzedzia uzywane w przedmiocie: GeNIe i SMILE.<\/p>\n<h5>5 maja 2020:<\/h5>\n<p>Elementy teorii prawdopodobienstwa (subiektywne podejscie do prawdopodobienstwa, uaktualnianie wiedzy na podstawie twierdzenia Bayesa). Rozklad laczny prawdopodobienstwa i jego reprezentacje (drzewa prawdopodobienstw, sieci bayesowskie). Reprezentacje problem\u00f3w decyzyjnych (drzewa decyzyjne, diagramy wplywu). Dokladne i przyblizone algorytmy obliczen w sieciach bayesowskich.<\/p>\n<h5>12 maja 2020:<\/h5>\n<p>Uczenie sieci bayesowskich z danych i odkrywanie przyczynowosci.<\/p>\n<h5>19 maja 2020:<\/h5>\n<p>Pozyskiwanie prawdopodobienstw numerycznych od ekspert\u00f3w. Kanoniczne rozklady prawdopodobienstwa warunkowego: Noisy-OR\/AND i MAX\/MIN, bramki DeMorgan&#8217;a).<\/p>\n<h5>26 maja 2020:<\/h5>\n<p>Wybrane narzedzia do budowy i analizy modelu (test jasnosci, przyczynowosc, analiza wrazliwosci, wartosc informacji).<\/p>\n<h5>2 czerwca 2020:<\/h5>\n<p>Teoria oczekiwanej uzytecznosci. Funkcja uzytecznosci i jej paradoksy.<\/p>\n<h5>9 czerwca 2020:<\/h5>\n<p>Przetwarzanie niepewnosci przez czlowieka (racjonalnosc, psychologia podejmowania decyzji, szacowanie w warunkach niepewnosci, heurystyki i uprzedzenia, podstawy podejscia do wspomagania decyzji w oparciu o analize decyzji, normatywne podstawy teorii prawdopodobienstwa i teorii uzytecznosci).<\/p>\n<h4>Materialy z wykladow:<\/h4>\n<p>Wstep do sieci bayesowskich\/Introduction to Bayesian networks<\/p>\n","protected":false},"excerpt":{"rendered":"<p>Wykladowca:&nbsp;Marek J. Druzdzel Plan zajec semestr letni 2019-2020: 28 kwietnia 2020: Wstep: podejmowanie decyzji, niepewnosc,<a class=\"read-more\" href=\"https:\/\/wi.pb.edu.pl\/p\/marek-j-druzdzel\/zajecia\/sieci-bayesowskie\/\" title=\"Poka\u017c artyku\u0142 Sieci bayesowskie\">wi\u0119cej<\/a><\/p>\n","protected":false},"author":14,"featured_media":0,"parent":98,"menu_order":0,"comment_status":"closed","ping_status":"closed","template":"","meta":{"inline_featured_image":false,"ngg_post_thumbnail":0,"footnotes":""},"class_list":["post-237","page","type-page","status-publish","hentry"],"acf":[],"yoast_head":"<!-- This site is optimized with the Yoast SEO plugin v26.4 - https:\/\/yoast.com\/wordpress\/plugins\/seo\/ -->\n<title>Sieci bayesowskie - Strony pracownik\u00f3w Wydzia\u0142u Informatyki Politechniki Bia\u0142ostockiej<\/title>\n<meta name=\"robots\" content=\"index, follow, max-snippet:-1, max-image-preview:large, max-video-preview:-1\" \/>\n<link rel=\"canonical\" href=\"https:\/\/wi.pb.edu.pl\/p\/marek-j-druzdzel\/zajecia\/sieci-bayesowskie\/\" \/>\n<meta property=\"og:locale\" content=\"pl_PL\" \/>\n<meta property=\"og:type\" content=\"article\" \/>\n<meta property=\"og:title\" content=\"Sieci bayesowskie - Strony pracownik\u00f3w Wydzia\u0142u Informatyki Politechniki Bia\u0142ostockiej\" \/>\n<meta property=\"og:description\" content=\"Wykladowca:&nbsp;Marek J. Druzdzel Plan zajec semestr letni 2019-2020: 28 kwietnia 2020: Wstep: podejmowanie decyzji, niepewnosc,wi\u0119cej\" \/>\n<meta property=\"og:url\" content=\"https:\/\/wi.pb.edu.pl\/p\/marek-j-druzdzel\/zajecia\/sieci-bayesowskie\/\" \/>\n<meta property=\"og:site_name\" content=\"Strony pracownik\u00f3w Wydzia\u0142u Informatyki Politechniki Bia\u0142ostockiej\" \/>\n<meta property=\"article:modified_time\" content=\"2024-07-16T10:30:58+00:00\" \/>\n<meta name=\"twitter:card\" content=\"summary_large_image\" \/>\n<meta name=\"twitter:label1\" content=\"Szacowany czas czytania\" \/>\n\t<meta name=\"twitter:data1\" content=\"2 minuty\" \/>\n<script type=\"application\/ld+json\" class=\"yoast-schema-graph\">{\"@context\":\"https:\/\/schema.org\",\"@graph\":[{\"@type\":\"WebPage\",\"@id\":\"https:\/\/wi.pb.edu.pl\/p\/marek-j-druzdzel\/zajecia\/sieci-bayesowskie\/\",\"url\":\"https:\/\/wi.pb.edu.pl\/p\/marek-j-druzdzel\/zajecia\/sieci-bayesowskie\/\",\"name\":\"Sieci bayesowskie - Strony pracownik\u00f3w Wydzia\u0142u Informatyki Politechniki Bia\u0142ostockiej\",\"isPartOf\":{\"@id\":\"https:\/\/wi.pb.edu.pl\/p\/#website\"},\"datePublished\":\"2024-07-16T10:30:49+00:00\",\"dateModified\":\"2024-07-16T10:30:58+00:00\",\"breadcrumb\":{\"@id\":\"https:\/\/wi.pb.edu.pl\/p\/marek-j-druzdzel\/zajecia\/sieci-bayesowskie\/#breadcrumb\"},\"inLanguage\":\"pl-PL\",\"potentialAction\":[{\"@type\":\"ReadAction\",\"target\":[\"https:\/\/wi.pb.edu.pl\/p\/marek-j-druzdzel\/zajecia\/sieci-bayesowskie\/\"]}]},{\"@type\":\"BreadcrumbList\",\"@id\":\"https:\/\/wi.pb.edu.pl\/p\/marek-j-druzdzel\/zajecia\/sieci-bayesowskie\/#breadcrumb\",\"itemListElement\":[{\"@type\":\"ListItem\",\"position\":1,\"name\":\"Strona g\u0142\u00f3wna\",\"item\":\"https:\/\/wi.pb.edu.pl\/p\/\"},{\"@type\":\"ListItem\",\"position\":2,\"name\":\"dr hab. in\u017c. Marek J. Dru\u017cdzel\",\"item\":\"https:\/\/wi.pb.edu.pl\/p\/marek-j-druzdzel\/\"},{\"@type\":\"ListItem\",\"position\":3,\"name\":\"Zaj\u0119cia\",\"item\":\"https:\/\/wi.pb.edu.pl\/p\/marek-j-druzdzel\/zajecia\/\"},{\"@type\":\"ListItem\",\"position\":4,\"name\":\"Sieci bayesowskie\"}]},{\"@type\":\"WebSite\",\"@id\":\"https:\/\/wi.pb.edu.pl\/p\/#website\",\"url\":\"https:\/\/wi.pb.edu.pl\/p\/\",\"name\":\"Strony pracownik\u00f3w Wydzia\u0142u Informatyki Politechniki Bia\u0142ostockiej\",\"description\":\"\",\"potentialAction\":[{\"@type\":\"SearchAction\",\"target\":{\"@type\":\"EntryPoint\",\"urlTemplate\":\"https:\/\/wi.pb.edu.pl\/p\/?s={search_term_string}\"},\"query-input\":{\"@type\":\"PropertyValueSpecification\",\"valueRequired\":true,\"valueName\":\"search_term_string\"}}],\"inLanguage\":\"pl-PL\"}]}<\/script>\n<!-- \/ Yoast SEO plugin. -->","yoast_head_json":{"title":"Sieci bayesowskie - Strony pracownik\u00f3w Wydzia\u0142u Informatyki Politechniki Bia\u0142ostockiej","robots":{"index":"index","follow":"follow","max-snippet":"max-snippet:-1","max-image-preview":"max-image-preview:large","max-video-preview":"max-video-preview:-1"},"canonical":"https:\/\/wi.pb.edu.pl\/p\/marek-j-druzdzel\/zajecia\/sieci-bayesowskie\/","og_locale":"pl_PL","og_type":"article","og_title":"Sieci bayesowskie - Strony pracownik\u00f3w Wydzia\u0142u Informatyki Politechniki Bia\u0142ostockiej","og_description":"Wykladowca:&nbsp;Marek J. Druzdzel Plan zajec semestr letni 2019-2020: 28 kwietnia 2020: Wstep: podejmowanie decyzji, niepewnosc,wi\u0119cej","og_url":"https:\/\/wi.pb.edu.pl\/p\/marek-j-druzdzel\/zajecia\/sieci-bayesowskie\/","og_site_name":"Strony pracownik\u00f3w Wydzia\u0142u Informatyki Politechniki Bia\u0142ostockiej","article_modified_time":"2024-07-16T10:30:58+00:00","twitter_card":"summary_large_image","twitter_misc":{"Szacowany czas czytania":"2 minuty"},"schema":{"@context":"https:\/\/schema.org","@graph":[{"@type":"WebPage","@id":"https:\/\/wi.pb.edu.pl\/p\/marek-j-druzdzel\/zajecia\/sieci-bayesowskie\/","url":"https:\/\/wi.pb.edu.pl\/p\/marek-j-druzdzel\/zajecia\/sieci-bayesowskie\/","name":"Sieci bayesowskie - Strony pracownik\u00f3w Wydzia\u0142u Informatyki Politechniki Bia\u0142ostockiej","isPartOf":{"@id":"https:\/\/wi.pb.edu.pl\/p\/#website"},"datePublished":"2024-07-16T10:30:49+00:00","dateModified":"2024-07-16T10:30:58+00:00","breadcrumb":{"@id":"https:\/\/wi.pb.edu.pl\/p\/marek-j-druzdzel\/zajecia\/sieci-bayesowskie\/#breadcrumb"},"inLanguage":"pl-PL","potentialAction":[{"@type":"ReadAction","target":["https:\/\/wi.pb.edu.pl\/p\/marek-j-druzdzel\/zajecia\/sieci-bayesowskie\/"]}]},{"@type":"BreadcrumbList","@id":"https:\/\/wi.pb.edu.pl\/p\/marek-j-druzdzel\/zajecia\/sieci-bayesowskie\/#breadcrumb","itemListElement":[{"@type":"ListItem","position":1,"name":"Strona g\u0142\u00f3wna","item":"https:\/\/wi.pb.edu.pl\/p\/"},{"@type":"ListItem","position":2,"name":"dr hab. in\u017c. Marek J. Dru\u017cdzel","item":"https:\/\/wi.pb.edu.pl\/p\/marek-j-druzdzel\/"},{"@type":"ListItem","position":3,"name":"Zaj\u0119cia","item":"https:\/\/wi.pb.edu.pl\/p\/marek-j-druzdzel\/zajecia\/"},{"@type":"ListItem","position":4,"name":"Sieci bayesowskie"}]},{"@type":"WebSite","@id":"https:\/\/wi.pb.edu.pl\/p\/#website","url":"https:\/\/wi.pb.edu.pl\/p\/","name":"Strony pracownik\u00f3w Wydzia\u0142u Informatyki Politechniki Bia\u0142ostockiej","description":"","potentialAction":[{"@type":"SearchAction","target":{"@type":"EntryPoint","urlTemplate":"https:\/\/wi.pb.edu.pl\/p\/?s={search_term_string}"},"query-input":{"@type":"PropertyValueSpecification","valueRequired":true,"valueName":"search_term_string"}}],"inLanguage":"pl-PL"}]}},"_links":{"self":[{"href":"https:\/\/wi.pb.edu.pl\/p\/wp-json\/wp\/v2\/pages\/237","targetHints":{"allow":["GET"]}}],"collection":[{"href":"https:\/\/wi.pb.edu.pl\/p\/wp-json\/wp\/v2\/pages"}],"about":[{"href":"https:\/\/wi.pb.edu.pl\/p\/wp-json\/wp\/v2\/types\/page"}],"author":[{"embeddable":true,"href":"https:\/\/wi.pb.edu.pl\/p\/wp-json\/wp\/v2\/users\/14"}],"replies":[{"embeddable":true,"href":"https:\/\/wi.pb.edu.pl\/p\/wp-json\/wp\/v2\/comments?post=237"}],"version-history":[{"count":2,"href":"https:\/\/wi.pb.edu.pl\/p\/wp-json\/wp\/v2\/pages\/237\/revisions"}],"predecessor-version":[{"id":239,"href":"https:\/\/wi.pb.edu.pl\/p\/wp-json\/wp\/v2\/pages\/237\/revisions\/239"}],"up":[{"embeddable":true,"href":"https:\/\/wi.pb.edu.pl\/p\/wp-json\/wp\/v2\/pages\/98"}],"wp:attachment":[{"href":"https:\/\/wi.pb.edu.pl\/p\/wp-json\/wp\/v2\/media?parent=237"}],"curies":[{"name":"wp","href":"https:\/\/api.w.org\/{rel}","templated":true}]}}