{"id":276,"date":"2024-07-18T08:45:16","date_gmt":"2024-07-18T06:45:16","guid":{"rendered":"https:\/\/wi.pb.edu.pl\/p\/?page_id=276"},"modified":"2024-09-16T13:49:19","modified_gmt":"2024-09-16T11:49:19","slug":"urszula-kuzelewska","status":"publish","type":"page","link":"https:\/\/wi.pb.edu.pl\/p\/urszula-kuzelewska\/","title":{"rendered":"dr in\u017c. Urszula Ku\u017celewska"},"content":{"rendered":"<p><img loading=\"lazy\" decoding=\"async\" class=\"size-thumbnail wp-image-277 alignleft\" src=\"https:\/\/wi.pb.edu.pl\/p\/wp-content\/uploads\/sites\/3\/2024\/07\/u-kuzelewska-150x150.jpg\" alt=\"\" width=\"150\" height=\"150\"><\/p>\n<ul class=\"main\">\n<li>&nbsp;Wykszta\u0142cenie:\n<ul class=\"sec\">\n<li>Rozprawa doktorska pt. &#8222;Eksploracja danych przy u\u017cyciu algorytm\u00f3w grupuj\u0105cych z wykorzystaniem granulacji informacji&#8221;, Wydzia\u0142 Informatyki, Politechnika Bia\u0142ostocka<\/li>\n<li>Praca magisterska pt. &#8222;Zastosowanie algorytm\u00f3w genetycznych w ekstrakcji wiedzy w postaci struktur grafowych z baz danych&#8221;, Instytut Informatyki, Politechnika Bia\u0142ostocka<\/li>\n<\/ul>\n<\/li>\n<li>Zainteresowania naukowe:<br \/>\neksploracja danych, grupowanie, systemy rekomenduj\u0105ce<\/li>\n<li class=\"sec\">Wydzia\u0142 Informatyki, Wiejska 45a<br \/>\n15-351 Bia\u0142ystok<br \/>\npok\u00f3j 18C<br \/>\nnr tel. (85) 746 91 77<br \/>\ne-mail: u.kuzelewska@pb.edu.pl<\/li>\n<\/ul>\n","protected":false},"excerpt":{"rendered":"<p>&nbsp;Wykszta\u0142cenie: Rozprawa doktorska pt. &#8222;Eksploracja danych przy u\u017cyciu algorytm\u00f3w grupuj\u0105cych z wykorzystaniem granulacji informacji&#8221;, Wydzia\u0142<a class=\"read-more\" href=\"https:\/\/wi.pb.edu.pl\/p\/urszula-kuzelewska\/\" title=\"Poka\u017c artyku\u0142 dr in\u017c. Urszula Ku\u017celewska\">wi\u0119cej<\/a><\/p>\n","protected":false},"author":14,"featured_media":0,"parent":0,"menu_order":0,"comment_status":"closed","ping_status":"closed","template":"","meta":{"inline_featured_image":false,"ngg_post_thumbnail":0,"footnotes":""},"class_list":["post-276","page","type-page","status-publish","hentry"],"acf":[],"yoast_head":"<!-- This site is optimized with the Yoast SEO plugin v26.4 - https:\/\/yoast.com\/wordpress\/plugins\/seo\/ -->\n<title>dr in\u017c. Urszula Ku\u017celewska - Strony pracownik\u00f3w Wydzia\u0142u Informatyki Politechniki Bia\u0142ostockiej<\/title>\n<meta name=\"robots\" content=\"index, follow, max-snippet:-1, max-image-preview:large, max-video-preview:-1\" \/>\n<link rel=\"canonical\" href=\"https:\/\/wi.pb.edu.pl\/p\/urszula-kuzelewska\/\" \/>\n<meta property=\"og:locale\" content=\"pl_PL\" \/>\n<meta property=\"og:type\" content=\"article\" \/>\n<meta property=\"og:title\" content=\"dr in\u017c. Urszula Ku\u017celewska - Strony pracownik\u00f3w Wydzia\u0142u Informatyki Politechniki Bia\u0142ostockiej\" \/>\n<meta property=\"og:description\" content=\"&nbsp;Wykszta\u0142cenie: Rozprawa doktorska pt. &#8222;Eksploracja danych przy u\u017cyciu algorytm\u00f3w grupuj\u0105cych z wykorzystaniem granulacji informacji&#8221;, Wydzia\u0142wi\u0119cej\" \/>\n<meta property=\"og:url\" content=\"https:\/\/wi.pb.edu.pl\/p\/urszula-kuzelewska\/\" \/>\n<meta property=\"og:site_name\" content=\"Strony pracownik\u00f3w Wydzia\u0142u Informatyki Politechniki Bia\u0142ostockiej\" \/>\n<meta property=\"article:modified_time\" content=\"2024-09-16T11:49:19+00:00\" \/>\n<meta property=\"og:image\" content=\"https:\/\/wi.pb.edu.pl\/p\/wp-content\/uploads\/sites\/3\/2024\/07\/u-kuzelewska-150x150.jpg\" \/>\n<meta name=\"twitter:card\" content=\"summary_large_image\" \/>\n<meta name=\"twitter:label1\" content=\"Szacowany czas czytania\" \/>\n\t<meta name=\"twitter:data1\" content=\"1 minuta\" \/>\n<script type=\"application\/ld+json\" class=\"yoast-schema-graph\">{\"@context\":\"https:\/\/schema.org\",\"@graph\":[{\"@type\":\"WebPage\",\"@id\":\"https:\/\/wi.pb.edu.pl\/p\/urszula-kuzelewska\/\",\"url\":\"https:\/\/wi.pb.edu.pl\/p\/urszula-kuzelewska\/\",\"name\":\"dr in\u017c. Urszula Ku\u017celewska - Strony pracownik\u00f3w Wydzia\u0142u Informatyki Politechniki Bia\u0142ostockiej\",\"isPartOf\":{\"@id\":\"https:\/\/wi.pb.edu.pl\/p\/#website\"},\"primaryImageOfPage\":{\"@id\":\"https:\/\/wi.pb.edu.pl\/p\/urszula-kuzelewska\/#primaryimage\"},\"image\":{\"@id\":\"https:\/\/wi.pb.edu.pl\/p\/urszula-kuzelewska\/#primaryimage\"},\"thumbnailUrl\":\"https:\/\/wi.pb.edu.pl\/p\/wp-content\/uploads\/sites\/3\/2024\/07\/u-kuzelewska-150x150.jpg\",\"datePublished\":\"2024-07-18T06:45:16+00:00\",\"dateModified\":\"2024-09-16T11:49:19+00:00\",\"breadcrumb\":{\"@id\":\"https:\/\/wi.pb.edu.pl\/p\/urszula-kuzelewska\/#breadcrumb\"},\"inLanguage\":\"pl-PL\",\"potentialAction\":[{\"@type\":\"ReadAction\",\"target\":[\"https:\/\/wi.pb.edu.pl\/p\/urszula-kuzelewska\/\"]}]},{\"@type\":\"ImageObject\",\"inLanguage\":\"pl-PL\",\"@id\":\"https:\/\/wi.pb.edu.pl\/p\/urszula-kuzelewska\/#primaryimage\",\"url\":\"https:\/\/wi.pb.edu.pl\/p\/wp-content\/uploads\/sites\/3\/2024\/07\/u-kuzelewska.jpg\",\"contentUrl\":\"https:\/\/wi.pb.edu.pl\/p\/wp-content\/uploads\/sites\/3\/2024\/07\/u-kuzelewska.jpg\",\"width\":216,\"height\":343},{\"@type\":\"BreadcrumbList\",\"@id\":\"https:\/\/wi.pb.edu.pl\/p\/urszula-kuzelewska\/#breadcrumb\",\"itemListElement\":[{\"@type\":\"ListItem\",\"position\":1,\"name\":\"Strona g\u0142\u00f3wna\",\"item\":\"https:\/\/wi.pb.edu.pl\/p\/\"},{\"@type\":\"ListItem\",\"position\":2,\"name\":\"dr in\u017c. Urszula Ku\u017celewska\"}]},{\"@type\":\"WebSite\",\"@id\":\"https:\/\/wi.pb.edu.pl\/p\/#website\",\"url\":\"https:\/\/wi.pb.edu.pl\/p\/\",\"name\":\"Strony pracownik\u00f3w Wydzia\u0142u Informatyki Politechniki Bia\u0142ostockiej\",\"description\":\"\",\"potentialAction\":[{\"@type\":\"SearchAction\",\"target\":{\"@type\":\"EntryPoint\",\"urlTemplate\":\"https:\/\/wi.pb.edu.pl\/p\/?s={search_term_string}\"},\"query-input\":{\"@type\":\"PropertyValueSpecification\",\"valueRequired\":true,\"valueName\":\"search_term_string\"}}],\"inLanguage\":\"pl-PL\"}]}<\/script>\n<!-- \/ Yoast SEO plugin. -->","yoast_head_json":{"title":"dr in\u017c. Urszula Ku\u017celewska - Strony pracownik\u00f3w Wydzia\u0142u Informatyki Politechniki Bia\u0142ostockiej","robots":{"index":"index","follow":"follow","max-snippet":"max-snippet:-1","max-image-preview":"max-image-preview:large","max-video-preview":"max-video-preview:-1"},"canonical":"https:\/\/wi.pb.edu.pl\/p\/urszula-kuzelewska\/","og_locale":"pl_PL","og_type":"article","og_title":"dr in\u017c. Urszula Ku\u017celewska - Strony pracownik\u00f3w Wydzia\u0142u Informatyki Politechniki Bia\u0142ostockiej","og_description":"&nbsp;Wykszta\u0142cenie: Rozprawa doktorska pt. &#8222;Eksploracja danych przy u\u017cyciu algorytm\u00f3w grupuj\u0105cych z wykorzystaniem granulacji informacji&#8221;, Wydzia\u0142wi\u0119cej","og_url":"https:\/\/wi.pb.edu.pl\/p\/urszula-kuzelewska\/","og_site_name":"Strony pracownik\u00f3w Wydzia\u0142u Informatyki Politechniki Bia\u0142ostockiej","article_modified_time":"2024-09-16T11:49:19+00:00","og_image":[{"url":"https:\/\/wi.pb.edu.pl\/p\/wp-content\/uploads\/sites\/3\/2024\/07\/u-kuzelewska-150x150.jpg","type":"","width":"","height":""}],"twitter_card":"summary_large_image","twitter_misc":{"Szacowany czas czytania":"1 minuta"},"schema":{"@context":"https:\/\/schema.org","@graph":[{"@type":"WebPage","@id":"https:\/\/wi.pb.edu.pl\/p\/urszula-kuzelewska\/","url":"https:\/\/wi.pb.edu.pl\/p\/urszula-kuzelewska\/","name":"dr in\u017c. Urszula Ku\u017celewska - Strony pracownik\u00f3w Wydzia\u0142u Informatyki Politechniki Bia\u0142ostockiej","isPartOf":{"@id":"https:\/\/wi.pb.edu.pl\/p\/#website"},"primaryImageOfPage":{"@id":"https:\/\/wi.pb.edu.pl\/p\/urszula-kuzelewska\/#primaryimage"},"image":{"@id":"https:\/\/wi.pb.edu.pl\/p\/urszula-kuzelewska\/#primaryimage"},"thumbnailUrl":"https:\/\/wi.pb.edu.pl\/p\/wp-content\/uploads\/sites\/3\/2024\/07\/u-kuzelewska-150x150.jpg","datePublished":"2024-07-18T06:45:16+00:00","dateModified":"2024-09-16T11:49:19+00:00","breadcrumb":{"@id":"https:\/\/wi.pb.edu.pl\/p\/urszula-kuzelewska\/#breadcrumb"},"inLanguage":"pl-PL","potentialAction":[{"@type":"ReadAction","target":["https:\/\/wi.pb.edu.pl\/p\/urszula-kuzelewska\/"]}]},{"@type":"ImageObject","inLanguage":"pl-PL","@id":"https:\/\/wi.pb.edu.pl\/p\/urszula-kuzelewska\/#primaryimage","url":"https:\/\/wi.pb.edu.pl\/p\/wp-content\/uploads\/sites\/3\/2024\/07\/u-kuzelewska.jpg","contentUrl":"https:\/\/wi.pb.edu.pl\/p\/wp-content\/uploads\/sites\/3\/2024\/07\/u-kuzelewska.jpg","width":216,"height":343},{"@type":"BreadcrumbList","@id":"https:\/\/wi.pb.edu.pl\/p\/urszula-kuzelewska\/#breadcrumb","itemListElement":[{"@type":"ListItem","position":1,"name":"Strona g\u0142\u00f3wna","item":"https:\/\/wi.pb.edu.pl\/p\/"},{"@type":"ListItem","position":2,"name":"dr in\u017c. Urszula Ku\u017celewska"}]},{"@type":"WebSite","@id":"https:\/\/wi.pb.edu.pl\/p\/#website","url":"https:\/\/wi.pb.edu.pl\/p\/","name":"Strony pracownik\u00f3w Wydzia\u0142u Informatyki Politechniki Bia\u0142ostockiej","description":"","potentialAction":[{"@type":"SearchAction","target":{"@type":"EntryPoint","urlTemplate":"https:\/\/wi.pb.edu.pl\/p\/?s={search_term_string}"},"query-input":{"@type":"PropertyValueSpecification","valueRequired":true,"valueName":"search_term_string"}}],"inLanguage":"pl-PL"}]}},"_links":{"self":[{"href":"https:\/\/wi.pb.edu.pl\/p\/wp-json\/wp\/v2\/pages\/276","targetHints":{"allow":["GET"]}}],"collection":[{"href":"https:\/\/wi.pb.edu.pl\/p\/wp-json\/wp\/v2\/pages"}],"about":[{"href":"https:\/\/wi.pb.edu.pl\/p\/wp-json\/wp\/v2\/types\/page"}],"author":[{"embeddable":true,"href":"https:\/\/wi.pb.edu.pl\/p\/wp-json\/wp\/v2\/users\/14"}],"replies":[{"embeddable":true,"href":"https:\/\/wi.pb.edu.pl\/p\/wp-json\/wp\/v2\/comments?post=276"}],"version-history":[{"count":4,"href":"https:\/\/wi.pb.edu.pl\/p\/wp-json\/wp\/v2\/pages\/276\/revisions"}],"predecessor-version":[{"id":1508,"href":"https:\/\/wi.pb.edu.pl\/p\/wp-json\/wp\/v2\/pages\/276\/revisions\/1508"}],"wp:attachment":[{"href":"https:\/\/wi.pb.edu.pl\/p\/wp-json\/wp\/v2\/media?parent=276"}],"curies":[{"name":"wp","href":"https:\/\/api.w.org\/{rel}","templated":true}]}}