{"id":281,"date":"2024-07-18T08:53:19","date_gmt":"2024-07-18T06:53:19","guid":{"rendered":"https:\/\/wi.pb.edu.pl\/p\/?page_id=281"},"modified":"2024-09-17T10:39:28","modified_gmt":"2024-09-17T08:39:28","slug":"piotr-grzeszczuk","status":"publish","type":"page","link":"https:\/\/wi.pb.edu.pl\/p\/piotr-grzeszczuk\/","title":{"rendered":"prof. dr hab. Piotr Grzeszczuk"},"content":{"rendered":"<p><img loading=\"lazy\" decoding=\"async\" class=\"size-thumbnail wp-image-282 alignleft\" src=\"https:\/\/wi.pb.edu.pl\/p\/wp-content\/uploads\/sites\/3\/2024\/07\/p-grzeszczuk-150x150.jpg\" alt=\"\" width=\"150\" height=\"150\">Wydzia\u0142 Informatyki<br \/>\nPolitechnika Bia\u0142ostocka<br \/>\nul. Wiejska 45A, 15-351 Bia\u0142ystok<br \/>\npok\u00f3j 141<br \/>\n<i class=\"fal fa-phone\"><\/i> 85 746-97-58<br \/>\n<i class=\"fal fa-envelope\"><\/i> <a href=\"#\" rel=\"nofollow\"  onclick=\"this.href='mailto:' + 'p.grzeszczuk' + '@' + 'pb.edu.pl'\">p.grzeszczuk [at] pb.edu.pl<\/a>\n<div style=\"clear: both\">\n<hr>\n<p><a title=\"CV\" href=\"https:\/\/wi.pb.edu.pl\/p\/piotr-grzeszczuk\/cv\/\">cv<\/a><\/p>\n<p><a title=\"Publikacje i preprinty\" href=\"https:\/\/wi.pb.edu.pl\/p\/piotr-grzeszczuk\/publikacje-i-preprinty\/\">publikacje i preprinty<\/a><br \/>\ndydaktyka<\/p>\n<p>Materia\u0142y dydaktycne do wyk\u0142ad\u00f3w i \u0107wicze\u0144&nbsp; znajduj\u0105 si\u0119 na<br \/>\nplatformie e-learning(owej)&nbsp;&nbsp;<a href=\"https:\/\/cez2.wi.pb.edu.pl\/moodle\/course\/index.php?categoryid=9\">Cez2<\/a><\/p>\n<p><a title=\"Seminarium Algebraiczne\" href=\"https:\/\/wi.pb.edu.pl\/p\/piotr-grzeszczuk\/seminarium-algebraiczne\/\">seminarium algebraiczne<\/a><\/p>\n<hr>\n<p>Konsultacje:&nbsp; poniedzia\u0142ki 10.15-11.45&nbsp; oraz wtorki 10.15-11.45<\/p>\n<\/div>\n","protected":false},"excerpt":{"rendered":"<p>Wydzia\u0142 Informatyki Politechnika Bia\u0142ostocka ul. Wiejska 45A, 15-351 Bia\u0142ystok pok\u00f3j 141 85 746-97-58 cv publikacje<a class=\"read-more\" href=\"https:\/\/wi.pb.edu.pl\/p\/piotr-grzeszczuk\/\" title=\"Poka\u017c artyku\u0142 prof. dr hab. Piotr Grzeszczuk\">wi\u0119cej<\/a><\/p>\n","protected":false},"author":14,"featured_media":0,"parent":0,"menu_order":0,"comment_status":"closed","ping_status":"closed","template":"","meta":{"inline_featured_image":false,"ngg_post_thumbnail":0,"footnotes":""},"class_list":["post-281","page","type-page","status-publish","hentry"],"acf":[],"yoast_head":"<!-- This site is optimized with the Yoast SEO plugin v26.4 - https:\/\/yoast.com\/wordpress\/plugins\/seo\/ -->\n<title>prof. dr hab. Piotr Grzeszczuk - Strony pracownik\u00f3w Wydzia\u0142u Informatyki Politechniki Bia\u0142ostockiej<\/title>\n<meta name=\"robots\" content=\"index, follow, max-snippet:-1, max-image-preview:large, max-video-preview:-1\" \/>\n<link rel=\"canonical\" href=\"https:\/\/wi.pb.edu.pl\/p\/piotr-grzeszczuk\/\" \/>\n<meta property=\"og:locale\" content=\"pl_PL\" \/>\n<meta property=\"og:type\" content=\"article\" \/>\n<meta property=\"og:title\" content=\"prof. dr hab. Piotr Grzeszczuk - Strony pracownik\u00f3w Wydzia\u0142u Informatyki Politechniki Bia\u0142ostockiej\" \/>\n<meta property=\"og:description\" content=\"Wydzia\u0142 Informatyki Politechnika Bia\u0142ostocka ul. Wiejska 45A, 15-351 Bia\u0142ystok pok\u00f3j 141 85 746-97-58 cv publikacjewi\u0119cej\" \/>\n<meta property=\"og:url\" content=\"https:\/\/wi.pb.edu.pl\/p\/piotr-grzeszczuk\/\" \/>\n<meta property=\"og:site_name\" content=\"Strony pracownik\u00f3w Wydzia\u0142u Informatyki Politechniki Bia\u0142ostockiej\" \/>\n<meta property=\"article:modified_time\" content=\"2024-09-17T08:39:28+00:00\" \/>\n<meta property=\"og:image\" content=\"https:\/\/wi.pb.edu.pl\/p\/wp-content\/uploads\/sites\/3\/2024\/07\/p-grzeszczuk-150x150.jpg\" \/>\n<meta name=\"twitter:card\" content=\"summary_large_image\" \/>\n<meta name=\"twitter:label1\" content=\"Szacowany czas czytania\" \/>\n\t<meta name=\"twitter:data1\" content=\"1 minuta\" \/>\n<script type=\"application\/ld+json\" class=\"yoast-schema-graph\">{\"@context\":\"https:\/\/schema.org\",\"@graph\":[{\"@type\":\"WebPage\",\"@id\":\"https:\/\/wi.pb.edu.pl\/p\/piotr-grzeszczuk\/\",\"url\":\"https:\/\/wi.pb.edu.pl\/p\/piotr-grzeszczuk\/\",\"name\":\"prof. dr hab. Piotr Grzeszczuk - Strony pracownik\u00f3w Wydzia\u0142u Informatyki Politechniki Bia\u0142ostockiej\",\"isPartOf\":{\"@id\":\"https:\/\/wi.pb.edu.pl\/p\/#website\"},\"primaryImageOfPage\":{\"@id\":\"https:\/\/wi.pb.edu.pl\/p\/piotr-grzeszczuk\/#primaryimage\"},\"image\":{\"@id\":\"https:\/\/wi.pb.edu.pl\/p\/piotr-grzeszczuk\/#primaryimage\"},\"thumbnailUrl\":\"https:\/\/wi.pb.edu.pl\/p\/wp-content\/uploads\/sites\/3\/2024\/07\/p-grzeszczuk-150x150.jpg\",\"datePublished\":\"2024-07-18T06:53:19+00:00\",\"dateModified\":\"2024-09-17T08:39:28+00:00\",\"breadcrumb\":{\"@id\":\"https:\/\/wi.pb.edu.pl\/p\/piotr-grzeszczuk\/#breadcrumb\"},\"inLanguage\":\"pl-PL\",\"potentialAction\":[{\"@type\":\"ReadAction\",\"target\":[\"https:\/\/wi.pb.edu.pl\/p\/piotr-grzeszczuk\/\"]}]},{\"@type\":\"ImageObject\",\"inLanguage\":\"pl-PL\",\"@id\":\"https:\/\/wi.pb.edu.pl\/p\/piotr-grzeszczuk\/#primaryimage\",\"url\":\"https:\/\/wi.pb.edu.pl\/p\/wp-content\/uploads\/sites\/3\/2024\/07\/p-grzeszczuk.jpg\",\"contentUrl\":\"https:\/\/wi.pb.edu.pl\/p\/wp-content\/uploads\/sites\/3\/2024\/07\/p-grzeszczuk.jpg\",\"width\":338,\"height\":296},{\"@type\":\"BreadcrumbList\",\"@id\":\"https:\/\/wi.pb.edu.pl\/p\/piotr-grzeszczuk\/#breadcrumb\",\"itemListElement\":[{\"@type\":\"ListItem\",\"position\":1,\"name\":\"Strona g\u0142\u00f3wna\",\"item\":\"https:\/\/wi.pb.edu.pl\/p\/\"},{\"@type\":\"ListItem\",\"position\":2,\"name\":\"prof. dr hab. Piotr Grzeszczuk\"}]},{\"@type\":\"WebSite\",\"@id\":\"https:\/\/wi.pb.edu.pl\/p\/#website\",\"url\":\"https:\/\/wi.pb.edu.pl\/p\/\",\"name\":\"Strony pracownik\u00f3w Wydzia\u0142u Informatyki Politechniki Bia\u0142ostockiej\",\"description\":\"\",\"potentialAction\":[{\"@type\":\"SearchAction\",\"target\":{\"@type\":\"EntryPoint\",\"urlTemplate\":\"https:\/\/wi.pb.edu.pl\/p\/?s={search_term_string}\"},\"query-input\":{\"@type\":\"PropertyValueSpecification\",\"valueRequired\":true,\"valueName\":\"search_term_string\"}}],\"inLanguage\":\"pl-PL\"}]}<\/script>\n<!-- \/ Yoast SEO plugin. -->","yoast_head_json":{"title":"prof. dr hab. Piotr Grzeszczuk - Strony pracownik\u00f3w Wydzia\u0142u Informatyki Politechniki Bia\u0142ostockiej","robots":{"index":"index","follow":"follow","max-snippet":"max-snippet:-1","max-image-preview":"max-image-preview:large","max-video-preview":"max-video-preview:-1"},"canonical":"https:\/\/wi.pb.edu.pl\/p\/piotr-grzeszczuk\/","og_locale":"pl_PL","og_type":"article","og_title":"prof. dr hab. Piotr Grzeszczuk - Strony pracownik\u00f3w Wydzia\u0142u Informatyki Politechniki Bia\u0142ostockiej","og_description":"Wydzia\u0142 Informatyki Politechnika Bia\u0142ostocka ul. Wiejska 45A, 15-351 Bia\u0142ystok pok\u00f3j 141 85 746-97-58 cv publikacjewi\u0119cej","og_url":"https:\/\/wi.pb.edu.pl\/p\/piotr-grzeszczuk\/","og_site_name":"Strony pracownik\u00f3w Wydzia\u0142u Informatyki Politechniki Bia\u0142ostockiej","article_modified_time":"2024-09-17T08:39:28+00:00","og_image":[{"url":"https:\/\/wi.pb.edu.pl\/p\/wp-content\/uploads\/sites\/3\/2024\/07\/p-grzeszczuk-150x150.jpg","type":"","width":"","height":""}],"twitter_card":"summary_large_image","twitter_misc":{"Szacowany czas czytania":"1 minuta"},"schema":{"@context":"https:\/\/schema.org","@graph":[{"@type":"WebPage","@id":"https:\/\/wi.pb.edu.pl\/p\/piotr-grzeszczuk\/","url":"https:\/\/wi.pb.edu.pl\/p\/piotr-grzeszczuk\/","name":"prof. dr hab. Piotr Grzeszczuk - Strony pracownik\u00f3w Wydzia\u0142u Informatyki Politechniki Bia\u0142ostockiej","isPartOf":{"@id":"https:\/\/wi.pb.edu.pl\/p\/#website"},"primaryImageOfPage":{"@id":"https:\/\/wi.pb.edu.pl\/p\/piotr-grzeszczuk\/#primaryimage"},"image":{"@id":"https:\/\/wi.pb.edu.pl\/p\/piotr-grzeszczuk\/#primaryimage"},"thumbnailUrl":"https:\/\/wi.pb.edu.pl\/p\/wp-content\/uploads\/sites\/3\/2024\/07\/p-grzeszczuk-150x150.jpg","datePublished":"2024-07-18T06:53:19+00:00","dateModified":"2024-09-17T08:39:28+00:00","breadcrumb":{"@id":"https:\/\/wi.pb.edu.pl\/p\/piotr-grzeszczuk\/#breadcrumb"},"inLanguage":"pl-PL","potentialAction":[{"@type":"ReadAction","target":["https:\/\/wi.pb.edu.pl\/p\/piotr-grzeszczuk\/"]}]},{"@type":"ImageObject","inLanguage":"pl-PL","@id":"https:\/\/wi.pb.edu.pl\/p\/piotr-grzeszczuk\/#primaryimage","url":"https:\/\/wi.pb.edu.pl\/p\/wp-content\/uploads\/sites\/3\/2024\/07\/p-grzeszczuk.jpg","contentUrl":"https:\/\/wi.pb.edu.pl\/p\/wp-content\/uploads\/sites\/3\/2024\/07\/p-grzeszczuk.jpg","width":338,"height":296},{"@type":"BreadcrumbList","@id":"https:\/\/wi.pb.edu.pl\/p\/piotr-grzeszczuk\/#breadcrumb","itemListElement":[{"@type":"ListItem","position":1,"name":"Strona g\u0142\u00f3wna","item":"https:\/\/wi.pb.edu.pl\/p\/"},{"@type":"ListItem","position":2,"name":"prof. dr hab. Piotr Grzeszczuk"}]},{"@type":"WebSite","@id":"https:\/\/wi.pb.edu.pl\/p\/#website","url":"https:\/\/wi.pb.edu.pl\/p\/","name":"Strony pracownik\u00f3w Wydzia\u0142u Informatyki Politechniki Bia\u0142ostockiej","description":"","potentialAction":[{"@type":"SearchAction","target":{"@type":"EntryPoint","urlTemplate":"https:\/\/wi.pb.edu.pl\/p\/?s={search_term_string}"},"query-input":{"@type":"PropertyValueSpecification","valueRequired":true,"valueName":"search_term_string"}}],"inLanguage":"pl-PL"}]}},"_links":{"self":[{"href":"https:\/\/wi.pb.edu.pl\/p\/wp-json\/wp\/v2\/pages\/281","targetHints":{"allow":["GET"]}}],"collection":[{"href":"https:\/\/wi.pb.edu.pl\/p\/wp-json\/wp\/v2\/pages"}],"about":[{"href":"https:\/\/wi.pb.edu.pl\/p\/wp-json\/wp\/v2\/types\/page"}],"author":[{"embeddable":true,"href":"https:\/\/wi.pb.edu.pl\/p\/wp-json\/wp\/v2\/users\/14"}],"replies":[{"embeddable":true,"href":"https:\/\/wi.pb.edu.pl\/p\/wp-json\/wp\/v2\/comments?post=281"}],"version-history":[{"count":14,"href":"https:\/\/wi.pb.edu.pl\/p\/wp-json\/wp\/v2\/pages\/281\/revisions"}],"predecessor-version":[{"id":1888,"href":"https:\/\/wi.pb.edu.pl\/p\/wp-json\/wp\/v2\/pages\/281\/revisions\/1888"}],"wp:attachment":[{"href":"https:\/\/wi.pb.edu.pl\/p\/wp-json\/wp\/v2\/media?parent=281"}],"curies":[{"name":"wp","href":"https:\/\/api.w.org\/{rel}","templated":true}]}}