{"id":293,"date":"2024-07-18T08:58:01","date_gmt":"2024-07-18T06:58:01","guid":{"rendered":"https:\/\/wi.pb.edu.pl\/p\/?page_id=293"},"modified":"2024-07-18T08:58:37","modified_gmt":"2024-07-18T06:58:37","slug":"cv","status":"publish","type":"page","link":"https:\/\/wi.pb.edu.pl\/p\/piotr-grzeszczuk\/cv\/","title":{"rendered":"CV"},"content":{"rendered":"<h4>Zainteresowania naukowe: <em>Teoria pier\u015bcieni nieprzemiennych<\/em><\/h4>\n<h4>Wykszta\u0142cenie:<\/h4>\n<ul>\n<li>1973-1977, I Liceum Og\u00f3lnokszta\u0142c\u0105ce im. Adama Mickiewicza w Bia\u0142ymstoku<\/li>\n<li>1977-1982, studia matematyczne na Wydziale Matematyki Informatyki i Mechaniki Uniwersytetu Warszawskiego<\/li>\n<li>1982, magister; praca magisterska:&nbsp;<i>O wymiarach modu\u0142\u00f3w i pier\u015bcieni \u0142\u0105cznych<\/i>, Uniwersytet Warszawski, promotor prof.&nbsp; Edmund R. Puczy\u0142owski<\/li>\n<li>1988, doktorat; praca doktorska:&nbsp;<i>Kratowe wymiary pier\u015bcieni i modu\u0142\u00f3w<\/i>, Uniwersytet Warszawski, promotor prof. Edmund R. Puczy\u0142owski<\/li>\n<li>23.02.1998, habilitacja:&nbsp;<em>R\u00f3\u017cniczkowania algebr i ich niezmienniki,&nbsp;<\/em>Uniwersytet Warszawski<\/li>\n<li>17.01.2013, tytu\u0142 profesora nauk matematycznych<\/li>\n<\/ul>\n<h4>Granty:<\/h4>\n<ul>\n<li>1992-1994: R\u00f3\u017cniczkowania pier\u015bcieni \u0142\u0105cznych, KBN grant no. 2 2012 91 02<\/li>\n<li>1995-1997: Kolorowe algebry Liego ich dzia\u0142ania na pier\u015bcienie, KBN grant no. 2 P03A 050 08<\/li>\n<li>1998-2001: Zachowanie si\u0119 w\u0142asno\u015bci pier\u015bcieni przy naturalnych konstrukcjach, KBN grant no. 2 P03A 039 14<\/li>\n<li>2004-2007: Wyr\u00f3\u017cnione klasy pier\u015bcieni \u0142\u0105cznych, KBN grant no. 1 P03A 032<\/li>\n<li>2008-2011: W\u0142asno\u015bci pier\u015bcieni wyra\u017calne w terminach idea\u0142\u00f3w, Grant MNiSW nr N N201 268435, kierownik: dr hab. Jerzy Matczuk<\/li>\n<li>2012-2015:&nbsp; Zachowanie si\u0119 w\u0142asno\u015bci pier\u015bcieni i modu\u0142\u00f3w przy wyr\u00f3\u017cnionych konstrukcjach, Grant NCN No.DEC-2011\/03\/B\/ST1\/04893, kierownik: prof. E.R. Puczy\u0142owski<\/li>\n<\/ul>\n","protected":false},"excerpt":{"rendered":"<p>Zainteresowania naukowe: Teoria pier\u015bcieni nieprzemiennych Wykszta\u0142cenie: 1973-1977, I Liceum Og\u00f3lnokszta\u0142c\u0105ce im. Adama Mickiewicza w Bia\u0142ymstoku<a class=\"read-more\" href=\"https:\/\/wi.pb.edu.pl\/p\/piotr-grzeszczuk\/cv\/\" title=\"Poka\u017c artyku\u0142 CV\">wi\u0119cej<\/a><\/p>\n","protected":false},"author":14,"featured_media":0,"parent":281,"menu_order":0,"comment_status":"closed","ping_status":"closed","template":"","meta":{"inline_featured_image":false,"ngg_post_thumbnail":0,"footnotes":""},"class_list":["post-293","page","type-page","status-publish","hentry"],"acf":[],"yoast_head":"<!-- This site is optimized with the Yoast SEO plugin v26.4 - https:\/\/yoast.com\/wordpress\/plugins\/seo\/ -->\n<title>CV - Strony pracownik\u00f3w Wydzia\u0142u Informatyki Politechniki Bia\u0142ostockiej<\/title>\n<meta name=\"robots\" content=\"index, follow, max-snippet:-1, max-image-preview:large, max-video-preview:-1\" \/>\n<link rel=\"canonical\" href=\"https:\/\/wi.pb.edu.pl\/p\/piotr-grzeszczuk\/cv\/\" \/>\n<meta property=\"og:locale\" content=\"pl_PL\" \/>\n<meta property=\"og:type\" content=\"article\" \/>\n<meta property=\"og:title\" content=\"CV - Strony pracownik\u00f3w Wydzia\u0142u Informatyki Politechniki Bia\u0142ostockiej\" \/>\n<meta property=\"og:description\" content=\"Zainteresowania naukowe: Teoria pier\u015bcieni nieprzemiennych Wykszta\u0142cenie: 1973-1977, I Liceum Og\u00f3lnokszta\u0142c\u0105ce im. Adama Mickiewicza w Bia\u0142ymstokuwi\u0119cej\" \/>\n<meta property=\"og:url\" content=\"https:\/\/wi.pb.edu.pl\/p\/piotr-grzeszczuk\/cv\/\" \/>\n<meta property=\"og:site_name\" content=\"Strony pracownik\u00f3w Wydzia\u0142u Informatyki Politechniki Bia\u0142ostockiej\" \/>\n<meta property=\"article:modified_time\" content=\"2024-07-18T06:58:37+00:00\" \/>\n<meta name=\"twitter:card\" content=\"summary_large_image\" \/>\n<meta name=\"twitter:label1\" content=\"Szacowany czas czytania\" \/>\n\t<meta name=\"twitter:data1\" content=\"1 minuta\" \/>\n<script type=\"application\/ld+json\" class=\"yoast-schema-graph\">{\"@context\":\"https:\/\/schema.org\",\"@graph\":[{\"@type\":\"WebPage\",\"@id\":\"https:\/\/wi.pb.edu.pl\/p\/piotr-grzeszczuk\/cv\/\",\"url\":\"https:\/\/wi.pb.edu.pl\/p\/piotr-grzeszczuk\/cv\/\",\"name\":\"CV - Strony pracownik\u00f3w Wydzia\u0142u Informatyki Politechniki Bia\u0142ostockiej\",\"isPartOf\":{\"@id\":\"https:\/\/wi.pb.edu.pl\/p\/#website\"},\"datePublished\":\"2024-07-18T06:58:01+00:00\",\"dateModified\":\"2024-07-18T06:58:37+00:00\",\"breadcrumb\":{\"@id\":\"https:\/\/wi.pb.edu.pl\/p\/piotr-grzeszczuk\/cv\/#breadcrumb\"},\"inLanguage\":\"pl-PL\",\"potentialAction\":[{\"@type\":\"ReadAction\",\"target\":[\"https:\/\/wi.pb.edu.pl\/p\/piotr-grzeszczuk\/cv\/\"]}]},{\"@type\":\"BreadcrumbList\",\"@id\":\"https:\/\/wi.pb.edu.pl\/p\/piotr-grzeszczuk\/cv\/#breadcrumb\",\"itemListElement\":[{\"@type\":\"ListItem\",\"position\":1,\"name\":\"Strona g\u0142\u00f3wna\",\"item\":\"https:\/\/wi.pb.edu.pl\/p\/\"},{\"@type\":\"ListItem\",\"position\":2,\"name\":\"prof. dr hab. Piotr Grzeszczuk\",\"item\":\"https:\/\/wi.pb.edu.pl\/p\/piotr-grzeszczuk\/\"},{\"@type\":\"ListItem\",\"position\":3,\"name\":\"CV\"}]},{\"@type\":\"WebSite\",\"@id\":\"https:\/\/wi.pb.edu.pl\/p\/#website\",\"url\":\"https:\/\/wi.pb.edu.pl\/p\/\",\"name\":\"Strony pracownik\u00f3w Wydzia\u0142u Informatyki Politechniki Bia\u0142ostockiej\",\"description\":\"\",\"potentialAction\":[{\"@type\":\"SearchAction\",\"target\":{\"@type\":\"EntryPoint\",\"urlTemplate\":\"https:\/\/wi.pb.edu.pl\/p\/?s={search_term_string}\"},\"query-input\":{\"@type\":\"PropertyValueSpecification\",\"valueRequired\":true,\"valueName\":\"search_term_string\"}}],\"inLanguage\":\"pl-PL\"}]}<\/script>\n<!-- \/ Yoast SEO plugin. -->","yoast_head_json":{"title":"CV - Strony pracownik\u00f3w Wydzia\u0142u Informatyki Politechniki Bia\u0142ostockiej","robots":{"index":"index","follow":"follow","max-snippet":"max-snippet:-1","max-image-preview":"max-image-preview:large","max-video-preview":"max-video-preview:-1"},"canonical":"https:\/\/wi.pb.edu.pl\/p\/piotr-grzeszczuk\/cv\/","og_locale":"pl_PL","og_type":"article","og_title":"CV - Strony pracownik\u00f3w Wydzia\u0142u Informatyki Politechniki Bia\u0142ostockiej","og_description":"Zainteresowania naukowe: Teoria pier\u015bcieni nieprzemiennych Wykszta\u0142cenie: 1973-1977, I Liceum Og\u00f3lnokszta\u0142c\u0105ce im. Adama Mickiewicza w Bia\u0142ymstokuwi\u0119cej","og_url":"https:\/\/wi.pb.edu.pl\/p\/piotr-grzeszczuk\/cv\/","og_site_name":"Strony pracownik\u00f3w Wydzia\u0142u Informatyki Politechniki Bia\u0142ostockiej","article_modified_time":"2024-07-18T06:58:37+00:00","twitter_card":"summary_large_image","twitter_misc":{"Szacowany czas czytania":"1 minuta"},"schema":{"@context":"https:\/\/schema.org","@graph":[{"@type":"WebPage","@id":"https:\/\/wi.pb.edu.pl\/p\/piotr-grzeszczuk\/cv\/","url":"https:\/\/wi.pb.edu.pl\/p\/piotr-grzeszczuk\/cv\/","name":"CV - Strony pracownik\u00f3w Wydzia\u0142u Informatyki Politechniki Bia\u0142ostockiej","isPartOf":{"@id":"https:\/\/wi.pb.edu.pl\/p\/#website"},"datePublished":"2024-07-18T06:58:01+00:00","dateModified":"2024-07-18T06:58:37+00:00","breadcrumb":{"@id":"https:\/\/wi.pb.edu.pl\/p\/piotr-grzeszczuk\/cv\/#breadcrumb"},"inLanguage":"pl-PL","potentialAction":[{"@type":"ReadAction","target":["https:\/\/wi.pb.edu.pl\/p\/piotr-grzeszczuk\/cv\/"]}]},{"@type":"BreadcrumbList","@id":"https:\/\/wi.pb.edu.pl\/p\/piotr-grzeszczuk\/cv\/#breadcrumb","itemListElement":[{"@type":"ListItem","position":1,"name":"Strona g\u0142\u00f3wna","item":"https:\/\/wi.pb.edu.pl\/p\/"},{"@type":"ListItem","position":2,"name":"prof. dr hab. Piotr Grzeszczuk","item":"https:\/\/wi.pb.edu.pl\/p\/piotr-grzeszczuk\/"},{"@type":"ListItem","position":3,"name":"CV"}]},{"@type":"WebSite","@id":"https:\/\/wi.pb.edu.pl\/p\/#website","url":"https:\/\/wi.pb.edu.pl\/p\/","name":"Strony pracownik\u00f3w Wydzia\u0142u Informatyki Politechniki Bia\u0142ostockiej","description":"","potentialAction":[{"@type":"SearchAction","target":{"@type":"EntryPoint","urlTemplate":"https:\/\/wi.pb.edu.pl\/p\/?s={search_term_string}"},"query-input":{"@type":"PropertyValueSpecification","valueRequired":true,"valueName":"search_term_string"}}],"inLanguage":"pl-PL"}]}},"_links":{"self":[{"href":"https:\/\/wi.pb.edu.pl\/p\/wp-json\/wp\/v2\/pages\/293","targetHints":{"allow":["GET"]}}],"collection":[{"href":"https:\/\/wi.pb.edu.pl\/p\/wp-json\/wp\/v2\/pages"}],"about":[{"href":"https:\/\/wi.pb.edu.pl\/p\/wp-json\/wp\/v2\/types\/page"}],"author":[{"embeddable":true,"href":"https:\/\/wi.pb.edu.pl\/p\/wp-json\/wp\/v2\/users\/14"}],"replies":[{"embeddable":true,"href":"https:\/\/wi.pb.edu.pl\/p\/wp-json\/wp\/v2\/comments?post=293"}],"version-history":[{"count":2,"href":"https:\/\/wi.pb.edu.pl\/p\/wp-json\/wp\/v2\/pages\/293\/revisions"}],"predecessor-version":[{"id":295,"href":"https:\/\/wi.pb.edu.pl\/p\/wp-json\/wp\/v2\/pages\/293\/revisions\/295"}],"up":[{"embeddable":true,"href":"https:\/\/wi.pb.edu.pl\/p\/wp-json\/wp\/v2\/pages\/281"}],"wp:attachment":[{"href":"https:\/\/wi.pb.edu.pl\/p\/wp-json\/wp\/v2\/media?parent=293"}],"curies":[{"name":"wp","href":"https:\/\/api.w.org\/{rel}","templated":true}]}}