{"id":316,"date":"2024-07-18T09:48:58","date_gmt":"2024-07-18T07:48:58","guid":{"rendered":"https:\/\/wi.pb.edu.pl\/p\/?page_id=316"},"modified":"2024-07-18T09:48:58","modified_gmt":"2024-07-18T07:48:58","slug":"the-list-of-publications","status":"publish","type":"page","link":"https:\/\/wi.pb.edu.pl\/p\/wojciech-kwedlo\/the-list-of-publications\/","title":{"rendered":"The List of Publications"},"content":{"rendered":"<ol>\n<li>Kwedlo W.,&nbsp;<a href=\"http:\/\/ieeexplore.ieee.org\/xpls\/abs_all.jsp?arnumber=6787289\">A parallel EM algorithm for Gaussian mixture models implemented on a NUMA system using OpenMP,<\/a>&nbsp;Proceedings of the 22nd Euromicro International Conference on Parallel, Distributed and Network-Based Processing (PDP 2014), 2014, pp. 292-298.<br \/>\n&nbsp;<\/li>\n<li>Kwedlo W.,&nbsp;<a href=\"http:\/\/link.springer.com\/chapter\/10.1007\/978-3-319-00969-8_8\">A new nethod for random initialization of the EM algorithm for multivariate Gaussian mixture learning<\/a>, Proceedings of the 8th International Conference on Computer Recognition Systems (CORES 2013), 2013, pp. 81-90<br \/>\n&nbsp;<\/li>\n<li>Kwedlo W.,&nbsp;<a href=\"http:\/\/www.sciencedirect.com\/science\/article\/pii\/S0167865511001541\">A Clustering Method Combining Differential Evolution with the<span class=\"Apple-converted-space\">&nbsp;K<\/span>-means Algorithm<\/a>,&nbsp;Pattern Recognition Letters, 32(12), 2011, pp. 1613-1621.<\/li>\n<li>Kwedlo W., Iwanowicz P.,&nbsp;<a href=\"http:\/\/www.springerlink.com\/content\/3r78u85775445661\/\">Using Genetic Algorithm for Selection of Initial Cluster Centers for the&nbsp;K-means method<\/a>,&nbsp;&nbsp;Artificial Intelligence and Soft Computing 10th International Conference (ICAISC 2010), Lecture Notes in Artificial Intelligence 6114, 2010, pp. 165-172.<\/li>\n<li>Bandurski K., Kwedlo W.,<a href=\"http:\/\/www.springerlink.com\/content\/u0481l00q12166vg\/\">&nbsp;A Lamarckian Hybrid of Differential Evolution and Conjugate Gradients for Neural Network Training<\/a>,&nbsp;Neural Processing Letters, 32(1),2010, pp. 31-44.<\/li>\n<li>Kwedlo W., Bandurski K.,&nbsp;<a href=\"http:\/\/www.computer.org\/portal\/web\/csdl\/doi\/10.1109\/PARELEC.2006.6\">A Parallel Differential Evolution Algorithm for Neural Network Training<\/a>,<i>&nbsp;International Symposium on Parallel Computing in Electrical Engineering PARELEC 2006.&nbsp;<\/i>IEEE Computer Society Press, 2006, pp. 319-324.<\/li>\n<li>Kwedlo W.,&nbsp;<a href=\"http:\/\/www.springerlink.com\/content\/v19616g05h432853\/\">Parallelizing Evolutionary Algorithms for Clustering Data<\/a>, PPAM 2005,&nbsp;Lecture Notes in Computer Science&nbsp;3911, 2006, pp. 430-438<\/li>\n<li>Wojciech Kwedlo, A Parallel Evolutionary Algorithm for Discovery of Decision Rules,Parallel Processing and Applied Mathematics, 5th International Conference, PPAM 2003,&nbsp;Lecture Notes in Computer Science&nbsp;3019, Springer, 2004.\n<p><a href=\"https:\/\/wi.pb.edu.pl\/p\/wp-content\/uploads\/sites\/3\/2024\/07\/ppam2003.pdf\"><b>Download pdf&nbsp; (ppam2003.pdf 144 KB)<\/b><\/a>&nbsp;<\/li>\n<li>(in Polish language)&nbsp;Wojciech Kwedlo,&nbsp;&nbsp;Algorytmy ewolucyjne jako narz\u0119dzia pozyskiwania wiedzy z baz danych (Evolutionary Algorithms for Knowledge Discovery in Databases), Ph. D. thesis, Faculty of Computer Science, Bia\u0142ystok Technical University, 2003.<br \/>\n<b>Download compressed postscript&nbsp; (PhD-Kwedlo.zip 1.2 MB)<\/b><\/li>\n<li>Kwedlo W., Kr\u0119towski M., Learning decision rules using a distributed evolutionary algorithm,&nbsp;<i>TASK Quarterly<\/i>&nbsp;6, 2002<br \/>\n<b>Download compressed postscript of a draft version&nbsp; (task2002.zip 218 KB)<\/b><\/li>\n<li>Kwedlo W., Kr\u0119towski M., An evolutionary algorithm for cost-sensitive decision rule learning.&nbsp;<i>Machine Learning: ECML 2001. 12th European Conference on Machine Learning<\/i>, Freiburg, Germany, September,3-7, 2001.&nbsp;<i>Lecture Notes in Artificial Intelligence 2167<\/i>.<br \/>\n<b>Download compressed postscript (ecml2001.ps.gz 120 KB)<\/b><\/li>\n<li>Keller J., Bauer V., Kwedlo W., Application of data-mining and Knowledge discovery in automotive data engineering,&nbsp;<i>Principles of data mining and knowledge discovery : 4th European Conference : PKDD&#8217;2000,&nbsp;<\/i>Lyon, France, September 13-16, 2000,&nbsp;<i>Lecture Notes in Computer Science 1910<\/i><\/li>\n<li>Kwedlo W., Kr\u0119towski M., Cost-sensitive induction of decision rules, Proceedings of IXth Workshop on Intelligent Information Systems, Bystra, Poland, June 12-16, 2000.<br \/>\n<b>Download compressed postscript (iis2000.ps.gz 117 KB)<\/b><\/li>\n<li>Kwedlo W., Kretowski M., An evolutionary algorithm using multivariate discretization for decision rule induction.<i>&nbsp;Proceedings of 3<sup>rd<\/sup>European Conference on Principles and Practice of Knowledge Discovery in Databases.&nbsp;<\/i>Prague, Czech Republic, September 15-18, 1999. Springer Lecture Notes in Computer Science 1704.<br \/>\n<b>Download compressed postscript (pkdd99.ps.gz 117 KB)<\/b><b><br \/>\n<\/b><\/li>\n<li>Kwedlo W., Kretowski M., An evolutionary algorithm integrating discretization of continuous-valued attributes with learning decision rules.<i>&nbsp;Proceedings of the 8th Workshop Intelligent Information Systems.&nbsp;<\/i>Ustron, Poland, June 14-18, 1999.<br \/>\n<b>Download compressed postscript (iis99.ps.gz 76 KB)<\/b><b><br \/>\n<\/b><\/li>\n<li>Kwedlo W., Kretowski M., Discovery of decision rules from databases: an evolutionary approach.&nbsp;<i>Principles of Data Mining and Knowledge Discovery. Second European Symposium PKDD&#8217;98.<\/i>&nbsp;Nantes, France, September 23-26, 1998. Springer Lecture Notes in Computer Science 1510.<br \/>\n<b>Download compressed postscript (pkdd98.ps.gz 73 KB)<\/b><b><br \/>\n<\/b><\/li>\n<li>Kwedlo W., Kretowski M., Learning decision rules using an evolutionary algorithm and entropy-based discretization.&nbsp;<i>Proceedings of the 7th Workshop Intelligent Information Systems.&nbsp;<\/i>Malbork, Poland, June 15-19, 1998.<br \/>\n<b>Download compressed postscript (iis98.ps.gz 59 KB)<\/b><b><br \/>\n<\/b><\/li>\n<li>Kwedlo W., An evolutionary algorithm for induction of classification rules and its application to the diagnosis of liver diseases,&nbsp;<i>Proceedings of the 3rd Conference Neural Networks and Their Applications.<\/i>&nbsp;Kule, Poland, October 14-18, 1997.<\/li>\n<li>Seredynski F., Kwedlo W, Kretowski M., An epsilon automata based multi-agent system for the dynamic mapping problem.&nbsp;<i>Proceedings of the First International Workshop on Decentralised Intelligent and Multi-Agent Systems DIMAS-95&nbsp;<\/i>. Cracow, Poland, 22-24 November, 1995.<\/li>\n<\/ol>\n","protected":false},"excerpt":{"rendered":"<p>Kwedlo W.,&nbsp;A parallel EM algorithm for Gaussian mixture models implemented on a NUMA system using<a class=\"read-more\" href=\"https:\/\/wi.pb.edu.pl\/p\/wojciech-kwedlo\/the-list-of-publications\/\" title=\"Poka\u017c artyku\u0142 The List of Publications\">wi\u0119cej<\/a><\/p>\n","protected":false},"author":14,"featured_media":0,"parent":312,"menu_order":0,"comment_status":"closed","ping_status":"closed","template":"","meta":{"inline_featured_image":false,"ngg_post_thumbnail":0,"footnotes":""},"class_list":["post-316","page","type-page","status-publish","hentry"],"acf":[],"yoast_head":"<!-- This site is optimized with the Yoast SEO plugin v26.4 - https:\/\/yoast.com\/wordpress\/plugins\/seo\/ -->\n<title>The List of Publications - Strony pracownik\u00f3w Wydzia\u0142u Informatyki Politechniki Bia\u0142ostockiej<\/title>\n<meta name=\"robots\" content=\"index, follow, max-snippet:-1, max-image-preview:large, max-video-preview:-1\" \/>\n<link rel=\"canonical\" href=\"https:\/\/wi.pb.edu.pl\/p\/wojciech-kwedlo\/the-list-of-publications\/\" \/>\n<meta property=\"og:locale\" content=\"pl_PL\" \/>\n<meta property=\"og:type\" content=\"article\" \/>\n<meta property=\"og:title\" content=\"The List of Publications - Strony pracownik\u00f3w Wydzia\u0142u Informatyki Politechniki Bia\u0142ostockiej\" \/>\n<meta property=\"og:description\" content=\"Kwedlo W.,&nbsp;A parallel EM algorithm for Gaussian mixture models implemented on a NUMA system usingwi\u0119cej\" \/>\n<meta property=\"og:url\" content=\"https:\/\/wi.pb.edu.pl\/p\/wojciech-kwedlo\/the-list-of-publications\/\" \/>\n<meta property=\"og:site_name\" content=\"Strony pracownik\u00f3w Wydzia\u0142u Informatyki Politechniki Bia\u0142ostockiej\" \/>\n<meta name=\"twitter:card\" content=\"summary_large_image\" \/>\n<meta name=\"twitter:label1\" content=\"Szacowany czas czytania\" \/>\n\t<meta name=\"twitter:data1\" content=\"4 minuty\" \/>\n<script type=\"application\/ld+json\" class=\"yoast-schema-graph\">{\"@context\":\"https:\/\/schema.org\",\"@graph\":[{\"@type\":\"WebPage\",\"@id\":\"https:\/\/wi.pb.edu.pl\/p\/wojciech-kwedlo\/the-list-of-publications\/\",\"url\":\"https:\/\/wi.pb.edu.pl\/p\/wojciech-kwedlo\/the-list-of-publications\/\",\"name\":\"The List of Publications - Strony pracownik\u00f3w Wydzia\u0142u Informatyki Politechniki Bia\u0142ostockiej\",\"isPartOf\":{\"@id\":\"https:\/\/wi.pb.edu.pl\/p\/#website\"},\"datePublished\":\"2024-07-18T07:48:58+00:00\",\"breadcrumb\":{\"@id\":\"https:\/\/wi.pb.edu.pl\/p\/wojciech-kwedlo\/the-list-of-publications\/#breadcrumb\"},\"inLanguage\":\"pl-PL\",\"potentialAction\":[{\"@type\":\"ReadAction\",\"target\":[\"https:\/\/wi.pb.edu.pl\/p\/wojciech-kwedlo\/the-list-of-publications\/\"]}]},{\"@type\":\"BreadcrumbList\",\"@id\":\"https:\/\/wi.pb.edu.pl\/p\/wojciech-kwedlo\/the-list-of-publications\/#breadcrumb\",\"itemListElement\":[{\"@type\":\"ListItem\",\"position\":1,\"name\":\"Strona g\u0142\u00f3wna\",\"item\":\"https:\/\/wi.pb.edu.pl\/p\/\"},{\"@type\":\"ListItem\",\"position\":2,\"name\":\"dr hab. in\u017c. Wojciech Kwedlo\",\"item\":\"https:\/\/wi.pb.edu.pl\/p\/wojciech-kwedlo\/\"},{\"@type\":\"ListItem\",\"position\":3,\"name\":\"The List of Publications\"}]},{\"@type\":\"WebSite\",\"@id\":\"https:\/\/wi.pb.edu.pl\/p\/#website\",\"url\":\"https:\/\/wi.pb.edu.pl\/p\/\",\"name\":\"Strony pracownik\u00f3w Wydzia\u0142u Informatyki Politechniki Bia\u0142ostockiej\",\"description\":\"\",\"potentialAction\":[{\"@type\":\"SearchAction\",\"target\":{\"@type\":\"EntryPoint\",\"urlTemplate\":\"https:\/\/wi.pb.edu.pl\/p\/?s={search_term_string}\"},\"query-input\":{\"@type\":\"PropertyValueSpecification\",\"valueRequired\":true,\"valueName\":\"search_term_string\"}}],\"inLanguage\":\"pl-PL\"}]}<\/script>\n<!-- \/ Yoast SEO plugin. -->","yoast_head_json":{"title":"The List of Publications - Strony pracownik\u00f3w Wydzia\u0142u Informatyki Politechniki Bia\u0142ostockiej","robots":{"index":"index","follow":"follow","max-snippet":"max-snippet:-1","max-image-preview":"max-image-preview:large","max-video-preview":"max-video-preview:-1"},"canonical":"https:\/\/wi.pb.edu.pl\/p\/wojciech-kwedlo\/the-list-of-publications\/","og_locale":"pl_PL","og_type":"article","og_title":"The List of Publications - Strony pracownik\u00f3w Wydzia\u0142u Informatyki Politechniki Bia\u0142ostockiej","og_description":"Kwedlo W.,&nbsp;A parallel EM algorithm for Gaussian mixture models implemented on a NUMA system usingwi\u0119cej","og_url":"https:\/\/wi.pb.edu.pl\/p\/wojciech-kwedlo\/the-list-of-publications\/","og_site_name":"Strony pracownik\u00f3w Wydzia\u0142u Informatyki Politechniki Bia\u0142ostockiej","twitter_card":"summary_large_image","twitter_misc":{"Szacowany czas czytania":"4 minuty"},"schema":{"@context":"https:\/\/schema.org","@graph":[{"@type":"WebPage","@id":"https:\/\/wi.pb.edu.pl\/p\/wojciech-kwedlo\/the-list-of-publications\/","url":"https:\/\/wi.pb.edu.pl\/p\/wojciech-kwedlo\/the-list-of-publications\/","name":"The List of Publications - Strony pracownik\u00f3w Wydzia\u0142u Informatyki Politechniki Bia\u0142ostockiej","isPartOf":{"@id":"https:\/\/wi.pb.edu.pl\/p\/#website"},"datePublished":"2024-07-18T07:48:58+00:00","breadcrumb":{"@id":"https:\/\/wi.pb.edu.pl\/p\/wojciech-kwedlo\/the-list-of-publications\/#breadcrumb"},"inLanguage":"pl-PL","potentialAction":[{"@type":"ReadAction","target":["https:\/\/wi.pb.edu.pl\/p\/wojciech-kwedlo\/the-list-of-publications\/"]}]},{"@type":"BreadcrumbList","@id":"https:\/\/wi.pb.edu.pl\/p\/wojciech-kwedlo\/the-list-of-publications\/#breadcrumb","itemListElement":[{"@type":"ListItem","position":1,"name":"Strona g\u0142\u00f3wna","item":"https:\/\/wi.pb.edu.pl\/p\/"},{"@type":"ListItem","position":2,"name":"dr hab. in\u017c. Wojciech Kwedlo","item":"https:\/\/wi.pb.edu.pl\/p\/wojciech-kwedlo\/"},{"@type":"ListItem","position":3,"name":"The List of Publications"}]},{"@type":"WebSite","@id":"https:\/\/wi.pb.edu.pl\/p\/#website","url":"https:\/\/wi.pb.edu.pl\/p\/","name":"Strony pracownik\u00f3w Wydzia\u0142u Informatyki Politechniki Bia\u0142ostockiej","description":"","potentialAction":[{"@type":"SearchAction","target":{"@type":"EntryPoint","urlTemplate":"https:\/\/wi.pb.edu.pl\/p\/?s={search_term_string}"},"query-input":{"@type":"PropertyValueSpecification","valueRequired":true,"valueName":"search_term_string"}}],"inLanguage":"pl-PL"}]}},"_links":{"self":[{"href":"https:\/\/wi.pb.edu.pl\/p\/wp-json\/wp\/v2\/pages\/316","targetHints":{"allow":["GET"]}}],"collection":[{"href":"https:\/\/wi.pb.edu.pl\/p\/wp-json\/wp\/v2\/pages"}],"about":[{"href":"https:\/\/wi.pb.edu.pl\/p\/wp-json\/wp\/v2\/types\/page"}],"author":[{"embeddable":true,"href":"https:\/\/wi.pb.edu.pl\/p\/wp-json\/wp\/v2\/users\/14"}],"replies":[{"embeddable":true,"href":"https:\/\/wi.pb.edu.pl\/p\/wp-json\/wp\/v2\/comments?post=316"}],"version-history":[{"count":1,"href":"https:\/\/wi.pb.edu.pl\/p\/wp-json\/wp\/v2\/pages\/316\/revisions"}],"predecessor-version":[{"id":318,"href":"https:\/\/wi.pb.edu.pl\/p\/wp-json\/wp\/v2\/pages\/316\/revisions\/318"}],"up":[{"embeddable":true,"href":"https:\/\/wi.pb.edu.pl\/p\/wp-json\/wp\/v2\/pages\/312"}],"wp:attachment":[{"href":"https:\/\/wi.pb.edu.pl\/p\/wp-json\/wp\/v2\/media?parent=316"}],"curies":[{"name":"wp","href":"https:\/\/api.w.org\/{rel}","templated":true}]}}