{"id":320,"date":"2024-07-18T09:50:58","date_gmt":"2024-07-18T07:50:58","guid":{"rendered":"https:\/\/wi.pb.edu.pl\/p\/?page_id=320"},"modified":"2024-07-18T09:50:58","modified_gmt":"2024-07-18T07:50:58","slug":"curriculum-vitae","status":"publish","type":"page","link":"https:\/\/wi.pb.edu.pl\/p\/wojciech-kwedlo\/curriculum-vitae\/","title":{"rendered":"Curriculum Vitae"},"content":{"rendered":"<h4 align=\"center\">Institute of Computer Science<br \/>\nBialystok Technical University<br \/>\nWiejska 45a, 15-351 Bialystok, Poland<br \/>\nwkwedlo@ii.pb.bialystok.pl<br \/>\nphone: (+48-85) 746 9158<\/h4>\n<div align=\"center\">\n<table border=\"0\" width=\"609\">\n<tbody>\n<tr>\n<td valign=\"top\" width=\"79\" height=\"1\"><b>Education<\/b><\/td>\n<td width=\"535\" height=\"1\">&nbsp;<\/td>\n<\/tr>\n<tr>\n<td>7\/04<\/td>\n<td>Ph. D. in Computer Science with distinction, Faculty of Computer Science, Bia\u0142ystok Technical University, Poland.<\/td>\n<\/tr>\n<tr>\n<td valign=\"top\" width=\"79\" height=\"21\"><b>10\/91 &#8211; 7\/96<\/b><\/td>\n<td width=\"535\" height=\"21\">M.Sc. in Computer Science, Institute of Computer Science, Bia\u0142ystok Technical University, Poland.&nbsp;<\/td>\n<\/tr>\n<tr>\n<td valign=\"top\" width=\"79\" height=\"19\"><b>Research Experience<\/b><\/td>\n<td width=\"535\" height=\"19\">&nbsp;<\/td>\n<\/tr>\n<tr>\n<td>9\/04 &#8211; present<\/td>\n<td>Faculty of Computer Science, Bia\u0142ystok Technical University, Bialystok, Poland, Assistant Professor. Parallel implementation of evolutionary algorithms for data mining problems such as classfication, clustering and multidimesional scaling. The work is supported by&nbsp;<a href=\"http:\/\/clusterix.pcz.pl\/\">Clusterix Project<\/a>.<\/p>\n<p>Coordinator of the Clusterix Project at Bia\u0142ystok Technical University and leader of workpackage WP15 (development of new parallel applications) of the project.<\/td>\n<\/tr>\n<tr>\n<td valign=\"top\" width=\"79\" height=\"123\"><b>10\/96 &#8211; 7\/04<\/b><\/td>\n<td width=\"535\" height=\"123\">Faculty of Computer Science, Bia\u0142ystok Technical University, Bialystok, Poland<br \/>\n<i>Teaching and Research Assistant<\/i>: Developed and implemented (Windows NT, Visual C++, MFC) evolutionary algorithms for extraction of decision rules from datasets. &nbsp;Developed a parallel version of the system (using MPI), which was implemented on a cluster of Linux machines. The work was supported by&nbsp; grants from Polish State Committee for Scientific Research and Technical University of Bia\u00b3ystok. The project co-ordinator was Professor Leon Bobrowski .<\/td>\n<\/tr>\n<tr>\n<td valign=\"top\" width=\"79\" height=\"69\"><b>9\/99-02\/00<\/b><\/td>\n<td valign=\"top\" width=\"535\" height=\"69\"><a href=\"http:\/\/www.uni-karlsruhe.de\/\">University of Karlsruhe<\/a>&nbsp;, Germany and&nbsp;<a href=\"http:\/\/www.daimlerchrysler.com\/\">Daimler Chrysler Research and Technology<\/a>&nbsp;, Machine Learning Department, Ulm, Germany<br \/>\n<em>Guest Researcher:<\/em>&nbsp;Developed and evaluated a computationally efficient evolutionary algorithm for induction of decision rules using&nbsp;<em>multivariate discretization.&nbsp;<\/em>The research stay was suported by Deutscher Akademischer Austuaschdienst&nbsp;<a href=\"http:\/\/www.daad.de\/\">(DAAD)<\/a>&nbsp;.<\/td>\n<\/tr>\n<tr>\n<td valign=\"top\" width=\"79\" height=\"69\"><b>7\/96 &#8211; 9\/96<\/b><\/td>\n<td valign=\"top\" width=\"535\" height=\"69\"><a href=\"http:\/\/www.cwi.nl\/\">Centrum voor Wiskunde en Informatica (CWI)<\/a>&nbsp;, Amsterdam, Holland.<br \/>\n<i>Guest Researcher:<\/i>&nbsp;Worked on implementation of Genetic Algorithms in Manifold distributed programming environment.&nbsp;<\/td>\n<\/tr>\n<tr>\n<td valign=\"top\"><b>Research Interests<\/b><\/td>\n<td valign=\"top\">Solution of important data minging problems such as classfication, clustering and data visualization using global optimization (e.g evolutionary) algorithms. Development of the efficient parallel formulations of these algorithms.<\/td>\n<\/tr>\n<tr>\n<td valign=\"top\" width=\"79\" height=\"123\">&nbsp;<\/td>\n<td width=\"535\" height=\"123\">The focus of my research interests is in application of global search methods, especially&nbsp;<a href=\"http:\/\/www.aic.nrl.navy.mil\/galist\/\">evolutionary algorithms<\/a>&nbsp;to the important problems in&nbsp;<a href=\"http:\/\/www.kdnuggets.com\/\">data mining<\/a>&nbsp;and&nbsp;<a href=\"http:\/\/www.ics.uci.edu\/AI\/ML\/Machine-Learning.html\">machine learning<\/a>&nbsp;. Existing techniques usually use simple heuristics e.g. decision tree learning algorithms employ greedy 'divide and conquer&#8217; approach. I am trying to develop methods, which will increase the quality of obtained solutions while maintaining reasonable computational complexity. The main problem I investigate is the induction of decision rules. Since evolutionary algorithms have very high computational complexity I am&nbsp; developing&nbsp; parallel formulations of these algorithms.&nbsp;<\/td>\n<\/tr>\n<tr>\n<td valign=\"top\" width=\"79\" height=\"42\"><b>Teaching Experience<\/b><\/td>\n<td width=\"535\" height=\"42\">&nbsp;<\/td>\n<\/tr>\n<tr>\n<td>9\/04 &#8211; present<\/td>\n<td>Faculty of Computer Science, Bia\u0142ystok Technical University, Bialystok, Poland, Assistant Professor. Lectures of Operating Systems I, Operating Systems II and Design of &nbsp;Application Systems (Windows GUI Programming)<\/td>\n<\/tr>\n<tr>\n<td valign=\"top\" width=\"79\" height=\"82\"><b>10\/96 &#8211; present<\/b><\/td>\n<td valign=\"top\" width=\"535\" height=\"82\">Institute of Computer Science, Bialystok University of Technology, Bialystok, Poland&nbsp;<i>Teaching and Research Assistant:<\/i>&nbsp;Assisted in teaching several courses including: Models and Algorithms in Statistics, Algorithms and Data Structures, Applied Multivariate Analysis, Object Oriented Programming, Design of &nbsp;Application Systems.<\/td>\n<\/tr>\n<tr>\n<td valign=\"top\" width=\"79\" height=\"90\"><b>10\/94-6\/96<\/b><\/td>\n<td valign=\"top\" width=\"535\" height=\"90\">Technical University of Bia\u00b3ystok, Bia\u00b3ystok, Poland<br \/>\n<i>Candidate Teaching Assistant<\/i>: Assisted in teaching two courses: Theory of Graphs and Combinations, Algorithms and Data Structures.<\/td>\n<\/tr>\n<tr>\n<td valign=\"top\" width=\"79\" height=\"82\"><b>Honors:<\/b><\/td>\n<td width=\"535\" height=\"82\">Award of the President of the Bialystok University of Technology for very good achievements during M.Sc. studies (honored four times)Gold Award in the&nbsp;<i>Primus inter Pares<\/i>&nbsp;contest organized by the Polish Society of Students, Bialystok Branch.<\/p>\n<p>&nbsp;<\/td>\n<\/tr>\n<tr>\n<td valign=\"top\" width=\"79\" height=\"26\"><b>Personal<\/b><\/td>\n<td valign=\"top\" width=\"535\" height=\"26\">Married, one child, Born October 3, 1972, Bialystok, Poland.&nbsp;<\/td>\n<\/tr>\n<tr>\n<td valign=\"top\" width=\"79\" height=\"1\"><b>Languages<\/b><\/td>\n<td valign=\"top\" width=\"535\" height=\"1\">English, elementary Russian.<\/td>\n<\/tr>\n<\/tbody>\n<\/table>\n<\/div>\n","protected":false},"excerpt":{"rendered":"<p>Institute of Computer Science Bialystok Technical University Wiejska 45a, 15-351 Bialystok, Poland wkwedlo@ii.pb.bialystok.pl phone: (+48-85)<a class=\"read-more\" href=\"https:\/\/wi.pb.edu.pl\/p\/wojciech-kwedlo\/curriculum-vitae\/\" title=\"Poka\u017c artyku\u0142 Curriculum Vitae\">wi\u0119cej<\/a><\/p>\n","protected":false},"author":14,"featured_media":0,"parent":312,"menu_order":0,"comment_status":"closed","ping_status":"closed","template":"","meta":{"inline_featured_image":false,"ngg_post_thumbnail":0,"footnotes":""},"class_list":["post-320","page","type-page","status-publish","hentry"],"acf":[],"yoast_head":"<!-- This site is optimized with the Yoast SEO plugin v26.4 - https:\/\/yoast.com\/wordpress\/plugins\/seo\/ -->\n<title>Curriculum Vitae - Strony pracownik\u00f3w Wydzia\u0142u Informatyki Politechniki Bia\u0142ostockiej<\/title>\n<meta name=\"robots\" content=\"index, follow, max-snippet:-1, max-image-preview:large, max-video-preview:-1\" \/>\n<link rel=\"canonical\" href=\"https:\/\/wi.pb.edu.pl\/p\/wojciech-kwedlo\/curriculum-vitae\/\" \/>\n<meta property=\"og:locale\" content=\"pl_PL\" \/>\n<meta property=\"og:type\" content=\"article\" \/>\n<meta property=\"og:title\" content=\"Curriculum Vitae - Strony pracownik\u00f3w Wydzia\u0142u Informatyki Politechniki Bia\u0142ostockiej\" \/>\n<meta property=\"og:description\" content=\"Institute of Computer Science Bialystok Technical University Wiejska 45a, 15-351 Bialystok, Poland wkwedlo@ii.pb.bialystok.pl phone: (+48-85)wi\u0119cej\" \/>\n<meta property=\"og:url\" content=\"https:\/\/wi.pb.edu.pl\/p\/wojciech-kwedlo\/curriculum-vitae\/\" \/>\n<meta property=\"og:site_name\" content=\"Strony pracownik\u00f3w Wydzia\u0142u Informatyki Politechniki Bia\u0142ostockiej\" \/>\n<meta name=\"twitter:card\" content=\"summary_large_image\" \/>\n<meta name=\"twitter:label1\" content=\"Szacowany czas czytania\" \/>\n\t<meta name=\"twitter:data1\" content=\"4 minuty\" \/>\n<script type=\"application\/ld+json\" class=\"yoast-schema-graph\">{\"@context\":\"https:\/\/schema.org\",\"@graph\":[{\"@type\":\"WebPage\",\"@id\":\"https:\/\/wi.pb.edu.pl\/p\/wojciech-kwedlo\/curriculum-vitae\/\",\"url\":\"https:\/\/wi.pb.edu.pl\/p\/wojciech-kwedlo\/curriculum-vitae\/\",\"name\":\"Curriculum Vitae - Strony pracownik\u00f3w Wydzia\u0142u Informatyki Politechniki Bia\u0142ostockiej\",\"isPartOf\":{\"@id\":\"https:\/\/wi.pb.edu.pl\/p\/#website\"},\"datePublished\":\"2024-07-18T07:50:58+00:00\",\"breadcrumb\":{\"@id\":\"https:\/\/wi.pb.edu.pl\/p\/wojciech-kwedlo\/curriculum-vitae\/#breadcrumb\"},\"inLanguage\":\"pl-PL\",\"potentialAction\":[{\"@type\":\"ReadAction\",\"target\":[\"https:\/\/wi.pb.edu.pl\/p\/wojciech-kwedlo\/curriculum-vitae\/\"]}]},{\"@type\":\"BreadcrumbList\",\"@id\":\"https:\/\/wi.pb.edu.pl\/p\/wojciech-kwedlo\/curriculum-vitae\/#breadcrumb\",\"itemListElement\":[{\"@type\":\"ListItem\",\"position\":1,\"name\":\"Strona g\u0142\u00f3wna\",\"item\":\"https:\/\/wi.pb.edu.pl\/p\/\"},{\"@type\":\"ListItem\",\"position\":2,\"name\":\"dr hab. in\u017c. Wojciech Kwedlo\",\"item\":\"https:\/\/wi.pb.edu.pl\/p\/wojciech-kwedlo\/\"},{\"@type\":\"ListItem\",\"position\":3,\"name\":\"Curriculum Vitae\"}]},{\"@type\":\"WebSite\",\"@id\":\"https:\/\/wi.pb.edu.pl\/p\/#website\",\"url\":\"https:\/\/wi.pb.edu.pl\/p\/\",\"name\":\"Strony pracownik\u00f3w Wydzia\u0142u Informatyki Politechniki Bia\u0142ostockiej\",\"description\":\"\",\"potentialAction\":[{\"@type\":\"SearchAction\",\"target\":{\"@type\":\"EntryPoint\",\"urlTemplate\":\"https:\/\/wi.pb.edu.pl\/p\/?s={search_term_string}\"},\"query-input\":{\"@type\":\"PropertyValueSpecification\",\"valueRequired\":true,\"valueName\":\"search_term_string\"}}],\"inLanguage\":\"pl-PL\"}]}<\/script>\n<!-- \/ Yoast SEO plugin. -->","yoast_head_json":{"title":"Curriculum Vitae - Strony pracownik\u00f3w Wydzia\u0142u Informatyki Politechniki Bia\u0142ostockiej","robots":{"index":"index","follow":"follow","max-snippet":"max-snippet:-1","max-image-preview":"max-image-preview:large","max-video-preview":"max-video-preview:-1"},"canonical":"https:\/\/wi.pb.edu.pl\/p\/wojciech-kwedlo\/curriculum-vitae\/","og_locale":"pl_PL","og_type":"article","og_title":"Curriculum Vitae - Strony pracownik\u00f3w Wydzia\u0142u Informatyki Politechniki Bia\u0142ostockiej","og_description":"Institute of Computer Science Bialystok Technical University Wiejska 45a, 15-351 Bialystok, Poland wkwedlo@ii.pb.bialystok.pl phone: (+48-85)wi\u0119cej","og_url":"https:\/\/wi.pb.edu.pl\/p\/wojciech-kwedlo\/curriculum-vitae\/","og_site_name":"Strony pracownik\u00f3w Wydzia\u0142u Informatyki Politechniki Bia\u0142ostockiej","twitter_card":"summary_large_image","twitter_misc":{"Szacowany czas czytania":"4 minuty"},"schema":{"@context":"https:\/\/schema.org","@graph":[{"@type":"WebPage","@id":"https:\/\/wi.pb.edu.pl\/p\/wojciech-kwedlo\/curriculum-vitae\/","url":"https:\/\/wi.pb.edu.pl\/p\/wojciech-kwedlo\/curriculum-vitae\/","name":"Curriculum Vitae - Strony pracownik\u00f3w Wydzia\u0142u Informatyki Politechniki Bia\u0142ostockiej","isPartOf":{"@id":"https:\/\/wi.pb.edu.pl\/p\/#website"},"datePublished":"2024-07-18T07:50:58+00:00","breadcrumb":{"@id":"https:\/\/wi.pb.edu.pl\/p\/wojciech-kwedlo\/curriculum-vitae\/#breadcrumb"},"inLanguage":"pl-PL","potentialAction":[{"@type":"ReadAction","target":["https:\/\/wi.pb.edu.pl\/p\/wojciech-kwedlo\/curriculum-vitae\/"]}]},{"@type":"BreadcrumbList","@id":"https:\/\/wi.pb.edu.pl\/p\/wojciech-kwedlo\/curriculum-vitae\/#breadcrumb","itemListElement":[{"@type":"ListItem","position":1,"name":"Strona g\u0142\u00f3wna","item":"https:\/\/wi.pb.edu.pl\/p\/"},{"@type":"ListItem","position":2,"name":"dr hab. in\u017c. Wojciech Kwedlo","item":"https:\/\/wi.pb.edu.pl\/p\/wojciech-kwedlo\/"},{"@type":"ListItem","position":3,"name":"Curriculum Vitae"}]},{"@type":"WebSite","@id":"https:\/\/wi.pb.edu.pl\/p\/#website","url":"https:\/\/wi.pb.edu.pl\/p\/","name":"Strony pracownik\u00f3w Wydzia\u0142u Informatyki Politechniki Bia\u0142ostockiej","description":"","potentialAction":[{"@type":"SearchAction","target":{"@type":"EntryPoint","urlTemplate":"https:\/\/wi.pb.edu.pl\/p\/?s={search_term_string}"},"query-input":{"@type":"PropertyValueSpecification","valueRequired":true,"valueName":"search_term_string"}}],"inLanguage":"pl-PL"}]}},"_links":{"self":[{"href":"https:\/\/wi.pb.edu.pl\/p\/wp-json\/wp\/v2\/pages\/320","targetHints":{"allow":["GET"]}}],"collection":[{"href":"https:\/\/wi.pb.edu.pl\/p\/wp-json\/wp\/v2\/pages"}],"about":[{"href":"https:\/\/wi.pb.edu.pl\/p\/wp-json\/wp\/v2\/types\/page"}],"author":[{"embeddable":true,"href":"https:\/\/wi.pb.edu.pl\/p\/wp-json\/wp\/v2\/users\/14"}],"replies":[{"embeddable":true,"href":"https:\/\/wi.pb.edu.pl\/p\/wp-json\/wp\/v2\/comments?post=320"}],"version-history":[{"count":1,"href":"https:\/\/wi.pb.edu.pl\/p\/wp-json\/wp\/v2\/pages\/320\/revisions"}],"predecessor-version":[{"id":321,"href":"https:\/\/wi.pb.edu.pl\/p\/wp-json\/wp\/v2\/pages\/320\/revisions\/321"}],"up":[{"embeddable":true,"href":"https:\/\/wi.pb.edu.pl\/p\/wp-json\/wp\/v2\/pages\/312"}],"wp:attachment":[{"href":"https:\/\/wi.pb.edu.pl\/p\/wp-json\/wp\/v2\/media?parent=320"}],"curies":[{"name":"wp","href":"https:\/\/api.w.org\/{rel}","templated":true}]}}