{"id":323,"date":"2024-07-18T09:53:23","date_gmt":"2024-07-18T07:53:23","guid":{"rendered":"https:\/\/wi.pb.edu.pl\/p\/?page_id=323"},"modified":"2024-09-17T10:15:07","modified_gmt":"2024-09-17T08:15:07","slug":"dydaktyka","status":"publish","type":"page","link":"https:\/\/wi.pb.edu.pl\/p\/wojciech-kwedlo\/dydaktyka\/","title":{"rendered":"Dydaktyka"},"content":{"rendered":"<h2>Informacje dla student\u00f3w<\/h2>\n<h4>Systemy operacyjne &#8211; studia stacjonarne<\/h4>\n<p><a href=\"https:\/\/wi.pb.edu.pl\/p\/wp-content\/uploads\/sites\/3\/2024\/07\/Zadania-SO-2005.pdf\">Zadania z egzaminu z dnia 27.06.2005<\/a><br \/>\nUwaga:&nbsp;prosz\u0119 o potraktowanie ich jako zada\u0144 przyk\u0142adowych na egzamin poprawkowy !!!<br \/>\n<a title=\"SO \u2013 slajdy\" href=\"https:\/\/wi.pb.edu.pl\/p\/wojciech-kwedlo\/dydaktyka\/so-slajdy\/\">Slajdy z wyk\u0142ad\u00f3w (w tym roku zosta\u0142y poprawione !!!)<\/a><br \/>\n&nbsp;<br \/>\n<a title=\"Systemy operacyjne \u2013 pracownia specjalistyczna\" href=\"https:\/\/wi.pb.edu.pl\/p\/wojciech-kwedlo\/dydaktyka\/systemy-operacyjne-pracownia-specjalistyczna\/\">Program pracowni specjalistycznej<\/a><\/p>\n<hr>\n<h4>Algorytmy ewolucyjne &#8211; studia stacjonarne<\/h4>\n<p><a href=\"https:\/\/wi.pb.edu.pl\/p\/wp-content\/uploads\/sites\/3\/2024\/07\/ProjektEA.pdf\">Tematy projekt\u00f3w<\/a><\/p>\n<p><a title=\"AE \u2013 slajdy\" href=\"https:\/\/wi.pb.edu.pl\/p\/wojciech-kwedlo\/dydaktyka\/ae-slajdy\/\">Slajdy z wyk\u0142ad\u00f3w<\/a><\/p>\n<p>&nbsp;<\/p>\n<p>&nbsp;<\/p>\n<hr>\n<p>&nbsp;<\/p>\n<h4>Zaawansowane systemy operacyjne &#8211; studia niestacjonarne<\/h4>\n<p><a title=\"Systemy operacyjne 2 \u2013 pracownia specjalistyczna Plan zaj\u0119\u0107\" href=\"https:\/\/wi.pb.edu.pl\/p\/wojciech-kwedlo\/dydaktyka\/systemy-operacyjne-2-pracownia-specjalistyczna-plan-zajec\/\">Program pracowni specjalistycznej<\/a><\/p>\n<p><a title=\"Zaawansowane systemy operacyjne \u2013 slajdy\" href=\"https:\/\/wi.pb.edu.pl\/p\/wojciech-kwedlo\/dydaktyka\/zaawansowane-systemy-operacyjne-slajdy\/\">Slajdy z wyk\u0142ad\u00f3w<\/a><\/p>\n<p><a title=\"Przyk\u0142adowy sterownik blokowy\" href=\"https:\/\/wi.pb.edu.pl\/p\/wojciech-kwedlo\/dydaktyka\/przykladowy-sterownik-blokowy\/\">Przyk\u0142adowy sterownik blokowy<\/a><\/p>\n<p>Instrukcja kompilacji i konfiguracji&nbsp;<a href=\"https:\/\/www.qemu.org\/index.html\">emulatora qemu wraz z akceleratorem<\/a>&nbsp;znajduje si\u0119&nbsp;<a href=\"https:\/\/wi.pb.edu.pl\/p\/wp-content\/uploads\/sites\/3\/2024\/07\/qemu-SO2.pdf\">tutaj<\/a>.(starsza wersja 0.8.2)&nbsp; Instrukcja dla dystrybucji Ubuntu 8.04 autorstwa Pana Dawida M\u0142ynarczyka&nbsp;wraz ze skryptami&nbsp;znajduje si\u0119&nbsp;<a href=\"https:\/\/wi.pb.edu.pl\/p\/wp-content\/uploads\/sites\/3\/2024\/07\/instalacja-qemu-z-paczek-deb.pdf\">tutaj<\/a>.&nbsp; Obrazy dysk\u00f3w twardych spakowane gzip&#8217;em:&nbsp;hd0.img.gz&nbsp;oraz&nbsp;hd1.img.gz.<\/p>\n<hr>\n<p>&nbsp;<\/p>\n<h4>Zaawansowane systemy operacyjne &#8211; studia stacjonarne<\/h4>\n<p><a title=\"Przyk\u0142adowy sterownik blokowy\" href=\"https:\/\/wi.pb.edu.pl\/p\/wojciech-kwedlo\/dydaktyka\/przykladowy-sterownik-blokowy\/\">Przyk\u0142adowy sterownik blokowy<\/a><\/p>\n<p><a title=\"Systemy operacyjne 2 \u2013 Projekt drugi\" href=\"https:\/\/wi.pb.edu.pl\/p\/wojciech-kwedlo\/dydaktyka\/systemy-operacyjne-2-projekt-drugi\/\">Projekt drugi &#8211; tematy<\/a><br \/>\n<a href=\"https:\/\/wi.pb.edu.pl\/p\/wp-content\/uploads\/sites\/3\/2024\/07\/SO2-Projekt.pdf\">Projekt pierwszy &#8211; tematy<\/a><\/p>\n<p><a href=\"https:\/\/wi.pb.edu.pl\/p\/wp-content\/uploads\/sites\/3\/2024\/07\/EgzaminSO2-2005a-rozw.pdf\">Zadania z egzaminu z dnia 14.2.2005 z rozwi\u0105zan\u0105 cz\u0119\u015bci\u0105 testow\u0105<\/a><\/p>\n<p><a href=\"https:\/\/wi.pb.edu.pl\/p\/wp-content\/uploads\/sites\/3\/2024\/07\/EgzaminSO2-2005.pdf\">Zadania z dodatkowego egzaminu dla os\u00f3b wyje\u017cd\u017caj\u0105cych za granic\u0119 w ramach programu Sokrates\/Erasmus.<\/a><\/p>\n<p>Uwaga: ze wzgl\u0119du na brak efektu zaskoczenia oraz na d\u0142u\u017cszy czas na przygotowanie si\u0119, na w\u0142a\u015bciwym egzaminie prosz\u0119 si\u0119 spodziewa\u0107 trudniejszego zadania&nbsp; programistycznego. Zadanie te&nbsp; zostanie wycenione&nbsp; na&nbsp; 30 punkt\u00f3w, co oznacza&nbsp; \u017ce do zaliczenia potrzeba b\u0119dzie 35 punkt\u00f3w.<\/p>\n<p><a title=\"Systemy operacyjne 2 \u2013 slajdy\" href=\"https:\/\/wi.pb.edu.pl\/p\/wojciech-kwedlo\/dydaktyka\/systemy-operacyjne-2-slajdy\/\">Slajdy z wyk\u0142ad\u00f3w<\/a><\/p>\n<p><a title=\"Systemy operacyjne 2 \u2013 pracownia specjalistyczna\" href=\"https:\/\/wi.pb.edu.pl\/p\/wojciech-kwedlo\/dydaktyka\/systemy-operacyjne-2-pracownia-specjalistyczna\/\">Program pracowni specjalistycznej<\/a><\/p>\n<p>Instrukcja kompilacji i konfiguracji&nbsp;<a href=\"https:\/\/www.qemu.org\/index.html\">emulatora qemu wraz z akceleratorem<\/a>&nbsp;znajduje si\u0119&nbsp;<a href=\"https:\/\/wi.pb.edu.pl\/p\/wp-content\/uploads\/sites\/3\/2024\/07\/qemu-SO2.pdf\">tutaj<\/a>.(starsza wersja 0.8.2)&nbsp; Instrukcja dla dystrybucji Ubuntu 8.04 autorstwa Pana Dawida M\u0142ynarczyka&nbsp;wraz ze skryptami&nbsp;znajduje si\u0119&nbsp;<a href=\"https:\/\/wi.pb.edu.pl\/p\/wp-content\/uploads\/sites\/3\/2024\/07\/instalacja-qemu-z-paczek-deb.pdf\">tutaj<\/a>.&nbsp; Obrazy dysk\u00f3w twardych spakowane gzip&#8217;em:&nbsp;hd0.img.gz&nbsp;oraz&nbsp;hd1.img.gz.<\/p>\n<hr size=\"2\" width=\"100%\">\n<p>&nbsp;<\/p>\n<h4>Obliczenia r\u00f3wnoleg\u0142e &#8211; studia stacjonarne<br \/>\n<a title=\"Obliczenia r\u00f3wnoleg\u0142e \u2013 slajdy\" href=\"https:\/\/wi.pb.edu.pl\/p\/wojciech-kwedlo\/dydaktyka\/obliczenia-rownolegle-slajdy\/\">Slajdy z wyk\u0142ad\u00f3w<\/a><\/h4>\n<p><a href=\"https:\/\/wi.pb.edu.pl\/p\/wp-content\/uploads\/sites\/3\/2024\/07\/MPI-Ping.pdf\">Zadanie<\/a><\/p>\n<p><a href=\"https:\/\/wi.pb.edu.pl\/p\/wp-content\/uploads\/sites\/3\/2024\/07\/Life.pdf\">Projekt<\/a><\/p>\n<hr>\n<h4>Obliczenia r\u00f3wnoleg\u0142e &#8211; studia niestacjonarne<\/h4>\n<p><a title=\"Obliczenia r\u00f3wnoleg\u0142e \u2013 slajdy z wyk\u0142adu\" href=\"https:\/\/wi.pb.edu.pl\/p\/wojciech-kwedlo\/dydaktyka\/obliczenia-rownolegle-slajdy-z-wykladu\/\">Slajdy z wyk\u0142ad\u00f3w<\/a><\/p>\n<p><a href=\"https:\/\/wi.pb.edu.pl\/p\/wp-content\/uploads\/sites\/3\/2024\/07\/MPI-Ping.pdf\">Zadanie<\/a><\/p>\n<p>Projekt<\/p>\n<hr>\n<h4>Systemy operacyjne &#8211; studia niestacjonarne<\/h4>\n<p><a title=\"SO \u2013 slajdy\" href=\"https:\/\/wi.pb.edu.pl\/p\/wojciech-kwedlo\/dydaktyka\/so-slajdy\/\">Slajdy z wyk\u0142ad\u00f3w<\/a><\/p>\n<p><a href=\"https:\/\/wi.pb.edu.pl\/p\/wp-content\/uploads\/sites\/3\/2024\/07\/EgzaminSOZ-2005.pdf\">Przyk\u0142adowe zadania na<\/a><\/p>\n<div>&nbsp;<\/div>\n<div>\n<p>&nbsp;<\/p>\n<\/div>\n<div>&nbsp;<\/div>\n","protected":false},"excerpt":{"rendered":"<p>Informacje dla student\u00f3w Systemy operacyjne &#8211; studia stacjonarne Zadania z egzaminu z dnia 27.06.2005 Uwaga:&nbsp;prosz\u0119<a class=\"read-more\" href=\"https:\/\/wi.pb.edu.pl\/p\/wojciech-kwedlo\/dydaktyka\/\" title=\"Poka\u017c artyku\u0142 Dydaktyka\">wi\u0119cej<\/a><\/p>\n","protected":false},"author":14,"featured_media":0,"parent":312,"menu_order":0,"comment_status":"closed","ping_status":"closed","template":"","meta":{"inline_featured_image":false,"ngg_post_thumbnail":0,"footnotes":""},"class_list":["post-323","page","type-page","status-publish","hentry"],"acf":[],"yoast_head":"<!-- This site is optimized with the Yoast SEO plugin v26.4 - https:\/\/yoast.com\/wordpress\/plugins\/seo\/ -->\n<title>Dydaktyka - Strony pracownik\u00f3w Wydzia\u0142u Informatyki Politechniki Bia\u0142ostockiej<\/title>\n<meta name=\"robots\" content=\"index, follow, max-snippet:-1, max-image-preview:large, max-video-preview:-1\" \/>\n<link rel=\"canonical\" href=\"https:\/\/wi.pb.edu.pl\/p\/wojciech-kwedlo\/dydaktyka\/\" \/>\n<meta property=\"og:locale\" content=\"pl_PL\" \/>\n<meta property=\"og:type\" content=\"article\" \/>\n<meta property=\"og:title\" content=\"Dydaktyka - Strony pracownik\u00f3w Wydzia\u0142u Informatyki Politechniki Bia\u0142ostockiej\" \/>\n<meta property=\"og:description\" content=\"Informacje dla student\u00f3w Systemy operacyjne &#8211; studia stacjonarne Zadania z egzaminu z dnia 27.06.2005 Uwaga:&nbsp;prosz\u0119wi\u0119cej\" \/>\n<meta property=\"og:url\" content=\"https:\/\/wi.pb.edu.pl\/p\/wojciech-kwedlo\/dydaktyka\/\" \/>\n<meta property=\"og:site_name\" content=\"Strony pracownik\u00f3w Wydzia\u0142u Informatyki Politechniki Bia\u0142ostockiej\" \/>\n<meta property=\"article:modified_time\" content=\"2024-09-17T08:15:07+00:00\" \/>\n<meta name=\"twitter:card\" content=\"summary_large_image\" \/>\n<meta name=\"twitter:label1\" content=\"Szacowany czas czytania\" \/>\n\t<meta name=\"twitter:data1\" content=\"2 minuty\" \/>\n<script type=\"application\/ld+json\" class=\"yoast-schema-graph\">{\"@context\":\"https:\/\/schema.org\",\"@graph\":[{\"@type\":\"WebPage\",\"@id\":\"https:\/\/wi.pb.edu.pl\/p\/wojciech-kwedlo\/dydaktyka\/\",\"url\":\"https:\/\/wi.pb.edu.pl\/p\/wojciech-kwedlo\/dydaktyka\/\",\"name\":\"Dydaktyka - Strony pracownik\u00f3w Wydzia\u0142u Informatyki Politechniki Bia\u0142ostockiej\",\"isPartOf\":{\"@id\":\"https:\/\/wi.pb.edu.pl\/p\/#website\"},\"datePublished\":\"2024-07-18T07:53:23+00:00\",\"dateModified\":\"2024-09-17T08:15:07+00:00\",\"breadcrumb\":{\"@id\":\"https:\/\/wi.pb.edu.pl\/p\/wojciech-kwedlo\/dydaktyka\/#breadcrumb\"},\"inLanguage\":\"pl-PL\",\"potentialAction\":[{\"@type\":\"ReadAction\",\"target\":[\"https:\/\/wi.pb.edu.pl\/p\/wojciech-kwedlo\/dydaktyka\/\"]}]},{\"@type\":\"BreadcrumbList\",\"@id\":\"https:\/\/wi.pb.edu.pl\/p\/wojciech-kwedlo\/dydaktyka\/#breadcrumb\",\"itemListElement\":[{\"@type\":\"ListItem\",\"position\":1,\"name\":\"Strona g\u0142\u00f3wna\",\"item\":\"https:\/\/wi.pb.edu.pl\/p\/\"},{\"@type\":\"ListItem\",\"position\":2,\"name\":\"dr hab. in\u017c. Wojciech Kwedlo\",\"item\":\"https:\/\/wi.pb.edu.pl\/p\/wojciech-kwedlo\/\"},{\"@type\":\"ListItem\",\"position\":3,\"name\":\"Dydaktyka\"}]},{\"@type\":\"WebSite\",\"@id\":\"https:\/\/wi.pb.edu.pl\/p\/#website\",\"url\":\"https:\/\/wi.pb.edu.pl\/p\/\",\"name\":\"Strony pracownik\u00f3w Wydzia\u0142u Informatyki Politechniki Bia\u0142ostockiej\",\"description\":\"\",\"potentialAction\":[{\"@type\":\"SearchAction\",\"target\":{\"@type\":\"EntryPoint\",\"urlTemplate\":\"https:\/\/wi.pb.edu.pl\/p\/?s={search_term_string}\"},\"query-input\":{\"@type\":\"PropertyValueSpecification\",\"valueRequired\":true,\"valueName\":\"search_term_string\"}}],\"inLanguage\":\"pl-PL\"}]}<\/script>\n<!-- \/ Yoast SEO plugin. -->","yoast_head_json":{"title":"Dydaktyka - Strony pracownik\u00f3w Wydzia\u0142u Informatyki Politechniki Bia\u0142ostockiej","robots":{"index":"index","follow":"follow","max-snippet":"max-snippet:-1","max-image-preview":"max-image-preview:large","max-video-preview":"max-video-preview:-1"},"canonical":"https:\/\/wi.pb.edu.pl\/p\/wojciech-kwedlo\/dydaktyka\/","og_locale":"pl_PL","og_type":"article","og_title":"Dydaktyka - Strony pracownik\u00f3w Wydzia\u0142u Informatyki Politechniki Bia\u0142ostockiej","og_description":"Informacje dla student\u00f3w Systemy operacyjne &#8211; studia stacjonarne Zadania z egzaminu z dnia 27.06.2005 Uwaga:&nbsp;prosz\u0119wi\u0119cej","og_url":"https:\/\/wi.pb.edu.pl\/p\/wojciech-kwedlo\/dydaktyka\/","og_site_name":"Strony pracownik\u00f3w Wydzia\u0142u Informatyki Politechniki Bia\u0142ostockiej","article_modified_time":"2024-09-17T08:15:07+00:00","twitter_card":"summary_large_image","twitter_misc":{"Szacowany czas czytania":"2 minuty"},"schema":{"@context":"https:\/\/schema.org","@graph":[{"@type":"WebPage","@id":"https:\/\/wi.pb.edu.pl\/p\/wojciech-kwedlo\/dydaktyka\/","url":"https:\/\/wi.pb.edu.pl\/p\/wojciech-kwedlo\/dydaktyka\/","name":"Dydaktyka - Strony pracownik\u00f3w Wydzia\u0142u Informatyki Politechniki Bia\u0142ostockiej","isPartOf":{"@id":"https:\/\/wi.pb.edu.pl\/p\/#website"},"datePublished":"2024-07-18T07:53:23+00:00","dateModified":"2024-09-17T08:15:07+00:00","breadcrumb":{"@id":"https:\/\/wi.pb.edu.pl\/p\/wojciech-kwedlo\/dydaktyka\/#breadcrumb"},"inLanguage":"pl-PL","potentialAction":[{"@type":"ReadAction","target":["https:\/\/wi.pb.edu.pl\/p\/wojciech-kwedlo\/dydaktyka\/"]}]},{"@type":"BreadcrumbList","@id":"https:\/\/wi.pb.edu.pl\/p\/wojciech-kwedlo\/dydaktyka\/#breadcrumb","itemListElement":[{"@type":"ListItem","position":1,"name":"Strona g\u0142\u00f3wna","item":"https:\/\/wi.pb.edu.pl\/p\/"},{"@type":"ListItem","position":2,"name":"dr hab. in\u017c. Wojciech Kwedlo","item":"https:\/\/wi.pb.edu.pl\/p\/wojciech-kwedlo\/"},{"@type":"ListItem","position":3,"name":"Dydaktyka"}]},{"@type":"WebSite","@id":"https:\/\/wi.pb.edu.pl\/p\/#website","url":"https:\/\/wi.pb.edu.pl\/p\/","name":"Strony pracownik\u00f3w Wydzia\u0142u Informatyki Politechniki Bia\u0142ostockiej","description":"","potentialAction":[{"@type":"SearchAction","target":{"@type":"EntryPoint","urlTemplate":"https:\/\/wi.pb.edu.pl\/p\/?s={search_term_string}"},"query-input":{"@type":"PropertyValueSpecification","valueRequired":true,"valueName":"search_term_string"}}],"inLanguage":"pl-PL"}]}},"_links":{"self":[{"href":"https:\/\/wi.pb.edu.pl\/p\/wp-json\/wp\/v2\/pages\/323","targetHints":{"allow":["GET"]}}],"collection":[{"href":"https:\/\/wi.pb.edu.pl\/p\/wp-json\/wp\/v2\/pages"}],"about":[{"href":"https:\/\/wi.pb.edu.pl\/p\/wp-json\/wp\/v2\/types\/page"}],"author":[{"embeddable":true,"href":"https:\/\/wi.pb.edu.pl\/p\/wp-json\/wp\/v2\/users\/14"}],"replies":[{"embeddable":true,"href":"https:\/\/wi.pb.edu.pl\/p\/wp-json\/wp\/v2\/comments?post=323"}],"version-history":[{"count":25,"href":"https:\/\/wi.pb.edu.pl\/p\/wp-json\/wp\/v2\/pages\/323\/revisions"}],"predecessor-version":[{"id":1865,"href":"https:\/\/wi.pb.edu.pl\/p\/wp-json\/wp\/v2\/pages\/323\/revisions\/1865"}],"up":[{"embeddable":true,"href":"https:\/\/wi.pb.edu.pl\/p\/wp-json\/wp\/v2\/pages\/312"}],"wp:attachment":[{"href":"https:\/\/wi.pb.edu.pl\/p\/wp-json\/wp\/v2\/media?parent=323"}],"curies":[{"name":"wp","href":"https:\/\/api.w.org\/{rel}","templated":true}]}}