{"id":359,"date":"2024-07-18T10:54:13","date_gmt":"2024-07-18T08:54:13","guid":{"rendered":"https:\/\/wi.pb.edu.pl\/p\/?page_id=359"},"modified":"2024-07-18T10:54:13","modified_gmt":"2024-07-18T08:54:13","slug":"ae-slajdy","status":"publish","type":"page","link":"https:\/\/wi.pb.edu.pl\/p\/wojciech-kwedlo\/dydaktyka\/ae-slajdy\/","title":{"rendered":"AE &#8211; slajdy"},"content":{"rendered":"<p><a href=\"https:\/\/wi.pb.edu.pl\/p\/wp-content\/uploads\/sites\/3\/2024\/07\/EA1.pdf\">Wyk\u0142ad 1<\/a><\/p>\n<p><a href=\"https:\/\/wi.pb.edu.pl\/p\/wp-content\/uploads\/sites\/3\/2024\/07\/EA2.pdf\">Wyk\u0142ad 2<\/a><\/p>\n<p><a href=\"https:\/\/wi.pb.edu.pl\/p\/wp-content\/uploads\/sites\/3\/2024\/07\/EA3.pdf\">Wyk\u0142ad 3<\/a><\/p>\n<p><a href=\"https:\/\/wi.pb.edu.pl\/p\/wp-content\/uploads\/sites\/3\/2024\/07\/EA4.pdf\">Wyk\u0142ad 4<\/a><\/p>\n<p><a href=\"https:\/\/wi.pb.edu.pl\/p\/wp-content\/uploads\/sites\/3\/2024\/07\/EA5.pdf\">Wyk\u0142ad 5<\/a><\/p>\n<p><a href=\"https:\/\/wi.pb.edu.pl\/p\/wp-content\/uploads\/sites\/3\/2024\/07\/EA6.pdf\">Wyk\u0142ad 6<\/a><\/p>\n<p><a href=\"https:\/\/wi.pb.edu.pl\/p\/wp-content\/uploads\/sites\/3\/2024\/07\/EA7.pdf\">Wyk\u0142ad 7<\/a><\/p>\n<p><a href=\"https:\/\/wi.pb.edu.pl\/p\/wp-content\/uploads\/sites\/3\/2024\/07\/EA8.pdf\">Wyk\u0142ad 8<\/a><\/p>\n<p><a href=\"https:\/\/wi.pb.edu.pl\/p\/wp-content\/uploads\/sites\/3\/2024\/07\/EA9.pdf\">Wyk\u0142ad 9<\/a><\/p>\n<p><a href=\"https:\/\/wi.pb.edu.pl\/p\/wp-content\/uploads\/sites\/3\/2024\/07\/EA10.pdf\">Wyk\u0142ad 10<\/a><\/p>\n<p><a href=\"https:\/\/wi.pb.edu.pl\/p\/wp-content\/uploads\/sites\/3\/2024\/07\/EA11.pdf\">Wyk\u0142ad 11<\/a><\/p>\n<p><a href=\"https:\/\/wi.pb.edu.pl\/p\/wp-content\/uploads\/sites\/3\/2024\/07\/EA12.pdf\">Wyk\u0142ad 12<\/a><\/p>\n<p><a href=\"https:\/\/wi.pb.edu.pl\/p\/wp-content\/uploads\/sites\/3\/2024\/07\/EA13.pdf\">Wyk\u0142ad 13<\/a><\/p>\n","protected":false},"excerpt":{"rendered":"<p>Wyk\u0142ad 1 Wyk\u0142ad 2 Wyk\u0142ad 3 Wyk\u0142ad 4 Wyk\u0142ad 5 Wyk\u0142ad 6 Wyk\u0142ad 7 Wyk\u0142ad<a class=\"read-more\" href=\"https:\/\/wi.pb.edu.pl\/p\/wojciech-kwedlo\/dydaktyka\/ae-slajdy\/\" title=\"Poka\u017c artyku\u0142 AE &#8211; slajdy\">wi\u0119cej<\/a><\/p>\n","protected":false},"author":14,"featured_media":0,"parent":323,"menu_order":0,"comment_status":"closed","ping_status":"closed","template":"","meta":{"inline_featured_image":false,"ngg_post_thumbnail":0,"footnotes":""},"class_list":["post-359","page","type-page","status-publish","hentry"],"acf":[],"yoast_head":"<!-- This site is optimized with the Yoast SEO plugin v26.4 - https:\/\/yoast.com\/wordpress\/plugins\/seo\/ -->\n<title>AE - slajdy - Strony pracownik\u00f3w Wydzia\u0142u Informatyki Politechniki Bia\u0142ostockiej<\/title>\n<meta name=\"robots\" content=\"index, follow, max-snippet:-1, max-image-preview:large, max-video-preview:-1\" \/>\n<link rel=\"canonical\" href=\"https:\/\/wi.pb.edu.pl\/p\/wojciech-kwedlo\/dydaktyka\/ae-slajdy\/\" \/>\n<meta property=\"og:locale\" content=\"pl_PL\" \/>\n<meta property=\"og:type\" content=\"article\" \/>\n<meta property=\"og:title\" content=\"AE - slajdy - Strony pracownik\u00f3w Wydzia\u0142u Informatyki Politechniki Bia\u0142ostockiej\" \/>\n<meta property=\"og:description\" content=\"Wyk\u0142ad 1 Wyk\u0142ad 2 Wyk\u0142ad 3 Wyk\u0142ad 4 Wyk\u0142ad 5 Wyk\u0142ad 6 Wyk\u0142ad 7 Wyk\u0142adwi\u0119cej\" \/>\n<meta property=\"og:url\" content=\"https:\/\/wi.pb.edu.pl\/p\/wojciech-kwedlo\/dydaktyka\/ae-slajdy\/\" \/>\n<meta property=\"og:site_name\" content=\"Strony pracownik\u00f3w Wydzia\u0142u Informatyki Politechniki Bia\u0142ostockiej\" \/>\n<meta name=\"twitter:card\" content=\"summary_large_image\" \/>\n<meta name=\"twitter:label1\" content=\"Szacowany czas czytania\" \/>\n\t<meta name=\"twitter:data1\" content=\"1 minuta\" \/>\n<script type=\"application\/ld+json\" class=\"yoast-schema-graph\">{\"@context\":\"https:\/\/schema.org\",\"@graph\":[{\"@type\":\"WebPage\",\"@id\":\"https:\/\/wi.pb.edu.pl\/p\/wojciech-kwedlo\/dydaktyka\/ae-slajdy\/\",\"url\":\"https:\/\/wi.pb.edu.pl\/p\/wojciech-kwedlo\/dydaktyka\/ae-slajdy\/\",\"name\":\"AE - slajdy - Strony pracownik\u00f3w Wydzia\u0142u Informatyki Politechniki Bia\u0142ostockiej\",\"isPartOf\":{\"@id\":\"https:\/\/wi.pb.edu.pl\/p\/#website\"},\"datePublished\":\"2024-07-18T08:54:13+00:00\",\"breadcrumb\":{\"@id\":\"https:\/\/wi.pb.edu.pl\/p\/wojciech-kwedlo\/dydaktyka\/ae-slajdy\/#breadcrumb\"},\"inLanguage\":\"pl-PL\",\"potentialAction\":[{\"@type\":\"ReadAction\",\"target\":[\"https:\/\/wi.pb.edu.pl\/p\/wojciech-kwedlo\/dydaktyka\/ae-slajdy\/\"]}]},{\"@type\":\"BreadcrumbList\",\"@id\":\"https:\/\/wi.pb.edu.pl\/p\/wojciech-kwedlo\/dydaktyka\/ae-slajdy\/#breadcrumb\",\"itemListElement\":[{\"@type\":\"ListItem\",\"position\":1,\"name\":\"Strona g\u0142\u00f3wna\",\"item\":\"https:\/\/wi.pb.edu.pl\/p\/\"},{\"@type\":\"ListItem\",\"position\":2,\"name\":\"dr hab. in\u017c. Wojciech Kwedlo\",\"item\":\"https:\/\/wi.pb.edu.pl\/p\/wojciech-kwedlo\/\"},{\"@type\":\"ListItem\",\"position\":3,\"name\":\"Dydaktyka\",\"item\":\"https:\/\/wi.pb.edu.pl\/p\/wojciech-kwedlo\/dydaktyka\/\"},{\"@type\":\"ListItem\",\"position\":4,\"name\":\"AE &#8211; slajdy\"}]},{\"@type\":\"WebSite\",\"@id\":\"https:\/\/wi.pb.edu.pl\/p\/#website\",\"url\":\"https:\/\/wi.pb.edu.pl\/p\/\",\"name\":\"Strony pracownik\u00f3w Wydzia\u0142u Informatyki Politechniki Bia\u0142ostockiej\",\"description\":\"\",\"potentialAction\":[{\"@type\":\"SearchAction\",\"target\":{\"@type\":\"EntryPoint\",\"urlTemplate\":\"https:\/\/wi.pb.edu.pl\/p\/?s={search_term_string}\"},\"query-input\":{\"@type\":\"PropertyValueSpecification\",\"valueRequired\":true,\"valueName\":\"search_term_string\"}}],\"inLanguage\":\"pl-PL\"}]}<\/script>\n<!-- \/ Yoast SEO plugin. -->","yoast_head_json":{"title":"AE - slajdy - Strony pracownik\u00f3w Wydzia\u0142u Informatyki Politechniki Bia\u0142ostockiej","robots":{"index":"index","follow":"follow","max-snippet":"max-snippet:-1","max-image-preview":"max-image-preview:large","max-video-preview":"max-video-preview:-1"},"canonical":"https:\/\/wi.pb.edu.pl\/p\/wojciech-kwedlo\/dydaktyka\/ae-slajdy\/","og_locale":"pl_PL","og_type":"article","og_title":"AE - slajdy - Strony pracownik\u00f3w Wydzia\u0142u Informatyki Politechniki Bia\u0142ostockiej","og_description":"Wyk\u0142ad 1 Wyk\u0142ad 2 Wyk\u0142ad 3 Wyk\u0142ad 4 Wyk\u0142ad 5 Wyk\u0142ad 6 Wyk\u0142ad 7 Wyk\u0142adwi\u0119cej","og_url":"https:\/\/wi.pb.edu.pl\/p\/wojciech-kwedlo\/dydaktyka\/ae-slajdy\/","og_site_name":"Strony pracownik\u00f3w Wydzia\u0142u Informatyki Politechniki Bia\u0142ostockiej","twitter_card":"summary_large_image","twitter_misc":{"Szacowany czas czytania":"1 minuta"},"schema":{"@context":"https:\/\/schema.org","@graph":[{"@type":"WebPage","@id":"https:\/\/wi.pb.edu.pl\/p\/wojciech-kwedlo\/dydaktyka\/ae-slajdy\/","url":"https:\/\/wi.pb.edu.pl\/p\/wojciech-kwedlo\/dydaktyka\/ae-slajdy\/","name":"AE - slajdy - Strony pracownik\u00f3w Wydzia\u0142u Informatyki Politechniki Bia\u0142ostockiej","isPartOf":{"@id":"https:\/\/wi.pb.edu.pl\/p\/#website"},"datePublished":"2024-07-18T08:54:13+00:00","breadcrumb":{"@id":"https:\/\/wi.pb.edu.pl\/p\/wojciech-kwedlo\/dydaktyka\/ae-slajdy\/#breadcrumb"},"inLanguage":"pl-PL","potentialAction":[{"@type":"ReadAction","target":["https:\/\/wi.pb.edu.pl\/p\/wojciech-kwedlo\/dydaktyka\/ae-slajdy\/"]}]},{"@type":"BreadcrumbList","@id":"https:\/\/wi.pb.edu.pl\/p\/wojciech-kwedlo\/dydaktyka\/ae-slajdy\/#breadcrumb","itemListElement":[{"@type":"ListItem","position":1,"name":"Strona g\u0142\u00f3wna","item":"https:\/\/wi.pb.edu.pl\/p\/"},{"@type":"ListItem","position":2,"name":"dr hab. in\u017c. Wojciech Kwedlo","item":"https:\/\/wi.pb.edu.pl\/p\/wojciech-kwedlo\/"},{"@type":"ListItem","position":3,"name":"Dydaktyka","item":"https:\/\/wi.pb.edu.pl\/p\/wojciech-kwedlo\/dydaktyka\/"},{"@type":"ListItem","position":4,"name":"AE &#8211; slajdy"}]},{"@type":"WebSite","@id":"https:\/\/wi.pb.edu.pl\/p\/#website","url":"https:\/\/wi.pb.edu.pl\/p\/","name":"Strony pracownik\u00f3w Wydzia\u0142u Informatyki Politechniki Bia\u0142ostockiej","description":"","potentialAction":[{"@type":"SearchAction","target":{"@type":"EntryPoint","urlTemplate":"https:\/\/wi.pb.edu.pl\/p\/?s={search_term_string}"},"query-input":{"@type":"PropertyValueSpecification","valueRequired":true,"valueName":"search_term_string"}}],"inLanguage":"pl-PL"}]}},"_links":{"self":[{"href":"https:\/\/wi.pb.edu.pl\/p\/wp-json\/wp\/v2\/pages\/359","targetHints":{"allow":["GET"]}}],"collection":[{"href":"https:\/\/wi.pb.edu.pl\/p\/wp-json\/wp\/v2\/pages"}],"about":[{"href":"https:\/\/wi.pb.edu.pl\/p\/wp-json\/wp\/v2\/types\/page"}],"author":[{"embeddable":true,"href":"https:\/\/wi.pb.edu.pl\/p\/wp-json\/wp\/v2\/users\/14"}],"replies":[{"embeddable":true,"href":"https:\/\/wi.pb.edu.pl\/p\/wp-json\/wp\/v2\/comments?post=359"}],"version-history":[{"count":1,"href":"https:\/\/wi.pb.edu.pl\/p\/wp-json\/wp\/v2\/pages\/359\/revisions"}],"predecessor-version":[{"id":360,"href":"https:\/\/wi.pb.edu.pl\/p\/wp-json\/wp\/v2\/pages\/359\/revisions\/360"}],"up":[{"embeddable":true,"href":"https:\/\/wi.pb.edu.pl\/p\/wp-json\/wp\/v2\/pages\/323"}],"wp:attachment":[{"href":"https:\/\/wi.pb.edu.pl\/p\/wp-json\/wp\/v2\/media?parent=359"}],"curies":[{"name":"wp","href":"https:\/\/api.w.org\/{rel}","templated":true}]}}