{"id":38,"date":"2024-01-29T22:50:31","date_gmt":"2024-01-29T21:50:31","guid":{"rendered":"https:\/\/wi.pb.edu.pl\/p\/?page_id=38"},"modified":"2026-01-22T15:12:35","modified_gmt":"2026-01-22T14:12:35","slug":"katedra-oprogramowania","status":"publish","type":"page","link":"https:\/\/wi.pb.edu.pl\/p\/katedra-oprogramowania\/","title":{"rendered":"Katedra Oprogramowania"},"content":{"rendered":"<p><a title=\"dr in\u017c. Marcin Adamski\" href=\"https:\/\/wi.pb.edu.pl\/p\/marcin-adamski\/\">dr in\u017c. Marcin Adamski<\/a><\/p>\n<p><a title=\"prof. dr hab. Leon Bobrowski\" href=\"https:\/\/wi.pb.edu.pl\/p\/leon-bobrowski\/\">prof. dr hab. Leon Bobrowski<\/a><\/p>\n<p><a title=\"dr in\u017c. Marcin Czajkowski\" href=\"https:\/\/wi.pb.edu.pl\/p\/marcin-czajkowski\/\">dr in\u017c. Marcin Czajkowski<\/a><\/p>\n<p><a title=\"dr hab. in\u017c. Marek J. Dru\u017cdzel\" href=\"https:\/\/wi.pb.edu.pl\/p\/marek-j-druzdzel\/\">dr hab. in\u017c. Marek J. Dru\u017cd\u017cel<\/a><\/p>\n<p><a title=\"dr hab. in\u017c. Agnieszka Dru\u017cd\u017cel\" href=\"https:\/\/wi.pb.edu.pl\/p\/agnieszka-druzdzel\/\">dr hab. in\u017c. Agnieszka Dru\u017cd\u017cel<\/a><\/p>\n<p><a title=\"dr in\u017c. Dorota Duda\" href=\"https:\/\/wi.pb.edu.pl\/p\/dorota-duda\/\">dr in\u017c. Dorota Duda<\/a><\/p>\n<p><a title=\"mgr in\u017c. Joanna Go\u015bcik\" href=\"https:\/\/wi.pb.edu.pl\/p\/joanna-goscik\/\">mgr in\u017c. Joanna Go\u015bcik<\/a><\/p>\n<p><a title=\"mgr in\u017c. Tomasz Hordjewicz\" href=\"https:\/\/wi.pb.edu.pl\/p\/tomasz-hordjewicz\/\">mgr in\u017c. Tomasz Hordjewicz<\/a><\/p>\n<p><a title=\"dr hab. Stanis\u0142aw Jarz\u0105bek\" href=\"https:\/\/wi.pb.edu.pl\/p\/krzysztof-jurczuk\/\">dr in\u017c. Krzysztof Jurczuk<\/a><\/p>\n<p><a title=\"dr in\u017c. Marcin Ko\u017aniewski\" href=\"https:\/\/wi.pb.edu.pl\/p\/marcin-kozniewski\/\">dr in\u017c. Marcin Ko\u017aniewski<\/a><\/p>\n<p><a title=\"dr in\u017c. Jerzy Krawczuk\" href=\"https:\/\/wi.pb.edu.pl\/p\/jerzy-krawczuk\/\">dr in\u017c. Jerzy Krawczuk<\/a><\/p>\n<p><a title=\"prof. dr hab. in\u017c. Marek Kr\u0119towski\" href=\"https:\/\/wi.pb.edu.pl\/p\/marek-kretowski\/\">prof. dr hab. in\u017c. Marek Kr\u0119towski<\/a><\/p>\n<p><a title=\"mgr in\u017c. Tomasz Kuczy\u0144ski\" href=\"https:\/\/wi.pb.edu.pl\/p\/tomasz-kuczynski\/\">mgr in\u017c. Tomasz Kuczy\u0144ski<\/a><\/p>\n<p><a title=\"dr hab. in\u017c. Wojciech Kwedlo\" href=\"https:\/\/wi.pb.edu.pl\/p\/wojciech-kwedlo\/\">dr hab. in\u017c. Wojciech Kwedlo<\/a><\/p>\n<p><a title=\"dr in\u017c. Tomasz \u0141ukaszuk\" href=\"https:\/\/wi.pb.edu.pl\/p\/tomasz-lukaszuk\/\">dr in\u017c. Tomasz \u0141ukaszuk<\/a><\/p>\n<p><a title=\"dr in\u017c. Anna \u0141upi\u0144ska \u2013 Dubicka\" href=\"https:\/\/wi.pb.edu.pl\/p\/anna-lupinska-dubicka\/\">dr in\u017c.&nbsp; Anna \u0141upi\u0144ska &#8211; Dubicka<\/a><\/p>\n<p><a title=\"dr in\u017c. Daniel Reska\" href=\"https:\/\/wi.pb.edu.pl\/p\/daniel-reska\/\">dr in\u017c. Daniel Reska<\/a><\/p>\n<p><a title=\"dr in\u017c. Marek Tab\u0119dzki\" href=\"https:\/\/wi.pb.edu.pl\/p\/marek-tabedzki\/\">dr in\u017c. Marek Tab\u0119dzki<\/a><\/p>\n<p><a title=\"dr in\u017c. Magdalena Topczewska\" href=\"https:\/\/wi.pb.edu.pl\/p\/magdalena-topczewska\/\">dr in\u017c. Magdalena Topczewska<\/a><\/p>\n<p><a title=\"mgr in\u017c. Pawe\u0142 Zabielski\" href=\"https:\/\/wi.pb.edu.pl\/p\/pawel-zabielski\/\">mgr in\u017c. Pawe\u0142 Zabielski<\/a><\/p>\n<p><a title=\"mgr in\u017c. Jakub Zaprza\u0142ka\" href=\"https:\/\/wi.pb.edu.pl\/p\/jakub-zaprzalka\/\">mgr in\u017c. Jakub Zaprza\u0142ka<\/a><\/p>\n","protected":false},"excerpt":{"rendered":"<p>dr in\u017c. Marcin Adamski prof. dr hab. Leon Bobrowski dr in\u017c. Marcin Czajkowski dr hab.<a class=\"read-more\" href=\"https:\/\/wi.pb.edu.pl\/p\/katedra-oprogramowania\/\" title=\"Poka\u017c artyku\u0142 Katedra Oprogramowania\">wi\u0119cej<\/a><\/p>\n","protected":false},"author":2,"featured_media":0,"parent":0,"menu_order":1,"comment_status":"closed","ping_status":"closed","template":"","meta":{"inline_featured_image":false,"ngg_post_thumbnail":0,"footnotes":""},"class_list":["post-38","page","type-page","status-publish","hentry"],"acf":[],"yoast_head":"<!-- This site is optimized with the Yoast SEO plugin v26.4 - https:\/\/yoast.com\/wordpress\/plugins\/seo\/ -->\n<title>Katedra Oprogramowania - Strony pracownik\u00f3w Wydzia\u0142u Informatyki Politechniki Bia\u0142ostockiej<\/title>\n<meta name=\"robots\" content=\"index, follow, max-snippet:-1, max-image-preview:large, max-video-preview:-1\" \/>\n<link rel=\"canonical\" href=\"https:\/\/wi.pb.edu.pl\/p\/katedra-oprogramowania\/\" \/>\n<meta property=\"og:locale\" content=\"pl_PL\" \/>\n<meta property=\"og:type\" content=\"article\" \/>\n<meta property=\"og:title\" content=\"Katedra Oprogramowania - Strony pracownik\u00f3w Wydzia\u0142u Informatyki Politechniki Bia\u0142ostockiej\" \/>\n<meta property=\"og:description\" content=\"dr in\u017c. Marcin Adamski prof. dr hab. Leon Bobrowski dr in\u017c. Marcin Czajkowski dr hab.wi\u0119cej\" \/>\n<meta property=\"og:url\" content=\"https:\/\/wi.pb.edu.pl\/p\/katedra-oprogramowania\/\" \/>\n<meta property=\"og:site_name\" content=\"Strony pracownik\u00f3w Wydzia\u0142u Informatyki Politechniki Bia\u0142ostockiej\" \/>\n<meta property=\"article:modified_time\" content=\"2026-01-22T14:12:35+00:00\" \/>\n<meta name=\"twitter:card\" content=\"summary_large_image\" \/>\n<meta name=\"twitter:label1\" content=\"Szacowany czas czytania\" \/>\n\t<meta name=\"twitter:data1\" content=\"1 minuta\" \/>\n<script type=\"application\/ld+json\" class=\"yoast-schema-graph\">{\"@context\":\"https:\/\/schema.org\",\"@graph\":[{\"@type\":\"WebPage\",\"@id\":\"https:\/\/wi.pb.edu.pl\/p\/katedra-oprogramowania\/\",\"url\":\"https:\/\/wi.pb.edu.pl\/p\/katedra-oprogramowania\/\",\"name\":\"Katedra Oprogramowania - Strony pracownik\u00f3w Wydzia\u0142u Informatyki Politechniki Bia\u0142ostockiej\",\"isPartOf\":{\"@id\":\"https:\/\/wi.pb.edu.pl\/p\/#website\"},\"datePublished\":\"2024-01-29T21:50:31+00:00\",\"dateModified\":\"2026-01-22T14:12:35+00:00\",\"breadcrumb\":{\"@id\":\"https:\/\/wi.pb.edu.pl\/p\/katedra-oprogramowania\/#breadcrumb\"},\"inLanguage\":\"pl-PL\",\"potentialAction\":[{\"@type\":\"ReadAction\",\"target\":[\"https:\/\/wi.pb.edu.pl\/p\/katedra-oprogramowania\/\"]}]},{\"@type\":\"BreadcrumbList\",\"@id\":\"https:\/\/wi.pb.edu.pl\/p\/katedra-oprogramowania\/#breadcrumb\",\"itemListElement\":[{\"@type\":\"ListItem\",\"position\":1,\"name\":\"Strona g\u0142\u00f3wna\",\"item\":\"https:\/\/wi.pb.edu.pl\/p\/\"},{\"@type\":\"ListItem\",\"position\":2,\"name\":\"Katedra Oprogramowania\"}]},{\"@type\":\"WebSite\",\"@id\":\"https:\/\/wi.pb.edu.pl\/p\/#website\",\"url\":\"https:\/\/wi.pb.edu.pl\/p\/\",\"name\":\"Strony pracownik\u00f3w Wydzia\u0142u Informatyki Politechniki Bia\u0142ostockiej\",\"description\":\"\",\"potentialAction\":[{\"@type\":\"SearchAction\",\"target\":{\"@type\":\"EntryPoint\",\"urlTemplate\":\"https:\/\/wi.pb.edu.pl\/p\/?s={search_term_string}\"},\"query-input\":{\"@type\":\"PropertyValueSpecification\",\"valueRequired\":true,\"valueName\":\"search_term_string\"}}],\"inLanguage\":\"pl-PL\"}]}<\/script>\n<!-- \/ Yoast SEO plugin. -->","yoast_head_json":{"title":"Katedra Oprogramowania - Strony pracownik\u00f3w Wydzia\u0142u Informatyki Politechniki Bia\u0142ostockiej","robots":{"index":"index","follow":"follow","max-snippet":"max-snippet:-1","max-image-preview":"max-image-preview:large","max-video-preview":"max-video-preview:-1"},"canonical":"https:\/\/wi.pb.edu.pl\/p\/katedra-oprogramowania\/","og_locale":"pl_PL","og_type":"article","og_title":"Katedra Oprogramowania - Strony pracownik\u00f3w Wydzia\u0142u Informatyki Politechniki Bia\u0142ostockiej","og_description":"dr in\u017c. Marcin Adamski prof. dr hab. Leon Bobrowski dr in\u017c. Marcin Czajkowski dr hab.wi\u0119cej","og_url":"https:\/\/wi.pb.edu.pl\/p\/katedra-oprogramowania\/","og_site_name":"Strony pracownik\u00f3w Wydzia\u0142u Informatyki Politechniki Bia\u0142ostockiej","article_modified_time":"2026-01-22T14:12:35+00:00","twitter_card":"summary_large_image","twitter_misc":{"Szacowany czas czytania":"1 minuta"},"schema":{"@context":"https:\/\/schema.org","@graph":[{"@type":"WebPage","@id":"https:\/\/wi.pb.edu.pl\/p\/katedra-oprogramowania\/","url":"https:\/\/wi.pb.edu.pl\/p\/katedra-oprogramowania\/","name":"Katedra Oprogramowania - Strony pracownik\u00f3w Wydzia\u0142u Informatyki Politechniki Bia\u0142ostockiej","isPartOf":{"@id":"https:\/\/wi.pb.edu.pl\/p\/#website"},"datePublished":"2024-01-29T21:50:31+00:00","dateModified":"2026-01-22T14:12:35+00:00","breadcrumb":{"@id":"https:\/\/wi.pb.edu.pl\/p\/katedra-oprogramowania\/#breadcrumb"},"inLanguage":"pl-PL","potentialAction":[{"@type":"ReadAction","target":["https:\/\/wi.pb.edu.pl\/p\/katedra-oprogramowania\/"]}]},{"@type":"BreadcrumbList","@id":"https:\/\/wi.pb.edu.pl\/p\/katedra-oprogramowania\/#breadcrumb","itemListElement":[{"@type":"ListItem","position":1,"name":"Strona g\u0142\u00f3wna","item":"https:\/\/wi.pb.edu.pl\/p\/"},{"@type":"ListItem","position":2,"name":"Katedra Oprogramowania"}]},{"@type":"WebSite","@id":"https:\/\/wi.pb.edu.pl\/p\/#website","url":"https:\/\/wi.pb.edu.pl\/p\/","name":"Strony pracownik\u00f3w Wydzia\u0142u Informatyki Politechniki Bia\u0142ostockiej","description":"","potentialAction":[{"@type":"SearchAction","target":{"@type":"EntryPoint","urlTemplate":"https:\/\/wi.pb.edu.pl\/p\/?s={search_term_string}"},"query-input":{"@type":"PropertyValueSpecification","valueRequired":true,"valueName":"search_term_string"}}],"inLanguage":"pl-PL"}]}},"_links":{"self":[{"href":"https:\/\/wi.pb.edu.pl\/p\/wp-json\/wp\/v2\/pages\/38","targetHints":{"allow":["GET"]}}],"collection":[{"href":"https:\/\/wi.pb.edu.pl\/p\/wp-json\/wp\/v2\/pages"}],"about":[{"href":"https:\/\/wi.pb.edu.pl\/p\/wp-json\/wp\/v2\/types\/page"}],"author":[{"embeddable":true,"href":"https:\/\/wi.pb.edu.pl\/p\/wp-json\/wp\/v2\/users\/2"}],"replies":[{"embeddable":true,"href":"https:\/\/wi.pb.edu.pl\/p\/wp-json\/wp\/v2\/comments?post=38"}],"version-history":[{"count":4,"href":"https:\/\/wi.pb.edu.pl\/p\/wp-json\/wp\/v2\/pages\/38\/revisions"}],"predecessor-version":[{"id":1972,"href":"https:\/\/wi.pb.edu.pl\/p\/wp-json\/wp\/v2\/pages\/38\/revisions\/1972"}],"wp:attachment":[{"href":"https:\/\/wi.pb.edu.pl\/p\/wp-json\/wp\/v2\/media?parent=38"}],"curies":[{"name":"wp","href":"https:\/\/api.w.org\/{rel}","templated":true}]}}