{"id":390,"date":"2024-07-18T11:25:13","date_gmt":"2024-07-18T09:25:13","guid":{"rendered":"https:\/\/wi.pb.edu.pl\/p\/?page_id=390"},"modified":"2024-07-18T11:27:40","modified_gmt":"2024-07-18T09:27:40","slug":"zaawansowane-systemy-operacyjne-slajdy","status":"publish","type":"page","link":"https:\/\/wi.pb.edu.pl\/p\/wojciech-kwedlo\/dydaktyka\/zaawansowane-systemy-operacyjne-slajdy\/","title":{"rendered":"Zaawansowane systemy operacyjne &#8211; slajdy"},"content":{"rendered":"<p><a href=\"https:\/\/wi.pb.edu.pl\/p\/wp-content\/uploads\/sites\/3\/2024\/07\/OS2-1.pdf\">Wyk\u0142ad 1<\/a>&nbsp;(wprowadzenie do j\u0105dra)<\/p>\n<p><a href=\"https:\/\/wi.pb.edu.pl\/p\/wp-content\/uploads\/sites\/3\/2024\/07\/OS2-2.pdf\">Wyk\u0142ad 2<\/a>&nbsp;(stany procesu, budzenie, usypianie, semafory j\u0105dra)<\/p>\n<p><a href=\"https:\/\/wi.pb.edu.pl\/p\/wp-content\/uploads\/sites\/3\/2024\/07\/OS2-3.pdf\">Wyk\u0142ad 3<\/a>&nbsp;(sterownik urz\u0105dzenia znakowego)<\/p>\n<p><a href=\"https:\/\/wi.pb.edu.pl\/p\/wp-content\/uploads\/sites\/3\/2024\/07\/OS2-4.pdf\">Wyk\u0142ad 4<\/a>&nbsp;(modu\u0142y j\u0105dra, sterownik urz\u0105dzenia blokowego)<\/p>\n<p><a href=\"https:\/\/wi.pb.edu.pl\/p\/wp-content\/uploads\/sites\/3\/2024\/07\/OS2-5.pdf\">Wyk\u0142ad 5<\/a>&nbsp;(przerwania i wywo\u0142ania systemowe)<\/p>\n<p><a href=\"https:\/\/wi.pb.edu.pl\/p\/wp-content\/uploads\/sites\/3\/2024\/07\/OS2-6.pdf\">Wyk\u0142ad 6<\/a>&nbsp;(planista procesora &#8211; funkcja&nbsp;schedule)<\/p>\n<p><a href=\"https:\/\/wi.pb.edu.pl\/p\/wp-content\/uploads\/sites\/3\/2024\/07\/OS2-7.pdf\">Wyk\u0142ad 7<\/a>&nbsp;(podr\u0119czna pami\u0119\u0107 bufor\u00f3w)<\/p>\n<p><a href=\"https:\/\/wi.pb.edu.pl\/p\/wp-content\/uploads\/sites\/3\/2024\/07\/OS2-8.pdf\">Wyk\u0142ad 8<\/a>&nbsp;(systemy plik\u00f3w &#8211; cz\u0119\u015b\u0107 I)<\/p>\n<p>Wszystki slajdy w formacie&nbsp;.pdf<br \/>\nOpracowa\u0142:&nbsp;Wojciech Kwedlo<\/p>\n","protected":false},"excerpt":{"rendered":"<p>Wyk\u0142ad 1&nbsp;(wprowadzenie do j\u0105dra) Wyk\u0142ad 2&nbsp;(stany procesu, budzenie, usypianie, semafory j\u0105dra) Wyk\u0142ad 3&nbsp;(sterownik urz\u0105dzenia znakowego)<a class=\"read-more\" href=\"https:\/\/wi.pb.edu.pl\/p\/wojciech-kwedlo\/dydaktyka\/zaawansowane-systemy-operacyjne-slajdy\/\" title=\"Poka\u017c artyku\u0142 Zaawansowane systemy operacyjne &#8211; slajdy\">wi\u0119cej<\/a><\/p>\n","protected":false},"author":14,"featured_media":0,"parent":323,"menu_order":0,"comment_status":"closed","ping_status":"closed","template":"","meta":{"inline_featured_image":false,"ngg_post_thumbnail":0,"footnotes":""},"class_list":["post-390","page","type-page","status-publish","hentry"],"acf":[],"yoast_head":"<!-- This site is optimized with the Yoast SEO plugin v26.4 - https:\/\/yoast.com\/wordpress\/plugins\/seo\/ -->\n<title>Zaawansowane systemy operacyjne - slajdy - Strony pracownik\u00f3w Wydzia\u0142u Informatyki Politechniki Bia\u0142ostockiej<\/title>\n<meta name=\"robots\" content=\"index, follow, max-snippet:-1, max-image-preview:large, max-video-preview:-1\" \/>\n<link rel=\"canonical\" href=\"https:\/\/wi.pb.edu.pl\/p\/wojciech-kwedlo\/dydaktyka\/zaawansowane-systemy-operacyjne-slajdy\/\" \/>\n<meta property=\"og:locale\" content=\"pl_PL\" \/>\n<meta property=\"og:type\" content=\"article\" \/>\n<meta property=\"og:title\" content=\"Zaawansowane systemy operacyjne - slajdy - Strony pracownik\u00f3w Wydzia\u0142u Informatyki Politechniki Bia\u0142ostockiej\" \/>\n<meta property=\"og:description\" content=\"Wyk\u0142ad 1&nbsp;(wprowadzenie do j\u0105dra) Wyk\u0142ad 2&nbsp;(stany procesu, budzenie, usypianie, semafory j\u0105dra) Wyk\u0142ad 3&nbsp;(sterownik urz\u0105dzenia znakowego)wi\u0119cej\" \/>\n<meta property=\"og:url\" content=\"https:\/\/wi.pb.edu.pl\/p\/wojciech-kwedlo\/dydaktyka\/zaawansowane-systemy-operacyjne-slajdy\/\" \/>\n<meta property=\"og:site_name\" content=\"Strony pracownik\u00f3w Wydzia\u0142u Informatyki Politechniki Bia\u0142ostockiej\" \/>\n<meta property=\"article:modified_time\" content=\"2024-07-18T09:27:40+00:00\" \/>\n<meta name=\"twitter:card\" content=\"summary_large_image\" \/>\n<meta name=\"twitter:label1\" content=\"Szacowany czas czytania\" \/>\n\t<meta name=\"twitter:data1\" content=\"1 minuta\" \/>\n<script type=\"application\/ld+json\" class=\"yoast-schema-graph\">{\"@context\":\"https:\/\/schema.org\",\"@graph\":[{\"@type\":\"WebPage\",\"@id\":\"https:\/\/wi.pb.edu.pl\/p\/wojciech-kwedlo\/dydaktyka\/zaawansowane-systemy-operacyjne-slajdy\/\",\"url\":\"https:\/\/wi.pb.edu.pl\/p\/wojciech-kwedlo\/dydaktyka\/zaawansowane-systemy-operacyjne-slajdy\/\",\"name\":\"Zaawansowane systemy operacyjne - slajdy - Strony pracownik\u00f3w Wydzia\u0142u Informatyki Politechniki Bia\u0142ostockiej\",\"isPartOf\":{\"@id\":\"https:\/\/wi.pb.edu.pl\/p\/#website\"},\"datePublished\":\"2024-07-18T09:25:13+00:00\",\"dateModified\":\"2024-07-18T09:27:40+00:00\",\"breadcrumb\":{\"@id\":\"https:\/\/wi.pb.edu.pl\/p\/wojciech-kwedlo\/dydaktyka\/zaawansowane-systemy-operacyjne-slajdy\/#breadcrumb\"},\"inLanguage\":\"pl-PL\",\"potentialAction\":[{\"@type\":\"ReadAction\",\"target\":[\"https:\/\/wi.pb.edu.pl\/p\/wojciech-kwedlo\/dydaktyka\/zaawansowane-systemy-operacyjne-slajdy\/\"]}]},{\"@type\":\"BreadcrumbList\",\"@id\":\"https:\/\/wi.pb.edu.pl\/p\/wojciech-kwedlo\/dydaktyka\/zaawansowane-systemy-operacyjne-slajdy\/#breadcrumb\",\"itemListElement\":[{\"@type\":\"ListItem\",\"position\":1,\"name\":\"Strona g\u0142\u00f3wna\",\"item\":\"https:\/\/wi.pb.edu.pl\/p\/\"},{\"@type\":\"ListItem\",\"position\":2,\"name\":\"dr hab. in\u017c. Wojciech Kwedlo\",\"item\":\"https:\/\/wi.pb.edu.pl\/p\/wojciech-kwedlo\/\"},{\"@type\":\"ListItem\",\"position\":3,\"name\":\"Dydaktyka\",\"item\":\"https:\/\/wi.pb.edu.pl\/p\/wojciech-kwedlo\/dydaktyka\/\"},{\"@type\":\"ListItem\",\"position\":4,\"name\":\"Zaawansowane systemy operacyjne &#8211; slajdy\"}]},{\"@type\":\"WebSite\",\"@id\":\"https:\/\/wi.pb.edu.pl\/p\/#website\",\"url\":\"https:\/\/wi.pb.edu.pl\/p\/\",\"name\":\"Strony pracownik\u00f3w Wydzia\u0142u Informatyki Politechniki Bia\u0142ostockiej\",\"description\":\"\",\"potentialAction\":[{\"@type\":\"SearchAction\",\"target\":{\"@type\":\"EntryPoint\",\"urlTemplate\":\"https:\/\/wi.pb.edu.pl\/p\/?s={search_term_string}\"},\"query-input\":{\"@type\":\"PropertyValueSpecification\",\"valueRequired\":true,\"valueName\":\"search_term_string\"}}],\"inLanguage\":\"pl-PL\"}]}<\/script>\n<!-- \/ Yoast SEO plugin. -->","yoast_head_json":{"title":"Zaawansowane systemy operacyjne - slajdy - Strony pracownik\u00f3w Wydzia\u0142u Informatyki Politechniki Bia\u0142ostockiej","robots":{"index":"index","follow":"follow","max-snippet":"max-snippet:-1","max-image-preview":"max-image-preview:large","max-video-preview":"max-video-preview:-1"},"canonical":"https:\/\/wi.pb.edu.pl\/p\/wojciech-kwedlo\/dydaktyka\/zaawansowane-systemy-operacyjne-slajdy\/","og_locale":"pl_PL","og_type":"article","og_title":"Zaawansowane systemy operacyjne - slajdy - Strony pracownik\u00f3w Wydzia\u0142u Informatyki Politechniki Bia\u0142ostockiej","og_description":"Wyk\u0142ad 1&nbsp;(wprowadzenie do j\u0105dra) Wyk\u0142ad 2&nbsp;(stany procesu, budzenie, usypianie, semafory j\u0105dra) Wyk\u0142ad 3&nbsp;(sterownik urz\u0105dzenia znakowego)wi\u0119cej","og_url":"https:\/\/wi.pb.edu.pl\/p\/wojciech-kwedlo\/dydaktyka\/zaawansowane-systemy-operacyjne-slajdy\/","og_site_name":"Strony pracownik\u00f3w Wydzia\u0142u Informatyki Politechniki Bia\u0142ostockiej","article_modified_time":"2024-07-18T09:27:40+00:00","twitter_card":"summary_large_image","twitter_misc":{"Szacowany czas czytania":"1 minuta"},"schema":{"@context":"https:\/\/schema.org","@graph":[{"@type":"WebPage","@id":"https:\/\/wi.pb.edu.pl\/p\/wojciech-kwedlo\/dydaktyka\/zaawansowane-systemy-operacyjne-slajdy\/","url":"https:\/\/wi.pb.edu.pl\/p\/wojciech-kwedlo\/dydaktyka\/zaawansowane-systemy-operacyjne-slajdy\/","name":"Zaawansowane systemy operacyjne - slajdy - Strony pracownik\u00f3w Wydzia\u0142u Informatyki Politechniki Bia\u0142ostockiej","isPartOf":{"@id":"https:\/\/wi.pb.edu.pl\/p\/#website"},"datePublished":"2024-07-18T09:25:13+00:00","dateModified":"2024-07-18T09:27:40+00:00","breadcrumb":{"@id":"https:\/\/wi.pb.edu.pl\/p\/wojciech-kwedlo\/dydaktyka\/zaawansowane-systemy-operacyjne-slajdy\/#breadcrumb"},"inLanguage":"pl-PL","potentialAction":[{"@type":"ReadAction","target":["https:\/\/wi.pb.edu.pl\/p\/wojciech-kwedlo\/dydaktyka\/zaawansowane-systemy-operacyjne-slajdy\/"]}]},{"@type":"BreadcrumbList","@id":"https:\/\/wi.pb.edu.pl\/p\/wojciech-kwedlo\/dydaktyka\/zaawansowane-systemy-operacyjne-slajdy\/#breadcrumb","itemListElement":[{"@type":"ListItem","position":1,"name":"Strona g\u0142\u00f3wna","item":"https:\/\/wi.pb.edu.pl\/p\/"},{"@type":"ListItem","position":2,"name":"dr hab. in\u017c. Wojciech Kwedlo","item":"https:\/\/wi.pb.edu.pl\/p\/wojciech-kwedlo\/"},{"@type":"ListItem","position":3,"name":"Dydaktyka","item":"https:\/\/wi.pb.edu.pl\/p\/wojciech-kwedlo\/dydaktyka\/"},{"@type":"ListItem","position":4,"name":"Zaawansowane systemy operacyjne &#8211; slajdy"}]},{"@type":"WebSite","@id":"https:\/\/wi.pb.edu.pl\/p\/#website","url":"https:\/\/wi.pb.edu.pl\/p\/","name":"Strony pracownik\u00f3w Wydzia\u0142u Informatyki Politechniki Bia\u0142ostockiej","description":"","potentialAction":[{"@type":"SearchAction","target":{"@type":"EntryPoint","urlTemplate":"https:\/\/wi.pb.edu.pl\/p\/?s={search_term_string}"},"query-input":{"@type":"PropertyValueSpecification","valueRequired":true,"valueName":"search_term_string"}}],"inLanguage":"pl-PL"}]}},"_links":{"self":[{"href":"https:\/\/wi.pb.edu.pl\/p\/wp-json\/wp\/v2\/pages\/390","targetHints":{"allow":["GET"]}}],"collection":[{"href":"https:\/\/wi.pb.edu.pl\/p\/wp-json\/wp\/v2\/pages"}],"about":[{"href":"https:\/\/wi.pb.edu.pl\/p\/wp-json\/wp\/v2\/types\/page"}],"author":[{"embeddable":true,"href":"https:\/\/wi.pb.edu.pl\/p\/wp-json\/wp\/v2\/users\/14"}],"replies":[{"embeddable":true,"href":"https:\/\/wi.pb.edu.pl\/p\/wp-json\/wp\/v2\/comments?post=390"}],"version-history":[{"count":4,"href":"https:\/\/wi.pb.edu.pl\/p\/wp-json\/wp\/v2\/pages\/390\/revisions"}],"predecessor-version":[{"id":402,"href":"https:\/\/wi.pb.edu.pl\/p\/wp-json\/wp\/v2\/pages\/390\/revisions\/402"}],"up":[{"embeddable":true,"href":"https:\/\/wi.pb.edu.pl\/p\/wp-json\/wp\/v2\/pages\/323"}],"wp:attachment":[{"href":"https:\/\/wi.pb.edu.pl\/p\/wp-json\/wp\/v2\/media?parent=390"}],"curies":[{"name":"wp","href":"https:\/\/api.w.org\/{rel}","templated":true}]}}