{"id":41,"date":"2024-01-29T22:51:46","date_gmt":"2024-01-29T21:51:46","guid":{"rendered":"https:\/\/wi.pb.edu.pl\/p\/?page_id=41"},"modified":"2024-09-17T09:51:27","modified_gmt":"2024-09-17T07:51:27","slug":"katedra-matematyki","status":"publish","type":"page","link":"https:\/\/wi.pb.edu.pl\/p\/katedra-matematyki\/","title":{"rendered":"Katedra Matematyki"},"content":{"rendered":"<p><a title=\"prof. dr hab. in\u017c. Zbigniew Bartosiewicz\" href=\"https:\/\/wi.pb.edu.pl\/p\/zbigniew-bartosiewicz\/\">prof. dr hab. in\u017c. Zbigniew Bartosiewicz<\/a><\/p>\n<p><a title=\"mgr Witali Bu\u0142atow\" href=\"https:\/\/wi.pb.edu.pl\/p\/witali-bulatow\/\">mgr Witali Bu\u0142atow<\/a><\/p>\n<p><a title=\"dr hab. Ewa Girejko\" href=\"https:\/\/wi.pb.edu.pl\/p\/ewa-girejko\/\">dr hab. Ewa Girejko<\/a><\/p>\n<p><a title=\"dr Dariusz Kacprzak\" href=\"https:\/\/wi.pb.edu.pl\/p\/dariusz-kacprzak\/\">dr Dariusz Kacprzak<\/a><\/p>\n<p><a title=\"dr Marek K\u0119pczyk\" href=\"https:\/\/wi.pb.edu.pl\/p\/marek-kepczyk\/\">dr Marek K\u0119pczyk<\/a><\/p>\n<p><a title=\"dr hab. Agnieszka Malinowska\" href=\"https:\/\/wi.pb.edu.pl\/p\/agnieszka-malinowska\/\">dr hab. Agnieszka Malinowska<\/a><\/p>\n<p><a title=\"dr hab. Dorota Mozyrska\" href=\"https:\/\/wi.pb.edu.pl\/p\/dorota-mozyrska\/\">dr hab. Dorota Mozyrska<\/a><\/p>\n<p><a title=\"dr in\u017c. Krzysztof Piekarski\" href=\"https:\/\/wi.pb.edu.pl\/p\/krzysztof-piekarski\/\">dr in\u017c. Krzysztof Piekarski<\/a><\/p>\n<p><a title=\"dr Anna Poskrobko\" href=\"https:\/\/wi.pb.edu.pl\/p\/anna-poskrobko\/\">dr Anna Poskrobko<\/a><\/p>\n<p><a title=\"dr in\u017c. Rajmund Stasiewicz\" href=\"https:\/\/wi.pb.edu.pl\/p\/rajmund-stasiewicz\/\">dr in\u017c. Rajmund Stasiewicz<\/a><\/p>\n<p><a title=\"mgr in\u017c. Katarzyna Topolewicz\" href=\"https:\/\/wi.pb.edu.pl\/p\/katarzyna-topolewicz\/\">mgr in\u017c. Katarzyna Topolewicz<\/a><\/p>\n<p><a title=\"dr hab. Ma\u0142gorzata Wyrwas\" href=\"https:\/\/wi.pb.edu.pl\/p\/malgorzata-wyrwas\/\">dr hab. Ma\u0142gorzata Wyrwas<\/a><\/p>\n","protected":false},"excerpt":{"rendered":"<p>prof. dr hab. in\u017c. Zbigniew Bartosiewicz mgr Witali Bu\u0142atow dr hab. Ewa Girejko dr Dariusz<a class=\"read-more\" href=\"https:\/\/wi.pb.edu.pl\/p\/katedra-matematyki\/\" title=\"Poka\u017c artyku\u0142 Katedra Matematyki\">wi\u0119cej<\/a><\/p>\n","protected":false},"author":2,"featured_media":0,"parent":0,"menu_order":2,"comment_status":"closed","ping_status":"closed","template":"","meta":{"inline_featured_image":false,"ngg_post_thumbnail":0,"footnotes":""},"class_list":["post-41","page","type-page","status-publish","hentry"],"acf":[],"yoast_head":"<!-- This site is optimized with the Yoast SEO plugin v26.4 - https:\/\/yoast.com\/wordpress\/plugins\/seo\/ -->\n<title>Katedra Matematyki - Strony pracownik\u00f3w Wydzia\u0142u Informatyki Politechniki Bia\u0142ostockiej<\/title>\n<meta name=\"robots\" content=\"index, follow, max-snippet:-1, max-image-preview:large, max-video-preview:-1\" \/>\n<link rel=\"canonical\" href=\"https:\/\/wi.pb.edu.pl\/p\/katedra-matematyki\/\" \/>\n<meta property=\"og:locale\" content=\"pl_PL\" \/>\n<meta property=\"og:type\" content=\"article\" \/>\n<meta property=\"og:title\" content=\"Katedra Matematyki - Strony pracownik\u00f3w Wydzia\u0142u Informatyki Politechniki Bia\u0142ostockiej\" \/>\n<meta property=\"og:description\" content=\"prof. dr hab. in\u017c. Zbigniew Bartosiewicz mgr Witali Bu\u0142atow dr hab. Ewa Girejko dr Dariuszwi\u0119cej\" \/>\n<meta property=\"og:url\" content=\"https:\/\/wi.pb.edu.pl\/p\/katedra-matematyki\/\" \/>\n<meta property=\"og:site_name\" content=\"Strony pracownik\u00f3w Wydzia\u0142u Informatyki Politechniki Bia\u0142ostockiej\" \/>\n<meta property=\"article:modified_time\" content=\"2024-09-17T07:51:27+00:00\" \/>\n<meta name=\"twitter:card\" content=\"summary_large_image\" \/>\n<meta name=\"twitter:label1\" content=\"Szacowany czas czytania\" \/>\n\t<meta name=\"twitter:data1\" content=\"1 minuta\" \/>\n<script type=\"application\/ld+json\" class=\"yoast-schema-graph\">{\"@context\":\"https:\/\/schema.org\",\"@graph\":[{\"@type\":\"WebPage\",\"@id\":\"https:\/\/wi.pb.edu.pl\/p\/katedra-matematyki\/\",\"url\":\"https:\/\/wi.pb.edu.pl\/p\/katedra-matematyki\/\",\"name\":\"Katedra Matematyki - Strony pracownik\u00f3w Wydzia\u0142u Informatyki Politechniki Bia\u0142ostockiej\",\"isPartOf\":{\"@id\":\"https:\/\/wi.pb.edu.pl\/p\/#website\"},\"datePublished\":\"2024-01-29T21:51:46+00:00\",\"dateModified\":\"2024-09-17T07:51:27+00:00\",\"breadcrumb\":{\"@id\":\"https:\/\/wi.pb.edu.pl\/p\/katedra-matematyki\/#breadcrumb\"},\"inLanguage\":\"pl-PL\",\"potentialAction\":[{\"@type\":\"ReadAction\",\"target\":[\"https:\/\/wi.pb.edu.pl\/p\/katedra-matematyki\/\"]}]},{\"@type\":\"BreadcrumbList\",\"@id\":\"https:\/\/wi.pb.edu.pl\/p\/katedra-matematyki\/#breadcrumb\",\"itemListElement\":[{\"@type\":\"ListItem\",\"position\":1,\"name\":\"Strona g\u0142\u00f3wna\",\"item\":\"https:\/\/wi.pb.edu.pl\/p\/\"},{\"@type\":\"ListItem\",\"position\":2,\"name\":\"Katedra Matematyki\"}]},{\"@type\":\"WebSite\",\"@id\":\"https:\/\/wi.pb.edu.pl\/p\/#website\",\"url\":\"https:\/\/wi.pb.edu.pl\/p\/\",\"name\":\"Strony pracownik\u00f3w Wydzia\u0142u Informatyki Politechniki Bia\u0142ostockiej\",\"description\":\"\",\"potentialAction\":[{\"@type\":\"SearchAction\",\"target\":{\"@type\":\"EntryPoint\",\"urlTemplate\":\"https:\/\/wi.pb.edu.pl\/p\/?s={search_term_string}\"},\"query-input\":{\"@type\":\"PropertyValueSpecification\",\"valueRequired\":true,\"valueName\":\"search_term_string\"}}],\"inLanguage\":\"pl-PL\"}]}<\/script>\n<!-- \/ Yoast SEO plugin. -->","yoast_head_json":{"title":"Katedra Matematyki - Strony pracownik\u00f3w Wydzia\u0142u Informatyki Politechniki Bia\u0142ostockiej","robots":{"index":"index","follow":"follow","max-snippet":"max-snippet:-1","max-image-preview":"max-image-preview:large","max-video-preview":"max-video-preview:-1"},"canonical":"https:\/\/wi.pb.edu.pl\/p\/katedra-matematyki\/","og_locale":"pl_PL","og_type":"article","og_title":"Katedra Matematyki - Strony pracownik\u00f3w Wydzia\u0142u Informatyki Politechniki Bia\u0142ostockiej","og_description":"prof. dr hab. in\u017c. Zbigniew Bartosiewicz mgr Witali Bu\u0142atow dr hab. Ewa Girejko dr Dariuszwi\u0119cej","og_url":"https:\/\/wi.pb.edu.pl\/p\/katedra-matematyki\/","og_site_name":"Strony pracownik\u00f3w Wydzia\u0142u Informatyki Politechniki Bia\u0142ostockiej","article_modified_time":"2024-09-17T07:51:27+00:00","twitter_card":"summary_large_image","twitter_misc":{"Szacowany czas czytania":"1 minuta"},"schema":{"@context":"https:\/\/schema.org","@graph":[{"@type":"WebPage","@id":"https:\/\/wi.pb.edu.pl\/p\/katedra-matematyki\/","url":"https:\/\/wi.pb.edu.pl\/p\/katedra-matematyki\/","name":"Katedra Matematyki - Strony pracownik\u00f3w Wydzia\u0142u Informatyki Politechniki Bia\u0142ostockiej","isPartOf":{"@id":"https:\/\/wi.pb.edu.pl\/p\/#website"},"datePublished":"2024-01-29T21:51:46+00:00","dateModified":"2024-09-17T07:51:27+00:00","breadcrumb":{"@id":"https:\/\/wi.pb.edu.pl\/p\/katedra-matematyki\/#breadcrumb"},"inLanguage":"pl-PL","potentialAction":[{"@type":"ReadAction","target":["https:\/\/wi.pb.edu.pl\/p\/katedra-matematyki\/"]}]},{"@type":"BreadcrumbList","@id":"https:\/\/wi.pb.edu.pl\/p\/katedra-matematyki\/#breadcrumb","itemListElement":[{"@type":"ListItem","position":1,"name":"Strona g\u0142\u00f3wna","item":"https:\/\/wi.pb.edu.pl\/p\/"},{"@type":"ListItem","position":2,"name":"Katedra Matematyki"}]},{"@type":"WebSite","@id":"https:\/\/wi.pb.edu.pl\/p\/#website","url":"https:\/\/wi.pb.edu.pl\/p\/","name":"Strony pracownik\u00f3w Wydzia\u0142u Informatyki Politechniki Bia\u0142ostockiej","description":"","potentialAction":[{"@type":"SearchAction","target":{"@type":"EntryPoint","urlTemplate":"https:\/\/wi.pb.edu.pl\/p\/?s={search_term_string}"},"query-input":{"@type":"PropertyValueSpecification","valueRequired":true,"valueName":"search_term_string"}}],"inLanguage":"pl-PL"}]}},"_links":{"self":[{"href":"https:\/\/wi.pb.edu.pl\/p\/wp-json\/wp\/v2\/pages\/41","targetHints":{"allow":["GET"]}}],"collection":[{"href":"https:\/\/wi.pb.edu.pl\/p\/wp-json\/wp\/v2\/pages"}],"about":[{"href":"https:\/\/wi.pb.edu.pl\/p\/wp-json\/wp\/v2\/types\/page"}],"author":[{"embeddable":true,"href":"https:\/\/wi.pb.edu.pl\/p\/wp-json\/wp\/v2\/users\/2"}],"replies":[{"embeddable":true,"href":"https:\/\/wi.pb.edu.pl\/p\/wp-json\/wp\/v2\/comments?post=41"}],"version-history":[{"count":5,"href":"https:\/\/wi.pb.edu.pl\/p\/wp-json\/wp\/v2\/pages\/41\/revisions"}],"predecessor-version":[{"id":1860,"href":"https:\/\/wi.pb.edu.pl\/p\/wp-json\/wp\/v2\/pages\/41\/revisions\/1860"}],"wp:attachment":[{"href":"https:\/\/wi.pb.edu.pl\/p\/wp-json\/wp\/v2\/media?parent=41"}],"curies":[{"name":"wp","href":"https:\/\/api.w.org\/{rel}","templated":true}]}}