{"id":43,"date":"2024-01-29T22:52:25","date_gmt":"2024-01-29T21:52:25","guid":{"rendered":"https:\/\/wi.pb.edu.pl\/p\/?page_id=43"},"modified":"2024-09-17T09:58:06","modified_gmt":"2024-09-17T07:58:06","slug":"katedra-informatyki-teoretycznej","status":"publish","type":"page","link":"https:\/\/wi.pb.edu.pl\/p\/katedra-informatyki-teoretycznej\/","title":{"rendered":"Katedra Informatyki Teoretycznej"},"content":{"rendered":"<p><a title=\"dr hab. Czes\u0142aw Bagi\u0144ski\" href=\"https:\/\/wi.pb.edu.pl\/p\/czeslaw-baginski\/\">dr hab. Czes\u0142aw Bagi\u0144ski<\/a><\/p>\n<p><a title=\"dr in\u017c. Anna Borowska\" href=\"https:\/\/wi.pb.edu.pl\/p\/anna-borowska\/\">dr in\u017c. Anna Borowska<\/a><\/p>\n<p><a title=\"dr in\u017c. Irena Bu\u0142atowa\" href=\"https:\/\/wi.pb.edu.pl\/p\/irena-bulatowa\/\">dr in\u017c. Irena Bu\u0142atowa<\/a><\/p>\n<p><a title=\"dr Marzena Filipowicz-Chomko\" href=\"https:\/\/wi.pb.edu.pl\/p\/marzena-filipowicz-chomko\/\">dr Marzena Filipowicz-Chomko<\/a><\/p>\n<p><a title=\"prof. dr hab. Piotr Grzeszczuk\" href=\"https:\/\/wi.pb.edu.pl\/p\/piotr-grzeszczuk\/\">prof. dr hab. Piotr Grzeszczuk<\/a><\/p>\n<p><a title=\"dr Magdalena Kacprzak\" href=\"https:\/\/wi.pb.edu.pl\/p\/magdalena-kacprzak\/\">dr Magdalena Kacprzak<\/a><\/p>\n<p><a title=\"dr Joanna Karbowska-Chili\u0144ska\" href=\"https:\/\/wi.pb.edu.pl\/p\/joanna-karbowska-chilinska\/\">dr Joanna Karbowska-Chili\u0144ska<\/a><\/p>\n<p><a title=\"dr Jolanta Koszelew\" href=\"https:\/\/wi.pb.edu.pl\/p\/jolanta-koszelew\/\">dr Jolanta Koszelew<\/a><\/p>\n<p><a title=\"dr hab. in\u017c. Ma\u0142gorzata Kr\u0119towska\" href=\"https:\/\/wi.pb.edu.pl\/p\/malgorzata-kretowska\/\">dr hab. in\u017c. Ma\u0142gorzata Kr\u0119towska<\/a><\/p>\n<p><a title=\"dr hab. Ryszard Mazurek\" href=\"https:\/\/wi.pb.edu.pl\/p\/ryszard-mazurek\/\">dr hab. Ryszard Mazurek<\/a><\/p>\n<p><a title=\"prof. dr hab. Joanna Olbry\u015b\" href=\"https:\/\/wi.pb.edu.pl\/p\/joanna-olbrys\/\">prof. dr hab. Joanna Olbry\u015b<\/a><\/p>\n<p><a title=\"dr in\u017c. Krzysztof Ostrowski\" href=\"https:\/\/wi.pb.edu.pl\/p\/krzysztof-ostrowski\/\">dr in\u017c. Krzysztof Ostrowski<\/a><\/p>\n<p><a title=\"prof. dr hab. Ewa Roszkowska\" href=\"https:\/\/wi.pb.edu.pl\/p\/ewa-roszkowska\/\">prof. dr hab. Ewa Roszkowska<\/a><\/p>\n<p><a title=\"mgr Kamil Zabielski\" href=\"https:\/\/wi.pb.edu.pl\/p\/kamil-zabielski\/\">mgr Kamil Zabielski<\/a><\/p>\n","protected":false},"excerpt":{"rendered":"<p>dr hab. Czes\u0142aw Bagi\u0144ski dr in\u017c. Anna Borowska dr in\u017c. Irena Bu\u0142atowa dr Marzena Filipowicz-Chomko<a class=\"read-more\" href=\"https:\/\/wi.pb.edu.pl\/p\/katedra-informatyki-teoretycznej\/\" title=\"Poka\u017c artyku\u0142 Katedra Informatyki Teoretycznej\">wi\u0119cej<\/a><\/p>\n","protected":false},"author":2,"featured_media":0,"parent":0,"menu_order":3,"comment_status":"closed","ping_status":"closed","template":"","meta":{"inline_featured_image":false,"ngg_post_thumbnail":0,"footnotes":""},"class_list":["post-43","page","type-page","status-publish","hentry"],"acf":[],"yoast_head":"<!-- This site is optimized with the Yoast SEO plugin v26.4 - https:\/\/yoast.com\/wordpress\/plugins\/seo\/ -->\n<title>Katedra Informatyki Teoretycznej - Strony pracownik\u00f3w Wydzia\u0142u Informatyki Politechniki Bia\u0142ostockiej<\/title>\n<meta name=\"robots\" content=\"index, follow, max-snippet:-1, max-image-preview:large, max-video-preview:-1\" \/>\n<link rel=\"canonical\" href=\"https:\/\/wi.pb.edu.pl\/p\/katedra-informatyki-teoretycznej\/\" \/>\n<meta property=\"og:locale\" content=\"pl_PL\" \/>\n<meta property=\"og:type\" content=\"article\" \/>\n<meta property=\"og:title\" content=\"Katedra Informatyki Teoretycznej - Strony pracownik\u00f3w Wydzia\u0142u Informatyki Politechniki Bia\u0142ostockiej\" \/>\n<meta property=\"og:description\" content=\"dr hab. Czes\u0142aw Bagi\u0144ski dr in\u017c. Anna Borowska dr in\u017c. Irena Bu\u0142atowa dr Marzena Filipowicz-Chomkowi\u0119cej\" \/>\n<meta property=\"og:url\" content=\"https:\/\/wi.pb.edu.pl\/p\/katedra-informatyki-teoretycznej\/\" \/>\n<meta property=\"og:site_name\" content=\"Strony pracownik\u00f3w Wydzia\u0142u Informatyki Politechniki Bia\u0142ostockiej\" \/>\n<meta property=\"article:modified_time\" content=\"2024-09-17T07:58:06+00:00\" \/>\n<meta name=\"twitter:card\" content=\"summary_large_image\" \/>\n<meta name=\"twitter:label1\" content=\"Szacowany czas czytania\" \/>\n\t<meta name=\"twitter:data1\" content=\"1 minuta\" \/>\n<script type=\"application\/ld+json\" class=\"yoast-schema-graph\">{\"@context\":\"https:\/\/schema.org\",\"@graph\":[{\"@type\":\"WebPage\",\"@id\":\"https:\/\/wi.pb.edu.pl\/p\/katedra-informatyki-teoretycznej\/\",\"url\":\"https:\/\/wi.pb.edu.pl\/p\/katedra-informatyki-teoretycznej\/\",\"name\":\"Katedra Informatyki Teoretycznej - Strony pracownik\u00f3w Wydzia\u0142u Informatyki Politechniki Bia\u0142ostockiej\",\"isPartOf\":{\"@id\":\"https:\/\/wi.pb.edu.pl\/p\/#website\"},\"datePublished\":\"2024-01-29T21:52:25+00:00\",\"dateModified\":\"2024-09-17T07:58:06+00:00\",\"breadcrumb\":{\"@id\":\"https:\/\/wi.pb.edu.pl\/p\/katedra-informatyki-teoretycznej\/#breadcrumb\"},\"inLanguage\":\"pl-PL\",\"potentialAction\":[{\"@type\":\"ReadAction\",\"target\":[\"https:\/\/wi.pb.edu.pl\/p\/katedra-informatyki-teoretycznej\/\"]}]},{\"@type\":\"BreadcrumbList\",\"@id\":\"https:\/\/wi.pb.edu.pl\/p\/katedra-informatyki-teoretycznej\/#breadcrumb\",\"itemListElement\":[{\"@type\":\"ListItem\",\"position\":1,\"name\":\"Strona g\u0142\u00f3wna\",\"item\":\"https:\/\/wi.pb.edu.pl\/p\/\"},{\"@type\":\"ListItem\",\"position\":2,\"name\":\"Katedra Informatyki Teoretycznej\"}]},{\"@type\":\"WebSite\",\"@id\":\"https:\/\/wi.pb.edu.pl\/p\/#website\",\"url\":\"https:\/\/wi.pb.edu.pl\/p\/\",\"name\":\"Strony pracownik\u00f3w Wydzia\u0142u Informatyki Politechniki Bia\u0142ostockiej\",\"description\":\"\",\"potentialAction\":[{\"@type\":\"SearchAction\",\"target\":{\"@type\":\"EntryPoint\",\"urlTemplate\":\"https:\/\/wi.pb.edu.pl\/p\/?s={search_term_string}\"},\"query-input\":{\"@type\":\"PropertyValueSpecification\",\"valueRequired\":true,\"valueName\":\"search_term_string\"}}],\"inLanguage\":\"pl-PL\"}]}<\/script>\n<!-- \/ Yoast SEO plugin. -->","yoast_head_json":{"title":"Katedra Informatyki Teoretycznej - Strony pracownik\u00f3w Wydzia\u0142u Informatyki Politechniki Bia\u0142ostockiej","robots":{"index":"index","follow":"follow","max-snippet":"max-snippet:-1","max-image-preview":"max-image-preview:large","max-video-preview":"max-video-preview:-1"},"canonical":"https:\/\/wi.pb.edu.pl\/p\/katedra-informatyki-teoretycznej\/","og_locale":"pl_PL","og_type":"article","og_title":"Katedra Informatyki Teoretycznej - Strony pracownik\u00f3w Wydzia\u0142u Informatyki Politechniki Bia\u0142ostockiej","og_description":"dr hab. Czes\u0142aw Bagi\u0144ski dr in\u017c. Anna Borowska dr in\u017c. Irena Bu\u0142atowa dr Marzena Filipowicz-Chomkowi\u0119cej","og_url":"https:\/\/wi.pb.edu.pl\/p\/katedra-informatyki-teoretycznej\/","og_site_name":"Strony pracownik\u00f3w Wydzia\u0142u Informatyki Politechniki Bia\u0142ostockiej","article_modified_time":"2024-09-17T07:58:06+00:00","twitter_card":"summary_large_image","twitter_misc":{"Szacowany czas czytania":"1 minuta"},"schema":{"@context":"https:\/\/schema.org","@graph":[{"@type":"WebPage","@id":"https:\/\/wi.pb.edu.pl\/p\/katedra-informatyki-teoretycznej\/","url":"https:\/\/wi.pb.edu.pl\/p\/katedra-informatyki-teoretycznej\/","name":"Katedra Informatyki Teoretycznej - Strony pracownik\u00f3w Wydzia\u0142u Informatyki Politechniki Bia\u0142ostockiej","isPartOf":{"@id":"https:\/\/wi.pb.edu.pl\/p\/#website"},"datePublished":"2024-01-29T21:52:25+00:00","dateModified":"2024-09-17T07:58:06+00:00","breadcrumb":{"@id":"https:\/\/wi.pb.edu.pl\/p\/katedra-informatyki-teoretycznej\/#breadcrumb"},"inLanguage":"pl-PL","potentialAction":[{"@type":"ReadAction","target":["https:\/\/wi.pb.edu.pl\/p\/katedra-informatyki-teoretycznej\/"]}]},{"@type":"BreadcrumbList","@id":"https:\/\/wi.pb.edu.pl\/p\/katedra-informatyki-teoretycznej\/#breadcrumb","itemListElement":[{"@type":"ListItem","position":1,"name":"Strona g\u0142\u00f3wna","item":"https:\/\/wi.pb.edu.pl\/p\/"},{"@type":"ListItem","position":2,"name":"Katedra Informatyki Teoretycznej"}]},{"@type":"WebSite","@id":"https:\/\/wi.pb.edu.pl\/p\/#website","url":"https:\/\/wi.pb.edu.pl\/p\/","name":"Strony pracownik\u00f3w Wydzia\u0142u Informatyki Politechniki Bia\u0142ostockiej","description":"","potentialAction":[{"@type":"SearchAction","target":{"@type":"EntryPoint","urlTemplate":"https:\/\/wi.pb.edu.pl\/p\/?s={search_term_string}"},"query-input":{"@type":"PropertyValueSpecification","valueRequired":true,"valueName":"search_term_string"}}],"inLanguage":"pl-PL"}]}},"_links":{"self":[{"href":"https:\/\/wi.pb.edu.pl\/p\/wp-json\/wp\/v2\/pages\/43","targetHints":{"allow":["GET"]}}],"collection":[{"href":"https:\/\/wi.pb.edu.pl\/p\/wp-json\/wp\/v2\/pages"}],"about":[{"href":"https:\/\/wi.pb.edu.pl\/p\/wp-json\/wp\/v2\/types\/page"}],"author":[{"embeddable":true,"href":"https:\/\/wi.pb.edu.pl\/p\/wp-json\/wp\/v2\/users\/2"}],"replies":[{"embeddable":true,"href":"https:\/\/wi.pb.edu.pl\/p\/wp-json\/wp\/v2\/comments?post=43"}],"version-history":[{"count":8,"href":"https:\/\/wi.pb.edu.pl\/p\/wp-json\/wp\/v2\/pages\/43\/revisions"}],"predecessor-version":[{"id":1861,"href":"https:\/\/wi.pb.edu.pl\/p\/wp-json\/wp\/v2\/pages\/43\/revisions\/1861"}],"wp:attachment":[{"href":"https:\/\/wi.pb.edu.pl\/p\/wp-json\/wp\/v2\/media?parent=43"}],"curies":[{"name":"wp","href":"https:\/\/api.w.org\/{rel}","templated":true}]}}