{"id":435,"date":"2024-07-18T11:44:41","date_gmt":"2024-07-18T09:44:41","guid":{"rendered":"https:\/\/wi.pb.edu.pl\/p\/?page_id=435"},"modified":"2024-07-18T11:44:41","modified_gmt":"2024-07-18T09:44:41","slug":"systemy-operacyjne-2-projekt-drugi","status":"publish","type":"page","link":"https:\/\/wi.pb.edu.pl\/p\/wojciech-kwedlo\/dydaktyka\/systemy-operacyjne-2-pracownia-specjalistyczna\/systemy-operacyjne-2-projekt-drugi\/","title":{"rendered":"Systemy operacyjne 2 &#8211; Projekt drugi"},"content":{"rendered":"<table border=\"0\" cellspacing=\"2\" cellpadding=\"2\">\n<tbody>\n<tr align=\"center\">\n<td>\n<h2>Systemy operacyjne 2 &#8211; Projekt drugi<\/h2>\n<h3>semestr zimowy 2007\/2008<\/h3>\n<\/td>\n<\/tr>\n<tr>\n<td>\n<div><b><\/b><\/p>\n<p lang=\"pl-PL\" align=\"justify\">&nbsp;<\/p>\n<p><b>1. Nowa klasa szeregowania proces\u00f3w.&nbsp;<\/b>Minimum&nbsp;<b>(35p):<\/b>&nbsp;zaimplementowa\u0107 now\u0105 klas\u0119 szeregowania proces\u00f3w \u2013 SCHED_BATCH, przeznaczon\u0105 do uruchamiania program\u00f3w w trybie wsadowym. Zak\u0142adamy, \u017ce procesy tej klasy wykonywane s\u0105 w pewnych godzinach, w kt\u00f3rych system jest ma\u0142o obci\u0105\u017cony, np. Od 22.00 do 7.00. Oczywi\u015bcie godziny te mog\u0105 by\u0107 zmieniane przy pomocy nowych wywo\u0142a\u0144 systemowych lub pseudo-systemu plik\u00f3w \/proc. W zalezno\u015bci od aktualnego czasu planista procesora mo\u017ce pracowa\u0107 w trybie zwyk\u0142ym lub wsadowym.<\/p>\n<p>W trybie zwyk\u0142ym wykorzystywany jest normalny algorytm szeregowania, a procesy klasy SCHED_BATCH s\u0105 ignorowane. W trybie wsadowym wykonywane s\u0105 wy\u0142\u0105cznie procesy klasy SCHED_BATCH, przy czym otrzymuj\u0105 one bardzo d\u0142ugi kwant czasu procesora (aby zminimalizowa\u0107 narzut spowodowany przez prze\u0142\u0105czanie kontekstu). Pozosta\u0142e procesy s\u0105 ignorowane.<\/p>\n<p>Dodatkowo&nbsp;<b>(13p):<\/b>&nbsp;w trybie wsadowym nie s\u0105 ignorowane procesy super-u\u017cytkownika, kt\u00f3re maj\u0105&nbsp;<i>bezwzgl\u0119dne<\/i>&nbsp;pierwsze\u0144stwo nad procesami wsadowymi.<\/p>\n<p>&nbsp;<\/p>\n<\/div>\n<\/td>\n<\/tr>\n<tr>\n<td>\n<p align=\"justify\">&nbsp;<\/p>\n<p lang=\"pl-PL\" align=\"justify\"><span style=\"font-family: Times New Roman, serif\"><b>2. System plik\u00f3w KMFS<\/b>&nbsp;(ang. kernel memory file system).&nbsp;<b>Minimum (40p)<\/b>&nbsp;Jest to system plik\u00f3w, nie zwi\u0105zany z urz\u0105dzeniem blokowym, w kt\u00f3rym dane plik\u00f3w i katalog\u00f3w przechowywane s\u0105 w dynamicznie alokowanej pami\u0119ci j\u0105dra (np. przez vmalloc). Liczba i sumaryczny rozmiar plik\u00f3w i katalog\u00f3w s\u0105 ograniczone jedynie poprzez dost\u0119pno\u015b\u0107 pami\u0119ci operacyjnej. System obs\u0142uguje pe\u0142n\u0105 hierarchiczn\u0105 struktur\u0119 drzewa katalog\u00f3w. Odmontowanie systemu powoduje zwolnienie ca\u0142ej zaalokowanej pami\u0119ci, co jest r\u00f3wnowa\u017cne z utrat\u0105 wszelkich przechowywanych danych. Obs\u0142ugiwane s\u0105 dowi\u0105zania sztywne (plik mo\u017ce mie\u0107 wiele r\u00f3wnowa\u017cnych nazw) oraz operacja truncate. Dodatkowo&nbsp;<b>(8p)<\/b>&nbsp;Obs\u0142uga dowi\u0105za\u0144 symbolicznych i plik\u00f3w specjalnych.<\/span><\/p>\n<p>&nbsp;<\/td>\n<\/tr>\n<tr>\n<td>&nbsp;<\/td>\n<\/tr>\n<tr>\n<td><span style=\"font-size: medium\">&nbsp;<\/span><\/td>\n<\/tr>\n<tr>\n<td>&nbsp;<\/td>\n<\/tr>\n<tr>\n<td>Opracowali:&nbsp;Wojciech Kwedlo i Krzysztof Bandurski.<\/td>\n<\/tr>\n<tr>\n<td>&nbsp;<\/td>\n<\/tr>\n<tr>\n<td>&nbsp;<\/td>\n<\/tr>\n<\/tbody>\n<\/table>\n<p>&nbsp;<\/p>\n","protected":false},"excerpt":{"rendered":"<p>Systemy operacyjne 2 &#8211; Projekt drugi semestr zimowy 2007\/2008 &nbsp; 1. Nowa klasa szeregowania proces\u00f3w.&nbsp;Minimum&nbsp;(35p):&nbsp;zaimplementowa\u0107<a class=\"read-more\" href=\"https:\/\/wi.pb.edu.pl\/p\/wojciech-kwedlo\/dydaktyka\/systemy-operacyjne-2-pracownia-specjalistyczna\/systemy-operacyjne-2-projekt-drugi\/\" title=\"Poka\u017c artyku\u0142 Systemy operacyjne 2 &#8211; Projekt drugi\">wi\u0119cej<\/a><\/p>\n","protected":false},"author":14,"featured_media":0,"parent":429,"menu_order":0,"comment_status":"closed","ping_status":"closed","template":"","meta":{"inline_featured_image":false,"ngg_post_thumbnail":0,"footnotes":""},"class_list":["post-435","page","type-page","status-publish","hentry"],"acf":[],"yoast_head":"<!-- This site is optimized with the Yoast SEO plugin v26.4 - https:\/\/yoast.com\/wordpress\/plugins\/seo\/ -->\n<title>Systemy operacyjne 2 - Projekt drugi - Strony pracownik\u00f3w Wydzia\u0142u Informatyki Politechniki Bia\u0142ostockiej<\/title>\n<meta name=\"robots\" content=\"index, follow, max-snippet:-1, max-image-preview:large, max-video-preview:-1\" \/>\n<link rel=\"canonical\" href=\"https:\/\/wi.pb.edu.pl\/p\/wojciech-kwedlo\/dydaktyka\/systemy-operacyjne-2-pracownia-specjalistyczna\/systemy-operacyjne-2-projekt-drugi\/\" \/>\n<meta property=\"og:locale\" content=\"pl_PL\" \/>\n<meta property=\"og:type\" content=\"article\" \/>\n<meta property=\"og:title\" content=\"Systemy operacyjne 2 - Projekt drugi - Strony pracownik\u00f3w Wydzia\u0142u Informatyki Politechniki Bia\u0142ostockiej\" \/>\n<meta property=\"og:description\" content=\"Systemy operacyjne 2 &#8211; Projekt drugi semestr zimowy 2007\/2008 &nbsp; 1. Nowa klasa szeregowania proces\u00f3w.&nbsp;Minimum&nbsp;(35p):&nbsp;zaimplementowa\u0107wi\u0119cej\" \/>\n<meta property=\"og:url\" content=\"https:\/\/wi.pb.edu.pl\/p\/wojciech-kwedlo\/dydaktyka\/systemy-operacyjne-2-pracownia-specjalistyczna\/systemy-operacyjne-2-projekt-drugi\/\" \/>\n<meta property=\"og:site_name\" content=\"Strony pracownik\u00f3w Wydzia\u0142u Informatyki Politechniki Bia\u0142ostockiej\" \/>\n<meta name=\"twitter:card\" content=\"summary_large_image\" \/>\n<meta name=\"twitter:label1\" content=\"Szacowany czas czytania\" \/>\n\t<meta name=\"twitter:data1\" content=\"2 minuty\" \/>\n<script type=\"application\/ld+json\" class=\"yoast-schema-graph\">{\"@context\":\"https:\/\/schema.org\",\"@graph\":[{\"@type\":\"WebPage\",\"@id\":\"https:\/\/wi.pb.edu.pl\/p\/wojciech-kwedlo\/dydaktyka\/systemy-operacyjne-2-pracownia-specjalistyczna\/systemy-operacyjne-2-projekt-drugi\/\",\"url\":\"https:\/\/wi.pb.edu.pl\/p\/wojciech-kwedlo\/dydaktyka\/systemy-operacyjne-2-pracownia-specjalistyczna\/systemy-operacyjne-2-projekt-drugi\/\",\"name\":\"Systemy operacyjne 2 - Projekt drugi - Strony pracownik\u00f3w Wydzia\u0142u Informatyki Politechniki Bia\u0142ostockiej\",\"isPartOf\":{\"@id\":\"https:\/\/wi.pb.edu.pl\/p\/#website\"},\"datePublished\":\"2024-07-18T09:44:41+00:00\",\"breadcrumb\":{\"@id\":\"https:\/\/wi.pb.edu.pl\/p\/wojciech-kwedlo\/dydaktyka\/systemy-operacyjne-2-pracownia-specjalistyczna\/systemy-operacyjne-2-projekt-drugi\/#breadcrumb\"},\"inLanguage\":\"pl-PL\",\"potentialAction\":[{\"@type\":\"ReadAction\",\"target\":[\"https:\/\/wi.pb.edu.pl\/p\/wojciech-kwedlo\/dydaktyka\/systemy-operacyjne-2-pracownia-specjalistyczna\/systemy-operacyjne-2-projekt-drugi\/\"]}]},{\"@type\":\"BreadcrumbList\",\"@id\":\"https:\/\/wi.pb.edu.pl\/p\/wojciech-kwedlo\/dydaktyka\/systemy-operacyjne-2-pracownia-specjalistyczna\/systemy-operacyjne-2-projekt-drugi\/#breadcrumb\",\"itemListElement\":[{\"@type\":\"ListItem\",\"position\":1,\"name\":\"Strona g\u0142\u00f3wna\",\"item\":\"https:\/\/wi.pb.edu.pl\/p\/\"},{\"@type\":\"ListItem\",\"position\":2,\"name\":\"dr hab. in\u017c. Wojciech Kwedlo\",\"item\":\"https:\/\/wi.pb.edu.pl\/p\/wojciech-kwedlo\/\"},{\"@type\":\"ListItem\",\"position\":3,\"name\":\"Dydaktyka\",\"item\":\"https:\/\/wi.pb.edu.pl\/p\/wojciech-kwedlo\/dydaktyka\/\"},{\"@type\":\"ListItem\",\"position\":4,\"name\":\"Systemy operacyjne 2 &#8211; pracownia specjalistyczna\",\"item\":\"https:\/\/wi.pb.edu.pl\/p\/wojciech-kwedlo\/dydaktyka\/systemy-operacyjne-2-pracownia-specjalistyczna\/\"},{\"@type\":\"ListItem\",\"position\":5,\"name\":\"Systemy operacyjne 2 &#8211; Projekt drugi\"}]},{\"@type\":\"WebSite\",\"@id\":\"https:\/\/wi.pb.edu.pl\/p\/#website\",\"url\":\"https:\/\/wi.pb.edu.pl\/p\/\",\"name\":\"Strony pracownik\u00f3w Wydzia\u0142u Informatyki Politechniki Bia\u0142ostockiej\",\"description\":\"\",\"potentialAction\":[{\"@type\":\"SearchAction\",\"target\":{\"@type\":\"EntryPoint\",\"urlTemplate\":\"https:\/\/wi.pb.edu.pl\/p\/?s={search_term_string}\"},\"query-input\":{\"@type\":\"PropertyValueSpecification\",\"valueRequired\":true,\"valueName\":\"search_term_string\"}}],\"inLanguage\":\"pl-PL\"}]}<\/script>\n<!-- \/ Yoast SEO plugin. -->","yoast_head_json":{"title":"Systemy operacyjne 2 - Projekt drugi - Strony pracownik\u00f3w Wydzia\u0142u Informatyki Politechniki Bia\u0142ostockiej","robots":{"index":"index","follow":"follow","max-snippet":"max-snippet:-1","max-image-preview":"max-image-preview:large","max-video-preview":"max-video-preview:-1"},"canonical":"https:\/\/wi.pb.edu.pl\/p\/wojciech-kwedlo\/dydaktyka\/systemy-operacyjne-2-pracownia-specjalistyczna\/systemy-operacyjne-2-projekt-drugi\/","og_locale":"pl_PL","og_type":"article","og_title":"Systemy operacyjne 2 - Projekt drugi - Strony pracownik\u00f3w Wydzia\u0142u Informatyki Politechniki Bia\u0142ostockiej","og_description":"Systemy operacyjne 2 &#8211; Projekt drugi semestr zimowy 2007\/2008 &nbsp; 1. Nowa klasa szeregowania proces\u00f3w.&nbsp;Minimum&nbsp;(35p):&nbsp;zaimplementowa\u0107wi\u0119cej","og_url":"https:\/\/wi.pb.edu.pl\/p\/wojciech-kwedlo\/dydaktyka\/systemy-operacyjne-2-pracownia-specjalistyczna\/systemy-operacyjne-2-projekt-drugi\/","og_site_name":"Strony pracownik\u00f3w Wydzia\u0142u Informatyki Politechniki Bia\u0142ostockiej","twitter_card":"summary_large_image","twitter_misc":{"Szacowany czas czytania":"2 minuty"},"schema":{"@context":"https:\/\/schema.org","@graph":[{"@type":"WebPage","@id":"https:\/\/wi.pb.edu.pl\/p\/wojciech-kwedlo\/dydaktyka\/systemy-operacyjne-2-pracownia-specjalistyczna\/systemy-operacyjne-2-projekt-drugi\/","url":"https:\/\/wi.pb.edu.pl\/p\/wojciech-kwedlo\/dydaktyka\/systemy-operacyjne-2-pracownia-specjalistyczna\/systemy-operacyjne-2-projekt-drugi\/","name":"Systemy operacyjne 2 - Projekt drugi - Strony pracownik\u00f3w Wydzia\u0142u Informatyki Politechniki Bia\u0142ostockiej","isPartOf":{"@id":"https:\/\/wi.pb.edu.pl\/p\/#website"},"datePublished":"2024-07-18T09:44:41+00:00","breadcrumb":{"@id":"https:\/\/wi.pb.edu.pl\/p\/wojciech-kwedlo\/dydaktyka\/systemy-operacyjne-2-pracownia-specjalistyczna\/systemy-operacyjne-2-projekt-drugi\/#breadcrumb"},"inLanguage":"pl-PL","potentialAction":[{"@type":"ReadAction","target":["https:\/\/wi.pb.edu.pl\/p\/wojciech-kwedlo\/dydaktyka\/systemy-operacyjne-2-pracownia-specjalistyczna\/systemy-operacyjne-2-projekt-drugi\/"]}]},{"@type":"BreadcrumbList","@id":"https:\/\/wi.pb.edu.pl\/p\/wojciech-kwedlo\/dydaktyka\/systemy-operacyjne-2-pracownia-specjalistyczna\/systemy-operacyjne-2-projekt-drugi\/#breadcrumb","itemListElement":[{"@type":"ListItem","position":1,"name":"Strona g\u0142\u00f3wna","item":"https:\/\/wi.pb.edu.pl\/p\/"},{"@type":"ListItem","position":2,"name":"dr hab. in\u017c. Wojciech Kwedlo","item":"https:\/\/wi.pb.edu.pl\/p\/wojciech-kwedlo\/"},{"@type":"ListItem","position":3,"name":"Dydaktyka","item":"https:\/\/wi.pb.edu.pl\/p\/wojciech-kwedlo\/dydaktyka\/"},{"@type":"ListItem","position":4,"name":"Systemy operacyjne 2 &#8211; pracownia specjalistyczna","item":"https:\/\/wi.pb.edu.pl\/p\/wojciech-kwedlo\/dydaktyka\/systemy-operacyjne-2-pracownia-specjalistyczna\/"},{"@type":"ListItem","position":5,"name":"Systemy operacyjne 2 &#8211; Projekt drugi"}]},{"@type":"WebSite","@id":"https:\/\/wi.pb.edu.pl\/p\/#website","url":"https:\/\/wi.pb.edu.pl\/p\/","name":"Strony pracownik\u00f3w Wydzia\u0142u Informatyki Politechniki Bia\u0142ostockiej","description":"","potentialAction":[{"@type":"SearchAction","target":{"@type":"EntryPoint","urlTemplate":"https:\/\/wi.pb.edu.pl\/p\/?s={search_term_string}"},"query-input":{"@type":"PropertyValueSpecification","valueRequired":true,"valueName":"search_term_string"}}],"inLanguage":"pl-PL"}]}},"_links":{"self":[{"href":"https:\/\/wi.pb.edu.pl\/p\/wp-json\/wp\/v2\/pages\/435","targetHints":{"allow":["GET"]}}],"collection":[{"href":"https:\/\/wi.pb.edu.pl\/p\/wp-json\/wp\/v2\/pages"}],"about":[{"href":"https:\/\/wi.pb.edu.pl\/p\/wp-json\/wp\/v2\/types\/page"}],"author":[{"embeddable":true,"href":"https:\/\/wi.pb.edu.pl\/p\/wp-json\/wp\/v2\/users\/14"}],"replies":[{"embeddable":true,"href":"https:\/\/wi.pb.edu.pl\/p\/wp-json\/wp\/v2\/comments?post=435"}],"version-history":[{"count":1,"href":"https:\/\/wi.pb.edu.pl\/p\/wp-json\/wp\/v2\/pages\/435\/revisions"}],"predecessor-version":[{"id":436,"href":"https:\/\/wi.pb.edu.pl\/p\/wp-json\/wp\/v2\/pages\/435\/revisions\/436"}],"up":[{"embeddable":true,"href":"https:\/\/wi.pb.edu.pl\/p\/wp-json\/wp\/v2\/pages\/429"}],"wp:attachment":[{"href":"https:\/\/wi.pb.edu.pl\/p\/wp-json\/wp\/v2\/media?parent=435"}],"curies":[{"name":"wp","href":"https:\/\/api.w.org\/{rel}","templated":true}]}}