{"id":46,"date":"2024-01-29T22:54:08","date_gmt":"2024-01-29T21:54:08","guid":{"rendered":"https:\/\/wi.pb.edu.pl\/p\/?page_id=46"},"modified":"2025-12-11T08:55:53","modified_gmt":"2025-12-11T07:55:53","slug":"katedra-mediow-cyfrowych-i-grafiki-komputerowej","status":"publish","type":"page","link":"https:\/\/wi.pb.edu.pl\/p\/katedra-mediow-cyfrowych-i-grafiki-komputerowej\/","title":{"rendered":"Katedra Medi\u00f3w Cyfrowych i Grafiki Komputerowej"},"content":{"rendered":"<p><a title=\"dr in\u017c. Adam Borowicz\" href=\"https:\/\/wi.pb.edu.pl\/p\/adam-borowicz\/\">dr in\u017c. Adam Borowicz<\/a><\/p>\n<p><a title=\"dr in\u017c. Teodora Dimitrova-Grekow\" href=\"https:\/\/wi.pb.edu.pl\/p\/teodora-dimitrova-grekow\/\">dr in\u017c. Teodora Dimitrova-Grekow<\/a><\/p>\n<p><a title=\"mgr in\u017c. Daniel Grabowski\" href=\"https:\/\/wi.pb.edu.pl\/p\/daniel-grabowski\/\">mgr in\u017c. Daniel Grabowski<\/a><\/p>\n<p><a title=\"dr in\u017c. Wiktor Jakowluk\" href=\"https:\/\/wi.pb.edu.pl\/p\/wiktor-jakowluk\/\">dr in\u017c. Wiktor Jakowluk<\/a><\/p>\n<p><a title=\"dr in\u017c. Adam Klimowicz\" href=\"https:\/\/wi.pb.edu.pl\/p\/adam-klimowicz\/\">dr in\u017c. Adam Klimowicz<\/a><\/p>\n<p><a title=\"mgr in\u017c. Patryk Milewski\" href=\"https:\/\/wi.pb.edu.pl\/p\/patryk-milewski\/\">mgr in\u017c. Patryk Milewski<\/a><\/p>\n<p><a title=\"dr in\u017c. Miros\u0142aw Omieljanowicz\" href=\"https:\/\/wi.pb.edu.pl\/p\/miroslaw-omieljanowicz\/\">dr in\u017c. Miros\u0142aw Omieljanowicz<\/a><\/p>\n<p><a title=\"prof. dr hab. in\u017c. Khalid Saeed\" href=\"https:\/\/wi.pb.edu.pl\/p\/khalid-saeed\/\">prof. dr hab. in\u017c. Khalid Saeed<\/a><\/p>\n<p><a title=\"prof. dr hab. in\u017c. Valery Salauyou\" href=\"https:\/\/wi.pb.edu.pl\/p\/valery-salauyou\/\">prof. dr hab. in\u017c. Valery Salauyou<\/a><\/p>\n<p><a title=\"mgr in\u017c. Aleksander Sawicki\" href=\"https:\/\/wi.pb.edu.pl\/p\/aleksander-sawicki\/\">dr in\u017c. Aleksander Sawicki<\/a><\/p>\n<p><a title=\"dr in\u017c. Marcin Skoczylas\" href=\"https:\/\/wi.pb.edu.pl\/p\/marcin-skoczylas\/\">dr in\u017c. Marcin Skoczylas<\/a><\/p>\n<p><a title=\"dr hab. Zenon A. Sosnowski\" href=\"https:\/\/wi.pb.edu.pl\/p\/zenon-a-sosnowski\/\">dr hab. Zenon A. Sosnowski<\/a><\/p>\n<p><a title=\"mgr in\u017c. Maciej Szymkowski\" href=\"https:\/\/wi.pb.edu.pl\/p\/maciej-szymkowski\/\">mgr in\u017c. Maciej Szymkowski<\/a><\/p>\n<p><a title=\"dr in\u017c. Pawe\u0142 Tadejko\" href=\"https:\/\/wi.pb.edu.pl\/p\/pawel-tadejko\/\">dr in\u017c. Pawe\u0142 Tadejko<\/a><\/p>\n<p><a title=\"dr. hab. in\u017c. S\u0142awomir Zieli\u0144ski\" href=\"https:\/\/wi.pb.edu.pl\/p\/slawomir-zielinski\/\">dr hab. in\u017c. S\u0142awomir Zieli\u0144ski<\/a><\/p>\n<p>&nbsp;<\/p>\n<p><a title=\"\u017bubr\" href=\"https:\/\/wi.pb.edu.pl\/p\/zubr\/\">\u017cubr<\/a><\/p>\n","protected":false},"excerpt":{"rendered":"<p>dr in\u017c. Adam Borowicz dr in\u017c. Teodora Dimitrova-Grekow mgr in\u017c. Daniel Grabowski dr in\u017c. Wiktor<a class=\"read-more\" href=\"https:\/\/wi.pb.edu.pl\/p\/katedra-mediow-cyfrowych-i-grafiki-komputerowej\/\" title=\"Poka\u017c artyku\u0142 Katedra Medi\u00f3w Cyfrowych i Grafiki Komputerowej\">wi\u0119cej<\/a><\/p>\n","protected":false},"author":2,"featured_media":0,"parent":0,"menu_order":4,"comment_status":"closed","ping_status":"closed","template":"","meta":{"inline_featured_image":false,"ngg_post_thumbnail":0,"footnotes":""},"class_list":["post-46","page","type-page","status-publish","hentry"],"acf":[],"yoast_head":"<!-- This site is optimized with the Yoast SEO plugin v26.4 - https:\/\/yoast.com\/wordpress\/plugins\/seo\/ -->\n<title>Katedra Medi\u00f3w Cyfrowych i Grafiki Komputerowej - Strony pracownik\u00f3w Wydzia\u0142u Informatyki Politechniki Bia\u0142ostockiej<\/title>\n<meta name=\"robots\" content=\"index, follow, max-snippet:-1, max-image-preview:large, max-video-preview:-1\" \/>\n<link rel=\"canonical\" href=\"https:\/\/wi.pb.edu.pl\/p\/katedra-mediow-cyfrowych-i-grafiki-komputerowej\/\" \/>\n<meta property=\"og:locale\" content=\"pl_PL\" \/>\n<meta property=\"og:type\" content=\"article\" \/>\n<meta property=\"og:title\" content=\"Katedra Medi\u00f3w Cyfrowych i Grafiki Komputerowej - Strony pracownik\u00f3w Wydzia\u0142u Informatyki Politechniki Bia\u0142ostockiej\" \/>\n<meta property=\"og:description\" content=\"dr in\u017c. Adam Borowicz dr in\u017c. Teodora Dimitrova-Grekow mgr in\u017c. Daniel Grabowski dr in\u017c. Wiktorwi\u0119cej\" \/>\n<meta property=\"og:url\" content=\"https:\/\/wi.pb.edu.pl\/p\/katedra-mediow-cyfrowych-i-grafiki-komputerowej\/\" \/>\n<meta property=\"og:site_name\" content=\"Strony pracownik\u00f3w Wydzia\u0142u Informatyki Politechniki Bia\u0142ostockiej\" \/>\n<meta property=\"article:modified_time\" content=\"2025-12-11T07:55:53+00:00\" \/>\n<meta name=\"twitter:card\" content=\"summary_large_image\" \/>\n<meta name=\"twitter:label1\" content=\"Szacowany czas czytania\" \/>\n\t<meta name=\"twitter:data1\" content=\"1 minuta\" \/>\n<script type=\"application\/ld+json\" class=\"yoast-schema-graph\">{\"@context\":\"https:\/\/schema.org\",\"@graph\":[{\"@type\":\"WebPage\",\"@id\":\"https:\/\/wi.pb.edu.pl\/p\/katedra-mediow-cyfrowych-i-grafiki-komputerowej\/\",\"url\":\"https:\/\/wi.pb.edu.pl\/p\/katedra-mediow-cyfrowych-i-grafiki-komputerowej\/\",\"name\":\"Katedra Medi\u00f3w Cyfrowych i Grafiki Komputerowej - Strony pracownik\u00f3w Wydzia\u0142u Informatyki Politechniki Bia\u0142ostockiej\",\"isPartOf\":{\"@id\":\"https:\/\/wi.pb.edu.pl\/p\/#website\"},\"datePublished\":\"2024-01-29T21:54:08+00:00\",\"dateModified\":\"2025-12-11T07:55:53+00:00\",\"breadcrumb\":{\"@id\":\"https:\/\/wi.pb.edu.pl\/p\/katedra-mediow-cyfrowych-i-grafiki-komputerowej\/#breadcrumb\"},\"inLanguage\":\"pl-PL\",\"potentialAction\":[{\"@type\":\"ReadAction\",\"target\":[\"https:\/\/wi.pb.edu.pl\/p\/katedra-mediow-cyfrowych-i-grafiki-komputerowej\/\"]}]},{\"@type\":\"BreadcrumbList\",\"@id\":\"https:\/\/wi.pb.edu.pl\/p\/katedra-mediow-cyfrowych-i-grafiki-komputerowej\/#breadcrumb\",\"itemListElement\":[{\"@type\":\"ListItem\",\"position\":1,\"name\":\"Strona g\u0142\u00f3wna\",\"item\":\"https:\/\/wi.pb.edu.pl\/p\/\"},{\"@type\":\"ListItem\",\"position\":2,\"name\":\"Katedra Medi\u00f3w Cyfrowych i Grafiki Komputerowej\"}]},{\"@type\":\"WebSite\",\"@id\":\"https:\/\/wi.pb.edu.pl\/p\/#website\",\"url\":\"https:\/\/wi.pb.edu.pl\/p\/\",\"name\":\"Strony pracownik\u00f3w Wydzia\u0142u Informatyki Politechniki Bia\u0142ostockiej\",\"description\":\"\",\"potentialAction\":[{\"@type\":\"SearchAction\",\"target\":{\"@type\":\"EntryPoint\",\"urlTemplate\":\"https:\/\/wi.pb.edu.pl\/p\/?s={search_term_string}\"},\"query-input\":{\"@type\":\"PropertyValueSpecification\",\"valueRequired\":true,\"valueName\":\"search_term_string\"}}],\"inLanguage\":\"pl-PL\"}]}<\/script>\n<!-- \/ Yoast SEO plugin. -->","yoast_head_json":{"title":"Katedra Medi\u00f3w Cyfrowych i Grafiki Komputerowej - Strony pracownik\u00f3w Wydzia\u0142u Informatyki Politechniki Bia\u0142ostockiej","robots":{"index":"index","follow":"follow","max-snippet":"max-snippet:-1","max-image-preview":"max-image-preview:large","max-video-preview":"max-video-preview:-1"},"canonical":"https:\/\/wi.pb.edu.pl\/p\/katedra-mediow-cyfrowych-i-grafiki-komputerowej\/","og_locale":"pl_PL","og_type":"article","og_title":"Katedra Medi\u00f3w Cyfrowych i Grafiki Komputerowej - Strony pracownik\u00f3w Wydzia\u0142u Informatyki Politechniki Bia\u0142ostockiej","og_description":"dr in\u017c. Adam Borowicz dr in\u017c. Teodora Dimitrova-Grekow mgr in\u017c. Daniel Grabowski dr in\u017c. Wiktorwi\u0119cej","og_url":"https:\/\/wi.pb.edu.pl\/p\/katedra-mediow-cyfrowych-i-grafiki-komputerowej\/","og_site_name":"Strony pracownik\u00f3w Wydzia\u0142u Informatyki Politechniki Bia\u0142ostockiej","article_modified_time":"2025-12-11T07:55:53+00:00","twitter_card":"summary_large_image","twitter_misc":{"Szacowany czas czytania":"1 minuta"},"schema":{"@context":"https:\/\/schema.org","@graph":[{"@type":"WebPage","@id":"https:\/\/wi.pb.edu.pl\/p\/katedra-mediow-cyfrowych-i-grafiki-komputerowej\/","url":"https:\/\/wi.pb.edu.pl\/p\/katedra-mediow-cyfrowych-i-grafiki-komputerowej\/","name":"Katedra Medi\u00f3w Cyfrowych i Grafiki Komputerowej - Strony pracownik\u00f3w Wydzia\u0142u Informatyki Politechniki Bia\u0142ostockiej","isPartOf":{"@id":"https:\/\/wi.pb.edu.pl\/p\/#website"},"datePublished":"2024-01-29T21:54:08+00:00","dateModified":"2025-12-11T07:55:53+00:00","breadcrumb":{"@id":"https:\/\/wi.pb.edu.pl\/p\/katedra-mediow-cyfrowych-i-grafiki-komputerowej\/#breadcrumb"},"inLanguage":"pl-PL","potentialAction":[{"@type":"ReadAction","target":["https:\/\/wi.pb.edu.pl\/p\/katedra-mediow-cyfrowych-i-grafiki-komputerowej\/"]}]},{"@type":"BreadcrumbList","@id":"https:\/\/wi.pb.edu.pl\/p\/katedra-mediow-cyfrowych-i-grafiki-komputerowej\/#breadcrumb","itemListElement":[{"@type":"ListItem","position":1,"name":"Strona g\u0142\u00f3wna","item":"https:\/\/wi.pb.edu.pl\/p\/"},{"@type":"ListItem","position":2,"name":"Katedra Medi\u00f3w Cyfrowych i Grafiki Komputerowej"}]},{"@type":"WebSite","@id":"https:\/\/wi.pb.edu.pl\/p\/#website","url":"https:\/\/wi.pb.edu.pl\/p\/","name":"Strony pracownik\u00f3w Wydzia\u0142u Informatyki Politechniki Bia\u0142ostockiej","description":"","potentialAction":[{"@type":"SearchAction","target":{"@type":"EntryPoint","urlTemplate":"https:\/\/wi.pb.edu.pl\/p\/?s={search_term_string}"},"query-input":{"@type":"PropertyValueSpecification","valueRequired":true,"valueName":"search_term_string"}}],"inLanguage":"pl-PL"}]}},"_links":{"self":[{"href":"https:\/\/wi.pb.edu.pl\/p\/wp-json\/wp\/v2\/pages\/46","targetHints":{"allow":["GET"]}}],"collection":[{"href":"https:\/\/wi.pb.edu.pl\/p\/wp-json\/wp\/v2\/pages"}],"about":[{"href":"https:\/\/wi.pb.edu.pl\/p\/wp-json\/wp\/v2\/types\/page"}],"author":[{"embeddable":true,"href":"https:\/\/wi.pb.edu.pl\/p\/wp-json\/wp\/v2\/users\/2"}],"replies":[{"embeddable":true,"href":"https:\/\/wi.pb.edu.pl\/p\/wp-json\/wp\/v2\/comments?post=46"}],"version-history":[{"count":14,"href":"https:\/\/wi.pb.edu.pl\/p\/wp-json\/wp\/v2\/pages\/46\/revisions"}],"predecessor-version":[{"id":1968,"href":"https:\/\/wi.pb.edu.pl\/p\/wp-json\/wp\/v2\/pages\/46\/revisions\/1968"}],"wp:attachment":[{"href":"https:\/\/wi.pb.edu.pl\/p\/wp-json\/wp\/v2\/media?parent=46"}],"curies":[{"name":"wp","href":"https:\/\/api.w.org\/{rel}","templated":true}]}}