{"id":460,"date":"2024-07-18T11:59:19","date_gmt":"2024-07-18T09:59:19","guid":{"rendered":"https:\/\/wi.pb.edu.pl\/p\/?page_id=460"},"modified":"2024-07-18T11:59:44","modified_gmt":"2024-07-18T09:59:44","slug":"obliczenia-rownolegle-slajdy-z-wykladu","status":"publish","type":"page","link":"https:\/\/wi.pb.edu.pl\/p\/wojciech-kwedlo\/dydaktyka\/obliczenia-rownolegle-slajdy-z-wykladu\/","title":{"rendered":"Obliczenia r\u00f3wnoleg\u0142e &#8211; slajdy z wyk\u0142adu"},"content":{"rendered":"<p><a class=\"pdf\" href=\"https:\/\/wi.pb.edu.pl\/p\/wp-content\/uploads\/sites\/3\/2024\/07\/PC1.pdf\">Wyk\u0142ad 1<\/a> (wprowadzenie)<\/p>\n<p><a class=\"pdf\" href=\"https:\/\/wi.pb.edu.pl\/p\/wp-content\/uploads\/sites\/3\/2024\/07\/PC3.pdf\">Wyk\u0142ad 2<\/a>&nbsp;(programowanie przy pomocy MPI)<br \/>\n<a class=\"pdf\" href=\"https:\/\/wi.pb.edu.pl\/p\/wp-content\/uploads\/sites\/3\/2024\/07\/PC4.pdf\">Wyk\u0142ad 3<\/a>&nbsp;(przyk\u0142ad MPI \u2013 zbi\u00f3r Mandelbrota) i&nbsp;<a href=\"https:\/\/wi.pb.edu.pl\/p\/wp-content\/uploads\/sites\/3\/2024\/07\/Mandel.tgz\">program<\/a><\/p>\n<p><a class=\"pdf\" href=\"https:\/\/wi.pb.edu.pl\/p\/wp-content\/uploads\/sites\/3\/2024\/07\/PC5.pdf\">Wyk\u0142ad 4<\/a>&nbsp;(operacje kolektywne MPI)<br \/>\n<a class=\"pdf\" href=\"https:\/\/wi.pb.edu.pl\/p\/wp-content\/uploads\/sites\/3\/2024\/07\/PC6.pdf\">Wyk\u0142ad 5<\/a>&nbsp;(MPI \u2013 zako\u0144czenie)<\/p>\n<p><a class=\"pdf\" href=\"https:\/\/wi.pb.edu.pl\/p\/wp-content\/uploads\/sites\/3\/2024\/07\/PC7new.pdf\">Wyk\u0142ad 6<\/a>&nbsp;(programowanie system\u00f3w ze wsp\u00f3ln\u0105 pami\u0119ci\u0105 przy pomocy OpenMP )<br \/>\n<a class=\"pdf\" href=\"https:\/\/wi.pb.edu.pl\/p\/wp-content\/uploads\/sites\/3\/2024\/07\/PC8new.pdf\">Wyk\u0142ad 7<\/a>&nbsp;(OpenMP cz\u0119\u015b\u0107 2.)<\/p>\n<p>Wyk\u0142ad 8. Powt\u00f3rzenie. Przyk\u0142adowe zadanie na egzamin.<\/p>\n<p>&nbsp;<\/p>\n<p>Wszystki slajdy w formacie&nbsp;.pdf<br \/>\nOpracowa\u0142:&nbsp;Wojciech Kwedlo<\/p>\n","protected":false},"excerpt":{"rendered":"<p>Wyk\u0142ad 1 (wprowadzenie) Wyk\u0142ad 2&nbsp;(programowanie przy pomocy MPI) Wyk\u0142ad 3&nbsp;(przyk\u0142ad MPI \u2013 zbi\u00f3r Mandelbrota) i&nbsp;program<a class=\"read-more\" href=\"https:\/\/wi.pb.edu.pl\/p\/wojciech-kwedlo\/dydaktyka\/obliczenia-rownolegle-slajdy-z-wykladu\/\" title=\"Poka\u017c artyku\u0142 Obliczenia r\u00f3wnoleg\u0142e &#8211; slajdy z wyk\u0142adu\">wi\u0119cej<\/a><\/p>\n","protected":false},"author":14,"featured_media":0,"parent":323,"menu_order":0,"comment_status":"closed","ping_status":"closed","template":"","meta":{"inline_featured_image":false,"ngg_post_thumbnail":0,"footnotes":""},"class_list":["post-460","page","type-page","status-publish","hentry"],"acf":[],"yoast_head":"<!-- This site is optimized with the Yoast SEO plugin v26.4 - https:\/\/yoast.com\/wordpress\/plugins\/seo\/ -->\n<title>Obliczenia r\u00f3wnoleg\u0142e - slajdy z wyk\u0142adu - Strony pracownik\u00f3w Wydzia\u0142u Informatyki Politechniki Bia\u0142ostockiej<\/title>\n<meta name=\"robots\" content=\"index, follow, max-snippet:-1, max-image-preview:large, max-video-preview:-1\" \/>\n<link rel=\"canonical\" href=\"https:\/\/wi.pb.edu.pl\/p\/wojciech-kwedlo\/dydaktyka\/obliczenia-rownolegle-slajdy-z-wykladu\/\" \/>\n<meta property=\"og:locale\" content=\"pl_PL\" \/>\n<meta property=\"og:type\" content=\"article\" \/>\n<meta property=\"og:title\" content=\"Obliczenia r\u00f3wnoleg\u0142e - slajdy z wyk\u0142adu - Strony pracownik\u00f3w Wydzia\u0142u Informatyki Politechniki Bia\u0142ostockiej\" \/>\n<meta property=\"og:description\" content=\"Wyk\u0142ad 1 (wprowadzenie) Wyk\u0142ad 2&nbsp;(programowanie przy pomocy MPI) Wyk\u0142ad 3&nbsp;(przyk\u0142ad MPI \u2013 zbi\u00f3r Mandelbrota) i&nbsp;programwi\u0119cej\" \/>\n<meta property=\"og:url\" content=\"https:\/\/wi.pb.edu.pl\/p\/wojciech-kwedlo\/dydaktyka\/obliczenia-rownolegle-slajdy-z-wykladu\/\" \/>\n<meta property=\"og:site_name\" content=\"Strony pracownik\u00f3w Wydzia\u0142u Informatyki Politechniki Bia\u0142ostockiej\" \/>\n<meta property=\"article:modified_time\" content=\"2024-07-18T09:59:44+00:00\" \/>\n<meta name=\"twitter:card\" content=\"summary_large_image\" \/>\n<meta name=\"twitter:label1\" content=\"Szacowany czas czytania\" \/>\n\t<meta name=\"twitter:data1\" content=\"1 minuta\" \/>\n<script type=\"application\/ld+json\" class=\"yoast-schema-graph\">{\"@context\":\"https:\/\/schema.org\",\"@graph\":[{\"@type\":\"WebPage\",\"@id\":\"https:\/\/wi.pb.edu.pl\/p\/wojciech-kwedlo\/dydaktyka\/obliczenia-rownolegle-slajdy-z-wykladu\/\",\"url\":\"https:\/\/wi.pb.edu.pl\/p\/wojciech-kwedlo\/dydaktyka\/obliczenia-rownolegle-slajdy-z-wykladu\/\",\"name\":\"Obliczenia r\u00f3wnoleg\u0142e - slajdy z wyk\u0142adu - Strony pracownik\u00f3w Wydzia\u0142u Informatyki Politechniki Bia\u0142ostockiej\",\"isPartOf\":{\"@id\":\"https:\/\/wi.pb.edu.pl\/p\/#website\"},\"datePublished\":\"2024-07-18T09:59:19+00:00\",\"dateModified\":\"2024-07-18T09:59:44+00:00\",\"breadcrumb\":{\"@id\":\"https:\/\/wi.pb.edu.pl\/p\/wojciech-kwedlo\/dydaktyka\/obliczenia-rownolegle-slajdy-z-wykladu\/#breadcrumb\"},\"inLanguage\":\"pl-PL\",\"potentialAction\":[{\"@type\":\"ReadAction\",\"target\":[\"https:\/\/wi.pb.edu.pl\/p\/wojciech-kwedlo\/dydaktyka\/obliczenia-rownolegle-slajdy-z-wykladu\/\"]}]},{\"@type\":\"BreadcrumbList\",\"@id\":\"https:\/\/wi.pb.edu.pl\/p\/wojciech-kwedlo\/dydaktyka\/obliczenia-rownolegle-slajdy-z-wykladu\/#breadcrumb\",\"itemListElement\":[{\"@type\":\"ListItem\",\"position\":1,\"name\":\"Strona g\u0142\u00f3wna\",\"item\":\"https:\/\/wi.pb.edu.pl\/p\/\"},{\"@type\":\"ListItem\",\"position\":2,\"name\":\"dr hab. in\u017c. Wojciech Kwedlo\",\"item\":\"https:\/\/wi.pb.edu.pl\/p\/wojciech-kwedlo\/\"},{\"@type\":\"ListItem\",\"position\":3,\"name\":\"Dydaktyka\",\"item\":\"https:\/\/wi.pb.edu.pl\/p\/wojciech-kwedlo\/dydaktyka\/\"},{\"@type\":\"ListItem\",\"position\":4,\"name\":\"Obliczenia r\u00f3wnoleg\u0142e &#8211; slajdy z wyk\u0142adu\"}]},{\"@type\":\"WebSite\",\"@id\":\"https:\/\/wi.pb.edu.pl\/p\/#website\",\"url\":\"https:\/\/wi.pb.edu.pl\/p\/\",\"name\":\"Strony pracownik\u00f3w Wydzia\u0142u Informatyki Politechniki Bia\u0142ostockiej\",\"description\":\"\",\"potentialAction\":[{\"@type\":\"SearchAction\",\"target\":{\"@type\":\"EntryPoint\",\"urlTemplate\":\"https:\/\/wi.pb.edu.pl\/p\/?s={search_term_string}\"},\"query-input\":{\"@type\":\"PropertyValueSpecification\",\"valueRequired\":true,\"valueName\":\"search_term_string\"}}],\"inLanguage\":\"pl-PL\"}]}<\/script>\n<!-- \/ Yoast SEO plugin. -->","yoast_head_json":{"title":"Obliczenia r\u00f3wnoleg\u0142e - slajdy z wyk\u0142adu - Strony pracownik\u00f3w Wydzia\u0142u Informatyki Politechniki Bia\u0142ostockiej","robots":{"index":"index","follow":"follow","max-snippet":"max-snippet:-1","max-image-preview":"max-image-preview:large","max-video-preview":"max-video-preview:-1"},"canonical":"https:\/\/wi.pb.edu.pl\/p\/wojciech-kwedlo\/dydaktyka\/obliczenia-rownolegle-slajdy-z-wykladu\/","og_locale":"pl_PL","og_type":"article","og_title":"Obliczenia r\u00f3wnoleg\u0142e - slajdy z wyk\u0142adu - Strony pracownik\u00f3w Wydzia\u0142u Informatyki Politechniki Bia\u0142ostockiej","og_description":"Wyk\u0142ad 1 (wprowadzenie) Wyk\u0142ad 2&nbsp;(programowanie przy pomocy MPI) Wyk\u0142ad 3&nbsp;(przyk\u0142ad MPI \u2013 zbi\u00f3r Mandelbrota) i&nbsp;programwi\u0119cej","og_url":"https:\/\/wi.pb.edu.pl\/p\/wojciech-kwedlo\/dydaktyka\/obliczenia-rownolegle-slajdy-z-wykladu\/","og_site_name":"Strony pracownik\u00f3w Wydzia\u0142u Informatyki Politechniki Bia\u0142ostockiej","article_modified_time":"2024-07-18T09:59:44+00:00","twitter_card":"summary_large_image","twitter_misc":{"Szacowany czas czytania":"1 minuta"},"schema":{"@context":"https:\/\/schema.org","@graph":[{"@type":"WebPage","@id":"https:\/\/wi.pb.edu.pl\/p\/wojciech-kwedlo\/dydaktyka\/obliczenia-rownolegle-slajdy-z-wykladu\/","url":"https:\/\/wi.pb.edu.pl\/p\/wojciech-kwedlo\/dydaktyka\/obliczenia-rownolegle-slajdy-z-wykladu\/","name":"Obliczenia r\u00f3wnoleg\u0142e - slajdy z wyk\u0142adu - Strony pracownik\u00f3w Wydzia\u0142u Informatyki Politechniki Bia\u0142ostockiej","isPartOf":{"@id":"https:\/\/wi.pb.edu.pl\/p\/#website"},"datePublished":"2024-07-18T09:59:19+00:00","dateModified":"2024-07-18T09:59:44+00:00","breadcrumb":{"@id":"https:\/\/wi.pb.edu.pl\/p\/wojciech-kwedlo\/dydaktyka\/obliczenia-rownolegle-slajdy-z-wykladu\/#breadcrumb"},"inLanguage":"pl-PL","potentialAction":[{"@type":"ReadAction","target":["https:\/\/wi.pb.edu.pl\/p\/wojciech-kwedlo\/dydaktyka\/obliczenia-rownolegle-slajdy-z-wykladu\/"]}]},{"@type":"BreadcrumbList","@id":"https:\/\/wi.pb.edu.pl\/p\/wojciech-kwedlo\/dydaktyka\/obliczenia-rownolegle-slajdy-z-wykladu\/#breadcrumb","itemListElement":[{"@type":"ListItem","position":1,"name":"Strona g\u0142\u00f3wna","item":"https:\/\/wi.pb.edu.pl\/p\/"},{"@type":"ListItem","position":2,"name":"dr hab. in\u017c. Wojciech Kwedlo","item":"https:\/\/wi.pb.edu.pl\/p\/wojciech-kwedlo\/"},{"@type":"ListItem","position":3,"name":"Dydaktyka","item":"https:\/\/wi.pb.edu.pl\/p\/wojciech-kwedlo\/dydaktyka\/"},{"@type":"ListItem","position":4,"name":"Obliczenia r\u00f3wnoleg\u0142e &#8211; slajdy z wyk\u0142adu"}]},{"@type":"WebSite","@id":"https:\/\/wi.pb.edu.pl\/p\/#website","url":"https:\/\/wi.pb.edu.pl\/p\/","name":"Strony pracownik\u00f3w Wydzia\u0142u Informatyki Politechniki Bia\u0142ostockiej","description":"","potentialAction":[{"@type":"SearchAction","target":{"@type":"EntryPoint","urlTemplate":"https:\/\/wi.pb.edu.pl\/p\/?s={search_term_string}"},"query-input":{"@type":"PropertyValueSpecification","valueRequired":true,"valueName":"search_term_string"}}],"inLanguage":"pl-PL"}]}},"_links":{"self":[{"href":"https:\/\/wi.pb.edu.pl\/p\/wp-json\/wp\/v2\/pages\/460","targetHints":{"allow":["GET"]}}],"collection":[{"href":"https:\/\/wi.pb.edu.pl\/p\/wp-json\/wp\/v2\/pages"}],"about":[{"href":"https:\/\/wi.pb.edu.pl\/p\/wp-json\/wp\/v2\/types\/page"}],"author":[{"embeddable":true,"href":"https:\/\/wi.pb.edu.pl\/p\/wp-json\/wp\/v2\/users\/14"}],"replies":[{"embeddable":true,"href":"https:\/\/wi.pb.edu.pl\/p\/wp-json\/wp\/v2\/comments?post=460"}],"version-history":[{"count":2,"href":"https:\/\/wi.pb.edu.pl\/p\/wp-json\/wp\/v2\/pages\/460\/revisions"}],"predecessor-version":[{"id":462,"href":"https:\/\/wi.pb.edu.pl\/p\/wp-json\/wp\/v2\/pages\/460\/revisions\/462"}],"up":[{"embeddable":true,"href":"https:\/\/wi.pb.edu.pl\/p\/wp-json\/wp\/v2\/pages\/323"}],"wp:attachment":[{"href":"https:\/\/wi.pb.edu.pl\/p\/wp-json\/wp\/v2\/media?parent=460"}],"curies":[{"name":"wp","href":"https:\/\/api.w.org\/{rel}","templated":true}]}}